{"id":1715,"date":"2025-06-17T09:44:51","date_gmt":"2025-06-17T09:44:51","guid":{"rendered":"https:\/\/chemsfine.com\/?post_type=product&#038;p=1715"},"modified":"2026-03-25T15:16:23","modified_gmt":"2026-03-25T15:16:23","slug":"comprar-zolpidem-ambien-polvo","status":"publish","type":"product","link":"https:\/\/chemsfine.com\/es\/product\/buy-zolpidem-ambien-powder\/","title":{"rendered":"Comprar Zolpidem (Ambien) Polvo | Alta Pureza En Venta"},"content":{"rendered":"<h2><b>\u00bfQu\u00e9 es Zolpidem (Ambien) en polvo?<\/b><\/h2>\n<p><b>Zolpidem (Ambien) en polvo<\/b> es un compuesto farmac\u00e9utico de primera calidad utilizado principalmente para el tratamiento del insomnio y otros trastornos relacionados con el sue\u00f1o. Como miembro de la clase de f\u00e1rmacos sedantes-hipn\u00f3ticos, funciona potenciando la actividad de los receptores del \u00e1cido gamma-aminobut\u00edrico (GABA) en el cerebro, lo que promueve eficazmente la relajaci\u00f3n e induce el sue\u00f1o. Disponible en forma de polvo puro adecuado para fines de investigaci\u00f3n y formulaci\u00f3n, el polvo de zolpidem es muy apreciado por sus propiedades de acci\u00f3n r\u00e1pida y su eficacia para mejorar el inicio y la calidad general del sue\u00f1o. Esto lo convierte en un material esencial para la investigaci\u00f3n cient\u00edfica.<a href=\"https:\/\/streetfarma.com\/product\/3-fpm-crystals\/\">.<\/a><\/p>\n<p>Si desea <b>comprar Zolpidem (Ambien) polvo online<\/b>, ha encontrado la fuente definitiva. Nuestra alta calidad <b>Zolpidem (Ambien) en polvo en venta<\/b> se somete a rigurosas pruebas de pureza y se obtiene de fabricantes de confianza para garantizar una seguridad y consistencia excepcionales. Tanto si desea <b>order Zolpidem (Ambien) powder online<\/b> para investigaci\u00f3n avanzada o formulaci\u00f3n farmac\u00e9utica, ofrecemos precios competitivos, envasado discreto y env\u00edo r\u00e1pido a todo el mundo. En chemsfine, somos la <b>mejor lugar para comprar Zolpidem (Ambien) en polvo online<\/b>, para que sea m\u00e1s f\u00e1cil <b>comprar Zolpidem (Ambien) polvo en linea<\/b> con total confianza y comodidad<a href=\"https:\/\/chemsfine.com\/es\/producto\/comprar-lorazepam-ativan-polvo-online\/\">.<\/a><\/p>\n<h3><b>\u00bfPor qu\u00e9 comprar Zolpidem (Ambien) en polvo online?<\/b><\/h3>\n<p>Cuando usted decide comprar Zolpidem (Ambien) en polvo en l\u00ednea de nosotros, usted tiene acceso a la prima de grado, la pureza probada compuestos procedentes directamente de los fabricantes de renombre. Ofrecemos precios competitivos, opciones de pago seguras y un env\u00edo r\u00e1pido y discreto a todo el mundo. Adem\u00e1s, nuestro dedicado equipo de atenci\u00f3n al cliente garantiza una experiencia de compra profesional y sin problemas, lo que nos convierte en la mejor opci\u00f3n para comprar Ambien. <b>mejor lugar para comprar Zolpidem (Ambien) en polvo online<\/b> para profesionales de la investigaci\u00f3n y laboratorios de confianza de todo el mundo.<\/p>\n<h3><b>Estructura qu\u00edmica y or\u00edgenes<\/b><\/h3>\n<p>El zolpidem pertenece a la clase de compuestos qu\u00edmicos de las imidazopiridinas y se desarroll\u00f3 originalmente como una alternativa m\u00e1s segura a las benzodiacepinas tradicionales para el tratamiento del insomnio. Su estructura qu\u00edmica \u00fanica le permite unirse selectivamente a los receptores GABA-A. Este mecanismo potencia la neurotransmisi\u00f3n inhibitoria y favorece la sedaci\u00f3n con una relajaci\u00f3n muscular o unos efectos secundarios ansiol\u00edticos m\u00ednimos, lo que la convierte en un tema de gran inter\u00e9s en los estudios neurol\u00f3gicos.<\/p>\n<h3><b>Usos de Zolpidem (Ambien) en polvo<\/b><\/h3>\n<p>El Zolpidem en polvo disponible a la venta se utiliza ampliamente en investigaci\u00f3n por sus importantes efectos cognitivos y neurol\u00f3gicos. Las aplicaciones comunes incluyen:<\/p>\n<ul>\n<li>Estudios de estimulaci\u00f3n cognitiva y regulaci\u00f3n del sue\u00f1o<\/li>\n<li>Mejora de la concentraci\u00f3n en entornos experimentales controlados<\/li>\n<li>Desarrollo y ensayo de f\u00e1rmacos para conciliar el sue\u00f1o<\/li>\n<li>Investigaciones sobre la modulaci\u00f3n de la energ\u00eda y el estado de alerta<\/li>\n<\/ul>\n<h3><b>Ventajas de comprar zolpidem (Ambien) en polvo en l\u00ednea<\/b><\/h3>\n<p>Adquirir el material de investigaci\u00f3n a un proveedor en l\u00ednea de confianza ofrece numerosas ventajas:<\/p>\n<ul>\n<li>Acceso a Zolpidem en polvo de gran pureza certificado por laboratorio<\/li>\n<li>Precios competitivos y transparentes con opciones de compra al por mayor<\/li>\n<li>Env\u00edos discretos, r\u00e1pidos y fiables a todo el mundo<\/li>\n<li>C\u00f3modo pedido en l\u00ednea desde la comodidad de su casa o laboratorio<\/li>\n<\/ul>\n<h3><b>C\u00f3mo elegir un proveedor fiable de zolpidem (Ambien) en polvo<\/b><\/h3>\n<p>Para garantizar la seguridad absoluta y la integridad del producto, es crucial comprar siempre Zolpidem en polvo a vendedores que de forma constante:<\/p>\n<ul>\n<li>Proporcionar pruebas de laboratorio de terceros y certificados de an\u00e1lisis (COA)<\/li>\n<li>Mantener pol\u00edticas de env\u00edo y devoluci\u00f3n claras y justas<\/li>\n<li>Ofrecer pasarelas de pago seguras para proteger sus datos personales<\/li>\n<li>Ofrecer un excelente servicio de atenci\u00f3n al cliente y una asistencia t\u00e9cnica reactiva<\/li>\n<\/ul>\n<h3><b>Pruebas de laboratorio<\/b><\/h3>\n<p>Garantizamos la pureza de nuestros <b>Zolpidem (Ambien) en polvo<\/b> a trav\u00e9s de rigurosas pruebas de laboratorio realizadas por terceros para confirmar su identidad y la ausencia de contaminantes. Cada lote se verifica meticulosamente con un certificado de an\u00e1lisis para garantizar que cumple las normas de investigaci\u00f3n m\u00e1s estrictas posibles.<\/p>\n<h3><b>Env\u00edos fiables<\/b><\/h3>\n<p>Damos prioridad a su privacidad y comodidad proporcionando un embalaje discreto y seguro y un env\u00edo fiable con opciones de seguimiento. Este compromiso garantiza que su pedido de Zolpidem en polvo llegue siempre de forma segura y puntual.<\/p>\n<h3><b>Pagos seguros<\/b><\/h3>\n<p>Nuestra plataforma admite transacciones cifradas y seguras con m\u00faltiples opciones de pago. Esta seguridad se aplica para mantener protegida su informaci\u00f3n personal y financiera durante todo el proceso de pedido, ofreci\u00e9ndole tranquilidad.<\/p>\n<h3><b>Conclusi\u00f3n y recomendaci\u00f3n final<\/b><\/h3>\n<p>El polvo de zolpidem (Ambien) es un compuesto esencial para cualquier investigaci\u00f3n centrada en los trastornos del sue\u00f1o, los efectos cognitivos y los estudios neurol\u00f3gicos avanzados. Comprar <b>Zolpidem (Ambien) polvo online<\/b> de un proveedor de confianza como chemsfine garantiza la calidad superior del producto, la seguridad y una entrega fiable. Elija nuestra tienda para obtener precios competitivos, pureza certificada y un excelente servicio de atenci\u00f3n al cliente. Haga hoy mismo su pedido en <b>mejor lugar para comprar Zolpidem (Ambien) en polvo online<\/b> y mejore su capacidad de investigaci\u00f3n con confianza.<\/p>","protected":false},"excerpt":{"rendered":"<p>Compre Zolpidem (Ambien) en polvo de alta calidad para sus necesidades de investigaci\u00f3n. Este sedante-hipn\u00f3tico de alta pureza, probado en laboratorio, es ideal para estudios sobre la regulaci\u00f3n del sue\u00f1o y los efectos cognitivos. Como proveedor l\u00edder, chemsfine ofrece Zolpidem en polvo aut\u00e9ntico para investigaci\u00f3n con un env\u00edo seguro y discreto. Haga su pedido a una fuente de confianza para garantizar la integridad de su trabajo.<\/p>","protected":false},"featured_media":2219,"comment_status":"closed","ping_status":"closed","template":"","meta":{"_joinchat":[]},"product_brand":[],"product_cat":[434],"product_tag":[],"class_list":{"0":"post-1715","1":"product","2":"type-product","3":"status-publish","4":"has-post-thumbnail","6":"product_cat-benzodiazepine-analogs","8":"first","9":"instock","10":"shipping-taxable","11":"purchasable","12":"product-type-variable"},"yoast_head":"<!-- This site is optimized with the Yoast SEO plugin v27.2 - https:\/\/yoast.com\/product\/yoast-seo-wordpress\/ -->\n<title>Buy Zolpidem (Ambien) Powder Online | Best Price Available<\/title>\n<meta name=\"description\" content=\"Order top-quality Zolpidem (Ambien) powder for sale. We offer high-purity, lab-tested Zolpidem with fast, discreet shipping. Buy now from a trusted supplier.\" \/>\n<meta name=\"robots\" content=\"index, follow, max-snippet:-1, max-image-preview:large, max-video-preview:-1\" \/>\n<link rel=\"canonical\" href=\"https:\/\/chemsfine.com\/es\/producto\/comprar-zolpidem-ambien-polvo\/\" \/>\n<meta property=\"og:locale\" content=\"es_ES\" \/>\n<meta property=\"og:type\" content=\"article\" \/>\n<meta property=\"og:title\" content=\"Buy Zolpidem (Ambien) Powder Online | Best Price Available\" \/>\n<meta property=\"og:description\" content=\"Order top-quality Zolpidem (Ambien) powder for sale. We offer high-purity, lab-tested Zolpidem with fast, discreet shipping. Buy now from a trusted supplier.\" \/>\n<meta property=\"og:url\" content=\"https:\/\/chemsfine.com\/es\/producto\/comprar-zolpidem-ambien-polvo\/\" \/>\n<meta property=\"og:site_name\" content=\"Chemsfine\" \/>\n<meta property=\"article:modified_time\" content=\"2026-03-25T15:16:23+00:00\" \/>\n<meta property=\"og:image\" content=\"https:\/\/chemsfine.com\/wp-content\/uploads\/2025\/06\/Zolpidem-Ambien-Powder.jpg\" \/>\n\t<meta property=\"og:image:width\" content=\"600\" \/>\n\t<meta property=\"og:image:height\" content=\"600\" \/>\n\t<meta property=\"og:image:type\" content=\"image\/jpeg\" \/>\n<meta name=\"twitter:card\" content=\"summary_large_image\" \/>\n<meta name=\"twitter:label1\" content=\"Tiempo de lectura\" \/>\n\t<meta name=\"twitter:data1\" content=\"4 minutos\" \/>\n<script type=\"application\/ld+json\" class=\"yoast-schema-graph\">{\"@context\":\"https:\/\/schema.org\",\"@graph\":[{\"@type\":\"WebPage\",\"@id\":\"https:\/\/chemsfine.com\/product\/buy-zolpidem-ambien-powder\/\",\"url\":\"https:\/\/chemsfine.com\/product\/buy-zolpidem-ambien-powder\/\",\"name\":\"Buy Zolpidem (Ambien) Powder Online | Best Price Available\",\"isPartOf\":{\"@id\":\"https:\/\/chemsfine.com\/#website\"},\"primaryImageOfPage\":{\"@id\":\"https:\/\/chemsfine.com\/product\/buy-zolpidem-ambien-powder\/#primaryimage\"},\"image\":{\"@id\":\"https:\/\/chemsfine.com\/product\/buy-zolpidem-ambien-powder\/#primaryimage\"},\"thumbnailUrl\":\"https:\/\/chemsfine.com\/wp-content\/uploads\/2025\/06\/Zolpidem-Ambien-Powder.jpg\",\"datePublished\":\"2025-06-17T09:44:51+00:00\",\"dateModified\":\"2026-03-25T15:16:23+00:00\",\"description\":\"Order top-quality Zolpidem (Ambien) powder for sale. We offer high-purity, lab-tested Zolpidem with fast, discreet shipping. Buy now from a trusted supplier.\",\"breadcrumb\":{\"@id\":\"https:\/\/chemsfine.com\/product\/buy-zolpidem-ambien-powder\/#breadcrumb\"},\"inLanguage\":\"es\",\"potentialAction\":[{\"@type\":\"ReadAction\",\"target\":[\"https:\/\/chemsfine.com\/product\/buy-zolpidem-ambien-powder\/\"]}]},{\"@type\":\"ImageObject\",\"inLanguage\":\"es\",\"@id\":\"https:\/\/chemsfine.com\/product\/buy-zolpidem-ambien-powder\/#primaryimage\",\"url\":\"https:\/\/chemsfine.com\/wp-content\/uploads\/2025\/06\/Zolpidem-Ambien-Powder.jpg\",\"contentUrl\":\"https:\/\/chemsfine.com\/wp-content\/uploads\/2025\/06\/Zolpidem-Ambien-Powder.jpg\",\"width\":600,\"height\":600,\"caption\":\"Zolpidem-(Ambien)-Powder\"},{\"@type\":\"BreadcrumbList\",\"@id\":\"https:\/\/chemsfine.com\/product\/buy-zolpidem-ambien-powder\/#breadcrumb\",\"itemListElement\":[{\"@type\":\"ListItem\",\"position\":1,\"name\":\"Home\",\"item\":\"https:\/\/chemsfine.com\/\"},{\"@type\":\"ListItem\",\"position\":2,\"name\":\"Shop\",\"item\":\"https:\/\/chemsfine.com\/shop\/\"},{\"@type\":\"ListItem\",\"position\":3,\"name\":\"Buy Zolpidem (Ambien) Powder | High-Purity For Sale\"}]},{\"@type\":\"WebSite\",\"@id\":\"https:\/\/chemsfine.com\/#website\",\"url\":\"https:\/\/chemsfine.com\/\",\"name\":\"Chemsfine\",\"description\":\"My WordPress Blog\",\"publisher\":{\"@id\":\"https:\/\/chemsfine.com\/#organization\"},\"potentialAction\":[{\"@type\":\"SearchAction\",\"target\":{\"@type\":\"EntryPoint\",\"urlTemplate\":\"https:\/\/chemsfine.com\/?s={search_term_string}\"},\"query-input\":{\"@type\":\"PropertyValueSpecification\",\"valueRequired\":true,\"valueName\":\"search_term_string\"}}],\"inLanguage\":\"es\"},{\"@type\":\"Organization\",\"@id\":\"https:\/\/chemsfine.com\/#organization\",\"name\":\"Chemsfine\",\"url\":\"https:\/\/chemsfine.com\/\",\"logo\":{\"@type\":\"ImageObject\",\"inLanguage\":\"es\",\"@id\":\"https:\/\/chemsfine.com\/#\/schema\/logo\/image\/\",\"url\":\"https:\/\/chemsfine.com\/wp-content\/uploads\/2024\/09\/final-logo.png\",\"contentUrl\":\"https:\/\/chemsfine.com\/wp-content\/uploads\/2024\/09\/final-logo.png\",\"width\":340,\"height\":72,\"caption\":\"Chemsfine\"},\"image\":{\"@id\":\"https:\/\/chemsfine.com\/#\/schema\/logo\/image\/\"}}]}<\/script>\n<!-- \/ Yoast SEO plugin. -->","yoast_head_json":{"title":"Comprar Zolpidem (Ambien) Polvo Online | Mejor Precio Disponible","description":"Pedir Zolpidem (Ambien) en polvo de alta calidad para la venta. Ofrecemos alta pureza, Zolpidem probado en laboratorio con env\u00edo r\u00e1pido y discreto. Compre ahora de un proveedor de confianza.","robots":{"index":"index","follow":"follow","max-snippet":"max-snippet:-1","max-image-preview":"max-image-preview:large","max-video-preview":"max-video-preview:-1"},"canonical":"https:\/\/chemsfine.com\/es\/producto\/comprar-zolpidem-ambien-polvo\/","og_locale":"es_ES","og_type":"article","og_title":"Buy Zolpidem (Ambien) Powder Online | Best Price Available","og_description":"Order top-quality Zolpidem (Ambien) powder for sale. We offer high-purity, lab-tested Zolpidem with fast, discreet shipping. Buy now from a trusted supplier.","og_url":"https:\/\/chemsfine.com\/es\/producto\/comprar-zolpidem-ambien-polvo\/","og_site_name":"Chemsfine","article_modified_time":"2026-03-25T15:16:23+00:00","og_image":[{"width":600,"height":600,"url":"https:\/\/chemsfine.com\/wp-content\/uploads\/2025\/06\/Zolpidem-Ambien-Powder.jpg","type":"image\/jpeg"}],"twitter_card":"summary_large_image","twitter_misc":{"Tiempo de lectura":"4 minutos"},"schema":{"@context":"https:\/\/schema.org","@graph":[{"@type":"WebPage","@id":"https:\/\/chemsfine.com\/product\/buy-zolpidem-ambien-powder\/","url":"https:\/\/chemsfine.com\/product\/buy-zolpidem-ambien-powder\/","name":"Comprar Zolpidem (Ambien) Polvo Online | Mejor Precio Disponible","isPartOf":{"@id":"https:\/\/chemsfine.com\/#website"},"primaryImageOfPage":{"@id":"https:\/\/chemsfine.com\/product\/buy-zolpidem-ambien-powder\/#primaryimage"},"image":{"@id":"https:\/\/chemsfine.com\/product\/buy-zolpidem-ambien-powder\/#primaryimage"},"thumbnailUrl":"https:\/\/chemsfine.com\/wp-content\/uploads\/2025\/06\/Zolpidem-Ambien-Powder.jpg","datePublished":"2025-06-17T09:44:51+00:00","dateModified":"2026-03-25T15:16:23+00:00","description":"Pedir Zolpidem (Ambien) en polvo de alta calidad para la venta. Ofrecemos alta pureza, Zolpidem probado en laboratorio con env\u00edo r\u00e1pido y discreto. Compre ahora de un proveedor de confianza.","breadcrumb":{"@id":"https:\/\/chemsfine.com\/product\/buy-zolpidem-ambien-powder\/#breadcrumb"},"inLanguage":"es","potentialAction":[{"@type":"ReadAction","target":["https:\/\/chemsfine.com\/product\/buy-zolpidem-ambien-powder\/"]}]},{"@type":"ImageObject","inLanguage":"es","@id":"https:\/\/chemsfine.com\/product\/buy-zolpidem-ambien-powder\/#primaryimage","url":"https:\/\/chemsfine.com\/wp-content\/uploads\/2025\/06\/Zolpidem-Ambien-Powder.jpg","contentUrl":"https:\/\/chemsfine.com\/wp-content\/uploads\/2025\/06\/Zolpidem-Ambien-Powder.jpg","width":600,"height":600,"caption":"Zolpidem-(Ambien)-Powder"},{"@type":"BreadcrumbList","@id":"https:\/\/chemsfine.com\/product\/buy-zolpidem-ambien-powder\/#breadcrumb","itemListElement":[{"@type":"ListItem","position":1,"name":"Home","item":"https:\/\/chemsfine.com\/"},{"@type":"ListItem","position":2,"name":"Shop","item":"https:\/\/chemsfine.com\/shop\/"},{"@type":"ListItem","position":3,"name":"Buy Zolpidem (Ambien) Powder | High-Purity For Sale"}]},{"@type":"WebSite","@id":"https:\/\/chemsfine.com\/#website","url":"https:\/\/chemsfine.com\/","name":"Chemsfine","description":"Mi blog de WordPress","publisher":{"@id":"https:\/\/chemsfine.com\/#organization"},"potentialAction":[{"@type":"SearchAction","target":{"@type":"EntryPoint","urlTemplate":"https:\/\/chemsfine.com\/?s={search_term_string}"},"query-input":{"@type":"PropertyValueSpecification","valueRequired":true,"valueName":"search_term_string"}}],"inLanguage":"es"},{"@type":"Organization","@id":"https:\/\/chemsfine.com\/#organization","name":"Chemsfine","url":"https:\/\/chemsfine.com\/","logo":{"@type":"ImageObject","inLanguage":"es","@id":"https:\/\/chemsfine.com\/#\/schema\/logo\/image\/","url":"https:\/\/chemsfine.com\/wp-content\/uploads\/2024\/09\/final-logo.png","contentUrl":"https:\/\/chemsfine.com\/wp-content\/uploads\/2024\/09\/final-logo.png","width":340,"height":72,"caption":"Chemsfine"},"image":{"@id":"https:\/\/chemsfine.com\/#\/schema\/logo\/image\/"}}]}},"_links":{"self":[{"href":"https:\/\/chemsfine.com\/es\/wp-json\/wp\/v2\/product\/1715","targetHints":{"allow":["GET"]}}],"collection":[{"href":"https:\/\/chemsfine.com\/es\/wp-json\/wp\/v2\/product"}],"about":[{"href":"https:\/\/chemsfine.com\/es\/wp-json\/wp\/v2\/types\/product"}],"replies":[{"embeddable":true,"href":"https:\/\/chemsfine.com\/es\/wp-json\/wp\/v2\/comments?post=1715"}],"wp:featuredmedia":[{"embeddable":true,"href":"https:\/\/chemsfine.com\/es\/wp-json\/wp\/v2\/media\/2219"}],"wp:attachment":[{"href":"https:\/\/chemsfine.com\/es\/wp-json\/wp\/v2\/media?parent=1715"}],"wp:term":[{"taxonomy":"product_brand","embeddable":true,"href":"https:\/\/chemsfine.com\/es\/wp-json\/wp\/v2\/product_brand?post=1715"},{"taxonomy":"product_cat","embeddable":true,"href":"https:\/\/chemsfine.com\/es\/wp-json\/wp\/v2\/product_cat?post=1715"},{"taxonomy":"product_tag","embeddable":true,"href":"https:\/\/chemsfine.com\/es\/wp-json\/wp\/v2\/product_tag?post=1715"}],"curies":[{"name":"wp","href":"https:\/\/api.w.org\/{rel}","templated":true}]}}