{"id":5789,"date":"2026-02-12T09:51:23","date_gmt":"2026-02-12T09:51:23","guid":{"rendered":"https:\/\/chemsfine.com\/?post_type=product&#038;p=5789"},"modified":"2026-03-25T14:03:52","modified_gmt":"2026-03-25T14:03:52","slug":"buy-bolivian-cocaine","status":"publish","type":"product","link":"https:\/\/chemsfine.com\/es\/product\/buy-bolivian-cocaine\/","title":{"rendered":"Comprar Coca\u00edna Boliviana - 99% Coca\u00edna Pura Online"},"content":{"rendered":"<p>Bienvenido a Chemsfine, su fuente definitiva para <b>Comprar coca\u00edna boliviana en venta<\/b>. Ofrecemos 99% coca\u00edna pura, meticulosamente obtenido y probado para una calidad sin igual. Nuestro <a href=\"https:\/\/chemsfine.com\/es\/acerca-de-nosotros\/\">compromiso con la excelencia<\/a> nos convierte en un proveedor l\u00edder de sustancias de primera calidad. Cuando usted <b>comprar esta sustancia pura<\/b> con nosotros, usted elige un socio dedicado a la pureza y la fiabilidad. Nuestra reputaci\u00f3n como <b>mejor tienda de coca\u00edna<\/b> se basa en la entrega constante de productos de alta calidad, garantizando un proceso de adquisici\u00f3n seguro. Damos prioridad a un servicio discreto y eficiente en este mercado especializado.<\/p>\n<h2>\u00bfQu\u00e9 es la coca\u00edna boliviana?<\/h2>\n<p><b>Coca\u00edna boliviana<\/b>, de Chemsfine, representa una clase de producto superior, definida por su alta pureza y calidad constante. A diferencia de las ofertas t\u00edpicas del mercado de pureza 92% o 94%, nuestro <b>Coca\u00edna pura de primera calidad<\/b> alcanza un impresionante 99%. La denominaci\u00f3n \u201cboliviano\u201d suele implicar un origen y una reputaci\u00f3n de elaboraci\u00f3n espec\u00edficos, lo que realza el car\u00e1cter de este producto. Sirve a clientes exigentes que dan prioridad a una calidad excepcional. Como proveedores especializados en coca\u00edna, Chemsfine garantiza que cada lote cumpla este elevado est\u00e1ndar. Ofrecemos una gama completa, con coca\u00edna de pureza 99% a la venta, para clientes que buscan fiabilidad y excelencia. Nuestra dedicaci\u00f3n a la integridad y la calidad nos diferencia, fomentando la confianza a trav\u00e9s de ofertas consistentes y de calidad superior.<\/p>\n<h2>\u00bfPor qu\u00e9 comprar este producto online en Chemsfine?<\/h2>\n<p>Elegir Chemsfine para su <b>coca\u00edna pura online<\/b> la contrataci\u00f3n significa optar por una plataforma consolidada y de confianza. Somos una <b>Aut\u00e9ntico traficante de coca\u00edna<\/b>, garantizando que todos los productos, incluida nuestra coca\u00edna pura 99%, sean aut\u00e9nticos. Nuestro objetivo es ofrecerle una experiencia de compra segura y sin complicaciones. Cuando busque <b>comprar coque de gran pureza en l\u00ednea<\/b>, lo encontrar\u00e1 en stock en el <b>mejor precio<\/b>, con ventajas a\u00f1adidas. Ofrecemos <b>env\u00edo gratuito<\/b> en todos los pedidos y <b>descuentos especiales en <a href=\"https:\/\/chemsfine.com\/es\/bulk-orders\/\">compras al por mayor<\/a><\/b>. Este compromiso de precios competitivos garantiza un valor excelente sin comprometer la calidad. En Chemsfine, encontrar y adquirir el <b>La mejor coca\u00edna pura disponible<\/b> se simplifica y recibe asistencia profesional. Combinamos productos de alta calidad con un servicio inigualable, lo que afirma nuestro liderazgo como proveedor en l\u00ednea.<\/p>\n<h2>V\u00edas comerciales y distribuci\u00f3n<\/h2>\n<p>Chemsfine es un eslab\u00f3n fundamental en la cadena de suministro de este producto especializado. Facilitamos transacciones a varios niveles comerciales, apoyando a una diversa red de clientes. Por lo tanto, <b>Comprar coca\u00edna en l\u00ednea Disponible para la venta<\/b> de Chemsfine significa comprometerse con una entidad vers\u00e1til: un <b>Proveedor, fabricante, mayorista, exportador, minorista y distribuidor<\/b>. Esta capacidad integral se adapta a necesidades espec\u00edficas, desde la adquisici\u00f3n personal hasta vol\u00famenes considerables para una distribuci\u00f3n m\u00e1s amplia. Nuestra s\u00f3lida infraestructura y red establecida gestionan una log\u00edstica compleja, garantizando una entrega puntual y segura. Atendemos a clientes que exigen un suministro constante y un tratamiento profesional. La asociaci\u00f3n con Chemsfine garantiza el acceso a un producto siempre puro y fiable, reforzando su reputaci\u00f3n. Nuestra flexibilidad y capacidad de respuesta satisfacen las cambiantes demandas del mercado con eficacia y discreci\u00f3n.<\/p>\n<h2>Garantizar una contrataci\u00f3n responsable<\/h2>\n<p>En Chemsfine, el aprovisionamiento responsable es primordial. Aunque nos adherimos a los m\u00e1s altos est\u00e1ndares de pureza del producto y servicio, todos los compradores deben asegurarse de que sus actividades cumplen con la normativa local, nacional e internacional aplicable. Los compradores que adquieran productos de Chemsfine deben actuar con la diligencia debida en relaci\u00f3n con los marcos legales pertinentes a su ubicaci\u00f3n y uso previsto. Esto incluye la comprensi\u00f3n de los requisitos para los equipos de protecci\u00f3n individual (EPI), el entorno controlado para la manipulaci\u00f3n y las normativas regionales. Se aconseja a los clientes que consulten las Fichas de Datos de Seguridad (FDS) y los Certificados de An\u00e1lisis (CdA) cuando proceda. Nuestra funci\u00f3n es suministrar sustancias de gran pureza a canales leg\u00edtimos; animamos a los clientes a operar dentro de los l\u00edmites legales y \u00e9ticos. Al contratar con Chemsfine, los compradores reconocen su responsabilidad en el pleno cumplimiento de todas las leyes y requisitos reglamentarios vigentes.<\/p>\n<h2>\u00bfPor qu\u00e9 elegir Chemsfine para su pr\u00f3ximo pedido?<\/h2>\n<p>Cuando decida <b>Pida coca\u00edna pura en l\u00ednea<\/b>, Chemsfine ofrece claras ventajas en el mercado. Nuestro compromiso se centra en un servicio transparente, fiable y orientado al cliente. Ofrecemos precios competitivos, garantizando una excelente relaci\u00f3n calidad-precio para nuestro producto puro 99%. La dedicaci\u00f3n a la calidad se extiende a todas las operaciones, desde el abastecimiento hasta la expedici\u00f3n. Agilizamos los procesos en aras de la eficacia, lo que facilita la b\u00fasqueda y la compra. Nuestro servicio de atenci\u00f3n al cliente le ayudar\u00e1 con sus consultas, facilit\u00e1ndole el proceso de compra. Al elegir Chemsfine, usted elige un socio que valora la integridad y el servicio profesional. Construimos relaciones a largo plazo basadas en la confianza y la entrega constante de productos de calidad superior, garantizando la confianza en su decisi\u00f3n de compra. Experimente la diferencia que marca un proveedor dedicado y fiable.<\/p>\n<h3>Pureza y disponibilidad de los productos<\/h3>\n<p>Para su comodidad, aqu\u00ed tiene una r\u00e1pida descripci\u00f3n de nuestra oferta principal:<\/p>\n<table border=\"1\">\n<thead>\n<tr>\n<th>Producto<\/th>\n<th>Nivel de pureza<\/th>\n<th>Disponibilidad<\/th>\n<th>Env\u00edo<\/th>\n<\/tr>\n<\/thead>\n<tbody>\n<tr>\n<td><a href=\"https:\/\/chemsfine.com\/es\/products\/bolivian-cocaine\/\">Coca\u00edna boliviana<\/a><\/td>\n<td><b>99% Puro<\/b><\/td>\n<td>En stock<\/td>\n<td>Env\u00edo gratuito a todo el mundo<\/td>\n<\/tr>\n<\/tbody>\n<\/table>\n<p>Esta tabla resume claramente los principales atributos de nuestro producto de alta calidad, garantizando transparencia y claridad sobre lo que puede esperar de Chemsfine.<\/p>\n<h2>Conclusi\u00f3n<\/h2>\n<p>En conclusi\u00f3n, Chemsfine es la fuente en l\u00ednea definitiva para <b>Comprar este producto de gran pureza En venta<\/b>, ofreciendo una pureza inigualable y un servicio fiable. Nuestra dedicaci\u00f3n a la calidad y a una distribuci\u00f3n s\u00f3lida garantiza que sus necesidades se satisfagan con profesionalidad y discreci\u00f3n. Facilitamos la toma de decisiones informadas con detalles transparentes de los productos y un entorno de compra seguro. Fomentamos relaciones duraderas basadas en la confianza y la excelencia constante. Para conocer la disponibilidad actual de los productos o las opciones de compra al por mayor, <a href=\"https:\/\/chemsfine.com\/es\/contact-us\/\">Enviar consulta instant\u00e1nea<\/a> a nuestro equipo especializado. Proporcionamos actualizaciones y ayudamos con preguntas, asegurando una experiencia satisfactoria y sin problemas. Elija Chemsfine para disfrutar de una experiencia de compra superior en sustancias especializadas de gran pureza.<\/p>","protected":false},"excerpt":{"rendered":"<p>Experiencia <b>Coca\u00edna boliviana de primera calidad<\/b>, reconocido por su excepcional pureza 99%. Como proveedor de confianza, Chemsfine ofrece productos de primera calidad. <b>Venta de coca\u00edna boliviana<\/b>. Este producto de gran pureza es perfecto para compradores exigentes que buscan fuentes fiables. <b>Comprar Coca\u00edna Boliviana en Chemsfine<\/b> para una experiencia de compra sin igual.<\/p>","protected":false},"featured_media":5835,"comment_status":"open","ping_status":"closed","template":"","meta":{"_joinchat":[]},"product_brand":[],"product_cat":[939],"product_tag":[],"class_list":{"0":"post-5789","1":"product","2":"type-product","3":"status-publish","4":"has-post-thumbnail","6":"product_cat-cocaine","8":"first","9":"instock","10":"shipping-taxable","11":"purchasable","12":"product-type-variable"},"yoast_head":"<!-- This site is optimized with the Yoast SEO plugin v27.2 - https:\/\/yoast.com\/product\/yoast-seo-wordpress\/ -->\n<title>Buy Bolivian Cocaine Online - 99% Pure - Best Price Available<\/title>\n<meta name=\"description\" content=\"Discover premium 99% pure Bolivian Cocaine for sale at Chemsfine. Buy online with free shipping &amp; discounts on bulk orders. Find the best quality available now!\" \/>\n<meta name=\"robots\" content=\"index, follow, max-snippet:-1, max-image-preview:large, max-video-preview:-1\" \/>\n<link rel=\"canonical\" href=\"https:\/\/chemsfine.com\/es\/producto\/buy-bolivian-cocaine\/\" \/>\n<meta property=\"og:locale\" content=\"es_ES\" \/>\n<meta property=\"og:type\" content=\"article\" \/>\n<meta property=\"og:title\" content=\"Buy Bolivian Cocaine Online - 99% Pure - Best Price Available\" \/>\n<meta property=\"og:description\" content=\"Discover premium 99% pure Bolivian Cocaine for sale at Chemsfine. Buy online with free shipping &amp; discounts on bulk orders. Find the best quality available now!\" \/>\n<meta property=\"og:url\" content=\"https:\/\/chemsfine.com\/es\/producto\/buy-bolivian-cocaine\/\" \/>\n<meta property=\"og:site_name\" content=\"Chemsfine\" \/>\n<meta property=\"article:modified_time\" content=\"2026-03-25T14:03:52+00:00\" \/>\n<meta property=\"og:image\" content=\"https:\/\/chemsfine.com\/wp-content\/uploads\/2026\/02\/bolivian-cocaine-99-pure-cocaine-1.jpg\" \/>\n\t<meta property=\"og:image:width\" content=\"450\" \/>\n\t<meta property=\"og:image:height\" content=\"450\" \/>\n\t<meta property=\"og:image:type\" content=\"image\/jpeg\" \/>\n<meta name=\"twitter:card\" content=\"summary_large_image\" \/>\n<meta name=\"twitter:label1\" content=\"Tiempo de lectura\" \/>\n\t<meta name=\"twitter:data1\" content=\"4 minutos\" \/>\n<script type=\"application\/ld+json\" class=\"yoast-schema-graph\">{\"@context\":\"https:\/\/schema.org\",\"@graph\":[{\"@type\":\"WebPage\",\"@id\":\"https:\/\/chemsfine.com\/product\/buy-bolivian-cocaine\/\",\"url\":\"https:\/\/chemsfine.com\/product\/buy-bolivian-cocaine\/\",\"name\":\"Buy Bolivian Cocaine Online - 99% Pure - Best Price Available\",\"isPartOf\":{\"@id\":\"https:\/\/chemsfine.com\/#website\"},\"primaryImageOfPage\":{\"@id\":\"https:\/\/chemsfine.com\/product\/buy-bolivian-cocaine\/#primaryimage\"},\"image\":{\"@id\":\"https:\/\/chemsfine.com\/product\/buy-bolivian-cocaine\/#primaryimage\"},\"thumbnailUrl\":\"https:\/\/chemsfine.com\/wp-content\/uploads\/2026\/02\/bolivian-cocaine-99-pure-cocaine-1.jpg\",\"datePublished\":\"2026-02-12T09:51:23+00:00\",\"dateModified\":\"2026-03-25T14:03:52+00:00\",\"description\":\"Discover premium 99% pure Bolivian Cocaine for sale at Chemsfine. Buy online with free shipping & discounts on bulk orders. Find the best quality available now!\",\"breadcrumb\":{\"@id\":\"https:\/\/chemsfine.com\/product\/buy-bolivian-cocaine\/#breadcrumb\"},\"inLanguage\":\"es\",\"potentialAction\":[{\"@type\":\"ReadAction\",\"target\":[\"https:\/\/chemsfine.com\/product\/buy-bolivian-cocaine\/\"]}]},{\"@type\":\"ImageObject\",\"inLanguage\":\"es\",\"@id\":\"https:\/\/chemsfine.com\/product\/buy-bolivian-cocaine\/#primaryimage\",\"url\":\"https:\/\/chemsfine.com\/wp-content\/uploads\/2026\/02\/bolivian-cocaine-99-pure-cocaine-1.jpg\",\"contentUrl\":\"https:\/\/chemsfine.com\/wp-content\/uploads\/2026\/02\/bolivian-cocaine-99-pure-cocaine-1.jpg\",\"width\":450,\"height\":450},{\"@type\":\"BreadcrumbList\",\"@id\":\"https:\/\/chemsfine.com\/product\/buy-bolivian-cocaine\/#breadcrumb\",\"itemListElement\":[{\"@type\":\"ListItem\",\"position\":1,\"name\":\"Home\",\"item\":\"https:\/\/chemsfine.com\/\"},{\"@type\":\"ListItem\",\"position\":2,\"name\":\"Shop\",\"item\":\"https:\/\/chemsfine.com\/shop\/\"},{\"@type\":\"ListItem\",\"position\":3,\"name\":\"Buy Bolivian Cocaine &#8211; 99% Pure Cocaine Online\"}]},{\"@type\":\"WebSite\",\"@id\":\"https:\/\/chemsfine.com\/#website\",\"url\":\"https:\/\/chemsfine.com\/\",\"name\":\"Chemsfine\",\"description\":\"My WordPress Blog\",\"publisher\":{\"@id\":\"https:\/\/chemsfine.com\/#organization\"},\"potentialAction\":[{\"@type\":\"SearchAction\",\"target\":{\"@type\":\"EntryPoint\",\"urlTemplate\":\"https:\/\/chemsfine.com\/?s={search_term_string}\"},\"query-input\":{\"@type\":\"PropertyValueSpecification\",\"valueRequired\":true,\"valueName\":\"search_term_string\"}}],\"inLanguage\":\"es\"},{\"@type\":\"Organization\",\"@id\":\"https:\/\/chemsfine.com\/#organization\",\"name\":\"Chemsfine\",\"url\":\"https:\/\/chemsfine.com\/\",\"logo\":{\"@type\":\"ImageObject\",\"inLanguage\":\"es\",\"@id\":\"https:\/\/chemsfine.com\/#\/schema\/logo\/image\/\",\"url\":\"https:\/\/chemsfine.com\/wp-content\/uploads\/2024\/09\/final-logo.png\",\"contentUrl\":\"https:\/\/chemsfine.com\/wp-content\/uploads\/2024\/09\/final-logo.png\",\"width\":340,\"height\":72,\"caption\":\"Chemsfine\"},\"image\":{\"@id\":\"https:\/\/chemsfine.com\/#\/schema\/logo\/image\/\"}}]}<\/script>\n<!-- \/ Yoast SEO plugin. -->","yoast_head_json":{"title":"Comprar Coca\u00edna Boliviana Online - 99% Pura - Mejor Precio Disponible","description":"Descubra Coca\u00edna Boliviana pura 99% de calidad superior a la venta en Chemsfine. Compre online con env\u00edo gratuito y descuentos en pedidos al por mayor. \u00a1Encuentra ahora la mejor calidad disponible!","robots":{"index":"index","follow":"follow","max-snippet":"max-snippet:-1","max-image-preview":"max-image-preview:large","max-video-preview":"max-video-preview:-1"},"canonical":"https:\/\/chemsfine.com\/es\/producto\/buy-bolivian-cocaine\/","og_locale":"es_ES","og_type":"article","og_title":"Buy Bolivian Cocaine Online - 99% Pure - Best Price Available","og_description":"Discover premium 99% pure Bolivian Cocaine for sale at Chemsfine. Buy online with free shipping & discounts on bulk orders. Find the best quality available now!","og_url":"https:\/\/chemsfine.com\/es\/producto\/buy-bolivian-cocaine\/","og_site_name":"Chemsfine","article_modified_time":"2026-03-25T14:03:52+00:00","og_image":[{"width":450,"height":450,"url":"https:\/\/chemsfine.com\/wp-content\/uploads\/2026\/02\/bolivian-cocaine-99-pure-cocaine-1.jpg","type":"image\/jpeg"}],"twitter_card":"summary_large_image","twitter_misc":{"Tiempo de lectura":"4 minutos"},"schema":{"@context":"https:\/\/schema.org","@graph":[{"@type":"WebPage","@id":"https:\/\/chemsfine.com\/product\/buy-bolivian-cocaine\/","url":"https:\/\/chemsfine.com\/product\/buy-bolivian-cocaine\/","name":"Comprar Coca\u00edna Boliviana Online - 99% Pura - Mejor Precio Disponible","isPartOf":{"@id":"https:\/\/chemsfine.com\/#website"},"primaryImageOfPage":{"@id":"https:\/\/chemsfine.com\/product\/buy-bolivian-cocaine\/#primaryimage"},"image":{"@id":"https:\/\/chemsfine.com\/product\/buy-bolivian-cocaine\/#primaryimage"},"thumbnailUrl":"https:\/\/chemsfine.com\/wp-content\/uploads\/2026\/02\/bolivian-cocaine-99-pure-cocaine-1.jpg","datePublished":"2026-02-12T09:51:23+00:00","dateModified":"2026-03-25T14:03:52+00:00","description":"Descubra Coca\u00edna Boliviana pura 99% de calidad superior a la venta en Chemsfine. Compre online con env\u00edo gratuito y descuentos en pedidos al por mayor. \u00a1Encuentra ahora la mejor calidad disponible!","breadcrumb":{"@id":"https:\/\/chemsfine.com\/product\/buy-bolivian-cocaine\/#breadcrumb"},"inLanguage":"es","potentialAction":[{"@type":"ReadAction","target":["https:\/\/chemsfine.com\/product\/buy-bolivian-cocaine\/"]}]},{"@type":"ImageObject","inLanguage":"es","@id":"https:\/\/chemsfine.com\/product\/buy-bolivian-cocaine\/#primaryimage","url":"https:\/\/chemsfine.com\/wp-content\/uploads\/2026\/02\/bolivian-cocaine-99-pure-cocaine-1.jpg","contentUrl":"https:\/\/chemsfine.com\/wp-content\/uploads\/2026\/02\/bolivian-cocaine-99-pure-cocaine-1.jpg","width":450,"height":450},{"@type":"BreadcrumbList","@id":"https:\/\/chemsfine.com\/product\/buy-bolivian-cocaine\/#breadcrumb","itemListElement":[{"@type":"ListItem","position":1,"name":"Home","item":"https:\/\/chemsfine.com\/"},{"@type":"ListItem","position":2,"name":"Shop","item":"https:\/\/chemsfine.com\/shop\/"},{"@type":"ListItem","position":3,"name":"Buy Bolivian Cocaine &#8211; 99% Pure Cocaine Online"}]},{"@type":"WebSite","@id":"https:\/\/chemsfine.com\/#website","url":"https:\/\/chemsfine.com\/","name":"Chemsfine","description":"Mi blog de WordPress","publisher":{"@id":"https:\/\/chemsfine.com\/#organization"},"potentialAction":[{"@type":"SearchAction","target":{"@type":"EntryPoint","urlTemplate":"https:\/\/chemsfine.com\/?s={search_term_string}"},"query-input":{"@type":"PropertyValueSpecification","valueRequired":true,"valueName":"search_term_string"}}],"inLanguage":"es"},{"@type":"Organization","@id":"https:\/\/chemsfine.com\/#organization","name":"Chemsfine","url":"https:\/\/chemsfine.com\/","logo":{"@type":"ImageObject","inLanguage":"es","@id":"https:\/\/chemsfine.com\/#\/schema\/logo\/image\/","url":"https:\/\/chemsfine.com\/wp-content\/uploads\/2024\/09\/final-logo.png","contentUrl":"https:\/\/chemsfine.com\/wp-content\/uploads\/2024\/09\/final-logo.png","width":340,"height":72,"caption":"Chemsfine"},"image":{"@id":"https:\/\/chemsfine.com\/#\/schema\/logo\/image\/"}}]}},"_links":{"self":[{"href":"https:\/\/chemsfine.com\/es\/wp-json\/wp\/v2\/product\/5789","targetHints":{"allow":["GET"]}}],"collection":[{"href":"https:\/\/chemsfine.com\/es\/wp-json\/wp\/v2\/product"}],"about":[{"href":"https:\/\/chemsfine.com\/es\/wp-json\/wp\/v2\/types\/product"}],"replies":[{"embeddable":true,"href":"https:\/\/chemsfine.com\/es\/wp-json\/wp\/v2\/comments?post=5789"}],"wp:featuredmedia":[{"embeddable":true,"href":"https:\/\/chemsfine.com\/es\/wp-json\/wp\/v2\/media\/5835"}],"wp:attachment":[{"href":"https:\/\/chemsfine.com\/es\/wp-json\/wp\/v2\/media?parent=5789"}],"wp:term":[{"taxonomy":"product_brand","embeddable":true,"href":"https:\/\/chemsfine.com\/es\/wp-json\/wp\/v2\/product_brand?post=5789"},{"taxonomy":"product_cat","embeddable":true,"href":"https:\/\/chemsfine.com\/es\/wp-json\/wp\/v2\/product_cat?post=5789"},{"taxonomy":"product_tag","embeddable":true,"href":"https:\/\/chemsfine.com\/es\/wp-json\/wp\/v2\/product_tag?post=5789"}],"curies":[{"name":"wp","href":"https:\/\/api.w.org\/{rel}","templated":true}]}}