{"id":5888,"date":"2026-02-12T09:54:20","date_gmt":"2026-02-12T09:54:20","guid":{"rendered":"https:\/\/chemsfine.com\/?post_type=product&#038;p=5888"},"modified":"2026-03-25T13:49:34","modified_gmt":"2026-03-25T13:49:34","slug":"buy-methamphetamine-tablets","status":"publish","type":"product","link":"https:\/\/chemsfine.com\/es\/product\/buy-methamphetamine-tablets\/","title":{"rendered":"Comprar tabletas de metanfetamina en l\u00ednea | Productos qu\u00edmicos de investigaci\u00f3n de alta calidad"},"content":{"rendered":"<p>Bienvenido a Chemsfine, su fuente de confianza para <b>comprar tabletas de metanfetamina<\/b> para diversas aplicaciones anal\u00edticas y de investigaci\u00f3n. Nos complace ofrecer a la venta comprimidos de metanfetamina de alta calidad, proporcionando a investigadores y laboratorios una opci\u00f3n fiable y discreta para sus necesidades espec\u00edficas. Nuestra oferta actual incluye 300 tabletas a un precio competitivo de $300, garantizando calidad y valor. Cuando busque <b>comprar Metanfetamina online<\/b>, Chemsfine destaca como proveedor comprometido con el suministro de productos adecuados para entornos controlados y estudios cient\u00edficos. Garantizamos que nuestros productos cumplen normas rigurosas, lo que nos convierte en la opci\u00f3n preferida para obtener productos qu\u00edmicos de investigaci\u00f3n de primera calidad.<\/p>\n<h2>\u00bfQu\u00e9 son los comprimidos de metanfetamina?<\/h2>\n<p>La metanfetamina, un potente estimulante sint\u00e9tico, es conocida principalmente por sus efectos sobre el sistema nervioso central. En forma de comprimidos, ofrece un formato c\u00f3modo y de dosificaci\u00f3n precisa que suele utilizarse en entornos de investigaci\u00f3n controlada para estudios farmacol\u00f3gicos o calibraci\u00f3n anal\u00edtica. La f\u00f3rmula qu\u00edmica de la metanfetamina suele ser C<sub>10<\/sub>H<sub>15<\/sub>N, y su n\u00famero CAS es 537-46-2 para la sal clorhidrato, una forma com\u00fan que se encuentra en comprimidos. Como sustancia de gran pureza, nuestro <b>Tabletas de metanfetamina de primera calidad<\/b> se fabrican en condiciones estrictas para garantizar su consistencia y fiabilidad, lo que las convierte en un componente esencial para las investigaciones cient\u00edficas detalladas. Los investigadores que busquen muestras precisas y consistentes encontrar\u00e1n nuestras pastillas de laboratorio indispensables para su trabajo.<\/p>\n<p>Adem\u00e1s de conocer sus propiedades qu\u00edmicas, he aqu\u00ed un r\u00e1pido resumen de las especificaciones del producto:<\/p>\n<table>\n<thead>\n<tr>\n<th>Atributo<\/th>\n<th>Detalle<\/th>\n<\/tr>\n<\/thead>\n<tbody>\n<tr>\n<td>Nombre del producto<\/td>\n<td>Tabletas de metanfetamina<\/td>\n<\/tr>\n<tr>\n<td>Cantidad<\/td>\n<td>300 comprimidos<\/td>\n<\/tr>\n<tr>\n<td>Precio<\/td>\n<td>$300<\/td>\n<\/tr>\n<tr>\n<td>Grado<\/td>\n<td>Grado Laboratorio\/Investigaci\u00f3n<\/td>\n<\/tr>\n<tr>\n<td>Formulario<\/td>\n<td>Tableta<\/td>\n<\/tr>\n<\/tbody>\n<\/table>\n<p>Nuestro compromiso <b>Tabletas de metanfetamina de gran pureza<\/b> garantiza que los investigadores reciban muestras consistentes y fiables para su trabajo. Cada comprimido se fabrica cuidadosamente para cumplir estrictas normas de calidad, lo que refuerza la reputaci\u00f3n de Chemsfine como proveedor de confianza de productos qu\u00edmicos especializados para la investigaci\u00f3n.<\/p>\n<h2>\u00bfPor qu\u00e9 comprar comprimidos de metanfetamina online en Chemsfine?<\/h2>\n<p>Elegir Chemsfine significa optar por la fiabilidad y la discreci\u00f3n cuando decida <b>comprar Metanfetamina Comprimidos online<\/b>. Somos conscientes de la importancia cr\u00edtica de obtener materiales de investigaci\u00f3n sensibles de un proveedor de confianza. Por lo tanto, garantizamos una experiencia de compra segura y sin problemas. Nuestro compromiso con la calidad significa que cada lote de tabletas de metanfetamina se somete a controles exhaustivos para confirmar su integridad y pureza declarada. Nos esforzamos por ser el proveedor de <b>Los mejores comprimidos de metanfetamina<\/b> en el mercado para la investigaci\u00f3n leg\u00edtima. Nuestra plataforma en l\u00ednea simplifica el proceso de adquisici\u00f3n, permitiendo a los profesionales de forma segura <b>comprar metanfetamina online<\/b> sin complicaciones innecesarias. Ofrecemos precios competitivos, especialmente con nuestra opci\u00f3n a granel de 300 comprimidos para $300, lo que nos convierte en una opci\u00f3n econ\u00f3mica para proyectos de investigaci\u00f3n en curso. Nuestra dedicaci\u00f3n a la satisfacci\u00f3n del cliente y la integridad del producto hacen de Chemsfine un l\u00edder en el suministro de productos qu\u00edmicos de investigaci\u00f3n de primera calidad.<\/p>\n<h2>Aplicaciones<\/h2>\n<p>Nuestros comprimidos de metanfetamina de gran pureza son adecuados para una serie de aplicaciones especializadas en entornos de laboratorio controlados:<\/p>\n<ul>\n<li><b>Normas anal\u00edticas:<\/b> Se utilizan como materiales de referencia en laboratorios forenses y toxicol\u00f3gicos para la identificaci\u00f3n y cuantificaci\u00f3n de drogas.<\/li>\n<li><b>Investigaci\u00f3n farmacol\u00f3gica:<\/b> Investigaci\u00f3n de los efectos de los estimulantes sobre las v\u00edas neurales y las respuestas conductuales en modelos de investigaci\u00f3n aprobados.<\/li>\n<li><b>Estudios de metabolismo:<\/b> Estudio de las v\u00edas de descomposici\u00f3n y excreci\u00f3n de la metanfetamina en los sistemas biol\u00f3gicos.<\/li>\n<li><b>An\u00e1lisis neuroqu\u00edmico:<\/b> Exploraci\u00f3n de los mecanismos de liberaci\u00f3n y recaptaci\u00f3n de neurotransmisores in vitro e in vivo.<\/li>\n<li><b>Control de calidad:<\/b> Garantizar la exactitud y precisi\u00f3n de los equipos de ensayo en entornos farmac\u00e9uticos o de investigaci\u00f3n.<\/li>\n<li><b>Fines educativos:<\/b> Demostraciones y estudios en cursos avanzados de qu\u00edmica y farmacolog\u00eda.<\/li>\n<\/ul>\n<p>Estas solicitudes subrayan la importancia de obtener <b>Tabletas de Metanfetamina de laboratorio<\/b> de una fuente de confianza como Chemsfine.<\/p>\n<h2>Seguridad y conformidad<\/h2>\n<p>La manipulaci\u00f3n de comprimidos de metanfetamina, incluso con fines de investigaci\u00f3n leg\u00edtimos, requiere protocolos de seguridad estrictos y el cumplimiento de las directrices normativas. Es imperativo utilizar siempre el equipo de protecci\u00f3n personal (EPP) adecuado, incluidos guantes, gafas de seguridad y batas de laboratorio, para minimizar los riesgos de exposici\u00f3n. Todas las actividades de investigaci\u00f3n en las que intervengan estas sustancias deben realizarse en un entorno de laboratorio controlado y equipado con sistemas de ventilaci\u00f3n y contenci\u00f3n adecuados. Los investigadores son responsables de comprender y cumplir todas las normativas locales, nacionales e internacionales relativas a las sustancias controladas. En Chemsfine, hacemos hincapi\u00e9 en la manipulaci\u00f3n segura y el uso responsable. Las Hojas de Datos de Seguridad de Materiales (MSDS) y los Certificados de An\u00e1lisis (CoA) est\u00e1n disponibles bajo petici\u00f3n para garantizar una total transparencia en cuanto a las especificaciones y pureza del producto. Recomendamos consultar detenidamente estos documentos antes de manipular o utilizar nuestros productos. <b>Tabletas de metanfetamina de gran pureza<\/b> en cualquier entorno de investigaci\u00f3n. Tambi\u00e9n deben seguirse estrictamente los procedimientos adecuados de eliminaci\u00f3n.<\/p>\n<h2>\u00bfPor qu\u00e9 elegirnos?<\/h2>\n<p>Cuando decida <b>encargar metanfetamina comprimidos online<\/b>, Chemsfine ofrece un compromiso inigualable con la calidad y el servicio. Nuestros detalles transparentes proporcionan informaci\u00f3n exhaustiva sobre nuestros productos, garantizando que usted tome decisiones con conocimiento de causa. Mantenemos registros de lotes verificados para todos nuestros <b>productos qu\u00edmicos de investigaci\u00f3n<\/b>, lo que permite una trazabilidad y una garant\u00eda de calidad completas. Nuestra estructura de precios, incluida la ventajosa oferta de 300 comprimidos por $300, sigue siendo muy competitiva, ofreciendo un valor excepcional sin comprometer la calidad. Adem\u00e1s, actualizamos constantemente nuestra gama de productos, que incluye art\u00edculos como <a href=\"https:\/\/chemsfine.com\/es\/producto\/comprar-4f-pihp-online\/\">4F-PiHP<\/a> y <a href=\"https:\/\/chemsfine.com\/es\/producto\/comprar-lorazepam-ativan-polvo-online\/\">Lorazepam (Ativan) Polvo<\/a>, que tambi\u00e9n pueden adquirirse a trav\u00e9s de nuestra plataforma segura para sus diversas necesidades de investigaci\u00f3n. Chemsfine se dedica a fomentar relaciones a largo plazo con investigadores e instituciones proporcionando una fuente fiable y segura para todas sus necesidades qu\u00edmicas especializadas. Nos aseguramos de que su proceso de compra sea \u00e1gil, confidencial y eficiente.<\/p>\n<h2>Conclusi\u00f3n<\/h2>\n<p>En conclusi\u00f3n, Chemsfine es su principal destino para <b>comprar tabletas de metanfetamina<\/b> para aplicaciones anal\u00edticas y de investigaci\u00f3n leg\u00edtimas. Nuestro inquebrantable compromiso con la calidad, combinado con procesos transparentes y precios competitivos, garantiza que usted reciba s\u00f3lo lo mejor. La disponibilidad de 300 tabletas para $300 subraya nuestra dedicaci\u00f3n a proporcionar valor a nuestra estimada clientela. Conf\u00ede en Chemsfine para su pr\u00f3xima compra de <b>Metanfetamina de laboratorio<\/b>, y experimente la diferencia de abastecerse de un proveedor profesional y que cumple las normas. Estamos aqu\u00ed para apoyar sus esfuerzos cient\u00edficos con productos fiables y un servicio excepcional.<\/p>","protected":false},"excerpt":{"rendered":"<p>Descubre la alta calidad <b>Tabletas de metanfetamina<\/b> a la venta en l\u00ednea. Cada pedido incluye 300 comprimidos para $300. Estos comprimidos son ideales para la investigaci\u00f3n controlada en laboratorio y los est\u00e1ndares anal\u00edticos. Garantice un uso responsable en entornos conformes al comprar en chemsfine.<\/p>","protected":false},"featured_media":5934,"comment_status":"open","ping_status":"closed","template":"","meta":{"_joinchat":[]},"product_brand":[],"product_cat":[960],"product_tag":[],"class_list":{"0":"post-5888","1":"product","2":"type-product","3":"status-publish","4":"has-post-thumbnail","6":"product_cat-benzodiazepines","8":"first","9":"instock","10":"shipping-taxable","11":"purchasable","12":"product-type-variable"},"yoast_head":"<!-- This site is optimized with the Yoast SEO plugin v27.2 - https:\/\/yoast.com\/product\/yoast-seo-wordpress\/ -->\n<title>Buy Methamphetamine Tablets Online - Best Price Available<\/title>\n<meta name=\"description\" content=\"Purchase high-quality Methamphetamine Tablets online at Chemsfine. Get 300 tablets for $300. Discreet and reliable sourcing for research chemicals.\" \/>\n<meta name=\"robots\" content=\"index, follow, max-snippet:-1, max-image-preview:large, max-video-preview:-1\" \/>\n<link rel=\"canonical\" href=\"https:\/\/chemsfine.com\/es\/producto\/buy-methamphetamine-tablets\/\" \/>\n<meta property=\"og:locale\" content=\"es_ES\" \/>\n<meta property=\"og:type\" content=\"article\" \/>\n<meta property=\"og:title\" content=\"Buy Methamphetamine Tablets Online - Best Price Available\" \/>\n<meta property=\"og:description\" content=\"Purchase high-quality Methamphetamine Tablets online at Chemsfine. Get 300 tablets for $300. Discreet and reliable sourcing for research chemicals.\" \/>\n<meta property=\"og:url\" content=\"https:\/\/chemsfine.com\/es\/producto\/buy-methamphetamine-tablets\/\" \/>\n<meta property=\"og:site_name\" content=\"Chemsfine\" \/>\n<meta property=\"article:modified_time\" content=\"2026-03-25T13:49:34+00:00\" \/>\n<meta property=\"og:image\" content=\"https:\/\/chemsfine.com\/wp-content\/uploads\/2026\/02\/methamphetamine-tablets-for-sale-online-1.jpg\" \/>\n\t<meta property=\"og:image:width\" content=\"306\" \/>\n\t<meta property=\"og:image:height\" content=\"306\" \/>\n\t<meta property=\"og:image:type\" content=\"image\/jpeg\" \/>\n<meta name=\"twitter:card\" content=\"summary_large_image\" \/>\n<meta name=\"twitter:label1\" content=\"Tiempo de lectura\" \/>\n\t<meta name=\"twitter:data1\" content=\"5 minutos\" \/>\n<script type=\"application\/ld+json\" class=\"yoast-schema-graph\">{\"@context\":\"https:\/\/schema.org\",\"@graph\":[{\"@type\":\"WebPage\",\"@id\":\"https:\/\/chemsfine.com\/product\/buy-methamphetamine-tablets\/\",\"url\":\"https:\/\/chemsfine.com\/product\/buy-methamphetamine-tablets\/\",\"name\":\"Buy Methamphetamine Tablets Online - Best Price Available\",\"isPartOf\":{\"@id\":\"https:\/\/chemsfine.com\/#website\"},\"primaryImageOfPage\":{\"@id\":\"https:\/\/chemsfine.com\/product\/buy-methamphetamine-tablets\/#primaryimage\"},\"image\":{\"@id\":\"https:\/\/chemsfine.com\/product\/buy-methamphetamine-tablets\/#primaryimage\"},\"thumbnailUrl\":\"https:\/\/chemsfine.com\/wp-content\/uploads\/2026\/02\/methamphetamine-tablets-for-sale-online-1.jpg\",\"datePublished\":\"2026-02-12T09:54:20+00:00\",\"dateModified\":\"2026-03-25T13:49:34+00:00\",\"description\":\"Purchase high-quality Methamphetamine Tablets online at Chemsfine. Get 300 tablets for $300. Discreet and reliable sourcing for research chemicals.\",\"breadcrumb\":{\"@id\":\"https:\/\/chemsfine.com\/product\/buy-methamphetamine-tablets\/#breadcrumb\"},\"inLanguage\":\"es\",\"potentialAction\":[{\"@type\":\"ReadAction\",\"target\":[\"https:\/\/chemsfine.com\/product\/buy-methamphetamine-tablets\/\"]}]},{\"@type\":\"ImageObject\",\"inLanguage\":\"es\",\"@id\":\"https:\/\/chemsfine.com\/product\/buy-methamphetamine-tablets\/#primaryimage\",\"url\":\"https:\/\/chemsfine.com\/wp-content\/uploads\/2026\/02\/methamphetamine-tablets-for-sale-online-1.jpg\",\"contentUrl\":\"https:\/\/chemsfine.com\/wp-content\/uploads\/2026\/02\/methamphetamine-tablets-for-sale-online-1.jpg\",\"width\":306,\"height\":306},{\"@type\":\"BreadcrumbList\",\"@id\":\"https:\/\/chemsfine.com\/product\/buy-methamphetamine-tablets\/#breadcrumb\",\"itemListElement\":[{\"@type\":\"ListItem\",\"position\":1,\"name\":\"Home\",\"item\":\"https:\/\/chemsfine.com\/\"},{\"@type\":\"ListItem\",\"position\":2,\"name\":\"Shop\",\"item\":\"https:\/\/chemsfine.com\/shop\/\"},{\"@type\":\"ListItem\",\"position\":3,\"name\":\"Buy Methamphetamine Tablets Online | High-Quality Research Chemicals\"}]},{\"@type\":\"WebSite\",\"@id\":\"https:\/\/chemsfine.com\/#website\",\"url\":\"https:\/\/chemsfine.com\/\",\"name\":\"Chemsfine\",\"description\":\"My WordPress Blog\",\"publisher\":{\"@id\":\"https:\/\/chemsfine.com\/#organization\"},\"potentialAction\":[{\"@type\":\"SearchAction\",\"target\":{\"@type\":\"EntryPoint\",\"urlTemplate\":\"https:\/\/chemsfine.com\/?s={search_term_string}\"},\"query-input\":{\"@type\":\"PropertyValueSpecification\",\"valueRequired\":true,\"valueName\":\"search_term_string\"}}],\"inLanguage\":\"es\"},{\"@type\":\"Organization\",\"@id\":\"https:\/\/chemsfine.com\/#organization\",\"name\":\"Chemsfine\",\"url\":\"https:\/\/chemsfine.com\/\",\"logo\":{\"@type\":\"ImageObject\",\"inLanguage\":\"es\",\"@id\":\"https:\/\/chemsfine.com\/#\/schema\/logo\/image\/\",\"url\":\"https:\/\/chemsfine.com\/wp-content\/uploads\/2024\/09\/final-logo.png\",\"contentUrl\":\"https:\/\/chemsfine.com\/wp-content\/uploads\/2024\/09\/final-logo.png\",\"width\":340,\"height\":72,\"caption\":\"Chemsfine\"},\"image\":{\"@id\":\"https:\/\/chemsfine.com\/#\/schema\/logo\/image\/\"}}]}<\/script>\n<!-- \/ Yoast SEO plugin. -->","yoast_head_json":{"title":"Comprar Metanfetamina Tabletas Online - Mejor Precio Disponible","description":"Comprar Metanfetamina comprimidos de alta calidad online en Chemsfine. Consiga 300 comprimidos por $300. Suministro discreto y fiable de productos qu\u00edmicos para investigaci\u00f3n.","robots":{"index":"index","follow":"follow","max-snippet":"max-snippet:-1","max-image-preview":"max-image-preview:large","max-video-preview":"max-video-preview:-1"},"canonical":"https:\/\/chemsfine.com\/es\/producto\/buy-methamphetamine-tablets\/","og_locale":"es_ES","og_type":"article","og_title":"Buy Methamphetamine Tablets Online - Best Price Available","og_description":"Purchase high-quality Methamphetamine Tablets online at Chemsfine. Get 300 tablets for $300. Discreet and reliable sourcing for research chemicals.","og_url":"https:\/\/chemsfine.com\/es\/producto\/buy-methamphetamine-tablets\/","og_site_name":"Chemsfine","article_modified_time":"2026-03-25T13:49:34+00:00","og_image":[{"width":306,"height":306,"url":"https:\/\/chemsfine.com\/wp-content\/uploads\/2026\/02\/methamphetamine-tablets-for-sale-online-1.jpg","type":"image\/jpeg"}],"twitter_card":"summary_large_image","twitter_misc":{"Tiempo de lectura":"5 minutos"},"schema":{"@context":"https:\/\/schema.org","@graph":[{"@type":"WebPage","@id":"https:\/\/chemsfine.com\/product\/buy-methamphetamine-tablets\/","url":"https:\/\/chemsfine.com\/product\/buy-methamphetamine-tablets\/","name":"Comprar Metanfetamina Tabletas Online - Mejor Precio Disponible","isPartOf":{"@id":"https:\/\/chemsfine.com\/#website"},"primaryImageOfPage":{"@id":"https:\/\/chemsfine.com\/product\/buy-methamphetamine-tablets\/#primaryimage"},"image":{"@id":"https:\/\/chemsfine.com\/product\/buy-methamphetamine-tablets\/#primaryimage"},"thumbnailUrl":"https:\/\/chemsfine.com\/wp-content\/uploads\/2026\/02\/methamphetamine-tablets-for-sale-online-1.jpg","datePublished":"2026-02-12T09:54:20+00:00","dateModified":"2026-03-25T13:49:34+00:00","description":"Comprar Metanfetamina comprimidos de alta calidad online en Chemsfine. Consiga 300 comprimidos por $300. Suministro discreto y fiable de productos qu\u00edmicos para investigaci\u00f3n.","breadcrumb":{"@id":"https:\/\/chemsfine.com\/product\/buy-methamphetamine-tablets\/#breadcrumb"},"inLanguage":"es","potentialAction":[{"@type":"ReadAction","target":["https:\/\/chemsfine.com\/product\/buy-methamphetamine-tablets\/"]}]},{"@type":"ImageObject","inLanguage":"es","@id":"https:\/\/chemsfine.com\/product\/buy-methamphetamine-tablets\/#primaryimage","url":"https:\/\/chemsfine.com\/wp-content\/uploads\/2026\/02\/methamphetamine-tablets-for-sale-online-1.jpg","contentUrl":"https:\/\/chemsfine.com\/wp-content\/uploads\/2026\/02\/methamphetamine-tablets-for-sale-online-1.jpg","width":306,"height":306},{"@type":"BreadcrumbList","@id":"https:\/\/chemsfine.com\/product\/buy-methamphetamine-tablets\/#breadcrumb","itemListElement":[{"@type":"ListItem","position":1,"name":"Home","item":"https:\/\/chemsfine.com\/"},{"@type":"ListItem","position":2,"name":"Shop","item":"https:\/\/chemsfine.com\/shop\/"},{"@type":"ListItem","position":3,"name":"Buy Methamphetamine Tablets Online | High-Quality Research Chemicals"}]},{"@type":"WebSite","@id":"https:\/\/chemsfine.com\/#website","url":"https:\/\/chemsfine.com\/","name":"Chemsfine","description":"Mi blog de WordPress","publisher":{"@id":"https:\/\/chemsfine.com\/#organization"},"potentialAction":[{"@type":"SearchAction","target":{"@type":"EntryPoint","urlTemplate":"https:\/\/chemsfine.com\/?s={search_term_string}"},"query-input":{"@type":"PropertyValueSpecification","valueRequired":true,"valueName":"search_term_string"}}],"inLanguage":"es"},{"@type":"Organization","@id":"https:\/\/chemsfine.com\/#organization","name":"Chemsfine","url":"https:\/\/chemsfine.com\/","logo":{"@type":"ImageObject","inLanguage":"es","@id":"https:\/\/chemsfine.com\/#\/schema\/logo\/image\/","url":"https:\/\/chemsfine.com\/wp-content\/uploads\/2024\/09\/final-logo.png","contentUrl":"https:\/\/chemsfine.com\/wp-content\/uploads\/2024\/09\/final-logo.png","width":340,"height":72,"caption":"Chemsfine"},"image":{"@id":"https:\/\/chemsfine.com\/#\/schema\/logo\/image\/"}}]}},"_links":{"self":[{"href":"https:\/\/chemsfine.com\/es\/wp-json\/wp\/v2\/product\/5888","targetHints":{"allow":["GET"]}}],"collection":[{"href":"https:\/\/chemsfine.com\/es\/wp-json\/wp\/v2\/product"}],"about":[{"href":"https:\/\/chemsfine.com\/es\/wp-json\/wp\/v2\/types\/product"}],"replies":[{"embeddable":true,"href":"https:\/\/chemsfine.com\/es\/wp-json\/wp\/v2\/comments?post=5888"}],"wp:featuredmedia":[{"embeddable":true,"href":"https:\/\/chemsfine.com\/es\/wp-json\/wp\/v2\/media\/5934"}],"wp:attachment":[{"href":"https:\/\/chemsfine.com\/es\/wp-json\/wp\/v2\/media?parent=5888"}],"wp:term":[{"taxonomy":"product_brand","embeddable":true,"href":"https:\/\/chemsfine.com\/es\/wp-json\/wp\/v2\/product_brand?post=5888"},{"taxonomy":"product_cat","embeddable":true,"href":"https:\/\/chemsfine.com\/es\/wp-json\/wp\/v2\/product_cat?post=5888"},{"taxonomy":"product_tag","embeddable":true,"href":"https:\/\/chemsfine.com\/es\/wp-json\/wp\/v2\/product_tag?post=5888"}],"curies":[{"name":"wp","href":"https:\/\/api.w.org\/{rel}","templated":true}]}}