{"id":6089,"date":"2026-02-12T09:57:01","date_gmt":"2026-02-12T09:57:01","guid":{"rendered":"https:\/\/chemsfine.com\/?post_type=product&#038;p=6089"},"modified":"2026-03-25T13:45:37","modified_gmt":"2026-03-25T13:45:37","slug":"dom-perignon-mdma-pills","status":"publish","type":"product","link":"https:\/\/chemsfine.com\/es\/product\/dom-perignon-mdma-pills\/","title":{"rendered":"10x 250mg Dom Perignon Pastillas MDMA | Calidad Premium"},"content":{"rendered":"<p>\u00bfEst\u00e1 buscando <b>Comprar pastillas de MDMA Dom Perignon en venta<\/b>? No busques m\u00e1s. chemsfine se enorgullece de presentar las excepcionales Dom Perignon MDMA Pills, un producto elaborado para aquellos que exigen lo m\u00e1ximo en pureza y calidad. Nuestro compromiso garantiza que cada comprador exigente reciba una sustancia genuinamente superior. La integridad de nuestras ofertas es primordial, lo que nos convierte en una fuente de confianza en el mercado.<\/p>\n<p>Las pastillas de MDMA Dom Perignon son un testimonio de la meticulosa producci\u00f3n y el riguroso control de calidad. Cada pastilla de la estimada marca Dom Perignon contiene genuinamente 260mg+ MDMA Pura Sin Cortar (93% MDMA rocks, sin otros ingredientes garantizados). Esta composici\u00f3n precisa se mantiene constantemente, asegurando una experiencia sin igual. Damos prioridad a la transparencia y la potencia, que le proporciona confianza en cada compra. Este producto es NETTO Lab-Tested en laboratorios subterr\u00e1neos y hecho con la perfecci\u00f3n, asegurando 100% satisfacci\u00f3n est\u00e1 garantizada con todos y cada p\u00edldora que ofrecemos.<\/p>\n<h2>\u00bfQu\u00e9 son las pastillas de MDMA Dom Perignon?<\/h2>\n<p>Las p\u00edldoras de MDMA de Dom Perignon representan un tipo espec\u00edfico de sustancia recreativa, meticulosamente dise\u00f1ada para lograr consistencia y efecto. La MDMA, o 3,4-metilendioximetanfetamina, es bien conocida por sus propiedades distintivas, a menudo asociadas con sensaciones de euforia y percepci\u00f3n sensorial mejorada. Nuestra marca Dom Perignon garantiza la presentaci\u00f3n de esta sustancia en forma de pastillas prensadas de alta calidad, lo que la convierte en una opci\u00f3n c\u00f3moda y fiable para quienes buscan una experiencia espec\u00edfica. Cada unidad se calibra cuidadosamente para ofrecer una dosis constante, un factor crucial para la experiencia del usuario. Cuando se busca <b>Pastillas de MDMA Dom Perignon de primera calidad<\/b>, La clave est\u00e1 en comprender su composici\u00f3n y las normas de fabricaci\u00f3n. Este producto est\u00e1 dise\u00f1ado para satisfacer las expectativas de quienes buscan una pureza verificada y un resultado fiable.<\/p>\n<p>Nuestro compromiso con la calidad se extiende a cada lote. La MDMA que contienen estas p\u00edldoras se obtiene y procesa para mantener un nivel de pureza excepcional, verificado que se trata de rocas de MDMA 93%. Esta alta concentraci\u00f3n asegura que usted est\u00e1 recibiendo un producto no adulterado, libre de aditivos no deseados. La promesa \u201csin otros ingredientes garantizados\u201d subraya nuestra dedicaci\u00f3n a entregar una sustancia limpia y potente. Este enfoque meticuloso en la producci\u00f3n establece nuestro Dom Perignon MDMA Pills aparte como una opci\u00f3n de primera calidad disponibles en el mercado. Nos esforzamos por alcanzar la excelencia en todos los aspectos, desde la selecci\u00f3n de la materia prima hasta la p\u00edldora prensada final, garantizando que nuestros clientes reciban s\u00f3lo lo mejor.<\/p>\n<table>\n<thead>\n<tr>\n<th>Atributo<\/th>\n<th>Detalle<\/th>\n<\/tr>\n<\/thead>\n<tbody>\n<tr>\n<td>Nombre del producto<\/td>\n<td>Pastillas de MDMA Dom Perignon<\/td>\n<\/tr>\n<tr>\n<td>Ingrediente clave<\/td>\n<td>MDMA puro sin cortar<\/td>\n<\/tr>\n<tr>\n<td>Nivel de pureza<\/td>\n<td>93% MDMA Rocks<\/td>\n<\/tr>\n<tr>\n<td>Dosis por comprimido<\/td>\n<td>260mg+<\/td>\n<\/tr>\n<tr>\n<td>Garant\u00eda de calidad<\/td>\n<td>NETTO Probado en laboratorio<\/td>\n<\/tr>\n<tr>\n<td>Ingredientes adicionales<\/td>\n<td>Ninguna garantizada<\/td>\n<\/tr>\n<\/tbody>\n<\/table>\n<h2>\u00bfPor qu\u00e9 comprar Dom Perignon MDMA Pills Online en chemsfine?<\/h2>\n<p>Elegir a chemsfine como proveedor significa optar por una fiabilidad y discreci\u00f3n inigualables. Somos conscientes de la importancia de realizar transacciones seguras y fiables cuando se trata de adquirir productos tan especializados. Nuestra plataforma est\u00e1 optimizada para proporcionarle una experiencia de compra fluida, garantizando que su privacidad y satisfacci\u00f3n est\u00e9n siempre en primer plano. Nos dedicamos a ser la fuente de <b>Las mejores pastillas de MDMA Dom Perignon disponibles<\/b>, respaldados por nuestros rigurosos controles de calidad y pr\u00e1cticas transparentes.<\/p>\n<p>Cada lote de nuestras pastillas de MDMA Dom Perignon se somete a rigurosas pruebas de laboratorio NETTO en laboratorios especializados. Estas pruebas exhaustivas garantizan la pureza y potencia declaradas, proporcionando una capa adicional de confianza para nuestros clientes. La dedicaci\u00f3n a la perfecci\u00f3n en nuestro proceso de fabricaci\u00f3n significa que la satisfacci\u00f3n 100% est\u00e1 garantizada con todas y cada una de las p\u00edldoras que ofrecemos. Este compromiso inquebrantable con la calidad es lo que distingue a chemsfine en el competitivo mercado online. Creemos en ofrecer productos que no s\u00f3lo cumplan las expectativas, sino que las superen, fomentando la confianza a largo plazo con nuestra clientela.<\/p>\n<p>Adem\u00e1s, nuestro servicio de atenci\u00f3n al cliente est\u00e1 dise\u00f1ado para ayudarle en cada paso del proceso de compra. Desde informaci\u00f3n detallada sobre el producto hasta un embalaje discreto y una entrega eficaz, le garantizamos una experiencia profesional y segura. Para quienes buscan sustancias de primera calidad, chemsfine ofrece un entorno de compra fiable y transparente. Nos esforzamos continuamente por mantener nuestra reputaci\u00f3n como proveedor de productos de primer nivel, priorizando siempre la confianza del cliente y la integridad del producto. Descubra con chemsfine la diferencia que pueden marcar un abastecimiento meticuloso y un estricto control de calidad.<\/p>\n<h2>Aplicaciones<\/h2>\n<p>Al hablar de las aplicaciones de sustancias como la MDMA, es importante reconocer sus contextos espec\u00edficos y la naturaleza exigente de su adquisici\u00f3n. Las p\u00edldoras de MDMA Dom Perignon son buscadas por individuos para experiencias particulares, aline\u00e1ndose con una amplia categor\u00eda de sustancias utilizadas en diversos contextos. La dosificaci\u00f3n constante y el alto nivel de pureza hacen que los compradores puedan confiar en un producto estandarizado para los fines previstos. Comprender los atributos de una sustancia de este tipo es clave para su correcta adquisici\u00f3n y consideraci\u00f3n. Para los interesados en una gama m\u00e1s amplia de sustancias de alta calidad, tambi\u00e9n ofrecemos productos como <a href=\"https:\/\/chemsfine.com\/es\/producto\/comprar-hachis-online\/\">hach\u00eds premium<\/a>, para satisfacer distintas necesidades.<\/p>\n<ul>\n<li>Para uso personal de personas exigentes que buscan experiencias recreativas espec\u00edficas.<\/li>\n<li>Exploraci\u00f3n en entornos controlados y responsables en los que se consideren dichas sustancias.<\/li>\n<li>Adquisici\u00f3n para colecciones privadas o intereses espec\u00edficos en compuestos psicoactivos.<\/li>\n<li>Uso potencial en contextos que requieren un compuesto conocido y de gran pureza para diversos fines.<\/li>\n<li>Para personas que dan prioridad a la pureza probada en laboratorio y garantizada de las sustancias que eligen.<\/li>\n<\/ul>\n<p>Nuestras pastillas de MDMA Dom Perignon est\u00e1n cuidadosamente preparadas para satisfacer las exigencias de los est\u00e1ndares m\u00e1s rigurosos. La garant\u00eda expl\u00edcita de \u201cning\u00fan otro ingrediente\u201d asegura un producto limpio, que es un factor cr\u00edtico para muchos usuarios. Este producto proporciona una experiencia arraigada en la pureza y la composici\u00f3n precisa, lo que lo convierte en la opci\u00f3n preferida de muchos.<\/p>\n<h2>Seguridad y conformidad<\/h2>\n<p>En chemsfine, a la vez que nos centramos en ofrecer una calidad de producto excepcional, tambi\u00e9n hacemos hincapi\u00e9 en la importancia de una consideraci\u00f3n responsable con respecto a la naturaleza de los productos que ofrecemos. Al manipular cualquier compuesto especializado, es primordial dar prioridad a la seguridad. Los usuarios siempre deben ser conscientes de las propiedades de la sustancia con la que est\u00e1n trabajando. Esto incluye comprender las dosis adecuadas y las posibles interacciones para garantizar una experiencia segura.<\/p>\n<p>Abogamos por pr\u00e1cticas responsables al interactuar con dichas sustancias. La informaci\u00f3n relativa a la manipulaci\u00f3n segura, el almacenamiento y el equipo de protecci\u00f3n individual (EPI) suele ser aconsejable para cualquier compuesto qu\u00edmico, independientemente de su uso previsto. Mantener un entorno controlado es tambi\u00e9n una recomendaci\u00f3n habitual para garantizar tanto la estabilidad del producto como la seguridad del usuario. Se recomienda a los compradores que se informen bien sobre las normativas y directrices locales relativas a estas sustancias. Para una gama m\u00e1s amplia de compuestos de investigaci\u00f3n de calidad, puede explorar opciones como <a href=\"https:\/\/chemsfine.com\/es\/producto\/comprar-2c-b-4-bromo-2-5-dimetoxifenetilamina-online\/\">2C-B<\/a> en nuestra plataforma, garantizando siempre el cumplimiento de la legislaci\u00f3n local.<\/p>\n<p>Aunque garantizamos la pureza y la naturaleza probada en laboratorio de nuestras p\u00edldoras de MDMA Dom Perignon, no proporcionamos asesoramiento legal espec\u00edfico ni respaldamos ning\u00fan uso particular fuera de lo permitido por la ley. Los clientes son responsables de su propia diligencia con respecto a la legalidad y el manejo seguro. Informaci\u00f3n como las Fichas de Datos de Seguridad (FDS) y los Certificados de An\u00e1lisis (CdA) son documentos est\u00e1ndar en la industria qu\u00edmica, que proporcionan informaci\u00f3n detallada sobre la composici\u00f3n del producto y las medidas de seguridad. Aunque no se proporciona expl\u00edcitamente para los productos recreativos, el principio de transparencia gu\u00eda nuestras operaciones, en las que nos aseguramos de que todas las afirmaciones sobre la pureza y las pruebas de los productos sean verificables.<\/p>\n<h2>\u00bfPor qu\u00e9 elegir chemsfine para su compra?<\/h2>\n<p>Elegir chemsfine significa elegir un socio comprometido con la excelencia y la satisfacci\u00f3n del cliente. Destacamos por nuestra dedicaci\u00f3n a la transparencia, registros de lotes verificados y precios competitivos. Cuando decida <b>Orden Dom Perignon MDMA p\u00edldoras en l\u00ednea<\/b> con nosotros, est\u00e1 invirtiendo en un producto respaldado por un estricto control de calidad y una promesa de integridad. Todo nuestro proceso, desde el abastecimiento hasta el envasado, est\u00e1 dise\u00f1ado pensando en el cliente, lo que garantiza una experiencia fluida y discreta de principio a fin.<\/p>\n<p>Nuestros detalles transparentes garantizan que sepas exactamente lo que est\u00e1s comprando. El nivel de pureza de las rocas de MDMA 93%, junto con la garant\u00eda de no contener otros ingredientes, es un testimonio de nuestro compromiso con la honestidad. Los registros de lotes verificados solidifican a\u00fan m\u00e1s nuestra afirmaci\u00f3n de calidad constante, lo que le permite confiar en el producto que recibe. Por otra parte, nuestros precios competitivos garantizan que usted reciba la mejor calidad sin un costo exorbitante, por lo que los productos de MDMA de alto grado accesible a los compradores m\u00e1s exigentes. Creemos que la calidad no debe ser un lujo, sino un est\u00e1ndar que cada cliente merece.<\/p>\n<p>En chemsfine conocemos los matices del mercado y las expectativas de nuestros clientes. Nuestro objetivo sigue siendo entregar productos que sean exactamente como se describen, en todo momento. Esta dedicaci\u00f3n a la precisi\u00f3n y a la confianza del cliente constituye la base de nuestro servicio. Experimente la facilidad y confianza de realizar pedidos a un proveedor en l\u00ednea de confianza, donde su satisfacci\u00f3n es nuestra prioridad. Le invitamos a explorar nuestra selecci\u00f3n y a formar parte de nuestra comunidad de clientes satisfechos. Para quienes buscan sustancias de alta calidad, garantizamos que nuestros productos cumplen las normas m\u00e1s estrictas. Nuestra amplia gama de ofertas incluye otros compuestos de primera calidad que cumplen el mismo list\u00f3n alto de calidad y pruebas. <a href=\"https:\/\/chemsfine.com\/es\/producto\/comprar-hachis-online\/\">Explore nuestros otros productos de calidad<\/a> y descubra hoy mismo la diferencia chemsfine. Actualizamos continuamente nuestro inventario para ofrecerle las mejores y m\u00e1s buscadas sustancias del mercado, todas ellas sometidas a rigurosas pruebas de pureza y potencia.<\/p>\n<h2>Conclusi\u00f3n<\/h2>\n<p>En conclusi\u00f3n, las pastillas de MDMA Dom Perignon ofrecidas por chemsfine representan el pin\u00e1culo de la calidad y pureza en su categor\u00eda. Cada pastilla es una promesa de 260mg+ de MDMA Puro Sin Cortar, rigurosamente testado en laboratorio para una pureza de roca MDMA 93%, garantizado que no contiene ning\u00fan otro ingrediente. Nuestro compromiso inquebrantable con la perfecci\u00f3n asegura la satisfacci\u00f3n 100% con cada compra. Para aquellos que buscan con confianza <b>Comprar pastillas de MDMA Dom Perignon en venta<\/b>, chemsfine se erige como el destino en l\u00ednea fiable y discreto. Conf\u00ede en nuestra calidad, transparencia y dedicaci\u00f3n a su satisfacci\u00f3n. Mejore su experiencia eligiendo chemsfine, donde la calidad superior se une a una garant\u00eda inquebrantable, en todo momento.<\/p>","protected":false},"excerpt":{"rendered":"<p>Descubra la calidad superior <b>Pastillas de MDMA<\/b> de la renombrada marca Dom Perignon. Cada pastilla contiene 260mg+ de MDMA pura, probada en laboratorio. Garantiza tu satisfacci\u00f3n al comprar en chemsfine, donde s\u00f3lo hay productos de primera calidad.<\/p>","protected":false},"featured_media":6130,"comment_status":"open","ping_status":"closed","template":"","meta":{"_joinchat":[]},"product_brand":[],"product_cat":[973],"product_tag":[],"class_list":{"0":"post-6089","1":"product","2":"type-product","3":"status-publish","4":"has-post-thumbnail","6":"product_cat-pills","8":"first","9":"instock","10":"shipping-taxable","11":"purchasable","12":"product-type-variable"},"yoast_head":"<!-- This site is optimized with the Yoast SEO plugin v27.2 - https:\/\/yoast.com\/product\/yoast-seo-wordpress\/ -->\n<title>Buy Dom Perignon MDMA Pills Online | Best Quality Available<\/title>\n<meta name=\"description\" content=\"Get premium Dom Perignon MDMA Pills online at chemsfine. Lab-tested for purity and potency. Experience satisfaction with our top-quality products available for purchase.\" \/>\n<meta name=\"robots\" content=\"index, follow, max-snippet:-1, max-image-preview:large, max-video-preview:-1\" \/>\n<link rel=\"canonical\" href=\"https:\/\/chemsfine.com\/es\/producto\/dom-perignon-mdma-pills\/\" \/>\n<meta property=\"og:locale\" content=\"es_ES\" \/>\n<meta property=\"og:type\" content=\"article\" \/>\n<meta property=\"og:title\" content=\"Buy Dom Perignon MDMA Pills Online | Best Quality Available\" \/>\n<meta property=\"og:description\" content=\"Get premium Dom Perignon MDMA Pills online at chemsfine. Lab-tested for purity and potency. Experience satisfaction with our top-quality products available for purchase.\" \/>\n<meta property=\"og:url\" content=\"https:\/\/chemsfine.com\/es\/producto\/dom-perignon-mdma-pills\/\" \/>\n<meta property=\"og:site_name\" content=\"Chemsfine\" \/>\n<meta property=\"article:modified_time\" content=\"2026-03-25T13:45:37+00:00\" \/>\n<meta property=\"og:image\" content=\"https:\/\/chemsfine.com\/wp-content\/uploads\/2026\/02\/10-250mg-dom-perignon-mdma-pills-1.png\" \/>\n\t<meta property=\"og:image:width\" content=\"989\" \/>\n\t<meta property=\"og:image:height\" content=\"397\" \/>\n\t<meta property=\"og:image:type\" content=\"image\/png\" \/>\n<meta name=\"twitter:card\" content=\"summary_large_image\" \/>\n<meta name=\"twitter:label1\" content=\"Tiempo de lectura\" \/>\n\t<meta name=\"twitter:data1\" content=\"8 minutos\" \/>\n<script type=\"application\/ld+json\" class=\"yoast-schema-graph\">{\"@context\":\"https:\/\/schema.org\",\"@graph\":[{\"@type\":\"WebPage\",\"@id\":\"https:\/\/chemsfine.com\/product\/dom-perignon-mdma-pills\/\",\"url\":\"https:\/\/chemsfine.com\/product\/dom-perignon-mdma-pills\/\",\"name\":\"Buy Dom Perignon MDMA Pills Online | Best Quality Available\",\"isPartOf\":{\"@id\":\"https:\/\/chemsfine.com\/#website\"},\"primaryImageOfPage\":{\"@id\":\"https:\/\/chemsfine.com\/product\/dom-perignon-mdma-pills\/#primaryimage\"},\"image\":{\"@id\":\"https:\/\/chemsfine.com\/product\/dom-perignon-mdma-pills\/#primaryimage\"},\"thumbnailUrl\":\"https:\/\/chemsfine.com\/wp-content\/uploads\/2026\/02\/10-250mg-dom-perignon-mdma-pills-1.png\",\"datePublished\":\"2026-02-12T09:57:01+00:00\",\"dateModified\":\"2026-03-25T13:45:37+00:00\",\"description\":\"Get premium Dom Perignon MDMA Pills online at chemsfine. Lab-tested for purity and potency. Experience satisfaction with our top-quality products available for purchase.\",\"breadcrumb\":{\"@id\":\"https:\/\/chemsfine.com\/product\/dom-perignon-mdma-pills\/#breadcrumb\"},\"inLanguage\":\"es\",\"potentialAction\":[{\"@type\":\"ReadAction\",\"target\":[\"https:\/\/chemsfine.com\/product\/dom-perignon-mdma-pills\/\"]}]},{\"@type\":\"ImageObject\",\"inLanguage\":\"es\",\"@id\":\"https:\/\/chemsfine.com\/product\/dom-perignon-mdma-pills\/#primaryimage\",\"url\":\"https:\/\/chemsfine.com\/wp-content\/uploads\/2026\/02\/10-250mg-dom-perignon-mdma-pills-1.png\",\"contentUrl\":\"https:\/\/chemsfine.com\/wp-content\/uploads\/2026\/02\/10-250mg-dom-perignon-mdma-pills-1.png\",\"width\":989,\"height\":397},{\"@type\":\"BreadcrumbList\",\"@id\":\"https:\/\/chemsfine.com\/product\/dom-perignon-mdma-pills\/#breadcrumb\",\"itemListElement\":[{\"@type\":\"ListItem\",\"position\":1,\"name\":\"Home\",\"item\":\"https:\/\/chemsfine.com\/\"},{\"@type\":\"ListItem\",\"position\":2,\"name\":\"Shop\",\"item\":\"https:\/\/chemsfine.com\/shop\/\"},{\"@type\":\"ListItem\",\"position\":3,\"name\":\"10x 250mg Dom Perignon MDMA Pills | Premium Quality\"}]},{\"@type\":\"WebSite\",\"@id\":\"https:\/\/chemsfine.com\/#website\",\"url\":\"https:\/\/chemsfine.com\/\",\"name\":\"Chemsfine\",\"description\":\"My WordPress Blog\",\"publisher\":{\"@id\":\"https:\/\/chemsfine.com\/#organization\"},\"potentialAction\":[{\"@type\":\"SearchAction\",\"target\":{\"@type\":\"EntryPoint\",\"urlTemplate\":\"https:\/\/chemsfine.com\/?s={search_term_string}\"},\"query-input\":{\"@type\":\"PropertyValueSpecification\",\"valueRequired\":true,\"valueName\":\"search_term_string\"}}],\"inLanguage\":\"es\"},{\"@type\":\"Organization\",\"@id\":\"https:\/\/chemsfine.com\/#organization\",\"name\":\"Chemsfine\",\"url\":\"https:\/\/chemsfine.com\/\",\"logo\":{\"@type\":\"ImageObject\",\"inLanguage\":\"es\",\"@id\":\"https:\/\/chemsfine.com\/#\/schema\/logo\/image\/\",\"url\":\"https:\/\/chemsfine.com\/wp-content\/uploads\/2024\/09\/final-logo.png\",\"contentUrl\":\"https:\/\/chemsfine.com\/wp-content\/uploads\/2024\/09\/final-logo.png\",\"width\":340,\"height\":72,\"caption\":\"Chemsfine\"},\"image\":{\"@id\":\"https:\/\/chemsfine.com\/#\/schema\/logo\/image\/\"}}]}<\/script>\n<!-- \/ Yoast SEO plugin. -->","yoast_head_json":{"title":"Comprar Dom Perignon pastillas de MDMA en l\u00ednea | La mejor calidad disponible","description":"Consigue Dom Perignon MDMA Pills online en chemsfine. Pureza y potencia probadas en laboratorio. Experimenta la satisfacci\u00f3n con nuestros productos de alta calidad disponibles para su compra.","robots":{"index":"index","follow":"follow","max-snippet":"max-snippet:-1","max-image-preview":"max-image-preview:large","max-video-preview":"max-video-preview:-1"},"canonical":"https:\/\/chemsfine.com\/es\/producto\/dom-perignon-mdma-pills\/","og_locale":"es_ES","og_type":"article","og_title":"Buy Dom Perignon MDMA Pills Online | Best Quality Available","og_description":"Get premium Dom Perignon MDMA Pills online at chemsfine. Lab-tested for purity and potency. Experience satisfaction with our top-quality products available for purchase.","og_url":"https:\/\/chemsfine.com\/es\/producto\/dom-perignon-mdma-pills\/","og_site_name":"Chemsfine","article_modified_time":"2026-03-25T13:45:37+00:00","og_image":[{"width":989,"height":397,"url":"https:\/\/chemsfine.com\/wp-content\/uploads\/2026\/02\/10-250mg-dom-perignon-mdma-pills-1.png","type":"image\/png"}],"twitter_card":"summary_large_image","twitter_misc":{"Tiempo de lectura":"8 minutos"},"schema":{"@context":"https:\/\/schema.org","@graph":[{"@type":"WebPage","@id":"https:\/\/chemsfine.com\/product\/dom-perignon-mdma-pills\/","url":"https:\/\/chemsfine.com\/product\/dom-perignon-mdma-pills\/","name":"Comprar Dom Perignon pastillas de MDMA en l\u00ednea | La mejor calidad disponible","isPartOf":{"@id":"https:\/\/chemsfine.com\/#website"},"primaryImageOfPage":{"@id":"https:\/\/chemsfine.com\/product\/dom-perignon-mdma-pills\/#primaryimage"},"image":{"@id":"https:\/\/chemsfine.com\/product\/dom-perignon-mdma-pills\/#primaryimage"},"thumbnailUrl":"https:\/\/chemsfine.com\/wp-content\/uploads\/2026\/02\/10-250mg-dom-perignon-mdma-pills-1.png","datePublished":"2026-02-12T09:57:01+00:00","dateModified":"2026-03-25T13:45:37+00:00","description":"Consigue Dom Perignon MDMA Pills online en chemsfine. Pureza y potencia probadas en laboratorio. Experimenta la satisfacci\u00f3n con nuestros productos de alta calidad disponibles para su compra.","breadcrumb":{"@id":"https:\/\/chemsfine.com\/product\/dom-perignon-mdma-pills\/#breadcrumb"},"inLanguage":"es","potentialAction":[{"@type":"ReadAction","target":["https:\/\/chemsfine.com\/product\/dom-perignon-mdma-pills\/"]}]},{"@type":"ImageObject","inLanguage":"es","@id":"https:\/\/chemsfine.com\/product\/dom-perignon-mdma-pills\/#primaryimage","url":"https:\/\/chemsfine.com\/wp-content\/uploads\/2026\/02\/10-250mg-dom-perignon-mdma-pills-1.png","contentUrl":"https:\/\/chemsfine.com\/wp-content\/uploads\/2026\/02\/10-250mg-dom-perignon-mdma-pills-1.png","width":989,"height":397},{"@type":"BreadcrumbList","@id":"https:\/\/chemsfine.com\/product\/dom-perignon-mdma-pills\/#breadcrumb","itemListElement":[{"@type":"ListItem","position":1,"name":"Home","item":"https:\/\/chemsfine.com\/"},{"@type":"ListItem","position":2,"name":"Shop","item":"https:\/\/chemsfine.com\/shop\/"},{"@type":"ListItem","position":3,"name":"10x 250mg Dom Perignon MDMA Pills | Premium Quality"}]},{"@type":"WebSite","@id":"https:\/\/chemsfine.com\/#website","url":"https:\/\/chemsfine.com\/","name":"Chemsfine","description":"Mi blog de WordPress","publisher":{"@id":"https:\/\/chemsfine.com\/#organization"},"potentialAction":[{"@type":"SearchAction","target":{"@type":"EntryPoint","urlTemplate":"https:\/\/chemsfine.com\/?s={search_term_string}"},"query-input":{"@type":"PropertyValueSpecification","valueRequired":true,"valueName":"search_term_string"}}],"inLanguage":"es"},{"@type":"Organization","@id":"https:\/\/chemsfine.com\/#organization","name":"Chemsfine","url":"https:\/\/chemsfine.com\/","logo":{"@type":"ImageObject","inLanguage":"es","@id":"https:\/\/chemsfine.com\/#\/schema\/logo\/image\/","url":"https:\/\/chemsfine.com\/wp-content\/uploads\/2024\/09\/final-logo.png","contentUrl":"https:\/\/chemsfine.com\/wp-content\/uploads\/2024\/09\/final-logo.png","width":340,"height":72,"caption":"Chemsfine"},"image":{"@id":"https:\/\/chemsfine.com\/#\/schema\/logo\/image\/"}}]}},"_links":{"self":[{"href":"https:\/\/chemsfine.com\/es\/wp-json\/wp\/v2\/product\/6089","targetHints":{"allow":["GET"]}}],"collection":[{"href":"https:\/\/chemsfine.com\/es\/wp-json\/wp\/v2\/product"}],"about":[{"href":"https:\/\/chemsfine.com\/es\/wp-json\/wp\/v2\/types\/product"}],"replies":[{"embeddable":true,"href":"https:\/\/chemsfine.com\/es\/wp-json\/wp\/v2\/comments?post=6089"}],"wp:featuredmedia":[{"embeddable":true,"href":"https:\/\/chemsfine.com\/es\/wp-json\/wp\/v2\/media\/6130"}],"wp:attachment":[{"href":"https:\/\/chemsfine.com\/es\/wp-json\/wp\/v2\/media?parent=6089"}],"wp:term":[{"taxonomy":"product_brand","embeddable":true,"href":"https:\/\/chemsfine.com\/es\/wp-json\/wp\/v2\/product_brand?post=6089"},{"taxonomy":"product_cat","embeddable":true,"href":"https:\/\/chemsfine.com\/es\/wp-json\/wp\/v2\/product_cat?post=6089"},{"taxonomy":"product_tag","embeddable":true,"href":"https:\/\/chemsfine.com\/es\/wp-json\/wp\/v2\/product_tag?post=6089"}],"curies":[{"name":"wp","href":"https:\/\/api.w.org\/{rel}","templated":true}]}}