{"id":6182,"date":"2026-02-12T09:59:30","date_gmt":"2026-02-12T09:59:30","guid":{"rendered":"https:\/\/chemsfine.com\/?post_type=product&#038;p=6182"},"modified":"2026-03-25T13:32:24","modified_gmt":"2026-03-25T13:32:24","slug":"comprar-fentanilo-en-polvo","status":"publish","type":"product","link":"https:\/\/chemsfine.com\/es\/product\/buy-fentanyl-powder\/","title":{"rendered":"Comprar Fentanilo en Polvo Online"},"content":{"rendered":"<p>En Chemsfine ofrecemos <b>Fentanilo en polvo en venta<\/b>, un compuesto meticulosamente sintetizado disponible para la investigaci\u00f3n leg\u00edtima y la investigaci\u00f3n cient\u00edfica. Este opioide sint\u00e9tico altamente potente se suministra en forma de alta pureza, <b>Fentanilo en polvo para investigaci\u00f3n<\/b>, est\u00e1 estrictamente destinado a entornos de laboratorio controlados. Los investigadores que deseen comprender su compleja farmacolog\u00eda, aplicaciones m\u00e9dicas, riesgos potenciales y peligros asociados a su uso encontrar\u00e1n aqu\u00ed informaci\u00f3n exhaustiva y un suministro fiable. Nos dedicamos a apoyar la investigaci\u00f3n cient\u00edfica vital sobre esta sustancia cr\u00edtica, al tiempo que mantenemos los m\u00e1s altos est\u00e1ndares de seguridad y distribuci\u00f3n \u00e9tica. Nuestro compromiso garantiza que usted pueda adquirir materiales aut\u00e9nticos para sus necesidades anal\u00edticas y experimentales, fomentando avances en el conocimiento de los compuestos opi\u00e1ceos.<\/p>\n<h2>\u00bfQu\u00e9 es el fentanilo en polvo?<\/h2>\n<p>El fentanilo (N-(1-(2-feniletil)-4-piperidinil)-N-fenilpropanamida) es un potente opioide sint\u00e9tico, perteneciente a la clase de las fenilpiperidinas. Funciona principalmente como agonista de los receptores \u00b5-opioides. Su f\u00f3rmula qu\u00edmica es C\u2082\u2082H\u2082\u2088N\u2082O. El n\u00famero de registro CAS es 437-38-7. Como producto qu\u00edmico de investigaci\u00f3n, <b>Fentanilo en polvo de primera calidad<\/b> permite a los cient\u00edficos explorar sus profundas propiedades analg\u00e9sicas y anest\u00e9sicas. Comprender sus interacciones y efectos moleculares es crucial para el desarrollo farmac\u00e9utico y el an\u00e1lisis forense. Este compuesto es conocido por su r\u00e1pido inicio y corta duraci\u00f3n de acci\u00f3n, lo que lo convierte en una valiosa herramienta en paradigmas de investigaci\u00f3n espec\u00edficos. Nuestro compromiso de proporcionar compuestos aut\u00e9nticos y altamente caracterizados garantiza que cada lote de fentanilo en polvo cumpla estrictas medidas de control de calidad, lo que lo hace ideal para estudios que requieren resultados precisos y consistentes. Los investigadores dependen de la integridad de sus muestras para obtener datos precisos, y nuestra dedicaci\u00f3n a la pureza y autenticidad respalda cada producto ofrecido por Chemsfine.<\/p>\n<table border=\"1\" style=\"width:100%;border-collapse: collapse\">\n<thead>\n<tr>\n<th>Propiedad<\/th>\n<th>Detalle<\/th>\n<\/tr>\n<\/thead>\n<tbody>\n<tr>\n<td>Nombre qu\u00edmico<\/td>\n<td>N-(1-(2-feniletil)-4-piperidinil)-N-fenilpropanamida<\/td>\n<\/tr>\n<tr>\n<td>N\u00famero CAS<\/td>\n<td>437-38-7<\/td>\n<\/tr>\n<tr>\n<td>F\u00f3rmula qu\u00edmica<\/td>\n<td>C\u2082\u2082H\u2082\u2088N\u2082O<\/td>\n<\/tr>\n<tr>\n<td>Masa molar<\/td>\n<td>336,46 g\/mol<\/td>\n<\/tr>\n<tr>\n<td>Apariencia<\/td>\n<td>Polvo cristalino blanco<\/td>\n<\/tr>\n<tr>\n<td>Pureza<\/td>\n<td>\u226599% (Grado de investigaci\u00f3n)<\/td>\n<\/tr>\n<\/tbody>\n<\/table>\n<h2>\u00bfPor qu\u00e9 comprar fentanilo en polvo online en Chemsfine?<\/h2>\n<p>A la hora de decidir d\u00f3nde <b>comprar Fentanilo en Polvo online<\/b>, Chemsfine es la principal fuente de productos qu\u00edmicos de alta pureza para la investigaci\u00f3n. Damos prioridad a la confianza y a la calidad inquebrantable en cada producto que enviamos. Nuestra <b>mejor Fentanyl en polvo disponible<\/b> se somete a pruebas rigurosas para garantizar una pureza y consistencia inigualables, cruciales para obtener resultados cient\u00edficos fiables. Entendemos las estrictas exigencias de los laboratorios de investigaci\u00f3n; por lo tanto, cada producto va acompa\u00f1ado de documentaci\u00f3n completa, incluidos Certificados de An\u00e1lisis (CoA), que verifican sus especificaciones. Adem\u00e1s, nuestra plataforma en l\u00ednea segura facilita un proceso de compra discreto y eficiente, garantizando que los investigadores puedan adquirir los compuestos que necesitan sin molestias innecesarias. Nos comprometemos a fomentar la investigaci\u00f3n responsable proporcionando sustancias que cumplan las normas \u00e9ticas y cient\u00edficas m\u00e1s estrictas. Nuestro equipo de atenci\u00f3n al cliente est\u00e1 bien informado y listo para ayudar con cualquier consulta, lo que refleja nuestra dedicaci\u00f3n a una experiencia fluida y de confianza para cada cliente.<\/p>\n<h2>Aplicaciones<\/h2>\n<p>En <b>Fentanilo en polvo para investigaci\u00f3n<\/b> que ofrece Chemsfine se utiliza en diversas aplicaciones cient\u00edficas avanzadas:<\/p>\n<ul>\n<li>Estudios farmacol\u00f3gicos sobre la uni\u00f3n y la cin\u00e9tica de activaci\u00f3n de los receptores opioides.<\/li>\n<li>Investigaci\u00f3n de mecanismos analg\u00e9sicos y estrategias de tratamiento del dolor.<\/li>\n<li>Desarrollo de nuevos antagonistas opi\u00e1ceos y agentes de reversi\u00f3n de sobredosis.<\/li>\n<li>An\u00e1lisis toxicol\u00f3gicos e investigaci\u00f3n forense para detectar y cuantificar opi\u00e1ceos sint\u00e9ticos.<\/li>\n<li>Investigaci\u00f3n neurocient\u00edfica para comprender los efectos de los opi\u00e1ceos en las v\u00edas cerebrales y los sistemas de recompensa.<\/li>\n<li>Estudios de metabolismo para identificar los metabolitos del fentanilo y su impacto fisiol\u00f3gico.<\/li>\n<li>Qu\u00edmica anal\u00edtica para el desarrollo y validaci\u00f3n de m\u00e9todos en la detecci\u00f3n de f\u00e1rmacos.<\/li>\n<\/ul>\n<p>Esta amplia gama de aplicaciones pone de relieve el papel fundamental que desempe\u00f1a este compuesto en el avance de nuestra comprensi\u00f3n de la farmacolog\u00eda de los opi\u00e1ceos y sus implicaciones sociales m\u00e1s amplias. Los investigadores interesados en otras sustancias controladas para su estudio tambi\u00e9n pueden encontrar <a href='https:\/\/chemsfine.com\/es\/producto\/comprar-psilocibina-online\/'>Psilocibina en l\u00ednea<\/a> para sus necesidades anal\u00edticas espec\u00edficas, apoyando diversos campos de la investigaci\u00f3n cient\u00edfica.<\/p>\n<h2>Seguridad y conformidad<\/h2>\n<p>La manipulaci\u00f3n de este compuesto de gran pureza exige el cumplimiento estricto de los protocolos de seguridad y las directrices normativas. Los investigadores deben utilizar el equipo de protecci\u00f3n personal (EPP) adecuado, incluidos guantes, batas de laboratorio y protecci\u00f3n ocular, para minimizar los riesgos de exposici\u00f3n. Todos los trabajos relacionados con el fentanilo deben realizarse en un entorno de laboratorio altamente controlado, preferiblemente dentro de una campana extractora o una cabina de bioseguridad, para evitar la inhalaci\u00f3n o el contacto accidental. Es primordial un conocimiento exhaustivo de las normativas regionales pertinentes relativas a las sustancias controladas, y su cumplimiento es responsabilidad exclusiva del comprador. Chemsfine proporciona Fichas de Datos de Seguridad (FDS) detalladas para todos nuestros productos, en las que se describe informaci\u00f3n fundamental sobre la manipulaci\u00f3n segura, el almacenamiento y los procedimientos de emergencia. Los certificados de an\u00e1lisis (CoA) tambi\u00e9n est\u00e1n disponibles, dando fe de la calidad y pureza del fentanilo de laboratorio, ayudando a\u00fan m\u00e1s en la evaluaci\u00f3n de riesgos y la verificaci\u00f3n del cumplimiento. Es imperativo que todos los investigadores reciban una formaci\u00f3n exhaustiva sobre la manipulaci\u00f3n de materiales peligrosos y comprendan plenamente los importantes peligros asociados a este potente compuesto.<\/p>\n<h2>\u00bfPor qu\u00e9 elegirnos?<\/h2>\n<p>Elegir Chemsfine para sus necesidades de productos qu\u00edmicos de investigaci\u00f3n significa optar por la fiabilidad, la transparencia y el valor. Cuando usted <b>Comprar Fentanilo en Polvo online<\/b> de nosotros, se beneficiar\u00e1 de nuestro inquebrantable compromiso con la garant\u00eda de calidad. Proporcionamos detalles transparentes sobre nuestros productos, garantizando que disponga de toda la informaci\u00f3n necesaria para su investigaci\u00f3n. Nuestros registros de lotes verificados garantizan la trazabilidad y la coherencia, lo que permite obtener resultados experimentales reproducibles. Nos enorgullecemos de ofrecer precios competitivos sin comprometer la pureza o integridad de nuestros compuestos, haciendo accesible la investigaci\u00f3n de alta calidad. Nuestra s\u00f3lida gesti\u00f3n de inventarios y nuestro eficiente proceso de env\u00edo garantizan que sus pedidos se procesen de forma r\u00e1pida y segura. Adem\u00e1s, nuestro equipo de atenci\u00f3n al cliente est\u00e1 siempre disponible para ayudarle, garantizando una experiencia de compra sin problemas desde la consulta hasta la entrega. Nuestra amplia gama va m\u00e1s all\u00e1 de los opioides sint\u00e9ticos y abarca diversos materiales de investigaci\u00f3n, entre ellos <a href='https:\/\/chemsfine.com\/es\/producto\/gorilla-glue-premium-cannabis-flower-buy-online\/'>flor de cannabis premium<\/a> para estudios bot\u00e1nicos y cannabinoides, garantizando un suministro diverso para la exploraci\u00f3n cient\u00edfica.<\/p>\n<h2>Conclusi\u00f3n<\/h2>\n<p>En resumen, Chemsfine es su fuente de confianza para <b>comprar Fentanilo en Polvo<\/b> para fines de investigaci\u00f3n leg\u00edtimos. Suministramos fentanilo de alta pureza sometido a pruebas rigurosas de calidad y consistencia, que apoyan investigaciones cient\u00edficas cr\u00edticas sobre sus usos m\u00e9dicos, efectos, riesgos y seguridad. Al proporcionar documentaci\u00f3n transparente, precios competitivos y un proceso de pedido seguro, permitimos a los investigadores de todo el mundo llevar a cabo sus estudios de forma responsable y eficaz. Adem\u00e1s de Fentanilo en Polvo, Chemsfine tambi\u00e9n proporciona otros materiales cr\u00edticos para la investigaci\u00f3n, tales como <a href='https:\/\/chemsfine.com\/es\/producto\/comprar-psilocibina-online\/'>Psilocibina de grado de investigaci\u00f3n<\/a>, para impulsar sus esfuerzos cient\u00edficos. Explore nuestra gama de productos qu\u00edmicos de investigaci\u00f3n de primera calidad y experimente la diferencia de Chemsfine: un compromiso con la excelencia en cada gramo y en cada estudio.<\/p>","protected":false},"excerpt":{"rendered":"<p>Asegure su suministro de <b>Fentanilo en polvo<\/b> a la venta en Chemsfine. Este compuesto de grado de investigaci\u00f3n ofrece informaci\u00f3n sobre sus usos m\u00e9dicos, riesgos y efectos farmacol\u00f3gicos, proporcionando datos esenciales para estudios de laboratorio controlados. Garantice la seguridad y el cumplimiento con nuestros productos de confianza.<\/p>","protected":false},"featured_media":6219,"comment_status":"open","ping_status":"closed","template":"","meta":{"_joinchat":[]},"product_brand":[],"product_cat":[951],"product_tag":[],"class_list":{"0":"post-6182","1":"product","2":"type-product","3":"status-publish","4":"has-post-thumbnail","6":"product_cat-stimulants","8":"first","9":"instock","10":"shipping-taxable","11":"purchasable","12":"product-type-variable"},"yoast_head":"<!-- This site is optimized with the Yoast SEO plugin v27.2 - https:\/\/yoast.com\/product\/yoast-seo-wordpress\/ -->\n<title>Fentanyl Powder For Sale | Buy Online at Best Price - Chemsfine<\/title>\n<meta name=\"description\" content=\"Discover Fentanyl Powder available for purchase. Learn its medical uses, risks &amp; safety. Secure your research-grade supply with Chemsfine&#039;s best prices online.\" \/>\n<meta name=\"robots\" content=\"index, follow, max-snippet:-1, max-image-preview:large, max-video-preview:-1\" \/>\n<link rel=\"canonical\" href=\"https:\/\/chemsfine.com\/es\/producto\/comprar-fentanilo-en-polvo\/\" \/>\n<meta property=\"og:locale\" content=\"es_ES\" \/>\n<meta property=\"og:type\" content=\"article\" \/>\n<meta property=\"og:title\" content=\"Fentanyl Powder For Sale | Buy Online at Best Price - Chemsfine\" \/>\n<meta property=\"og:description\" content=\"Discover Fentanyl Powder available for purchase. Learn its medical uses, risks &amp; safety. Secure your research-grade supply with Chemsfine&#039;s best prices online.\" \/>\n<meta property=\"og:url\" content=\"https:\/\/chemsfine.com\/es\/producto\/comprar-fentanilo-en-polvo\/\" \/>\n<meta property=\"og:site_name\" content=\"Chemsfine\" \/>\n<meta property=\"article:modified_time\" content=\"2026-03-25T13:32:24+00:00\" \/>\n<meta property=\"og:image\" content=\"https:\/\/chemsfine.com\/wp-content\/uploads\/2026\/02\/fentanyl-powder-risks-effects-safety-information-research-stimulants-2.jpeg\" \/>\n\t<meta property=\"og:image:width\" content=\"390\" \/>\n\t<meta property=\"og:image:height\" content=\"204\" \/>\n\t<meta property=\"og:image:type\" content=\"image\/jpeg\" \/>\n<meta name=\"twitter:card\" content=\"summary_large_image\" \/>\n<meta name=\"twitter:label1\" content=\"Tiempo de lectura\" \/>\n\t<meta name=\"twitter:data1\" content=\"5 minutos\" \/>\n<script type=\"application\/ld+json\" class=\"yoast-schema-graph\">{\"@context\":\"https:\/\/schema.org\",\"@graph\":[{\"@type\":\"WebPage\",\"@id\":\"https:\/\/chemsfine.com\/product\/buy-fentanyl-powder\/\",\"url\":\"https:\/\/chemsfine.com\/product\/buy-fentanyl-powder\/\",\"name\":\"Fentanyl Powder For Sale | Buy Online at Best Price - Chemsfine\",\"isPartOf\":{\"@id\":\"https:\/\/chemsfine.com\/#website\"},\"primaryImageOfPage\":{\"@id\":\"https:\/\/chemsfine.com\/product\/buy-fentanyl-powder\/#primaryimage\"},\"image\":{\"@id\":\"https:\/\/chemsfine.com\/product\/buy-fentanyl-powder\/#primaryimage\"},\"thumbnailUrl\":\"https:\/\/chemsfine.com\/wp-content\/uploads\/2026\/02\/fentanyl-powder-risks-effects-safety-information-research-stimulants-2.jpeg\",\"datePublished\":\"2026-02-12T09:59:30+00:00\",\"dateModified\":\"2026-03-25T13:32:24+00:00\",\"description\":\"Discover Fentanyl Powder available for purchase. Learn its medical uses, risks &amp; safety. Secure your research-grade supply with Chemsfine's best prices online.\",\"breadcrumb\":{\"@id\":\"https:\/\/chemsfine.com\/product\/buy-fentanyl-powder\/#breadcrumb\"},\"inLanguage\":\"es\",\"potentialAction\":[{\"@type\":\"ReadAction\",\"target\":[\"https:\/\/chemsfine.com\/product\/buy-fentanyl-powder\/\"]}]},{\"@type\":\"ImageObject\",\"inLanguage\":\"es\",\"@id\":\"https:\/\/chemsfine.com\/product\/buy-fentanyl-powder\/#primaryimage\",\"url\":\"https:\/\/chemsfine.com\/wp-content\/uploads\/2026\/02\/fentanyl-powder-risks-effects-safety-information-research-stimulants-2.jpeg\",\"contentUrl\":\"https:\/\/chemsfine.com\/wp-content\/uploads\/2026\/02\/fentanyl-powder-risks-effects-safety-information-research-stimulants-2.jpeg\",\"width\":390,\"height\":204},{\"@type\":\"BreadcrumbList\",\"@id\":\"https:\/\/chemsfine.com\/product\/buy-fentanyl-powder\/#breadcrumb\",\"itemListElement\":[{\"@type\":\"ListItem\",\"position\":1,\"name\":\"Home\",\"item\":\"https:\/\/chemsfine.com\/\"},{\"@type\":\"ListItem\",\"position\":2,\"name\":\"Shop\",\"item\":\"https:\/\/chemsfine.com\/shop\/\"},{\"@type\":\"ListItem\",\"position\":3,\"name\":\"Buy Fentanyl Powder for sale Online\"}]},{\"@type\":\"WebSite\",\"@id\":\"https:\/\/chemsfine.com\/#website\",\"url\":\"https:\/\/chemsfine.com\/\",\"name\":\"Chemsfine\",\"description\":\"My WordPress Blog\",\"publisher\":{\"@id\":\"https:\/\/chemsfine.com\/#organization\"},\"potentialAction\":[{\"@type\":\"SearchAction\",\"target\":{\"@type\":\"EntryPoint\",\"urlTemplate\":\"https:\/\/chemsfine.com\/?s={search_term_string}\"},\"query-input\":{\"@type\":\"PropertyValueSpecification\",\"valueRequired\":true,\"valueName\":\"search_term_string\"}}],\"inLanguage\":\"es\"},{\"@type\":\"Organization\",\"@id\":\"https:\/\/chemsfine.com\/#organization\",\"name\":\"Chemsfine\",\"url\":\"https:\/\/chemsfine.com\/\",\"logo\":{\"@type\":\"ImageObject\",\"inLanguage\":\"es\",\"@id\":\"https:\/\/chemsfine.com\/#\/schema\/logo\/image\/\",\"url\":\"https:\/\/chemsfine.com\/wp-content\/uploads\/2024\/09\/final-logo.png\",\"contentUrl\":\"https:\/\/chemsfine.com\/wp-content\/uploads\/2024\/09\/final-logo.png\",\"width\":340,\"height\":72,\"caption\":\"Chemsfine\"},\"image\":{\"@id\":\"https:\/\/chemsfine.com\/#\/schema\/logo\/image\/\"}}]}<\/script>\n<!-- \/ Yoast SEO plugin. -->","yoast_head_json":{"title":"Fentanyl Powder For Sale | Compre Online al Mejor Precio - Chemsfine","description":"Descubre el Fentanilo en Polvo disponible para su compra. Conozca sus usos m\u00e9dicos, riesgos y seguridad. Aseg\u00farese su suministro de grado de investigaci\u00f3n con los mejores precios de Chemsfine en l\u00ednea.","robots":{"index":"index","follow":"follow","max-snippet":"max-snippet:-1","max-image-preview":"max-image-preview:large","max-video-preview":"max-video-preview:-1"},"canonical":"https:\/\/chemsfine.com\/es\/producto\/comprar-fentanilo-en-polvo\/","og_locale":"es_ES","og_type":"article","og_title":"Fentanyl Powder For Sale | Buy Online at Best Price - Chemsfine","og_description":"Discover Fentanyl Powder available for purchase. Learn its medical uses, risks &amp; safety. Secure your research-grade supply with Chemsfine's best prices online.","og_url":"https:\/\/chemsfine.com\/es\/producto\/comprar-fentanilo-en-polvo\/","og_site_name":"Chemsfine","article_modified_time":"2026-03-25T13:32:24+00:00","og_image":[{"width":390,"height":204,"url":"https:\/\/chemsfine.com\/wp-content\/uploads\/2026\/02\/fentanyl-powder-risks-effects-safety-information-research-stimulants-2.jpeg","type":"image\/jpeg"}],"twitter_card":"summary_large_image","twitter_misc":{"Tiempo de lectura":"5 minutos"},"schema":{"@context":"https:\/\/schema.org","@graph":[{"@type":"WebPage","@id":"https:\/\/chemsfine.com\/product\/buy-fentanyl-powder\/","url":"https:\/\/chemsfine.com\/product\/buy-fentanyl-powder\/","name":"Fentanyl Powder For Sale | Compre Online al Mejor Precio - Chemsfine","isPartOf":{"@id":"https:\/\/chemsfine.com\/#website"},"primaryImageOfPage":{"@id":"https:\/\/chemsfine.com\/product\/buy-fentanyl-powder\/#primaryimage"},"image":{"@id":"https:\/\/chemsfine.com\/product\/buy-fentanyl-powder\/#primaryimage"},"thumbnailUrl":"https:\/\/chemsfine.com\/wp-content\/uploads\/2026\/02\/fentanyl-powder-risks-effects-safety-information-research-stimulants-2.jpeg","datePublished":"2026-02-12T09:59:30+00:00","dateModified":"2026-03-25T13:32:24+00:00","description":"Descubre el Fentanilo en Polvo disponible para su compra. Conozca sus usos m\u00e9dicos, riesgos y seguridad. Aseg\u00farese su suministro de grado de investigaci\u00f3n con los mejores precios de Chemsfine en l\u00ednea.","breadcrumb":{"@id":"https:\/\/chemsfine.com\/product\/buy-fentanyl-powder\/#breadcrumb"},"inLanguage":"es","potentialAction":[{"@type":"ReadAction","target":["https:\/\/chemsfine.com\/product\/buy-fentanyl-powder\/"]}]},{"@type":"ImageObject","inLanguage":"es","@id":"https:\/\/chemsfine.com\/product\/buy-fentanyl-powder\/#primaryimage","url":"https:\/\/chemsfine.com\/wp-content\/uploads\/2026\/02\/fentanyl-powder-risks-effects-safety-information-research-stimulants-2.jpeg","contentUrl":"https:\/\/chemsfine.com\/wp-content\/uploads\/2026\/02\/fentanyl-powder-risks-effects-safety-information-research-stimulants-2.jpeg","width":390,"height":204},{"@type":"BreadcrumbList","@id":"https:\/\/chemsfine.com\/product\/buy-fentanyl-powder\/#breadcrumb","itemListElement":[{"@type":"ListItem","position":1,"name":"Home","item":"https:\/\/chemsfine.com\/"},{"@type":"ListItem","position":2,"name":"Shop","item":"https:\/\/chemsfine.com\/shop\/"},{"@type":"ListItem","position":3,"name":"Buy Fentanyl Powder for sale Online"}]},{"@type":"WebSite","@id":"https:\/\/chemsfine.com\/#website","url":"https:\/\/chemsfine.com\/","name":"Chemsfine","description":"Mi blog de WordPress","publisher":{"@id":"https:\/\/chemsfine.com\/#organization"},"potentialAction":[{"@type":"SearchAction","target":{"@type":"EntryPoint","urlTemplate":"https:\/\/chemsfine.com\/?s={search_term_string}"},"query-input":{"@type":"PropertyValueSpecification","valueRequired":true,"valueName":"search_term_string"}}],"inLanguage":"es"},{"@type":"Organization","@id":"https:\/\/chemsfine.com\/#organization","name":"Chemsfine","url":"https:\/\/chemsfine.com\/","logo":{"@type":"ImageObject","inLanguage":"es","@id":"https:\/\/chemsfine.com\/#\/schema\/logo\/image\/","url":"https:\/\/chemsfine.com\/wp-content\/uploads\/2024\/09\/final-logo.png","contentUrl":"https:\/\/chemsfine.com\/wp-content\/uploads\/2024\/09\/final-logo.png","width":340,"height":72,"caption":"Chemsfine"},"image":{"@id":"https:\/\/chemsfine.com\/#\/schema\/logo\/image\/"}}]}},"_links":{"self":[{"href":"https:\/\/chemsfine.com\/es\/wp-json\/wp\/v2\/product\/6182","targetHints":{"allow":["GET"]}}],"collection":[{"href":"https:\/\/chemsfine.com\/es\/wp-json\/wp\/v2\/product"}],"about":[{"href":"https:\/\/chemsfine.com\/es\/wp-json\/wp\/v2\/types\/product"}],"replies":[{"embeddable":true,"href":"https:\/\/chemsfine.com\/es\/wp-json\/wp\/v2\/comments?post=6182"}],"wp:featuredmedia":[{"embeddable":true,"href":"https:\/\/chemsfine.com\/es\/wp-json\/wp\/v2\/media\/6219"}],"wp:attachment":[{"href":"https:\/\/chemsfine.com\/es\/wp-json\/wp\/v2\/media?parent=6182"}],"wp:term":[{"taxonomy":"product_brand","embeddable":true,"href":"https:\/\/chemsfine.com\/es\/wp-json\/wp\/v2\/product_brand?post=6182"},{"taxonomy":"product_cat","embeddable":true,"href":"https:\/\/chemsfine.com\/es\/wp-json\/wp\/v2\/product_cat?post=6182"},{"taxonomy":"product_tag","embeddable":true,"href":"https:\/\/chemsfine.com\/es\/wp-json\/wp\/v2\/product_tag?post=6182"}],"curies":[{"name":"wp","href":"https:\/\/api.w.org\/{rel}","templated":true}]}}