{"id":6269,"date":"2026-02-12T10:01:35","date_gmt":"2026-02-12T10:01:35","guid":{"rendered":"https:\/\/chemsfine.com\/?post_type=product&#038;p=6269"},"modified":"2026-03-25T13:23:53","modified_gmt":"2026-03-25T13:23:53","slug":"buy-meo-mdpv-stimulant","status":"publish","type":"product","link":"https:\/\/chemsfine.com\/es\/product\/buy-meo-mdpv-stimulant\/","title":{"rendered":"6-MeO-MDPV - Estimulante qu\u00edmico de investigaci\u00f3n de primera calidad"},"content":{"rendered":"<p>Si desea <b>comprar MDPV en venta<\/b>, Chemsfine ofrece una fuente fiable para sus necesidades de investigaci\u00f3n. La MDPV (Metilendioxipirovalerona) es una potente droga estimulante perteneciente a la clase de las catinonas, reconocida por su acci\u00f3n como inhibidor de la recaptaci\u00f3n de norepinefrina-dopamina (IRND). Este compuesto fue desarrollado inicialmente en la d\u00e9cada de 1960 por un equipo de Boehringer Ingelheim. Durante muchos a\u00f1os, la MDPV sigui\u00f3 siendo un estimulante poco conocido, pero su perfil cambi\u00f3 de forma significativa en torno a 2004, cuando empez\u00f3 a aparecer como droga de dise\u00f1o. Antes de que se prohibiera en 2011, los productos que conten\u00edan MDPV se comercializaban a menudo como \u2018sales de ba\u00f1o\u2019 y se vend\u00edan como drogas recreativas en tiendas de conveniencia, de forma parecida a como se vend\u00edan \u2018Spice\u2019 y \u2018K2\u2019 como incienso. Ahora, se pueden encontrar <b>MDPV de calidad superior<\/b> disponible exclusivamente para la investigaci\u00f3n qu\u00edmica.<\/p>\n<h2>\u00bfQu\u00e9 es la MDPV?<\/h2>\n<p>La MDPV, un conocido compuesto estimulante, se clasifica en el grupo de las pirrolidinas sustituidas. Esta sustancia qu\u00edmica comparte una estrecha relaci\u00f3n con la pirovalerona, una droga conocida por sus efectos psicoactivos. Act\u00faa principalmente como estimulante y, seg\u00fan los informes, produce efectos similares a los de compuestos establecidos como la coca\u00edna, el metilfenidato y las anfetaminas. Los investigadores que buscan <b>encargar MDPV online<\/b> apreciar\u00e1n la comprensi\u00f3n de sus mecanismos b\u00e1sicos.<\/p>\n<h2>Identificaci\u00f3n de sustancias<\/h2>\n<p>Para una investigaci\u00f3n precisa, es crucial comprender los par\u00e1metros de identificaci\u00f3n de la MDPV. Garantizamos que nuestro producto cumple rigurosas normas como <b>grado de laboratorio en venta<\/b>.<\/p>\n<table>\n<thead>\n<tr>\n<th>Caracter\u00edstica<\/th>\n<th>Detalle<\/th>\n<\/tr>\n<\/thead>\n<tbody>\n<tr>\n<td>Nombre formal<\/td>\n<td>1-(1,3-Benzodioxol-5-yl)-2-(pyrrolidin-1-yl)pentan-1-one<\/td>\n<\/tr>\n<tr>\n<td>F\u00f3rmula qu\u00edmica<\/td>\n<td>C<sub>16<\/sub>H<sub>21<\/sub>NO<sub>3<\/sub><\/td>\n<\/tr>\n<tr>\n<td>Peso molecular<\/td>\n<td>275.343<\/td>\n<\/tr>\n<\/tbody>\n<\/table>\n<h2>Efectos y dosis<\/h2>\n<p>Los efectos psicol\u00f3gicos primarios de la MDPV suelen tener una duraci\u00f3n aproximada de 3 a 4 horas. Tras estos efectos iniciales, pueden persistir efectos secundarios como taquicardia, hipertensi\u00f3n y estimulaci\u00f3n leve durante otras 6 a 8 horas. Informes anecd\u00f3ticos sugieren que dosis m\u00e1s altas o intervalos de dosificaci\u00f3n m\u00e1s frecuentes pueden provocar psicosis derivadas de la abstinencia del sue\u00f1o y la adicci\u00f3n. Tambi\u00e9n se ha observado sistem\u00e1ticamente que la MDPV puede inducir ansias irresistibles de volver a administrarla. Al realizar investigaciones con la <b>mejor MDPV disponible<\/b>, Es esencial considerar detenidamente estos aspectos.<\/p>\n<h2>Toxicolog\u00eda<\/h2>\n<p>La comunidad cient\u00edfica no ha estudiado en profundidad la toxicidad y los efectos a largo plazo sobre la salud asociados al consumo recreativo de MDPV. En consecuencia, la dosis nociva espec\u00edfica sigue siendo oscura. Sin embargo, el \u00edndice terap\u00e9utico de la MDPV, tal y como se documenta en la bibliograf\u00eda original de la patente, fue de 875 basado en la administraci\u00f3n subcut\u00e1nea (s.c.) en ratones. Como sustancia qu\u00edmica de investigaci\u00f3n, es vital manejarla con la debida precauci\u00f3n.<\/p>\n<h2>Apariencia<\/h2>\n<p>La sal clorhidrato de MDPV se presenta como un polvo cristalino muy fino. Es notablemente higrosc\u00f3pica, lo que significa que absorbe f\u00e1cilmente la humedad del aire, formando a menudo grumos que se asemejan al az\u00facar en polvo. Su color puede variar desde el blanco puro hasta el amarillento-canela, y posee un ligero olor que se intensifica a medida que se acent\u00faa su color. Esta descripci\u00f3n f\u00edsica ayuda a los investigadores a identificar <b>MDPV aut\u00e9ntico<\/b>.<\/p>\n<h2>Farmacolog\u00eda<\/h2>\n<p>La metilendioxipirovalerona ha tenido hist\u00f3ricamente un historial de uso m\u00e9dico aprobado por la FDA, y su perfil farmacol\u00f3gico destaca sus propiedades estimulantes. Los estudios en ratas han demostrado que la MDPV puede producir efectos reforzantes potentes y una autoadministraci\u00f3n compulsiva. Curiosamente, esta observaci\u00f3n en modelos animales fue confirmada provisionalmente por casos documentados de uso indebido y adicci\u00f3n en humanos incluso antes de que se realizaran estas pruebas con animales. La MDPV tambi\u00e9n se reconoce como el an\u00e1logo sustituido por el anillo 3,4-metilendioxi de la pirovalerona, un compuesto desarrollado en la d\u00e9cada de 1960 y utilizado tradicionalmente para el tratamiento de la fatiga cr\u00f3nica y como anorex\u00edgeno.<\/p>\n<h2>\u00bfPara qu\u00e9 se utiliza la MDPV?<\/h2>\n<p>Como sustancia qu\u00edmica de investigaci\u00f3n especializada, actualmente s\u00f3lo se dispone de datos limitados sobre el uso de la MDPV en humanos. Funciona como una droga de dise\u00f1o conocida por su fuerte efecto estimulante. Las investigaciones indican que la MDPV puede ser m\u00e1s potente y eficaz que la coca\u00edna en su capacidad para inducir diversas respuestas fisiol\u00f3gicas, como la activaci\u00f3n locomotora, la taquicardia (aceleraci\u00f3n del ritmo card\u00edaco) y la hipertensi\u00f3n (presi\u00f3n arterial alta). Este compuesto es estrictamente para fines de investigaci\u00f3n qu\u00edmica.<\/p>\n<h2>\u00bfCu\u00e1les son las reacciones de la MDPV en los seres humanos?<\/h2>\n<p>Las observaciones representativas cl\u00ednicamente relevantes recopiladas de la literatura de casos cl\u00ednicos indican una serie de reacciones humanas. Es importante se\u00f1alar que la identificaci\u00f3n inequ\u00edvoca de la MDPV no siempre ha sido posible en todos los casos. La inclusi\u00f3n de estas observaciones se debe a una asociaci\u00f3n directa entre el t\u00e9rmino de b\u00fasqueda \u201cMDPV\u201d y los hallazgos en bases de datos cient\u00edficas, as\u00ed como a las conexiones realizadas entre la MDPV y diversos informes de casos. No se pudo establecer universalmente una relaci\u00f3n causal definitiva debido a otros factores de confusi\u00f3n, como los antecedentes preexistentes de policonsumo y problemas de salud mental.<\/p>\n<p>Sin embargo, en los casos en los que su uso se ha establecido de forma inequ\u00edvoca, se han observado efectos neurol\u00f3gicos y cardiovasculares consistentes que concuerdan con un extenso toxidrome estimulante. Adem\u00e1s, aparecen con frecuencia varios rasgos conspicuos, como una duraci\u00f3n excepcionalmente larga de los efectos y secuelas (a menudo superior a 24 horas), comportamiento combativo, hipertermia y psicosis, que ha abarcado ejemplos de alucinaciones tanto auditivas como visuales.<\/p>\n<h2>\u00bfD\u00f3nde comprar MDPV?<\/h2>\n<p>Para quienes deseen <b>comprar alta pureza en venta<\/b> para una investigaci\u00f3n leg\u00edtima, Chemsfine es su fuente de confianza. En nuestra tienda, puede <b>comprar MDPV online<\/b> en grandes cantidades, benefici\u00e1ndose de env\u00edos gratuitos y una amplia garant\u00eda de entrega. Facilitamos <b>comprar ahora en l\u00ednea<\/b>, Ofrecemos este producto qu\u00edmico de investigaci\u00f3n en diversas formas, como cristal, polvo y l\u00edquido. Garantice un <b>compra segura<\/b> para sus necesidades de laboratorio. Recuerde que este producto qu\u00edmico de investigaci\u00f3n no est\u00e1 destinado al consumo humano y s\u00f3lo debe utilizarse con fines de investigaci\u00f3n qu\u00edmica.<\/p>\n<h2>Conclusi\u00f3n<\/h2>\n<p>En Chemsfine, nos dedicamos a proporcionar a los investigadores compuestos qu\u00edmicos aut\u00e9nticos y de alta calidad. Cuando necesite <b>comprar MDPV en venta<\/b>, Nuestro compromiso con la pureza y la satisfacci\u00f3n del cliente garantiza una experiencia perfecta en todas sus actividades cient\u00edficas.<\/p>","protected":false},"excerpt":{"rendered":"<p>Explore <b>6-MeO-MDPV<\/b> (MDPV), un potente estimulante de investigaci\u00f3n. Como inhibidor de la recaptaci\u00f3n de norepinefrina-dopamina, la MDPV es un producto qu\u00edmico de gran pureza disponible en forma de cristal, polvo y l\u00edquido. Compre este vers\u00e1til producto qu\u00edmico de investigaci\u00f3n en Chemsfine para una adquisici\u00f3n segura y fiable.<\/p>","protected":false},"featured_media":6307,"comment_status":"open","ping_status":"closed","template":"","meta":{"_joinchat":[]},"product_brand":[],"product_cat":[951],"product_tag":[],"class_list":{"0":"post-6269","1":"product","2":"type-product","3":"status-publish","4":"has-post-thumbnail","6":"product_cat-stimulants","8":"first","9":"instock","10":"shipping-taxable","11":"purchasable","12":"product-type-variable"},"yoast_head":"<!-- This site is optimized with the Yoast SEO plugin v27.2 - https:\/\/yoast.com\/product\/yoast-seo-wordpress\/ -->\n<title>Buy MDPV Online - High Purity Research Chemical Available<\/title>\n<meta name=\"description\" content=\"Explore 6-MeO-MDPV, a premium research-grade stimulant. Buy MDPV online at Chemsfine with secure purchase and delivery. Ideal for chemical research.\" \/>\n<meta name=\"robots\" content=\"index, follow, max-snippet:-1, max-image-preview:large, max-video-preview:-1\" \/>\n<link rel=\"canonical\" href=\"https:\/\/chemsfine.com\/es\/producto\/buy-meo-mdpv-stimulant\/\" \/>\n<meta property=\"og:locale\" content=\"es_ES\" \/>\n<meta property=\"og:type\" content=\"article\" \/>\n<meta property=\"og:title\" content=\"Buy MDPV Online - High Purity Research Chemical Available\" \/>\n<meta property=\"og:description\" content=\"Explore 6-MeO-MDPV, a premium research-grade stimulant. Buy MDPV online at Chemsfine with secure purchase and delivery. Ideal for chemical research.\" \/>\n<meta property=\"og:url\" content=\"https:\/\/chemsfine.com\/es\/producto\/buy-meo-mdpv-stimulant\/\" \/>\n<meta property=\"og:site_name\" content=\"Chemsfine\" \/>\n<meta property=\"article:modified_time\" content=\"2026-03-25T13:23:53+00:00\" \/>\n<meta property=\"og:image\" content=\"https:\/\/chemsfine.com\/wp-content\/uploads\/2026\/02\/6-meo-mdpv-1.jpeg\" \/>\n\t<meta property=\"og:image:width\" content=\"498\" \/>\n\t<meta property=\"og:image:height\" content=\"1080\" \/>\n\t<meta property=\"og:image:type\" content=\"image\/jpeg\" \/>\n<meta name=\"twitter:card\" content=\"summary_large_image\" \/>\n<meta name=\"twitter:label1\" content=\"Tiempo de lectura\" \/>\n\t<meta name=\"twitter:data1\" content=\"4 minutos\" \/>\n<script type=\"application\/ld+json\" class=\"yoast-schema-graph\">{\"@context\":\"https:\/\/schema.org\",\"@graph\":[{\"@type\":\"WebPage\",\"@id\":\"https:\/\/chemsfine.com\/product\/buy-meo-mdpv-stimulant\/\",\"url\":\"https:\/\/chemsfine.com\/product\/buy-meo-mdpv-stimulant\/\",\"name\":\"Buy MDPV Online - High Purity Research Chemical Available\",\"isPartOf\":{\"@id\":\"https:\/\/chemsfine.com\/#website\"},\"primaryImageOfPage\":{\"@id\":\"https:\/\/chemsfine.com\/product\/buy-meo-mdpv-stimulant\/#primaryimage\"},\"image\":{\"@id\":\"https:\/\/chemsfine.com\/product\/buy-meo-mdpv-stimulant\/#primaryimage\"},\"thumbnailUrl\":\"https:\/\/chemsfine.com\/wp-content\/uploads\/2026\/02\/6-meo-mdpv-1.jpeg\",\"datePublished\":\"2026-02-12T10:01:35+00:00\",\"dateModified\":\"2026-03-25T13:23:53+00:00\",\"description\":\"Explore 6-MeO-MDPV, a premium research-grade stimulant. Buy MDPV online at Chemsfine with secure purchase and delivery. Ideal for chemical research.\",\"breadcrumb\":{\"@id\":\"https:\/\/chemsfine.com\/product\/buy-meo-mdpv-stimulant\/#breadcrumb\"},\"inLanguage\":\"es\",\"potentialAction\":[{\"@type\":\"ReadAction\",\"target\":[\"https:\/\/chemsfine.com\/product\/buy-meo-mdpv-stimulant\/\"]}]},{\"@type\":\"ImageObject\",\"inLanguage\":\"es\",\"@id\":\"https:\/\/chemsfine.com\/product\/buy-meo-mdpv-stimulant\/#primaryimage\",\"url\":\"https:\/\/chemsfine.com\/wp-content\/uploads\/2026\/02\/6-meo-mdpv-1.jpeg\",\"contentUrl\":\"https:\/\/chemsfine.com\/wp-content\/uploads\/2026\/02\/6-meo-mdpv-1.jpeg\",\"width\":498,\"height\":1080},{\"@type\":\"BreadcrumbList\",\"@id\":\"https:\/\/chemsfine.com\/product\/buy-meo-mdpv-stimulant\/#breadcrumb\",\"itemListElement\":[{\"@type\":\"ListItem\",\"position\":1,\"name\":\"Home\",\"item\":\"https:\/\/chemsfine.com\/\"},{\"@type\":\"ListItem\",\"position\":2,\"name\":\"Shop\",\"item\":\"https:\/\/chemsfine.com\/shop\/\"},{\"@type\":\"ListItem\",\"position\":3,\"name\":\"6-MeO-MDPV \u2013 Premium Research Chemical Stimulant\"}]},{\"@type\":\"WebSite\",\"@id\":\"https:\/\/chemsfine.com\/#website\",\"url\":\"https:\/\/chemsfine.com\/\",\"name\":\"Chemsfine\",\"description\":\"My WordPress Blog\",\"publisher\":{\"@id\":\"https:\/\/chemsfine.com\/#organization\"},\"potentialAction\":[{\"@type\":\"SearchAction\",\"target\":{\"@type\":\"EntryPoint\",\"urlTemplate\":\"https:\/\/chemsfine.com\/?s={search_term_string}\"},\"query-input\":{\"@type\":\"PropertyValueSpecification\",\"valueRequired\":true,\"valueName\":\"search_term_string\"}}],\"inLanguage\":\"es\"},{\"@type\":\"Organization\",\"@id\":\"https:\/\/chemsfine.com\/#organization\",\"name\":\"Chemsfine\",\"url\":\"https:\/\/chemsfine.com\/\",\"logo\":{\"@type\":\"ImageObject\",\"inLanguage\":\"es\",\"@id\":\"https:\/\/chemsfine.com\/#\/schema\/logo\/image\/\",\"url\":\"https:\/\/chemsfine.com\/wp-content\/uploads\/2024\/09\/final-logo.png\",\"contentUrl\":\"https:\/\/chemsfine.com\/wp-content\/uploads\/2024\/09\/final-logo.png\",\"width\":340,\"height\":72,\"caption\":\"Chemsfine\"},\"image\":{\"@id\":\"https:\/\/chemsfine.com\/#\/schema\/logo\/image\/\"}}]}<\/script>\n<!-- \/ Yoast SEO plugin. -->","yoast_head_json":{"title":"Comprar MDPV Online - Qu\u00edmico de Investigaci\u00f3n de Alta Pureza Disponible","description":"Explore 6-MeO-MDPV, un estimulante de grado de investigaci\u00f3n de primera calidad. Compre MDPV online en Chemsfine con compra y entrega seguras. Ideal para la investigaci\u00f3n qu\u00edmica.","robots":{"index":"index","follow":"follow","max-snippet":"max-snippet:-1","max-image-preview":"max-image-preview:large","max-video-preview":"max-video-preview:-1"},"canonical":"https:\/\/chemsfine.com\/es\/producto\/buy-meo-mdpv-stimulant\/","og_locale":"es_ES","og_type":"article","og_title":"Buy MDPV Online - High Purity Research Chemical Available","og_description":"Explore 6-MeO-MDPV, a premium research-grade stimulant. Buy MDPV online at Chemsfine with secure purchase and delivery. Ideal for chemical research.","og_url":"https:\/\/chemsfine.com\/es\/producto\/buy-meo-mdpv-stimulant\/","og_site_name":"Chemsfine","article_modified_time":"2026-03-25T13:23:53+00:00","og_image":[{"width":498,"height":1080,"url":"https:\/\/chemsfine.com\/wp-content\/uploads\/2026\/02\/6-meo-mdpv-1.jpeg","type":"image\/jpeg"}],"twitter_card":"summary_large_image","twitter_misc":{"Tiempo de lectura":"4 minutos"},"schema":{"@context":"https:\/\/schema.org","@graph":[{"@type":"WebPage","@id":"https:\/\/chemsfine.com\/product\/buy-meo-mdpv-stimulant\/","url":"https:\/\/chemsfine.com\/product\/buy-meo-mdpv-stimulant\/","name":"Comprar MDPV Online - Qu\u00edmico de Investigaci\u00f3n de Alta Pureza Disponible","isPartOf":{"@id":"https:\/\/chemsfine.com\/#website"},"primaryImageOfPage":{"@id":"https:\/\/chemsfine.com\/product\/buy-meo-mdpv-stimulant\/#primaryimage"},"image":{"@id":"https:\/\/chemsfine.com\/product\/buy-meo-mdpv-stimulant\/#primaryimage"},"thumbnailUrl":"https:\/\/chemsfine.com\/wp-content\/uploads\/2026\/02\/6-meo-mdpv-1.jpeg","datePublished":"2026-02-12T10:01:35+00:00","dateModified":"2026-03-25T13:23:53+00:00","description":"Explore 6-MeO-MDPV, un estimulante de grado de investigaci\u00f3n de primera calidad. Compre MDPV online en Chemsfine con compra y entrega seguras. Ideal para la investigaci\u00f3n qu\u00edmica.","breadcrumb":{"@id":"https:\/\/chemsfine.com\/product\/buy-meo-mdpv-stimulant\/#breadcrumb"},"inLanguage":"es","potentialAction":[{"@type":"ReadAction","target":["https:\/\/chemsfine.com\/product\/buy-meo-mdpv-stimulant\/"]}]},{"@type":"ImageObject","inLanguage":"es","@id":"https:\/\/chemsfine.com\/product\/buy-meo-mdpv-stimulant\/#primaryimage","url":"https:\/\/chemsfine.com\/wp-content\/uploads\/2026\/02\/6-meo-mdpv-1.jpeg","contentUrl":"https:\/\/chemsfine.com\/wp-content\/uploads\/2026\/02\/6-meo-mdpv-1.jpeg","width":498,"height":1080},{"@type":"BreadcrumbList","@id":"https:\/\/chemsfine.com\/product\/buy-meo-mdpv-stimulant\/#breadcrumb","itemListElement":[{"@type":"ListItem","position":1,"name":"Home","item":"https:\/\/chemsfine.com\/"},{"@type":"ListItem","position":2,"name":"Shop","item":"https:\/\/chemsfine.com\/shop\/"},{"@type":"ListItem","position":3,"name":"6-MeO-MDPV \u2013 Premium Research Chemical Stimulant"}]},{"@type":"WebSite","@id":"https:\/\/chemsfine.com\/#website","url":"https:\/\/chemsfine.com\/","name":"Chemsfine","description":"Mi blog de WordPress","publisher":{"@id":"https:\/\/chemsfine.com\/#organization"},"potentialAction":[{"@type":"SearchAction","target":{"@type":"EntryPoint","urlTemplate":"https:\/\/chemsfine.com\/?s={search_term_string}"},"query-input":{"@type":"PropertyValueSpecification","valueRequired":true,"valueName":"search_term_string"}}],"inLanguage":"es"},{"@type":"Organization","@id":"https:\/\/chemsfine.com\/#organization","name":"Chemsfine","url":"https:\/\/chemsfine.com\/","logo":{"@type":"ImageObject","inLanguage":"es","@id":"https:\/\/chemsfine.com\/#\/schema\/logo\/image\/","url":"https:\/\/chemsfine.com\/wp-content\/uploads\/2024\/09\/final-logo.png","contentUrl":"https:\/\/chemsfine.com\/wp-content\/uploads\/2024\/09\/final-logo.png","width":340,"height":72,"caption":"Chemsfine"},"image":{"@id":"https:\/\/chemsfine.com\/#\/schema\/logo\/image\/"}}]}},"_links":{"self":[{"href":"https:\/\/chemsfine.com\/es\/wp-json\/wp\/v2\/product\/6269","targetHints":{"allow":["GET"]}}],"collection":[{"href":"https:\/\/chemsfine.com\/es\/wp-json\/wp\/v2\/product"}],"about":[{"href":"https:\/\/chemsfine.com\/es\/wp-json\/wp\/v2\/types\/product"}],"replies":[{"embeddable":true,"href":"https:\/\/chemsfine.com\/es\/wp-json\/wp\/v2\/comments?post=6269"}],"wp:featuredmedia":[{"embeddable":true,"href":"https:\/\/chemsfine.com\/es\/wp-json\/wp\/v2\/media\/6307"}],"wp:attachment":[{"href":"https:\/\/chemsfine.com\/es\/wp-json\/wp\/v2\/media?parent=6269"}],"wp:term":[{"taxonomy":"product_brand","embeddable":true,"href":"https:\/\/chemsfine.com\/es\/wp-json\/wp\/v2\/product_brand?post=6269"},{"taxonomy":"product_cat","embeddable":true,"href":"https:\/\/chemsfine.com\/es\/wp-json\/wp\/v2\/product_cat?post=6269"},{"taxonomy":"product_tag","embeddable":true,"href":"https:\/\/chemsfine.com\/es\/wp-json\/wp\/v2\/product_tag?post=6269"}],"curies":[{"name":"wp","href":"https:\/\/api.w.org\/{rel}","templated":true}]}}