{"id":6467,"date":"2026-02-12T10:05:34","date_gmt":"2026-02-12T10:05:34","guid":{"rendered":"https:\/\/chemsfine.com\/?post_type=product&#038;p=6467"},"modified":"2026-03-25T12:53:46","modified_gmt":"2026-03-25T12:53:46","slug":"buy-phenazepam-powder","status":"publish","type":"product","link":"https:\/\/chemsfine.com\/es\/product\/buy-phenazepam-powder\/","title":{"rendered":"Comprar Fenazepam en Polvo Online - Potente Benzodiacepina"},"content":{"rendered":"<p>Bienvenido a chemsfine, su fuente de confianza donde podr\u00e1 <b>Comprar Phenazepam Polvo En Venta<\/b> con confianza. El Fenazepam en Polvo es reconocido como una potente benzodiacepina, una clase de f\u00e1rmacos a menudo denominados tranquilizantes menores debido a su eficacia para aliviar la tensi\u00f3n y la ansiedad, fomentando una sensaci\u00f3n de calma y relajaci\u00f3n. Garantizamos la m\u00e1xima pureza de nuestro Fenazepam en polvo, lo que lo hace ideal para diversas aplicaciones profesionales. Nuestro compromiso es proporcionar productos qu\u00edmicos de investigaci\u00f3n de primer nivel con detalles transparentes y un servicio fiable.<\/p>\n<h2>\u00bfQu\u00e9 es el fenazepam en polvo?<\/h2>\n<p>El fenazepam en polvo, tambi\u00e9n conocido qu\u00edmicamente como bromdihidroclorfenilbenzodiacepina, es un potente f\u00e1rmaco benzodiacep\u00ednico. Este compuesto fue desarrollado originalmente en 1975 y desde entonces ha sido reconocido por sus propiedades distintivas. Se utiliza ampliamente en el tratamiento de diversos trastornos psiqui\u00e1tricos y neurol\u00f3gicos, sobre todo en contextos de investigaci\u00f3n que exploran sus efectos ansiol\u00edticos y sedantes. Ofrecemos <b>Fenazepam en polvo de primera calidad<\/b>, La f\u00f3rmula qu\u00edmica de este producto es C Su f\u00f3rmula qu\u00edmica es C<sub>15<\/sub>H<sub>10<\/sub>BrClN<sub>2<\/sub>O, y suele presentarse en forma de polvo fino, lo que indica su grado de idoneidad para las investigaciones cient\u00edficas.<\/p>\n<h2>\u00bfPor qu\u00e9 comprar fenazepam en polvo online en chemsfine?<\/h2>\n<p>Elegir chemsfine significa optar por una fiabilidad sin igual y una calidad de producto superior. Por lo tanto, cuando decida <b>Comprar Fenazepam en Polvo Online<\/b> con nosotros, le garantizamos que s\u00f3lo recibir\u00e1 el <b>El mejor fenazepam en polvo disponible<\/b> en el mercado. Estamos orgullosos de ofrecer <b>Fenazepam de gran pureza en polvo para la venta<\/b>, garantizando que cada lote se somete a rigurosas pruebas para confirmar su composici\u00f3n e integridad. Adem\u00e1s, nuestros procesos est\u00e1n dise\u00f1ados para facilitar un <b>Compra segura<\/b>, Proporcionando una experiencia de transacci\u00f3n fluida y confidencial. Nos comprometemos a suministrar <b>Fenazepam en polvo de grado laboratorio en venta<\/b>, La chemsfine es una empresa l\u00edder en el sector qu\u00edmico, que apoya los esfuerzos de investigaci\u00f3n y desarrollo en diversas disciplinas. Nuestra dedicaci\u00f3n a la calidad convierte a chemsfine en el socio preferido de investigadores y profesionales que buscan compuestos qu\u00edmicos fiables. Explore nuestra gama de benzodiazepinas, que incluye opciones como <a href='https:\/\/chemsfine.com\/es\/producto\/comprar-adb-butinaca-en-polvo\/'>ADB-Butinaca Polvo<\/a>, conocido por su perfil farmacol\u00f3gico distintivo.<\/p>\n<h2>Aplicaciones<\/h2>\n<p>El fenazepam en polvo, dadas sus propiedades como potente benzodiacepina, encuentra diversas aplicaciones principalmente en los sectores de la investigaci\u00f3n y el laboratorio. Sus caracter\u00edsticas lo hacen valioso para:<\/p>\n<ul>\n<li>Investigaci\u00f3n de las propiedades ansiol\u00edticas en estudios farmacol\u00f3gicos.<\/li>\n<li>Investigaci\u00f3n sobre sus efectos sedantes e hipn\u00f3ticos.<\/li>\n<li>Exploraci\u00f3n de su potencial como relajante muscular en entornos controlados.<\/li>\n<li>Estudio de sus acciones anticonvulsivantes en modelos experimentales.<\/li>\n<li>Desarrollo de nuevas estrategias terap\u00e9uticas para trastornos neurol\u00f3gicos.<\/li>\n<li>Utilizaci\u00f3n como patr\u00f3n anal\u00edtico en laboratorios forenses y toxicol\u00f3gicos.<\/li>\n<li>Examinar su impacto en los mecanismos de tensi\u00f3n y ansiedad.<\/li>\n<li>Investigaci\u00f3n sobre la farmacolog\u00eda de los receptores de las benzodiacepinas. Adem\u00e1s, los investigadores interesados en los compuestos psicotr\u00f3picos tambi\u00e9n podr\u00edan considerar <a href='https:\/\/chemsfine.com\/es\/producto\/buy-alpha-pvp-online\/'>Alfa-PVP en l\u00ednea<\/a> para estudios comparativos.<\/li>\n<\/ul>\n<h2>Seguridad y conformidad<\/h2>\n<p>La manipulaci\u00f3n de fenazepam en polvo requiere el cumplimiento estricto de los protocolos de seguridad y las directrices normativas. Es imperativo utilizar el Equipo de Protecci\u00f3n Personal (EPP) adecuado, incluyendo guantes, gafas de seguridad y batas de laboratorio, para minimizar la exposici\u00f3n. Todo el trabajo debe realizarse en un entorno controlado, como una campana extractora, para evitar la inhalaci\u00f3n de part\u00edculas finas. Los investigadores deben conocer y cumplir todas las normativas regionales e internacionales relativas a la obtenci\u00f3n, almacenamiento y uso de compuestos de benzodiacepinas. Si desea informaci\u00f3n detallada sobre seguridad, puede solicitar las Hojas de Datos de Seguridad de Materiales (MSDS). Tambi\u00e9n proporcionamos Certificados de An\u00e1lisis (CoA) con cada pedido, garantizando la transparencia en cuanto a la pureza y composici\u00f3n de los lotes. Aconsejamos a todos nuestros clientes que almacenen el Fenazepam en polvo en un lugar seguro, fresco y seco, fuera del alcance de personal no autorizado.<\/p>\n<h2>Especificaciones del producto<\/h2>\n<table border=\"1\" style=\"width:100%;border-collapse: collapse\">\n<thead>\n<tr>\n<th style=\"padding: 8px;border: 1px solid #ddd;text-align: left\">Propiedad<\/th>\n<th style=\"padding: 8px;border: 1px solid #ddd;text-align: left\">Detalle<\/th>\n<\/tr>\n<\/thead>\n<tbody>\n<tr>\n<td style=\"padding: 8px;border: 1px solid #ddd\">N\u00famero CAS<\/td>\n<td style=\"padding: 8px;border: 1px solid #ddd\">342-70-1<\/td>\n<\/tr>\n<tr>\n<td style=\"padding: 8px;border: 1px solid #ddd\">F\u00f3rmula qu\u00edmica<\/td>\n<td style=\"padding: 8px;border: 1px solid #ddd\">C<sub>15<\/sub>H<sub>10<\/sub>BrClN<sub>2<\/sub>O<\/td>\n<\/tr>\n<tr>\n<td style=\"padding: 8px;border: 1px solid #ddd\">Masa molar<\/td>\n<td style=\"padding: 8px;border: 1px solid #ddd\">~349,6 g\/mol<\/td>\n<\/tr>\n<tr>\n<td style=\"padding: 8px;border: 1px solid #ddd\">Apariencia<\/td>\n<td style=\"padding: 8px;border: 1px solid #ddd\">Polvo blanco a blanquecino<\/td>\n<\/tr>\n<tr>\n<td style=\"padding: 8px;border: 1px solid #ddd\">Pureza<\/td>\n<td style=\"padding: 8px;border: 1px solid #ddd\">&gt;98%<\/td>\n<\/tr>\n<\/tbody>\n<\/table>\n<h2>\u00bfPor qu\u00e9 elegirnos?<\/h2>\n<p>En chemsfine, nuestro compromiso va m\u00e1s all\u00e1 del mero suministro de productos qu\u00edmicos. Garantizamos una transparencia total con informaci\u00f3n detallada sobre los productos, incluidos registros de lotes verificados y completos certificados de an\u00e1lisis. Nuestros precios son altamente competitivos, lo que refleja nuestra dedicaci\u00f3n a ofrecer valor sin comprometer la calidad. Cuando decida <b>Orden Phenazepam polvo en l\u00ednea<\/b> de chemsfine, est\u00e1 eligiendo un socio conocido por su integridad y excelente servicio al cliente. Se lo ponemos f\u00e1cil <b>Comprar ahora en l\u00ednea<\/b>, ofreciendo un proceso de compra \u00e1gil y una entrega fiable. Nuestra plataforma segura garantiza la protecci\u00f3n de sus transacciones, fomentando la confianza y las relaciones a largo plazo con nuestros clientes. Le animamos a consultar nuestro cat\u00e1logo completo, que incluye otros compuestos especializados como <a href='https:\/\/chemsfine.com\/es\/producto\/comprar-adb-butinaca-en-polvo\/'>Comprar ADB-Butinaca en polvo<\/a>, para satisfacer todas sus necesidades qu\u00edmicas de investigaci\u00f3n.<\/p>\n<h2>Conclusi\u00f3n<\/h2>\n<p>Para los investigadores e instituciones que buscan una fuente fiable de compuestos de benzodiazepina, chemsfine destaca como la primera opci\u00f3n. Nuestro fenazepam en polvo de alta calidad est\u00e1 meticulosamente probado y preparado para apoyar sus proyectos m\u00e1s cr\u00edticos. Le invitamos a experimentar la comodidad y seguridad que supone comprar a un proveedor de confianza. No dude en <b>Comprar Phenazepam Polvo En Venta<\/b> hoy mismo y eleve sus esfuerzos de investigaci\u00f3n con los excepcionales productos de chemsfine.<\/p>","protected":false},"excerpt":{"rendered":"<p>El fenazepam en polvo es una potente benzodiacepina, muy apreciada por la investigaci\u00f3n de sus propiedades ansiol\u00edticas y sedantes. Este <b>Fenazepam en polvo para laboratorio<\/b> es ideal para el estudio cient\u00edfico. <b>Comprar Fenazepam en Polvo<\/b> en chemsfine para una calidad constante y unos resultados fiables.<\/p>","protected":false},"featured_media":6521,"comment_status":"open","ping_status":"closed","template":"","meta":{"_joinchat":[]},"product_brand":[],"product_cat":[936],"product_tag":[],"class_list":{"0":"post-6467","1":"product","2":"type-product","3":"status-publish","4":"has-post-thumbnail","6":"product_cat-research-chemicals","8":"first","9":"instock","10":"shipping-taxable","11":"purchasable","12":"product-type-variable"},"yoast_head":"<!-- This site is optimized with the Yoast SEO plugin v27.2 - https:\/\/yoast.com\/product\/yoast-seo-wordpress\/ -->\n<title>Buy Phenazepam Powder Online - Best Price Available<\/title>\n<meta name=\"description\" content=\"Discover high-quality Phenazepam Powder online. A powerful benzodiazepine for research and relief. Buy now at chemsfine for a secure purchase.\" \/>\n<meta name=\"robots\" content=\"index, follow, max-snippet:-1, max-image-preview:large, max-video-preview:-1\" \/>\n<link rel=\"canonical\" href=\"https:\/\/chemsfine.com\/es\/producto\/buy-phenazepam-powder\/\" \/>\n<meta property=\"og:locale\" content=\"es_ES\" \/>\n<meta property=\"og:type\" content=\"article\" \/>\n<meta property=\"og:title\" content=\"Buy Phenazepam Powder Online - Best Price Available\" \/>\n<meta property=\"og:description\" content=\"Discover high-quality Phenazepam Powder online. A powerful benzodiazepine for research and relief. Buy now at chemsfine for a secure purchase.\" \/>\n<meta property=\"og:url\" content=\"https:\/\/chemsfine.com\/es\/producto\/buy-phenazepam-powder\/\" \/>\n<meta property=\"og:site_name\" content=\"Chemsfine\" \/>\n<meta property=\"article:modified_time\" content=\"2026-03-25T12:53:46+00:00\" \/>\n<meta property=\"og:image\" content=\"https:\/\/chemsfine.com\/wp-content\/uploads\/2026\/02\/phenazepam-powder-1.jpg\" \/>\n\t<meta property=\"og:image:width\" content=\"300\" \/>\n\t<meta property=\"og:image:height\" content=\"300\" \/>\n\t<meta property=\"og:image:type\" content=\"image\/jpeg\" \/>\n<meta name=\"twitter:card\" content=\"summary_large_image\" \/>\n<meta name=\"twitter:label1\" content=\"Tiempo de lectura\" \/>\n\t<meta name=\"twitter:data1\" content=\"4 minutos\" \/>\n<script type=\"application\/ld+json\" class=\"yoast-schema-graph\">{\"@context\":\"https:\/\/schema.org\",\"@graph\":[{\"@type\":\"WebPage\",\"@id\":\"https:\/\/chemsfine.com\/product\/buy-phenazepam-powder\/\",\"url\":\"https:\/\/chemsfine.com\/product\/buy-phenazepam-powder\/\",\"name\":\"Buy Phenazepam Powder Online - Best Price Available\",\"isPartOf\":{\"@id\":\"https:\/\/chemsfine.com\/#website\"},\"primaryImageOfPage\":{\"@id\":\"https:\/\/chemsfine.com\/product\/buy-phenazepam-powder\/#primaryimage\"},\"image\":{\"@id\":\"https:\/\/chemsfine.com\/product\/buy-phenazepam-powder\/#primaryimage\"},\"thumbnailUrl\":\"https:\/\/chemsfine.com\/wp-content\/uploads\/2026\/02\/phenazepam-powder-1.jpg\",\"datePublished\":\"2026-02-12T10:05:34+00:00\",\"dateModified\":\"2026-03-25T12:53:46+00:00\",\"description\":\"Discover high-quality Phenazepam Powder online. A powerful benzodiazepine for research and relief. Buy now at chemsfine for a secure purchase.\",\"breadcrumb\":{\"@id\":\"https:\/\/chemsfine.com\/product\/buy-phenazepam-powder\/#breadcrumb\"},\"inLanguage\":\"es\",\"potentialAction\":[{\"@type\":\"ReadAction\",\"target\":[\"https:\/\/chemsfine.com\/product\/buy-phenazepam-powder\/\"]}]},{\"@type\":\"ImageObject\",\"inLanguage\":\"es\",\"@id\":\"https:\/\/chemsfine.com\/product\/buy-phenazepam-powder\/#primaryimage\",\"url\":\"https:\/\/chemsfine.com\/wp-content\/uploads\/2026\/02\/phenazepam-powder-1.jpg\",\"contentUrl\":\"https:\/\/chemsfine.com\/wp-content\/uploads\/2026\/02\/phenazepam-powder-1.jpg\",\"width\":300,\"height\":300},{\"@type\":\"BreadcrumbList\",\"@id\":\"https:\/\/chemsfine.com\/product\/buy-phenazepam-powder\/#breadcrumb\",\"itemListElement\":[{\"@type\":\"ListItem\",\"position\":1,\"name\":\"Home\",\"item\":\"https:\/\/chemsfine.com\/\"},{\"@type\":\"ListItem\",\"position\":2,\"name\":\"Shop\",\"item\":\"https:\/\/chemsfine.com\/shop\/\"},{\"@type\":\"ListItem\",\"position\":3,\"name\":\"Buy Phenazepam Powder Online &#8211; Potent Benzodiazepine\"}]},{\"@type\":\"WebSite\",\"@id\":\"https:\/\/chemsfine.com\/#website\",\"url\":\"https:\/\/chemsfine.com\/\",\"name\":\"Chemsfine\",\"description\":\"My WordPress Blog\",\"publisher\":{\"@id\":\"https:\/\/chemsfine.com\/#organization\"},\"potentialAction\":[{\"@type\":\"SearchAction\",\"target\":{\"@type\":\"EntryPoint\",\"urlTemplate\":\"https:\/\/chemsfine.com\/?s={search_term_string}\"},\"query-input\":{\"@type\":\"PropertyValueSpecification\",\"valueRequired\":true,\"valueName\":\"search_term_string\"}}],\"inLanguage\":\"es\"},{\"@type\":\"Organization\",\"@id\":\"https:\/\/chemsfine.com\/#organization\",\"name\":\"Chemsfine\",\"url\":\"https:\/\/chemsfine.com\/\",\"logo\":{\"@type\":\"ImageObject\",\"inLanguage\":\"es\",\"@id\":\"https:\/\/chemsfine.com\/#\/schema\/logo\/image\/\",\"url\":\"https:\/\/chemsfine.com\/wp-content\/uploads\/2024\/09\/final-logo.png\",\"contentUrl\":\"https:\/\/chemsfine.com\/wp-content\/uploads\/2024\/09\/final-logo.png\",\"width\":340,\"height\":72,\"caption\":\"Chemsfine\"},\"image\":{\"@id\":\"https:\/\/chemsfine.com\/#\/schema\/logo\/image\/\"}}]}<\/script>\n<!-- \/ Yoast SEO plugin. -->","yoast_head_json":{"title":"Comprar Phenazepam Polvo Online - Mejor Precio Disponible","description":"Descubra el Fenazepam en polvo de alta calidad en l\u00ednea. Una potente benzodiacepina para la investigaci\u00f3n y el alivio. Compre ahora en chemsfine para una compra segura.","robots":{"index":"index","follow":"follow","max-snippet":"max-snippet:-1","max-image-preview":"max-image-preview:large","max-video-preview":"max-video-preview:-1"},"canonical":"https:\/\/chemsfine.com\/es\/producto\/buy-phenazepam-powder\/","og_locale":"es_ES","og_type":"article","og_title":"Buy Phenazepam Powder Online - Best Price Available","og_description":"Discover high-quality Phenazepam Powder online. A powerful benzodiazepine for research and relief. Buy now at chemsfine for a secure purchase.","og_url":"https:\/\/chemsfine.com\/es\/producto\/buy-phenazepam-powder\/","og_site_name":"Chemsfine","article_modified_time":"2026-03-25T12:53:46+00:00","og_image":[{"width":300,"height":300,"url":"https:\/\/chemsfine.com\/wp-content\/uploads\/2026\/02\/phenazepam-powder-1.jpg","type":"image\/jpeg"}],"twitter_card":"summary_large_image","twitter_misc":{"Tiempo de lectura":"4 minutos"},"schema":{"@context":"https:\/\/schema.org","@graph":[{"@type":"WebPage","@id":"https:\/\/chemsfine.com\/product\/buy-phenazepam-powder\/","url":"https:\/\/chemsfine.com\/product\/buy-phenazepam-powder\/","name":"Comprar Phenazepam Polvo Online - Mejor Precio Disponible","isPartOf":{"@id":"https:\/\/chemsfine.com\/#website"},"primaryImageOfPage":{"@id":"https:\/\/chemsfine.com\/product\/buy-phenazepam-powder\/#primaryimage"},"image":{"@id":"https:\/\/chemsfine.com\/product\/buy-phenazepam-powder\/#primaryimage"},"thumbnailUrl":"https:\/\/chemsfine.com\/wp-content\/uploads\/2026\/02\/phenazepam-powder-1.jpg","datePublished":"2026-02-12T10:05:34+00:00","dateModified":"2026-03-25T12:53:46+00:00","description":"Descubra el Fenazepam en polvo de alta calidad en l\u00ednea. Una potente benzodiacepina para la investigaci\u00f3n y el alivio. Compre ahora en chemsfine para una compra segura.","breadcrumb":{"@id":"https:\/\/chemsfine.com\/product\/buy-phenazepam-powder\/#breadcrumb"},"inLanguage":"es","potentialAction":[{"@type":"ReadAction","target":["https:\/\/chemsfine.com\/product\/buy-phenazepam-powder\/"]}]},{"@type":"ImageObject","inLanguage":"es","@id":"https:\/\/chemsfine.com\/product\/buy-phenazepam-powder\/#primaryimage","url":"https:\/\/chemsfine.com\/wp-content\/uploads\/2026\/02\/phenazepam-powder-1.jpg","contentUrl":"https:\/\/chemsfine.com\/wp-content\/uploads\/2026\/02\/phenazepam-powder-1.jpg","width":300,"height":300},{"@type":"BreadcrumbList","@id":"https:\/\/chemsfine.com\/product\/buy-phenazepam-powder\/#breadcrumb","itemListElement":[{"@type":"ListItem","position":1,"name":"Home","item":"https:\/\/chemsfine.com\/"},{"@type":"ListItem","position":2,"name":"Shop","item":"https:\/\/chemsfine.com\/shop\/"},{"@type":"ListItem","position":3,"name":"Buy Phenazepam Powder Online &#8211; Potent Benzodiazepine"}]},{"@type":"WebSite","@id":"https:\/\/chemsfine.com\/#website","url":"https:\/\/chemsfine.com\/","name":"Chemsfine","description":"Mi blog de WordPress","publisher":{"@id":"https:\/\/chemsfine.com\/#organization"},"potentialAction":[{"@type":"SearchAction","target":{"@type":"EntryPoint","urlTemplate":"https:\/\/chemsfine.com\/?s={search_term_string}"},"query-input":{"@type":"PropertyValueSpecification","valueRequired":true,"valueName":"search_term_string"}}],"inLanguage":"es"},{"@type":"Organization","@id":"https:\/\/chemsfine.com\/#organization","name":"Chemsfine","url":"https:\/\/chemsfine.com\/","logo":{"@type":"ImageObject","inLanguage":"es","@id":"https:\/\/chemsfine.com\/#\/schema\/logo\/image\/","url":"https:\/\/chemsfine.com\/wp-content\/uploads\/2024\/09\/final-logo.png","contentUrl":"https:\/\/chemsfine.com\/wp-content\/uploads\/2024\/09\/final-logo.png","width":340,"height":72,"caption":"Chemsfine"},"image":{"@id":"https:\/\/chemsfine.com\/#\/schema\/logo\/image\/"}}]}},"_links":{"self":[{"href":"https:\/\/chemsfine.com\/es\/wp-json\/wp\/v2\/product\/6467","targetHints":{"allow":["GET"]}}],"collection":[{"href":"https:\/\/chemsfine.com\/es\/wp-json\/wp\/v2\/product"}],"about":[{"href":"https:\/\/chemsfine.com\/es\/wp-json\/wp\/v2\/types\/product"}],"replies":[{"embeddable":true,"href":"https:\/\/chemsfine.com\/es\/wp-json\/wp\/v2\/comments?post=6467"}],"wp:featuredmedia":[{"embeddable":true,"href":"https:\/\/chemsfine.com\/es\/wp-json\/wp\/v2\/media\/6521"}],"wp:attachment":[{"href":"https:\/\/chemsfine.com\/es\/wp-json\/wp\/v2\/media?parent=6467"}],"wp:term":[{"taxonomy":"product_brand","embeddable":true,"href":"https:\/\/chemsfine.com\/es\/wp-json\/wp\/v2\/product_brand?post=6467"},{"taxonomy":"product_cat","embeddable":true,"href":"https:\/\/chemsfine.com\/es\/wp-json\/wp\/v2\/product_cat?post=6467"},{"taxonomy":"product_tag","embeddable":true,"href":"https:\/\/chemsfine.com\/es\/wp-json\/wp\/v2\/product_tag?post=6467"}],"curies":[{"name":"wp","href":"https:\/\/api.w.org\/{rel}","templated":true}]}}