{"id":6468,"date":"2026-02-12T10:05:34","date_gmt":"2026-02-12T10:05:34","guid":{"rendered":"https:\/\/chemsfine.com\/?post_type=product&#038;p=6468"},"modified":"2026-03-25T12:53:21","modified_gmt":"2026-03-25T12:53:21","slug":"tranquility-bath-salts-relaxation","status":"publish","type":"product","link":"https:\/\/chemsfine.com\/es\/product\/tranquility-bath-salts-relaxation\/","title":{"rendered":"Sales de ba\u00f1o concentradas Tranquility 500 mg para la m\u00e1xima relajaci\u00f3n"},"content":{"rendered":"<p><b>Experimente la serenidad: Pida Sales de Ba\u00f1o Concentradas de Tranquilidad Online<\/b><\/p>\n<p>Descubra una escapada de aut\u00e9ntico lujo para sus sentidos con nuestra gama premium <b>Sales de Ba\u00f1o Concentradas Tranquilidad 500mg<\/b>. Convierta su rutina de ba\u00f1o habitual en una extraordinaria y relajante experiencia de spa en la que las preocupaciones del d\u00eda se desvanecer\u00e1n con los aromas relajantes y el agua reconfortante. En Chemsfine, entendemos el deseo de relajaci\u00f3n genuina y ofrecemos lo mejor para usted. <b>Sales de ba\u00f1o Tranquility<\/b> disponibles. En las siguientes secciones, profundizaremos en sus notables ventajas, ofreceremos directrices claras sobre su uso y destacaremos razones de peso por las que deber\u00eda <b>comprar Sales de Ba\u00f1o Concentradas Tranquility online<\/b> de nosotros. Prep\u00e1rese para sumergirse en un oasis de rejuvenecimiento y relajaci\u00f3n sin igual. Podr\u00e1 <b>comprar Sales de Ba\u00f1o Concentradas Tranquility en venta<\/b> aqu\u00ed mismo, garantizando una compra segura y un producto de m\u00e1xima calidad entregado directamente en su domicilio.<\/p>\n<h2>Descubra los beneficios de las sales de ba\u00f1o concentradas Tranquility<\/h2>\n<h3>Gozo aromaterap\u00e9utico: Un viaje sensorial<\/h3>\n<p>Sum\u00e9rjase en la pura felicidad mientras los maravillosos aromas naturales se difunden por el aire al mezclar estos productos de primera calidad. <b>sales de ba\u00f1o<\/b> en el agua del ba\u00f1o. La aromaterapia es famosa por su profunda capacidad para aliviar eficazmente la tensi\u00f3n, mejorar el equilibrio emocional y crear constantemente una atm\u00f3sfera verdaderamente tranquila. Cada ba\u00f1o se convierte en un viaje sensorial que le ayuda a relajarse profundamente.<\/p>\n<h3>Relajaci\u00f3n de la mente y los m\u00fasculos: Rel\u00e1jese profundamente<\/h3>\n<p>Con una potente mezcla de minerales beneficiosos formulada por expertos, nuestro <b>Sales de Ba\u00f1o Concentradas Tranquilidad 500mg<\/b> ayudan significativamente a la relajaci\u00f3n muscular profunda y favorecen la relajaci\u00f3n mental general. Mientras disfruta de la comodidad de su ba\u00f1era, rel\u00e1jese y deje que estos excepcionales productos le ayuden a relajarse. <b>sales relajantes<\/b> para hacer su magia, calmando el cuerpo y la mente con sus propiedades reconstituyentes. Este es realmente el <b>Las mejores sales de ba\u00f1o concentradas para la tranquilidad<\/b> en el mercado.<\/p>\n<h3>Desintoxicaci\u00f3n para una piel radiante: Una experiencia purificadora<\/h3>\n<p>Sum\u00e9rjase por completo en las propiedades purificadoras de nuestro <b>Sales de Ba\u00f1o Concentradas Tranquilidad<\/b>. La rica mezcla de minerales naturales presentes en estas sales ayuda activamente a eliminar con suavidad las impurezas y la suciedad de la piel, dej\u00e1ndola maravillosamente limpia, fresca y visiblemente rejuvenecida despu\u00e9s de cada lujoso ba\u00f1o. Es una forma natural de conseguir una piel radiante y de aspecto saludable.<\/p>\n<h3>Mejorar la calidad del sue\u00f1o: El camino hacia noches tranquilas<\/h3>\n<p>Los profundos efectos calmantes de nuestra <b>Sales de ba\u00f1o Tranquility<\/b> se extienden mucho m\u00e1s all\u00e1 del momento en que sales del ba\u00f1o. Los aromas calmantes y relajantes que se liberan durante el ba\u00f1o favorecen un descanso nocturno m\u00e1s tranquilo y sin molestias, transformando su rutina nocturna en un oasis de tranquilidad. Experimente la diferencia que una mente y un cuerpo verdaderamente relajados pueden marcar en su ciclo de sue\u00f1o.<\/p>\n<h3>Principales beneficios de las sales de ba\u00f1o concentradas Tranquility<\/h3>\n<table>\n<thead>\n<tr>\n<th>Categor\u00eda de prestaciones<\/th>\n<th>Impacto detallado<\/th>\n<\/tr>\n<\/thead>\n<tbody>\n<tr>\n<td><b>Gozo aromaterap\u00e9utico<\/b><\/td>\n<td>Los estimulantes aromas naturales alivian la tensi\u00f3n, mejoran el equilibrio emocional y fomentan una atm\u00f3sfera serena para una relajaci\u00f3n profunda.<\/td>\n<\/tr>\n<tr>\n<td><b>Relajaci\u00f3n mental y muscular<\/b><\/td>\n<td>Una potente mezcla mineral que ayuda activamente a relajar los m\u00fasculos y a calmar la mente despu\u00e9s de un d\u00eda estresante.<\/td>\n<\/tr>\n<tr>\n<td><b>Desintoxicaci\u00f3n de la piel<\/b><\/td>\n<td>Sus propiedades purificantes eliminan suavemente las impurezas y la suciedad, favoreciendo una piel revitalizada y visiblemente radiante con cada uso.<\/td>\n<\/tr>\n<tr>\n<td><b>Mejora de la calidad del sue\u00f1o<\/b><\/td>\n<td>Los aromas calmantes crean un ambiente ideal para dormir pl\u00e1cidamente, convirtiendo la hora de acostarse en un ritual verdaderamente tranquilo.<\/td>\n<\/tr>\n<\/tbody>\n<\/table>\n<p><\/p>\n<h2>Pautas de uso de las sales de ba\u00f1o concentradas Tranquility<\/h2>\n<h3>Preparar el ba\u00f1o: Prepare el escenario para la serenidad<\/h3>\n<p>Empiece llenando la ba\u00f1era con agua templada. Aseg\u00farese de que el nivel del agua es suficiente para permitirle sumergirse completamente, creando la base perfecta para su ba\u00f1o relajante con nuestros productos de primera calidad. <b>sales de ba\u00f1o<\/b>.<\/p>\n<h3>A\u00f1adir sus sales de ba\u00f1o Tranquility: Integraci\u00f3n sin esfuerzo<\/h3>\n<p>Vierta lenta y cuidadosamente una cantidad generosa del <b>Sales de Ba\u00f1o Concentradas Tranquilidad 500mg<\/b> en el agua corriente de la ba\u00f1era. Mezcle suavemente el agua con la mano o con el flujo del grifo hasta que las sales se disuelvan por completo y por igual, liberando todo su potencial terap\u00e9utico.<\/p>\n<h3>Ajustar el ambiente: Cultive su santuario<\/h3>\n<p>Para disfrutar al m\u00e1ximo de la experiencia, aten\u00fae la iluminaci\u00f3n superior, ponga m\u00fasica relajante y cree conscientemente una atm\u00f3sfera relajante. Este ajuste intencionado del entorno aumenta significativamente la sensaci\u00f3n de tranquilidad y paz en la que est\u00e1s a punto de sumergirte. Considera la posibilidad de a\u00f1adir una vela para dar m\u00e1s calor.<\/p>\n<h3>Disfrute y rel\u00e1jese: r\u00edndase al momento<\/h3>\n<p>M\u00e9tase suavemente en la ba\u00f1era y deje que los aromas incre\u00edblemente relajantes de la <b>Sales de ba\u00f1o Tranquility<\/b> que te envuelva y te rodee por completo. Cierra los ojos, respira profunda y tranquilamente varias veces y lib\u00e9rate conscientemente del estr\u00e9s y las exigencias del d\u00eda. Deja que las propiedades terap\u00e9uticas se apoderen de ti.<\/p>\n<h3>Tiempo \u00f3ptimo de relajaci\u00f3n: maximice los beneficios<\/h3>\n<p>Para obtener resultados \u00f3ptimos y los m\u00e1ximos beneficios, sum\u00e9rjase y rel\u00e1jese durante un periodo de 20 a 30 minutos. Esto proporciona tiempo suficiente para que los potentes minerales y los relajantes aromas de la crema terap\u00e9utica se disuelvan. <b>sales de ba\u00f1o<\/b> relajan profundamente el cuerpo y la mente, garantizando un profundo rejuvenecimiento.<\/p>\n<h3>Limpiar e Hidratar: Cuidado despu\u00e9s del ba\u00f1o<\/h3>\n<p>Despu\u00e9s de un ba\u00f1o profundamente relajante, acl\u00e1rese bien el cuerpo con agua limpia y fresca y s\u00e9quese suavemente la piel con una toalla suave. Para retener la humedad y nutrir a\u00fan m\u00e1s la piel, aplica a continuaci\u00f3n una crema hidratante de alta calidad. As\u00ed completar\u00e1s tu ritual de autocuidado, dejando tu piel suave y flexible.<\/p>\n<h2>Razones para pedir Sales de Ba\u00f1o Concentradas Tranquilidad Online a Chemsfine<\/h2>\n<h3>Accesibilidad al alcance de su mano: Compras en l\u00ednea sin problemas<\/h3>\n<p>Cuando elija <b>Comprar en l\u00ednea Sales de Ba\u00f1o Concentradas Tranquility<\/b> de Chemsfine, obtendr\u00e1 la incomparable comodidad de recibir este lujoso producto directamente en la puerta de su casa. Elimine las molestias de comprar en la tienda y ll\u00e9vese sin esfuerzo su relajante experiencia de spa a la comodidad de su propio hogar. Nunca ha sido tan f\u00e1cil conseguir productos de relajaci\u00f3n de tan alta pureza.<\/p>\n<h3>Garant\u00eda de alta calidad: Ingredientes de primera calidad, resultados excepcionales<\/h3>\n<p>Nuestra <b>Sales de ba\u00f1o Tranquility<\/b> se elaboran meticulosamente con el m\u00e1ximo cuidado, utilizando s\u00f3lo ingredientes de primera calidad para garantizar la mejor calidad disponible. Cada tarro es un testimonio de la inquebrantable dedicaci\u00f3n de Chemsfine a ofrecer a nuestros estimados clientes un producto aut\u00e9ntico y de la m\u00e1xima calidad. Por eso somos famosos por ofrecer <b>Las mejores sales de ba\u00f1o concentradas para la tranquilidad<\/b>.<\/p>\n<h3>Formulaci\u00f3n profesional: Dise\u00f1ada para su bienestar<\/h3>\n<p>Estos <b>Sales de Ba\u00f1o Concentradas Tranquilidad 500mg<\/b> no s\u00f3lo se mezclan, sino que se formulan de forma experta y profesional. Proporcionan una mezcla armoniosa y sin\u00e9rgica de profunda relajaci\u00f3n, profundos beneficios de aromaterapia y propiedades esenciales para nutrir la piel. Cada uno de los aspectos de estos <b>sales de ba\u00f1o<\/b> ha sido meticulosamente dise\u00f1ado teniendo como objetivo principal su salud y bienestar general, lo que garantiza una experiencia inigualable.<\/p>\n<h3>Muchos tama\u00f1os disponibles: A la medida de sus necesidades<\/h3>\n<p>En Chemsfine, le ofrecemos la flexibilidad de elegir entre una gama de tarros de distintos tama\u00f1os, perfectamente adaptados a sus preferencias y necesidades individuales. Tanto si busca un \u00fanico capricho para usted como si necesita un juego m\u00e1s grande para varios ba\u00f1os celestiales, nuestra variada selecci\u00f3n de tama\u00f1os puede satisfacer f\u00e1cilmente sus necesidades. As\u00ed siempre encontrar\u00e1 la cantidad ideal cuando decida <b>comprar Sales de Ba\u00f1o Concentradas Tranquility online<\/b>.<\/p>\n<h3>Explore nuestra gama completa de productos de primera calidad<\/h3>\n<p>Mientras est\u00e9 aqu\u00ed para <b>Comprar en l\u00ednea Sales de Ba\u00f1o Concentradas Tranquility<\/b>, le invitamos a explorar el amplio cat\u00e1logo de productos de alta calidad de Chemsfine. Nuestro compromiso con la excelencia se extiende a toda nuestra oferta, tanto si busca ayudas para la relajaci\u00f3n como compuestos especializados. Por ejemplo, puede que le interesen nuestros materiales de investigaci\u00f3n de gran pureza como <a href=\"https:\/\/chemsfine.com\/es\/producto\/buy-mxipr-online-for-sale\/\">MXiPR en l\u00ednea<\/a> o <a href=\"https:\/\/chemsfine.com\/es\/producto\/buy-alprazolam-xanax-powder-online\/\">Alprazolam Xanax polvo<\/a>, Todo ello disponible para su compra en l\u00ednea. Garantizamos una transacci\u00f3n segura y una entrega discreta a todos nuestros clientes que buscan fuentes fiables.<\/p>\n<h3>Un regalo para la serenidad: Compartir la paz<\/h3>\n<p>Difunda el inestimable regalo de la relajaci\u00f3n y el bienestar regalando nuestro exquisito <b>sales de ba\u00f1o<\/b> a sus queridos familiares, amigos o colegas. Los tarros de bonito dise\u00f1o son un regalo perfecto y atento, un obsequio ideal que fomenta realmente el cuidado personal, la paz interior y un momento de tranquilidad en la ajetreada vida de cualquiera. Es una forma atenta de fomentar el autocuidado.<\/p>\n<h2>Para terminar: Aumente su bienestar con cada ba\u00f1o de lujo<\/h2>\n<p>Nuestra <b>Sales de Ba\u00f1o Concentradas Tranquilidad<\/b> realmente redefinen y elevan el concepto de cuidado personal, transformando sin esfuerzo su cuarto de ba\u00f1o ordinario en un santuario sereno y un lugar personal de tranquilidad sin igual. R\u00edndete a los aromas naturales e inspiradores mientras te relajas profundamente y dejas que tus preocupaciones y el estr\u00e9s diario se desvanezcan en el agua de la ba\u00f1era. El camino definitivo hacia el rejuvenecimiento, la relajaci\u00f3n profunda y la paz interior est\u00e1 a s\u00f3lo un clic de distancia. No se demore; <b>comprar Sales de Ba\u00f1o Concentradas Tranquility online<\/b> hoy en Chemsfine, su proveedor de confianza de productos de relajaci\u00f3n de primera calidad. Explore nuestra gama completa de ofertas y experimente la diferencia de Chemsfine visitando nuestro <a href=\"https:\/\/chemsfine.com\/es\/products\/\">p\u00e1gina de productos<\/a> para m\u00e1s opciones de alta calidad.<\/p>","protected":false},"excerpt":{"rendered":"<p>Disfrute de una escapada de lujo con nuestro &lt;b&gt;Sales de Ba&ntilde;o Concentradas Tranquilidad 500mg&lt;\/b&gt;. Dise&ntilde;adas para derretir las preocupaciones, estas &lt;b&gt;Sales de ba&ntilde;o Tranquility&lt;\/b&gt; ofrecen felicidad aromaterap&eacute;utica y relajaci&oacute;n muscular. Mejore su rutina de cuidado personal y &lt;b&gt;comprar en Chemsfine&lt;\/b&gt; para una experiencia serena, como la de un spa. P&iacute;dalo ahora para disfrutar del rejuvenecimiento definitivo.<\/p>","protected":false},"featured_media":6522,"comment_status":"open","ping_status":"closed","template":"","meta":{"_joinchat":[]},"product_brand":[],"product_cat":[936],"product_tag":[],"class_list":{"0":"post-6468","1":"product","2":"type-product","3":"status-publish","4":"has-post-thumbnail","6":"product_cat-research-chemicals","8":"first","9":"instock","10":"shipping-taxable","11":"purchasable","12":"product-type-variable"},"yoast_head":"<!-- This site is optimized with the Yoast SEO plugin v27.2 - https:\/\/yoast.com\/product\/yoast-seo-wordpress\/ -->\n<title>Buy Concentrated Tranquility Bath Salts Online \u2013 Best Price<\/title>\n<meta name=\"description\" content=\"Experience ultimate serenity with Concentrated Tranquility Bath Salts 500mg. Buy online for spa-like relaxation and enhanced well-being.\" \/>\n<meta name=\"robots\" content=\"index, follow, max-snippet:-1, max-image-preview:large, max-video-preview:-1\" \/>\n<link rel=\"canonical\" href=\"https:\/\/chemsfine.com\/es\/producto\/tranquility-bath-salts-relaxation\/\" \/>\n<meta property=\"og:locale\" content=\"es_ES\" \/>\n<meta property=\"og:type\" content=\"article\" \/>\n<meta property=\"og:title\" content=\"Buy Concentrated Tranquility Bath Salts Online \u2013 Best Price\" \/>\n<meta property=\"og:description\" content=\"Experience ultimate serenity with Concentrated Tranquility Bath Salts 500mg. Buy online for spa-like relaxation and enhanced well-being.\" \/>\n<meta property=\"og:url\" content=\"https:\/\/chemsfine.com\/es\/producto\/tranquility-bath-salts-relaxation\/\" \/>\n<meta property=\"og:site_name\" content=\"Chemsfine\" \/>\n<meta property=\"article:modified_time\" content=\"2026-03-25T12:53:21+00:00\" \/>\n<meta property=\"og:image\" content=\"https:\/\/chemsfine.com\/wp-content\/uploads\/2026\/02\/concentrated-tranquility-bath-salts-500mg-1.jpg\" \/>\n\t<meta property=\"og:image:width\" content=\"236\" \/>\n\t<meta property=\"og:image:height\" content=\"225\" \/>\n\t<meta property=\"og:image:type\" content=\"image\/jpeg\" \/>\n<meta name=\"twitter:card\" content=\"summary_large_image\" \/>\n<meta name=\"twitter:label1\" content=\"Tiempo de lectura\" \/>\n\t<meta name=\"twitter:data1\" content=\"7 minutos\" \/>\n<script type=\"application\/ld+json\" class=\"yoast-schema-graph\">{\"@context\":\"https:\/\/schema.org\",\"@graph\":[{\"@type\":\"WebPage\",\"@id\":\"https:\/\/chemsfine.com\/product\/tranquility-bath-salts-relaxation\/\",\"url\":\"https:\/\/chemsfine.com\/product\/tranquility-bath-salts-relaxation\/\",\"name\":\"Buy Concentrated Tranquility Bath Salts Online \u2013 Best Price\",\"isPartOf\":{\"@id\":\"https:\/\/chemsfine.com\/#website\"},\"primaryImageOfPage\":{\"@id\":\"https:\/\/chemsfine.com\/product\/tranquility-bath-salts-relaxation\/#primaryimage\"},\"image\":{\"@id\":\"https:\/\/chemsfine.com\/product\/tranquility-bath-salts-relaxation\/#primaryimage\"},\"thumbnailUrl\":\"https:\/\/chemsfine.com\/wp-content\/uploads\/2026\/02\/concentrated-tranquility-bath-salts-500mg-1.jpg\",\"datePublished\":\"2026-02-12T10:05:34+00:00\",\"dateModified\":\"2026-03-25T12:53:21+00:00\",\"description\":\"Experience ultimate serenity with Concentrated Tranquility Bath Salts 500mg. Buy online for spa-like relaxation and enhanced well-being.\",\"breadcrumb\":{\"@id\":\"https:\/\/chemsfine.com\/product\/tranquility-bath-salts-relaxation\/#breadcrumb\"},\"inLanguage\":\"es\",\"potentialAction\":[{\"@type\":\"ReadAction\",\"target\":[\"https:\/\/chemsfine.com\/product\/tranquility-bath-salts-relaxation\/\"]}]},{\"@type\":\"ImageObject\",\"inLanguage\":\"es\",\"@id\":\"https:\/\/chemsfine.com\/product\/tranquility-bath-salts-relaxation\/#primaryimage\",\"url\":\"https:\/\/chemsfine.com\/wp-content\/uploads\/2026\/02\/concentrated-tranquility-bath-salts-500mg-1.jpg\",\"contentUrl\":\"https:\/\/chemsfine.com\/wp-content\/uploads\/2026\/02\/concentrated-tranquility-bath-salts-500mg-1.jpg\",\"width\":236,\"height\":225},{\"@type\":\"BreadcrumbList\",\"@id\":\"https:\/\/chemsfine.com\/product\/tranquility-bath-salts-relaxation\/#breadcrumb\",\"itemListElement\":[{\"@type\":\"ListItem\",\"position\":1,\"name\":\"Home\",\"item\":\"https:\/\/chemsfine.com\/\"},{\"@type\":\"ListItem\",\"position\":2,\"name\":\"Shop\",\"item\":\"https:\/\/chemsfine.com\/shop\/\"},{\"@type\":\"ListItem\",\"position\":3,\"name\":\"Concentrated Tranquility Bath Salts 500mg for Ultimate Relaxation\"}]},{\"@type\":\"WebSite\",\"@id\":\"https:\/\/chemsfine.com\/#website\",\"url\":\"https:\/\/chemsfine.com\/\",\"name\":\"Chemsfine\",\"description\":\"My WordPress Blog\",\"publisher\":{\"@id\":\"https:\/\/chemsfine.com\/#organization\"},\"potentialAction\":[{\"@type\":\"SearchAction\",\"target\":{\"@type\":\"EntryPoint\",\"urlTemplate\":\"https:\/\/chemsfine.com\/?s={search_term_string}\"},\"query-input\":{\"@type\":\"PropertyValueSpecification\",\"valueRequired\":true,\"valueName\":\"search_term_string\"}}],\"inLanguage\":\"es\"},{\"@type\":\"Organization\",\"@id\":\"https:\/\/chemsfine.com\/#organization\",\"name\":\"Chemsfine\",\"url\":\"https:\/\/chemsfine.com\/\",\"logo\":{\"@type\":\"ImageObject\",\"inLanguage\":\"es\",\"@id\":\"https:\/\/chemsfine.com\/#\/schema\/logo\/image\/\",\"url\":\"https:\/\/chemsfine.com\/wp-content\/uploads\/2024\/09\/final-logo.png\",\"contentUrl\":\"https:\/\/chemsfine.com\/wp-content\/uploads\/2024\/09\/final-logo.png\",\"width\":340,\"height\":72,\"caption\":\"Chemsfine\"},\"image\":{\"@id\":\"https:\/\/chemsfine.com\/#\/schema\/logo\/image\/\"}}]}<\/script>\n<!-- \/ Yoast SEO plugin. -->","yoast_head_json":{"title":"Comprar Sales de Ba\u00f1o Concentradas Tranquility Online - Mejor Precio","description":"Experimente la m\u00e1xima serenidad con las Sales de Ba\u00f1o Concentradas Tranquility 500mg. Comprar en l\u00ednea para la relajaci\u00f3n de spa y mayor bienestar.","robots":{"index":"index","follow":"follow","max-snippet":"max-snippet:-1","max-image-preview":"max-image-preview:large","max-video-preview":"max-video-preview:-1"},"canonical":"https:\/\/chemsfine.com\/es\/producto\/tranquility-bath-salts-relaxation\/","og_locale":"es_ES","og_type":"article","og_title":"Buy Concentrated Tranquility Bath Salts Online \u2013 Best Price","og_description":"Experience ultimate serenity with Concentrated Tranquility Bath Salts 500mg. Buy online for spa-like relaxation and enhanced well-being.","og_url":"https:\/\/chemsfine.com\/es\/producto\/tranquility-bath-salts-relaxation\/","og_site_name":"Chemsfine","article_modified_time":"2026-03-25T12:53:21+00:00","og_image":[{"width":236,"height":225,"url":"https:\/\/chemsfine.com\/wp-content\/uploads\/2026\/02\/concentrated-tranquility-bath-salts-500mg-1.jpg","type":"image\/jpeg"}],"twitter_card":"summary_large_image","twitter_misc":{"Tiempo de lectura":"7 minutos"},"schema":{"@context":"https:\/\/schema.org","@graph":[{"@type":"WebPage","@id":"https:\/\/chemsfine.com\/product\/tranquility-bath-salts-relaxation\/","url":"https:\/\/chemsfine.com\/product\/tranquility-bath-salts-relaxation\/","name":"Comprar Sales de Ba\u00f1o Concentradas Tranquility Online - Mejor Precio","isPartOf":{"@id":"https:\/\/chemsfine.com\/#website"},"primaryImageOfPage":{"@id":"https:\/\/chemsfine.com\/product\/tranquility-bath-salts-relaxation\/#primaryimage"},"image":{"@id":"https:\/\/chemsfine.com\/product\/tranquility-bath-salts-relaxation\/#primaryimage"},"thumbnailUrl":"https:\/\/chemsfine.com\/wp-content\/uploads\/2026\/02\/concentrated-tranquility-bath-salts-500mg-1.jpg","datePublished":"2026-02-12T10:05:34+00:00","dateModified":"2026-03-25T12:53:21+00:00","description":"Experimente la m\u00e1xima serenidad con las Sales de Ba\u00f1o Concentradas Tranquility 500mg. Comprar en l\u00ednea para la relajaci\u00f3n de spa y mayor bienestar.","breadcrumb":{"@id":"https:\/\/chemsfine.com\/product\/tranquility-bath-salts-relaxation\/#breadcrumb"},"inLanguage":"es","potentialAction":[{"@type":"ReadAction","target":["https:\/\/chemsfine.com\/product\/tranquility-bath-salts-relaxation\/"]}]},{"@type":"ImageObject","inLanguage":"es","@id":"https:\/\/chemsfine.com\/product\/tranquility-bath-salts-relaxation\/#primaryimage","url":"https:\/\/chemsfine.com\/wp-content\/uploads\/2026\/02\/concentrated-tranquility-bath-salts-500mg-1.jpg","contentUrl":"https:\/\/chemsfine.com\/wp-content\/uploads\/2026\/02\/concentrated-tranquility-bath-salts-500mg-1.jpg","width":236,"height":225},{"@type":"BreadcrumbList","@id":"https:\/\/chemsfine.com\/product\/tranquility-bath-salts-relaxation\/#breadcrumb","itemListElement":[{"@type":"ListItem","position":1,"name":"Home","item":"https:\/\/chemsfine.com\/"},{"@type":"ListItem","position":2,"name":"Shop","item":"https:\/\/chemsfine.com\/shop\/"},{"@type":"ListItem","position":3,"name":"Concentrated Tranquility Bath Salts 500mg for Ultimate Relaxation"}]},{"@type":"WebSite","@id":"https:\/\/chemsfine.com\/#website","url":"https:\/\/chemsfine.com\/","name":"Chemsfine","description":"Mi blog de WordPress","publisher":{"@id":"https:\/\/chemsfine.com\/#organization"},"potentialAction":[{"@type":"SearchAction","target":{"@type":"EntryPoint","urlTemplate":"https:\/\/chemsfine.com\/?s={search_term_string}"},"query-input":{"@type":"PropertyValueSpecification","valueRequired":true,"valueName":"search_term_string"}}],"inLanguage":"es"},{"@type":"Organization","@id":"https:\/\/chemsfine.com\/#organization","name":"Chemsfine","url":"https:\/\/chemsfine.com\/","logo":{"@type":"ImageObject","inLanguage":"es","@id":"https:\/\/chemsfine.com\/#\/schema\/logo\/image\/","url":"https:\/\/chemsfine.com\/wp-content\/uploads\/2024\/09\/final-logo.png","contentUrl":"https:\/\/chemsfine.com\/wp-content\/uploads\/2024\/09\/final-logo.png","width":340,"height":72,"caption":"Chemsfine"},"image":{"@id":"https:\/\/chemsfine.com\/#\/schema\/logo\/image\/"}}]}},"_links":{"self":[{"href":"https:\/\/chemsfine.com\/es\/wp-json\/wp\/v2\/product\/6468","targetHints":{"allow":["GET"]}}],"collection":[{"href":"https:\/\/chemsfine.com\/es\/wp-json\/wp\/v2\/product"}],"about":[{"href":"https:\/\/chemsfine.com\/es\/wp-json\/wp\/v2\/types\/product"}],"replies":[{"embeddable":true,"href":"https:\/\/chemsfine.com\/es\/wp-json\/wp\/v2\/comments?post=6468"}],"wp:featuredmedia":[{"embeddable":true,"href":"https:\/\/chemsfine.com\/es\/wp-json\/wp\/v2\/media\/6522"}],"wp:attachment":[{"href":"https:\/\/chemsfine.com\/es\/wp-json\/wp\/v2\/media?parent=6468"}],"wp:term":[{"taxonomy":"product_brand","embeddable":true,"href":"https:\/\/chemsfine.com\/es\/wp-json\/wp\/v2\/product_brand?post=6468"},{"taxonomy":"product_cat","embeddable":true,"href":"https:\/\/chemsfine.com\/es\/wp-json\/wp\/v2\/product_cat?post=6468"},{"taxonomy":"product_tag","embeddable":true,"href":"https:\/\/chemsfine.com\/es\/wp-json\/wp\/v2\/product_tag?post=6468"}],"curies":[{"name":"wp","href":"https:\/\/api.w.org\/{rel}","templated":true}]}}