{"id":6553,"date":"2026-02-12T10:08:07","date_gmt":"2026-02-12T10:08:07","guid":{"rendered":"https:\/\/chemsfine.com\/?post_type=product&#038;p=6553"},"modified":"2026-03-25T12:44:05","modified_gmt":"2026-03-25T12:44:05","slug":"codeine-linctus-cough-syrup","status":"publish","type":"product","link":"https:\/\/chemsfine.com\/es\/product\/codeine-linctus-cough-syrup\/","title":{"rendered":"Codeine Linctus | Jarabe eficaz para la tos seca"},"content":{"rendered":"<p>Bienvenido a <b>chemsfine<\/b>, su fuente de confianza para soluciones farmac\u00e9uticas de alta calidad. Aqu\u00ed podr\u00e1 <b>Comprar Code\u00edna Linctus<\/b>, un jarabe para la tos excepcionalmente eficaz formulado espec\u00edficamente para aliviar la tos seca, persistente y con cosquilleo. Este jarabe de code\u00edna linctus premium est\u00e1 dise\u00f1ado para proporcionar un alivio r\u00e1pido, asegurando que usted puede manejar los s\u00edntomas de la tos irritante con confianza. Si desea comprar jarabe de code\u00edna linctus, nuestra plataforma le ofrece una experiencia de compra fiable y discreta para este apreciado tratamiento. Explore nuestra amplia gama de soluciones de alta calidad, que incluye opciones como <a href=\"https:\/\/chemsfine.com\/es\/producto\/kings-queens-znacks-strain-buy-online\/\">otros productos premium<\/a>, para satisfacer diversas necesidades de salud y bienestar. Nuestro compromiso es ofrecer productos de la m\u00e1xima calidad que aporten beneficios tangibles a nuestros valiosos clientes.<\/p>\n<h2>\u00bfQu\u00e9 es la code\u00edna Linctus?<\/h2>\n<p><b>Code\u00edna Linctus<\/b> es un <b>jarabe para la tos<\/b> c\u00e9lebre por su capacidad para combatir y aliviar eficazmente la tos seca y persistente. Esta f\u00f3rmula de confianza reduce las ganas de toser, liber\u00e1ndole de la irritaci\u00f3n persistente causada por la tos persistente. Es una soluci\u00f3n ideal para las personas que padecen tos seca y buscan activamente un remedio eficaz y probado. Adem\u00e1s, se adapta a diversas preferencias y necesidades diet\u00e9ticas, <b>Code\u00edna Linctus<\/b> tambi\u00e9n est\u00e1 disponible como <b>jarabe sin az\u00facar<\/b> asegurando una mayor accesibilidad. Al considerar d\u00f3nde comprar code\u00edna linctus, es importante entender sus componentes clave y c\u00f3mo funcionan.<\/p>\n<p>Este potente jarabe contiene <b>15 mg del principio activo fosfato de code\u00edna<\/b> en cada dosis medida con precisi\u00f3n. La code\u00edna, bien conocida por ser un potente analg\u00e9sico, tambi\u00e9n tiene un prop\u00f3sito secundario crucial: puede utilizarse para aliviar eficazmente la tos seca y cosquilleante, calmando la garganta irritada. El mecanismo por el que <b>Code\u00edna Linctus de m\u00e1xima calidad<\/b> funciona es cambiando la forma en que su cuerpo responde a la irritaci\u00f3n o picor. Esta acci\u00f3n conduce directamente a una reducci\u00f3n significativa de las ganas de toser, deteniendo eficazmente la tos en su origen. Al detener el ciclo continuo de tos, el jarabe proporciona a su garganta el tiempo necesario para repararse, ayud\u00e1ndole as\u00ed a superar esa molesta tos de forma m\u00e1s r\u00e1pida y eficaz. Nos aseguramos de que cada lote de este producto de alta calidad se someta a rigurosas pruebas para cumplir las normas m\u00e1s estrictas.<\/p>\n<h2>Ventajas y aplicaciones recomendadas<\/h2>\n<p>El principal beneficio de <b>Code\u00edna Linctus<\/b> radica en su doble acci\u00f3n para aliviar la tos. No s\u00f3lo suprime el reflejo de la tos, sino que tambi\u00e9n proporciona una sensaci\u00f3n calmante a la garganta. Esto lo convierte en una opci\u00f3n inestimable para la tos nocturna, que permite un sue\u00f1o m\u00e1s reparador. Adem\u00e1s, la disponibilidad de una opci\u00f3n sin az\u00facar garantiza que las personas con necesidades diet\u00e9ticas espec\u00edficas o problemas de salud, como la diabetes, puedan seguir benefici\u00e1ndose de sus efectos terap\u00e9uticos. He aqu\u00ed algunas de sus principales ventajas y aplicaciones:<\/p>\n<ul>\n<li><b>Alivio eficaz de la tos seca:<\/b> Espec\u00edficamente formulado para combatir y suprimir la tos seca, irritante y cosquilleante.<\/li>\n<li><b>Reduce la necesidad de toser:<\/b> Act\u00faa a nivel central para disminuir el impulso de toser, ofreciendo un confort duradero.<\/li>\n<li><b>Acci\u00f3n calmante de la garganta:<\/b> Proporciona un efecto calmante en la garganta irritada, ayudando a reducir las molestias.<\/li>\n<li><b>Favorece la curaci\u00f3n natural:<\/b> Al detener el ciclo de la tos, permite que la garganta se recupere y sane m\u00e1s r\u00e1pidamente.<\/li>\n<li><b>Variante sin az\u00facar:<\/b> Disponible para quienes prefieran o necesiten una opci\u00f3n de medicaci\u00f3n sin az\u00facar.<\/li>\n<li><b>Propiedades analg\u00e9sicas:<\/b> El fosfato de code\u00edna tambi\u00e9n act\u00faa como analg\u00e9sico, contribuyendo al bienestar general durante la enfermedad.<\/li>\n<li><b>Actuaci\u00f3n r\u00e1pida:<\/b> Dise\u00f1ado para proporcionar alivio r\u00e1pidamente tras su administraci\u00f3n.<\/li>\n<\/ul>\n<h3>Comprender las especificaciones del producto<\/h3>\n<p>Ofrecer una visi\u00f3n clara de <b>Code\u00edna Linctus<\/b>, Aqu\u00ed tienes un cuadro detallado que resume sus principales caracter\u00edsticas:<\/p>\n<table border=\"1\">\n<thead>\n<tr>\n<th>Caracter\u00edstica<\/th>\n<th>Descripci\u00f3n<\/th>\n<\/tr>\n<\/thead>\n<tbody>\n<tr>\n<td><b>Nombre del producto<\/b><\/td>\n<td>Code\u00edna Linctus<\/td>\n<\/tr>\n<tr>\n<td><b>Uso principal<\/b><\/td>\n<td>Alivio de la tos seca y cosquilleante<\/td>\n<\/tr>\n<tr>\n<td><b>Principio activo<\/b><\/td>\n<td>Fosfato de code\u00edna (15 mg por dosis)<\/td>\n<\/tr>\n<tr>\n<td><b>Forma del producto<\/b><\/td>\n<td>Linctus (jarabe)<\/td>\n<\/tr>\n<tr>\n<td><b>Opciones disponibles<\/b><\/td>\n<td>Est\u00e1ndar y sin az\u00facar<\/td>\n<\/tr>\n<tr>\n<td><b>Acci\u00f3n<\/b><\/td>\n<td>Supresor de la tos y calmante de garganta<\/td>\n<\/tr>\n<\/tbody>\n<\/table>\n<h2>Informaci\u00f3n importante sobre seguridad y conformidad<\/h2>\n<p>Antes de tomar <b>Code\u00edna Linctus<\/b>, Si est\u00e1 embarazada, es fundamental que conozca las pautas de seguridad m\u00e1s importantes. No tome este producto durante la lactancia, ya que la code\u00edna que contiene puede pasar al beb\u00e9 a trav\u00e9s de la leche materna. Esto supone un riesgo potencial para el lactante. Consulte siempre a su m\u00e9dico o farmac\u00e9utico antes de tomar code\u00edna linctus o cualquier otro medicamento durante el embarazo o la lactancia. Esta consulta vital le ayudar\u00e1 a estar absolutamente segura de que su medicamento es seguro tanto para usted como para su beb\u00e9. Su profesional sanitario puede ofrecerle un asesoramiento personalizado basado en sus circunstancias individuales.<\/p>\n<p>Tambi\u00e9n es esencial comprender que <b>Code\u00edna Linctus<\/b> puede provocar somnolencia o sue\u00f1o despu\u00e9s de tomarlo. Debido a este posible efecto secundario, se recomienda encarecidamente no intentar conducir ni manejar maquinaria pesada o herramientas hasta que est\u00e9 completamente seguro de que no le afecta de este modo. Su seguridad y la de los dem\u00e1s en la carretera o en el lugar de trabajo son primordiales. Adem\u00e1s, no consuma alcohol mientras est\u00e9 tomando este jarabe, ya que puede potenciar significativamente los efectos de somnolencia o sue\u00f1o, haci\u00e9ndolos m\u00e1s pronunciados de lo que ser\u00edan de otro modo. Para m\u00e1s informaci\u00f3n sobre el uso seguro de los medicamentos, consulte recursos como <a href=\"https:\/\/chemsfine.com\/es\/producto\/comprar-mdphp-freebase-online-2\/\">nuestras directrices de seguridad para diversos productos<\/a>. Este enfoque integral de la seguridad garantiza un uso responsable de nuestros productos.<\/p>\n<h3>Compras y cumplimiento de la normativa<\/h3>\n<p>Para su comodidad, este producto no requiere receta m\u00e9dica. Sin embargo, para su seguridad y para cumplir con los requisitos legales, se le pedir\u00e1 que complete un breve cuestionario m\u00e9dico por su Qu\u00edmico para su farmac\u00e9utico antes de que podamos finalizar su pedido. Este proceso incluye algunas preguntas sencillas, pero cruciales, que todas las farmacias est\u00e1n legalmente obligadas a hacer antes de suministrar este tipo de producto. Este riguroso control ayuda a nuestro equipo de farmac\u00e9uticos a estar absolutamente seguros de que este producto espec\u00edfico es la mejor opci\u00f3n y la m\u00e1s segura para usted. Nuestro objetivo es garantizar la dispensaci\u00f3n y el uso responsables de todos los productos adquiridos en <b>chemsfine<\/b>, incluyendo este efectivo linctus de code\u00edna en venta.<\/p>\n<h2>\u00bfPor qu\u00e9 elegir chemsfine para comprar code\u00edna Linctus?<\/h2>\n<p>Cuando decida <b>Pedir Code\u00edna Linctus Online<\/b>, eligiendo <b>chemsfine<\/b> ofrece ventajas incomparables. Nos enorgullecemos de ofrecer s\u00f3lo los <b>La mejor code\u00edna Linctus disponible<\/b>, garantizando que cada cliente reciba un producto de calidad y eficacia excepcionales. Nuestro compromiso va m\u00e1s all\u00e1 de la mera oferta de productos; damos prioridad a la seguridad y satisfacci\u00f3n del cliente mediante pr\u00e1cticas transparentes y un s\u00f3lido servicio de asistencia. Nuestro \u00e1gil proceso de pedido, junto con un cuestionario m\u00e9dico obligatorio revisado por farmac\u00e9uticos cualificados, garantiza que su compra no s\u00f3lo sea c\u00f3moda, sino tambi\u00e9n m\u00e9dicamente adecuada a sus necesidades. Nos esforzamos por ofrecerle una experiencia perfecta, desde la b\u00fasqueda hasta la entrega.<\/p>\n<p>Nuestra reputaci\u00f3n de excelencia se basa en varios pilares fundamentales: ofrecer productos de gran pureza, mantener un estricto control de calidad y proporcionar una completa asistencia al cliente. Comprendemos la importancia de un alivio fiable de la tos, y nuestros <b>Code\u00edna Linctus<\/b> se obtiene y manipula con el m\u00e1ximo cuidado para mantener su integridad terap\u00e9utica. Adem\u00e1s, ofrecemos siempre precios competitivos, haciendo accesibles soluciones sanitarias de alta calidad sin comprometer los est\u00e1ndares. Cuando opta por comprarnos jarabe de code\u00edna linctus, est\u00e1 eligiendo a un socio comprometido con su bienestar. Explore nuestras categor\u00edas de productos para encontrar otras soluciones, como <a href=\"https:\/\/chemsfine.com\/es\/producto\/kings-queens-znacks-strain-buy-online\/\">art\u00edculos m\u00e1s especializados para sus necesidades de investigaci\u00f3n<\/a>, Todo ello respaldado por nuestra garant\u00eda de calidad.<\/p>\n<h2>Conclusi\u00f3n<\/h2>\n<p>En resumen, <b>Code\u00edna Linctus<\/b> ofrece una soluci\u00f3n fiable y eficaz para aliviar la tos seca y con picor, proporcionando un alivio muy necesario y favoreciendo la recuperaci\u00f3n de la garganta. Su probado principio activo, combinado con la opci\u00f3n de una variante sin az\u00facar, lo convierte en una opci\u00f3n vers\u00e1til para muchas personas. Le invitamos a experimentar la calidad y el cuidado que definen a <b>chemsfine<\/b>. Cuando est\u00e9 listo para un alivio eficaz de la tos, puede confiar en que <b>Comprar Code\u00edna Linctus<\/b> directamente desde nuestra plataforma segura en l\u00ednea. Conf\u00ede en <b>chemsfine<\/b> para sus necesidades de salud y bienestar, sabiendo que est\u00e1 recibiendo un producto de primer nivel respaldado por una orientaci\u00f3n profesional y un servicio impecable. Su comodidad y su salud son nuestra m\u00e1xima prioridad, garantizando que reciba el mejor jarabe de code\u00edna linctus disponible en el mercado.<\/p>","protected":false},"excerpt":{"rendered":"<p><b>Code\u00edna Linctus<\/b>, disponible para <b>comprar en chemsfine<\/b>, es un eficaz <b>jarabe para la tos<\/b> dise\u00f1ado para aliviar la tos seca y con picor. Esta soluci\u00f3n ayuda a reducir las ganas de toser, proporcionando un alivio r\u00e1pido y favoreciendo la recuperaci\u00f3n de la garganta. Tambi\u00e9n se ofrece como una variante sin az\u00facar, es ideal para aquellos que buscan un remedio eficaz para la irritaci\u00f3n persistente.<\/p>","protected":false},"featured_media":6597,"comment_status":"open","ping_status":"closed","template":"","meta":{"_joinchat":[]},"product_brand":[],"product_cat":[940],"product_tag":[],"class_list":{"0":"post-6553","1":"product","2":"type-product","3":"status-publish","4":"has-post-thumbnail","6":"product_cat-cough-syrup","8":"first","9":"instock","10":"shipping-taxable","11":"purchasable","12":"product-type-variable"},"yoast_head":"<!-- This site is optimized with the Yoast SEO plugin v27.2 - https:\/\/yoast.com\/product\/yoast-seo-wordpress\/ -->\n<title>Buy Codeine Linctus Online | Best Cough Syrup Available<\/title>\n<meta name=\"description\" content=\"Discover Codeine Linctus for sale at chemsfine. An effective cough syrup, available to buy online, it soothes dry, tickly coughs &amp; offers relief. Order yours today!\" \/>\n<meta name=\"robots\" content=\"index, follow, max-snippet:-1, max-image-preview:large, max-video-preview:-1\" \/>\n<link rel=\"canonical\" href=\"https:\/\/chemsfine.com\/es\/producto\/codeine-linctus-cough-syrup\/\" \/>\n<meta property=\"og:locale\" content=\"es_ES\" \/>\n<meta property=\"og:type\" content=\"article\" \/>\n<meta property=\"og:title\" content=\"Buy Codeine Linctus Online | Best Cough Syrup Available\" \/>\n<meta property=\"og:description\" content=\"Discover Codeine Linctus for sale at chemsfine. An effective cough syrup, available to buy online, it soothes dry, tickly coughs &amp; offers relief. Order yours today!\" \/>\n<meta property=\"og:url\" content=\"https:\/\/chemsfine.com\/es\/producto\/codeine-linctus-cough-syrup\/\" \/>\n<meta property=\"og:site_name\" content=\"Chemsfine\" \/>\n<meta property=\"article:modified_time\" content=\"2026-03-25T12:44:05+00:00\" \/>\n<meta property=\"og:image\" content=\"https:\/\/chemsfine.com\/wp-content\/uploads\/2026\/02\/codeine-linctus-1.jpg\" \/>\n\t<meta property=\"og:image:width\" content=\"211\" \/>\n\t<meta property=\"og:image:height\" content=\"211\" \/>\n\t<meta property=\"og:image:type\" content=\"image\/jpeg\" \/>\n<meta name=\"twitter:card\" content=\"summary_large_image\" \/>\n<meta name=\"twitter:label1\" content=\"Tiempo de lectura\" \/>\n\t<meta name=\"twitter:data1\" content=\"6 minutos\" \/>\n<script type=\"application\/ld+json\" class=\"yoast-schema-graph\">{\"@context\":\"https:\/\/schema.org\",\"@graph\":[{\"@type\":\"WebPage\",\"@id\":\"https:\/\/chemsfine.com\/product\/codeine-linctus-cough-syrup\/\",\"url\":\"https:\/\/chemsfine.com\/product\/codeine-linctus-cough-syrup\/\",\"name\":\"Buy Codeine Linctus Online | Best Cough Syrup Available\",\"isPartOf\":{\"@id\":\"https:\/\/chemsfine.com\/#website\"},\"primaryImageOfPage\":{\"@id\":\"https:\/\/chemsfine.com\/product\/codeine-linctus-cough-syrup\/#primaryimage\"},\"image\":{\"@id\":\"https:\/\/chemsfine.com\/product\/codeine-linctus-cough-syrup\/#primaryimage\"},\"thumbnailUrl\":\"https:\/\/chemsfine.com\/wp-content\/uploads\/2026\/02\/codeine-linctus-1.jpg\",\"datePublished\":\"2026-02-12T10:08:07+00:00\",\"dateModified\":\"2026-03-25T12:44:05+00:00\",\"description\":\"Discover Codeine Linctus for sale at chemsfine. An effective cough syrup, available to buy online, it soothes dry, tickly coughs &amp; offers relief. Order yours today!\",\"breadcrumb\":{\"@id\":\"https:\/\/chemsfine.com\/product\/codeine-linctus-cough-syrup\/#breadcrumb\"},\"inLanguage\":\"es\",\"potentialAction\":[{\"@type\":\"ReadAction\",\"target\":[\"https:\/\/chemsfine.com\/product\/codeine-linctus-cough-syrup\/\"]}]},{\"@type\":\"ImageObject\",\"inLanguage\":\"es\",\"@id\":\"https:\/\/chemsfine.com\/product\/codeine-linctus-cough-syrup\/#primaryimage\",\"url\":\"https:\/\/chemsfine.com\/wp-content\/uploads\/2026\/02\/codeine-linctus-1.jpg\",\"contentUrl\":\"https:\/\/chemsfine.com\/wp-content\/uploads\/2026\/02\/codeine-linctus-1.jpg\",\"width\":211,\"height\":211},{\"@type\":\"BreadcrumbList\",\"@id\":\"https:\/\/chemsfine.com\/product\/codeine-linctus-cough-syrup\/#breadcrumb\",\"itemListElement\":[{\"@type\":\"ListItem\",\"position\":1,\"name\":\"Home\",\"item\":\"https:\/\/chemsfine.com\/\"},{\"@type\":\"ListItem\",\"position\":2,\"name\":\"Shop\",\"item\":\"https:\/\/chemsfine.com\/shop\/\"},{\"@type\":\"ListItem\",\"position\":3,\"name\":\"Codeine Linctus | Effective Cough Syrup for Dry Coughs\"}]},{\"@type\":\"WebSite\",\"@id\":\"https:\/\/chemsfine.com\/#website\",\"url\":\"https:\/\/chemsfine.com\/\",\"name\":\"Chemsfine\",\"description\":\"My WordPress Blog\",\"publisher\":{\"@id\":\"https:\/\/chemsfine.com\/#organization\"},\"potentialAction\":[{\"@type\":\"SearchAction\",\"target\":{\"@type\":\"EntryPoint\",\"urlTemplate\":\"https:\/\/chemsfine.com\/?s={search_term_string}\"},\"query-input\":{\"@type\":\"PropertyValueSpecification\",\"valueRequired\":true,\"valueName\":\"search_term_string\"}}],\"inLanguage\":\"es\"},{\"@type\":\"Organization\",\"@id\":\"https:\/\/chemsfine.com\/#organization\",\"name\":\"Chemsfine\",\"url\":\"https:\/\/chemsfine.com\/\",\"logo\":{\"@type\":\"ImageObject\",\"inLanguage\":\"es\",\"@id\":\"https:\/\/chemsfine.com\/#\/schema\/logo\/image\/\",\"url\":\"https:\/\/chemsfine.com\/wp-content\/uploads\/2024\/09\/final-logo.png\",\"contentUrl\":\"https:\/\/chemsfine.com\/wp-content\/uploads\/2024\/09\/final-logo.png\",\"width\":340,\"height\":72,\"caption\":\"Chemsfine\"},\"image\":{\"@id\":\"https:\/\/chemsfine.com\/#\/schema\/logo\/image\/\"}}]}<\/script>\n<!-- \/ Yoast SEO plugin. -->","yoast_head_json":{"title":"Comprar Code\u00edna Linctus Online | El mejor jarabe para la tos disponible","description":"Descubra Codeine Linctus en venta en chemsfine. Un jarabe para la tos eficaz, disponible para comprar en l\u00ednea, que alivia la tos seca y cosquilleante y ofrece alivio. \u00a1Pida el suyo hoy mismo!","robots":{"index":"index","follow":"follow","max-snippet":"max-snippet:-1","max-image-preview":"max-image-preview:large","max-video-preview":"max-video-preview:-1"},"canonical":"https:\/\/chemsfine.com\/es\/producto\/codeine-linctus-cough-syrup\/","og_locale":"es_ES","og_type":"article","og_title":"Buy Codeine Linctus Online | Best Cough Syrup Available","og_description":"Discover Codeine Linctus for sale at chemsfine. An effective cough syrup, available to buy online, it soothes dry, tickly coughs &amp; offers relief. Order yours today!","og_url":"https:\/\/chemsfine.com\/es\/producto\/codeine-linctus-cough-syrup\/","og_site_name":"Chemsfine","article_modified_time":"2026-03-25T12:44:05+00:00","og_image":[{"width":211,"height":211,"url":"https:\/\/chemsfine.com\/wp-content\/uploads\/2026\/02\/codeine-linctus-1.jpg","type":"image\/jpeg"}],"twitter_card":"summary_large_image","twitter_misc":{"Tiempo de lectura":"6 minutos"},"schema":{"@context":"https:\/\/schema.org","@graph":[{"@type":"WebPage","@id":"https:\/\/chemsfine.com\/product\/codeine-linctus-cough-syrup\/","url":"https:\/\/chemsfine.com\/product\/codeine-linctus-cough-syrup\/","name":"Comprar Code\u00edna Linctus Online | El mejor jarabe para la tos disponible","isPartOf":{"@id":"https:\/\/chemsfine.com\/#website"},"primaryImageOfPage":{"@id":"https:\/\/chemsfine.com\/product\/codeine-linctus-cough-syrup\/#primaryimage"},"image":{"@id":"https:\/\/chemsfine.com\/product\/codeine-linctus-cough-syrup\/#primaryimage"},"thumbnailUrl":"https:\/\/chemsfine.com\/wp-content\/uploads\/2026\/02\/codeine-linctus-1.jpg","datePublished":"2026-02-12T10:08:07+00:00","dateModified":"2026-03-25T12:44:05+00:00","description":"Descubra Codeine Linctus en venta en chemsfine. Un jarabe para la tos eficaz, disponible para comprar en l\u00ednea, que alivia la tos seca y cosquilleante y ofrece alivio. \u00a1Pida el suyo hoy mismo!","breadcrumb":{"@id":"https:\/\/chemsfine.com\/product\/codeine-linctus-cough-syrup\/#breadcrumb"},"inLanguage":"es","potentialAction":[{"@type":"ReadAction","target":["https:\/\/chemsfine.com\/product\/codeine-linctus-cough-syrup\/"]}]},{"@type":"ImageObject","inLanguage":"es","@id":"https:\/\/chemsfine.com\/product\/codeine-linctus-cough-syrup\/#primaryimage","url":"https:\/\/chemsfine.com\/wp-content\/uploads\/2026\/02\/codeine-linctus-1.jpg","contentUrl":"https:\/\/chemsfine.com\/wp-content\/uploads\/2026\/02\/codeine-linctus-1.jpg","width":211,"height":211},{"@type":"BreadcrumbList","@id":"https:\/\/chemsfine.com\/product\/codeine-linctus-cough-syrup\/#breadcrumb","itemListElement":[{"@type":"ListItem","position":1,"name":"Home","item":"https:\/\/chemsfine.com\/"},{"@type":"ListItem","position":2,"name":"Shop","item":"https:\/\/chemsfine.com\/shop\/"},{"@type":"ListItem","position":3,"name":"Codeine Linctus | Effective Cough Syrup for Dry Coughs"}]},{"@type":"WebSite","@id":"https:\/\/chemsfine.com\/#website","url":"https:\/\/chemsfine.com\/","name":"Chemsfine","description":"Mi blog de WordPress","publisher":{"@id":"https:\/\/chemsfine.com\/#organization"},"potentialAction":[{"@type":"SearchAction","target":{"@type":"EntryPoint","urlTemplate":"https:\/\/chemsfine.com\/?s={search_term_string}"},"query-input":{"@type":"PropertyValueSpecification","valueRequired":true,"valueName":"search_term_string"}}],"inLanguage":"es"},{"@type":"Organization","@id":"https:\/\/chemsfine.com\/#organization","name":"Chemsfine","url":"https:\/\/chemsfine.com\/","logo":{"@type":"ImageObject","inLanguage":"es","@id":"https:\/\/chemsfine.com\/#\/schema\/logo\/image\/","url":"https:\/\/chemsfine.com\/wp-content\/uploads\/2024\/09\/final-logo.png","contentUrl":"https:\/\/chemsfine.com\/wp-content\/uploads\/2024\/09\/final-logo.png","width":340,"height":72,"caption":"Chemsfine"},"image":{"@id":"https:\/\/chemsfine.com\/#\/schema\/logo\/image\/"}}]}},"_links":{"self":[{"href":"https:\/\/chemsfine.com\/es\/wp-json\/wp\/v2\/product\/6553","targetHints":{"allow":["GET"]}}],"collection":[{"href":"https:\/\/chemsfine.com\/es\/wp-json\/wp\/v2\/product"}],"about":[{"href":"https:\/\/chemsfine.com\/es\/wp-json\/wp\/v2\/types\/product"}],"replies":[{"embeddable":true,"href":"https:\/\/chemsfine.com\/es\/wp-json\/wp\/v2\/comments?post=6553"}],"wp:featuredmedia":[{"embeddable":true,"href":"https:\/\/chemsfine.com\/es\/wp-json\/wp\/v2\/media\/6597"}],"wp:attachment":[{"href":"https:\/\/chemsfine.com\/es\/wp-json\/wp\/v2\/media?parent=6553"}],"wp:term":[{"taxonomy":"product_brand","embeddable":true,"href":"https:\/\/chemsfine.com\/es\/wp-json\/wp\/v2\/product_brand?post=6553"},{"taxonomy":"product_cat","embeddable":true,"href":"https:\/\/chemsfine.com\/es\/wp-json\/wp\/v2\/product_cat?post=6553"},{"taxonomy":"product_tag","embeddable":true,"href":"https:\/\/chemsfine.com\/es\/wp-json\/wp\/v2\/product_tag?post=6553"}],"curies":[{"name":"wp","href":"https:\/\/api.w.org\/{rel}","templated":true}]}}