{"id":6660,"date":"2026-02-12T10:09:45","date_gmt":"2026-02-12T10:09:45","guid":{"rendered":"https:\/\/chemsfine.com\/?post_type=product&#038;p=6660"},"modified":"2026-03-25T12:31:39","modified_gmt":"2026-03-25T12:31:39","slug":"buy-mango-hash-online","status":"publish","type":"product","link":"https:\/\/chemsfine.com\/es\/product\/buy-mango-hash-online\/","title":{"rendered":"Comprar Mango Hash Online | Concentrado de Cannabis de primera calidad en chemsfine"},"content":{"rendered":"<h1>Comprar Mango Hash en exclusiva en la tienda online de chemsfine.<\/h1>\n<p><b>Comprar Hach\u00eds de Mango<\/b> en chemsfine, tu destino online de confianza para concentrados de primera calidad. Descubre la experiencia incomparable de este concentrado de cannabis de primera calidad conocido por sus efectos \u00fanicos y su delicioso perfil. Este aut\u00e9ntico producto ofrece un viaje de serenidad y concentraci\u00f3n, por lo que es muy solicitado por aquellos que buscan relajaci\u00f3n y energ\u00eda creativa. Explora por qu\u00e9 este producto es la mejor opci\u00f3n disponible para una experiencia elevada.<\/p>\n<h2>\u00bfQu\u00e9 es el Mango Hash?<\/h2>\n<p><b>Hach\u00eds de mango<\/b> es una cepa sigilosa, con un subid\u00f3n casi imperceptible que genera sentimientos de serenidad y alegr\u00eda. A medida que te adentras en sus efectos, te encontrar\u00e1s cada vez m\u00e1s en\u00e9rgico y con muchas ganas de ser astuto. La mayor\u00eda de los usuarios detectan sensaciones corp\u00f3reas mientras fuman este concentrado, normalmente descritas como c\u00e1lidos cosquilleos que irradian por todo el cuerpo. Este producto es c\u00e9lebre por su pureza y la experiencia distintiva que proporciona, ofreciendo un giro \u00fanico al hach\u00eds tradicional. Disfruta de la calidad constante de los concentrados de alta calidad de chemsfine.<\/p>\n<h2>\u00bfPor qu\u00e9 comprar Hach\u00eds de Mango online en chemsfine?<\/h2>\n<p>Al pedir este producto de primera calidad online en chemsfine, est\u00e1 eligiendo un producto reconocido por sus excepcionales caracter\u00edsticas. \u00a1Prep\u00e1rese para un hambre inminente cuando fume Mango! Tiene un agradable y dulce aroma a mango con sutiles notas herb\u00e1ceas terrosas y un sabor que hace la boca agua. Imag\u00ednese la combinaci\u00f3n perfecta de lim\u00f3n cremoso, mango \u00e1cido y terrosidad natural en una deliciosa calada. Prepara tu provisi\u00f3n de snacks, \u00a1no podr\u00e1s resistirte! Nuestro compromiso de ofrecer el mejor concentrado disponible significa que usted recibe un producto que cumple rigurosas normas de calidad, garantizando una experiencia verdaderamente satisfactoria en todo momento.<\/p>\n<p><b>Hach\u00eds de mango<\/b> tiene la capacidad de reducir significativamente la ansiedad y la depresi\u00f3n, as\u00ed como de proporcionar alivio del dolor f\u00edsico. Su efecto adormecedor puede aprovecharse para fumar en grandes dosis, provocando un estado de sedaci\u00f3n perfecto para personas con insomnio. La energ\u00eda positiva que proporciona hace del Mango una opci\u00f3n ideal para abordar problemas graves como el estr\u00e9s y la depresi\u00f3n.<\/p>\n<h2>Aplicaciones y ventajas de este concentrado de primera calidad<\/h2>\n<p>La versatilidad de este producto lo convierte en un valioso complemento para diversos fines. Siente la historia detr\u00e1s de Mango, e imagina qui\u00e9n disfrut\u00f3 por primera vez de sus efectos especiales hace mucho tiempo. Tanto si aprecias un fuerte sabor afrutado como si necesitas un extra de energ\u00eda calmante, \u00a1esta cepa en particular no te decepcionar\u00e1! Tenla siempre a mano para cuando necesites relajarte. Este concentrado de primera calidad no s\u00f3lo es conocido por su disfrute recreativo, sino tambi\u00e9n por sus profundas aplicaciones para el bienestar. Los usuarios que buscan un concentrado de gran pureza a la venta suelen recurrir a este hach\u00eds por su amplia gama de beneficios.<\/p>\n<ul>\n<li><b>Alivio de la ansiedad y la depresi\u00f3n:<\/b> Ayuda a reducir significativamente los s\u00edntomas, promoviendo una sensaci\u00f3n de calma.<\/li>\n<li><b>Tratamiento f\u00edsico del dolor:<\/b> Alivia eficazmente diversos tipos de molestias corporales.<\/li>\n<li><b>Ayuda contra el insomnio:<\/b> Dosis mayores pueden inducir un estado de sedaci\u00f3n, ayudando a conciliar un sue\u00f1o reparador.<\/li>\n<li><b>Reducci\u00f3n del estr\u00e9s:<\/b> Ofrece energ\u00eda positiva y una sensaci\u00f3n de bienestar para combatir los factores estresantes cotidianos.<\/li>\n<li><b>Mejora el estado de \u00e1nimo:<\/b> Genera sentimientos de serenidad y alegr\u00eda, levantando el \u00e1nimo.<\/li>\n<li><b>Combate las n\u00e1useas:<\/b> Se sabe que alivia las n\u00e1useas.<\/li>\n<li><b>Estimulaci\u00f3n creativa:<\/b> A menudo, los usuarios se sienten llenos de energ\u00eda e inspirados para hacer manualidades.<\/li>\n<\/ul>\n<h2>Manipulaci\u00f3n y consumo de hach\u00eds aut\u00e9ntico<\/h2>\n<p>En <b>Hach\u00eds de mango<\/b> es maleable y f\u00e1cil de trabajar, y produce un coloc\u00f3n h\u00edbrido que no te deja pegado al sof\u00e1. Su naturaleza maleable garantiza un proceso de preparaci\u00f3n sin problemas para varios m\u00e9todos de consumo. El hach\u00eds te dejar\u00e1 relajado. Proporciona una sensaci\u00f3n general de bienestar y puede producir sue\u00f1o. La combinaci\u00f3n de efectos la hace perfecta para aliviar el dolor y combatir las n\u00e1useas. Si aplicas un poco de calor, se volver\u00e1 m\u00e1s maleable y f\u00e1cil de trabajar, por lo que ser\u00e1 a\u00fan m\u00e1s f\u00e1cil incorporarlo a tu m\u00e9todo preferido. Ofrecemos hach\u00eds aut\u00e9ntico que es f\u00e1cil de manejar tanto para usuarios experimentados como para novatos.<\/p>\n<h3>M\u00e9todos de consumo recomendados:<\/h3>\n<table>\n<thead>\n<tr>\n<th>M\u00e9todo<\/th>\n<th>Descripci\u00f3n<\/th>\n<\/tr>\n<\/thead>\n<tbody>\n<tr>\n<td><b>Conjunta<\/b><\/td>\n<td>Desmenuce un trocito y espolvor\u00e9elo en su porro para disfrutar de una experiencia mejorada.<\/td>\n<\/tr>\n<tr>\n<td><b>Pipa \/ Bong \/ Hookah<\/b><\/td>\n<td>C\u00e1rgala directamente en la cazoleta para una sesi\u00f3n de fumada directa y potente.<\/td>\n<\/tr>\n<tr>\n<td><b>One-hitter<\/b><\/td>\n<td>Ideal para dosis r\u00e1pidas y medidas, perfecto para llevar sobre la marcha o para un uso discreto.<\/td>\n<\/tr>\n<tr>\n<td><b>Vaporizador<\/b><\/td>\n<td>Para una inhalaci\u00f3n m\u00e1s limpia, util\u00edcese con un vaporizador de concentrados adecuado (previa descarboxilaci\u00f3n para ingesti\u00f3n oral).<\/td>\n<\/tr>\n<\/tbody>\n<\/table>\n<h2>Entender el hach\u00eds: Un concentrado de primera calidad<\/h2>\n<p>El hach\u00eds es un concentrado elaborado a partir de la resina de la planta de cannabis. Se consume por inhalaci\u00f3n de un peque\u00f1o trozo, normalmente en una pipa, bong, vaporizador o porro, o por ingesti\u00f3n oral (tras la descarboxilaci\u00f3n). Como el hach\u00eds puro no se quema si se l\u00eda solo en un porro, normalmente se mezcla con hierbas de cannabis, tabaco u otro tipo de hierba para este m\u00e9todo de consumo. En chemsfine, nos aseguramos de que nuestro <a href=\"https:\/\/chemsfine.com\/es\/categoria-producto\/concentrates\/\">hash<\/a> incluyendo este excepcional concentrado, representan los m\u00e1s altos est\u00e1ndares de calidad y pureza. Descubre la rica historia y los potentes efectos de este apreciado concentrado de cannabis.<\/p>\n<h2>Compra segura y satisfacci\u00f3n garantizada con chemsfine<\/h2>\n<p>Optar por <b><a href=\"https:\/\/chemsfine.com\/es\/producto\/buy-3-mmc-online\/\">asegure su compra en l\u00ednea<\/a><\/b> de chemsfine garantiza una compra segura y la m\u00e1xima satisfacci\u00f3n. Nos enorgullecemos de ofrecer detalles transparentes, registros de lotes verificados y precios competitivos, lo que nos convierte en la opci\u00f3n ideal para sus necesidades de concentrados. Nuestra tienda en l\u00ednea est\u00e1 dise\u00f1ada para facilitar su uso, permiti\u00e9ndole navegar y <b><a href=\"https:\/\/chemsfine.com\/es\/producto\/buy-jwh-018-online\/\">pedir productos premium<\/a><\/b> con confianza.<\/p>\n<h2>Conclusi\u00f3n: Experimente el mejor hach\u00eds disponible en la actualidad<\/h2>\n<p>No pierda la oportunidad de experimentar las cualidades \u00fanicas de este concentrado. Tanto si buscas una relajaci\u00f3n profunda, un alivio eficaz del dolor o una explosi\u00f3n de energ\u00eda creativa, este producto te la proporciona. Ofrecemos el mejor hach\u00eds disponible, junto con un compromiso con la calidad y la satisfacci\u00f3n del cliente. Explora nuestra selecci\u00f3n y compra este producto de primera calidad a la venta hoy mismo para elevar tu experiencia cann\u00e1bica. Aseg\u00farese su producto premium en l\u00ednea ahora y descubra por qu\u00e9 chemsfine es la fuente preferida de los usuarios m\u00e1s exigentes.<\/p>","protected":false},"excerpt":{"rendered":"<p>Experimente la incomparable calidad de <b>Hach\u00eds de mango<\/b>, un concentrado de cannabis de primera calidad disponible para su compra en chemsfine. Este aut\u00e9ntico producto proporciona un subid\u00f3n sereno y alegre, junto con efectos energizantes y c\u00e1lidas sensaciones corporales. Ideal para reducir la ansiedad, la depresi\u00f3n y el dolor f\u00edsico, <b>Hach\u00eds de mango<\/b> ofrece un dulce aroma a mango con notas terrosas. Su textura maleable facilita el trabajo para diversos m\u00e9todos de consumo. <b>Comprar Mango Hash en chemsfine<\/b> para una experiencia realmente deliciosa y eficaz.<\/p>","protected":false},"featured_media":6713,"comment_status":"open","ping_status":"closed","template":"","meta":{"_joinchat":[]},"product_brand":[],"product_cat":[942],"product_tag":[],"class_list":{"0":"post-6660","1":"product","2":"type-product","3":"status-publish","4":"has-post-thumbnail","6":"product_cat-hashish","8":"first","9":"instock","10":"shipping-taxable","11":"purchasable","12":"product-type-variable"},"yoast_head":"<!-- This site is optimized with the Yoast SEO plugin v27.2 - https:\/\/yoast.com\/product\/yoast-seo-wordpress\/ -->\n<title>Buy Mango Hash Online | Premium Quality Available at chemsfine<\/title>\n<meta name=\"description\" content=\"Discover premium Mango Hash online at chemsfine. Experience serenity, joy &amp; pain relief with this top-quality concentrate. Buy now for best prices!\" \/>\n<meta name=\"robots\" content=\"index, follow, max-snippet:-1, max-image-preview:large, max-video-preview:-1\" \/>\n<link rel=\"canonical\" href=\"https:\/\/chemsfine.com\/es\/producto\/buy-mango-hash-online\/\" \/>\n<meta property=\"og:locale\" content=\"es_ES\" \/>\n<meta property=\"og:type\" content=\"article\" \/>\n<meta property=\"og:title\" content=\"Buy Mango Hash Online | Premium Quality Available at chemsfine\" \/>\n<meta property=\"og:description\" content=\"Discover premium Mango Hash online at chemsfine. Experience serenity, joy &amp; pain relief with this top-quality concentrate. Buy now for best prices!\" \/>\n<meta property=\"og:url\" content=\"https:\/\/chemsfine.com\/es\/producto\/buy-mango-hash-online\/\" \/>\n<meta property=\"og:site_name\" content=\"Chemsfine\" \/>\n<meta property=\"article:modified_time\" content=\"2026-03-25T12:31:39+00:00\" \/>\n<meta property=\"og:image\" content=\"https:\/\/chemsfine.com\/wp-content\/uploads\/2026\/02\/buy-mango-hash-online-dispensary-canada-bulk-buddy-weed-1.jpg\" \/>\n\t<meta property=\"og:image:width\" content=\"1600\" \/>\n\t<meta property=\"og:image:height\" content=\"1600\" \/>\n\t<meta property=\"og:image:type\" content=\"image\/jpeg\" \/>\n<meta name=\"twitter:card\" content=\"summary_large_image\" \/>\n<meta name=\"twitter:label1\" content=\"Tiempo de lectura\" \/>\n\t<meta name=\"twitter:data1\" content=\"5 minutos\" \/>\n<script type=\"application\/ld+json\" class=\"yoast-schema-graph\">{\"@context\":\"https:\/\/schema.org\",\"@graph\":[{\"@type\":\"WebPage\",\"@id\":\"https:\/\/chemsfine.com\/product\/buy-mango-hash-online\/\",\"url\":\"https:\/\/chemsfine.com\/product\/buy-mango-hash-online\/\",\"name\":\"Buy Mango Hash Online | Premium Quality Available at chemsfine\",\"isPartOf\":{\"@id\":\"https:\/\/chemsfine.com\/#website\"},\"primaryImageOfPage\":{\"@id\":\"https:\/\/chemsfine.com\/product\/buy-mango-hash-online\/#primaryimage\"},\"image\":{\"@id\":\"https:\/\/chemsfine.com\/product\/buy-mango-hash-online\/#primaryimage\"},\"thumbnailUrl\":\"https:\/\/chemsfine.com\/wp-content\/uploads\/2026\/02\/buy-mango-hash-online-dispensary-canada-bulk-buddy-weed-1.jpg\",\"datePublished\":\"2026-02-12T10:09:45+00:00\",\"dateModified\":\"2026-03-25T12:31:39+00:00\",\"description\":\"Discover premium Mango Hash online at chemsfine. Experience serenity, joy &amp; pain relief with this top-quality concentrate. Buy now for best prices!\",\"breadcrumb\":{\"@id\":\"https:\/\/chemsfine.com\/product\/buy-mango-hash-online\/#breadcrumb\"},\"inLanguage\":\"es\",\"potentialAction\":[{\"@type\":\"ReadAction\",\"target\":[\"https:\/\/chemsfine.com\/product\/buy-mango-hash-online\/\"]}]},{\"@type\":\"ImageObject\",\"inLanguage\":\"es\",\"@id\":\"https:\/\/chemsfine.com\/product\/buy-mango-hash-online\/#primaryimage\",\"url\":\"https:\/\/chemsfine.com\/wp-content\/uploads\/2026\/02\/buy-mango-hash-online-dispensary-canada-bulk-buddy-weed-1.jpg\",\"contentUrl\":\"https:\/\/chemsfine.com\/wp-content\/uploads\/2026\/02\/buy-mango-hash-online-dispensary-canada-bulk-buddy-weed-1.jpg\",\"width\":1600,\"height\":1600},{\"@type\":\"BreadcrumbList\",\"@id\":\"https:\/\/chemsfine.com\/product\/buy-mango-hash-online\/#breadcrumb\",\"itemListElement\":[{\"@type\":\"ListItem\",\"position\":1,\"name\":\"Home\",\"item\":\"https:\/\/chemsfine.com\/\"},{\"@type\":\"ListItem\",\"position\":2,\"name\":\"Shop\",\"item\":\"https:\/\/chemsfine.com\/shop\/\"},{\"@type\":\"ListItem\",\"position\":3,\"name\":\"Buy Mango Hash Online | Premium Cannabis Concentrate at chemsfine\"}]},{\"@type\":\"WebSite\",\"@id\":\"https:\/\/chemsfine.com\/#website\",\"url\":\"https:\/\/chemsfine.com\/\",\"name\":\"Chemsfine\",\"description\":\"My WordPress Blog\",\"publisher\":{\"@id\":\"https:\/\/chemsfine.com\/#organization\"},\"potentialAction\":[{\"@type\":\"SearchAction\",\"target\":{\"@type\":\"EntryPoint\",\"urlTemplate\":\"https:\/\/chemsfine.com\/?s={search_term_string}\"},\"query-input\":{\"@type\":\"PropertyValueSpecification\",\"valueRequired\":true,\"valueName\":\"search_term_string\"}}],\"inLanguage\":\"es\"},{\"@type\":\"Organization\",\"@id\":\"https:\/\/chemsfine.com\/#organization\",\"name\":\"Chemsfine\",\"url\":\"https:\/\/chemsfine.com\/\",\"logo\":{\"@type\":\"ImageObject\",\"inLanguage\":\"es\",\"@id\":\"https:\/\/chemsfine.com\/#\/schema\/logo\/image\/\",\"url\":\"https:\/\/chemsfine.com\/wp-content\/uploads\/2024\/09\/final-logo.png\",\"contentUrl\":\"https:\/\/chemsfine.com\/wp-content\/uploads\/2024\/09\/final-logo.png\",\"width\":340,\"height\":72,\"caption\":\"Chemsfine\"},\"image\":{\"@id\":\"https:\/\/chemsfine.com\/#\/schema\/logo\/image\/\"}}]}<\/script>\n<!-- \/ Yoast SEO plugin. -->","yoast_head_json":{"title":"Comprar Hach\u00eds de Mango Online | Calidad superior disponible en chemsfine","description":"Descubre Mango Hash online en chemsfine. Experimenta serenidad, alegr\u00eda y alivio del dolor con este concentrado de primera calidad. \u00a1Compra ahora al mejor precio!","robots":{"index":"index","follow":"follow","max-snippet":"max-snippet:-1","max-image-preview":"max-image-preview:large","max-video-preview":"max-video-preview:-1"},"canonical":"https:\/\/chemsfine.com\/es\/producto\/buy-mango-hash-online\/","og_locale":"es_ES","og_type":"article","og_title":"Buy Mango Hash Online | Premium Quality Available at chemsfine","og_description":"Discover premium Mango Hash online at chemsfine. Experience serenity, joy &amp; pain relief with this top-quality concentrate. Buy now for best prices!","og_url":"https:\/\/chemsfine.com\/es\/producto\/buy-mango-hash-online\/","og_site_name":"Chemsfine","article_modified_time":"2026-03-25T12:31:39+00:00","og_image":[{"width":1600,"height":1600,"url":"https:\/\/chemsfine.com\/wp-content\/uploads\/2026\/02\/buy-mango-hash-online-dispensary-canada-bulk-buddy-weed-1.jpg","type":"image\/jpeg"}],"twitter_card":"summary_large_image","twitter_misc":{"Tiempo de lectura":"5 minutos"},"schema":{"@context":"https:\/\/schema.org","@graph":[{"@type":"WebPage","@id":"https:\/\/chemsfine.com\/product\/buy-mango-hash-online\/","url":"https:\/\/chemsfine.com\/product\/buy-mango-hash-online\/","name":"Comprar Hach\u00eds de Mango Online | Calidad superior disponible en chemsfine","isPartOf":{"@id":"https:\/\/chemsfine.com\/#website"},"primaryImageOfPage":{"@id":"https:\/\/chemsfine.com\/product\/buy-mango-hash-online\/#primaryimage"},"image":{"@id":"https:\/\/chemsfine.com\/product\/buy-mango-hash-online\/#primaryimage"},"thumbnailUrl":"https:\/\/chemsfine.com\/wp-content\/uploads\/2026\/02\/buy-mango-hash-online-dispensary-canada-bulk-buddy-weed-1.jpg","datePublished":"2026-02-12T10:09:45+00:00","dateModified":"2026-03-25T12:31:39+00:00","description":"Descubre Mango Hash online en chemsfine. Experimenta serenidad, alegr\u00eda y alivio del dolor con este concentrado de primera calidad. \u00a1Compra ahora al mejor precio!","breadcrumb":{"@id":"https:\/\/chemsfine.com\/product\/buy-mango-hash-online\/#breadcrumb"},"inLanguage":"es","potentialAction":[{"@type":"ReadAction","target":["https:\/\/chemsfine.com\/product\/buy-mango-hash-online\/"]}]},{"@type":"ImageObject","inLanguage":"es","@id":"https:\/\/chemsfine.com\/product\/buy-mango-hash-online\/#primaryimage","url":"https:\/\/chemsfine.com\/wp-content\/uploads\/2026\/02\/buy-mango-hash-online-dispensary-canada-bulk-buddy-weed-1.jpg","contentUrl":"https:\/\/chemsfine.com\/wp-content\/uploads\/2026\/02\/buy-mango-hash-online-dispensary-canada-bulk-buddy-weed-1.jpg","width":1600,"height":1600},{"@type":"BreadcrumbList","@id":"https:\/\/chemsfine.com\/product\/buy-mango-hash-online\/#breadcrumb","itemListElement":[{"@type":"ListItem","position":1,"name":"Home","item":"https:\/\/chemsfine.com\/"},{"@type":"ListItem","position":2,"name":"Shop","item":"https:\/\/chemsfine.com\/shop\/"},{"@type":"ListItem","position":3,"name":"Buy Mango Hash Online | Premium Cannabis Concentrate at chemsfine"}]},{"@type":"WebSite","@id":"https:\/\/chemsfine.com\/#website","url":"https:\/\/chemsfine.com\/","name":"Chemsfine","description":"Mi blog de WordPress","publisher":{"@id":"https:\/\/chemsfine.com\/#organization"},"potentialAction":[{"@type":"SearchAction","target":{"@type":"EntryPoint","urlTemplate":"https:\/\/chemsfine.com\/?s={search_term_string}"},"query-input":{"@type":"PropertyValueSpecification","valueRequired":true,"valueName":"search_term_string"}}],"inLanguage":"es"},{"@type":"Organization","@id":"https:\/\/chemsfine.com\/#organization","name":"Chemsfine","url":"https:\/\/chemsfine.com\/","logo":{"@type":"ImageObject","inLanguage":"es","@id":"https:\/\/chemsfine.com\/#\/schema\/logo\/image\/","url":"https:\/\/chemsfine.com\/wp-content\/uploads\/2024\/09\/final-logo.png","contentUrl":"https:\/\/chemsfine.com\/wp-content\/uploads\/2024\/09\/final-logo.png","width":340,"height":72,"caption":"Chemsfine"},"image":{"@id":"https:\/\/chemsfine.com\/#\/schema\/logo\/image\/"}}]}},"_links":{"self":[{"href":"https:\/\/chemsfine.com\/es\/wp-json\/wp\/v2\/product\/6660","targetHints":{"allow":["GET"]}}],"collection":[{"href":"https:\/\/chemsfine.com\/es\/wp-json\/wp\/v2\/product"}],"about":[{"href":"https:\/\/chemsfine.com\/es\/wp-json\/wp\/v2\/types\/product"}],"replies":[{"embeddable":true,"href":"https:\/\/chemsfine.com\/es\/wp-json\/wp\/v2\/comments?post=6660"}],"wp:featuredmedia":[{"embeddable":true,"href":"https:\/\/chemsfine.com\/es\/wp-json\/wp\/v2\/media\/6713"}],"wp:attachment":[{"href":"https:\/\/chemsfine.com\/es\/wp-json\/wp\/v2\/media?parent=6660"}],"wp:term":[{"taxonomy":"product_brand","embeddable":true,"href":"https:\/\/chemsfine.com\/es\/wp-json\/wp\/v2\/product_brand?post=6660"},{"taxonomy":"product_cat","embeddable":true,"href":"https:\/\/chemsfine.com\/es\/wp-json\/wp\/v2\/product_cat?post=6660"},{"taxonomy":"product_tag","embeddable":true,"href":"https:\/\/chemsfine.com\/es\/wp-json\/wp\/v2\/product_tag?post=6660"}],"curies":[{"name":"wp","href":"https:\/\/api.w.org\/{rel}","templated":true}]}}