{"id":8271,"date":"2026-02-12T18:22:45","date_gmt":"2026-02-12T18:22:45","guid":{"rendered":"https:\/\/chemsfine.com\/?post_type=product&#038;p=8271"},"modified":"2026-03-25T12:14:37","modified_gmt":"2026-03-25T12:14:37","slug":"buy-ethyl-pentedrone-crystal","status":"publish","type":"product","link":"https:\/\/chemsfine.com\/es\/product\/buy-ethyl-pentedrone-crystal\/","title":{"rendered":"Comprar cristal de etil-pentedrona en l\u00ednea"},"content":{"rendered":"<p>Cuando decida <b>Comprar cristal de etil-pentedrona en venta<\/b>, necesita un socio que priorice la pureza y el cumplimiento por encima de todo. En Chemsfine, nos hemos establecido como una fuente de confianza para productos qu\u00edmicos de investigaci\u00f3n de primera calidad. Suministramos estrictamente a laboratorios, universidades e instituciones de investigaci\u00f3n reconocidas aut\u00e9nticos cristales de etil-pentedrona dise\u00f1ados exclusivamente para la investigaci\u00f3n cient\u00edfica leg\u00edtima.<\/p>\n<p>Encontrar un proveedor fiable suele ser la parte m\u00e1s dif\u00edcil del proceso de contrataci\u00f3n. Nuestro equipo se centra en el cumplimiento total, la fiabilidad y la calidad constante. Nos aseguramos de que cada lote cumpla las rigurosas normas internacionales de seguridad y pureza antes de salir de nuestras instalaciones. Investigadores de todo el mundo conf\u00edan en nosotros para sus necesidades cr\u00edticas de laboratorio porque les proporcionamos resultados en los que pueden confiar. Cuando elige <b>Encargar cristal de etil-pentedrona en l\u00ednea<\/b> con nosotros, elige la tranquilidad.<\/p>\n<h2>\u00bfQu\u00e9 es el cristal de etil-pentedrona?<\/h2>\n<p><b>Cristal de etil-pentedrona<\/b> es una sustancia qu\u00edmica de investigaci\u00f3n de alto grado perteneciente a la clase de las catinonas, ampliamente utilizada en entornos de investigaci\u00f3n forense y anal\u00edtica. Los cient\u00edficos y profesionales de laboratorio utilizan este compuesto para estudiar propiedades qu\u00edmicas, v\u00edas de reacci\u00f3n y perfiles farmacol\u00f3gicos en entornos controlados. Se caracteriza por su estructura cristalina y alta solubilidad, lo que lo hace ideal para mediciones precisas y preparaci\u00f3n de soluciones.<\/p>\n<p>Suministramos <b>Cristal de etil-pentedrona de primera calidad<\/b> para garantizar que sus datos de investigaci\u00f3n sigan siendo v\u00e1lidos y reproducibles. La identidad qu\u00edmica implica un enlace molecular complejo que requiere una manipulaci\u00f3n cuidadosa. A diferencia de las alternativas de menor calidad, nuestro producto se somete a estrictos protocolos de s\u00edntesis para minimizar las impurezas. Esta atenci\u00f3n al detalle garantiza que usted reciba el <b>El mejor cristal de etil-pentedrona disponible<\/b> para sus aplicaciones de espectrometr\u00eda y cromatograf\u00eda.<\/p>\n<h2>\u00bfPor qu\u00e9 comprar cristal de etil-pentedrona online en Chemsfine?<\/h2>\n<p>Hay muchos proveedores en el mercado, pero Chemsfine destaca por su inquebrantable compromiso con los est\u00e1ndares profesionales. Por lo tanto, cuando busque un <b>Compra segura<\/b>, Nuestra plataforma encriptada ofrece la ruta m\u00e1s segura. Operamos como un proveedor totalmente autorizado y regulado, que se adhiere a las estrictas leyes internacionales relativas a la distribuci\u00f3n de productos qu\u00edmicos.<\/p>\n<p>Adem\u00e1s, nuestra gesti\u00f3n de inventarios es insuperable. Aunque muchos clientes nos visitan para <a href=\"https:\/\/chemsfine.com\/es\/producto\/buy-mdpv-online-premium-quality-for-sale\/\">comprar MDPV en l\u00ednea de primera calidad para la venta<\/a>, En la actualidad, nuestras existencias de etil-pentedrona siguen siendo uno de los art\u00edculos m\u00e1s solicitados debido a su pureza. Verificamos cada env\u00edo para asegurarnos de que se ajusta a los requisitos espec\u00edficos de su laboratorio. De este modo, evitar\u00e1 los riesgos asociados a proveedores no verificados. Garantizamos la autenticidad, asegurando que el producto que recibe coincide con las altas especificaciones que figuran en nuestro sitio.<\/p>\n<h2>Aplicaciones<\/h2>\n<p>Nuestra <b>Alta pureza en venta<\/b> son adecuados para una amplia gama de aplicaciones cient\u00edficas. Los profesionales utilizan esta sustancia en diversos montajes experimentales. Entre las aplicaciones m\u00e1s comunes se incluyen:<\/p>\n<ul>\n<li><b>An\u00e1lisis forense:<\/b> Se utiliza como patr\u00f3n de referencia en la identificaci\u00f3n de drogas y las pruebas toxicol\u00f3gicas.<\/li>\n<li><b>Pruebas de reactivos qu\u00edmicos:<\/b> Se utiliza para observar la cin\u00e9tica de reacci\u00f3n y las propiedades estructurales.<\/li>\n<li><b>Espectrometr\u00eda de masas (GC\/MS):<\/b> Imprescindible para calibrar los equipos anal\u00edticos para una detecci\u00f3n precisa.<\/li>\n<li><b>Investigaci\u00f3n farmacol\u00f3gica:<\/b> Estudio de los perfiles de uni\u00f3n de los receptores en entornos estrictamente in vitro.<\/li>\n<li><b>Estudios de solubilidad:<\/b> Analizar el comportamiento del compuesto en diferentes disolventes.<\/li>\n<\/ul>\n<h2>Seguridad y conformidad<\/h2>\n<p>La seguridad sigue siendo nuestra m\u00e1xima prioridad. <b>Cristal de etil-pentedrona<\/b> est\u00e1 destinado exclusivamente a fines de laboratorio e investigaci\u00f3n cient\u00edfica. NO es para consumo humano. S\u00f3lo profesionales cualificados con el equipo de protecci\u00f3n individual (EPI) adecuado deben manipular este compuesto. Nuestra empresa se compromete a un suministro \u00e9tico y cumple todas las normativas pertinentes.<\/p>\n<p>Adem\u00e1s, proporcionamos fichas de datos de seguridad (FDS) completas con cada pedido. Esto garantiza que su equipo disponga de la informaci\u00f3n necesaria sobre manipulaci\u00f3n, almacenamiento y eliminaci\u00f3n. Nuestras instalaciones mantienen un entorno controlado para evitar la contaminaci\u00f3n, garantizando que el <b>Se vende grado laboratorio<\/b> el material que reciba sea seguro para un an\u00e1lisis de alto nivel.<\/p>\n<h2>\u00bfPor qu\u00e9 elegirnos?<\/h2>\n<p>Chemsfine ofrece una experiencia de compra sin fisuras. Nuestra red log\u00edstica mundial garantiza una entrega r\u00e1pida y fiable en m\u00e1s de 50 pa\u00edses sin comprometer la seguridad. Tanto si necesita <a href=\"https:\/\/chemsfine.com\/es\/producto\/cookie-monster-shatter-online-dispensary\/\">Cookie Monster Shatter dispensario en l\u00ednea<\/a> o cristales de investigaci\u00f3n industrial, nuestro discreto embalaje garantiza que sus suministros lleguen de forma segura y confidencial. Respetamos la privacidad de nuestros clientes y la naturaleza sensible de su trabajo.<\/p>\n<p>Adem\u00e1s, ofrecemos precios competitivos sin sacrificar la calidad. <b>Comprar ahora en l\u00ednea<\/b> con confianza, sabiendo que nuestro equipo de asistencia est\u00e1 a su disposici\u00f3n para ayudarle con el seguimiento y las consultas sobre el producto. Nuestra reputaci\u00f3n entre universidades y laboratorios privados habla por s\u00ed sola. Combinamos rapidez, discreci\u00f3n y calidad en un solo servicio profesional.<\/p>\n<table style=\"width: 100%; border-collapse: collapse; margin-top: 20px;\" border=\"1\" cellspacing=\"0\" cellpadding=\"10\">\n<tbody>\n<tr>\n<td style=\"background-color: #f2f2f2;\"><b>Nombre del producto<\/b><\/td>\n<td>Cristal de etil-pentedrona<\/td>\n<\/tr>\n<tr>\n<td style=\"background-color: #f2f2f2;\"><b>Grado de pureza<\/b><\/td>\n<td>\u226599.8% Alta pureza<\/td>\n<\/tr>\n<tr>\n<td style=\"background-color: #f2f2f2;\"><b>Formulario<\/b><\/td>\n<td>S\u00f3lido cristalino<\/td>\n<\/tr>\n<tr>\n<td style=\"background-color: #f2f2f2;\"><b>Utilizaci\u00f3n<\/b><\/td>\n<td>S\u00f3lo investigaci\u00f3n de laboratorio<\/td>\n<\/tr>\n<tr>\n<td style=\"background-color: #f2f2f2;\"><b>Env\u00edo<\/b><\/td>\n<td>Discreto y seguro<\/td>\n<\/tr>\n<\/tbody>\n<\/table>\n<h2>Conclusi\u00f3n<\/h2>\n<p>Encontrar un proveedor de confianza es crucial para el \u00e9xito de su investigaci\u00f3n. Chemsfine garantiza autenticidad, seguridad y entrega en todo el mundo, lo que nos convierte en la opci\u00f3n preferida de los profesionales de todo el mundo. Visite Chemsfine hoy mismo para realizar su pedido. <b>Comprar cristal de etil-pentedrona en venta<\/b> ahora y experimente la diferencia en calidad y servicio.<\/p>","protected":false},"excerpt":{"rendered":"<p><b>Cristal de etil-pentedrona<\/b> est\u00e1 disponible para <b>comprar en Chemsfine<\/b> para aplicaciones de investigaci\u00f3n certificadas. Suministramos <b>Alta pureza en venta<\/b> que cumple rigurosas normas de laboratorio. Este producto est\u00e1 destinado estrictamente al an\u00e1lisis profesional y la identificaci\u00f3n forense. <b>Encargar cristal de etil-pentedrona en l\u00ednea<\/b> hoy mismo para asegurarse de que recibe un producto cuya consistencia y autenticidad han sido comprobadas. Nuestro proceso de compra seguro y nuestra manipulaci\u00f3n discreta nos convierten en el <b>El mejor cristal de etil-pentedrona disponible<\/b> para instituciones cient\u00edficas de todo el mundo.<\/p>","protected":false},"featured_media":8574,"comment_status":"open","ping_status":"closed","template":"","meta":{"_joinchat":[]},"product_brand":[],"product_cat":[938],"product_tag":[],"class_list":{"0":"post-8271","1":"product","2":"type-product","3":"status-publish","4":"has-post-thumbnail","6":"product_cat-cathinone","8":"first","9":"instock","10":"shipping-taxable","11":"purchasable","12":"product-type-variable"},"yoast_head":"<!-- This site is optimized with the Yoast SEO plugin v27.2 - https:\/\/yoast.com\/product\/yoast-seo-wordpress\/ -->\n<title>Buy Ethyl-Pentedrone Crystal Online | Best Price Available<\/title>\n<meta name=\"description\" content=\"Order Ethyl-Pentedrone Crystal online at Chemsfine. We provide High Purity For Sale for legitimate research. Secure Purchase, discreet shipping, and top quality.\" \/>\n<meta name=\"robots\" content=\"index, follow, max-snippet:-1, max-image-preview:large, max-video-preview:-1\" \/>\n<link rel=\"canonical\" href=\"https:\/\/chemsfine.com\/es\/producto\/buy-ethyl-pentedrone-crystal\/\" \/>\n<meta property=\"og:locale\" content=\"es_ES\" \/>\n<meta property=\"og:type\" content=\"article\" \/>\n<meta property=\"og:title\" content=\"Buy Ethyl-Pentedrone Crystal Online | Best Price Available\" \/>\n<meta property=\"og:description\" content=\"Order Ethyl-Pentedrone Crystal online at Chemsfine. We provide High Purity For Sale for legitimate research. Secure Purchase, discreet shipping, and top quality.\" \/>\n<meta property=\"og:url\" content=\"https:\/\/chemsfine.com\/es\/producto\/buy-ethyl-pentedrone-crystal\/\" \/>\n<meta property=\"og:site_name\" content=\"Chemsfine\" \/>\n<meta property=\"article:modified_time\" content=\"2026-03-25T12:14:37+00:00\" \/>\n<meta property=\"og:image\" content=\"https:\/\/chemsfine.com\/wp-content\/uploads\/2026\/02\/healthy-white-crystal-5fakb48-817.jpg\" \/>\n\t<meta property=\"og:image:width\" content=\"500\" \/>\n\t<meta property=\"og:image:height\" content=\"375\" \/>\n\t<meta property=\"og:image:type\" content=\"image\/jpeg\" \/>\n<meta name=\"twitter:card\" content=\"summary_large_image\" \/>\n<meta name=\"twitter:label1\" content=\"Tiempo de lectura\" \/>\n\t<meta name=\"twitter:data1\" content=\"4 minutos\" \/>\n<script type=\"application\/ld+json\" class=\"yoast-schema-graph\">{\"@context\":\"https:\/\/schema.org\",\"@graph\":[{\"@type\":\"WebPage\",\"@id\":\"https:\/\/chemsfine.com\/product\/buy-ethyl-pentedrone-crystal\/\",\"url\":\"https:\/\/chemsfine.com\/product\/buy-ethyl-pentedrone-crystal\/\",\"name\":\"Buy Ethyl-Pentedrone Crystal Online | Best Price Available\",\"isPartOf\":{\"@id\":\"https:\/\/chemsfine.com\/#website\"},\"primaryImageOfPage\":{\"@id\":\"https:\/\/chemsfine.com\/product\/buy-ethyl-pentedrone-crystal\/#primaryimage\"},\"image\":{\"@id\":\"https:\/\/chemsfine.com\/product\/buy-ethyl-pentedrone-crystal\/#primaryimage\"},\"thumbnailUrl\":\"https:\/\/chemsfine.com\/wp-content\/uploads\/2026\/02\/healthy-white-crystal-5fakb48-817.jpg\",\"datePublished\":\"2026-02-12T18:22:45+00:00\",\"dateModified\":\"2026-03-25T12:14:37+00:00\",\"description\":\"Order Ethyl-Pentedrone Crystal online at Chemsfine. We provide High Purity For Sale for legitimate research. Secure Purchase, discreet shipping, and top quality.\",\"breadcrumb\":{\"@id\":\"https:\/\/chemsfine.com\/product\/buy-ethyl-pentedrone-crystal\/#breadcrumb\"},\"inLanguage\":\"es\",\"potentialAction\":[{\"@type\":\"ReadAction\",\"target\":[\"https:\/\/chemsfine.com\/product\/buy-ethyl-pentedrone-crystal\/\"]}]},{\"@type\":\"ImageObject\",\"inLanguage\":\"es\",\"@id\":\"https:\/\/chemsfine.com\/product\/buy-ethyl-pentedrone-crystal\/#primaryimage\",\"url\":\"https:\/\/chemsfine.com\/wp-content\/uploads\/2026\/02\/healthy-white-crystal-5fakb48-817.jpg\",\"contentUrl\":\"https:\/\/chemsfine.com\/wp-content\/uploads\/2026\/02\/healthy-white-crystal-5fakb48-817.jpg\",\"width\":500,\"height\":375,\"caption\":\"Buy Ethyl-Pentedrone Crystal Online\"},{\"@type\":\"BreadcrumbList\",\"@id\":\"https:\/\/chemsfine.com\/product\/buy-ethyl-pentedrone-crystal\/#breadcrumb\",\"itemListElement\":[{\"@type\":\"ListItem\",\"position\":1,\"name\":\"Home\",\"item\":\"https:\/\/chemsfine.com\/\"},{\"@type\":\"ListItem\",\"position\":2,\"name\":\"Shop\",\"item\":\"https:\/\/chemsfine.com\/shop\/\"},{\"@type\":\"ListItem\",\"position\":3,\"name\":\"Buy Ethyl-Pentedrone Crystal Online\"}]},{\"@type\":\"WebSite\",\"@id\":\"https:\/\/chemsfine.com\/#website\",\"url\":\"https:\/\/chemsfine.com\/\",\"name\":\"Chemsfine\",\"description\":\"My WordPress Blog\",\"publisher\":{\"@id\":\"https:\/\/chemsfine.com\/#organization\"},\"potentialAction\":[{\"@type\":\"SearchAction\",\"target\":{\"@type\":\"EntryPoint\",\"urlTemplate\":\"https:\/\/chemsfine.com\/?s={search_term_string}\"},\"query-input\":{\"@type\":\"PropertyValueSpecification\",\"valueRequired\":true,\"valueName\":\"search_term_string\"}}],\"inLanguage\":\"es\"},{\"@type\":\"Organization\",\"@id\":\"https:\/\/chemsfine.com\/#organization\",\"name\":\"Chemsfine\",\"url\":\"https:\/\/chemsfine.com\/\",\"logo\":{\"@type\":\"ImageObject\",\"inLanguage\":\"es\",\"@id\":\"https:\/\/chemsfine.com\/#\/schema\/logo\/image\/\",\"url\":\"https:\/\/chemsfine.com\/wp-content\/uploads\/2024\/09\/final-logo.png\",\"contentUrl\":\"https:\/\/chemsfine.com\/wp-content\/uploads\/2024\/09\/final-logo.png\",\"width\":340,\"height\":72,\"caption\":\"Chemsfine\"},\"image\":{\"@id\":\"https:\/\/chemsfine.com\/#\/schema\/logo\/image\/\"}}]}<\/script>\n<!-- \/ Yoast SEO plugin. -->","yoast_head_json":{"title":"Comprar Etil-Pentedrona Cristal Online | Mejor Precio Disponible","description":"Pide Etil-Pentedrona Cristal online en Chemsfine. Proporcionamos Alta Pureza en Venta para investigaci\u00f3n leg\u00edtima. Compra segura, env\u00edo discreto y m\u00e1xima calidad.","robots":{"index":"index","follow":"follow","max-snippet":"max-snippet:-1","max-image-preview":"max-image-preview:large","max-video-preview":"max-video-preview:-1"},"canonical":"https:\/\/chemsfine.com\/es\/producto\/buy-ethyl-pentedrone-crystal\/","og_locale":"es_ES","og_type":"article","og_title":"Buy Ethyl-Pentedrone Crystal Online | Best Price Available","og_description":"Order Ethyl-Pentedrone Crystal online at Chemsfine. We provide High Purity For Sale for legitimate research. Secure Purchase, discreet shipping, and top quality.","og_url":"https:\/\/chemsfine.com\/es\/producto\/buy-ethyl-pentedrone-crystal\/","og_site_name":"Chemsfine","article_modified_time":"2026-03-25T12:14:37+00:00","og_image":[{"width":500,"height":375,"url":"https:\/\/chemsfine.com\/wp-content\/uploads\/2026\/02\/healthy-white-crystal-5fakb48-817.jpg","type":"image\/jpeg"}],"twitter_card":"summary_large_image","twitter_misc":{"Tiempo de lectura":"4 minutos"},"schema":{"@context":"https:\/\/schema.org","@graph":[{"@type":"WebPage","@id":"https:\/\/chemsfine.com\/product\/buy-ethyl-pentedrone-crystal\/","url":"https:\/\/chemsfine.com\/product\/buy-ethyl-pentedrone-crystal\/","name":"Comprar Etil-Pentedrona Cristal Online | Mejor Precio Disponible","isPartOf":{"@id":"https:\/\/chemsfine.com\/#website"},"primaryImageOfPage":{"@id":"https:\/\/chemsfine.com\/product\/buy-ethyl-pentedrone-crystal\/#primaryimage"},"image":{"@id":"https:\/\/chemsfine.com\/product\/buy-ethyl-pentedrone-crystal\/#primaryimage"},"thumbnailUrl":"https:\/\/chemsfine.com\/wp-content\/uploads\/2026\/02\/healthy-white-crystal-5fakb48-817.jpg","datePublished":"2026-02-12T18:22:45+00:00","dateModified":"2026-03-25T12:14:37+00:00","description":"Pide Etil-Pentedrona Cristal online en Chemsfine. Proporcionamos Alta Pureza en Venta para investigaci\u00f3n leg\u00edtima. Compra segura, env\u00edo discreto y m\u00e1xima calidad.","breadcrumb":{"@id":"https:\/\/chemsfine.com\/product\/buy-ethyl-pentedrone-crystal\/#breadcrumb"},"inLanguage":"es","potentialAction":[{"@type":"ReadAction","target":["https:\/\/chemsfine.com\/product\/buy-ethyl-pentedrone-crystal\/"]}]},{"@type":"ImageObject","inLanguage":"es","@id":"https:\/\/chemsfine.com\/product\/buy-ethyl-pentedrone-crystal\/#primaryimage","url":"https:\/\/chemsfine.com\/wp-content\/uploads\/2026\/02\/healthy-white-crystal-5fakb48-817.jpg","contentUrl":"https:\/\/chemsfine.com\/wp-content\/uploads\/2026\/02\/healthy-white-crystal-5fakb48-817.jpg","width":500,"height":375,"caption":"Buy Ethyl-Pentedrone Crystal Online"},{"@type":"BreadcrumbList","@id":"https:\/\/chemsfine.com\/product\/buy-ethyl-pentedrone-crystal\/#breadcrumb","itemListElement":[{"@type":"ListItem","position":1,"name":"Home","item":"https:\/\/chemsfine.com\/"},{"@type":"ListItem","position":2,"name":"Shop","item":"https:\/\/chemsfine.com\/shop\/"},{"@type":"ListItem","position":3,"name":"Buy Ethyl-Pentedrone Crystal Online"}]},{"@type":"WebSite","@id":"https:\/\/chemsfine.com\/#website","url":"https:\/\/chemsfine.com\/","name":"Chemsfine","description":"Mi blog de WordPress","publisher":{"@id":"https:\/\/chemsfine.com\/#organization"},"potentialAction":[{"@type":"SearchAction","target":{"@type":"EntryPoint","urlTemplate":"https:\/\/chemsfine.com\/?s={search_term_string}"},"query-input":{"@type":"PropertyValueSpecification","valueRequired":true,"valueName":"search_term_string"}}],"inLanguage":"es"},{"@type":"Organization","@id":"https:\/\/chemsfine.com\/#organization","name":"Chemsfine","url":"https:\/\/chemsfine.com\/","logo":{"@type":"ImageObject","inLanguage":"es","@id":"https:\/\/chemsfine.com\/#\/schema\/logo\/image\/","url":"https:\/\/chemsfine.com\/wp-content\/uploads\/2024\/09\/final-logo.png","contentUrl":"https:\/\/chemsfine.com\/wp-content\/uploads\/2024\/09\/final-logo.png","width":340,"height":72,"caption":"Chemsfine"},"image":{"@id":"https:\/\/chemsfine.com\/#\/schema\/logo\/image\/"}}]}},"_links":{"self":[{"href":"https:\/\/chemsfine.com\/es\/wp-json\/wp\/v2\/product\/8271","targetHints":{"allow":["GET"]}}],"collection":[{"href":"https:\/\/chemsfine.com\/es\/wp-json\/wp\/v2\/product"}],"about":[{"href":"https:\/\/chemsfine.com\/es\/wp-json\/wp\/v2\/types\/product"}],"replies":[{"embeddable":true,"href":"https:\/\/chemsfine.com\/es\/wp-json\/wp\/v2\/comments?post=8271"}],"wp:featuredmedia":[{"embeddable":true,"href":"https:\/\/chemsfine.com\/es\/wp-json\/wp\/v2\/media\/8574"}],"wp:attachment":[{"href":"https:\/\/chemsfine.com\/es\/wp-json\/wp\/v2\/media?parent=8271"}],"wp:term":[{"taxonomy":"product_brand","embeddable":true,"href":"https:\/\/chemsfine.com\/es\/wp-json\/wp\/v2\/product_brand?post=8271"},{"taxonomy":"product_cat","embeddable":true,"href":"https:\/\/chemsfine.com\/es\/wp-json\/wp\/v2\/product_cat?post=8271"},{"taxonomy":"product_tag","embeddable":true,"href":"https:\/\/chemsfine.com\/es\/wp-json\/wp\/v2\/product_tag?post=8271"}],"curies":[{"name":"wp","href":"https:\/\/api.w.org\/{rel}","templated":true}]}}