{"id":1139,"date":"2024-10-02T17:53:49","date_gmt":"2024-10-02T17:53:49","guid":{"rendered":"https:\/\/chemsfine.com\/?page_id=1139"},"modified":"2025-06-09T14:08:33","modified_gmt":"2025-06-09T14:08:33","slug":"kokaiinin-puhtaus-99","status":"publish","type":"page","link":"https:\/\/chemsfine.com\/fi\/cocaine-purity-99\/","title":{"rendered":"Kokaiinin puhtaus 99%"},"content":{"rendered":"<p><a href=\"https:\/\/chemsfine.com\/fi\/kokaiinin-puhtaus-99\/\">Buz kokaiini puhtaudella 99%<\/a>, Kokaiini on voimakas stimuloiva huume, joka on per\u00e4isin kokakasvista. Se luokitellaan <strong>Ohjeistettu aine luettelossa II<\/strong> monissa maissa, kuten Yhdysvalloissa, joissa se on laillista l\u00e4\u00e4kinn\u00e4lliseen k\u00e4ytt\u00f6\u00f6n tietyiss\u00e4 yhteyksiss\u00e4 mutta laitonta virkistysk\u00e4ytt\u00f6\u00f6n. Seuraavassa on muutamia keskeisi\u00e4 kohtia Kokaiinipuhtaus 99%:n tilaamisesta:<\/p>\n<h3>Keskeist\u00e4 kokaiinista:<\/h3>\n<ol>\n<li><strong>Lomakkeet<\/strong>:\n<ul>\n<li>Kokaiinia esiintyy yleens\u00e4 kahdessa eri muodossa:\n<ul>\n<li><strong>Kokaiinihydrokloridi<\/strong>: T\u00e4m\u00e4 on jauhemainen muoto, jota voidaan nuuskia, pist\u00e4\u00e4 tai k\u00e4ytt\u00e4\u00e4 joissakin l\u00e4\u00e4ketieteellisiss\u00e4 tiloissa.<\/li>\n<li><strong>Crack-kokaiini<\/strong>: Kokaiinin kiinte\u00e4 muoto, joka on jalostettu pieniksi kiviksi. Sit\u00e4 poltetaan yleens\u00e4 ja se on tunnettu nopeasti alkavista vaikutuksistaan. <strong>Tilaa crack kokaiinia verkossa\u00a0<\/strong><\/li>\n<\/ul>\n<\/li>\n<\/ul>\n<\/li>\n<li><strong>Vaikutukset<\/strong>:\n<ul>\n<li>Kokaiini tunnetaan stimuloivista vaikutuksistaan, joita voivat olla:\n<ul>\n<li>Lis\u00e4\u00e4ntynyt energia ja valppaus<\/li>\n<li>Euforia ja hyvinvoinnin tunne<\/li>\n<li>Lis\u00e4\u00e4ntynyt sosiaalisuus ja puheliaisuus<\/li>\n<li>V\u00e4hentynyt ruokahalu<\/li>\n<\/ul>\n<\/li>\n<li>Vaikutukset alkavat yleens\u00e4 muutamassa minuutissa ja voivat kest\u00e4\u00e4 lyhyen aikaa k\u00e4ytt\u00f6tavasta riippuen. Esimerkiksi kokaiinin nuuskaaminen voi aiheuttaa vaikutuksia noin seuraavaksi ajaksi. <strong>30 minuuttia<\/strong>, kun taas crack-kokaiinin polttaminen voi johtaa voimakkaaseen mutta lyhytaikaiseen huumaan. <strong>Tilaa kokaiinia verkossa<\/strong>.<\/li>\n<\/ul>\n<\/li>\n<li><strong>Riskit ja haittavaikutukset<\/strong>:\n<ul>\n<li><strong>Syd\u00e4n- ja verisuonikysymykset<\/strong>: Kokaiinin k\u00e4ytt\u00f6 voi johtaa syd\u00e4men sykkeen ja verenpaineen kohoamiseen sek\u00e4 syd\u00e4nkohtauksen tai aivohalvauksen riskiin. <strong>etsiv\u00e4t puhdasta kokaiinia verkossa\u00a0<\/strong><\/li>\n<li><strong>Psykologiset vaikutukset<\/strong>: K\u00e4ytt\u00e4j\u00e4t voivat kokea ahdistusta, vainoharhaisuutta ja \u00e4rtyneisyytt\u00e4. Pitk\u00e4aikainen k\u00e4ytt\u00f6 voi johtaa vakavampiin mielenterveysongelmiin.<\/li>\n<li><strong>Riippuvuus<\/strong>: Kokaiini aiheuttaa voimakasta riippuvuutta. K\u00e4ytt\u00e4jille voi kehitty\u00e4 toleranssi, joka johtaa suurempiin annoksiin ja suurempaan riippuvuusriskiin.<\/li>\n<li><strong>Yliannostus<\/strong>: Kokaiinin yliannostus voi olla hengenvaarallinen, ja se voi aiheuttaa oireita, kuten kouristuksia, hypertermiaa ja syd\u00e4n- ja verenkiertoelimist\u00f6n romahtamista.<\/li>\n<\/ul>\n<\/li>\n<li><strong>Oikeudellinen asema<\/strong>:\n<ul>\n<li>Kokaiini on useimmissa maissa laitonta virkistysk\u00e4ytt\u00f6\u00e4 varten, mutta sit\u00e4 on saatavilla reseptill\u00e4 tiettyihin l\u00e4\u00e4ketieteellisiin tarkoituksiin, kuten paikallispuudutukseen tietyiss\u00e4 kirurgisissa toimenpiteiss\u00e4.<\/li>\n<\/ul>\n<\/li>\n<li><strong>Haittojen v\u00e4hent\u00e4minen<\/strong>:\n<ul>\n<li>Kokaiinin k\u00e4yt\u00f6n valinneille henkil\u00f6ille riskien ymm\u00e4rt\u00e4minen ja haittojen v\u00e4hent\u00e4minen on ratkaisevan t\u00e4rke\u00e4\u00e4. T\u00e4h\u00e4n voi kuulua k\u00e4ytt\u00f6 turvallisessa ymp\u00e4rist\u00f6ss\u00e4, sekoittamisen v\u00e4ltt\u00e4minen muiden aineiden kanssa ja yliannostuksen merkkien tiedostaminen.<\/li>\n<\/ul>\n<\/li>\n<\/ol>\n<p><a href=\"https:\/\/en.wikipedia.org\/wiki\/Cocaine\">Kokaiini<\/a> on p\u00e4\u00e4asiassa per\u00e4isin kokakasvista, ja sit\u00e4 on saatavilla useissa eri muodoissa, joilla kullakin on erilaiset ominaisuudet, k\u00e4ytt\u00f6tavat ja vaikutukset. T\u00e4ss\u00e4 ovat kokaiinin p\u00e4\u00e4tyypit:<\/p>\n<h3>1. Kokaiinihydrokloridi<\/h3>\n<ul>\n<li><strong>Lomake<\/strong>: T\u00e4m\u00e4 on kokaiinin jauhemainen muoto, tyypillisesti valkoinen kiteinen aine.<\/li>\n<li><strong>K\u00e4ytt\u00f6tapa<\/strong>: Se voi olla <strong>snorted<\/strong>, <strong>liuotetaan veteen ja ruiskutetaan<\/strong>, tai satunnaisesti suun kautta nautittuna.<\/li>\n<li><strong>Vaikutukset<\/strong>: Vaikutukset alkavat nopeasti, mukaan lukien euforia, lis\u00e4\u00e4ntynyt energia ja kohonnut valppaus. Vaikutukset kest\u00e4v\u00e4t tyypillisesti noin <strong>30 minuutista tuntiin<\/strong> kun h\u00e4n r\u00e4k\u00e4isi.<\/li>\n<\/ul>\n<h3>2. Crack kokaiinia myyt\u00e4v\u00e4n\u00e4<\/h3>\n<ul>\n<li><strong>Lomake<\/strong>: Crack-kokaiini esiintyy pienin\u00e4, kovina kivin\u00e4 tai kitein\u00e4. Se on kokaiinin vapaamuotoista kokaiinia, joka on k\u00e4sitelty ruokasoodalla tai ammoniakilla. Kokaiini myyt\u00e4v\u00e4n\u00e4<\/li>\n<li><strong>K\u00e4ytt\u00f6tapa<\/strong>: Halkeama on yleens\u00e4 <strong>savustettu<\/strong>, jolloin vaikutukset alkavat hyvin nopeasti, usein muutamassa sekunnissa.<\/li>\n<li><strong>Vaikutukset<\/strong>: Huuma on voimakas, mutta lyhytkestoinen, ja kest\u00e4\u00e4 tyypillisesti n. <strong>5-15 minuuttia<\/strong>. T\u00e4m\u00e4 muoto on tunnettu eritt\u00e4in riippuvuutta aiheuttavasta potentiaalistaan, joka johtuu nopeasta ja voimakkaasta kiireest\u00e4.<\/li>\n<\/ul>\n<h3>3. Freebase-laatukokaiini<\/h3>\n<ul>\n<li><strong>Lomake<\/strong>: Vapaa kokaiini on puhdistettu kokaiinin muoto, joka on k\u00e4sitelty kemiallisesti hydrokloridisuolan poistamiseksi. Se esiintyy valkoisena jauheena tai kiteen\u00e4.<\/li>\n<li><strong>K\u00e4ytt\u00f6tapa<\/strong>: Se on yleens\u00e4 <strong>savustettu<\/strong> tai h\u00f6yrystetty. Kokaiinia k\u00e4ytet\u00e4\u00e4n v\u00e4hemm\u00e4n kuin crackia, koska sen valmistaminen on monimutkaisempaa.<\/li>\n<li><strong>Vaikutukset<\/strong>: Samanlainen kuin crack, freebase-kokaiini tuottaa nopean ja voimakkaan huuman.<\/li>\n<\/ul>\n<h3>4. Kokaiinitahna<\/h3>\n<ul>\n<li><strong>Lomake<\/strong>: T\u00e4m\u00e4 on kokaiinin raaka muoto, joka sis\u00e4lt\u00e4\u00e4 kokaiinin ja muiden aineiden seosta. Se on ruskehtavaa tahnaa.<\/li>\n<li><strong>K\u00e4ytt\u00f6tapa<\/strong>: Kokaiinitahnaa k\u00e4ytet\u00e4\u00e4n usein alueilla, joilla kasvatetaan kokalehti\u00e4. Se voi olla <strong>savustettu<\/strong>, <strong>pureskeltu<\/strong>, tai <strong>jalostetaan kokaiinihydrokloridiksi<\/strong>. Todelliset kokaiinin online-myyj\u00e4t<\/li>\n<li><strong>Vaikutukset<\/strong>: Vaikutukset voivat vaihdella puhtauden ja k\u00e4ytt\u00f6tavan mukaan, mutta niihin kuuluvat yleens\u00e4 euforia ja stimulaatio.<\/li>\n<\/ul>\n<h3>5. Kokaiini Base<\/h3>\n<ul>\n<li><strong>Lomake<\/strong>: T\u00e4m\u00e4 on kokaiinin jalostamaton muoto, joka voi sis\u00e4lt\u00e4\u00e4 kokalehtien k\u00e4sittelyn j\u00e4lkeen j\u00e4\u00e4v\u00e4\u00e4 j\u00e4\u00e4nn\u00f6stuotetta.<\/li>\n<li><strong>K\u00e4ytt\u00f6tapa<\/strong>: Kokaiinipohja voi olla <strong>savustettu<\/strong> tai nautittuna, ja se on usein v\u00e4hemm\u00e4n puhdasta kuin muut muodot.<\/li>\n<li><strong>Vaikutukset<\/strong>: Samanlainen kuin muut muodot, mutta vaikutukset ja teho eiv\u00e4t ole yht\u00e4 ennustettavia.<\/li>\n<\/ul>\n<h3>Yhteenveto<\/h3>\n<p>Jokaisen kokaiinityypin puhtaus, k\u00e4ytt\u00f6tapa sek\u00e4 vaikutusten kesto ja voimakkuus vaihtelevat. Vaikka kokaiini tunnetaan stimuloivista ominaisuuksistaan ja euforisoivista vaikutuksistaan, siihen liittyy my\u00f6s merkitt\u00e4vi\u00e4 riskej\u00e4, kuten riippuvuus, syd\u00e4n- ja verisuoniongelmat ja mahdollinen yliannostus. N\u00e4iden muotojen ymm\u00e4rt\u00e4minen on ratkaisevan t\u00e4rke\u00e4\u00e4 niiden vaarojen ja vaikutusten tunnistamiseksi. Jos sin\u00e4 tai joku tuttavasi kamppailee p\u00e4ihteidenk\u00e4yt\u00f6n kanssa, ammattiapuun hakeutuminen on t\u00e4rke\u00e4\u00e4.<\/p>\n<h3>Johtop\u00e4\u00e4t\u00f6kset:<\/h3>\n<p>Kokaiini on voimakas stimulantti, johon liittyy merkitt\u00e4vi\u00e4 terveysriskej\u00e4, kuten riippuvuus sek\u00e4 vakavia psykologisia ja fysiologisia vaikutuksia. Sen virkistysk\u00e4ytt\u00f6 on monin paikoin laitonta, ja varovaisuutta suositellaan kaikille, jotka harkitsevat sen k\u00e4ytt\u00f6\u00e4. Jos sin\u00e4 tai joku tuttavasi kamppailee p\u00e4ihteiden k\u00e4yt\u00f6n kanssa, on t\u00e4rke\u00e4\u00e4 hakea ammattiapua ja tukea.<\/p>\n<p>yhteyshenkil\u00f6 osoitteessa <a href=\"https:\/\/chemsfine.com\/fi\/kokaiinin-puhtaus-99\/\">Chemsfine<\/a><\/p>","protected":false},"excerpt":{"rendered":"<p>Buz Cocaine With Purity 99%, Cocaine is a powerful stimulant drug derived from the coca&hellip;<\/p>","protected":false},"author":1,"featured_media":1140,"parent":0,"menu_order":0,"comment_status":"closed","ping_status":"closed","template":"","meta":{"_joinchat":[],"footnotes":""},"class_list":["post-1139","page","type-page","status-publish","has-post-thumbnail","hentry"],"yoast_head":"<!-- This site is optimized with the Yoast SEO plugin v27.2 - https:\/\/yoast.com\/product\/yoast-seo-wordpress\/ -->\n<title>Buy Cocaine Purity 99% Online - Cocaine Purity 99% for Sale<\/title>\n<meta name=\"description\" content=\"At our chemsfine, you can get cocaine Purity 99% for sale at cheap rates. Here you can buy cocaine Purity 99% online with high-quality from our store now with fast &amp; secure shipping service. Order Now!\" \/>\n<meta name=\"robots\" content=\"index, follow, max-snippet:-1, max-image-preview:large, max-video-preview:-1\" \/>\n<link rel=\"canonical\" href=\"https:\/\/chemsfine.com\/fi\/kokaiinin-puhtaus-99\/\" \/>\n<meta property=\"og:locale\" content=\"fi_FI\" \/>\n<meta property=\"og:type\" content=\"article\" \/>\n<meta property=\"og:title\" content=\"Buy Cocaine Purity 99% Online - Cocaine Purity 99% for Sale\" \/>\n<meta property=\"og:description\" content=\"At our chemsfine, you can get cocaine Purity 99% for sale at cheap rates. Here you can buy cocaine Purity 99% online with high-quality from our store now with fast &amp; secure shipping service. Order Now!\" \/>\n<meta property=\"og:url\" content=\"https:\/\/chemsfine.com\/fi\/kokaiinin-puhtaus-99\/\" \/>\n<meta property=\"og:site_name\" content=\"Chemsfine\" \/>\n<meta property=\"article:modified_time\" content=\"2025-06-09T14:08:33+00:00\" \/>\n<meta property=\"og:image\" content=\"https:\/\/chemsfine.com\/wp-content\/uploads\/2024\/10\/Cocaine-Purity-99_.jpg\" \/>\n\t<meta property=\"og:image:width\" content=\"474\" \/>\n\t<meta property=\"og:image:height\" content=\"221\" \/>\n\t<meta property=\"og:image:type\" content=\"image\/jpeg\" \/>\n<meta name=\"twitter:card\" content=\"summary_large_image\" \/>\n<meta name=\"twitter:label1\" content=\"Arvioitu lukuaika\" \/>\n\t<meta name=\"twitter:data1\" content=\"4 minuuttia\" \/>\n<script type=\"application\/ld+json\" class=\"yoast-schema-graph\">{\"@context\":\"https:\/\/schema.org\",\"@graph\":[{\"@type\":\"WebPage\",\"@id\":\"https:\/\/chemsfine.com\/cocaine-purity-99\/\",\"url\":\"https:\/\/chemsfine.com\/cocaine-purity-99\/\",\"name\":\"Buy Cocaine Purity 99% Online - Cocaine Purity 99% for Sale\",\"isPartOf\":{\"@id\":\"https:\/\/chemsfine.com\/#website\"},\"primaryImageOfPage\":{\"@id\":\"https:\/\/chemsfine.com\/cocaine-purity-99\/#primaryimage\"},\"image\":{\"@id\":\"https:\/\/chemsfine.com\/cocaine-purity-99\/#primaryimage\"},\"thumbnailUrl\":\"https:\/\/chemsfine.com\/wp-content\/uploads\/2024\/10\/Cocaine-Purity-99_.jpg\",\"datePublished\":\"2024-10-02T17:53:49+00:00\",\"dateModified\":\"2025-06-09T14:08:33+00:00\",\"description\":\"At our chemsfine, you can get cocaine Purity 99% for sale at cheap rates. Here you can buy cocaine Purity 99% online with high-quality from our store now with fast & secure shipping service. Order Now!\",\"breadcrumb\":{\"@id\":\"https:\/\/chemsfine.com\/cocaine-purity-99\/#breadcrumb\"},\"inLanguage\":\"fi\",\"potentialAction\":[{\"@type\":\"ReadAction\",\"target\":[\"https:\/\/chemsfine.com\/cocaine-purity-99\/\"]}]},{\"@type\":\"ImageObject\",\"inLanguage\":\"fi\",\"@id\":\"https:\/\/chemsfine.com\/cocaine-purity-99\/#primaryimage\",\"url\":\"https:\/\/chemsfine.com\/wp-content\/uploads\/2024\/10\/Cocaine-Purity-99_.jpg\",\"contentUrl\":\"https:\/\/chemsfine.com\/wp-content\/uploads\/2024\/10\/Cocaine-Purity-99_.jpg\",\"width\":474,\"height\":221,\"caption\":\"Buy Cocaine Online\"},{\"@type\":\"BreadcrumbList\",\"@id\":\"https:\/\/chemsfine.com\/cocaine-purity-99\/#breadcrumb\",\"itemListElement\":[{\"@type\":\"ListItem\",\"position\":1,\"name\":\"Home\",\"item\":\"https:\/\/chemsfine.com\/\"},{\"@type\":\"ListItem\",\"position\":2,\"name\":\"Cocaine Purity 99%\"}]},{\"@type\":\"WebSite\",\"@id\":\"https:\/\/chemsfine.com\/#website\",\"url\":\"https:\/\/chemsfine.com\/\",\"name\":\"Chemsfine\",\"description\":\"My WordPress Blog\",\"publisher\":{\"@id\":\"https:\/\/chemsfine.com\/#organization\"},\"potentialAction\":[{\"@type\":\"SearchAction\",\"target\":{\"@type\":\"EntryPoint\",\"urlTemplate\":\"https:\/\/chemsfine.com\/?s={search_term_string}\"},\"query-input\":{\"@type\":\"PropertyValueSpecification\",\"valueRequired\":true,\"valueName\":\"search_term_string\"}}],\"inLanguage\":\"fi\"},{\"@type\":\"Organization\",\"@id\":\"https:\/\/chemsfine.com\/#organization\",\"name\":\"Chemsfine\",\"url\":\"https:\/\/chemsfine.com\/\",\"logo\":{\"@type\":\"ImageObject\",\"inLanguage\":\"fi\",\"@id\":\"https:\/\/chemsfine.com\/#\/schema\/logo\/image\/\",\"url\":\"https:\/\/chemsfine.com\/wp-content\/uploads\/2024\/09\/final-logo.png\",\"contentUrl\":\"https:\/\/chemsfine.com\/wp-content\/uploads\/2024\/09\/final-logo.png\",\"width\":340,\"height\":72,\"caption\":\"Chemsfine\"},\"image\":{\"@id\":\"https:\/\/chemsfine.com\/#\/schema\/logo\/image\/\"}}]}<\/script>\n<!-- \/ Yoast SEO plugin. -->","yoast_head_json":{"title":"Osta kokaiinin puhtaus 99% verkossa - Kokaiinin puhtaus 99% myyt\u00e4v\u00e4n\u00e4","description":"Meid\u00e4n chemsfine, voit saada kokaiini Purity 99% myyt\u00e4v\u00e4n\u00e4 edullisesti. T\u00e4\u00e4ll\u00e4 voit ostaa kokaiini Purity 99% verkossa laadukkaita myym\u00e4l\u00e4ss\u00e4mme nyt nopeasti ja turvallisesti toimituspalvelu. Tilaa nyt!","robots":{"index":"index","follow":"follow","max-snippet":"max-snippet:-1","max-image-preview":"max-image-preview:large","max-video-preview":"max-video-preview:-1"},"canonical":"https:\/\/chemsfine.com\/fi\/kokaiinin-puhtaus-99\/","og_locale":"fi_FI","og_type":"article","og_title":"Buy Cocaine Purity 99% Online - Cocaine Purity 99% for Sale","og_description":"At our chemsfine, you can get cocaine Purity 99% for sale at cheap rates. Here you can buy cocaine Purity 99% online with high-quality from our store now with fast & secure shipping service. Order Now!","og_url":"https:\/\/chemsfine.com\/fi\/kokaiinin-puhtaus-99\/","og_site_name":"Chemsfine","article_modified_time":"2025-06-09T14:08:33+00:00","og_image":[{"width":474,"height":221,"url":"https:\/\/chemsfine.com\/wp-content\/uploads\/2024\/10\/Cocaine-Purity-99_.jpg","type":"image\/jpeg"}],"twitter_card":"summary_large_image","twitter_misc":{"Arvioitu lukuaika":"4 minuuttia"},"schema":{"@context":"https:\/\/schema.org","@graph":[{"@type":"WebPage","@id":"https:\/\/chemsfine.com\/cocaine-purity-99\/","url":"https:\/\/chemsfine.com\/cocaine-purity-99\/","name":"Osta kokaiinin puhtaus 99% verkossa - Kokaiinin puhtaus 99% myyt\u00e4v\u00e4n\u00e4","isPartOf":{"@id":"https:\/\/chemsfine.com\/#website"},"primaryImageOfPage":{"@id":"https:\/\/chemsfine.com\/cocaine-purity-99\/#primaryimage"},"image":{"@id":"https:\/\/chemsfine.com\/cocaine-purity-99\/#primaryimage"},"thumbnailUrl":"https:\/\/chemsfine.com\/wp-content\/uploads\/2024\/10\/Cocaine-Purity-99_.jpg","datePublished":"2024-10-02T17:53:49+00:00","dateModified":"2025-06-09T14:08:33+00:00","description":"Meid\u00e4n chemsfine, voit saada kokaiini Purity 99% myyt\u00e4v\u00e4n\u00e4 edullisesti. T\u00e4\u00e4ll\u00e4 voit ostaa kokaiini Purity 99% verkossa laadukkaita myym\u00e4l\u00e4ss\u00e4mme nyt nopeasti ja turvallisesti toimituspalvelu. Tilaa nyt!","breadcrumb":{"@id":"https:\/\/chemsfine.com\/cocaine-purity-99\/#breadcrumb"},"inLanguage":"fi","potentialAction":[{"@type":"ReadAction","target":["https:\/\/chemsfine.com\/cocaine-purity-99\/"]}]},{"@type":"ImageObject","inLanguage":"fi","@id":"https:\/\/chemsfine.com\/cocaine-purity-99\/#primaryimage","url":"https:\/\/chemsfine.com\/wp-content\/uploads\/2024\/10\/Cocaine-Purity-99_.jpg","contentUrl":"https:\/\/chemsfine.com\/wp-content\/uploads\/2024\/10\/Cocaine-Purity-99_.jpg","width":474,"height":221,"caption":"Buy Cocaine Online"},{"@type":"BreadcrumbList","@id":"https:\/\/chemsfine.com\/cocaine-purity-99\/#breadcrumb","itemListElement":[{"@type":"ListItem","position":1,"name":"Home","item":"https:\/\/chemsfine.com\/"},{"@type":"ListItem","position":2,"name":"Cocaine Purity 99%"}]},{"@type":"WebSite","@id":"https:\/\/chemsfine.com\/#website","url":"https:\/\/chemsfine.com\/","name":"Chemsfine","description":"Minun WordPress blogi","publisher":{"@id":"https:\/\/chemsfine.com\/#organization"},"potentialAction":[{"@type":"SearchAction","target":{"@type":"EntryPoint","urlTemplate":"https:\/\/chemsfine.com\/?s={search_term_string}"},"query-input":{"@type":"PropertyValueSpecification","valueRequired":true,"valueName":"search_term_string"}}],"inLanguage":"fi"},{"@type":"Organization","@id":"https:\/\/chemsfine.com\/#organization","name":"Chemsfine","url":"https:\/\/chemsfine.com\/","logo":{"@type":"ImageObject","inLanguage":"fi","@id":"https:\/\/chemsfine.com\/#\/schema\/logo\/image\/","url":"https:\/\/chemsfine.com\/wp-content\/uploads\/2024\/09\/final-logo.png","contentUrl":"https:\/\/chemsfine.com\/wp-content\/uploads\/2024\/09\/final-logo.png","width":340,"height":72,"caption":"Chemsfine"},"image":{"@id":"https:\/\/chemsfine.com\/#\/schema\/logo\/image\/"}}]}},"rttpg_featured_image_url":{"full":["https:\/\/chemsfine.com\/wp-content\/uploads\/2024\/10\/Cocaine-Purity-99_.jpg",474,221,false],"landscape":["https:\/\/chemsfine.com\/wp-content\/uploads\/2024\/10\/Cocaine-Purity-99_.jpg",474,221,false],"portraits":["https:\/\/chemsfine.com\/wp-content\/uploads\/2024\/10\/Cocaine-Purity-99_.jpg",474,221,false],"thumbnail":["https:\/\/chemsfine.com\/wp-content\/uploads\/2024\/10\/Cocaine-Purity-99_-150x150.jpg",150,150,true],"medium":["https:\/\/chemsfine.com\/wp-content\/uploads\/2024\/10\/Cocaine-Purity-99_-300x140.jpg",300,140,true],"large":["https:\/\/chemsfine.com\/wp-content\/uploads\/2024\/10\/Cocaine-Purity-99_.jpg",474,221,false],"1536x1536":["https:\/\/chemsfine.com\/wp-content\/uploads\/2024\/10\/Cocaine-Purity-99_.jpg",474,221,false],"2048x2048":["https:\/\/chemsfine.com\/wp-content\/uploads\/2024\/10\/Cocaine-Purity-99_.jpg",474,221,false],"trp-custom-language-flag":["https:\/\/chemsfine.com\/wp-content\/uploads\/2024\/10\/Cocaine-Purity-99_.jpg",18,8,false],"woocommerce_thumbnail":["https:\/\/chemsfine.com\/wp-content\/uploads\/2024\/10\/Cocaine-Purity-99_-300x221.jpg",300,221,true],"woocommerce_single":["https:\/\/chemsfine.com\/wp-content\/uploads\/2024\/10\/Cocaine-Purity-99_.jpg",474,221,false],"woocommerce_gallery_thumbnail":["https:\/\/chemsfine.com\/wp-content\/uploads\/2024\/10\/Cocaine-Purity-99_-150x150.jpg",150,150,true]},"rttpg_author":{"display_name":"chemsflog18","author_link":"https:\/\/chemsfine.com\/fi\/author\/chemsflog18\/"},"rttpg_comment":0,"rttpg_category":null,"rttpg_excerpt":"Buz Cocaine With Purity 99%, Cocaine is a powerful stimulant drug derived from the coca&hellip;","_links":{"self":[{"href":"https:\/\/chemsfine.com\/fi\/wp-json\/wp\/v2\/pages\/1139","targetHints":{"allow":["GET"]}}],"collection":[{"href":"https:\/\/chemsfine.com\/fi\/wp-json\/wp\/v2\/pages"}],"about":[{"href":"https:\/\/chemsfine.com\/fi\/wp-json\/wp\/v2\/types\/page"}],"author":[{"embeddable":true,"href":"https:\/\/chemsfine.com\/fi\/wp-json\/wp\/v2\/users\/1"}],"replies":[{"embeddable":true,"href":"https:\/\/chemsfine.com\/fi\/wp-json\/wp\/v2\/comments?post=1139"}],"version-history":[{"count":0,"href":"https:\/\/chemsfine.com\/fi\/wp-json\/wp\/v2\/pages\/1139\/revisions"}],"wp:featuredmedia":[{"embeddable":true,"href":"https:\/\/chemsfine.com\/fi\/wp-json\/wp\/v2\/media\/1140"}],"wp:attachment":[{"href":"https:\/\/chemsfine.com\/fi\/wp-json\/wp\/v2\/media?parent=1139"}],"curies":[{"name":"wp","href":"https:\/\/api.w.org\/{rel}","templated":true}]}}