{"id":1690,"date":"2025-06-17T09:10:31","date_gmt":"2025-06-17T09:10:31","guid":{"rendered":"https:\/\/chemsfine.com\/?post_type=product&#038;p=1690"},"modified":"2026-03-25T15:23:29","modified_gmt":"2026-03-25T15:23:29","slug":"buy-k2-herbal-incense","status":"publish","type":"product","link":"https:\/\/chemsfine.com\/fi\/product\/buy-k2-herbal-incense\/","title":{"rendered":"Osta K2 Herbal suitsukkeita verkossa | Premium Herbal Blend (yrttisekoitus)"},"content":{"rendered":"<h2><b>Mik\u00e4 on K2-yrttisavuke?<\/b><\/h2>\n<p><b>K2 yrttisuihke<\/b> on huolellisesti valmistettu synteettinen yrttisekoitus, joka on suunniteltu j\u00e4ljittelem\u00e4\u00e4n asiantuntevasti luonnollisen kannabiksen haluttuja vaikutuksia. Tuotetta markkinoidaan usein laillisena ja helposti saatavilla olevana vaihtoehtona, ja se koostuu ainutlaatuisesta sekoituksesta huolellisesti valittuja kuivattuja yrttej\u00e4, jotka sitten ruiskutetaan voimakkailla synteettisill\u00e4 kannabinoideilla, jotta saadaan aikaan sen tunnusomaiset psykoaktiiviset vaikutukset. Koska se on uskomattoman suosittu tutkimuskemikaaliyhteis\u00f6n keskuudessa, meid\u00e4n premium <b>K2 Herbal suitsukkeet myyt\u00e4v\u00e4n\u00e4<\/b> tarjoaa luotettavan nopeasti vaikuttavan ja huomattavan voimakkaan kokemuksen kaikille henkil\u00f6ille, jotka etsiv\u00e4t korkealaatuista kasviper\u00e4ist\u00e4 tupakoinnin vaihtoehtoa.<\/p>\n<p>Etsitk\u00f6 <b>ostaa K2 Herbal suitsukkeita verkossa<\/b>? Kutsumme sinut tutustumaan laajaan valikoimaamme korkealaatuisia K2-yrttisavukkeita, jotka on aina muotoiltu huolellisesti ja testattu laboratoriossa poikkeuksellisen turvallisuuden ja tehon takaamiseksi. Olitpa sitten t\u00e4ysin uusi yrttisavukkeiden maailmassa tai jo kokenut k\u00e4ytt\u00e4j\u00e4, voit luottavaisesti <b>tilata K2 Herbal suitsukkeita verkossa<\/b> Chemsfinen, joka on paras paikka l\u00f6yt\u00e4\u00e4 t\u00e4m\u00e4 tuote. Kun teet ostoksia kanssamme, nautit sitoutumisestamme huomaamattomaan toimitukseen, eritt\u00e4in edulliseen hinnoitteluun ja vertaansa vailla olevaan huippuluokan asiakastukeen jokaisella ostoksellasi t\u00e4n\u00e4\u00e4n!<\/p>\n<h3><b>Miksi ostaa huippulaatua K2-yrttisavukkeita meilt\u00e4?<\/b><\/h3>\n<p>Kun teet p\u00e4\u00e4t\u00f6ksen <b>Osta K2 Herbal suitsukkeet verkossa<\/b> Chemsfinen kanssa valitset ylivoimaisen kokemuksen, jota tukevat keskeiset takuut. Saat taatun tuotteen puhtauden, jatkuvasti vertaansa vailla olevan laadun ja jatkuvasti nopeat toimituspalvelut suoraan kotiovellesi. Asetamme aina etusijalle t\u00e4ydellisen tyytyv\u00e4isyytesi tarjoamalla poikkeuksellisen edullisia ja kilpailukykyisesti hinnoiteltuja tuotteita, jotka on hankittu yksinomaan alan luotettavimmista ja hyv\u00e4maineisimmista laboratorioista. T\u00e4m\u00e4 vankkumaton sitoutuminen huippuosaamiseen tekee meist\u00e4 lopullisen m\u00e4\u00e4r\u00e4np\u00e4\u00e4n kaikille, jotka etsiv\u00e4t seuraavaa <b>ostaa halpoja K2 Herbal Incense verkossa<\/b> tinkim\u00e4tt\u00e4 koskaan ansaitsemastaan ensiluokkaisesta laadusta.<\/p>\n<h3><b>K2-yrttisavukkeen alkuper\u00e4 ja kemiallinen profiili<\/b><\/h3>\n<p>Tuote tunnetaan nimell\u00e4 <b>K2 yrttisuihke<\/b> oli alun perin uusi synteettinen kannabinoidituote, joka kehitettiin huolellisesti ja jonka ensisijaisena tavoitteena oli j\u00e4ljitell\u00e4 tarkasti THC:n tunnettuja vaikutuksia. Sen monimutkainen kemiallinen profiili sis\u00e4lt\u00e4\u00e4 patentoidun sekoituksen t\u00e4ysin luonnollisia yrttej\u00e4, jotka on sitten yhdistetty erityisesti suunniteltuihin synteettisiin kannabinoidiyhdisteisiin. N\u00e4m\u00e4 yhdisteet on suunniteltu sitoutumaan tehokkaasti aivojen t\u00e4rkeisiin CB1-reseptoreihin, mik\u00e4 johtaa tuotteelle ominaiseen ja voimakkaaseen psykoaktiiviseen vaikutukseen. Erikoisvalmisteita on kehitetty jatkuvasti pitk\u00e4n ajan kuluessa, jotta tuotteen yleist\u00e4 tehoa ja kuluttajaturvallisuusprofiilia on voitu parantaa merkitt\u00e4v\u00e4sti, mik\u00e4 on yll\u00e4pit\u00e4nyt sen kest\u00e4v\u00e4\u00e4 suosiota yrttisavukemarkkinoilla kaikkialla maailmassa.<\/p>\n<h3><b>Myyt\u00e4v\u00e4n K2-yrttisavukkeen ensisijaiset k\u00e4ytt\u00f6tarkoitukset<\/b><\/h3>\n<p>Meid\u00e4n aito <b>K2 yrttisuihke<\/b> k\u00e4ytet\u00e4\u00e4n ensisijaisesti perinteisen kannabiksen parempana tupakointivaihtoehtona, joka tarjoaa k\u00e4ytt\u00e4jille jatkuvasti syv\u00e4n euforisia ja syv\u00e4sti rentouttavia vaikutuksia. Luotettavan ja voimakkaan luonteensa vuoksi sit\u00e4 suositaan laajalti vastuullisessa virkistysk\u00e4yt\u00f6ss\u00e4 sek\u00e4 erilaisissa kokeellisissa tarkoituksissa tutkimusyhteis\u00f6ss\u00e4. T\u00e4m\u00e4 tuote on johtava valinta niille, jotka etsiv\u00e4t voimakasta ja tehokasta kokemusta.<\/p>\n<ul>\n<li><b>Synteettinen kannabinoidi-yrttisekoitus:<\/b> Huolellisesti suunniteltu yrttien ja synteettisten yhdisteiden seos.<\/li>\n<li><b>Psykoaktiiviset vaikutukset:<\/b> Tarjoaa voimakkaita vaikutuksia, jotka ovat hyvin samankaltaisia kuin luonnollisen kannabiksen vaikutukset.<\/li>\n<li><b>Vapaa-ajan tupakoinnin vaihtoehto:<\/b> Suosittu ja laillinen valinta virkistysk\u00e4ytt\u00f6\u00f6n.<\/li>\n<li><b>Rentoutuminen ja mielialan parantaminen:<\/b> K\u00e4ytet\u00e4\u00e4n laajalti rauhallisen tilan saavuttamiseen ja mielialan kohottamiseen.<\/li>\n<li><b>Tutkimusyhteis\u00f6n perusta:<\/b> Eritt\u00e4in suosittu ja usein k\u00e4ytetty erilaisissa kemian alan tutkimusyhteis\u00f6iss\u00e4.<\/li>\n<\/ul>\n<h3><b>Miten ja mist\u00e4 tilata turvallisesti K2 Herbal Incense verkossa?<\/b><\/h3>\n<p>Tilauksen tekeminen <b>K2 Herbal suitsukkeet verkossa<\/b> on virkist\u00e4v\u00e4n helppo, turvallinen ja varma prosessi, kun ostat suoraan virallisen Chemsfine-sivuston kautta. Virtaviivaistetun alustamme avulla voit yksinkertaisesti valita haluamasi tuotekoon k\u00e4ytett\u00e4viss\u00e4 olevista vaihtoehdoista, jatkaa t\u00e4ysin turvallisten ja salattujen maksuvaihtoehtojemme avulla ja nauttia sitten tunnetusti nopeista ja t\u00e4ysin huomaamattomista toimituspalveluista, jotka ovat saatavilla maailmanlaajuisesti. Teemme kaikkemme suojellaksemme yksityisyytt\u00e4si tilauksen tekohetkest\u00e4 sen saapumiseen asti.<\/p>\n<h3><b>K2-yrttisavukkeiden ostamisen t\u00e4rkeimm\u00e4t edut verkossa Chemsfine-sivustolta<\/b><\/h3>\n<ul>\n<li><b>Tiukasti laboratoriossa testatut tuotteet:<\/b> Jokainen er\u00e4 meid\u00e4n <b>K2 yrttisuihke<\/b> on t\u00e4ysin riippumattomien, kolmannen osapuolen laboratorioiden huolellisesti tarkastama, jotta varmistetaan, ett\u00e4 saat vain parasta.<\/li>\n<li><b>Eritt\u00e4in kilpailukykyinen hinnoittelu:<\/b> Tarjoamme uskomattoman edullisen p\u00e4\u00e4syn ensiluokkaiseen K2-yrttisavukkeeseen ja varmistamme, ett\u00e4 saat parhaan vastineen sijoituksellesi laadusta tinkim\u00e4tt\u00e4.<\/li>\n<li><b>T\u00e4ysin huomaamaton toimitus:<\/b> Yksityisyytesi on ensiarvoisen t\u00e4rke\u00e4\u00e4. K\u00e4yt\u00e4mme turvallisia, t\u00e4ysin merkitsem\u00e4tt\u00f6mi\u00e4 pakkauksia kaikissa l\u00e4hetyksiss\u00e4 varmistaaksemme ehdottoman luottamuksellisuuden ja mielenrauhan.<\/li>\n<li><b>Nopea ja luotettava toimitus:<\/b> Tarjoamme poikkeuksellisen nopeita ja t\u00e4ysin j\u00e4ljitett\u00e4vi\u00e4 toimitusvaihtoehtoja maailmanlaajuisesti, joten voit seurata tilauksesi kulkua laitoksestamme kotiovellesi.<\/li>\n<\/ul>\n<h3><b>Oikean toimittajan valinnan t\u00e4rkeys<\/b><\/h3>\n<p>Ihanteellisen myyj\u00e4n valitseminen on ehdottoman t\u00e4rke\u00e4 vaihe sek\u00e4 tuotteen laadun ett\u00e4 henkil\u00f6kohtaisen turvallisuutesi varmistamiseksi, kun p\u00e4\u00e4t\u00e4t valita <b>ostaa K2 Herbal suitsukkeita<\/b>. Hyv\u00e4maineinen toimittaja, kuten Chemsfine, tarjoaa aina avoimuutta ja seisoo tuotteidensa eheyden takana, mik\u00e4 on t\u00e4rke\u00e4\u00e4 positiivisen kokemuksen kannalta.<\/p>\n<h3><b>Miten valita luotettava K2 Herbal Incense -myyj\u00e4?<\/b><\/h3>\n<ul>\n<li><b>Kolmannen osapuolen laboratorioraportit:<\/b> Varmista aina, ett\u00e4 myyj\u00e4 asettaa kolmannen osapuolen laboratoriotesteist\u00e4 saadut analyysitodistukset (CoA) helposti saatavillesi tarkastusta varten. T\u00e4m\u00e4 vahvistaa puhtauden ja tehon.<\/li>\n<li><b>Turvallinen l\u00e4hetyspolitiikka:<\/b> Luotettavalla myyj\u00e4ll\u00e4 on selke\u00e4t, turvalliset ja t\u00e4ysin huomaamattomat toimitusk\u00e4yt\u00e4nn\u00f6t, jotka suojaavat yksityisyytt\u00e4si ja varmistavat, ett\u00e4 tilauksesi saapuu turvallisesti perille.<\/li>\n<li><b>Turvalliset maksutavat:<\/b> K\u00e4yt\u00e4 vain myyji\u00e4, jotka tarjoavat t\u00e4ysin salattuja ja turvallisia maksutapoja, jotta voit suojata arkaluonteiset taloudelliset tietosi mahdollisilta uhkilta.<\/li>\n<li><b>Asiakasarvostelut ja maine:<\/b> Ota aikaa tarkistaa perusteellisesti aitoja asiakasarvosteluja ja myyj\u00e4n yleinen maine markkinoilla. Positiivinen palautehistoria on vahva osoitus luotettavuudesta.<\/li>\n<\/ul>\n<h3><b>Johtop\u00e4\u00e4t\u00f6kset: Paras saatavilla oleva K2-yrttituoksu<\/b><\/h3>\n<p>Yhteenvetona voidaan todeta, ett\u00e4 huippulaadukkaat <b>K2 Herbal suitsukkeet myyt\u00e4v\u00e4n\u00e4<\/b> tarjoaa voimakkaan, tehokkaan ja laillisen vaihtoehdon perinteiselle kannabikselle. Takaamme todennetun laadun ja ylivoimaisen turvallisuuden, varsinkin kun ostoksesi tehd\u00e4\u00e4n luotettavalta ja hyv\u00e4maineiselta myyj\u00e4lt\u00e4, kuten Chemsfine. Kannustamme sinua tutustumaan valikoimaamme ja <b>tilata K2 Herbal suitsukkeita verkossa<\/b> jo t\u00e4n\u00e4\u00e4n, jotta voit itse kokea alan johtavan laadun ja asiakastyytyv\u00e4isyyden standardin.<\/p>","protected":false},"excerpt":{"rendered":"<p>Osta laadukkaita <b>K2 yrttisuihke<\/b> online at Chemsfine. Our premium synthetic herbal blend is lab-tested for purity and potency, providing a reliable alternative for recreational use and research. Order now for the best K2 available.<\/p>","protected":false},"featured_media":1936,"comment_status":"closed","ping_status":"closed","template":"","meta":{"_joinchat":[]},"product_brand":[],"product_cat":[436],"product_tag":[],"class_list":{"0":"post-1690","1":"product","2":"type-product","3":"status-publish","4":"has-post-thumbnail","6":"product_cat-synthetic-cannabinoids","8":"first","9":"instock","10":"shipping-taxable","11":"purchasable","12":"product-type-variable"},"yoast_head":"<!-- This site is optimized with the Yoast SEO plugin v27.2 - https:\/\/yoast.com\/product\/yoast-seo-wordpress\/ -->\n<title>Order K2 Herbal Incense Online | Premium Blend For Sale<\/title>\n<meta name=\"description\" content=\"Looking to buy K2 Herbal Incense online? We offer premium, lab-tested K2 for sale. Enjoy fast, discreet shipping and competitive pricing. Order today!\" \/>\n<meta name=\"robots\" content=\"index, follow, max-snippet:-1, max-image-preview:large, max-video-preview:-1\" \/>\n<link rel=\"canonical\" href=\"https:\/\/chemsfine.com\/fi\/tuote\/buy-k2-herbal-incense\/\" \/>\n<meta property=\"og:locale\" content=\"fi_FI\" \/>\n<meta property=\"og:type\" content=\"article\" \/>\n<meta property=\"og:title\" content=\"Order K2 Herbal Incense Online | Premium Blend For Sale\" \/>\n<meta property=\"og:description\" content=\"Looking to buy K2 Herbal Incense online? We offer premium, lab-tested K2 for sale. Enjoy fast, discreet shipping and competitive pricing. Order today!\" \/>\n<meta property=\"og:url\" content=\"https:\/\/chemsfine.com\/fi\/tuote\/buy-k2-herbal-incense\/\" \/>\n<meta property=\"og:site_name\" content=\"Chemsfine\" \/>\n<meta property=\"article:modified_time\" content=\"2026-03-25T15:23:29+00:00\" \/>\n<meta property=\"og:image\" content=\"https:\/\/chemsfine.com\/wp-content\/uploads\/2025\/06\/K2-Krauterweihrauch.jpg\" \/>\n\t<meta property=\"og:image:width\" content=\"600\" \/>\n\t<meta property=\"og:image:height\" content=\"600\" \/>\n\t<meta property=\"og:image:type\" content=\"image\/jpeg\" \/>\n<meta name=\"twitter:card\" content=\"summary_large_image\" \/>\n<meta name=\"twitter:label1\" content=\"Arvioitu lukuaika\" \/>\n\t<meta name=\"twitter:data1\" content=\"3 minuuttia\" \/>\n<script type=\"application\/ld+json\" class=\"yoast-schema-graph\">{\"@context\":\"https:\/\/schema.org\",\"@graph\":[{\"@type\":\"WebPage\",\"@id\":\"https:\/\/chemsfine.com\/product\/buy-k2-herbal-incense\/\",\"url\":\"https:\/\/chemsfine.com\/product\/buy-k2-herbal-incense\/\",\"name\":\"Order K2 Herbal Incense Online | Premium Blend For Sale\",\"isPartOf\":{\"@id\":\"https:\/\/chemsfine.com\/#website\"},\"primaryImageOfPage\":{\"@id\":\"https:\/\/chemsfine.com\/product\/buy-k2-herbal-incense\/#primaryimage\"},\"image\":{\"@id\":\"https:\/\/chemsfine.com\/product\/buy-k2-herbal-incense\/#primaryimage\"},\"thumbnailUrl\":\"https:\/\/chemsfine.com\/wp-content\/uploads\/2025\/06\/K2-Krauterweihrauch.jpg\",\"datePublished\":\"2025-06-17T09:10:31+00:00\",\"dateModified\":\"2026-03-25T15:23:29+00:00\",\"description\":\"Looking to buy K2 Herbal Incense online? We offer premium, lab-tested K2 for sale. Enjoy fast, discreet shipping and competitive pricing. Order today!\",\"breadcrumb\":{\"@id\":\"https:\/\/chemsfine.com\/product\/buy-k2-herbal-incense\/#breadcrumb\"},\"inLanguage\":\"fi\",\"potentialAction\":[{\"@type\":\"ReadAction\",\"target\":[\"https:\/\/chemsfine.com\/product\/buy-k2-herbal-incense\/\"]}]},{\"@type\":\"ImageObject\",\"inLanguage\":\"fi\",\"@id\":\"https:\/\/chemsfine.com\/product\/buy-k2-herbal-incense\/#primaryimage\",\"url\":\"https:\/\/chemsfine.com\/wp-content\/uploads\/2025\/06\/K2-Krauterweihrauch.jpg\",\"contentUrl\":\"https:\/\/chemsfine.com\/wp-content\/uploads\/2025\/06\/K2-Krauterweihrauch.jpg\",\"width\":600,\"height\":600,\"caption\":\"K2 herbal incense\"},{\"@type\":\"BreadcrumbList\",\"@id\":\"https:\/\/chemsfine.com\/product\/buy-k2-herbal-incense\/#breadcrumb\",\"itemListElement\":[{\"@type\":\"ListItem\",\"position\":1,\"name\":\"Home\",\"item\":\"https:\/\/chemsfine.com\/\"},{\"@type\":\"ListItem\",\"position\":2,\"name\":\"Shop\",\"item\":\"https:\/\/chemsfine.com\/shop\/\"},{\"@type\":\"ListItem\",\"position\":3,\"name\":\"Buy K2 Herbal Incense Online | Premium Herbal Blend\"}]},{\"@type\":\"WebSite\",\"@id\":\"https:\/\/chemsfine.com\/#website\",\"url\":\"https:\/\/chemsfine.com\/\",\"name\":\"Chemsfine\",\"description\":\"My WordPress Blog\",\"publisher\":{\"@id\":\"https:\/\/chemsfine.com\/#organization\"},\"potentialAction\":[{\"@type\":\"SearchAction\",\"target\":{\"@type\":\"EntryPoint\",\"urlTemplate\":\"https:\/\/chemsfine.com\/?s={search_term_string}\"},\"query-input\":{\"@type\":\"PropertyValueSpecification\",\"valueRequired\":true,\"valueName\":\"search_term_string\"}}],\"inLanguage\":\"fi\"},{\"@type\":\"Organization\",\"@id\":\"https:\/\/chemsfine.com\/#organization\",\"name\":\"Chemsfine\",\"url\":\"https:\/\/chemsfine.com\/\",\"logo\":{\"@type\":\"ImageObject\",\"inLanguage\":\"fi\",\"@id\":\"https:\/\/chemsfine.com\/#\/schema\/logo\/image\/\",\"url\":\"https:\/\/chemsfine.com\/wp-content\/uploads\/2024\/09\/final-logo.png\",\"contentUrl\":\"https:\/\/chemsfine.com\/wp-content\/uploads\/2024\/09\/final-logo.png\",\"width\":340,\"height\":72,\"caption\":\"Chemsfine\"},\"image\":{\"@id\":\"https:\/\/chemsfine.com\/#\/schema\/logo\/image\/\"}}]}<\/script>\n<!-- \/ Yoast SEO plugin. -->","yoast_head_json":{"title":"Tilaa K2 Herbal suitsukkeet verkossa | Premium Blend myyt\u00e4v\u00e4n\u00e4","description":"Haluatko ostaa K2 Herbal Incense\u00e4 verkossa? Tarjoamme myyntiin ensiluokkaista, laboratoriossa testattua K2:ta. Nauti nopeasta, huomaamattomasta toimituksesta ja kilpailukykyisest\u00e4 hinnoittelusta. Tilaa jo t\u00e4n\u00e4\u00e4n!","robots":{"index":"index","follow":"follow","max-snippet":"max-snippet:-1","max-image-preview":"max-image-preview:large","max-video-preview":"max-video-preview:-1"},"canonical":"https:\/\/chemsfine.com\/fi\/tuote\/buy-k2-herbal-incense\/","og_locale":"fi_FI","og_type":"article","og_title":"Order K2 Herbal Incense Online | Premium Blend For Sale","og_description":"Looking to buy K2 Herbal Incense online? We offer premium, lab-tested K2 for sale. Enjoy fast, discreet shipping and competitive pricing. Order today!","og_url":"https:\/\/chemsfine.com\/fi\/tuote\/buy-k2-herbal-incense\/","og_site_name":"Chemsfine","article_modified_time":"2026-03-25T15:23:29+00:00","og_image":[{"width":600,"height":600,"url":"https:\/\/chemsfine.com\/wp-content\/uploads\/2025\/06\/K2-Krauterweihrauch.jpg","type":"image\/jpeg"}],"twitter_card":"summary_large_image","twitter_misc":{"Arvioitu lukuaika":"3 minuuttia"},"schema":{"@context":"https:\/\/schema.org","@graph":[{"@type":"WebPage","@id":"https:\/\/chemsfine.com\/product\/buy-k2-herbal-incense\/","url":"https:\/\/chemsfine.com\/product\/buy-k2-herbal-incense\/","name":"Tilaa K2 Herbal suitsukkeet verkossa | Premium Blend myyt\u00e4v\u00e4n\u00e4","isPartOf":{"@id":"https:\/\/chemsfine.com\/#website"},"primaryImageOfPage":{"@id":"https:\/\/chemsfine.com\/product\/buy-k2-herbal-incense\/#primaryimage"},"image":{"@id":"https:\/\/chemsfine.com\/product\/buy-k2-herbal-incense\/#primaryimage"},"thumbnailUrl":"https:\/\/chemsfine.com\/wp-content\/uploads\/2025\/06\/K2-Krauterweihrauch.jpg","datePublished":"2025-06-17T09:10:31+00:00","dateModified":"2026-03-25T15:23:29+00:00","description":"Haluatko ostaa K2 Herbal Incense\u00e4 verkossa? Tarjoamme myyntiin ensiluokkaista, laboratoriossa testattua K2:ta. Nauti nopeasta, huomaamattomasta toimituksesta ja kilpailukykyisest\u00e4 hinnoittelusta. Tilaa jo t\u00e4n\u00e4\u00e4n!","breadcrumb":{"@id":"https:\/\/chemsfine.com\/product\/buy-k2-herbal-incense\/#breadcrumb"},"inLanguage":"fi","potentialAction":[{"@type":"ReadAction","target":["https:\/\/chemsfine.com\/product\/buy-k2-herbal-incense\/"]}]},{"@type":"ImageObject","inLanguage":"fi","@id":"https:\/\/chemsfine.com\/product\/buy-k2-herbal-incense\/#primaryimage","url":"https:\/\/chemsfine.com\/wp-content\/uploads\/2025\/06\/K2-Krauterweihrauch.jpg","contentUrl":"https:\/\/chemsfine.com\/wp-content\/uploads\/2025\/06\/K2-Krauterweihrauch.jpg","width":600,"height":600,"caption":"K2 herbal incense"},{"@type":"BreadcrumbList","@id":"https:\/\/chemsfine.com\/product\/buy-k2-herbal-incense\/#breadcrumb","itemListElement":[{"@type":"ListItem","position":1,"name":"Home","item":"https:\/\/chemsfine.com\/"},{"@type":"ListItem","position":2,"name":"Shop","item":"https:\/\/chemsfine.com\/shop\/"},{"@type":"ListItem","position":3,"name":"Buy K2 Herbal Incense Online | Premium Herbal Blend"}]},{"@type":"WebSite","@id":"https:\/\/chemsfine.com\/#website","url":"https:\/\/chemsfine.com\/","name":"Chemsfine","description":"Minun WordPress blogi","publisher":{"@id":"https:\/\/chemsfine.com\/#organization"},"potentialAction":[{"@type":"SearchAction","target":{"@type":"EntryPoint","urlTemplate":"https:\/\/chemsfine.com\/?s={search_term_string}"},"query-input":{"@type":"PropertyValueSpecification","valueRequired":true,"valueName":"search_term_string"}}],"inLanguage":"fi"},{"@type":"Organization","@id":"https:\/\/chemsfine.com\/#organization","name":"Chemsfine","url":"https:\/\/chemsfine.com\/","logo":{"@type":"ImageObject","inLanguage":"fi","@id":"https:\/\/chemsfine.com\/#\/schema\/logo\/image\/","url":"https:\/\/chemsfine.com\/wp-content\/uploads\/2024\/09\/final-logo.png","contentUrl":"https:\/\/chemsfine.com\/wp-content\/uploads\/2024\/09\/final-logo.png","width":340,"height":72,"caption":"Chemsfine"},"image":{"@id":"https:\/\/chemsfine.com\/#\/schema\/logo\/image\/"}}]}},"_links":{"self":[{"href":"https:\/\/chemsfine.com\/fi\/wp-json\/wp\/v2\/product\/1690","targetHints":{"allow":["GET"]}}],"collection":[{"href":"https:\/\/chemsfine.com\/fi\/wp-json\/wp\/v2\/product"}],"about":[{"href":"https:\/\/chemsfine.com\/fi\/wp-json\/wp\/v2\/types\/product"}],"replies":[{"embeddable":true,"href":"https:\/\/chemsfine.com\/fi\/wp-json\/wp\/v2\/comments?post=1690"}],"wp:featuredmedia":[{"embeddable":true,"href":"https:\/\/chemsfine.com\/fi\/wp-json\/wp\/v2\/media\/1936"}],"wp:attachment":[{"href":"https:\/\/chemsfine.com\/fi\/wp-json\/wp\/v2\/media?parent=1690"}],"wp:term":[{"taxonomy":"product_brand","embeddable":true,"href":"https:\/\/chemsfine.com\/fi\/wp-json\/wp\/v2\/product_brand?post=1690"},{"taxonomy":"product_cat","embeddable":true,"href":"https:\/\/chemsfine.com\/fi\/wp-json\/wp\/v2\/product_cat?post=1690"},{"taxonomy":"product_tag","embeddable":true,"href":"https:\/\/chemsfine.com\/fi\/wp-json\/wp\/v2\/product_tag?post=1690"}],"curies":[{"name":"wp","href":"https:\/\/api.w.org\/{rel}","templated":true}]}}