{"id":1692,"date":"2025-06-17T09:11:25","date_gmt":"2025-06-17T09:11:25","guid":{"rendered":"https:\/\/chemsfine.com\/?post_type=product&#038;p=1692"},"modified":"2026-03-25T15:22:57","modified_gmt":"2026-03-25T15:22:57","slug":"ostaa-ketamiinia-verkossa","status":"publish","type":"product","link":"https:\/\/chemsfine.com\/fi\/product\/buy-ketamine-online\/","title":{"rendered":"Osta ketamiinia verkossa | Eritt\u00e4in puhdasta ketamiinia myyt\u00e4v\u00e4n\u00e4"},"content":{"rendered":"<div>\n<p>Jos haluat <b>ostaa Ketamiini myyt\u00e4v\u00e4n\u00e4<\/b>, olet tullut puhtaiden tutkimusyhdisteiden t\u00e4rkeimp\u00e4\u00e4n verkkokohteeseen. Ketamiini on nopeasti vaikuttava dissosiatiivinen anesteetti, jota k\u00e4ytet\u00e4\u00e4n laajalti l\u00e4\u00e4ketieteellisiss\u00e4 ja el\u00e4inl\u00e4\u00e4ketieteellisiss\u00e4 ymp\u00e4rist\u00f6iss\u00e4 sen voimakkaiden kipua lievitt\u00e4vien ja rauhoittavien ominaisuuksien vuoksi. T\u00e4m\u00e4 alun perin 1960-luvulla kehitetty merkitt\u00e4v\u00e4 yhdiste tunnetaan my\u00f6s sen ainutlaatuisista psykoaktiivisista vaikutuksista, jotka ovat johtaneet sen k\u00e4yt\u00f6n yleistymiseen huippuluokan mielenterveyshoidoissa, kuten masennuksen ja PTSD:n hoidossa. Ketamiini tunnetaan dissosiatiivisten tilojen ja syv\u00e4n analgesian tuottamisesta, ja se on edelleen monipuolinen yhdiste, jota arvostetaan sek\u00e4 kliinisesti ett\u00e4 laajoissa tutkimuksissa.<\/p>\n<p>Kun tarvitset <b>ostaa Ketamiini verkossa<\/b>, luottaa siihen, ett\u00e4 Chemsfine toimittaa poikkeuksellista laatua. Tarjoamme myyntiin korkealaatuista ketamiinia, joka on hankittu suoraan luotettavista, sertifioiduista laboratorioista ja jonka puhtaus ja teho on tarkoin tarkistettu. Olivatpa tarpeesi sitten l\u00e4\u00e4ketieteelliseen tutkimukseen tai erityisiin terapeuttisiin sovelluksiin, voit luottaa siihen, ett\u00e4 <b>Tilaa Ketamiini verkossa<\/b> alan parhaimmilta. Nauti eritt\u00e4in kilpailukykyisist\u00e4 hinnoistamme, t\u00e4ysin huomaamattomasta maailmanlaajuisesta toimituksesta ja saumattomasta, turvallisesta ostokokemuksesta, kun valitset <b>Osta Ketamiinia verkossa<\/b> kanssamme. Olemme sitoutuneet asettamaan alan huippuosaamisen ja luotettavuuden standardin.<\/p>\n<h2><b>Mit\u00e4 on ketamiini? Alkuper\u00e4 ja kemiallinen profiili<\/b><\/h2>\n<p>Ketamiinin historia ulottuu sen ensimm\u00e4iseen synteesiin vuonna 1962. Se saavutti nopeasti suosiota vallankumouksellisena dissosiatiivisena anestesia-aineena, koska sen teho alkoi nopeasti ja sen turvallisuusprofiili oli suotuisa verrattuna muihin silloisiin aineisiin. Kemiallisesti meid\u00e4n <b>huippulaatuista ketamiinia<\/b> luokitellaan aryylisykloheksyyliamiiniksi. Sen ensisijainen vaikutusmekanismi on aivojen NMDA-reseptorien antagonisointi, mik\u00e4 johtaa sen voimakkaisiin anesteettisiin ja ainutlaatuisiin psykoaktiivisiin vaikutuksiin. T\u00e4m\u00e4 erillinen biokemiallinen reitti on my\u00f6s se, joka tukee sen kasvavaa ja lupaavaa roolia kehittyneiss\u00e4 psykiatrisissa hoidoissa, mik\u00e4 tekee siit\u00e4 tieteellisesti eritt\u00e4in kiinnostavan ja arvokkaan ty\u00f6kalun tutkijoille.<\/p>\n<h3><b>Miksi ostaa ketamiinia meilt\u00e4 verkossa?<\/b><\/h3>\n<p>Ketamiinin ostaminen verkossa luotettavan Chemsfine-foorumimme kautta takaa, ett\u00e4 saat puhtaan, laboratoriossa testatun tuotteen, jota tukevat turvalliset maksutavat ja jatkuvasti luotettava toimitus. Asetamme asiakkaan yksityisyyden ja t\u00e4ydellisen tyytyv\u00e4isyyden etusijalle ennen kaikkea tarjoamalla kilpailukykyiset hinnat ja huomaamattoman pakkauksen jokaiselle tilaukselle. T\u00e4m\u00e4 sitoutuminen laatuun ja turvallisuuteen tekee meist\u00e4 ensisijaisen valinnan, kun tarvitset <b>ostaa halpaa Ketamiini verkossa<\/b> tinkim\u00e4tt\u00e4 koskaan puhtaudesta tai ammattitaitoisesta palvelusta. Uskomme, ett\u00e4 <b>paras Ketamiini saatavilla<\/b> pit\u00e4isi my\u00f6s tuoda mielenrauhaa.<\/p>\n<h4><b>Miten valita luotettava myyj\u00e4<\/b><\/h4>\n<p>Luotettavan myyj\u00e4n valitseminen on ehdottoman t\u00e4rke\u00e4\u00e4 turvallisuutesi ja tyytyv\u00e4isyytesi kannalta, kun ostat kemiallisia yhdisteit\u00e4 verkosta. Varmistaaksesi, ett\u00e4 olet luotettavan l\u00e4hteen kumppani, noudata aina n\u00e4it\u00e4 kriittisi\u00e4 vaiheita:<\/p>\n<ul>\n<li><b>Tarkista laboratoriotestaus:<\/b> Vaadi aina kolmannen osapuolen laboratoriotestien analyysitodistuksia (CoA) puhtauden ja tehon varmistamiseksi. Tarjoamme ne kaikille erillemme.<\/li>\n<li><b>Vahvista toimitusk\u00e4yt\u00e4nn\u00f6t:<\/b> Varmista, ett\u00e4 myyj\u00e4ll\u00e4 on turvalliset, huomaamattomat ja luotettavat toimitusk\u00e4yt\u00e4nn\u00f6t. Merkitsem\u00e4tt\u00f6m\u00e4t pakkauksemme suojaavat yksityisyytt\u00e4si.<\/li>\n<li><b>Tarkista maksun turvallisuus:<\/b> Maksutavan on oltava salattu ja turvallinen. Alustamme k\u00e4ytt\u00e4\u00e4 huipputason salausta tietojesi suojaamiseksi.<\/li>\n<li><b>Arvostelu maine:<\/b> Tarkista aina asiakkaiden arvostelut ja myyj\u00e4n yleinen maine tutkimusyhteis\u00f6ss\u00e4. Meid\u00e4n saavutuksemme puhuvat puolestaan.<\/li>\n<\/ul>\n<h3><b>Ketamiinin k\u00e4ytt\u00f6<\/b><\/h3>\n<p>Ketamiini on eritt\u00e4in monipuolinen yhdiste, jota k\u00e4ytet\u00e4\u00e4n monissa vaativissa l\u00e4\u00e4ketieteellisiss\u00e4, terapeuttisissa ja tutkimuksellisissa yhteyksiss\u00e4. Sen ainutlaatuiset ominaisuudet tekev\u00e4t siit\u00e4 korvaamattoman arvokkaan sek\u00e4 kliinisiss\u00e4 ett\u00e4 laboratorioymp\u00e4rist\u00f6iss\u00e4, joissa tarkkuus ja luotettavuus ovat ensiarvoisen t\u00e4rkeit\u00e4.<\/p>\n<ul>\n<li style=\"font-weight: 400\"><span style=\"font-weight: 400\">Ensisijainen yleisanestesia sek\u00e4 ihmis- ett\u00e4 el\u00e4inl\u00e4\u00e4ketieteess\u00e4.<\/span><\/li>\n<li style=\"font-weight: 400\"><span style=\"font-weight: 400\">Nopeavaikutteinen kipul\u00e4\u00e4ke akuutin ja kroonisen kivun hoitoon.<\/span><\/li>\n<li style=\"font-weight: 400\"><span style=\"font-weight: 400\">Innovatiivinen terapeuttinen aine hoitoresistenttiin masennukseen ja PTSD:hen.<\/span><\/li>\n<li style=\"font-weight: 400\"><span style=\"font-weight: 400\">Kriittinen tutkimusyhdiste neurologisia ja psykiatrisia tutkimuksia varten.<\/span><\/li>\n<li style=\"font-weight: 400\"><span style=\"font-weight: 400\">Tehokas rauhoittava ja dissosiatiivinen aine, jota k\u00e4ytet\u00e4\u00e4n valvotuissa l\u00e4\u00e4ketieteellisiss\u00e4 tiloissa.<\/span><\/li>\n<\/ul>\n<h3><b>Miten ja mist\u00e4 tilata ketamiinia verkossa<\/b><\/h3>\n<p>Kun olet valmis <b>Tilaa Ketamiini verkossa<\/b>, prosessi on suoraviivainen ja t\u00e4ysin turvallinen Chemsfine-sivuston kautta. Siirry vain tuotesivulle, valitse haluamasi m\u00e4\u00e4r\u00e4 ja siirry kassalle. Voit suorittaa maksun t\u00e4ysin salatun j\u00e4rjestelm\u00e4mme kautta, mik\u00e4 takaa, ett\u00e4 taloudelliset tietosi pysyv\u00e4t luottamuksellisina. Kun tilaus on vahvistettu, se valmistellaan nopeaa ja huomaamatonta toimitusta varten, ja pakkaukset on suunniteltu suojaamaan sek\u00e4 tuotetta ett\u00e4 yksityisyytt\u00e4si riippumatta siit\u00e4, miss\u00e4 p\u00e4in maailmaa olet.<\/p>\n<h4><b>Ketamiinin ostamisen hy\u00f6dyt verkossa Chemsfinen kautta<\/b><\/h4>\n<ul>\n<li><b>Laboratoriossa testatut tuotteet:<\/b> Takaamme ketamiinin puhtauden ja tehon varmennetuilla, riippumattomilla laboratoriotesteill\u00e4.<\/li>\n<li><b>Kilpailukykyinen hinnoittelu:<\/b> Tehokkaan hankintamme ansiosta saat kohtuuhintaista ja laadukasta ketamiinia ilman piilokustannuksia.<\/li>\n<li><b>Huomaamaton toimitus:<\/b> Jokainen paketti on turvallinen ja merkitsem\u00e4t\u00f6n, jotta yksityisyytesi voidaan turvata l\u00e4hett\u00e4misest\u00e4 toimitukseen asti.<\/li>\n<li><b>Luotettava toimitus:<\/b> Tarjoamme nopean ja t\u00e4ysin j\u00e4ljitett\u00e4v\u00e4n toimituksen maailmanlaajuisesti, joten tied\u00e4t aina tilauksesi tilan.<\/li>\n<\/ul>\n<h3><b>P\u00e4\u00e4telm\u00e4<\/b><\/h3>\n<h4><b>Yhteenveto eduista<\/b><\/h4>\n<p>Yhteenvetona voidaan todeta, ett\u00e4 ketamiini tarjoaa monipuolisia ja merkitt\u00e4vi\u00e4 l\u00e4\u00e4ketieteellisi\u00e4 ja terapeuttisia etuja. Kun <b>ostaa Ketamiini myyt\u00e4v\u00e4n\u00e4<\/b> Chemsfinen kaltaiselta luotettavalta online-myyj\u00e4lt\u00e4, voit olla varma taatusta puhtaudesta, tarkistetusta laadusta ja turvallisesta ostoprosessista alusta loppuun. Sitoumuksemme on tarjota tutkimusyhteis\u00f6lle erinomaisia tuotteita ja vertaansa vailla olevaa palvelua.<\/p>\n<h4><b>Lopullinen suositus<\/b><\/h4>\n<p>Korkeinta laatua ja luotettavuutta etsiville tutkijoille ja laitoksille alustamme on yksiselitteisesti t\u00e4rkein <b>paras paikka ostaa Ketamiini verkossa<\/b>. Sitoutumisemme todennettuun laboratoriotestaukseen, kohtuuhintaisiin ja l\u00e4pin\u00e4kyviin hintoihin sek\u00e4 turvalliseen ja huomaamattomaan toimitukseen ansiosta voitte <b>Tilaa Ketamiini verkossa<\/b> t\u00e4n\u00e4\u00e4n ja koe ylivoimainen palvelu ja tuotteiden erinomaisuus. Luota Chemsfineen kaikissa tutkimustarpeissasi.<\/p>\n<\/div>","protected":false},"excerpt":{"rendered":"<p><b>Osta Ketamiinia verkossa<\/b> from a trusted, reputable vendor. At Chemsfine, we offer top-quality Ketamine (hydrochloride), a general anesthetic also known as Ketolar, manufactured for purity and reliability. Purchase securely and discreetly from the best source online.<\/p>","protected":false},"featured_media":1938,"comment_status":"closed","ping_status":"closed","template":"","meta":{"_joinchat":[]},"product_brand":[],"product_cat":[432],"product_tag":[],"class_list":{"0":"post-1692","1":"product","2":"type-product","3":"status-publish","4":"has-post-thumbnail","6":"product_cat-dissociatives","8":"first","9":"instock","10":"shipping-taxable","11":"purchasable","12":"product-type-variable"},"yoast_head":"<!-- This site is optimized with the Yoast SEO plugin v27.2 - https:\/\/yoast.com\/product\/yoast-seo-wordpress\/ -->\n<title>Buy Ketamine Online | Best Price on Lab-Tested Ketamine<\/title>\n<meta name=\"description\" content=\"Looking to buy Ketamine online? Chemsfine offers high-quality, pure Ketamine for sale. Enjoy competitive prices, lab-tested products, and fast, discreet shipping.\" \/>\n<meta name=\"robots\" content=\"index, follow, max-snippet:-1, max-image-preview:large, max-video-preview:-1\" \/>\n<link rel=\"canonical\" href=\"https:\/\/chemsfine.com\/fi\/tuote\/ostaa-ketamiinia-verkossa\/\" \/>\n<meta property=\"og:locale\" content=\"fi_FI\" \/>\n<meta property=\"og:type\" content=\"article\" \/>\n<meta property=\"og:title\" content=\"Buy Ketamine Online | Best Price on Lab-Tested Ketamine\" \/>\n<meta property=\"og:description\" content=\"Looking to buy Ketamine online? Chemsfine offers high-quality, pure Ketamine for sale. Enjoy competitive prices, lab-tested products, and fast, discreet shipping.\" \/>\n<meta property=\"og:url\" content=\"https:\/\/chemsfine.com\/fi\/tuote\/ostaa-ketamiinia-verkossa\/\" \/>\n<meta property=\"og:site_name\" content=\"Chemsfine\" \/>\n<meta property=\"article:modified_time\" content=\"2026-03-25T15:22:57+00:00\" \/>\n<meta property=\"og:image\" content=\"https:\/\/chemsfine.com\/wp-content\/uploads\/2025\/06\/Ketamine-1kg.jpg\" \/>\n\t<meta property=\"og:image:width\" content=\"600\" \/>\n\t<meta property=\"og:image:height\" content=\"600\" \/>\n\t<meta property=\"og:image:type\" content=\"image\/jpeg\" \/>\n<meta name=\"twitter:card\" content=\"summary_large_image\" \/>\n<meta name=\"twitter:label1\" content=\"Arvioitu lukuaika\" \/>\n\t<meta name=\"twitter:data1\" content=\"3 minuuttia\" \/>\n<script type=\"application\/ld+json\" class=\"yoast-schema-graph\">{\"@context\":\"https:\/\/schema.org\",\"@graph\":[{\"@type\":\"WebPage\",\"@id\":\"https:\/\/chemsfine.com\/product\/buy-ketamine-online\/\",\"url\":\"https:\/\/chemsfine.com\/product\/buy-ketamine-online\/\",\"name\":\"Buy Ketamine Online | Best Price on Lab-Tested Ketamine\",\"isPartOf\":{\"@id\":\"https:\/\/chemsfine.com\/#website\"},\"primaryImageOfPage\":{\"@id\":\"https:\/\/chemsfine.com\/product\/buy-ketamine-online\/#primaryimage\"},\"image\":{\"@id\":\"https:\/\/chemsfine.com\/product\/buy-ketamine-online\/#primaryimage\"},\"thumbnailUrl\":\"https:\/\/chemsfine.com\/wp-content\/uploads\/2025\/06\/Ketamine-1kg.jpg\",\"datePublished\":\"2025-06-17T09:11:25+00:00\",\"dateModified\":\"2026-03-25T15:22:57+00:00\",\"description\":\"Looking to buy Ketamine online? Chemsfine offers high-quality, pure Ketamine for sale. Enjoy competitive prices, lab-tested products, and fast, discreet shipping.\",\"breadcrumb\":{\"@id\":\"https:\/\/chemsfine.com\/product\/buy-ketamine-online\/#breadcrumb\"},\"inLanguage\":\"fi\",\"potentialAction\":[{\"@type\":\"ReadAction\",\"target\":[\"https:\/\/chemsfine.com\/product\/buy-ketamine-online\/\"]}]},{\"@type\":\"ImageObject\",\"inLanguage\":\"fi\",\"@id\":\"https:\/\/chemsfine.com\/product\/buy-ketamine-online\/#primaryimage\",\"url\":\"https:\/\/chemsfine.com\/wp-content\/uploads\/2025\/06\/Ketamine-1kg.jpg\",\"contentUrl\":\"https:\/\/chemsfine.com\/wp-content\/uploads\/2025\/06\/Ketamine-1kg.jpg\",\"width\":600,\"height\":600,\"caption\":\"Ketamine\"},{\"@type\":\"BreadcrumbList\",\"@id\":\"https:\/\/chemsfine.com\/product\/buy-ketamine-online\/#breadcrumb\",\"itemListElement\":[{\"@type\":\"ListItem\",\"position\":1,\"name\":\"Home\",\"item\":\"https:\/\/chemsfine.com\/\"},{\"@type\":\"ListItem\",\"position\":2,\"name\":\"Shop\",\"item\":\"https:\/\/chemsfine.com\/shop\/\"},{\"@type\":\"ListItem\",\"position\":3,\"name\":\"Buy Ketamine Online | High-Purity Ketamine For Sale\"}]},{\"@type\":\"WebSite\",\"@id\":\"https:\/\/chemsfine.com\/#website\",\"url\":\"https:\/\/chemsfine.com\/\",\"name\":\"Chemsfine\",\"description\":\"My WordPress Blog\",\"publisher\":{\"@id\":\"https:\/\/chemsfine.com\/#organization\"},\"potentialAction\":[{\"@type\":\"SearchAction\",\"target\":{\"@type\":\"EntryPoint\",\"urlTemplate\":\"https:\/\/chemsfine.com\/?s={search_term_string}\"},\"query-input\":{\"@type\":\"PropertyValueSpecification\",\"valueRequired\":true,\"valueName\":\"search_term_string\"}}],\"inLanguage\":\"fi\"},{\"@type\":\"Organization\",\"@id\":\"https:\/\/chemsfine.com\/#organization\",\"name\":\"Chemsfine\",\"url\":\"https:\/\/chemsfine.com\/\",\"logo\":{\"@type\":\"ImageObject\",\"inLanguage\":\"fi\",\"@id\":\"https:\/\/chemsfine.com\/#\/schema\/logo\/image\/\",\"url\":\"https:\/\/chemsfine.com\/wp-content\/uploads\/2024\/09\/final-logo.png\",\"contentUrl\":\"https:\/\/chemsfine.com\/wp-content\/uploads\/2024\/09\/final-logo.png\",\"width\":340,\"height\":72,\"caption\":\"Chemsfine\"},\"image\":{\"@id\":\"https:\/\/chemsfine.com\/#\/schema\/logo\/image\/\"}}]}<\/script>\n<!-- \/ Yoast SEO plugin. -->","yoast_head_json":{"title":"Osta ketamiinia verkossa | Paras hinta laboratoriossa testatusta ketamiinista","description":"Haluatko ostaa ketamiinia verkossa? Chemsfine tarjoaa korkealaatuista, puhdasta ketamiinia myyt\u00e4v\u00e4ksi. Nauti kilpailukykyisist\u00e4 hinnoista, laboratoriotestatuista tuotteista ja nopeasta, huomaamattomasta toimituksesta.","robots":{"index":"index","follow":"follow","max-snippet":"max-snippet:-1","max-image-preview":"max-image-preview:large","max-video-preview":"max-video-preview:-1"},"canonical":"https:\/\/chemsfine.com\/fi\/tuote\/ostaa-ketamiinia-verkossa\/","og_locale":"fi_FI","og_type":"article","og_title":"Buy Ketamine Online | Best Price on Lab-Tested Ketamine","og_description":"Looking to buy Ketamine online? Chemsfine offers high-quality, pure Ketamine for sale. Enjoy competitive prices, lab-tested products, and fast, discreet shipping.","og_url":"https:\/\/chemsfine.com\/fi\/tuote\/ostaa-ketamiinia-verkossa\/","og_site_name":"Chemsfine","article_modified_time":"2026-03-25T15:22:57+00:00","og_image":[{"width":600,"height":600,"url":"https:\/\/chemsfine.com\/wp-content\/uploads\/2025\/06\/Ketamine-1kg.jpg","type":"image\/jpeg"}],"twitter_card":"summary_large_image","twitter_misc":{"Arvioitu lukuaika":"3 minuuttia"},"schema":{"@context":"https:\/\/schema.org","@graph":[{"@type":"WebPage","@id":"https:\/\/chemsfine.com\/product\/buy-ketamine-online\/","url":"https:\/\/chemsfine.com\/product\/buy-ketamine-online\/","name":"Osta ketamiinia verkossa | Paras hinta laboratoriossa testatusta ketamiinista","isPartOf":{"@id":"https:\/\/chemsfine.com\/#website"},"primaryImageOfPage":{"@id":"https:\/\/chemsfine.com\/product\/buy-ketamine-online\/#primaryimage"},"image":{"@id":"https:\/\/chemsfine.com\/product\/buy-ketamine-online\/#primaryimage"},"thumbnailUrl":"https:\/\/chemsfine.com\/wp-content\/uploads\/2025\/06\/Ketamine-1kg.jpg","datePublished":"2025-06-17T09:11:25+00:00","dateModified":"2026-03-25T15:22:57+00:00","description":"Haluatko ostaa ketamiinia verkossa? Chemsfine tarjoaa korkealaatuista, puhdasta ketamiinia myyt\u00e4v\u00e4ksi. Nauti kilpailukykyisist\u00e4 hinnoista, laboratoriotestatuista tuotteista ja nopeasta, huomaamattomasta toimituksesta.","breadcrumb":{"@id":"https:\/\/chemsfine.com\/product\/buy-ketamine-online\/#breadcrumb"},"inLanguage":"fi","potentialAction":[{"@type":"ReadAction","target":["https:\/\/chemsfine.com\/product\/buy-ketamine-online\/"]}]},{"@type":"ImageObject","inLanguage":"fi","@id":"https:\/\/chemsfine.com\/product\/buy-ketamine-online\/#primaryimage","url":"https:\/\/chemsfine.com\/wp-content\/uploads\/2025\/06\/Ketamine-1kg.jpg","contentUrl":"https:\/\/chemsfine.com\/wp-content\/uploads\/2025\/06\/Ketamine-1kg.jpg","width":600,"height":600,"caption":"Ketamine"},{"@type":"BreadcrumbList","@id":"https:\/\/chemsfine.com\/product\/buy-ketamine-online\/#breadcrumb","itemListElement":[{"@type":"ListItem","position":1,"name":"Home","item":"https:\/\/chemsfine.com\/"},{"@type":"ListItem","position":2,"name":"Shop","item":"https:\/\/chemsfine.com\/shop\/"},{"@type":"ListItem","position":3,"name":"Buy Ketamine Online | High-Purity Ketamine For Sale"}]},{"@type":"WebSite","@id":"https:\/\/chemsfine.com\/#website","url":"https:\/\/chemsfine.com\/","name":"Chemsfine","description":"Minun WordPress blogi","publisher":{"@id":"https:\/\/chemsfine.com\/#organization"},"potentialAction":[{"@type":"SearchAction","target":{"@type":"EntryPoint","urlTemplate":"https:\/\/chemsfine.com\/?s={search_term_string}"},"query-input":{"@type":"PropertyValueSpecification","valueRequired":true,"valueName":"search_term_string"}}],"inLanguage":"fi"},{"@type":"Organization","@id":"https:\/\/chemsfine.com\/#organization","name":"Chemsfine","url":"https:\/\/chemsfine.com\/","logo":{"@type":"ImageObject","inLanguage":"fi","@id":"https:\/\/chemsfine.com\/#\/schema\/logo\/image\/","url":"https:\/\/chemsfine.com\/wp-content\/uploads\/2024\/09\/final-logo.png","contentUrl":"https:\/\/chemsfine.com\/wp-content\/uploads\/2024\/09\/final-logo.png","width":340,"height":72,"caption":"Chemsfine"},"image":{"@id":"https:\/\/chemsfine.com\/#\/schema\/logo\/image\/"}}]}},"_links":{"self":[{"href":"https:\/\/chemsfine.com\/fi\/wp-json\/wp\/v2\/product\/1692","targetHints":{"allow":["GET"]}}],"collection":[{"href":"https:\/\/chemsfine.com\/fi\/wp-json\/wp\/v2\/product"}],"about":[{"href":"https:\/\/chemsfine.com\/fi\/wp-json\/wp\/v2\/types\/product"}],"replies":[{"embeddable":true,"href":"https:\/\/chemsfine.com\/fi\/wp-json\/wp\/v2\/comments?post=1692"}],"wp:featuredmedia":[{"embeddable":true,"href":"https:\/\/chemsfine.com\/fi\/wp-json\/wp\/v2\/media\/1938"}],"wp:attachment":[{"href":"https:\/\/chemsfine.com\/fi\/wp-json\/wp\/v2\/media?parent=1692"}],"wp:term":[{"taxonomy":"product_brand","embeddable":true,"href":"https:\/\/chemsfine.com\/fi\/wp-json\/wp\/v2\/product_brand?post=1692"},{"taxonomy":"product_cat","embeddable":true,"href":"https:\/\/chemsfine.com\/fi\/wp-json\/wp\/v2\/product_cat?post=1692"},{"taxonomy":"product_tag","embeddable":true,"href":"https:\/\/chemsfine.com\/fi\/wp-json\/wp\/v2\/product_tag?post=1692"}],"curies":[{"name":"wp","href":"https:\/\/api.w.org\/{rel}","templated":true}]}}