{"id":1698,"date":"2025-06-17T09:36:31","date_gmt":"2025-06-17T09:36:31","guid":{"rendered":"https:\/\/chemsfine.com\/?post_type=product&#038;p=1698"},"modified":"2026-03-25T15:18:06","modified_gmt":"2026-03-25T15:18:06","slug":"buy-phencyclidine-pcp-2","status":"publish","type":"product","link":"https:\/\/chemsfine.com\/fi\/product\/buy-phencyclidine-pcp-2\/","title":{"rendered":"Osta fenosyklidiini (PCP) verkossa | High-Purity Grade"},"content":{"rendered":"<h2><b>Mik\u00e4 on fenosyklidiini (PCP)?<\/b><\/h2>\n<p>Fenisyklidiini (PCP), alun perin voimakkaaksi anestesia-aineeksi kehitetty yhdiste, on synteettinen dissosiatiivinen huume, joka on tunnettu merkitt\u00e4vist\u00e4 vaikutuksistaan havaitsemiseen, mielialaan ja yleiseen kognitioon. Sen ensisijainen vaikutusmekanismi on NMDA-reseptoriantagonisti, joka aiheuttaa voimakkaasti dissosiatiivisia tiloja, joille on usein ominaista syv\u00e4 irrottautuminen todellisuudesta ja ainutlaatuisesti muuttuneet aistikokemukset. Vaikka sen yleisest\u00e4 l\u00e4\u00e4ketieteellisest\u00e4 k\u00e4yt\u00f6st\u00e4 on suurelta osin luovuttu erilaisten haittavaikutusten vuoksi, aito fenisyklidiini on edelleen aine, joka kiinnostaa tieteellist\u00e4 tutkimusyhteis\u00f6\u00e4 merkitt\u00e4v\u00e4sti tietoisuuteen ja kivun havaitsemiseen liittyvien monimutkaisten hermoratojen tutkimisessa.<\/p>\n<p>Jos haluat <b>ostaa fenosyklidiini (PCP) myyt\u00e4v\u00e4n\u00e4<\/b>, olet onnistuneesti l\u00f6yt\u00e4nyt luotettavan ja luotettavan l\u00e4hteen, joka tarjoaa poikkeuksellisen korkealaatuisia, laboratoriotestattuja <b>Phencyclidine (PCP) myyt\u00e4v\u00e4n\u00e4<\/b>. T\u00e4\u00e4ll\u00e4 Chemsfine-sivustolla oma alustamme tarjoaa t\u00e4ysin turvallisia, huomaamattomia ja eritt\u00e4in kilpailukykyisi\u00e4 vaihtoehtoja tutkijoille ja tutkijoille, jotka haluavat <b>tilata fenosyklidiini (PCP) verkossa<\/b> turvallisesti ja tehokkaasti. Oletpa sitten etsinyt ehdotonta <b>paras paikka ostaa Phencyclidine (PCP) verkossa<\/b> tai yksinkertaisesti haluavat <b>ostaa fenosyklidiini (PCP) verkossa<\/b> aidosti edulliseen hintaan, takaamme nopean toimituksen ja k\u00e4yt\u00e4mme turvallisimpia saatavilla olevia maksutapoja. Budjettiyst\u00e4v\u00e4llisempi\u00e4 ostovaihtoehtoja varten voit my\u00f6s luottavaisesti <b>ostaa halpoja Phencyclidine (PCP) verkossa<\/b> kaupastamme tinkim\u00e4tt\u00e4 koskaan tuotteen olennaisesta laadusta tai puhtaudesta.<\/p>\n<h3><b>Miksi ostaa korkealaatuista fenosyklidiini\u00e4 (PCP) meilt\u00e4 verkossa?<\/b><\/h3>\n<p>Kun lopulta p\u00e4\u00e4t\u00e4t <b>ostaa Phencyclidine (PCP) verkossa<\/b>, on ehdottoman t\u00e4rke\u00e4\u00e4, ett\u00e4 valitset luotettavan ja t\u00e4ysin luotettavan l\u00e4hteen, joka takaa yksiselitteisesti poikkeuksellisen puhtauden ja tinkim\u00e4tt\u00f6m\u00e4n turvallisuuden. Meid\u00e4n ensiluokkainen <b>Phencyclidine (PCP) myyt\u00e4v\u00e4n\u00e4<\/b> on testattu tiukasti laboratoriossa, jotta se t\u00e4ytt\u00e4\u00e4 ja ylitt\u00e4\u00e4 tiukimmatkin laatustandardit, mik\u00e4 takaa tasaisen korkean tehon ja vankkumattoman luotettavuuden kaikissa tutkimussovelluksissasi. Lis\u00e4ksi tarjoamme ylpe\u00e4n\u00e4 eritt\u00e4in kilpailukykyist\u00e4 hinnoittelua ja huolellista ja huomaamatonta toimitusta eri puolille maailmaa, mik\u00e4 vakiinnuttaa meid\u00e4t vakaana <b>paras paikka ostaa Phencyclidine (PCP) verkossa<\/b>. Olipa ensisijaisena tavoitteenasi sitten <b>tilata fenosyklidiini (PCP) verkossa<\/b> t\u00e4ysin turvallisella tavalla tai <b>ostaa fenosyklidiini (PCP) verkossa<\/b> huomattavan edulliseen hintaan, k\u00e4ytt\u00e4j\u00e4yst\u00e4v\u00e4llinen alustamme tarjoaa poikkeuksellisen turvalliset maksutavat ja jatkuvasti nopean asiakastuen. Budjettitietoisemmille ostajillemme voit olla varma, ett\u00e4 voit my\u00f6s <b>ostaa halpoja Phencyclidine (PCP) verkossa<\/b> luettelostamme tinkim\u00e4tt\u00e4 koskaan tuotteen laadun ja puhtauden kriittisist\u00e4 n\u00e4k\u00f6kohdista.<\/p>\n<h3><b>Fenisyklidiinin alkuper\u00e4 ja kemiallinen profiili<\/b><\/h3>\n<p>Aito fenosyklidiini (PCP) kuuluu kemiallisten yhdisteiden aryylisykloheksyyliamiiniluokkaan, ja se syntetisoitiin alun perin lupaavaksi potentiaaliseksi anestesiaksi l\u00e4\u00e4ketieteelliseen k\u00e4ytt\u00f6\u00f6n. Sen ainutlaatuinen molekyylirakenne mahdollistaa sen, ett\u00e4 se pystyy tehokkaasti est\u00e4m\u00e4\u00e4n aivoissa sijaitsevia NMDA-reseptoreita, mekanismi, joka johtaa suoraan voimakkaisiin dissosiatiivisiin vaikutuksiin, jotka erottavat sen selv\u00e4sti muista, tavanomaisemmista nukutusaineista. Vaikka PCP:t\u00e4 ei en\u00e4\u00e4 nyky\u00e4\u00e4n k\u00e4ytet\u00e4 laajalti tavanomaisessa kliinisess\u00e4 l\u00e4\u00e4ketieteess\u00e4, sen todella ainutlaatuiset farmakologiset ominaisuudet merkitsev\u00e4t sit\u00e4, ett\u00e4 PCP on edelleen uskomattoman arvokas yhdiste edistyneess\u00e4 neurofarmakologisessa ja t\u00e4rke\u00e4ss\u00e4 psykiatrisessa tutkimuksessa eri puolilla maailmaa.<\/p>\n<h3><b>Fenisyklidiinin (PCP) ensisijaiset tutkimussovellukset<\/b><\/h3>\n<p>Nykyaikaisissa tieteellisiss\u00e4 yhteyksiss\u00e4 tutkimuslaatuista fenosyklidiini\u00e4 (PCP) k\u00e4ytet\u00e4\u00e4n ensisijaisesti erilaisten monimutkaisten neurologisten toimintojen tutkimiseen. T\u00e4rkeimpi\u00e4 tutkimusalueita ovat mm:<\/p>\n<ul>\n<li>Tutkitaan yhdisteen keskushermostoon kohdistuvia syv\u00e4llisi\u00e4 dissosiatiivisia ja anesteettisia vaikutuksia.<\/li>\n<li>Kartoitetaan ne monimutkaiset hermoradat, jotka ovat suoraan mukana sek\u00e4 kivun havaitsemisessa ett\u00e4 sen my\u00f6hemm\u00e4ss\u00e4 moduloinnissa.<\/li>\n<li>Ymm\u00e4rret\u00e4\u00e4n perustavanlaatuisia kognitiivisia ja havaintoihin liittyvi\u00e4 dissosiaatiomekanismeja, jotka sen antaminen laukaisee.<\/li>\n<li>Edistet\u00e4\u00e4n neurofarmakologian alaa ja tunnistetaan mahdollisia uusia terapeuttisia kohteita tulevia l\u00e4\u00e4ketieteellisi\u00e4 hoitoja varten.<\/li>\n<\/ul>\n<h3><b>Miten ja mist\u00e4 tilata fenosyklidiini (PCP) verkossa?<\/b><\/h3>\n<p>Osoitteeseen <b>tilata fenosyklidiini (PCP) verkossa<\/b> on virkist\u00e4v\u00e4n suoraviivainen ja turvallinen prosessi, kun valitset yhteisty\u00f6kumppaniksesi Chemsfinen kaltaisen luotettavan ja hyv\u00e4maineisen myyj\u00e4n. Virtaviivainen j\u00e4rjestelm\u00e4mme takaa vaivattoman kokemuksen alusta loppuun. Seuraa n\u00e4it\u00e4 yksinkertaisia vaiheita:<\/p>\n<ol>\n<li>Selaa huolellisesti laajasti tarkistettuja tuotevalikoimiamme ja valitse luottavaisesti haluamasi m\u00e4\u00e4r\u00e4 eritt\u00e4in puhdasta PCP:t\u00e4.<\/li>\n<li>Siirry kassalle ja k\u00e4yt\u00e4 eritt\u00e4in turvallisia maksutapojamme, jotka sis\u00e4lt\u00e4v\u00e4t vaihtoehtoja, kuten erilaisia kryptovaluuttoja tai suuria luottokortteja, jotta voit k\u00e4ytt\u00e4\u00e4 niit\u00e4.<\/li>\n<li>Anna tarvittavat toimitustiedot t\u00e4sm\u00e4llisesti ja t\u00e4ysin luottavaisesti, koska olemme sitoutuneet poikkeuksellisen huomaamattomaan ja turvalliseen pakkaamiseen.<\/li>\n<li>Lopuksi voit suorittaa ostoksesi helposti ja seurata arvokasta l\u00e4hetyst\u00e4si huolellisesti integroidun j\u00e4rjestelm\u00e4mme kautta, kunnes se on toimitettu turvallisesti paikallesi.<\/li>\n<\/ol>\n<h3><b>Keskeiset edut ostettaessa fenosyklidiini (PCP) verkossa<\/b><\/h3>\n<p>Kun valitset <b>ostaa Phencyclidine verkossa<\/b> johtavalta toimittajalta, saat lukuisia etuja tutkimushankkeissasi. N\u00e4ihin merkitt\u00e4viin etuihin kuuluvat:<\/p>\n<ul>\n<li>Taattu p\u00e4\u00e4sy kattavasti <b>laboratoriossa testattu, puhtaudeltaan todennettu PCP<\/b>, mik\u00e4 on v\u00e4ltt\u00e4m\u00e4t\u00f6nt\u00e4 turvallisen, toistettavan ja tehokkaan tutkimusk\u00e4yt\u00f6n kannalta.<\/li>\n<li>Eritt\u00e4in kilpailukykyiset hinnoittelurakenteet ja huomattavan joustavat m\u00e4\u00e4r\u00e4vaihtoehdot, jotka voidaan r\u00e4\u00e4t\u00e4l\u00f6id\u00e4 juuri sinun laboratorio- tai projektitarpeisiisi.<\/li>\n<li>Eritt\u00e4in huomaamattomat ja jatkuvasti luotettavat maailmanlaajuiset kuljetuspalvelut, jotka on suunniteltu takaamaan t\u00e4ydellinen yksityisyys ja luottamuksellisuus kaikkina aikoina.<\/li>\n<li>Nykyaikaisen online-tilausj\u00e4rjestelm\u00e4n vertaansa vailla oleva mukavuus, jota tukee omistautunut ja asiantunteva asiakastukitiimimme.<\/li>\n<\/ul>\n<h3><b>Olennaiset kriteerit oikean toimittajan valitsemiseksi<\/b><\/h3>\n<p>Tuotteen ehdottoman laadun ja t\u00e4ydellisen tyytyv\u00e4isyytesi varmistamiseksi on t\u00e4rke\u00e4\u00e4, ett\u00e4 ostat PCP:n aina myyjilt\u00e4, jotka t\u00e4ytt\u00e4v\u00e4t jatkuvasti alan korkeimmat standardit. Hyv\u00e4maineinen toimittaja on aina:<\/p>\n<ul>\n<li>Tarjoamme helposti riippumattoman, kolmannen osapuolen laboratoriotestien tulokset ja yksityiskohtaiset analyysitodistukset (COA) jokaisesta er\u00e4st\u00e4.<\/li>\n<li>Tarjoamme poikkeuksellisen luotettavia toimitusvaihtoehtoja, joihin sis\u00e4ltyy kattavat seurantatiedot ja ammattimaisesti huomaamaton pakkaus.<\/li>\n<li>Yll\u00e4pid\u00e4 huolellisesti t\u00e4ysin turvallisia maksuportaita, jotka on vahvistettu vankalla tietosuojalla ja salausprotokollien avulla.<\/li>\n<li>Tarjota selke\u00e4sti t\u00e4ysin l\u00e4pin\u00e4kyv\u00e4t palautusk\u00e4yt\u00e4nn\u00f6t ja yll\u00e4pit\u00e4\u00e4 eritt\u00e4in helppok\u00e4ytt\u00f6isi\u00e4 ja nopeasti reagoivia asiakaspalvelukanavia, joiden kautta kaikki ongelmat voidaan ratkaista.<\/li>\n<\/ul>\n<h3><b>Vaiheittainen opas luotettavan toimittajan valitsemiseen<\/b><\/h3>\n<p>L\u00f6yt\u00e4\u00e4 <b>paras saatavilla oleva fenosyklidiini<\/b> edellytt\u00e4\u00e4 mahdollisten toimittajien huolellista tarkastelua. Jos haluat tehd\u00e4 varman ja tietoon perustuvan p\u00e4\u00e4t\u00f6ksen, suosittelemme, ett\u00e4 noudatat n\u00e4it\u00e4 tarkistusvaiheita:<\/p>\n<ul>\n<li>Varmista aina tuotteen aitous ja puhtaus vaatimalla saada n\u00e4hd\u00e4 tuoreet, todennettavissa olevat kolmannen osapuolen laboratoriotestien tulokset ja analyysiraportit.<\/li>\n<li>Tutki perusteellisesti myyj\u00e4n yleinen maine lukemalla huolellisesti aitoja asiakasarvosteluja ja etsim\u00e4ll\u00e4 puolueetonta yhteis\u00f6palautetta riippumattomilta foorumeilta.<\/li>\n<li>Varmista ehdottomasti, ett\u00e4 valittu myyj\u00e4 k\u00e4ytt\u00e4\u00e4 yksinomaan todistetusti turvallisia maksutapoja ja ett\u00e4 sill\u00e4 on tiukka k\u00e4yt\u00e4nt\u00f6, joka suojaa aktiivisesti arkaluonteisten tietojesi yksityisyytt\u00e4.<\/li>\n<li>Varmista aina ennen ostoksen tekemist\u00e4, ett\u00e4 asiakastuki on helposti saatavilla ja ett\u00e4 ostopolitiikka on selke\u00e4, oikeudenmukainen ja ymm\u00e4rrett\u00e4v\u00e4.<\/li>\n<\/ul>\n<h3><b>Johtop\u00e4\u00e4t\u00f6kset: Fenosyklidiinin (PCP) ensisijainen l\u00e4hde.<\/b><\/h3>\n<p>Viime k\u00e4dess\u00e4 ostaminen <b>Fenosyklidiini (PCP) verkossa<\/b> tarjoaa tutkijoille k\u00e4tev\u00e4n ja helpon p\u00e4\u00e4syn korkealaatuiseen, tutkimusk\u00e4ytt\u00f6\u00f6n tarkoitettuun dissosiatiiviseen yhdisteeseen, jolla on kriittisen t\u00e4rkeit\u00e4 neurofarmakologisia sovelluksia. On ensiarvoisen t\u00e4rke\u00e4\u00e4 valita aina eritt\u00e4in hyv\u00e4maineisia myyji\u00e4, jotka tarjoavat jatkuvasti laboratoriotestattuja tuotteita, turvallisia maksuvaihtoehtoja ja ammattimaisia, huomaamattomia kuljetuspalveluja. Suosittelemme vahvasti, ett\u00e4 k\u00e4yt\u00e4t PCP:t\u00e4 vastuullisesti ja tiukasti kaikkien sovellettavien paikallisten ja kansainv\u00e4listen lakien rajoissa. Kutsumme sinut hy\u00f6dynt\u00e4m\u00e4\u00e4n kilpailukykyisi\u00e4 hintoja, luotettavaa huomaamatonta toimitusta ja laajalti luotettavaa palvelua t\u00e4ysim\u00e4\u00e4r\u00e4isesti, jotta voit <b>ostaa fenosyklidiini (PCP) myyt\u00e4v\u00e4n\u00e4<\/b> itsevarmasti ja turvallisesti Chemsfinen kautta jo t\u00e4n\u00e4\u00e4n.<\/p>","protected":false},"excerpt":{"rendered":"<p><b>Buy Phencyclidine (PCP)<\/b> for sale, a compound also known as phenyl cyclohexyl piperidine. Originally developed for its anesthetic properties, it is now primarily available for advanced research into its dissociative effects. At Chemsfine, we provide high-purity Phencyclidine for legitimate scientific applications, ensuring quality and reliability for your studies. Order this top-quality research chemical today.<\/p>","protected":false},"featured_media":1963,"comment_status":"closed","ping_status":"closed","template":"","meta":{"_joinchat":[]},"product_brand":[],"product_cat":[432],"product_tag":[],"class_list":{"0":"post-1698","1":"product","2":"type-product","3":"status-publish","4":"has-post-thumbnail","6":"product_cat-dissociatives","8":"first","9":"instock","10":"shipping-taxable","11":"purchasable","12":"product-type-variable"},"yoast_head":"<!-- This site is optimized with the Yoast SEO plugin v27.2 - https:\/\/yoast.com\/product\/yoast-seo-wordpress\/ -->\n<title>Buy Phencyclidine (PCP) Online | Best Price &amp; Lab-Tested<\/title>\n<meta name=\"description\" content=\"Looking to buy Phencyclidine (PCP) online? We offer high-purity, lab-tested PCP for sale. Secure ordering, discreet worldwide shipping. Order today!\" \/>\n<meta name=\"robots\" content=\"index, follow, max-snippet:-1, max-image-preview:large, max-video-preview:-1\" \/>\n<link rel=\"canonical\" href=\"https:\/\/chemsfine.com\/fi\/tuote\/buy-phencyclidine-pcp-2\/\" \/>\n<meta property=\"og:locale\" content=\"fi_FI\" \/>\n<meta property=\"og:type\" content=\"article\" \/>\n<meta property=\"og:title\" content=\"Buy Phencyclidine (PCP) Online | Best Price &amp; Lab-Tested\" \/>\n<meta property=\"og:description\" content=\"Looking to buy Phencyclidine (PCP) online? We offer high-purity, lab-tested PCP for sale. Secure ordering, discreet worldwide shipping. Order today!\" \/>\n<meta property=\"og:url\" content=\"https:\/\/chemsfine.com\/fi\/tuote\/buy-phencyclidine-pcp-2\/\" \/>\n<meta property=\"og:site_name\" content=\"Chemsfine\" \/>\n<meta property=\"article:modified_time\" content=\"2026-03-25T15:18:06+00:00\" \/>\n<meta property=\"og:image\" content=\"https:\/\/chemsfine.com\/wp-content\/uploads\/2025\/06\/Phencyclidin-PCP.jpg\" \/>\n\t<meta property=\"og:image:width\" content=\"600\" \/>\n\t<meta property=\"og:image:height\" content=\"600\" \/>\n\t<meta property=\"og:image:type\" content=\"image\/jpeg\" \/>\n<meta name=\"twitter:card\" content=\"summary_large_image\" \/>\n<meta name=\"twitter:label1\" content=\"Arvioitu lukuaika\" \/>\n\t<meta name=\"twitter:data1\" content=\"3 minuuttia\" \/>\n<script type=\"application\/ld+json\" class=\"yoast-schema-graph\">{\"@context\":\"https:\/\/schema.org\",\"@graph\":[{\"@type\":\"WebPage\",\"@id\":\"https:\/\/chemsfine.com\/product\/buy-phencyclidine-pcp-2\/\",\"url\":\"https:\/\/chemsfine.com\/product\/buy-phencyclidine-pcp-2\/\",\"name\":\"Buy Phencyclidine (PCP) Online | Best Price & Lab-Tested\",\"isPartOf\":{\"@id\":\"https:\/\/chemsfine.com\/#website\"},\"primaryImageOfPage\":{\"@id\":\"https:\/\/chemsfine.com\/product\/buy-phencyclidine-pcp-2\/#primaryimage\"},\"image\":{\"@id\":\"https:\/\/chemsfine.com\/product\/buy-phencyclidine-pcp-2\/#primaryimage\"},\"thumbnailUrl\":\"https:\/\/chemsfine.com\/wp-content\/uploads\/2025\/06\/Phencyclidin-PCP.jpg\",\"datePublished\":\"2025-06-17T09:36:31+00:00\",\"dateModified\":\"2026-03-25T15:18:06+00:00\",\"description\":\"Looking to buy Phencyclidine (PCP) online? We offer high-purity, lab-tested PCP for sale. Secure ordering, discreet worldwide shipping. Order today!\",\"breadcrumb\":{\"@id\":\"https:\/\/chemsfine.com\/product\/buy-phencyclidine-pcp-2\/#breadcrumb\"},\"inLanguage\":\"fi\",\"potentialAction\":[{\"@type\":\"ReadAction\",\"target\":[\"https:\/\/chemsfine.com\/product\/buy-phencyclidine-pcp-2\/\"]}]},{\"@type\":\"ImageObject\",\"inLanguage\":\"fi\",\"@id\":\"https:\/\/chemsfine.com\/product\/buy-phencyclidine-pcp-2\/#primaryimage\",\"url\":\"https:\/\/chemsfine.com\/wp-content\/uploads\/2025\/06\/Phencyclidin-PCP.jpg\",\"contentUrl\":\"https:\/\/chemsfine.com\/wp-content\/uploads\/2025\/06\/Phencyclidin-PCP.jpg\",\"width\":600,\"height\":600,\"caption\":\"Phencyclidin-(PCP)\"},{\"@type\":\"BreadcrumbList\",\"@id\":\"https:\/\/chemsfine.com\/product\/buy-phencyclidine-pcp-2\/#breadcrumb\",\"itemListElement\":[{\"@type\":\"ListItem\",\"position\":1,\"name\":\"Home\",\"item\":\"https:\/\/chemsfine.com\/\"},{\"@type\":\"ListItem\",\"position\":2,\"name\":\"Shop\",\"item\":\"https:\/\/chemsfine.com\/shop\/\"},{\"@type\":\"ListItem\",\"position\":3,\"name\":\"Buy Phencyclidine (PCP) Online | High-Purity Grade\"}]},{\"@type\":\"WebSite\",\"@id\":\"https:\/\/chemsfine.com\/#website\",\"url\":\"https:\/\/chemsfine.com\/\",\"name\":\"Chemsfine\",\"description\":\"My WordPress Blog\",\"publisher\":{\"@id\":\"https:\/\/chemsfine.com\/#organization\"},\"potentialAction\":[{\"@type\":\"SearchAction\",\"target\":{\"@type\":\"EntryPoint\",\"urlTemplate\":\"https:\/\/chemsfine.com\/?s={search_term_string}\"},\"query-input\":{\"@type\":\"PropertyValueSpecification\",\"valueRequired\":true,\"valueName\":\"search_term_string\"}}],\"inLanguage\":\"fi\"},{\"@type\":\"Organization\",\"@id\":\"https:\/\/chemsfine.com\/#organization\",\"name\":\"Chemsfine\",\"url\":\"https:\/\/chemsfine.com\/\",\"logo\":{\"@type\":\"ImageObject\",\"inLanguage\":\"fi\",\"@id\":\"https:\/\/chemsfine.com\/#\/schema\/logo\/image\/\",\"url\":\"https:\/\/chemsfine.com\/wp-content\/uploads\/2024\/09\/final-logo.png\",\"contentUrl\":\"https:\/\/chemsfine.com\/wp-content\/uploads\/2024\/09\/final-logo.png\",\"width\":340,\"height\":72,\"caption\":\"Chemsfine\"},\"image\":{\"@id\":\"https:\/\/chemsfine.com\/#\/schema\/logo\/image\/\"}}]}<\/script>\n<!-- \/ Yoast SEO plugin. -->","yoast_head_json":{"title":"Osta fenosyklidiini (PCP) verkossa | Paras hinta &amp; laboratoriotestattu","description":"Haluatko ostaa fenosyklidiini\u00e4 (PCP) verkossa? Tarjoamme myyntiin eritt\u00e4in puhdasta, laboratoriossa testattua PCP:t\u00e4. Turvallinen tilaaminen, huomaamaton maailmanlaajuinen toimitus. Tilaa jo t\u00e4n\u00e4\u00e4n!","robots":{"index":"index","follow":"follow","max-snippet":"max-snippet:-1","max-image-preview":"max-image-preview:large","max-video-preview":"max-video-preview:-1"},"canonical":"https:\/\/chemsfine.com\/fi\/tuote\/buy-phencyclidine-pcp-2\/","og_locale":"fi_FI","og_type":"article","og_title":"Buy Phencyclidine (PCP) Online | Best Price & Lab-Tested","og_description":"Looking to buy Phencyclidine (PCP) online? We offer high-purity, lab-tested PCP for sale. Secure ordering, discreet worldwide shipping. Order today!","og_url":"https:\/\/chemsfine.com\/fi\/tuote\/buy-phencyclidine-pcp-2\/","og_site_name":"Chemsfine","article_modified_time":"2026-03-25T15:18:06+00:00","og_image":[{"width":600,"height":600,"url":"https:\/\/chemsfine.com\/wp-content\/uploads\/2025\/06\/Phencyclidin-PCP.jpg","type":"image\/jpeg"}],"twitter_card":"summary_large_image","twitter_misc":{"Arvioitu lukuaika":"3 minuuttia"},"schema":{"@context":"https:\/\/schema.org","@graph":[{"@type":"WebPage","@id":"https:\/\/chemsfine.com\/product\/buy-phencyclidine-pcp-2\/","url":"https:\/\/chemsfine.com\/product\/buy-phencyclidine-pcp-2\/","name":"Osta fenosyklidiini (PCP) verkossa | Paras hinta &amp; laboratoriotestattu","isPartOf":{"@id":"https:\/\/chemsfine.com\/#website"},"primaryImageOfPage":{"@id":"https:\/\/chemsfine.com\/product\/buy-phencyclidine-pcp-2\/#primaryimage"},"image":{"@id":"https:\/\/chemsfine.com\/product\/buy-phencyclidine-pcp-2\/#primaryimage"},"thumbnailUrl":"https:\/\/chemsfine.com\/wp-content\/uploads\/2025\/06\/Phencyclidin-PCP.jpg","datePublished":"2025-06-17T09:36:31+00:00","dateModified":"2026-03-25T15:18:06+00:00","description":"Haluatko ostaa fenosyklidiini\u00e4 (PCP) verkossa? Tarjoamme myyntiin eritt\u00e4in puhdasta, laboratoriossa testattua PCP:t\u00e4. Turvallinen tilaaminen, huomaamaton maailmanlaajuinen toimitus. Tilaa jo t\u00e4n\u00e4\u00e4n!","breadcrumb":{"@id":"https:\/\/chemsfine.com\/product\/buy-phencyclidine-pcp-2\/#breadcrumb"},"inLanguage":"fi","potentialAction":[{"@type":"ReadAction","target":["https:\/\/chemsfine.com\/product\/buy-phencyclidine-pcp-2\/"]}]},{"@type":"ImageObject","inLanguage":"fi","@id":"https:\/\/chemsfine.com\/product\/buy-phencyclidine-pcp-2\/#primaryimage","url":"https:\/\/chemsfine.com\/wp-content\/uploads\/2025\/06\/Phencyclidin-PCP.jpg","contentUrl":"https:\/\/chemsfine.com\/wp-content\/uploads\/2025\/06\/Phencyclidin-PCP.jpg","width":600,"height":600,"caption":"Phencyclidin-(PCP)"},{"@type":"BreadcrumbList","@id":"https:\/\/chemsfine.com\/product\/buy-phencyclidine-pcp-2\/#breadcrumb","itemListElement":[{"@type":"ListItem","position":1,"name":"Home","item":"https:\/\/chemsfine.com\/"},{"@type":"ListItem","position":2,"name":"Shop","item":"https:\/\/chemsfine.com\/shop\/"},{"@type":"ListItem","position":3,"name":"Buy Phencyclidine (PCP) Online | High-Purity Grade"}]},{"@type":"WebSite","@id":"https:\/\/chemsfine.com\/#website","url":"https:\/\/chemsfine.com\/","name":"Chemsfine","description":"Minun WordPress blogi","publisher":{"@id":"https:\/\/chemsfine.com\/#organization"},"potentialAction":[{"@type":"SearchAction","target":{"@type":"EntryPoint","urlTemplate":"https:\/\/chemsfine.com\/?s={search_term_string}"},"query-input":{"@type":"PropertyValueSpecification","valueRequired":true,"valueName":"search_term_string"}}],"inLanguage":"fi"},{"@type":"Organization","@id":"https:\/\/chemsfine.com\/#organization","name":"Chemsfine","url":"https:\/\/chemsfine.com\/","logo":{"@type":"ImageObject","inLanguage":"fi","@id":"https:\/\/chemsfine.com\/#\/schema\/logo\/image\/","url":"https:\/\/chemsfine.com\/wp-content\/uploads\/2024\/09\/final-logo.png","contentUrl":"https:\/\/chemsfine.com\/wp-content\/uploads\/2024\/09\/final-logo.png","width":340,"height":72,"caption":"Chemsfine"},"image":{"@id":"https:\/\/chemsfine.com\/#\/schema\/logo\/image\/"}}]}},"_links":{"self":[{"href":"https:\/\/chemsfine.com\/fi\/wp-json\/wp\/v2\/product\/1698","targetHints":{"allow":["GET"]}}],"collection":[{"href":"https:\/\/chemsfine.com\/fi\/wp-json\/wp\/v2\/product"}],"about":[{"href":"https:\/\/chemsfine.com\/fi\/wp-json\/wp\/v2\/types\/product"}],"replies":[{"embeddable":true,"href":"https:\/\/chemsfine.com\/fi\/wp-json\/wp\/v2\/comments?post=1698"}],"wp:featuredmedia":[{"embeddable":true,"href":"https:\/\/chemsfine.com\/fi\/wp-json\/wp\/v2\/media\/1963"}],"wp:attachment":[{"href":"https:\/\/chemsfine.com\/fi\/wp-json\/wp\/v2\/media?parent=1698"}],"wp:term":[{"taxonomy":"product_brand","embeddable":true,"href":"https:\/\/chemsfine.com\/fi\/wp-json\/wp\/v2\/product_brand?post=1698"},{"taxonomy":"product_cat","embeddable":true,"href":"https:\/\/chemsfine.com\/fi\/wp-json\/wp\/v2\/product_cat?post=1698"},{"taxonomy":"product_tag","embeddable":true,"href":"https:\/\/chemsfine.com\/fi\/wp-json\/wp\/v2\/product_tag?post=1698"}],"curies":[{"name":"wp","href":"https:\/\/api.w.org\/{rel}","templated":true}]}}