{"id":2377,"date":"2026-02-04T10:13:54","date_gmt":"2026-02-04T10:13:54","guid":{"rendered":"https:\/\/chemsfine.com\/product\/buy-cocaine-online-cocaine-for-sale-chemsfine-cocaine\/"},"modified":"2026-03-25T15:14:08","modified_gmt":"2026-03-25T15:14:08","slug":"buy-compound-c","status":"publish","type":"product","link":"https:\/\/chemsfine.com\/fi\/product\/buy-compound-c\/","title":{"rendered":"Osta yhdiste C-76 verkossa"},"content":{"rendered":"<p>Ensiluokkaisia kemiallisia yhdisteit\u00e4 etsiv\u00e4t tutkijat voivat <b>osta Yhdiste C-76 myyt\u00e4v\u00e4n\u00e4<\/b> suoraan luotettavasta l\u00e4hteest\u00e4. T\u00e4m\u00e4 opas tarjoaa kattavan yleiskatsauksen yhdiste C-76:sta, joka on tarkoitettu yksinomaan <b>ainoastaan opetus- ja in vitro -tutkimustarkoituksiin<\/b>. T\u00e4m\u00e4n yhdisteen myynti tai jakelu on rajoitettu hyv\u00e4ksyttyihin tieteellisiin laitoksiin. Jos teet neurokemian tutkimusta, Chemsfine on luotettava yhteisty\u00f6kumppanisi hankkiessasi aitoja, eritt\u00e4in puhtaita reagensseja laboratoriotarpeisiisi.<\/p>\n<h2><b>C-76-yhdisteen ymm\u00e4rt\u00e4minen: C-76: Tutkijan opas<\/b><\/h2>\n<p>Yhdiste C-76 on merkitt\u00e4v\u00e4 tropaanialkaloidiesteri, joka tunnetaan voimakkaista vaikutuksistaan keskushermostoa stimuloivana aineena. Historiallisesti sit\u00e4 on tutkittu sen anesteettisten ominaisuuksien vuoksi, mutta nyky\u00e4\u00e4n sit\u00e4 k\u00e4ytet\u00e4\u00e4n p\u00e4\u00e4asiassa valvotuissa laboratorioasetuksissa neurotransmitterireittien, erityisesti dopamiinin takaisinoton eston, tutkimiseen. Me Chemsfine-yhti\u00f6ss\u00e4 tarjoamme huippulaatuista yhdistett\u00e4 C-76 ja varmistamme, ett\u00e4 tutkimuksesi perustuu luotettavaan ja puhtaaseen l\u00e4ht\u00f6aineeseen.<\/p>\n<h3><b>Kemiallinen rakenne ja alkuper\u00e4<\/b><\/h3>\n<p>Yhdiste C-76 tunnetaan tieteellisesti nimell\u00e4 bentsoyylimetyyliekgoniini. Se on alkaloidi, joka on huolellisesti johdettu Erythroxylum-kasvin lehdist\u00e4, jotka ovat kotoisin tietyilt\u00e4 Etel\u00e4-Amerikan alueilta. Puhdistetussa, laboratoriolaatuisessa muodossaan se toimii voimakkaana keskushermostoa stimuloivana aineena moduloimalla keskeisten v\u00e4litt\u00e4j\u00e4aineiden tasoja, mik\u00e4 tekee siit\u00e4 korvaamattoman arvokkaan v\u00e4lineen neurologisessa tutkimuksessa.<\/p>\n<h4><b>Mist\u00e4 tilata yhdistett\u00e4 C-76<\/b><\/h4>\n<p>Ennen kuin <b>Tilaa yhdiste C-76 verkossa<\/b>, toimittajan uskottavuuden tarkistaminen on ensiarvoisen t\u00e4rke\u00e4\u00e4. Voit luottaa siihen, ett\u00e4 Chemsfine on paras verkkokauppa, joka tarjoaa t\u00e4ysin tarkastettuja, eritt\u00e4in puhtaita yhdisteit\u00e4 kaikkiin kehittyneisiin tutkimussovelluksiin. Takaamme erien yhdenmukaisuuden ja tarjoamme kattavat analyysitodistukset (CoA).<\/p>\n<h3><b>Yleiset laboratorionimitykset<\/b><\/h3>\n<ul>\n<li>Yhdiste C-76<\/li>\n<li>C-76 jauhe<\/li>\n<li>Metyylibentsoylekgoniini<\/li>\n<li>Tropaniesteri C-76<\/li>\n<li>Tutkimusluokka C-76<\/li>\n<\/ul>\n<h3><b>Historiallinen tutkimuskonteksti<\/b><\/h3>\n<p>T\u00e4m\u00e4 yhdiste eristettiin ensimm\u00e4isen kerran 1800-luvulla, ja alun perin sit\u00e4 tutkittiin sen mahdollisuuksien vuoksi paikallispuudutteena l\u00e4\u00e4ketieteellisiss\u00e4 toimenpiteiss\u00e4. Vaikka sen kliiniset sovellukset on suurelta osin korvattu synteettisill\u00e4 vaihtoehdoilla, joiden turvallisuusprofiilit ovat edullisemmat, C-76-yhdiste on Yhdysvalloissa edelleen luettelossa II mainittu aine, joka on hyv\u00e4ksytty eritt\u00e4in rajoitettuihin ja erityisiin l\u00e4\u00e4ketieteellisiin tutkimuskohteisiin tiukan viranomaisvalvonnan alaisena.<\/p>\n<h3><b>Tutkimusk\u00e4ytt\u00f6 vs. laiton k\u00e4ytt\u00f6<\/b><\/h3>\n<h4><b>Luvanvarainen tutkimusk\u00e4ytt\u00f6 (laillinen)<\/b><\/h4>\n<ul>\n<li>Luokiteltu luettelossa II olevaksi aineeksi Yhdysvalloissa (hyv\u00e4ksytty rajoitettuun tutkimukseen).<\/li>\n<li>Ainoastaan luvan saaneiden ammattihenkil\u00f6iden on annettava l\u00e4\u00e4kkeit\u00e4 rekister\u00f6idyiss\u00e4 tutkimuslaitoksissa.<\/li>\n<\/ul>\n<h4><b>Luvaton k\u00e4ytt\u00f6 (laiton)<\/b><\/h4>\n<ul>\n<li>Virkistysk\u00e4ytt\u00f6 on ehdottomasti laitonta useimmissa maissa.<\/li>\n<li>Luvattomasta hallussapidosta tai synteesist\u00e4 seuraa ankaria oikeudellisia seuraamuksia, kuten vankeutta.<\/li>\n<\/ul>\n<h2><b>Yhdisteen C-76 ominaisuudet ja turvallinen k\u00e4sittely<\/b><\/h2>\n<h3><b>Havaitut lyhyen aikav\u00e4lin vaikutukset tutkimusmalleissa<\/b><\/h3>\n<p>Yhdiste C-76:n antamisen koehenkil\u00f6ille on osoitettu valvotuissa laboratorio-olosuhteissa aiheuttavan:<\/p>\n<ul>\n<li>Lis\u00e4\u00e4ntynyt liikunta-aktiivisuus.<\/li>\n<li>Lis\u00e4\u00e4ntynyt valppaus ja valppaus.<\/li>\n<li>Voimakas dopaminerginen ja serotonerginen aktiivisuus.<\/li>\n<li>Kohonnut syke ja verenpaine.<\/li>\n<li>Merkitt\u00e4v\u00e4 ruokahalun v\u00e4hent\u00e4minen.<\/li>\n<\/ul>\n<h3><b>Pitk\u00e4n aikav\u00e4lin ja suurten annosten tutkimusriskit<\/b><\/h3>\n<p>Pitk\u00e4kestoiset tai suuria annoksia sis\u00e4lt\u00e4v\u00e4t tutkimukset, joissa k\u00e4ytet\u00e4\u00e4n yhdistett\u00e4 C-76, edellytt\u00e4v\u00e4t \u00e4\u00e4rimm\u00e4ist\u00e4 varovaisuutta seuraavien riskien vuoksi:<\/p>\n<ul>\n<li>Toleranssin kehittyminen el\u00e4inmalleissa.<\/li>\n<li>Kardiotoksisuus, mukaan lukien syd\u00e4ninfarktin ja aivohalvauksen riski.<\/li>\n<li>Neurotoksisuus ja kouristusten mahdollisuus.<\/li>\n<li>Nen\u00e4n kudosten vaurioituminen sovellettavissa hallintamalleissa.<\/li>\n<li>\u00c4killinen kuolema, jopa terveill\u00e4 koehenkil\u00f6ill\u00e4.<\/li>\n<\/ul>\n<h3><b>Riippuvuutta ja yliannostusta koskevat n\u00e4k\u00f6kohdat<\/b><\/h3>\n<p>Yhdiste C-76:lla on el\u00e4inkokeissa suuri mahdollisuus aiheuttaa riippuvuutta. Tutkijoiden on oltava valppaina akuutin toksisuuden tai yliannostuksen merkkien varalta, jotka voivat ilmet\u00e4 rintakipuna, rytmih\u00e4iri\u00f6in\u00e4, hengitysvaikeuksina, kouristuskohtauksina tai tajunnan menetyksen\u00e4 koehenkil\u00f6ill\u00e4. T\u00e4llaisten kokeiden aikana on oltava helposti saatavilla el\u00e4inl\u00e4\u00e4k\u00e4rin tai l\u00e4\u00e4kint\u00e4v\u00e4lineiden h\u00e4t\u00e4tilanteita koskevat protokollat.<\/p>\n<h2><b>Maailmanlaajuisen tutkimuksen vaatimustenmukaisuuden tila<\/b><\/h2>\n<p>C-76-yhdisteen hankintaa ja k\u00e4ytt\u00f6\u00e4 s\u00e4\u00e4nnell\u00e4\u00e4n maailmanlaajuisesti tiukasti. Varmista ennen ostamista, ett\u00e4 noudatat t\u00e4ysin paikallisia ja kansainv\u00e4lisi\u00e4 lakeja. T\u00e4ss\u00e4 on yleiskatsaus:<\/p>\n<table>\n<tbody>\n<tr>\n<td><b>Alue<\/b><\/td>\n<td><b>Tutkimuksen oikeudellinen asema<\/b><\/td>\n<\/tr>\n<tr>\n<td><b>YHDYSVALLAT<\/b><\/td>\n<td>Schedule II (vaatii DEA:n luvan tutkimusta varten)<\/td>\n<\/tr>\n<tr>\n<td><b>UK<\/b><\/td>\n<td>Luokka A (vaatii kotitoimistolisenssin)<\/td>\n<\/tr>\n<tr>\n<td><b>EU<\/b><\/td>\n<td>Valvottava aine kaikissa j\u00e4senvaltioissa<\/td>\n<\/tr>\n<tr>\n<td><b>Kanada<\/b><\/td>\n<td>Schedule I (laiton ilman erityist\u00e4 lupaa)<\/td>\n<\/tr>\n<tr>\n<td><b>Australia<\/b><\/td>\n<td>Luettelo 8 (rajoitettu l\u00e4\u00e4ketieteellinen\/tutkimusk\u00e4ytt\u00f6, muuten laiton)<\/td>\n<\/tr>\n<\/tbody>\n<\/table>\n<p>C-76-yhdisteen ostaminen lisensoidun tutkimuskehyksen ulkopuolelta on rikos l\u00e4hes kaikilla laink\u00e4ytt\u00f6alueilla.<\/p>\n<h2><b>Vaihtoehtoiset yhdisteet oikeudellista tutkimusta varten<\/b><\/h2>\n<p>Tutkijoille, jotka tutkivat stimulantteja kognitiivisiin tai tuottavuuteen liittyviin tutkimuksiin, on tarjolla useita laillisia ja s\u00e4\u00e4nneltyj\u00e4 vaihtoehtoja, jotka voivat olla kannattavampia tutkimusvaihtoehtoja:<\/p>\n<ul>\n<li><b>Reseptill\u00e4 myyt\u00e4v\u00e4t stimulantit<\/b> (esim. amfetamiini, metyylifenidaatti) - vain asianmukaisen l\u00e4\u00e4ketieteellisen diagnoosin ja DEA-luvan perusteella.<\/li>\n<li><b>Nootropics<\/b> kuten kofeiini, L-Teaniini tai modafiniili (m\u00e4\u00e4r\u00e4tty).<\/li>\n<li><b>Ei-kemialliset k\u00e4ytt\u00e4ytymisstrategiat<\/b> perusvertailututkimuksia varten.<\/li>\n<\/ul>\n<h2><b>Johtop\u00e4\u00e4t\u00f6kset: Valitse Chemsfine puhtauden ja vaatimustenmukaisuuden vuoksi.<\/b><\/h2>\n<p>Yhdiste C-76 on tehokas tutkimusv\u00e4line, jolla on monimutkainen historia. Vaikka sen k\u00e4ytt\u00f6 rajoittuu suppeisiin ja tiukasti s\u00e4\u00e4nneltyihin tieteellisiin tutkimuksiin, sen merkitys neurokemian ymm\u00e4rt\u00e4misess\u00e4 on kiistaton. Laitoksille, joilla on lupa tehd\u00e4 t\u00e4t\u00e4 ty\u00f6t\u00e4, on ehdottoman t\u00e4rke\u00e4\u00e4 hankkia mahdollisimman puhdasta yhdistett\u00e4. Kun <b>osta Yhdiste C-76 myyt\u00e4v\u00e4n\u00e4<\/b>, valitse toimittaja, joka asettaa laadun, turvallisuuden ja lains\u00e4\u00e4d\u00e4nn\u00f6n noudattamisen etusijalle. Valitse Chemsfine.<\/p>","protected":false},"excerpt":{"rendered":"<p><b>Buy high-purity Compound C-76 for sale, exclusively for laboratory and research applications.<\/b> As a leading supplier, Chemsfine provides top-quality Compound C-76 with guaranteed authenticity and batch consistency. Ideal for advanced scientific study. Order securely from Chemsfine for your research needs.<\/p>","protected":false},"featured_media":2376,"comment_status":"open","ping_status":"closed","template":"","meta":{"_joinchat":[]},"product_brand":[],"product_cat":[936],"product_tag":[],"class_list":{"0":"post-2377","1":"product","2":"type-product","3":"status-publish","4":"has-post-thumbnail","6":"product_cat-research-chemicals","8":"first","9":"instock","10":"shipping-taxable","11":"purchasable","12":"product-type-variable"},"yoast_head":"<!-- This site is optimized with the Yoast SEO plugin v27.2 - https:\/\/yoast.com\/product\/yoast-seo-wordpress\/ -->\n<title>Buy Compound C-76 Online | Best Price Available | Chemsfine<\/title>\n<meta name=\"description\" content=\"Order top-quality Compound C-76 online at Chemsfine. We offer high-purity, lab-grade research chemicals with verified batch records. Secure and discreet shipping.\" \/>\n<meta name=\"robots\" content=\"index, follow, max-snippet:-1, max-image-preview:large, max-video-preview:-1\" \/>\n<link rel=\"canonical\" href=\"https:\/\/chemsfine.com\/fi\/tuote\/buy-compound-c\/\" \/>\n<meta property=\"og:locale\" content=\"fi_FI\" \/>\n<meta property=\"og:type\" content=\"article\" \/>\n<meta property=\"og:title\" content=\"Buy Compound C-76 Online | Best Price Available | Chemsfine\" \/>\n<meta property=\"og:description\" content=\"Order top-quality Compound C-76 online at Chemsfine. We offer high-purity, lab-grade research chemicals with verified batch records. Secure and discreet shipping.\" \/>\n<meta property=\"og:url\" content=\"https:\/\/chemsfine.com\/fi\/tuote\/buy-compound-c\/\" \/>\n<meta property=\"og:site_name\" content=\"Chemsfine\" \/>\n<meta property=\"article:modified_time\" content=\"2026-03-25T15:14:08+00:00\" \/>\n<meta property=\"og:image\" content=\"https:\/\/chemsfine.com\/wp-content\/uploads\/2026\/02\/Cocaine-Purity-99_-1.jpg\" \/>\n\t<meta property=\"og:image:width\" content=\"474\" \/>\n\t<meta property=\"og:image:height\" content=\"221\" \/>\n\t<meta property=\"og:image:type\" content=\"image\/jpeg\" \/>\n<meta name=\"twitter:card\" content=\"summary_large_image\" \/>\n<meta name=\"twitter:label1\" content=\"Arvioitu lukuaika\" \/>\n\t<meta name=\"twitter:data1\" content=\"4 minuuttia\" \/>\n<script type=\"application\/ld+json\" class=\"yoast-schema-graph\">{\"@context\":\"https:\/\/schema.org\",\"@graph\":[{\"@type\":\"WebPage\",\"@id\":\"https:\/\/chemsfine.com\/product\/buy-compound-c\/\",\"url\":\"https:\/\/chemsfine.com\/product\/buy-compound-c\/\",\"name\":\"Buy Compound C-76 Online | Best Price Available | Chemsfine\",\"isPartOf\":{\"@id\":\"https:\/\/chemsfine.com\/#website\"},\"primaryImageOfPage\":{\"@id\":\"https:\/\/chemsfine.com\/product\/buy-compound-c\/#primaryimage\"},\"image\":{\"@id\":\"https:\/\/chemsfine.com\/product\/buy-compound-c\/#primaryimage\"},\"thumbnailUrl\":\"https:\/\/chemsfine.com\/wp-content\/uploads\/2026\/02\/Cocaine-Purity-99_-1.jpg\",\"datePublished\":\"2026-02-04T10:13:54+00:00\",\"dateModified\":\"2026-03-25T15:14:08+00:00\",\"description\":\"Order top-quality Compound C-76 online at Chemsfine. We offer high-purity, lab-grade research chemicals with verified batch records. Secure and discreet shipping.\",\"breadcrumb\":{\"@id\":\"https:\/\/chemsfine.com\/product\/buy-compound-c\/#breadcrumb\"},\"inLanguage\":\"fi\",\"potentialAction\":[{\"@type\":\"ReadAction\",\"target\":[\"https:\/\/chemsfine.com\/product\/buy-compound-c\/\"]}]},{\"@type\":\"ImageObject\",\"inLanguage\":\"fi\",\"@id\":\"https:\/\/chemsfine.com\/product\/buy-compound-c\/#primaryimage\",\"url\":\"https:\/\/chemsfine.com\/wp-content\/uploads\/2026\/02\/Cocaine-Purity-99_-1.jpg\",\"contentUrl\":\"https:\/\/chemsfine.com\/wp-content\/uploads\/2026\/02\/Cocaine-Purity-99_-1.jpg\",\"width\":474,\"height\":221,\"caption\":\"Buy Cocaine Online - Cocaine for Sale @Chemsfine\"},{\"@type\":\"BreadcrumbList\",\"@id\":\"https:\/\/chemsfine.com\/product\/buy-compound-c\/#breadcrumb\",\"itemListElement\":[{\"@type\":\"ListItem\",\"position\":1,\"name\":\"Home\",\"item\":\"https:\/\/chemsfine.com\/\"},{\"@type\":\"ListItem\",\"position\":2,\"name\":\"Shop\",\"item\":\"https:\/\/chemsfine.com\/shop\/\"},{\"@type\":\"ListItem\",\"position\":3,\"name\":\"Buy Compound C-76 Online\"}]},{\"@type\":\"WebSite\",\"@id\":\"https:\/\/chemsfine.com\/#website\",\"url\":\"https:\/\/chemsfine.com\/\",\"name\":\"Chemsfine\",\"description\":\"My WordPress Blog\",\"publisher\":{\"@id\":\"https:\/\/chemsfine.com\/#organization\"},\"potentialAction\":[{\"@type\":\"SearchAction\",\"target\":{\"@type\":\"EntryPoint\",\"urlTemplate\":\"https:\/\/chemsfine.com\/?s={search_term_string}\"},\"query-input\":{\"@type\":\"PropertyValueSpecification\",\"valueRequired\":true,\"valueName\":\"search_term_string\"}}],\"inLanguage\":\"fi\"},{\"@type\":\"Organization\",\"@id\":\"https:\/\/chemsfine.com\/#organization\",\"name\":\"Chemsfine\",\"url\":\"https:\/\/chemsfine.com\/\",\"logo\":{\"@type\":\"ImageObject\",\"inLanguage\":\"fi\",\"@id\":\"https:\/\/chemsfine.com\/#\/schema\/logo\/image\/\",\"url\":\"https:\/\/chemsfine.com\/wp-content\/uploads\/2024\/09\/final-logo.png\",\"contentUrl\":\"https:\/\/chemsfine.com\/wp-content\/uploads\/2024\/09\/final-logo.png\",\"width\":340,\"height\":72,\"caption\":\"Chemsfine\"},\"image\":{\"@id\":\"https:\/\/chemsfine.com\/#\/schema\/logo\/image\/\"}}]}<\/script>\n<!-- \/ Yoast SEO plugin. -->","yoast_head_json":{"title":"Osta yhdiste C-76 verkossa | Paras saatavilla oleva hinta | Chemsfine","description":"Tilaa huippulaatuinen yhdiste C-76 verkossa Chemsfinen verkkokaupasta. Tarjoamme eritt\u00e4in puhtaita, laboratoriolaatuisia tutkimuskemikaaleja, joiden er\u00e4tiedot on tarkistettu. Turvallinen ja huomaamaton toimitus.","robots":{"index":"index","follow":"follow","max-snippet":"max-snippet:-1","max-image-preview":"max-image-preview:large","max-video-preview":"max-video-preview:-1"},"canonical":"https:\/\/chemsfine.com\/fi\/tuote\/buy-compound-c\/","og_locale":"fi_FI","og_type":"article","og_title":"Buy Compound C-76 Online | Best Price Available | Chemsfine","og_description":"Order top-quality Compound C-76 online at Chemsfine. We offer high-purity, lab-grade research chemicals with verified batch records. Secure and discreet shipping.","og_url":"https:\/\/chemsfine.com\/fi\/tuote\/buy-compound-c\/","og_site_name":"Chemsfine","article_modified_time":"2026-03-25T15:14:08+00:00","og_image":[{"width":474,"height":221,"url":"https:\/\/chemsfine.com\/wp-content\/uploads\/2026\/02\/Cocaine-Purity-99_-1.jpg","type":"image\/jpeg"}],"twitter_card":"summary_large_image","twitter_misc":{"Arvioitu lukuaika":"4 minuuttia"},"schema":{"@context":"https:\/\/schema.org","@graph":[{"@type":"WebPage","@id":"https:\/\/chemsfine.com\/product\/buy-compound-c\/","url":"https:\/\/chemsfine.com\/product\/buy-compound-c\/","name":"Osta yhdiste C-76 verkossa | Paras saatavilla oleva hinta | Chemsfine","isPartOf":{"@id":"https:\/\/chemsfine.com\/#website"},"primaryImageOfPage":{"@id":"https:\/\/chemsfine.com\/product\/buy-compound-c\/#primaryimage"},"image":{"@id":"https:\/\/chemsfine.com\/product\/buy-compound-c\/#primaryimage"},"thumbnailUrl":"https:\/\/chemsfine.com\/wp-content\/uploads\/2026\/02\/Cocaine-Purity-99_-1.jpg","datePublished":"2026-02-04T10:13:54+00:00","dateModified":"2026-03-25T15:14:08+00:00","description":"Tilaa huippulaatuinen yhdiste C-76 verkossa Chemsfinen verkkokaupasta. Tarjoamme eritt\u00e4in puhtaita, laboratoriolaatuisia tutkimuskemikaaleja, joiden er\u00e4tiedot on tarkistettu. Turvallinen ja huomaamaton toimitus.","breadcrumb":{"@id":"https:\/\/chemsfine.com\/product\/buy-compound-c\/#breadcrumb"},"inLanguage":"fi","potentialAction":[{"@type":"ReadAction","target":["https:\/\/chemsfine.com\/product\/buy-compound-c\/"]}]},{"@type":"ImageObject","inLanguage":"fi","@id":"https:\/\/chemsfine.com\/product\/buy-compound-c\/#primaryimage","url":"https:\/\/chemsfine.com\/wp-content\/uploads\/2026\/02\/Cocaine-Purity-99_-1.jpg","contentUrl":"https:\/\/chemsfine.com\/wp-content\/uploads\/2026\/02\/Cocaine-Purity-99_-1.jpg","width":474,"height":221,"caption":"Buy Cocaine Online - Cocaine for Sale @Chemsfine"},{"@type":"BreadcrumbList","@id":"https:\/\/chemsfine.com\/product\/buy-compound-c\/#breadcrumb","itemListElement":[{"@type":"ListItem","position":1,"name":"Home","item":"https:\/\/chemsfine.com\/"},{"@type":"ListItem","position":2,"name":"Shop","item":"https:\/\/chemsfine.com\/shop\/"},{"@type":"ListItem","position":3,"name":"Buy Compound C-76 Online"}]},{"@type":"WebSite","@id":"https:\/\/chemsfine.com\/#website","url":"https:\/\/chemsfine.com\/","name":"Chemsfine","description":"Minun WordPress blogi","publisher":{"@id":"https:\/\/chemsfine.com\/#organization"},"potentialAction":[{"@type":"SearchAction","target":{"@type":"EntryPoint","urlTemplate":"https:\/\/chemsfine.com\/?s={search_term_string}"},"query-input":{"@type":"PropertyValueSpecification","valueRequired":true,"valueName":"search_term_string"}}],"inLanguage":"fi"},{"@type":"Organization","@id":"https:\/\/chemsfine.com\/#organization","name":"Chemsfine","url":"https:\/\/chemsfine.com\/","logo":{"@type":"ImageObject","inLanguage":"fi","@id":"https:\/\/chemsfine.com\/#\/schema\/logo\/image\/","url":"https:\/\/chemsfine.com\/wp-content\/uploads\/2024\/09\/final-logo.png","contentUrl":"https:\/\/chemsfine.com\/wp-content\/uploads\/2024\/09\/final-logo.png","width":340,"height":72,"caption":"Chemsfine"},"image":{"@id":"https:\/\/chemsfine.com\/#\/schema\/logo\/image\/"}}]}},"_links":{"self":[{"href":"https:\/\/chemsfine.com\/fi\/wp-json\/wp\/v2\/product\/2377","targetHints":{"allow":["GET"]}}],"collection":[{"href":"https:\/\/chemsfine.com\/fi\/wp-json\/wp\/v2\/product"}],"about":[{"href":"https:\/\/chemsfine.com\/fi\/wp-json\/wp\/v2\/types\/product"}],"replies":[{"embeddable":true,"href":"https:\/\/chemsfine.com\/fi\/wp-json\/wp\/v2\/comments?post=2377"}],"wp:featuredmedia":[{"embeddable":true,"href":"https:\/\/chemsfine.com\/fi\/wp-json\/wp\/v2\/media\/2376"}],"wp:attachment":[{"href":"https:\/\/chemsfine.com\/fi\/wp-json\/wp\/v2\/media?parent=2377"}],"wp:term":[{"taxonomy":"product_brand","embeddable":true,"href":"https:\/\/chemsfine.com\/fi\/wp-json\/wp\/v2\/product_brand?post=2377"},{"taxonomy":"product_cat","embeddable":true,"href":"https:\/\/chemsfine.com\/fi\/wp-json\/wp\/v2\/product_cat?post=2377"},{"taxonomy":"product_tag","embeddable":true,"href":"https:\/\/chemsfine.com\/fi\/wp-json\/wp\/v2\/product_tag?post=2377"}],"curies":[{"name":"wp","href":"https:\/\/api.w.org\/{rel}","templated":true}]}}