{"id":2387,"date":"2026-02-04T10:14:08","date_gmt":"2026-02-04T10:14:08","guid":{"rendered":"https:\/\/chemsfine.com\/product\/buy-3-cmc-3-chloromethcathinone-online-3-cmc-for-sale-stimulants\/"},"modified":"2026-03-25T15:11:44","modified_gmt":"2026-03-25T15:11:44","slug":"buy-cmc-chloromethcathinone","status":"publish","type":"product","link":"https:\/\/chemsfine.com\/fi\/product\/buy-cmc-chloromethcathinone\/","title":{"rendered":"Osta 3-CMC (3-Chloromethcathinone) verkossa | Eritt\u00e4in puhdas stimulantti"},"content":{"rendered":"<h2><b>Tutustu huippulaatuiseen 3-CMC (3-kloorimetkatinoni) myyt\u00e4v\u00e4n\u00e4<\/b><\/h2>\n<h3><b>Johdanto<\/b><\/h3>\n<p><b>Osta 3-CMC verkossa (3-kloorimetokatinoni)<\/b>, on tuote, joka on saavuttanut merkitt\u00e4v\u00e4n aseman tutkimuskemikaalien markkinoilla ja jota Chemsfine tarjoaa sen stimuloivien ominaisuuksien ja ainutlaatuisten vaikutusten vuoksi. T\u00e4m\u00e4 tuotekuvaus tarjoaa olennaisia tietoja 3-CMC:st\u00e4mme, sen tutkimussovelluksista, mahdollisista riskeist\u00e4 ja oikeudellisesta asemasta turvallisen ostokokemuksen varmistamiseksi.<\/p>\n<h3><b>Mik\u00e4 on 3-CMC (3-kloorimetakatinoni)?<\/b><\/h3>\n<p>The <b>3-CMC Myyt\u00e4v\u00e4n\u00e4<\/b> Chemsfine on ensiluokkainen synteettinen katinoni, joka on kemiallisesti sukua metkatinonin ja katinonijohdannaisten kaltaisille aineille. Se toimii keskushermostoa stimuloivana aineena, jonka vaikutuksia verrataan usein muihin tutkimuskemikaaleihin ja stimulantteihin, mink\u00e4 vuoksi se on tieteellisesti eritt\u00e4in kiinnostava kohde.<\/p>\n<h3><b>Miksi kiinnostus 3-CMC:n ostamiseen verkosta kasvaa?<\/b><\/h3>\n<p>Kiinnostuksen kasvu t\u00e4t\u00e4 yhdistett\u00e4 kohtaan johtuu suurelta osin siit\u00e4, ett\u00e4 halutaan nootrooppisia l\u00e4\u00e4kkeit\u00e4 ja virkistysstimulantteja, jotka ovat helpommin saatavilla verkossa. Monet tutkijat ja k\u00e4ytt\u00e4j\u00e4t etsiv\u00e4t korkealaatuista 3-CMC: t\u00e4 sen v\u00e4itettyjen stimuloivien vaikutusten, huomaamattoman saatavuuden ja mahdollisten kustannushy\u00f6tyjen vuoksi, kun tilaat 3-CMC: t\u00e4 verkossa verrattuna offline-markkinoihin.<\/p>\n<h3><b>Tuotteen tekniset tiedot: 3-CMC (3-kloorimetokatinoni).<\/b><\/h3>\n<ul>\n<li style=\"font-weight: 400\"><b>Kemiallinen rakenne ja l\u00e4\u00e4ketieteellinen historia:<\/b> Meid\u00e4n 3-CMC:ss\u00e4mme on klooriatomi katinonimolekyylin kolmannessa asemassa, mik\u00e4 vaikuttaa sen tehoon ja farmakologiaan. Toisin kuin perinteisill\u00e4 stimulanteilla, sill\u00e4 on vain rajoitetusti tai ei lainkaan l\u00e4\u00e4ketieteellisi\u00e4 sovelluksia, ja sit\u00e4 myyd\u00e4\u00e4n yksinomaan tutkimuskemikaalina.<\/li>\n<li style=\"font-weight: 400\"><b>Yleisnimet:<\/b> T\u00e4m\u00e4 tuote tunnetaan nimell\u00e4 3-CMC tai 3-kloorimetokatinoni.<\/li>\n<li style=\"font-weight: 400\"><b>Laillinen ja laiton k\u00e4ytt\u00f6:<\/b> Vaikka 3-CMC on monissa maissa suurelta osin laitonta kulutusta, sit\u00e4 on edelleen saatavilla Chemsfinen kaltaisten toimittajien kautta laillisiin tutkimustarkoituksiin. Sill\u00e4 ei ole tunnustettuja l\u00e4\u00e4ketieteellisi\u00e4 k\u00e4ytt\u00f6tarkoituksia.<\/li>\n<\/ul>\n<h3><b>3-CMC:n (3-kloorimetakatinoni) vaikutukset ja tutkimussovellukset)<\/b><\/h3>\n<ul>\n<li style=\"font-weight: 400\"><b>L\u00e4\u00e4ketieteelliset korvausvaatimukset:<\/b> Huomaa, ett\u00e4 3-CMC:t\u00e4 sis\u00e4lt\u00e4vi\u00e4 l\u00e4\u00e4ketieteellisi\u00e4 hoitoja ei ole hyv\u00e4ksytty. T\u00e4m\u00e4 tuote ei ole tarkoitettu ihmisravinnoksi.<\/li>\n<li style=\"font-weight: 400\"><b>Virkistysk\u00e4ytt\u00f6\u00e4 ja nootrooppisia aineita koskevat v\u00e4itteet:<\/b> Muissa kuin kliinisiss\u00e4 tiloissa k\u00e4ytt\u00e4j\u00e4t raportoivat lis\u00e4\u00e4ntyneest\u00e4 energiasta, valppaudesta ja sosiaalisuudesta. Jotkut k\u00e4ytt\u00e4v\u00e4t sit\u00e4 my\u00f6s parempaan keskittymiseen tai mielialan kohottamiseen. N\u00e4m\u00e4 vaikutukset ovat puhtaasti anekdoottisia.<\/li>\n<li style=\"font-weight: 400\"><b>Riskit ja vasta-aiheet:<\/b> Tutkijoiden on oltava tietoisia mahdollisista syd\u00e4n- ja verisuonitautien, ahdistuksen, riippuvuuden ja psykologisten haittavaikutusten mahdollisuudesta, erityisesti v\u00e4\u00e4r\u00e4nlaisessa annostelussa.<\/li>\n<\/ul>\n<h3><b>Suositellut k\u00e4sittely- ja turvallisuusohjeet<\/b><\/h3>\n<ul>\n<li style=\"font-weight: 400\"><b>Tyypilliset vaihteluv\u00e4lit:<\/b> Annostelu vaihtelee suuresti, eik\u00e4 kliinisi\u00e4 ohjeita ole; anekdoottinen tutkimusk\u00e4ytt\u00f6 viittaa varovaisiin pieniin milligramma-annoksiin. Vastuullinen k\u00e4sittely on ensiarvoisen t\u00e4rke\u00e4\u00e4.<\/li>\n<li style=\"font-weight: 400\"><b>Yliannostuksen ja riippuvuuden riskit:<\/b> V\u00e4\u00e4rink\u00e4yt\u00f6n riskeihin kuuluvat yliannostus, riippuvuus ja vakavat sivuvaikutukset. T\u00e4m\u00e4 korostaa valvottujen tutkimusymp\u00e4rist\u00f6jen merkityst\u00e4.<\/li>\n<li style=\"font-weight: 400\"><b>Tarkkuus on kriittist\u00e4:<\/b> Tarkka mittaus ammattimaisella vaa'alla on v\u00e4ltt\u00e4m\u00e4t\u00f6nt\u00e4, jotta v\u00e4ltet\u00e4\u00e4n haitalliset yliannostukset, kun otetaan huomioon aidon 3-CMC:n teho.<\/li>\n<\/ul>\n<h3><b>Miksi ostaa 3-CMC (3-kloorimetkatinoni) Chemsfineilt\u00e4?<\/b><\/h3>\n<ul>\n<li style=\"font-weight: 400\"><b>Saavutettavuus ja harkintavalta:<\/b> Verkkokauppamme tarjoaa helpon ja yksityisen p\u00e4\u00e4syn tutkimuslaatuiseen 3-CMC:hen.<\/li>\n<li style=\"font-weight: 400\"><b>Kustannusvertailu:<\/b> Laadukkaan 3-CMC:n verkkohinnat alittavat yleens\u00e4 paikalliset tai kadunvarren l\u00e4hteet, mik\u00e4 tarjoaa tutkijoille erinomaista vastinetta.<\/li>\n<li style=\"font-weight: 400\"><b>Tuotevalikoima ja laadunvarmistus:<\/b> Chemsfine tarjoaa laboratoriossa testattuja jauheita, jotka takaavat, ett\u00e4 saat tuotteen, jonka johdonmukaisuus ja puhtaus on taattu.<\/li>\n<\/ul>\n<h3><b>Onko laillista tilata 3-CMC verkossa?<\/b><\/h3>\n<ul>\n<li style=\"font-weight: 400\"><b>Maailmanlaajuinen oikeudellinen asema:<\/b> Ostajaehdokkaiden on oltava tietoisia siit\u00e4, ett\u00e4 3-CMC:t\u00e4 valvotaan tai se on kielletty monissa maissa, kuten Yhdysvalloissa, Yhdistyneess\u00e4 kuningaskunnassa ja koko EU:ssa. On sinun vastuullasi tarkistaa paikalliset lait.<\/li>\n<li style=\"font-weight: 400\"><b>Reseptil\u00e4\u00e4kkeet vs. harmaat\/mustat markkinat:<\/b> Laillisia l\u00e4\u00e4kem\u00e4\u00e4r\u00e4yksi\u00e4 ei ole; 3-CMC:n myynti tapahtuu ainoastaan tutkimustarkoituksiin.<\/li>\n<li style=\"font-weight: 400\"><b>Seuraukset:<\/b> Laittomasta ostosta voi seurata oikeudellisia toimia, takavarikointi ja altistuminen v\u00e4\u00e4rennetyille tuotteille. Toimitamme tuotteita vastuullisesti, mutta s\u00e4\u00e4nt\u00f6jen noudattaminen on avainasemassa.<\/li>\n<\/ul>\n<h3><b>Oikean 3-CMC-tuotteen valitseminen Chemsfineill\u00e4<\/b><\/h3>\n<ul>\n<li style=\"font-weight: 400\"><b>Puhtaus, konsentraatio ja muotoilu:<\/b> Kehotamme sinua tarkistamaan kolmannen osapuolen laboratoriotulokset varmistaaksesi tuotteemme puhtauden ja johdonmukaisen pitoisuuden.<\/li>\n<li style=\"font-weight: 400\"><b>Jauhe vs. esiseos:<\/b> Jauhemuotomme mahdollistaa joustavan annostelun tutkimustottumuksiesi mukaan ja tarjoaa maksimaalisen hallinnan.<\/li>\n<li style=\"font-weight: 400\"><b>Laatuindikaattorit:<\/b> Luotettavana myyj\u00e4n\u00e4 Chemsfine tarjoaa l\u00e4pin\u00e4kyv\u00e4\u00e4 testausta, selkeit\u00e4 merkint\u00f6j\u00e4 ja positiivista asiakaspalautetta parhaasta saatavilla olevasta 3-CMC:st\u00e4.<\/li>\n<\/ul>\n<h3><b>Parhaat k\u00e4yt\u00e4nn\u00f6t 3-CMC:n ostamiseen verkosta<\/b><\/h3>\n<ul>\n<li style=\"font-weight: 400\"><b>Luotetut myyj\u00e4t:<\/b> Kun ostat Chemsfinen kautta, valitset hyv\u00e4maineisen myyj\u00e4n, jolla on turvallinen verkkosivusto, tarkistetut asiakasarviot ja selke\u00e4t toimitusk\u00e4yt\u00e4nn\u00f6t.<\/li>\n<li style=\"font-weight: 400\"><b>Maksu &amp; Toimitus:<\/b> Tuemme huomaamatonta toimitusta ja useita maksuvaihtoehtoja turvallisuutesi ja yksityisyytesi vuoksi.<\/li>\n<li style=\"font-weight: 400\"><b>Top Research Chemical Websites:<\/b> Osta 3-CMC:t\u00e4 vain laillista tieteellist\u00e4 tutkimusta varten ja varmista, ett\u00e4 noudatat kaikkia paikallisia lakeja.<\/li>\n<\/ul>\n<h3><b>P\u00e4\u00e4telm\u00e4<\/b><\/h3>\n<p>3-CMC: n (3-kloorimetkatinoni) ostaminen verkossa luotettavasta l\u00e4hteest\u00e4, kuten Chemsfine, edellytt\u00e4\u00e4 laillisuuden, puhtauden ja myyj\u00e4n luotettavuuden huolellista harkintaa. Aseta turvallisuus aina etusijalle tarkistamalla tuotteen laatu, ymm\u00e4rt\u00e4m\u00e4ll\u00e4 paikalliset m\u00e4\u00e4r\u00e4ykset ja harjoittamalla vastuullista k\u00e4sittely\u00e4.<\/p>\n<h3><b>Viimeiset vinkit turvalliseen, lailliseen ja tyydytt\u00e4v\u00e4\u00e4n ostokokemukseen:<\/b><\/h3>\n<ul>\n<li style=\"font-weight: 400\">K\u00e4yt\u00e4 tarkkuusvaakaa mitataksesi annokset tarkasti tutkimusta varten.<\/li>\n<li style=\"font-weight: 400\">Aloita pienill\u00e4 m\u00e4\u00e4rill\u00e4 tuotteen ominaisuuksien arvioimiseksi.<\/li>\n<li style=\"font-weight: 400\">V\u00e4lt\u00e4 yhdist\u00e4mist\u00e4 muiden stimulanttien tai aineiden kanssa kokeissasi.<\/li>\n<li style=\"font-weight: 400\">Pysy ajan tasalla laink\u00e4ytt\u00f6alueesi kehittyvist\u00e4 s\u00e4\u00e4d\u00f6ksist\u00e4 ennen tilausta.<\/li>\n<li style=\"font-weight: 400\">Ota yhteys terveydenhuollon ammattilaisiin, jos olet ep\u00e4varma t\u00e4m\u00e4n yhdisteen k\u00e4sittelyyn liittyvist\u00e4 terveysriskeist\u00e4.<\/li>\n<\/ul>","protected":false},"excerpt":{"rendered":"<p>Osta huippulaatuista 3-CMC:t\u00e4 (3-kloorimetkatinoni) tutkimustarpeisiisi Chemsfinen kautta. Meid\u00e4n 3-CMC on eritt\u00e4in puhdas synteettinen katinoni-stimulantti, joka on laboratoriossa testattu johdonmukaisuuden ja laadun varmistamiseksi. Saatavana turvallisesti ja huomaamattomasti ostettavaksi verkossa. Tarkoitettu vain tutkimustarkoituksiin.<\/p>","protected":false},"featured_media":2386,"comment_status":"open","ping_status":"closed","template":"","meta":{"_joinchat":[]},"product_brand":[],"product_cat":[951],"product_tag":[],"class_list":{"0":"post-2387","1":"product","2":"type-product","3":"status-publish","4":"has-post-thumbnail","6":"product_cat-stimulants","8":"first","9":"instock","10":"shipping-taxable","11":"purchasable","12":"product-type-variable"},"yoast_head":"<!-- This site is optimized with the Yoast SEO plugin v27.2 - https:\/\/yoast.com\/product\/yoast-seo-wordpress\/ -->\n<title>Buy 3-CMC Online | Best Price 3-Chloromethcathinone for Sale<\/title>\n<meta name=\"description\" content=\"Looking to buy 3-CMC online? Chemsfine offers high-purity 3-Chloromethcathinone for sale. Securely order lab-tested stimulants for your research needs.\" \/>\n<meta name=\"robots\" content=\"index, follow, max-snippet:-1, max-image-preview:large, max-video-preview:-1\" \/>\n<link rel=\"canonical\" href=\"https:\/\/chemsfine.com\/fi\/tuote\/buy-cmc-chloromethcathinone\/\" \/>\n<meta property=\"og:locale\" content=\"fi_FI\" \/>\n<meta property=\"og:type\" content=\"article\" \/>\n<meta property=\"og:title\" content=\"Buy 3-CMC Online | Best Price 3-Chloromethcathinone for Sale\" \/>\n<meta property=\"og:description\" content=\"Looking to buy 3-CMC online? Chemsfine offers high-purity 3-Chloromethcathinone for sale. Securely order lab-tested stimulants for your research needs.\" \/>\n<meta property=\"og:url\" content=\"https:\/\/chemsfine.com\/fi\/tuote\/buy-cmc-chloromethcathinone\/\" \/>\n<meta property=\"og:site_name\" content=\"Chemsfine\" \/>\n<meta property=\"article:modified_time\" content=\"2026-03-25T15:11:44+00:00\" \/>\n<meta property=\"og:image\" content=\"https:\/\/chemsfine.com\/wp-content\/uploads\/2026\/02\/3-CMC-Crystals1-2.jpg\" \/>\n\t<meta property=\"og:image:width\" content=\"987\" \/>\n\t<meta property=\"og:image:height\" content=\"943\" \/>\n\t<meta property=\"og:image:type\" content=\"image\/jpeg\" \/>\n<meta name=\"twitter:card\" content=\"summary_large_image\" \/>\n<meta name=\"twitter:label1\" content=\"Arvioitu lukuaika\" \/>\n\t<meta name=\"twitter:data1\" content=\"3 minuuttia\" \/>\n<script type=\"application\/ld+json\" class=\"yoast-schema-graph\">{\"@context\":\"https:\/\/schema.org\",\"@graph\":[{\"@type\":\"WebPage\",\"@id\":\"https:\/\/chemsfine.com\/product\/buy-cmc-chloromethcathinone\/\",\"url\":\"https:\/\/chemsfine.com\/product\/buy-cmc-chloromethcathinone\/\",\"name\":\"Buy 3-CMC Online | Best Price 3-Chloromethcathinone for Sale\",\"isPartOf\":{\"@id\":\"https:\/\/chemsfine.com\/#website\"},\"primaryImageOfPage\":{\"@id\":\"https:\/\/chemsfine.com\/product\/buy-cmc-chloromethcathinone\/#primaryimage\"},\"image\":{\"@id\":\"https:\/\/chemsfine.com\/product\/buy-cmc-chloromethcathinone\/#primaryimage\"},\"thumbnailUrl\":\"https:\/\/chemsfine.com\/wp-content\/uploads\/2026\/02\/3-CMC-Crystals1-2.jpg\",\"datePublished\":\"2026-02-04T10:14:08+00:00\",\"dateModified\":\"2026-03-25T15:11:44+00:00\",\"description\":\"Looking to buy 3-CMC online? Chemsfine offers high-purity 3-Chloromethcathinone for sale. Securely order lab-tested stimulants for your research needs.\",\"breadcrumb\":{\"@id\":\"https:\/\/chemsfine.com\/product\/buy-cmc-chloromethcathinone\/#breadcrumb\"},\"inLanguage\":\"fi\",\"potentialAction\":[{\"@type\":\"ReadAction\",\"target\":[\"https:\/\/chemsfine.com\/product\/buy-cmc-chloromethcathinone\/\"]}]},{\"@type\":\"ImageObject\",\"inLanguage\":\"fi\",\"@id\":\"https:\/\/chemsfine.com\/product\/buy-cmc-chloromethcathinone\/#primaryimage\",\"url\":\"https:\/\/chemsfine.com\/wp-content\/uploads\/2026\/02\/3-CMC-Crystals1-2.jpg\",\"contentUrl\":\"https:\/\/chemsfine.com\/wp-content\/uploads\/2026\/02\/3-CMC-Crystals1-2.jpg\",\"width\":987,\"height\":943,\"caption\":\"Buy 3-CMC (3-Chloromethcathinone) Online - 3-CMC for Sale\"},{\"@type\":\"BreadcrumbList\",\"@id\":\"https:\/\/chemsfine.com\/product\/buy-cmc-chloromethcathinone\/#breadcrumb\",\"itemListElement\":[{\"@type\":\"ListItem\",\"position\":1,\"name\":\"Home\",\"item\":\"https:\/\/chemsfine.com\/\"},{\"@type\":\"ListItem\",\"position\":2,\"name\":\"Shop\",\"item\":\"https:\/\/chemsfine.com\/shop\/\"},{\"@type\":\"ListItem\",\"position\":3,\"name\":\"Buy 3-CMC (3-Chloromethcathinone) Online | High-Purity Stimulant\"}]},{\"@type\":\"WebSite\",\"@id\":\"https:\/\/chemsfine.com\/#website\",\"url\":\"https:\/\/chemsfine.com\/\",\"name\":\"Chemsfine\",\"description\":\"My WordPress Blog\",\"publisher\":{\"@id\":\"https:\/\/chemsfine.com\/#organization\"},\"potentialAction\":[{\"@type\":\"SearchAction\",\"target\":{\"@type\":\"EntryPoint\",\"urlTemplate\":\"https:\/\/chemsfine.com\/?s={search_term_string}\"},\"query-input\":{\"@type\":\"PropertyValueSpecification\",\"valueRequired\":true,\"valueName\":\"search_term_string\"}}],\"inLanguage\":\"fi\"},{\"@type\":\"Organization\",\"@id\":\"https:\/\/chemsfine.com\/#organization\",\"name\":\"Chemsfine\",\"url\":\"https:\/\/chemsfine.com\/\",\"logo\":{\"@type\":\"ImageObject\",\"inLanguage\":\"fi\",\"@id\":\"https:\/\/chemsfine.com\/#\/schema\/logo\/image\/\",\"url\":\"https:\/\/chemsfine.com\/wp-content\/uploads\/2024\/09\/final-logo.png\",\"contentUrl\":\"https:\/\/chemsfine.com\/wp-content\/uploads\/2024\/09\/final-logo.png\",\"width\":340,\"height\":72,\"caption\":\"Chemsfine\"},\"image\":{\"@id\":\"https:\/\/chemsfine.com\/#\/schema\/logo\/image\/\"}}]}<\/script>\n<!-- \/ Yoast SEO plugin. -->","yoast_head_json":{"title":"Osta 3-CMC verkossa | Paras hinta 3-Chloromethcathinone myyt\u00e4v\u00e4n\u00e4","description":"Haluatko ostaa 3-CMC:t\u00e4 verkossa? Chemsfine tarjoaa myyntiin eritt\u00e4in puhdasta 3-kloorimetkatinonia. Tilaa turvallisesti laboratoriossa testattuja stimulantteja tutkimustarpeisiisi.","robots":{"index":"index","follow":"follow","max-snippet":"max-snippet:-1","max-image-preview":"max-image-preview:large","max-video-preview":"max-video-preview:-1"},"canonical":"https:\/\/chemsfine.com\/fi\/tuote\/buy-cmc-chloromethcathinone\/","og_locale":"fi_FI","og_type":"article","og_title":"Buy 3-CMC Online | Best Price 3-Chloromethcathinone for Sale","og_description":"Looking to buy 3-CMC online? Chemsfine offers high-purity 3-Chloromethcathinone for sale. Securely order lab-tested stimulants for your research needs.","og_url":"https:\/\/chemsfine.com\/fi\/tuote\/buy-cmc-chloromethcathinone\/","og_site_name":"Chemsfine","article_modified_time":"2026-03-25T15:11:44+00:00","og_image":[{"width":987,"height":943,"url":"https:\/\/chemsfine.com\/wp-content\/uploads\/2026\/02\/3-CMC-Crystals1-2.jpg","type":"image\/jpeg"}],"twitter_card":"summary_large_image","twitter_misc":{"Arvioitu lukuaika":"3 minuuttia"},"schema":{"@context":"https:\/\/schema.org","@graph":[{"@type":"WebPage","@id":"https:\/\/chemsfine.com\/product\/buy-cmc-chloromethcathinone\/","url":"https:\/\/chemsfine.com\/product\/buy-cmc-chloromethcathinone\/","name":"Osta 3-CMC verkossa | Paras hinta 3-Chloromethcathinone myyt\u00e4v\u00e4n\u00e4","isPartOf":{"@id":"https:\/\/chemsfine.com\/#website"},"primaryImageOfPage":{"@id":"https:\/\/chemsfine.com\/product\/buy-cmc-chloromethcathinone\/#primaryimage"},"image":{"@id":"https:\/\/chemsfine.com\/product\/buy-cmc-chloromethcathinone\/#primaryimage"},"thumbnailUrl":"https:\/\/chemsfine.com\/wp-content\/uploads\/2026\/02\/3-CMC-Crystals1-2.jpg","datePublished":"2026-02-04T10:14:08+00:00","dateModified":"2026-03-25T15:11:44+00:00","description":"Haluatko ostaa 3-CMC:t\u00e4 verkossa? Chemsfine tarjoaa myyntiin eritt\u00e4in puhdasta 3-kloorimetkatinonia. Tilaa turvallisesti laboratoriossa testattuja stimulantteja tutkimustarpeisiisi.","breadcrumb":{"@id":"https:\/\/chemsfine.com\/product\/buy-cmc-chloromethcathinone\/#breadcrumb"},"inLanguage":"fi","potentialAction":[{"@type":"ReadAction","target":["https:\/\/chemsfine.com\/product\/buy-cmc-chloromethcathinone\/"]}]},{"@type":"ImageObject","inLanguage":"fi","@id":"https:\/\/chemsfine.com\/product\/buy-cmc-chloromethcathinone\/#primaryimage","url":"https:\/\/chemsfine.com\/wp-content\/uploads\/2026\/02\/3-CMC-Crystals1-2.jpg","contentUrl":"https:\/\/chemsfine.com\/wp-content\/uploads\/2026\/02\/3-CMC-Crystals1-2.jpg","width":987,"height":943,"caption":"Buy 3-CMC (3-Chloromethcathinone) Online - 3-CMC for Sale"},{"@type":"BreadcrumbList","@id":"https:\/\/chemsfine.com\/product\/buy-cmc-chloromethcathinone\/#breadcrumb","itemListElement":[{"@type":"ListItem","position":1,"name":"Home","item":"https:\/\/chemsfine.com\/"},{"@type":"ListItem","position":2,"name":"Shop","item":"https:\/\/chemsfine.com\/shop\/"},{"@type":"ListItem","position":3,"name":"Buy 3-CMC (3-Chloromethcathinone) Online | High-Purity Stimulant"}]},{"@type":"WebSite","@id":"https:\/\/chemsfine.com\/#website","url":"https:\/\/chemsfine.com\/","name":"Chemsfine","description":"Minun WordPress blogi","publisher":{"@id":"https:\/\/chemsfine.com\/#organization"},"potentialAction":[{"@type":"SearchAction","target":{"@type":"EntryPoint","urlTemplate":"https:\/\/chemsfine.com\/?s={search_term_string}"},"query-input":{"@type":"PropertyValueSpecification","valueRequired":true,"valueName":"search_term_string"}}],"inLanguage":"fi"},{"@type":"Organization","@id":"https:\/\/chemsfine.com\/#organization","name":"Chemsfine","url":"https:\/\/chemsfine.com\/","logo":{"@type":"ImageObject","inLanguage":"fi","@id":"https:\/\/chemsfine.com\/#\/schema\/logo\/image\/","url":"https:\/\/chemsfine.com\/wp-content\/uploads\/2024\/09\/final-logo.png","contentUrl":"https:\/\/chemsfine.com\/wp-content\/uploads\/2024\/09\/final-logo.png","width":340,"height":72,"caption":"Chemsfine"},"image":{"@id":"https:\/\/chemsfine.com\/#\/schema\/logo\/image\/"}}]}},"_links":{"self":[{"href":"https:\/\/chemsfine.com\/fi\/wp-json\/wp\/v2\/product\/2387","targetHints":{"allow":["GET"]}}],"collection":[{"href":"https:\/\/chemsfine.com\/fi\/wp-json\/wp\/v2\/product"}],"about":[{"href":"https:\/\/chemsfine.com\/fi\/wp-json\/wp\/v2\/types\/product"}],"replies":[{"embeddable":true,"href":"https:\/\/chemsfine.com\/fi\/wp-json\/wp\/v2\/comments?post=2387"}],"wp:featuredmedia":[{"embeddable":true,"href":"https:\/\/chemsfine.com\/fi\/wp-json\/wp\/v2\/media\/2386"}],"wp:attachment":[{"href":"https:\/\/chemsfine.com\/fi\/wp-json\/wp\/v2\/media?parent=2387"}],"wp:term":[{"taxonomy":"product_brand","embeddable":true,"href":"https:\/\/chemsfine.com\/fi\/wp-json\/wp\/v2\/product_brand?post=2387"},{"taxonomy":"product_cat","embeddable":true,"href":"https:\/\/chemsfine.com\/fi\/wp-json\/wp\/v2\/product_cat?post=2387"},{"taxonomy":"product_tag","embeddable":true,"href":"https:\/\/chemsfine.com\/fi\/wp-json\/wp\/v2\/product_tag?post=2387"}],"curies":[{"name":"wp","href":"https:\/\/api.w.org\/{rel}","templated":true}]}}