{"id":2403,"date":"2026-02-04T10:16:00","date_gmt":"2026-02-04T10:16:00","guid":{"rendered":"https:\/\/chemsfine.com\/product\/buy-4f-bca-online-4f-bca-for-sale-cannabinoids\/"},"modified":"2026-03-25T15:05:09","modified_gmt":"2026-03-25T15:05:09","slug":"buy-4f-bca-stimulant","status":"publish","type":"product","link":"https:\/\/chemsfine.com\/fi\/product\/buy-4f-bca-stimulant\/","title":{"rendered":"Osta 4F-BCA verkossa | Korkeapuhdas tutkimus stimulantti"},"content":{"rendered":"<h2><b>Johdanto Premium 4F-BCA -tuotteeseemme<\/b><\/h2>\n<p>Tutkijoille, jotka etsiv\u00e4t luotettavaa ja tehokasta yhdistett\u00e4, tarjoamme huippuluokan <b>4F-BCA myyt\u00e4v\u00e4n\u00e4<\/b>. T\u00e4m\u00e4 <b>synteettinen stimulantti<\/b> on viime aikoina saanut merkitt\u00e4v\u00e4\u00e4 huomiota eri tieteellisill\u00e4 markkinoilla ainutlaatuisten ominaisuuksiensa ansiosta. Tunnetaan sen voimakkaasta <b>psykoaktiiviset ominaisuudet<\/b>, 4F-BCA on arvokas v\u00e4line, jolla voidaan <b>tutkimus<\/b> ja <b>tutkimus<\/b> uusien neurokemiallisten aineiden kehitt\u00e4minen. Kuten muitakin tutkimuskemikaaleja, sit\u00e4 on kuitenkin k\u00e4sitelt\u00e4v\u00e4 huolellisesti ja ammattitaitoisesti. Kun <b>ostaa 4F-BCA verkossa<\/b>, <b>turvallisuus<\/b> ja puhtauden pit\u00e4isi olla ykk\u00f6sprioriteettisi. Markkinat <b>tutkimuskemikaalit<\/b> on t\u00e4ynn\u00e4 sek\u00e4 laillisia ett\u00e4 ep\u00e4luotettavia myyji\u00e4, mink\u00e4 vuoksi Chemsfinen kaltaiselta luotettavalta toimittajalta hankkiminen on ensiarvoisen t\u00e4rke\u00e4\u00e4. Olemme sitoutuneet tarjoamaan vain korkealaatuisia yhdisteit\u00e4 laboratoriotarpeisiisi.<\/p>\n<p>T\u00e4m\u00e4 tuotekuvaus sis\u00e4lt\u00e4\u00e4 olennaiset tiedot <b>4F-BCA myyt\u00e4v\u00e4n\u00e4<\/b>, jossa kerrotaan, miksi tuotteemme on ylivertainen, miten <b>ostaa sen verkossa turvallisesti<\/b>, kriittinen <b>oikeudelliset n\u00e4k\u00f6kohdat<\/b>ja miten tunnistaa <b>luotettavat myyj\u00e4t<\/b> pid\u00e4 meist\u00e4. Jos olet kiinnostunut ostamaan tutkimuslaatuista 4F-BCA:ta, on t\u00e4rke\u00e4\u00e4 ymm\u00e4rt\u00e4\u00e4, mit\u00e4 olet ostamassa, mist\u00e4 hankit sen ja mit\u00e4 hy\u00f6ty\u00e4 puhtaasta, laboratoriossa varmennetusta tuotteesta on tutkimuksissasi.<\/p>\n<h3><b>Mik\u00e4 on 4F-BCA?<\/b><\/h3>\n<p>Kun olet <b>tilaus 4F-BCA<\/b> kaupastamme, saat 4-Fluoro-\u03b2-fenylacetoctamine, voimakas <b>synteettinen yhdiste<\/b> joka kuuluu arvostettuun <b>substituoitujen katinonien alaluokka<\/b>. Se on kemiallisesti sukua muille hyvin tutkituille yhdisteille, kuten <b>4F-MDMB<\/b> ja <b>4F-PVP<\/b>, mik\u00e4 tekee siit\u00e4 eritt\u00e4in kiinnostavan aiheen. Yhdiste on tunnettu voimakkaasta <b>stimulantti<\/b> vaikutukset, joita tutkijat usein vertaavat <b>amfetamiini<\/b>-kaltaiset aineet. Se voi aiheuttaa erilaisia tiloja <b>euforia<\/b>, <b>tehostettu energia<\/b>ja <b>lis\u00e4\u00e4ntynyt keskittyminen<\/b> laboratorio-olosuhteissa. N\u00e4m\u00e4 todennettavissa olevat vaikutukset ovat tehneet siit\u00e4 suositun valinnan seuraaviin tarkoituksiin <b>tutkimus<\/b> keskeisten v\u00e4litt\u00e4j\u00e4aineiden, kuten esimerkiksi <b>dopamiini<\/b> ja <b>serotoniini<\/b>, joka tarjoaa korvaamatonta tietoa neurologiselle tieteelle.<\/p>\n<p>Laitokset ja yksityishenkil\u00f6t voivat <b>osta 4F-BCA<\/b> tutkia sen ainutlaatuista <b>psykoaktiiviset ominaisuudet<\/b> tai <b>sen vaikutusten tutkiminen<\/b> aivojen monimutkaiseen kemiaan. Sen voimakkaan luonteen vuoksi on t\u00e4rke\u00e4\u00e4 suhtautua t\u00e4h\u00e4n aineeseen sen ansaitsemalla huolellisuudella ja k\u00e4ytt\u00e4\u00e4 sit\u00e4 vastuullisesti valvotussa tutkimusymp\u00e4rist\u00f6ss\u00e4.<\/p>\n<h3><b>Kemiallinen koostumus ja puhtaus<\/b><\/h3>\n<p>Tarkka kemiallinen kaava laboratoriotason <b>4F-BCA<\/b> on <b>C10H12FN1O<\/b>. Se on erikoistunut <b>fluorattu johdannainen<\/b> \u03b2-fenyyliaseto-oktaamiinista, mik\u00e4 on rakenteellinen ominaisuus, joka antaa sille sen huomattavan korkean arvon. <b>stimuloivia ominaisuuksia<\/b>. Strateginen lis\u00e4ys <b>fluoriatomi<\/b> molekyylirakenteeseen voi merkitt\u00e4v\u00e4sti parantaa sen <b>teho<\/b> ja sitoutumisaffiniteetti verrattuna muihin samaan luokkaan kuuluviin fluorittomiin yhdisteisiin. Kuten monet kehittyneet synteettiset stimulantit, <b>4F-BCA<\/b> vaikuttaa ensisijaisesti <b>dopamiini<\/b>, <b>serotoniini<\/b>ja <b>noradrenaliini<\/b> j\u00e4rjestelm\u00e4t. Sen mekanismiin kuuluu n\u00e4iden kriittisten v\u00e4litt\u00e4j\u00e4aineiden synaptisten tasojen lis\u00e4\u00e4minen aivoissa, mik\u00e4 on monien tutkimushankkeiden kohteena.<\/p>\n<p>T\u00e4m\u00e4 erityinen kemiallinen koostumus tekee <b>4F-BCA<\/b> johtava tutkimuskemikaali. Sen vaikutukset voivat olla voimakkaita, vaikka ne ovatkin johdonmukaisia laboratorioymp\u00e4rist\u00f6ss\u00e4. Chemsfine takaa tuotteemme rakenteellisen eheyden ja puhtauden varmistaen, ett\u00e4 saat tutkimustasi varten luotettavan yhdisteen, jossa ei ole vaarallisia ep\u00e4puhtauksia tai ep\u00e4puhtauksia.<\/p>\n<h3><b>Yleiset tutkimussovellukset<\/b><\/h3>\n<p>4F-BCA on tarkoitettu yksinomaan laboratorio- ja tutkimusk\u00e4ytt\u00f6\u00f6n. Sen ensisijaisia k\u00e4ytt\u00f6kohteita ovat mm:<\/p>\n<ul>\n<li><b>Neurotransmitteritutkimus:<\/b> Arvokkaana v\u00e4lineen\u00e4, <b>4F-BCA<\/b> k\u00e4ytet\u00e4\u00e4n yleisesti <b>tutkimusymp\u00e4rist\u00f6t<\/b> tutkimaan seuraavien aineiden vapautumis- ja takaisinottomekanismeja <b>dopamiini<\/b> ja <b>serotoniini<\/b>. Se auttaa tutkijoita ymm\u00e4rt\u00e4m\u00e4\u00e4n mielialan s\u00e4\u00e4telyn perusteita, <b>Huomio<\/b>ja <b>energiatasot<\/b>.<\/li>\n<li><b>Farmakologiset tutkimukset:<\/b> Yhdistett\u00e4 k\u00e4ytet\u00e4\u00e4n substituoitujen katinonien rakenne-aktiivisuussuhteiden tutkimiseen ja uusien farmakologisten mallien kehitt\u00e4miseen.<\/li>\n<li><b>Psykoaktiivinen tutkimus:<\/b> Valvotuissa akateemisissa ymp\u00e4rist\u00f6iss\u00e4, <b>4F-BCA<\/b> Tutkijat k\u00e4ytt\u00e4v\u00e4t sit\u00e4 kartoittaakseen sen <b>psykoaktiiviset kokemukset<\/b>. N\u00e4ill\u00e4 tutkimuksilla pyrit\u00e4\u00e4n ymm\u00e4rt\u00e4m\u00e4\u00e4n sen <b>stimuloivan kaltaiset vaikutukset<\/b>, kuten <b>lis\u00e4\u00e4ntynyt valppaus<\/b>, <b>focus<\/b>ja <b>lis\u00e4\u00e4ntynyt sosiaalisuus<\/b>, mik\u00e4 edist\u00e4\u00e4 stimulanttien laajempaa ymm\u00e4rt\u00e4mist\u00e4.<\/li>\n<\/ul>\n<h3><b>Oikeudellinen asema ja ostajan vastuu<\/b><\/h3>\n<p>The <b>oikeudellinen asema<\/b> osoitteessa <b>4F-BCA<\/b> vaihtelee suuresti maasta tai alueesta riippuen. Joillakin laink\u00e4ytt\u00f6alueilla se luokitellaan seuraavasti <b>valvottu aine<\/b> ja sen myynti, hallussapito tai jakelu on siksi kielletty. Muilla alueilla se voi olla edelleen harmaalla alueella, mutta t\u00e4m\u00e4 voi muuttua nopeasti, kun viranomaiset p\u00e4ivitt\u00e4v\u00e4t s\u00e4\u00e4nn\u00f6ksi\u00e4\u00e4n. On ehdottoman t\u00e4rke\u00e4\u00e4 <b>tutki paikallisia lakeja<\/b> perusteellisesti ennen kuin yrit\u00e4t <b>ostaa 4F-BCA verkossa<\/b>. Monissa maissa myynti <b>tutkimuskemikaalit<\/b> on tiukasti valvottua, ja t\u00e4llaisten aineiden ostaminen ilman asianmukaista lupaa tai hyv\u00e4ksym\u00e4tt\u00f6miin tarkoituksiin voi johtaa vakaviin oikeudellisiin seurauksiin, kuten huomattaviin sakkoihin tai vankeusrangaistuksiin. Ostajana otat t\u00e4yden vastuun oman laink\u00e4ytt\u00f6alueesi lakien noudattamisesta.<\/p>\n<h3><b>Miksi ostaa 4F-BCA:ta verkossa Chemsfineilt\u00e4?<\/b><\/h3>\n<h4><b>1. Saatavuus ja taattu laatu<\/b><\/h4>\n<p>Ostaminen <b>4F-BCA verkossa<\/b> Chemsfine tarjoaa vertaansa vailla olevaa mukavuutta tutkijoille, jotka tarvitsevat <b>korkealaatuinen tuote<\/b> toimitetaan nopeasti ja huomaamattomasti. Tarjoamme yksityiskohtaiset tuoteselosteet, mukaan lukien todennetut <b>puhtausasteet<\/b> ja <b>kemialliset koostumukset<\/b>, joten on helppo varmistaa, ett\u00e4 tuotteemme t\u00e4ytt\u00e4\u00e4 tiukat vaatimuksesi. Toisin kuin muut myyj\u00e4t, me varmistamme, ett\u00e4 toimituksemme on johdonmukaista ja luotettavaa.<\/p>\n<h4><b>2. Ylivoimainen tuotevalikoima<\/b><\/h4>\n<p>Verkkoalustamme tarjoaa ensiluokkaisen valikoiman tutkimuskemikaaleja. T\u00e4m\u00e4 sis\u00e4lt\u00e4\u00e4 erilaisia <b>m\u00e4\u00e4r\u00e4t<\/b> osoitteessa <b>4F-BCA<\/b> vastaamaan erityistarpeitasi, pienist\u00e4 n\u00e4ytteist\u00e4 ensimm\u00e4isiin kokeiluihin ja suuremmista m\u00e4\u00e4rist\u00e4 laajoihin tutkimuksiin. Jokainen er\u00e4 s\u00e4ilytt\u00e4\u00e4 saman korkean <b>puhtausasteet<\/b>, varmistaen, ett\u00e4 tulokset ovat toistettavissa.<\/p>\n<h4><b>3. Riskien v\u00e4hent\u00e4minen luotettavan toimittajan avulla<\/b><\/h4>\n<p>Vaikka verkosta ostaminen tarjoaa etuja, ep\u00e4luotettaviin toimittajiin liittyy riskej\u00e4. V\u00e4henn\u00e4mme n\u00e4it\u00e4 riskej\u00e4 takaamalla:<\/p>\n<ul>\n<li><b>Laadunvarmistus:<\/b> Tarjoamme er\u00e4kohtaiset laboratoriotulokset ja puhtaustodistukset, joten sinun ei tarvitse koskaan huolehtia ala-arvoisista tai <b>saastuneet tuotteet<\/b>.<\/li>\n<li><b>Lains\u00e4\u00e4d\u00e4nn\u00f6n noudattaminen:<\/b> K\u00e4yt\u00e4mme selkeit\u00e4 lakis\u00e4\u00e4teisi\u00e4 vastuuvapauslausekkeita ja kannustamme kaikkia ostajia ymm\u00e4rt\u00e4m\u00e4\u00e4n paikallisia lakeja, mik\u00e4 v\u00e4hent\u00e4\u00e4 teid\u00e4n <b>oikeudelliset riskit<\/b>.<\/li>\n<li><b>Terveys ja turvallisuus:<\/b> Myymme <b>4F-BCA<\/b> yksinomaan tutkimustarkoituksiin. Kannatamme vastuullista k\u00e4sittely\u00e4 ja annamme kaikki tarvittavat turvallisuustiedot sen varmistamiseksi, ett\u00e4 sit\u00e4 k\u00e4ytet\u00e4\u00e4n oikein valvotuissa olosuhteissa.<\/li>\n<\/ul>\n<h3><b>Johtop\u00e4\u00e4t\u00f6kset: Premier Choice for 4F-BCA<\/b><\/h3>\n<p>Lopuksi, kun p\u00e4\u00e4t\u00e4t <b>osta 4F-BCA<\/b>, hyv\u00e4maineisen verkkol\u00e4hteen valitseminen on t\u00e4rkein vaihe. Chemsfine tarjoaa k\u00e4tev\u00e4n, luotettavan ja turvallisen tavan hankkia korkealaatuinen tuote tutkimustasi varten. Varmistamme, ett\u00e4 ostat <b>luotettu myyj\u00e4<\/b> tarkistamalla <b>puhtaus<\/b> ja <b>laatu<\/b> tuotteen riippumattomien <b>laboratoriotestaus<\/b>. Luota siihen, ett\u00e4 Chemsfine toimittaa tarvitsemasi korkealaatuiset yhdisteet seuraavaa tutkimushankettasi varten. Muista aina varmistaa <b>oikeudellinen asema<\/b> tutkimuskemikaalista omalla alueellasi ennen ostop\u00e4\u00e4t\u00f6ksen tekemist\u00e4.<\/p>","protected":false},"excerpt":{"rendered":"<p><b>Osta huippulaatuinen 4F-BCA<\/b>, voimakas synteettinen stimulantti, joka kuuluu substituoitujen katinonien luokkaan. Kemiallinen kaava <b>C10H12FN1O<\/b>, 4F-BCA on ihanteellinen kehittyneeseen neurokemialliseen tutkimukseen. Koe johdonmukaiset, eritt\u00e4in puhtaat tulokset laboratoriotutkimuksissasi. Turvallisesti <b>ostaa aitoja 4F-BCA Chemsfineilt\u00e4<\/b> seuraavaa tutkimushankettasi varten.<\/p>","protected":false},"featured_media":2402,"comment_status":"open","ping_status":"closed","template":"","meta":{"_joinchat":[]},"product_brand":[],"product_cat":[937],"product_tag":[],"class_list":{"0":"post-2403","1":"product","2":"type-product","3":"status-publish","4":"has-post-thumbnail","6":"product_cat-cannabinoids","8":"first","9":"instock","10":"shipping-taxable","11":"purchasable","12":"product-type-variable"},"yoast_head":"<!-- This site is optimized with the Yoast SEO plugin v27.2 - https:\/\/yoast.com\/product\/yoast-seo-wordpress\/ -->\n<title>Order 4F-BCA Online | Best Price For High-Purity Sale<\/title>\n<meta name=\"description\" content=\"Looking to buy 4F-BCA online? We offer high-purity, lab-tested 4F-BCA for sale. A top-quality synthetic stimulant for advanced research. Secure purchase.\" \/>\n<meta name=\"robots\" content=\"index, follow, max-snippet:-1, max-image-preview:large, max-video-preview:-1\" \/>\n<link rel=\"canonical\" href=\"https:\/\/chemsfine.com\/fi\/tuote\/buy-4f-bca-stimulant\/\" \/>\n<meta property=\"og:locale\" content=\"fi_FI\" \/>\n<meta property=\"og:type\" content=\"article\" \/>\n<meta property=\"og:title\" content=\"Order 4F-BCA Online | Best Price For High-Purity Sale\" \/>\n<meta property=\"og:description\" content=\"Looking to buy 4F-BCA online? We offer high-purity, lab-tested 4F-BCA for sale. A top-quality synthetic stimulant for advanced research. Secure purchase.\" \/>\n<meta property=\"og:url\" content=\"https:\/\/chemsfine.com\/fi\/tuote\/buy-4f-bca-stimulant\/\" \/>\n<meta property=\"og:site_name\" content=\"Chemsfine\" \/>\n<meta property=\"article:modified_time\" content=\"2026-03-25T15:05:09+00:00\" \/>\n<meta property=\"og:image\" content=\"https:\/\/chemsfine.com\/wp-content\/uploads\/2026\/02\/4F-BCA.jpg\" \/>\n\t<meta property=\"og:image:width\" content=\"768\" \/>\n\t<meta property=\"og:image:height\" content=\"580\" \/>\n\t<meta property=\"og:image:type\" content=\"image\/jpeg\" \/>\n<meta name=\"twitter:card\" content=\"summary_large_image\" \/>\n<meta name=\"twitter:label1\" content=\"Arvioitu lukuaika\" \/>\n\t<meta name=\"twitter:data1\" content=\"5 minuuttia\" \/>\n<script type=\"application\/ld+json\" class=\"yoast-schema-graph\">{\"@context\":\"https:\/\/schema.org\",\"@graph\":[{\"@type\":\"WebPage\",\"@id\":\"https:\/\/chemsfine.com\/product\/buy-4f-bca-stimulant\/\",\"url\":\"https:\/\/chemsfine.com\/product\/buy-4f-bca-stimulant\/\",\"name\":\"Order 4F-BCA Online | Best Price For High-Purity Sale\",\"isPartOf\":{\"@id\":\"https:\/\/chemsfine.com\/#website\"},\"primaryImageOfPage\":{\"@id\":\"https:\/\/chemsfine.com\/product\/buy-4f-bca-stimulant\/#primaryimage\"},\"image\":{\"@id\":\"https:\/\/chemsfine.com\/product\/buy-4f-bca-stimulant\/#primaryimage\"},\"thumbnailUrl\":\"https:\/\/chemsfine.com\/wp-content\/uploads\/2026\/02\/4F-BCA.jpg\",\"datePublished\":\"2026-02-04T10:16:00+00:00\",\"dateModified\":\"2026-03-25T15:05:09+00:00\",\"description\":\"Looking to buy 4F-BCA online? We offer high-purity, lab-tested 4F-BCA for sale. A top-quality synthetic stimulant for advanced research. Secure purchase.\",\"breadcrumb\":{\"@id\":\"https:\/\/chemsfine.com\/product\/buy-4f-bca-stimulant\/#breadcrumb\"},\"inLanguage\":\"fi\",\"potentialAction\":[{\"@type\":\"ReadAction\",\"target\":[\"https:\/\/chemsfine.com\/product\/buy-4f-bca-stimulant\/\"]}]},{\"@type\":\"ImageObject\",\"inLanguage\":\"fi\",\"@id\":\"https:\/\/chemsfine.com\/product\/buy-4f-bca-stimulant\/#primaryimage\",\"url\":\"https:\/\/chemsfine.com\/wp-content\/uploads\/2026\/02\/4F-BCA.jpg\",\"contentUrl\":\"https:\/\/chemsfine.com\/wp-content\/uploads\/2026\/02\/4F-BCA.jpg\",\"width\":768,\"height\":580,\"caption\":\"Buy 4F-BCA Online - 4F-BCA for Sale\"},{\"@type\":\"BreadcrumbList\",\"@id\":\"https:\/\/chemsfine.com\/product\/buy-4f-bca-stimulant\/#breadcrumb\",\"itemListElement\":[{\"@type\":\"ListItem\",\"position\":1,\"name\":\"Home\",\"item\":\"https:\/\/chemsfine.com\/\"},{\"@type\":\"ListItem\",\"position\":2,\"name\":\"Shop\",\"item\":\"https:\/\/chemsfine.com\/shop\/\"},{\"@type\":\"ListItem\",\"position\":3,\"name\":\"Buy 4F-BCA Online | High-Purity Research Stimulant\"}]},{\"@type\":\"WebSite\",\"@id\":\"https:\/\/chemsfine.com\/#website\",\"url\":\"https:\/\/chemsfine.com\/\",\"name\":\"Chemsfine\",\"description\":\"My WordPress Blog\",\"publisher\":{\"@id\":\"https:\/\/chemsfine.com\/#organization\"},\"potentialAction\":[{\"@type\":\"SearchAction\",\"target\":{\"@type\":\"EntryPoint\",\"urlTemplate\":\"https:\/\/chemsfine.com\/?s={search_term_string}\"},\"query-input\":{\"@type\":\"PropertyValueSpecification\",\"valueRequired\":true,\"valueName\":\"search_term_string\"}}],\"inLanguage\":\"fi\"},{\"@type\":\"Organization\",\"@id\":\"https:\/\/chemsfine.com\/#organization\",\"name\":\"Chemsfine\",\"url\":\"https:\/\/chemsfine.com\/\",\"logo\":{\"@type\":\"ImageObject\",\"inLanguage\":\"fi\",\"@id\":\"https:\/\/chemsfine.com\/#\/schema\/logo\/image\/\",\"url\":\"https:\/\/chemsfine.com\/wp-content\/uploads\/2024\/09\/final-logo.png\",\"contentUrl\":\"https:\/\/chemsfine.com\/wp-content\/uploads\/2024\/09\/final-logo.png\",\"width\":340,\"height\":72,\"caption\":\"Chemsfine\"},\"image\":{\"@id\":\"https:\/\/chemsfine.com\/#\/schema\/logo\/image\/\"}}]}<\/script>\n<!-- \/ Yoast SEO plugin. -->","yoast_head_json":{"title":"Tilaa 4F-BCA verkossa | Paras hinta eritt\u00e4in puhtaasta myynnist\u00e4","description":"Haluatko ostaa 4F-BCA:ta verkossa? Tarjoamme myyntiin eritt\u00e4in puhdasta, laboratoriossa testattua 4F-BCA:ta. Huippulaadukas synteettinen stimulantti kehittyneeseen tutkimukseen. Turvallinen osto.","robots":{"index":"index","follow":"follow","max-snippet":"max-snippet:-1","max-image-preview":"max-image-preview:large","max-video-preview":"max-video-preview:-1"},"canonical":"https:\/\/chemsfine.com\/fi\/tuote\/buy-4f-bca-stimulant\/","og_locale":"fi_FI","og_type":"article","og_title":"Order 4F-BCA Online | Best Price For High-Purity Sale","og_description":"Looking to buy 4F-BCA online? We offer high-purity, lab-tested 4F-BCA for sale. A top-quality synthetic stimulant for advanced research. Secure purchase.","og_url":"https:\/\/chemsfine.com\/fi\/tuote\/buy-4f-bca-stimulant\/","og_site_name":"Chemsfine","article_modified_time":"2026-03-25T15:05:09+00:00","og_image":[{"width":768,"height":580,"url":"https:\/\/chemsfine.com\/wp-content\/uploads\/2026\/02\/4F-BCA.jpg","type":"image\/jpeg"}],"twitter_card":"summary_large_image","twitter_misc":{"Arvioitu lukuaika":"5 minuuttia"},"schema":{"@context":"https:\/\/schema.org","@graph":[{"@type":"WebPage","@id":"https:\/\/chemsfine.com\/product\/buy-4f-bca-stimulant\/","url":"https:\/\/chemsfine.com\/product\/buy-4f-bca-stimulant\/","name":"Tilaa 4F-BCA verkossa | Paras hinta eritt\u00e4in puhtaasta myynnist\u00e4","isPartOf":{"@id":"https:\/\/chemsfine.com\/#website"},"primaryImageOfPage":{"@id":"https:\/\/chemsfine.com\/product\/buy-4f-bca-stimulant\/#primaryimage"},"image":{"@id":"https:\/\/chemsfine.com\/product\/buy-4f-bca-stimulant\/#primaryimage"},"thumbnailUrl":"https:\/\/chemsfine.com\/wp-content\/uploads\/2026\/02\/4F-BCA.jpg","datePublished":"2026-02-04T10:16:00+00:00","dateModified":"2026-03-25T15:05:09+00:00","description":"Haluatko ostaa 4F-BCA:ta verkossa? Tarjoamme myyntiin eritt\u00e4in puhdasta, laboratoriossa testattua 4F-BCA:ta. Huippulaadukas synteettinen stimulantti kehittyneeseen tutkimukseen. Turvallinen osto.","breadcrumb":{"@id":"https:\/\/chemsfine.com\/product\/buy-4f-bca-stimulant\/#breadcrumb"},"inLanguage":"fi","potentialAction":[{"@type":"ReadAction","target":["https:\/\/chemsfine.com\/product\/buy-4f-bca-stimulant\/"]}]},{"@type":"ImageObject","inLanguage":"fi","@id":"https:\/\/chemsfine.com\/product\/buy-4f-bca-stimulant\/#primaryimage","url":"https:\/\/chemsfine.com\/wp-content\/uploads\/2026\/02\/4F-BCA.jpg","contentUrl":"https:\/\/chemsfine.com\/wp-content\/uploads\/2026\/02\/4F-BCA.jpg","width":768,"height":580,"caption":"Buy 4F-BCA Online - 4F-BCA for Sale"},{"@type":"BreadcrumbList","@id":"https:\/\/chemsfine.com\/product\/buy-4f-bca-stimulant\/#breadcrumb","itemListElement":[{"@type":"ListItem","position":1,"name":"Home","item":"https:\/\/chemsfine.com\/"},{"@type":"ListItem","position":2,"name":"Shop","item":"https:\/\/chemsfine.com\/shop\/"},{"@type":"ListItem","position":3,"name":"Buy 4F-BCA Online | High-Purity Research Stimulant"}]},{"@type":"WebSite","@id":"https:\/\/chemsfine.com\/#website","url":"https:\/\/chemsfine.com\/","name":"Chemsfine","description":"Minun WordPress blogi","publisher":{"@id":"https:\/\/chemsfine.com\/#organization"},"potentialAction":[{"@type":"SearchAction","target":{"@type":"EntryPoint","urlTemplate":"https:\/\/chemsfine.com\/?s={search_term_string}"},"query-input":{"@type":"PropertyValueSpecification","valueRequired":true,"valueName":"search_term_string"}}],"inLanguage":"fi"},{"@type":"Organization","@id":"https:\/\/chemsfine.com\/#organization","name":"Chemsfine","url":"https:\/\/chemsfine.com\/","logo":{"@type":"ImageObject","inLanguage":"fi","@id":"https:\/\/chemsfine.com\/#\/schema\/logo\/image\/","url":"https:\/\/chemsfine.com\/wp-content\/uploads\/2024\/09\/final-logo.png","contentUrl":"https:\/\/chemsfine.com\/wp-content\/uploads\/2024\/09\/final-logo.png","width":340,"height":72,"caption":"Chemsfine"},"image":{"@id":"https:\/\/chemsfine.com\/#\/schema\/logo\/image\/"}}]}},"_links":{"self":[{"href":"https:\/\/chemsfine.com\/fi\/wp-json\/wp\/v2\/product\/2403","targetHints":{"allow":["GET"]}}],"collection":[{"href":"https:\/\/chemsfine.com\/fi\/wp-json\/wp\/v2\/product"}],"about":[{"href":"https:\/\/chemsfine.com\/fi\/wp-json\/wp\/v2\/types\/product"}],"replies":[{"embeddable":true,"href":"https:\/\/chemsfine.com\/fi\/wp-json\/wp\/v2\/comments?post=2403"}],"wp:featuredmedia":[{"embeddable":true,"href":"https:\/\/chemsfine.com\/fi\/wp-json\/wp\/v2\/media\/2402"}],"wp:attachment":[{"href":"https:\/\/chemsfine.com\/fi\/wp-json\/wp\/v2\/media?parent=2403"}],"wp:term":[{"taxonomy":"product_brand","embeddable":true,"href":"https:\/\/chemsfine.com\/fi\/wp-json\/wp\/v2\/product_brand?post=2403"},{"taxonomy":"product_cat","embeddable":true,"href":"https:\/\/chemsfine.com\/fi\/wp-json\/wp\/v2\/product_cat?post=2403"},{"taxonomy":"product_tag","embeddable":true,"href":"https:\/\/chemsfine.com\/fi\/wp-json\/wp\/v2\/product_tag?post=2403"}],"curies":[{"name":"wp","href":"https:\/\/api.w.org\/{rel}","templated":true}]}}