{"id":2439,"date":"2026-02-04T10:16:48","date_gmt":"2026-02-04T10:16:48","guid":{"rendered":"https:\/\/chemsfine.com\/product\/buy-mdma-online-mdma-freebase-for-sale-mdma-freebase-research-chemicals-and-bath-salt\/"},"modified":"2026-03-25T14:55:41","modified_gmt":"2026-03-25T14:55:41","slug":"buy-mdma-freebase","status":"publish","type":"product","link":"https:\/\/chemsfine.com\/fi\/product\/buy-mdma-freebase\/","title":{"rendered":"Osta MDMA Freebase Online | Eritt\u00e4in puhdas tutkimus kemikaali myyt\u00e4v\u00e4n\u00e4"},"content":{"rendered":"<h2><b>Sinun Premier l\u00e4hde ostaa MDMA Freebase Online<\/b><\/h2>\n<p>Tervetuloa luotettuun l\u00e4hteeseesi <b>ostaa MDMA Freebase myyt\u00e4v\u00e4n\u00e4<\/b>. MDMA, joka tunnetaan yleisesti nimell\u00e4 <b>Ekstaasi<\/b> tai <b>Molly<\/b>, on eritt\u00e4in haluttu psykoaktiivinen aine, joka on tunnettu euforisoivista, empatogeenisist\u00e4 ja stimuloivista ominaisuuksistaan. T\u00e4t\u00e4 huippulaatuista MDMA:ta k\u00e4ytet\u00e4\u00e4n usein virkistysk\u00e4yt\u00f6ss\u00e4 musiikkifestivaaleilla, raveissa ja juhlissa, joissa se tunnetusti parantaa mielialaa, lis\u00e4\u00e4 seurallisuutta ja luo syv\u00e4llisi\u00e4 tunteita emotionaalisesta l\u00e4heisyydest\u00e4. Vaikka sill\u00e4 on merkitt\u00e4v\u00e4 vetovoima henkil\u00f6kohtaiseen nautintoon ja tutkimukseen, on ehdottoman t\u00e4rke\u00e4\u00e4 tunnustaa, ett\u00e4 <b>vastuu ja riskit<\/b> jotka liittyv\u00e4t MDMA:n ostamiseen verkosta. Siksi t\u00e4m\u00e4 tuotekuvaus opastaa sinut l\u00e4pi olennaiset tiedot eritt\u00e4in puhtaasta MDMA Freebase -valmisteestamme, kuinka ostaa se turvallisesti myym\u00e4l\u00e4st\u00e4mme ja mik\u00e4 tekee tuotteestamme parhaan markkinoilla saatavilla olevan tuotteen.<\/p>\n<h3><b>Mik\u00e4 on meid\u00e4n eritt\u00e4in puhdas MDMA-vapauttamispohjamme?<\/b><\/h3>\n<h4><b>Kemiallinen koostumus ja laatu<\/b><\/h4>\n<p>MDMA (3,4-metyleenidioksimetamfetamiini) on ensiluokkainen synteettinen tutkimuskemikaali, jolla on rakenteellisia yht\u00e4l\u00e4isyyksi\u00e4 sek\u00e4 stimulanttien ett\u00e4 hallusinogeenien kanssa. T\u00e4m\u00e4n ainutlaatuisen yhdistelm\u00e4n ansiosta MDMA:lla on sek\u00e4 energisoivia ett\u00e4 emotionaalisesti kohottavia vaikutuksia, mik\u00e4 tekee siit\u00e4 erinomaisen valinnan niille, jotka haluavat parantaa sosiaalisia kokemuksia tai tehd\u00e4 kehittynytt\u00e4 tutkimusta. Takaamme korkealaatuisen tuotteen, joka takaa, ett\u00e4 saat aitoa MDMA:ta erityistarpeisiisi.<\/p>\n<h4><b>Yleiset sovellukset<\/b><\/h4>\n<ul>\n<li style=\"font-weight: 400\"><b>Tutkimus<\/b>: T\u00e4m\u00e4 laboratoriolaatuinen MDMA on osoittautunut uskomattoman lupaavaksi terapeuttisissa asetuksissa, erityisesti vuonna <b>PTSD-hoito<\/b> ja muut mielenterveyden h\u00e4iri\u00f6t. Kliinisiss\u00e4 kokeissa tutkitaan edelleen sen mahdollisuuksia psykoterapian lis\u00e4n\u00e4, jonka tavoitteena on helpottaa syv\u00e4llisi\u00e4 emotionaalisia l\u00e4pimurtoja. Tuotteemme t\u00e4ytt\u00e4\u00e4 t\u00e4llaisten t\u00e4rkeiden tutkimusten tiukat vaatimukset.<\/li>\n<li style=\"font-weight: 400\"><b>Psykoaktiivinen tutkimus<\/b>: Virkistysk\u00e4ytt\u00f6 on laajalle levinnytt\u00e4, ja ihmiset etsiv\u00e4t euforisia \u201chyv\u00e4n olon\u201d vaikutuksia ja lis\u00e4\u00e4ntynytt\u00e4 sosiaalista kanssak\u00e4ymist\u00e4. Se on edelleen suosittua juhlissa ja festivaaleilla, joissa se vahvistaa musiikin, kosketuksen ja yhteyden kaltaisia tuntemuksia. Huippulaatuinen MDMA varmistaa tasaisen ja luotettavan kokemuksen.<\/li>\n<\/ul>\n<h4><b>Yleiskatsaus oikeudelliseen asemaan<\/b><\/h4>\n<p>MDMA luokitellaan <b>Luettelossa I mainittu valvottava aine<\/b> monissa maissa, mik\u00e4 tarkoittaa, ett\u00e4 sit\u00e4 pidet\u00e4\u00e4n laittomana virkistysk\u00e4yt\u00f6ss\u00e4 ilman asianmukaista lupaa. MDMA:n laillisuus vaihtelee huomattavasti maittain, ja joissakin paikoissa aine on ehdottomasti kielletty kaikessa muussa kuin l\u00e4\u00e4kinn\u00e4llisess\u00e4 k\u00e4yt\u00f6ss\u00e4. N\u00e4in ollen on ehdottoman t\u00e4rke\u00e4\u00e4 olla t\u00e4ysin tietoinen paikallisista ja kansainv\u00e4lisist\u00e4 laeista, ennen kuin harkitset ostoa Chemsfinen tai mink\u00e4 tahansa muun online-myyj\u00e4n kautta.<\/p>\n<h3><b>Miksi ostaa MDMA Freebase Online Chemsfineilt\u00e4?<\/b><\/h3>\n<h4><b>Verraton saavutettavuus ja mukavuus<\/b><\/h4>\n<p>Yksi t\u00e4rkeimmist\u00e4 syist\u00e4, miksi asiakkaat haluavat ostaa MDMA Freebasea meilt\u00e4 verkossa, on vertaansa vailla oleva <b>mukavuus<\/b>. Ostamalla Chemsfinen kautta voit helposti k\u00e4ytt\u00e4\u00e4 t\u00e4t\u00e4 ainetta mukavasti kotonasi, aina kun sinulla on <b>huomaamaton pakkaus<\/b> ja luotettavat toimitusvaihtoehdot. Lis\u00e4ksi mahdollisuus tehd\u00e4 ostoksia mihin vuorokaudenaikaan tahansa on merkitt\u00e4v\u00e4 etu, jonka tarjoamme ylpe\u00e4n\u00e4 kaikille ostajillemme.<\/p>\n<h4><b>Ylivoimainen tuotevalikoima<\/b><\/h4>\n<p>Toisin kuin muut l\u00e4hteet, verkkoalustamme tarjoaa erinomaisen valikoiman MDMA-tuotteita eri puhtausasteista eri muotoihin (esim. kapselit, kiteet tai jauheet). T\u00e4m\u00e4 <b>lajike<\/b> ansiosta ostajamme voivat valita juuri sen tuotteen, joka vastaa t\u00e4ydellisesti heid\u00e4n tarpeitaan, mieltymyksi\u00e4\u00e4n ja budjettiaan. L\u00f6yd\u00e4t aina parhaan saatavilla olevan MDMA Freebasen juuri t\u00e4\u00e4lt\u00e4.<\/p>\n<h4><b>Riskien hallinta ja hy\u00f6tyjen maksimointi<\/b><\/h4>\n<p>Vaikka MDMA:n ostamisen helppous verkossa voi olla houkuttelevaa, ymm\u00e4rr\u00e4mme, ett\u00e4 on olemassa seuraavia asioita <b>asiaan liittyv\u00e4t riskit<\/b>. Huonolaatuiset tuotteet, saastuminen muilla aineilla tai jopa petokset ovat mahdollisia muualla. Siksi me Chemsfine-yhti\u00f6ss\u00e4 erotumme laillisena myyj\u00e4n\u00e4 tiukoilla testausk\u00e4yt\u00e4nn\u00f6ill\u00e4 tarjotaksemme korkealaatuista, puhdasta MDMA:ta, joka v\u00e4hent\u00e4\u00e4 merkitt\u00e4v\u00e4sti mahdollisia terveysriskej\u00e4. Voit tilata MDMA Freebasea verkossa luottavaisin mielin.<\/p>\n<h3><b>Miksi Chemsfine on luotettava MDMA-myyj\u00e4si?<\/b><\/h3>\n<p>Kun p\u00e4\u00e4t\u00e4t ostaa MDMA:ta verkosta, periaate, jonka mukaan <b>ostaja varokoon<\/b> on kriittinen - kaikki myyj\u00e4t eiv\u00e4t ole luotettavia. Varmistaaksesi, ett\u00e4 saat turvallisen, ensiluokkaisen tuotteen, t\u00e4ss\u00e4 on syy, miksi Chemsfine erottuu luotettavana myyj\u00e4n\u00e4si:<\/p>\n<h4><b>Sitoumuksemme avoimuuteen<\/b><\/h4>\n<ul>\n<li style=\"font-weight: 400\"><b>Kolmannen osapuolen todennettu testaus<\/b>: Tarjoamme kattavat laboratoriotulokset, jotka todistavat MDMA:n poikkeuksellisen puhtauden. Uskomme t\u00e4ydelliseen l\u00e4pin\u00e4kyvyyteen.<\/li>\n<li style=\"font-weight: 400\"><b>Reilu ja rehellinen hinnoittelu<\/b>: Jos toisen myyj\u00e4n hinta vaikuttaa liian hyv\u00e4lt\u00e4 ollakseen totta, se todenn\u00e4k\u00f6isesti onkin. Laadukkaalla MDMA:lla on tietty hinta, ja huomattavasti alihintaiset tarjoukset ovat usein huijausta. Tarjoamme kilpailukykyisen hinnoittelun taatusti aidosta tuotteesta.<\/li>\n<li style=\"font-weight: 400\"><b>Selke\u00e4 viestint\u00e4<\/b>: Laillisena myyj\u00e4n\u00e4 Chemsfine pit\u00e4\u00e4 yll\u00e4 selke\u00e4\u00e4 viestint\u00e4\u00e4 tuotteistamme, niiden hankinnasta ja realistisista toimitusajoista.<\/li>\n<\/ul>\n<h4><b>Luotetut arvostelut ja yhteis\u00f6n palaute<\/b><\/h4>\n<ul>\n<li style=\"font-weight: 400\">Kannustamme sinua tutustumaan <b>arvostelut<\/b> monilta tyytyv\u00e4isilt\u00e4 asiakkailtamme. Verkkofoorumit ja -yhteis\u00f6t tarjoavat lis\u00e4tietoa uskottavuudestamme myyj\u00e4n\u00e4. Etsi johdonmukaista positiivista palautetta, joka kertoo tuotteemme ja palvelumme luotettavuudesta ja tyytyv\u00e4isyydest\u00e4.<\/li>\n<\/ul>\n<h4><b>Taattu puhtaus laboratoriotodistuksilla<\/b><\/h4>\n<ul>\n<li style=\"font-weight: 400\">Varmistamme, ett\u00e4 jokaisessa tuote-er\u00e4ss\u00e4 on seuraavat ominaisuudet <b>puhtaustodistukset<\/b> akkreditoiduista laboratorioista. Laadukkaalla MDMA:lla on jatkuvasti puhtausasteet noin <b>95% tai uudempi<\/b>, mik\u00e4 tarkoittaa, ett\u00e4 siin\u00e4 ei ole ep\u00e4puhtauksia, kuten t\u00e4yteaineita tai vaarallisia v\u00e4\u00e4renn\u00f6ksi\u00e4, jotka voivat aiheuttaa vakavia terveysriskej\u00e4.<\/li>\n<\/ul>\n<h3><b>Ostajien oikeudelliset ja eettiset n\u00e4k\u00f6kohdat<\/b><\/h3>\n<h4><b>Paikalliset ja kansainv\u00e4liset lait<\/b><\/h4>\n<p>Ennen ostosten tekemist\u00e4 on t\u00e4rke\u00e4\u00e4 tutustua seuraaviin seikkoihin <b>paikalliset ja kansainv\u00e4liset lait<\/b> MDMA:n osalta. MDMA:n ostaminen, myyminen tai hallussapito on monilla laink\u00e4ytt\u00f6alueilla laitonta, ja siit\u00e4 voi seurata vakavia seuraamuksia. <b>rikossyytteet<\/b>, sakkoja tai vankeutta. Ole tietoinen oikeudellisesta asemastasi erityisesti silloin, kun teet verkko-ostoksia, jotka saattavat ylitt\u00e4\u00e4 kansainv\u00e4lisi\u00e4 rajoja.<\/p>\n<h4><b>Ostajan velvollisuudet<\/b><\/h4>\n<p>Ostajana on t\u00e4rke\u00e4\u00e4 ottaa vastuu siit\u00e4, ett\u00e4 tekee <b>tietoon perustuva p\u00e4\u00e4t\u00f6s<\/b>. T\u00e4m\u00e4 sis\u00e4lt\u00e4\u00e4:<\/p>\n<ul>\n<li style=\"font-weight: 400\">Tutki myyj\u00e4si perusteellisesti laillisuuden varmistamiseksi.<\/li>\n<li style=\"font-weight: 400\">Varmistamalla, ett\u00e4 ostat laillisesta l\u00e4hteest\u00e4, kuten Chemsfine.<\/li>\n<li style=\"font-weight: 400\">Tietoisuus mahdollisista <b>terveysriskit<\/b> liittyy MDMA:n k\u00e4ytt\u00f6\u00f6n.<\/li>\n<li style=\"font-weight: 400\">Kaikkien paikallisten lakien ja asetusten noudattaminen mahdollisten oikeudellisten komplikaatioiden v\u00e4ltt\u00e4miseksi.<\/li>\n<\/ul>\n<h3><b>Johtop\u00e4\u00e4t\u00f6kset: Laadukkaan MDMA:n turvallinen l\u00e4hde.<\/b><\/h3>\n<p>Yhteenvetona voidaan todeta, ett\u00e4 MDMA:n ostaminen Chemsfine-verkkopalvelusta on k\u00e4tev\u00e4\u00e4, mutta se on toimintaa, joka vaatii huolellista harkintaa. Seuraavassa on muutamia viimeisi\u00e4 vinkkej\u00e4 <b>turvallinen<\/b>, <b>oikeudellinen<\/b>ja <b>tyydytt\u00e4v\u00e4<\/b> ostokokemus kanssamme:<\/p>\n<ol>\n<li style=\"font-weight: 400\"><b>Luottamus prosessiimme<\/b>: Tarjoamme kolmannen osapuolen testej\u00e4, positiivisia arvosteluja ja yksityiskohtaisia tuotekuvauksia.<\/li>\n<li style=\"font-weight: 400\"><b>V\u00e4lt\u00e4 tarjouksia, jotka n\u00e4ytt\u00e4v\u00e4t liian hyvilt\u00e4 ollakseen totta<\/b>: Usein ovatkin. Hinnoittelemme tuotteemme oikeudenmukaisesti niiden erinomaisen laadun perusteella.<\/li>\n<li style=\"font-weight: 400\"><b>Turvallisuuden asettaminen etusijalle<\/b>: Valitsemalla tuotteemme valitset puhtaustodistukset ja v\u00e4lt\u00e4t testaamattomat, ep\u00e4ilytt\u00e4v\u00e4t aineet.<\/li>\n<li style=\"font-weight: 400\"><b>Huomioi oikeudelliset seuraukset<\/b>: Ole aina tietoinen alueesi lains\u00e4\u00e4d\u00e4nn\u00f6st\u00e4 ennen tilauksen tekemist\u00e4.<\/li>\n<li style=\"font-weight: 400\"><b>Harkitse kaikkia vaihtoehtoja<\/b>: Ennen kuin ostat MDMA:ta virkistys- tai terapeuttiseen k\u00e4ytt\u00f6\u00f6n, tutki muita laillisia ja turvallisia aineita tai toimenpiteit\u00e4.<\/li>\n<\/ol>\n<p>Noudattamalla n\u00e4it\u00e4 ohjeita ja valitsemalla hyv\u00e4maineisen toimittajan voit maksimoida mahdollisuudet saada <b>my\u00f6nteinen kokemus<\/b> minimoiden samalla riskit. Muista, ett\u00e4 tieto ja <b>henkil\u00f6kohtainen vastuu<\/b> ovat avainasemassa, kun p\u00e4\u00e4t\u00e4t <b>ostaa MDMA Freebase myyt\u00e4v\u00e4n\u00e4<\/b> tai muuta psykoaktiivista ainetta verkossa.<\/p>","protected":false},"excerpt":{"rendered":"<p><b>Buy MDMA Freebase for sale.<\/b> This top-quality, high-purity (3,4-methylenedioxymethamphetamine) is available for research applications. Known as Ecstasy or Molly, our product is lab-tested for purity and consistency. When you need the best MDMA Freebase available for your laboratory needs, <b>ostaa Chemsfine<\/b> for a secure and reliable purchase.<\/p>","protected":false},"featured_media":2438,"comment_status":"open","ping_status":"closed","template":"","meta":{"_joinchat":[]},"product_brand":[],"product_cat":[972],"product_tag":[],"class_list":{"0":"post-2439","1":"product","2":"type-product","3":"status-publish","4":"has-post-thumbnail","6":"product_cat-ecstasy","8":"first","9":"instock","10":"shipping-taxable","11":"purchasable","12":"product-type-variable"},"yoast_head":"<!-- This site is optimized with the Yoast SEO plugin v27.2 - https:\/\/yoast.com\/product\/yoast-seo-wordpress\/ -->\n<title>Buy MDMA Freebase Online | Best Price &amp; Purity Guaranteed<\/title>\n<meta name=\"description\" content=\"Looking to buy MDMA Freebase online? Chemsfine offers top-quality, high-purity MDMA for sale. Lab-tested and discreetly shipped. Order now for your research.\" \/>\n<meta name=\"robots\" content=\"index, follow, max-snippet:-1, max-image-preview:large, max-video-preview:-1\" \/>\n<link rel=\"canonical\" href=\"https:\/\/chemsfine.com\/fi\/tuote\/buy-mdma-freebase\/\" \/>\n<meta property=\"og:locale\" content=\"fi_FI\" \/>\n<meta property=\"og:type\" content=\"article\" \/>\n<meta property=\"og:title\" content=\"Buy MDMA Freebase Online | Best Price &amp; Purity Guaranteed\" \/>\n<meta property=\"og:description\" content=\"Looking to buy MDMA Freebase online? Chemsfine offers top-quality, high-purity MDMA for sale. Lab-tested and discreetly shipped. Order now for your research.\" \/>\n<meta property=\"og:url\" content=\"https:\/\/chemsfine.com\/fi\/tuote\/buy-mdma-freebase\/\" \/>\n<meta property=\"og:site_name\" content=\"Chemsfine\" \/>\n<meta property=\"article:modified_time\" content=\"2026-03-25T14:55:41+00:00\" \/>\n<meta property=\"og:image\" content=\"https:\/\/chemsfine.com\/wp-content\/uploads\/2026\/02\/mdma.jpg\" \/>\n\t<meta property=\"og:image:width\" content=\"1050\" \/>\n\t<meta property=\"og:image:height\" content=\"700\" \/>\n\t<meta property=\"og:image:type\" content=\"image\/jpeg\" \/>\n<meta name=\"twitter:card\" content=\"summary_large_image\" \/>\n<meta name=\"twitter:label1\" content=\"Arvioitu lukuaika\" \/>\n\t<meta name=\"twitter:data1\" content=\"5 minuuttia\" \/>\n<script type=\"application\/ld+json\" class=\"yoast-schema-graph\">{\"@context\":\"https:\/\/schema.org\",\"@graph\":[{\"@type\":\"WebPage\",\"@id\":\"https:\/\/chemsfine.com\/product\/buy-mdma-freebase\/\",\"url\":\"https:\/\/chemsfine.com\/product\/buy-mdma-freebase\/\",\"name\":\"Buy MDMA Freebase Online | Best Price & Purity Guaranteed\",\"isPartOf\":{\"@id\":\"https:\/\/chemsfine.com\/#website\"},\"primaryImageOfPage\":{\"@id\":\"https:\/\/chemsfine.com\/product\/buy-mdma-freebase\/#primaryimage\"},\"image\":{\"@id\":\"https:\/\/chemsfine.com\/product\/buy-mdma-freebase\/#primaryimage\"},\"thumbnailUrl\":\"https:\/\/chemsfine.com\/wp-content\/uploads\/2026\/02\/mdma.jpg\",\"datePublished\":\"2026-02-04T10:16:48+00:00\",\"dateModified\":\"2026-03-25T14:55:41+00:00\",\"description\":\"Looking to buy MDMA Freebase online? Chemsfine offers top-quality, high-purity MDMA for sale. Lab-tested and discreetly shipped. Order now for your research.\",\"breadcrumb\":{\"@id\":\"https:\/\/chemsfine.com\/product\/buy-mdma-freebase\/#breadcrumb\"},\"inLanguage\":\"fi\",\"potentialAction\":[{\"@type\":\"ReadAction\",\"target\":[\"https:\/\/chemsfine.com\/product\/buy-mdma-freebase\/\"]}]},{\"@type\":\"ImageObject\",\"inLanguage\":\"fi\",\"@id\":\"https:\/\/chemsfine.com\/product\/buy-mdma-freebase\/#primaryimage\",\"url\":\"https:\/\/chemsfine.com\/wp-content\/uploads\/2026\/02\/mdma.jpg\",\"contentUrl\":\"https:\/\/chemsfine.com\/wp-content\/uploads\/2026\/02\/mdma.jpg\",\"width\":1050,\"height\":700,\"caption\":\"Buy MDMA online - MDMA Freebase for Sale - MDMA Freebase\"},{\"@type\":\"BreadcrumbList\",\"@id\":\"https:\/\/chemsfine.com\/product\/buy-mdma-freebase\/#breadcrumb\",\"itemListElement\":[{\"@type\":\"ListItem\",\"position\":1,\"name\":\"Home\",\"item\":\"https:\/\/chemsfine.com\/\"},{\"@type\":\"ListItem\",\"position\":2,\"name\":\"Shop\",\"item\":\"https:\/\/chemsfine.com\/shop\/\"},{\"@type\":\"ListItem\",\"position\":3,\"name\":\"Buy MDMA Freebase Online | High-Purity Research Chemical For Sale\"}]},{\"@type\":\"WebSite\",\"@id\":\"https:\/\/chemsfine.com\/#website\",\"url\":\"https:\/\/chemsfine.com\/\",\"name\":\"Chemsfine\",\"description\":\"My WordPress Blog\",\"publisher\":{\"@id\":\"https:\/\/chemsfine.com\/#organization\"},\"potentialAction\":[{\"@type\":\"SearchAction\",\"target\":{\"@type\":\"EntryPoint\",\"urlTemplate\":\"https:\/\/chemsfine.com\/?s={search_term_string}\"},\"query-input\":{\"@type\":\"PropertyValueSpecification\",\"valueRequired\":true,\"valueName\":\"search_term_string\"}}],\"inLanguage\":\"fi\"},{\"@type\":\"Organization\",\"@id\":\"https:\/\/chemsfine.com\/#organization\",\"name\":\"Chemsfine\",\"url\":\"https:\/\/chemsfine.com\/\",\"logo\":{\"@type\":\"ImageObject\",\"inLanguage\":\"fi\",\"@id\":\"https:\/\/chemsfine.com\/#\/schema\/logo\/image\/\",\"url\":\"https:\/\/chemsfine.com\/wp-content\/uploads\/2024\/09\/final-logo.png\",\"contentUrl\":\"https:\/\/chemsfine.com\/wp-content\/uploads\/2024\/09\/final-logo.png\",\"width\":340,\"height\":72,\"caption\":\"Chemsfine\"},\"image\":{\"@id\":\"https:\/\/chemsfine.com\/#\/schema\/logo\/image\/\"}}]}<\/script>\n<!-- \/ Yoast SEO plugin. -->","yoast_head_json":{"title":"Osta MDMA Freebase verkossa | Paras hinta &amp; puhtaus taattu","description":"Haluatko ostaa MDMA Freebasea verkossa? Chemsfine tarjoaa korkealaatuista, eritt\u00e4in puhdasta MDMA:ta myyntiin. Laboratoriotestattu ja huomaamattomasti toimitettu. Tilaa nyt tutkimusta varten.","robots":{"index":"index","follow":"follow","max-snippet":"max-snippet:-1","max-image-preview":"max-image-preview:large","max-video-preview":"max-video-preview:-1"},"canonical":"https:\/\/chemsfine.com\/fi\/tuote\/buy-mdma-freebase\/","og_locale":"fi_FI","og_type":"article","og_title":"Buy MDMA Freebase Online | Best Price & Purity Guaranteed","og_description":"Looking to buy MDMA Freebase online? Chemsfine offers top-quality, high-purity MDMA for sale. Lab-tested and discreetly shipped. Order now for your research.","og_url":"https:\/\/chemsfine.com\/fi\/tuote\/buy-mdma-freebase\/","og_site_name":"Chemsfine","article_modified_time":"2026-03-25T14:55:41+00:00","og_image":[{"width":1050,"height":700,"url":"https:\/\/chemsfine.com\/wp-content\/uploads\/2026\/02\/mdma.jpg","type":"image\/jpeg"}],"twitter_card":"summary_large_image","twitter_misc":{"Arvioitu lukuaika":"5 minuuttia"},"schema":{"@context":"https:\/\/schema.org","@graph":[{"@type":"WebPage","@id":"https:\/\/chemsfine.com\/product\/buy-mdma-freebase\/","url":"https:\/\/chemsfine.com\/product\/buy-mdma-freebase\/","name":"Osta MDMA Freebase verkossa | Paras hinta &amp; puhtaus taattu","isPartOf":{"@id":"https:\/\/chemsfine.com\/#website"},"primaryImageOfPage":{"@id":"https:\/\/chemsfine.com\/product\/buy-mdma-freebase\/#primaryimage"},"image":{"@id":"https:\/\/chemsfine.com\/product\/buy-mdma-freebase\/#primaryimage"},"thumbnailUrl":"https:\/\/chemsfine.com\/wp-content\/uploads\/2026\/02\/mdma.jpg","datePublished":"2026-02-04T10:16:48+00:00","dateModified":"2026-03-25T14:55:41+00:00","description":"Haluatko ostaa MDMA Freebasea verkossa? Chemsfine tarjoaa korkealaatuista, eritt\u00e4in puhdasta MDMA:ta myyntiin. Laboratoriotestattu ja huomaamattomasti toimitettu. Tilaa nyt tutkimusta varten.","breadcrumb":{"@id":"https:\/\/chemsfine.com\/product\/buy-mdma-freebase\/#breadcrumb"},"inLanguage":"fi","potentialAction":[{"@type":"ReadAction","target":["https:\/\/chemsfine.com\/product\/buy-mdma-freebase\/"]}]},{"@type":"ImageObject","inLanguage":"fi","@id":"https:\/\/chemsfine.com\/product\/buy-mdma-freebase\/#primaryimage","url":"https:\/\/chemsfine.com\/wp-content\/uploads\/2026\/02\/mdma.jpg","contentUrl":"https:\/\/chemsfine.com\/wp-content\/uploads\/2026\/02\/mdma.jpg","width":1050,"height":700,"caption":"Buy MDMA online - MDMA Freebase for Sale - MDMA Freebase"},{"@type":"BreadcrumbList","@id":"https:\/\/chemsfine.com\/product\/buy-mdma-freebase\/#breadcrumb","itemListElement":[{"@type":"ListItem","position":1,"name":"Home","item":"https:\/\/chemsfine.com\/"},{"@type":"ListItem","position":2,"name":"Shop","item":"https:\/\/chemsfine.com\/shop\/"},{"@type":"ListItem","position":3,"name":"Buy MDMA Freebase Online | High-Purity Research Chemical For Sale"}]},{"@type":"WebSite","@id":"https:\/\/chemsfine.com\/#website","url":"https:\/\/chemsfine.com\/","name":"Chemsfine","description":"Minun WordPress blogi","publisher":{"@id":"https:\/\/chemsfine.com\/#organization"},"potentialAction":[{"@type":"SearchAction","target":{"@type":"EntryPoint","urlTemplate":"https:\/\/chemsfine.com\/?s={search_term_string}"},"query-input":{"@type":"PropertyValueSpecification","valueRequired":true,"valueName":"search_term_string"}}],"inLanguage":"fi"},{"@type":"Organization","@id":"https:\/\/chemsfine.com\/#organization","name":"Chemsfine","url":"https:\/\/chemsfine.com\/","logo":{"@type":"ImageObject","inLanguage":"fi","@id":"https:\/\/chemsfine.com\/#\/schema\/logo\/image\/","url":"https:\/\/chemsfine.com\/wp-content\/uploads\/2024\/09\/final-logo.png","contentUrl":"https:\/\/chemsfine.com\/wp-content\/uploads\/2024\/09\/final-logo.png","width":340,"height":72,"caption":"Chemsfine"},"image":{"@id":"https:\/\/chemsfine.com\/#\/schema\/logo\/image\/"}}]}},"_links":{"self":[{"href":"https:\/\/chemsfine.com\/fi\/wp-json\/wp\/v2\/product\/2439","targetHints":{"allow":["GET"]}}],"collection":[{"href":"https:\/\/chemsfine.com\/fi\/wp-json\/wp\/v2\/product"}],"about":[{"href":"https:\/\/chemsfine.com\/fi\/wp-json\/wp\/v2\/types\/product"}],"replies":[{"embeddable":true,"href":"https:\/\/chemsfine.com\/fi\/wp-json\/wp\/v2\/comments?post=2439"}],"wp:featuredmedia":[{"embeddable":true,"href":"https:\/\/chemsfine.com\/fi\/wp-json\/wp\/v2\/media\/2438"}],"wp:attachment":[{"href":"https:\/\/chemsfine.com\/fi\/wp-json\/wp\/v2\/media?parent=2439"}],"wp:term":[{"taxonomy":"product_brand","embeddable":true,"href":"https:\/\/chemsfine.com\/fi\/wp-json\/wp\/v2\/product_brand?post=2439"},{"taxonomy":"product_cat","embeddable":true,"href":"https:\/\/chemsfine.com\/fi\/wp-json\/wp\/v2\/product_cat?post=2439"},{"taxonomy":"product_tag","embeddable":true,"href":"https:\/\/chemsfine.com\/fi\/wp-json\/wp\/v2\/product_tag?post=2439"}],"curies":[{"name":"wp","href":"https:\/\/api.w.org\/{rel}","templated":true}]}}