{"id":2443,"date":"2026-02-04T10:16:54","date_gmt":"2026-02-04T10:16:54","guid":{"rendered":"https:\/\/chemsfine.com\/product\/buy-gamma-hydroxybutyrate-ghb-online-ghb-for-sale-pharmaceutical-powders\/"},"modified":"2026-03-25T14:54:59","modified_gmt":"2026-03-25T14:54:59","slug":"buy-gamma-hydroxybutyrate-ghb-2","status":"publish","type":"product","link":"https:\/\/chemsfine.com\/fi\/product\/buy-gamma-hydroxybutyrate-ghb-2\/","title":{"rendered":"Osta gammahydroksibutyraattia (GHB) verkossa | Eritt\u00e4in puhdas GHB myyt\u00e4v\u00e4n\u00e4"},"content":{"rendered":"<p>Tutkijoille ja laboratorioille, jotka haluavat <b>ostaa Gamma Hydroxybutyrate (GHB) verkossa<\/b>, eritt\u00e4in puhtaan ja luotettavan tuotteen hankinta on ensiarvoisen t\u00e4rke\u00e4\u00e4. Chemsfine tarjoaa korkealaatuista GHB:t\u00e4 myyntiin, mik\u00e4 takaa, ett\u00e4 saat yhdisteen, joka soveltuu vaativimpiinkin tieteellisiin sovelluksiin. <a href=\"https:\/\/chemsfine.com\/fi\/gammahydroksibutyraatti-ghb\/\">Gamma-hydroksibutyraatti (GHB)<\/a> on voimakas keskushermostoa lamaannuttava aine, jota esiintyy luonnostaan elimist\u00f6ss\u00e4 ja jota my\u00f6s syntetisoidaan erityisi\u00e4 l\u00e4\u00e4ketieteellisi\u00e4 ja tutkimusk\u00e4ytt\u00f6j\u00e4 varten. Vaikka GHB:ll\u00e4 on oikeutettu rooli unih\u00e4iri\u00f6iden, kuten narkolepsian, hoidossa, se aiheuttaa my\u00f6s vakavia terveysriskej\u00e4, jos sit\u00e4 ei k\u00e4sitell\u00e4 asianmukaisissa valvotuissa olosuhteissa.<\/p>\n<p>T\u00e4m\u00e4n tuoteoppaan tarkoituksena on antaa selke\u00e4\u00e4, asiallista ja turvallisuuteen perustuvaa tietoa GHB:st\u00e4, sen l\u00e4\u00e4ketieteellisest\u00e4 merkityksest\u00e4, riskeist\u00e4, oikeudellisesta luokituksesta ja t\u00e4rkeist\u00e4 varotoimista laboratoriok\u00e4sittely\u00e4 varten.<\/p>\n<h3><b>Mik\u00e4 on GHB Liquid?<\/b><\/h3>\n<p>GHB toimitetaan eritt\u00e4in puhtaana jauheena optimaalisen vakauden ja tarkan mittauksen varmistamiseksi. On kuitenkin t\u00e4rke\u00e4\u00e4 ymm\u00e4rt\u00e4\u00e4 sen eri muodot. GHB:t\u00e4 on saatavana sek\u00e4 jauheena ett\u00e4 nesteen\u00e4, joista j\u00e4lkimm\u00e4ist\u00e4 k\u00e4ytet\u00e4\u00e4n yleisemmin kliinisiss\u00e4 ja laittomissa yhteyksiss\u00e4. S\u00e4\u00e4nnellyiss\u00e4 ymp\u00e4rist\u00f6iss\u00e4 GHB:t\u00e4 m\u00e4\u00e4r\u00e4t\u00e4\u00e4n <b>natriumoksybaatti<\/b>nestem\u00e4inen formulaatio, jota k\u00e4ytet\u00e4\u00e4n ensisijaisesti narkolepsian ja katapleksian hoitoon.<\/p>\n<p>Muissa kuin l\u00e4\u00e4ketieteellisiss\u00e4 ymp\u00e4rist\u00f6iss\u00e4 siit\u00e4 on k\u00e4ytetty my\u00f6s nimityst\u00e4:<\/p>\n<ul>\n<li><b>\u201cG\u201d<\/b><\/li>\n<li><b>\u201cNestem\u00e4inen ekstaasi\u201d<\/b> <i>(Huom.: nimest\u00e4\u00e4n huolimatta se ei ole kemiallisesti sukua MDMA:lle.)<\/i><\/li>\n<li><b>\u201cGeorgia Home Boy\u201d<\/b><\/li>\n<li><b>\u201cNatriumoksybaatti\u201d<\/b> <i>(FDA:n hyv\u00e4ksym\u00e4 reseptiversio)<\/i><\/li>\n<\/ul>\n<h3><b>GHB:n (natriumoksybaatti) l\u00e4\u00e4ketieteellinen k\u00e4ytt\u00f6<\/b><\/h3>\n<p>Vaikka myyt\u00e4v\u00e4n\u00e4 oleva GHB on tarkoitettu yksinomaan tutkimustarkoituksiin, sen terapeuttisten sovellusten ymm\u00e4rt\u00e4minen antaa arvokasta tietoa sen farmakologisesta profiilista.<\/p>\n<h4><b>Hyv\u00e4ksytyt terapeuttiset k\u00e4ytt\u00f6tarkoitukset:<\/b><\/h4>\n<ul>\n<li><b>Narkolepsia ja katapleksia<\/b><\/li>\n<li><b>Liiallinen p\u00e4iv\u00e4v\u00e4symys (EDS)<\/b> narkolepsiassa<\/li>\n<\/ul>\n<p><b>Miten se toimii:<\/b><br \/> Natriumoksybaatti parantaa y\u00f6unen laatua ja v\u00e4hent\u00e4\u00e4 oireita, kuten \u00e4killist\u00e4 lihasheikkoutta valveillaoloaikana.<\/p>\n<p><b>Tuotemerkki:<\/b><\/p>\n<ul>\n<li><b>Xyrem\u00ae<\/b> (Yhdysvaltain FDA:n ja muiden terveysviranomaisten hyv\u00e4ksym\u00e4).<\/li>\n<\/ul>\n<h3><b>Kemiallinen rakenne ja historia<\/b><\/h3>\n<p>Kun tilaat GHB:t\u00e4 verkossa Chemsfinen kautta, sinulle taataan tuote, jonka kemiallinen profiili on tarkistettu, mik\u00e4 takaa luotettavat tutkimustulokset.<\/p>\n<ul>\n<li><b>Molekyylikaava:<\/b> C<sub>4<\/sub>H<sub>8<\/sub>O<sub>3<\/sub><\/li>\n<li>GHB:t\u00e4 syntetisoitiin ensimm\u00e4isen kerran 1960-luvulla mahdollisena anesteettina.<\/li>\n<li>Se on rakenteellisesti samanlainen kuin v\u00e4litt\u00e4j\u00e4aine neurotransmitteri <b>GABA<\/b>, mik\u00e4 vaikuttaa osaltaan sen rauhoittaviin vaikutuksiin.<\/li>\n<\/ul>\n<h3><b>Riskit ja vasta-aiheet<\/b><\/h3>\n<p><b>T\u00c4RKEIT\u00c4 TURVALLISUUSTIETOJA:<\/b> T\u00e4m\u00e4 tuote on tarkoitettu ainoastaan laboratoriok\u00e4ytt\u00f6\u00f6n. Vaikka GHB:ll\u00e4 on l\u00e4\u00e4ketieteellisi\u00e4 sovelluksia, <b>muu kuin l\u00e4\u00e4kinn\u00e4llinen k\u00e4ytt\u00f6<\/b> sis\u00e4lt\u00e4\u00e4 merkitt\u00e4vi\u00e4 <b>terveysriskit<\/b>. Koko henkil\u00f6kunta on koulutettava turvalliseen k\u00e4sittelyyn.<\/p>\n<h4><b>Suuret riskit:<\/b><\/h4>\n<ul>\n<li>Nopea <b>tajuttomuuden alkaminen<\/b><\/li>\n<li><b>Hengityslama<\/b><\/li>\n<li><b>Kohtaukset<\/b><\/li>\n<li><b>Yliannostus<\/b>erityisesti yhdistettyn\u00e4 alkoholiin tai muihin masennusl\u00e4\u00e4kkeisiin.<\/li>\n<li>Suuri potentiaali <b>riippuvuus<\/b> ja <b>toleranssi<\/b><\/li>\n<\/ul>\n<h4><b>\u00a0GHB:n yliannostuksen oireet:<\/b><\/h4>\n<ul>\n<li>Oksentelu<\/li>\n<li>Matala hengitys<\/li>\n<li>Sekavuus tai hallusinaatiot<\/li>\n<li>Kohtaukset<\/li>\n<li>Koma<\/li>\n<\/ul>\n<h3><b>Miksi tarkkuus on t\u00e4rke\u00e4\u00e4 nestem\u00e4isen GHB:n kanssa<\/b><\/h3>\n<p>Laboratorioymp\u00e4rist\u00f6ss\u00e4 tarkkuus on ehdoton edellytys. <a href=\"https:\/\/en.wikipedia.org\/wiki\/%CE%93-Hydroxybutyric_acid\">GHB<\/a> on <b>kapea terapeuttinen ikkuna<\/b>, mik\u00e4 tarkoittaa, ett\u00e4 pieni ero annoksessa voi merkit\u00e4 eroa sedaation ja yliannostuksen v\u00e4lill\u00e4. Erityisesti valmistettaessa liuoksia jauheesta, <b>tarkka mittaus<\/b> on olennaisen t\u00e4rke\u00e4\u00e4 vaarallisten lopputulosten v\u00e4ltt\u00e4miseksi ja kokeellisen validiteetin varmistamiseksi.<\/p>\n<p>L\u00e4\u00e4ketieteellisess\u00e4 k\u00e4yt\u00f6ss\u00e4 annostelu on <b>mitattuna millilitroina (ml)<\/b> ja <b>hallinnoidaan tiukkojen ohjeiden mukaisesti<\/b>. V\u00e4\u00e4rink\u00e4ytt\u00f6 tai annosten \u201csilm\u00e4ily\u201d lis\u00e4\u00e4v\u00e4t yliannostuksen riski\u00e4 huomattavasti.<\/p>\n<h3><b>GHB:n oikeudellinen asema: maailmanlaajuinen katsaus<\/b><\/h3>\n<p><b>S\u00c4\u00c4NTELYN NOUDATTAMISTA KOSKEVA ILMOITUS:<\/b> Ennen kuin ostat GHB:t\u00e4 verkosta, on ostajan yksinomaisella vastuulla tarkistaa ja noudattaa kaikkia t\u00e4t\u00e4 ainetta koskevia paikallisia, osavaltio- ja liittovaltion s\u00e4\u00e4nn\u00f6ksi\u00e4.<\/p>\n<table>\n<tbody>\n<tr>\n<td><b>Maa<\/b><\/td>\n<td><b>Oikeudellinen asema<\/b><\/td>\n<\/tr>\n<tr>\n<td><b>YHDYSVALLAT<\/b><\/td>\n<td>Schedule I (luvaton k\u00e4ytt\u00f6), Schedule III (vain reseptill\u00e4 - Xyrem)<\/td>\n<\/tr>\n<tr>\n<td><b>UK<\/b><\/td>\n<td>Luokka C (valvottava aine)<\/td>\n<\/tr>\n<tr>\n<td><b>Kanada<\/b><\/td>\n<td>Luettelo I (kielletty paitsi luvan kanssa)<\/td>\n<\/tr>\n<tr>\n<td><b>Australia<\/b><\/td>\n<td>Luettelo 9 (kielletty aine)<\/td>\n<\/tr>\n<tr>\n<td><b>EU<\/b><\/td>\n<td>Reseptil\u00e4\u00e4ke (vaihtelee maittain)<\/td>\n<\/tr>\n<\/tbody>\n<\/table>\n<h4><b>Laittoman hankinnan seuraukset:<\/b><\/h4>\n<ul>\n<li>Rikosoikeudellinen syytteeseenpano<\/li>\n<li>Tavaroiden takavarikointi<\/li>\n<li>Ep\u00e4puhtaiden tai v\u00e4\u00e4rin merkittyjen tuotteiden aiheuttamat terveysriskit.<\/li>\n<li>Riski laittomien tai haitallisten toimitusketjujen tahattomasta tukemisesta.<\/li>\n<\/ul>\n<h3><b>Miten saada GHB turvallisesti ja laillisesti<\/b><\/h3>\n<p>Seuraavat tiedot koskevat GHB:n hankkimista ihmisravinnoksi. . <b>ainoa laillinen tapa saada GHB:t\u00e4 t\u00e4h\u00e4n tarkoitukseen.<\/b> on lisensoidun terveydenhuollon tarjoajan ja apteekin kautta, tuotenimell\u00e4 <b>Xyrem<\/b> tai vastaava hyv\u00e4ksytty natriumoksybaattivalmiste. Tuotettamme EI ole tarkoitettu ihmisravinnoksi.<\/p>\n<h4><b>\u2705 Askeleet l\u00e4\u00e4ketieteelliseen p\u00e4\u00e4syyn:<\/b><\/h4>\n<ol>\n<li>Hakeudu l\u00e4\u00e4k\u00e4rin diagnoosiin <b>Narkolepsia<\/b>.<\/li>\n<li>Vastaanota <b>resepti<\/b> sertifioidulta uniasiantuntijalta.<\/li>\n<li>Hanki tuote <b>luvan saanut apteekki tai s\u00e4\u00e4nnelty erikoisjakelija<\/b>.<\/li>\n<\/ol>\n<p><b>Ei koskaan<\/b> yrit\u00e4 ostaa GHB:t\u00e4 tuntemattomilta online-myyjilt\u00e4, markkinapaikoilta tai foorumeilta henkil\u00f6kohtaiseen k\u00e4ytt\u00f6\u00f6n. T\u00e4llaisia tuotteita voivat olla:<\/p>\n<ul>\n<li>V\u00e4\u00e4rennetyt tai myrkylliset<\/li>\n<li>V\u00e4\u00e4rin annosteltu<\/li>\n<li>Oikeudellisesti riskialtis<\/li>\n<\/ul>\n<h3><b>Johtop\u00e4\u00e4t\u00f6kset: GHB:n tilaaminen myyntiin<\/b><\/h3>\n<p>Gamma-hydroksibutyraatti on aine, jolla on laillisia l\u00e4\u00e4ketieteellisi\u00e4 k\u00e4ytt\u00f6tarkoituksia, mutta my\u00f6s vakavia mahdollisia haittoja. Vaikka se tarjoaa narkolepsiaa sairastaville ihmisille el\u00e4m\u00e4\u00e4 muuttavaa helpotusta, sit\u00e4 tulisi aina k\u00e4ytt\u00e4\u00e4 vain <b>tiukassa l\u00e4\u00e4k\u00e4rin valvonnassa<\/b> ja kautta <b>lailliset, s\u00e4\u00e4nnellyt kanavat<\/b>. Tutkimussovelluksia varten on t\u00e4rke\u00e4\u00e4 hankkia eritt\u00e4in puhdasta materiaalia hyv\u00e4maineiselta toimittajalta. Valitse Chemsfine <b>ostaa GHB<\/b> luottavaisin mielin tiet\u00e4en, ett\u00e4 saat huippulaadukkaan tuotteen laboratoriosi tarpeisiin. Olemme luotettava aitojen tutkimuskemikaalien l\u00e4hde.<\/p>","protected":false},"excerpt":{"rendered":"<p>Osta gamma-hydroksibutyraattia (GHB) verkossa Chemsfine. Tarjoamme myyntiin eritt\u00e4in puhdasta, farmaseuttista GHB:t\u00e4, joka sopii erinomaisesti laboratorio- ja tutkimussovelluksiin. T\u00e4m\u00e4 voimakas keskushermostoa lamaava aine (C\u2084H\u2088O\u2083) vaatii tarkkaa k\u00e4sittely\u00e4. Varmista s\u00e4\u00e4nn\u00f6stenmukaisuus ennen ostoa. T\u00e4m\u00e4 tuote on tarkoitettu tiukasti tutkimusk\u00e4ytt\u00f6\u00f6n, ei ihmisravinnoksi.<\/p>","protected":false},"featured_media":2442,"comment_status":"open","ping_status":"closed","template":"","meta":{"_joinchat":[]},"product_brand":[],"product_cat":[947],"product_tag":[],"class_list":{"0":"post-2443","1":"product","2":"type-product","3":"status-publish","4":"has-post-thumbnail","6":"product_cat-pharmaceutical-powders","8":"first","9":"instock","10":"shipping-taxable","11":"purchasable","12":"product-type-variable"},"yoast_head":"<!-- This site is optimized with the Yoast SEO plugin v27.2 - https:\/\/yoast.com\/product\/yoast-seo-wordpress\/ -->\n<title>Buy Gamma Hydroxybutyrate (GHB) Online - Best Price For Sale<\/title>\n<meta name=\"description\" content=\"Order top-quality Gamma Hydroxybutyrate (GHB) for sale online at Chemsfine. We offer high-purity pharmaceutical-grade powders for laboratory applications.\" \/>\n<meta name=\"robots\" content=\"index, follow, max-snippet:-1, max-image-preview:large, max-video-preview:-1\" \/>\n<link rel=\"canonical\" href=\"https:\/\/chemsfine.com\/fi\/tuote\/buy-gamma-hydroxybutyrate-ghb-2\/\" \/>\n<meta property=\"og:locale\" content=\"fi_FI\" \/>\n<meta property=\"og:type\" content=\"article\" \/>\n<meta property=\"og:title\" content=\"Buy Gamma Hydroxybutyrate (GHB) Online - Best Price For Sale\" \/>\n<meta property=\"og:description\" content=\"Order top-quality Gamma Hydroxybutyrate (GHB) for sale online at Chemsfine. We offer high-purity pharmaceutical-grade powders for laboratory applications.\" \/>\n<meta property=\"og:url\" content=\"https:\/\/chemsfine.com\/fi\/tuote\/buy-gamma-hydroxybutyrate-ghb-2\/\" \/>\n<meta property=\"og:site_name\" content=\"Chemsfine\" \/>\n<meta property=\"article:modified_time\" content=\"2026-03-25T14:54:59+00:00\" \/>\n<meta property=\"og:image\" content=\"https:\/\/chemsfine.com\/wp-content\/uploads\/2026\/02\/Buy-Gamma-Hydroxybutyrate-GHB-Liquid.jpg\" \/>\n\t<meta property=\"og:image:width\" content=\"600\" \/>\n\t<meta property=\"og:image:height\" content=\"600\" \/>\n\t<meta property=\"og:image:type\" content=\"image\/jpeg\" \/>\n<meta name=\"twitter:card\" content=\"summary_large_image\" \/>\n<meta name=\"twitter:label1\" content=\"Arvioitu lukuaika\" \/>\n\t<meta name=\"twitter:data1\" content=\"3 minuuttia\" \/>\n<script type=\"application\/ld+json\" class=\"yoast-schema-graph\">{\"@context\":\"https:\/\/schema.org\",\"@graph\":[{\"@type\":\"WebPage\",\"@id\":\"https:\/\/chemsfine.com\/product\/buy-gamma-hydroxybutyrate-ghb-2\/\",\"url\":\"https:\/\/chemsfine.com\/product\/buy-gamma-hydroxybutyrate-ghb-2\/\",\"name\":\"Buy Gamma Hydroxybutyrate (GHB) Online - Best Price For Sale\",\"isPartOf\":{\"@id\":\"https:\/\/chemsfine.com\/#website\"},\"primaryImageOfPage\":{\"@id\":\"https:\/\/chemsfine.com\/product\/buy-gamma-hydroxybutyrate-ghb-2\/#primaryimage\"},\"image\":{\"@id\":\"https:\/\/chemsfine.com\/product\/buy-gamma-hydroxybutyrate-ghb-2\/#primaryimage\"},\"thumbnailUrl\":\"https:\/\/chemsfine.com\/wp-content\/uploads\/2026\/02\/Buy-Gamma-Hydroxybutyrate-GHB-Liquid.jpg\",\"datePublished\":\"2026-02-04T10:16:54+00:00\",\"dateModified\":\"2026-03-25T14:54:59+00:00\",\"description\":\"Order top-quality Gamma Hydroxybutyrate (GHB) for sale online at Chemsfine. We offer high-purity pharmaceutical-grade powders for laboratory applications.\",\"breadcrumb\":{\"@id\":\"https:\/\/chemsfine.com\/product\/buy-gamma-hydroxybutyrate-ghb-2\/#breadcrumb\"},\"inLanguage\":\"fi\",\"potentialAction\":[{\"@type\":\"ReadAction\",\"target\":[\"https:\/\/chemsfine.com\/product\/buy-gamma-hydroxybutyrate-ghb-2\/\"]}]},{\"@type\":\"ImageObject\",\"inLanguage\":\"fi\",\"@id\":\"https:\/\/chemsfine.com\/product\/buy-gamma-hydroxybutyrate-ghb-2\/#primaryimage\",\"url\":\"https:\/\/chemsfine.com\/wp-content\/uploads\/2026\/02\/Buy-Gamma-Hydroxybutyrate-GHB-Liquid.jpg\",\"contentUrl\":\"https:\/\/chemsfine.com\/wp-content\/uploads\/2026\/02\/Buy-Gamma-Hydroxybutyrate-GHB-Liquid.jpg\",\"width\":600,\"height\":600,\"caption\":\"Buy Gamma Hydroxybutyrate GHB Online - GHB for Sale\"},{\"@type\":\"BreadcrumbList\",\"@id\":\"https:\/\/chemsfine.com\/product\/buy-gamma-hydroxybutyrate-ghb-2\/#breadcrumb\",\"itemListElement\":[{\"@type\":\"ListItem\",\"position\":1,\"name\":\"Home\",\"item\":\"https:\/\/chemsfine.com\/\"},{\"@type\":\"ListItem\",\"position\":2,\"name\":\"Shop\",\"item\":\"https:\/\/chemsfine.com\/shop\/\"},{\"@type\":\"ListItem\",\"position\":3,\"name\":\"Buy Gamma Hydroxybutyrate (GHB) Online | High-Purity GHB For Sale\"}]},{\"@type\":\"WebSite\",\"@id\":\"https:\/\/chemsfine.com\/#website\",\"url\":\"https:\/\/chemsfine.com\/\",\"name\":\"Chemsfine\",\"description\":\"My WordPress Blog\",\"publisher\":{\"@id\":\"https:\/\/chemsfine.com\/#organization\"},\"potentialAction\":[{\"@type\":\"SearchAction\",\"target\":{\"@type\":\"EntryPoint\",\"urlTemplate\":\"https:\/\/chemsfine.com\/?s={search_term_string}\"},\"query-input\":{\"@type\":\"PropertyValueSpecification\",\"valueRequired\":true,\"valueName\":\"search_term_string\"}}],\"inLanguage\":\"fi\"},{\"@type\":\"Organization\",\"@id\":\"https:\/\/chemsfine.com\/#organization\",\"name\":\"Chemsfine\",\"url\":\"https:\/\/chemsfine.com\/\",\"logo\":{\"@type\":\"ImageObject\",\"inLanguage\":\"fi\",\"@id\":\"https:\/\/chemsfine.com\/#\/schema\/logo\/image\/\",\"url\":\"https:\/\/chemsfine.com\/wp-content\/uploads\/2024\/09\/final-logo.png\",\"contentUrl\":\"https:\/\/chemsfine.com\/wp-content\/uploads\/2024\/09\/final-logo.png\",\"width\":340,\"height\":72,\"caption\":\"Chemsfine\"},\"image\":{\"@id\":\"https:\/\/chemsfine.com\/#\/schema\/logo\/image\/\"}}]}<\/script>\n<!-- \/ Yoast SEO plugin. -->","yoast_head_json":{"title":"Osta gammahydroksibutyraatti (GHB) verkossa - paras hinta myynniss\u00e4","description":"Tilaa laadukkaita gammahydroksibutyraatti (GHB) myyt\u00e4v\u00e4n\u00e4 verkossa Chemsfine. Tarjoamme eritt\u00e4in puhtaita farmaseuttisen luokan jauheita laboratoriosovelluksiin.","robots":{"index":"index","follow":"follow","max-snippet":"max-snippet:-1","max-image-preview":"max-image-preview:large","max-video-preview":"max-video-preview:-1"},"canonical":"https:\/\/chemsfine.com\/fi\/tuote\/buy-gamma-hydroxybutyrate-ghb-2\/","og_locale":"fi_FI","og_type":"article","og_title":"Buy Gamma Hydroxybutyrate (GHB) Online - Best Price For Sale","og_description":"Order top-quality Gamma Hydroxybutyrate (GHB) for sale online at Chemsfine. We offer high-purity pharmaceutical-grade powders for laboratory applications.","og_url":"https:\/\/chemsfine.com\/fi\/tuote\/buy-gamma-hydroxybutyrate-ghb-2\/","og_site_name":"Chemsfine","article_modified_time":"2026-03-25T14:54:59+00:00","og_image":[{"width":600,"height":600,"url":"https:\/\/chemsfine.com\/wp-content\/uploads\/2026\/02\/Buy-Gamma-Hydroxybutyrate-GHB-Liquid.jpg","type":"image\/jpeg"}],"twitter_card":"summary_large_image","twitter_misc":{"Arvioitu lukuaika":"3 minuuttia"},"schema":{"@context":"https:\/\/schema.org","@graph":[{"@type":"WebPage","@id":"https:\/\/chemsfine.com\/product\/buy-gamma-hydroxybutyrate-ghb-2\/","url":"https:\/\/chemsfine.com\/product\/buy-gamma-hydroxybutyrate-ghb-2\/","name":"Osta gammahydroksibutyraatti (GHB) verkossa - paras hinta myynniss\u00e4","isPartOf":{"@id":"https:\/\/chemsfine.com\/#website"},"primaryImageOfPage":{"@id":"https:\/\/chemsfine.com\/product\/buy-gamma-hydroxybutyrate-ghb-2\/#primaryimage"},"image":{"@id":"https:\/\/chemsfine.com\/product\/buy-gamma-hydroxybutyrate-ghb-2\/#primaryimage"},"thumbnailUrl":"https:\/\/chemsfine.com\/wp-content\/uploads\/2026\/02\/Buy-Gamma-Hydroxybutyrate-GHB-Liquid.jpg","datePublished":"2026-02-04T10:16:54+00:00","dateModified":"2026-03-25T14:54:59+00:00","description":"Tilaa laadukkaita gammahydroksibutyraatti (GHB) myyt\u00e4v\u00e4n\u00e4 verkossa Chemsfine. Tarjoamme eritt\u00e4in puhtaita farmaseuttisen luokan jauheita laboratoriosovelluksiin.","breadcrumb":{"@id":"https:\/\/chemsfine.com\/product\/buy-gamma-hydroxybutyrate-ghb-2\/#breadcrumb"},"inLanguage":"fi","potentialAction":[{"@type":"ReadAction","target":["https:\/\/chemsfine.com\/product\/buy-gamma-hydroxybutyrate-ghb-2\/"]}]},{"@type":"ImageObject","inLanguage":"fi","@id":"https:\/\/chemsfine.com\/product\/buy-gamma-hydroxybutyrate-ghb-2\/#primaryimage","url":"https:\/\/chemsfine.com\/wp-content\/uploads\/2026\/02\/Buy-Gamma-Hydroxybutyrate-GHB-Liquid.jpg","contentUrl":"https:\/\/chemsfine.com\/wp-content\/uploads\/2026\/02\/Buy-Gamma-Hydroxybutyrate-GHB-Liquid.jpg","width":600,"height":600,"caption":"Buy Gamma Hydroxybutyrate GHB Online - GHB for Sale"},{"@type":"BreadcrumbList","@id":"https:\/\/chemsfine.com\/product\/buy-gamma-hydroxybutyrate-ghb-2\/#breadcrumb","itemListElement":[{"@type":"ListItem","position":1,"name":"Home","item":"https:\/\/chemsfine.com\/"},{"@type":"ListItem","position":2,"name":"Shop","item":"https:\/\/chemsfine.com\/shop\/"},{"@type":"ListItem","position":3,"name":"Buy Gamma Hydroxybutyrate (GHB) Online | High-Purity GHB For Sale"}]},{"@type":"WebSite","@id":"https:\/\/chemsfine.com\/#website","url":"https:\/\/chemsfine.com\/","name":"Chemsfine","description":"Minun WordPress blogi","publisher":{"@id":"https:\/\/chemsfine.com\/#organization"},"potentialAction":[{"@type":"SearchAction","target":{"@type":"EntryPoint","urlTemplate":"https:\/\/chemsfine.com\/?s={search_term_string}"},"query-input":{"@type":"PropertyValueSpecification","valueRequired":true,"valueName":"search_term_string"}}],"inLanguage":"fi"},{"@type":"Organization","@id":"https:\/\/chemsfine.com\/#organization","name":"Chemsfine","url":"https:\/\/chemsfine.com\/","logo":{"@type":"ImageObject","inLanguage":"fi","@id":"https:\/\/chemsfine.com\/#\/schema\/logo\/image\/","url":"https:\/\/chemsfine.com\/wp-content\/uploads\/2024\/09\/final-logo.png","contentUrl":"https:\/\/chemsfine.com\/wp-content\/uploads\/2024\/09\/final-logo.png","width":340,"height":72,"caption":"Chemsfine"},"image":{"@id":"https:\/\/chemsfine.com\/#\/schema\/logo\/image\/"}}]}},"_links":{"self":[{"href":"https:\/\/chemsfine.com\/fi\/wp-json\/wp\/v2\/product\/2443","targetHints":{"allow":["GET"]}}],"collection":[{"href":"https:\/\/chemsfine.com\/fi\/wp-json\/wp\/v2\/product"}],"about":[{"href":"https:\/\/chemsfine.com\/fi\/wp-json\/wp\/v2\/types\/product"}],"replies":[{"embeddable":true,"href":"https:\/\/chemsfine.com\/fi\/wp-json\/wp\/v2\/comments?post=2443"}],"wp:featuredmedia":[{"embeddable":true,"href":"https:\/\/chemsfine.com\/fi\/wp-json\/wp\/v2\/media\/2442"}],"wp:attachment":[{"href":"https:\/\/chemsfine.com\/fi\/wp-json\/wp\/v2\/media?parent=2443"}],"wp:term":[{"taxonomy":"product_brand","embeddable":true,"href":"https:\/\/chemsfine.com\/fi\/wp-json\/wp\/v2\/product_brand?post=2443"},{"taxonomy":"product_cat","embeddable":true,"href":"https:\/\/chemsfine.com\/fi\/wp-json\/wp\/v2\/product_cat?post=2443"},{"taxonomy":"product_tag","embeddable":true,"href":"https:\/\/chemsfine.com\/fi\/wp-json\/wp\/v2\/product_tag?post=2443"}],"curies":[{"name":"wp","href":"https:\/\/api.w.org\/{rel}","templated":true}]}}