{"id":5477,"date":"2026-02-12T09:48:17","date_gmt":"2026-02-12T09:48:17","guid":{"rendered":"https:\/\/chemsfine.com\/?post_type=product&#038;p=5477"},"modified":"2026-03-25T14:28:57","modified_gmt":"2026-03-25T14:28:57","slug":"buy-dipyanone-opioid-analgesic","status":"publish","type":"product","link":"https:\/\/chemsfine.com\/fi\/product\/buy-dipyanone-opioid-analgesic\/","title":{"rendered":"Dipyanoni - eritt\u00e4in puhdas opioidianalgeetti tutkimusta varten"},"content":{"rendered":"<p>Kun yrit\u00e4t <b>ostaa Dipyanone myyt\u00e4v\u00e4n\u00e4<\/b>, Chemsfine tarjoaa poikkeuksellisen korkean puhtausasteen, joka on v\u00e4ltt\u00e4m\u00e4t\u00f6n tiukkojen tieteellisten tutkimusten kannalta. T\u00e4m\u00e4 erillinen opioidianalgeetti on merkitt\u00e4v\u00e4 suunnitteluhuume, jolla on farmakologisia ominaisuuksia, jotka muistuttavat vakiintuneita opioidianalgeetteja. N\u00e4m\u00e4 alkuper\u00e4iset yhdisteet kehitettiin ensisijaisesti opioidiriippuvuuden ratkaisemiseksi, ja niihin kuuluvat merkitt\u00e4v\u00e4t aineet, kuten dipipanoni, metadoni ja fenadoksoni. Tutkijat maailmanlaajuisesti tunnustavat, ett\u00e4 dipyanonin kaltaisten korkealaatuisten yhdisteiden tarve on v\u00e4ltt\u00e4m\u00e4t\u00f6nt\u00e4, jotta ymm\u00e4rryst\u00e4 voidaan lis\u00e4t\u00e4 erilaisissa analyyttisiss\u00e4 ja farmakologisissa yhteyksiss\u00e4. Yhdisteen taattu puhtaus on v\u00e4hint\u00e4\u00e4n 98,0%, ja se toimitetaan puhtaana kiinte\u00e4n\u00e4 aineena tai kiteisen\u00e4 jauheena, mik\u00e4 takaa soveltuvuuden vaativiin laboratorioymp\u00e4rist\u00f6ihin.<\/p>\n<h2>Mik\u00e4 on dipyanoni?<\/h2>\n<p><b>Dipyanoni<\/b> luokitellaan huolellisesti opioidianalgeettiseksi l\u00e4\u00e4kkeeksi, joka on nimitys, jonka mukaan se kuuluu luokkaan aineita, jotka tunnetaan kipua lievitt\u00e4vist\u00e4 ominaisuuksistaan, usein vuorovaikutuksen kautta opioidireseptorien kanssa. Sen rakenteellista eheytt\u00e4 korostavat sen <a href=\"https:\/\/chemsfine.com\/fi\/tuote\/back-home-cannabis-co-white-widow-flower-buy-online\/\">IUPAC-nimi<\/a>: 4,4-difenyyli-6-(1-pyrrolidinyyli)-heptan-3-oni, joka tarjoaa yksiselitteisen tunnisteen tieteellist\u00e4 keskustelua varten. Tarkoista kemiallisista ominaisuuksista kiinnostuneet tutkijat merkitsev\u00e4t sen muodollisen nimen 4,4-difenyyli-6-(1-pyrrolidinyyli)-3-heptanoni, monohydrokloridi, jossa on merkint\u00e4 \"4,4-difenyyli-6-(1-pyrrolidinyyli)-3-heptanoni\". <a href=\"https:\/\/chemsfine.com\/fi\/tuote\/buy-a-pihp-online\/\">liittyv\u00e4 CAS-numero<\/a> 102762-20-9. Molekyylikoostumusta kuvaa tarkasti kaava C<sub>23<\/sub>H<sub>29<\/sub>NO - HCl, jolloin kaavan paino on 372,0. Kuten <b>huippulaatuinen Dipyanoni<\/b> yhdisteen huolellinen kemiallinen m\u00e4\u00e4rittely tukee luotettavia ja toistettavia tutkimustuloksia.<\/p>\n<p>Dipyanonia tutkitaan sen mahdollisen tehokkuuden kannalta analgeettisen morfiinin korvaajana erityisesti tilanteissa, joissa morfiini saattaa olla vasta-aiheinen erityisten potilasolosuhteiden tai tutkimusparametrien vuoksi. T\u00e4m\u00e4 n\u00e4k\u00f6kohta korostaa sen merkityst\u00e4 tutkimuksissa, joilla pyrit\u00e4\u00e4n kehitt\u00e4m\u00e4\u00e4n vaihtoehtoisia farmakologisia v\u00e4lineit\u00e4. Dipyanoni on rakenteellisesti dipipanonin analogi. T\u00e4m\u00e4 rakenteellinen samankaltaisuus on ratkaisevan t\u00e4rke\u00e4\u00e4, koska dipipanoni, kun se on historiallisesti yhdistetty syklisiiniin (jota markkinoidaan nimell\u00e4 Diconal tai Wellconal), on huomattu sen kyvyst\u00e4 lievitt\u00e4\u00e4 tiettyj\u00e4 haittavaikutuksia, kuten oksentelua, ja moduloida histamiinin vapautumista. N\u00e4iden rakenteellisten ja toiminnallisten suhteiden ymm\u00e4rt\u00e4minen on elint\u00e4rke\u00e4\u00e4 dipyanonin ainutlaatuisen profiilin kattavan tutkimuksen kannalta.<\/p>\n<h3>Tuotetiedot: Dipyanoni Tekniset tiedot<\/h3>\n<table>\n<thead>\n<tr>\n<th>Attribuutti<\/th>\n<th>Yksityiskohta<\/th>\n<\/tr>\n<\/thead>\n<tbody>\n<tr>\n<td><b>IUPAC-nimi<\/b><\/td>\n<td>4,4-difenyyli-6-(1-pyrrolidinyyli)-heptan-3-oni<\/td>\n<\/tr>\n<tr>\n<td><b>Synonyymit<\/b><\/td>\n<td>Dipyanoni, N-pyrrolidino Metadoni<\/td>\n<\/tr>\n<tr>\n<td><b>Virallinen nimi<\/b><\/td>\n<td>4,4-difenyyli-6-(1-pyrrolidinyyli)-3-heptanoni, monohydrokloridi<\/td>\n<\/tr>\n<tr>\n<td>\n<td><b>Cas-numero<\/b><\/td>\n<td>102762-20-9<\/td>\n<\/tr>\n<tr>\n<td><b>Kaava<\/b><\/td>\n<td>C<sub>23<\/sub>H<sub>29<\/sub>NO - HCl<\/td>\n<\/tr>\n<tr>\n<td><b>Kaava Paino<\/b><\/td>\n<td>372.0<\/td>\n<\/tr>\n<tr>\n<td><b>Puhtaus<\/b><\/td>\n<td>98.0 % min.<\/td>\n<\/tr>\n<tr>\n<td><b>Valmisteet<\/b><\/td>\n<td>Siisti kiinte\u00e4, jauhemainen<\/td>\n<\/tr>\n<tr>\n<td><b>Ulkon\u00e4k\u00f6<\/b><\/td>\n<td>Kiteinen kiinte\u00e4 aine, jauhe<\/td>\n<\/tr>\n<tr>\n<td><b>Liukoisuus<\/b><\/td>\n<td>DMSO: 10 mg\/ml<\/td>\n<\/tr>\n<\/tbody>\n<\/table>\n<h2>Miksi ostaa Dipyanonea verkossa Chemsfinen kautta?<\/h2>\n<p>Valitsemalla <b>ostaa Dipyanone verkossa<\/b> hyv\u00e4maineiselta toimittajalta, kuten Chemsfine, varmistaa p\u00e4\u00e4syn <b>paras saatavilla oleva Dipyanoni<\/b> markkinoilla tutkimustarkoituksiin. Priorisoimme seuraavien palvelujen tarjoamista <b>eritt\u00e4in puhdas Dipyanoni myyt\u00e4v\u00e4n\u00e4<\/b>, jotka on testattu huolellisesti t\u00e4ytt\u00e4\u00e4kseen tiukat laatuvaatimukset. Sitoutumisemme huippuosaamiseen tarkoittaa, ett\u00e4 jokainen er\u00e4 analysoidaan tarkasti, mik\u00e4 vahvistaa sen kemiallisen eheyden ja koostumuksen. Lis\u00e4ksi omistautumisemme ulottuu l\u00e4pin\u00e4kyvien tuotetietojen tarjoamiseen kattavista analyysitiedoista todennettuihin er\u00e4kohtaisiin tietoihin, jolloin tutkijat voivat luottaa t\u00e4ysin valitsemiinsa materiaaleihin. T\u00e4m\u00e4 laadunvarmistuksen taso on ensiarvoisen t\u00e4rke\u00e4\u00e4 luotettavien ja tarkkojen kokeellisten tulosten tuottamiseksi vaativissa laboratorioymp\u00e4rist\u00f6iss\u00e4.<\/p>\n<p>Chemsfine ymm\u00e4rt\u00e4\u00e4 tutkimusyhteis\u00f6n moninaiset tarpeet, mink\u00e4 vuoksi tarjoamme Dipyanonia eri painoisina, mik\u00e4 mahdollistaa joustavat hankintamahdollisuudet, jotka on r\u00e4\u00e4t\u00e4l\u00f6ity projektin erityisvaatimusten mukaan. Tarvitsitpa sitten pient\u00e4 m\u00e4\u00e4r\u00e4\u00e4 ensimm\u00e4isi\u00e4 testej\u00e4 varten tai suurempia m\u00e4\u00e4ri\u00e4 laajoja tutkimuksia varten, skaalautuvien tarjoustemme ansiosta voit hankkia juuri sen, mit\u00e4 tarvitset. Kilpailukykyinen hinnoittelurakenteemme yhdistettyn\u00e4 vankkumattomaan sitoutumiseemme laatuun ja palveluun tekee meist\u00e4 ensisijaisen kumppanin laitoksille ja yksitt\u00e4isille tutkijoille, jotka etsiv\u00e4t aitoja ja puhtaita yhdisteit\u00e4. Varmistamme turvallisen ja huomaamattoman ostoprosessin ja noudatamme korkeimpia ammattimaisen toiminnan ja asiakastyytyv\u00e4isyyden standardeja. T\u00e4m\u00e4 kokonaisvaltainen l\u00e4hestymistapa korostaa mainettamme erikoistuneiden tutkimuskemikaalien luotettavana l\u00e4hteen\u00e4.<\/p>\n<h3>Saatavilla olevat painot ja hinnat:<\/h3>\n<table>\n<thead>\n<tr>\n<th>PAINO<\/th>\n<th>HINTA (per gramma)<\/th>\n<\/tr>\n<\/thead>\n<tbody>\n<tr>\n<td>5g<\/td>\n<td>$20.00<\/td>\n<\/tr>\n<tr>\n<td>10g<\/td>\n<td>$16.00<\/td>\n<\/tr>\n<tr>\n<td>25g<\/td>\n<td>$12.00<\/td>\n<\/tr>\n<tr>\n<td>50g<\/td>\n<td>$9.00<\/td>\n<\/tr>\n<tr>\n<td>100g<\/td>\n<td>$6.50<\/td>\n<\/tr>\n<tr>\n<td>250g<\/td>\n<td>$6.00<\/td>\n<\/tr>\n<tr>\n<td>500g<\/td>\n<td>$5.00<\/td>\n<\/tr>\n<tr>\n<td>1000g<\/td>\n<td>$4.00<\/td>\n<\/tr>\n<\/tbody>\n<\/table>\n<h2>Dipyanonin sovellukset tutkimuksessa<\/h2>\n<p>Ensisijainen hy\u00f6ty <b>Dipyanoni<\/b> kuuluu tieteellisen tutkimuksen piiriin, erityisesti uusien opioidianalgeettien ja niiden farmakologisten profiilien tutkimisen osalta. Vaikka sit\u00e4 ei ole koskaan k\u00e4ytetty l\u00e4\u00e4ketieteellisesti, sen rakenteelliset yht\u00e4l\u00e4isyydet dipipanonin, metadonin ja fenadoksonin kaltaisten yhdisteiden kanssa tekev\u00e4t siit\u00e4 kiehtovan aiheen syvent\u00e4v\u00e4lle tutkimukselle. T\u00e4m\u00e4n hienostuneen yhdisteen tutkimussovelluksiin kuuluvat muun muassa seuraavat avainalueet:<\/p>\n<ul>\n<li>Uusien opioidiyhdisteiden sitoutumisaffiniteettien ja reseptorfarmakologian tutkiminen.<\/li>\n<li>Mahdollisten analgeettisten ominaisuuksien ja vaikutusmekanismien tutkiminen kontrolloiduissa laboratorio-olosuhteissa.<\/li>\n<li>Tutkitaan sen rakenteellista suhdetta muihin opioidianalgeetteihin, kuten dipipanoniin, rakenne-aktiivisuussuhteiden ymm\u00e4rt\u00e4miseksi.<\/li>\n<li>Tutkitaan mahdollisia sovelluksia korvaavana yhdisteen\u00e4 riippuvuusmalleissa, jotka perustuvat ostajien raportoimiin suosituksiin. <b>Dipyanone verkossa<\/b> vahvempien opioidil\u00e4\u00e4kkeiden k\u00e4yt\u00f6n v\u00e4hent\u00e4miseksi.<\/li>\n<li>Analyyttisten toksikologisten ja aineenvaihduntatutkimusten tekeminen sen biologisissa j\u00e4rjestelmiss\u00e4 tapahtuvan kohtalon ymm\u00e4rt\u00e4miseksi.<\/li>\n<li>Uusien analyysimenetelmien kehitt\u00e4minen ja <a href=\"https:\/\/chemsfine.com\/fi\/tuote\/back-home-cannabis-co-white-widow-flower-buy-online\/\">vertailustandardit<\/a> design-opioideja varten.<\/li>\n<li>Opioidianalogien vaikutusten tutkiminen neurokemiallisiin reitteihin ja soluvasteisiin.<\/li>\n<\/ul>\n<p>On t\u00e4rke\u00e4\u00e4 korostaa, ett\u00e4 kaikki sovellukset on tarkoitettu yksinomaan tutkimus- ja analyysitarkoituksiin, jotka p\u00e4tev\u00e4t ammattilaiset suorittavat valvotuissa laboratorio-olosuhteissa.<\/p>\n<h2>Dipyanonitutkimuksen turvallisuus ja vaatimustenmukaisuus<\/h2>\n<p>Koska dipyanoni on muuntohuume, jonka toksikologisia ja farmakologisia vaikutuksia ei viel\u00e4 t\u00e4ysin tunneta, turvallisuusprotokollien tiukka noudattaminen ja s\u00e4\u00e4d\u00f6sten noudattaminen on ensiarvoisen t\u00e4rke\u00e4\u00e4 kaikille tutkijoille. T\u00e4t\u00e4 yhdistett\u00e4 ei ole koskaan k\u00e4ytetty l\u00e4\u00e4ketieteellisesti, mik\u00e4 edellytt\u00e4\u00e4 varovaista ja vastuullista l\u00e4hestymistapaa sen k\u00e4sittelyyn ja tutkimiseen. Tutkijoita kehotetaan tutustumaan k\u00e4ytt\u00f6turvallisuustiedotteeseen (SDS), josta l\u00f6ytyv\u00e4t kattavat tiedot turvallisesta k\u00e4sittelyst\u00e4, varastoinnista ja h\u00e4t\u00e4tilanteita koskevista menettelyist\u00e4. Analyysitodistuksen (CoA) hankkiminen toimittajalta, kuten Chemsfinelt\u00e4, on my\u00f6s ratkaisevan t\u00e4rke\u00e4\u00e4, jotta voidaan varmistaa, ett\u00e4 aine on puhdasta ja identtist\u00e4.<\/p>\n<p>Dipyanonia k\u00e4sitelt\u00e4ess\u00e4 on aina k\u00e4ytett\u00e4v\u00e4 asianmukaisia henkil\u00f6kohtaisia suojavarusteita, kuten laboratoriotakkia, k\u00e4sineit\u00e4 ja silmiensuojaimia. Kaikki kokeellinen ty\u00f6 on suoritettava valvotussa laboratorioymp\u00e4rist\u00f6ss\u00e4, mieluiten huurrehuoneessa tai riitt\u00e4v\u00e4ss\u00e4 ilmanvaihdossa, altistumisriskien minimoimiseksi. Lis\u00e4ksi tutkijoiden on oltava t\u00e4ysin tietoisia kaikista sovellettavista alueellisista ja institutionaalisista m\u00e4\u00e4r\u00e4yksist\u00e4, jotka koskevat tutkimuskemikaalien k\u00e4sittely\u00e4, varastointia ja h\u00e4vitt\u00e4mist\u00e4, erityisesti niiden, joilla on mahdollista farmakologista vaikutusta, ja noudatettava niit\u00e4. Vastuulliset tutkimusk\u00e4yt\u00e4nn\u00f6t ovat ehdottoman v\u00e4ltt\u00e4m\u00e4tt\u00f6mi\u00e4, kun ty\u00f6skennell\u00e4\u00e4n seuraavien yhdisteiden kanssa <b>laboratoriolaatuinen dipyanoni myyt\u00e4v\u00e4n\u00e4<\/b>.<\/p>\n<h2>Miksi valita Chemsfine dipyanonin tarpeisiin?<\/h2>\n<p>Kun p\u00e4\u00e4t\u00e4t <b>tilata Dipyanone verkossa<\/b>, valitsemalla Chemsfinen toimittajaksi takaat kumppanuuden, joka perustuu avoimuuteen, laatuun ja kilpailukykyiseen hinnoitteluun. Olemme ylpeit\u00e4 siit\u00e4, ett\u00e4 tarjoamme huolellisesti yksityiskohtaisia tuotetietoja, joilla varmistamme, ett\u00e4 sinulla on kaikki tarvittavat tiedot tutkimuspyrkimyksi\u00e4si varten. Sitoutumisemme todennettuun er\u00e4kirjanpitoon tarkoittaa, ett\u00e4 jokainen gramma saamasi Dipyanonea on l\u00e4p\u00e4issyt tarkat testit, jotka vahvistavat sen puhtauden ja aitouden. T\u00e4m\u00e4 omistautuminen laadunvarmistukselle tarjoaa v\u00e4ltt\u00e4m\u00e4tt\u00f6m\u00e4n perustan tieteellisten hankkeidesi eheydelle.<\/p>\n<p>Ylivoimaisen tuotelaadun lis\u00e4ksi Chemsfine varmistaa my\u00f6s saumattoman ja turvallisen ostokokemuksen. Ymm\u00e4rr\u00e4mme tutkimuskemikaalien luotettavan hankinnan merkityksen, ja virtaviivainen tilausprosessimme yhdistettyn\u00e4 huomaamattomaan ja tehokkaaseen toimitukseen on suunniteltu vastaamaan odotuksiasi. Kilpailukykyinen hinnoittelurakenteemme, joka on esitetty yksityiskohtaisesti yll\u00e4 olevassa taulukossa, osoittaa sitoutumisemme siihen, ett\u00e4 teemme <b>aito Dipyanoni<\/b> laajalle joukolle tutkimuslaitoksia ja yksitt\u00e4isi\u00e4 tutkijoita laadusta tinkim\u00e4tt\u00e4. Chemsfinen valitseminen tarkoittaa, ett\u00e4 valitset luotettavan palveluntarjoajan, joka tukee tieteellisten keksint\u00f6jen edist\u00e4mist\u00e4 luotettavien toimitusten ja poikkeuksellisen palvelun avulla. Olemme omistautuneet tarjoamaan eritt\u00e4in puhtaita yhdisteit\u00e4, joita tarvitset menestyksekk\u00e4isiin tutkimustuloksiin.<\/p>\n<h2>P\u00e4\u00e4telm\u00e4<\/h2>\n<p>Yhteenvetona voidaan todeta, ett\u00e4 dipyanoni on kiehtova ja kriittinen yhdiste kehittyneelle farmakologiselle ja analyyttiselle tutkimukselle, erityisesti opioidianalgeettien ja mahdollisten vaihtoehtojen tutkimuksessa. Sen ainutlaatuiset rakenteelliset ja toiminnalliset ominaisuudet sek\u00e4 sen asema design-l\u00e4\u00e4kkeen\u00e4 edellytt\u00e4v\u00e4t sitoutumista eritt\u00e4in puhtaaseen hankintaan ja tiukkoihin turvallisuusprotokolliin. Chemsfine on luotettava kumppanisi, kun haluatte seuraavaa <b>ostaa Dipyanone myyt\u00e4v\u00e4n\u00e4<\/b>, joka tarjoaa todennetun, laadukkaan tuotteen, jota tukevat kattavat tiedot ja poikkeuksellinen asiakastuki. Tarjoamme tutkijoille turvallisen alustan <b>osta nyt verkossa<\/b>, N\u00e4in varmistetaan, ett\u00e4 t\u00e4m\u00e4n t\u00e4rke\u00e4n kemikaalin parissa teht\u00e4v\u00e4 ty\u00f6 voi jatkua luotettavasti ja tarkasti. Luota Chemsfineen tutkimuskemikaalitarpeidesi osalta, jossa laatu ja tieteellinen rehellisyys ovat ensiarvoisen t\u00e4rkeit\u00e4 jokaisessa turvallisessa ostoksessa.<\/p>","protected":false},"excerpt":{"rendered":"<p>Tutustu <b>Dipyanoni<\/b>, a designer opioid analgesic with properties similar to dipipanone and methadone, often researched as a potential morphine substitute. This <b>high-purity Dipyanone for sale<\/b> compound, available as a neat solid or powder, is offered strictly for research applications. You can <b>buy Dipyanone<\/b> at Chemsfine for analytical and laboratory studies, ensuring an <b>aito Dipyanoni<\/b> product for your scientific endeavors.<\/p>","protected":false},"featured_media":5498,"comment_status":"open","ping_status":"closed","template":"","meta":{"_joinchat":[]},"product_brand":[],"product_cat":[953],"product_tag":[],"class_list":{"0":"post-5477","1":"product","2":"type-product","3":"status-publish","4":"has-post-thumbnail","6":"product_cat-opioids","8":"first","9":"instock","10":"shipping-taxable","11":"purchasable","12":"product-type-variable"},"yoast_head":"<!-- This site is optimized with the Yoast SEO plugin v27.2 - https:\/\/yoast.com\/product\/yoast-seo-wordpress\/ -->\n<title>Buy Dipyanone Online: High Purity Research Chemical<\/title>\n<meta name=\"description\" content=\"Explore high-purity Dipyanone for sale at Chemsfine. An opioid analgesic analogue, ideal for advanced research. Order Dipyanone online now for reliable quality.\" \/>\n<meta name=\"robots\" content=\"index, follow, max-snippet:-1, max-image-preview:large, max-video-preview:-1\" \/>\n<link rel=\"canonical\" href=\"https:\/\/chemsfine.com\/fi\/tuote\/buy-dipyanone-opioid-analgesic\/\" \/>\n<meta property=\"og:locale\" content=\"fi_FI\" \/>\n<meta property=\"og:type\" content=\"article\" \/>\n<meta property=\"og:title\" content=\"Buy Dipyanone Online: High Purity Research Chemical\" \/>\n<meta property=\"og:description\" content=\"Explore high-purity Dipyanone for sale at Chemsfine. An opioid analgesic analogue, ideal for advanced research. Order Dipyanone online now for reliable quality.\" \/>\n<meta property=\"og:url\" content=\"https:\/\/chemsfine.com\/fi\/tuote\/buy-dipyanone-opioid-analgesic\/\" \/>\n<meta property=\"og:site_name\" content=\"Chemsfine\" \/>\n<meta property=\"article:modified_time\" content=\"2026-03-25T14:28:57+00:00\" \/>\n<meta property=\"og:image\" content=\"https:\/\/chemsfine.com\/wp-content\/uploads\/2026\/02\/dipyanone-1-1.jpg\" \/>\n\t<meta property=\"og:image:width\" content=\"600\" \/>\n\t<meta property=\"og:image:height\" content=\"500\" \/>\n\t<meta property=\"og:image:type\" content=\"image\/jpeg\" \/>\n<meta name=\"twitter:card\" content=\"summary_large_image\" \/>\n<meta name=\"twitter:label1\" content=\"Arvioitu lukuaika\" \/>\n\t<meta name=\"twitter:data1\" content=\"7 minuuttia\" \/>\n<script type=\"application\/ld+json\" class=\"yoast-schema-graph\">{\"@context\":\"https:\/\/schema.org\",\"@graph\":[{\"@type\":\"WebPage\",\"@id\":\"https:\/\/chemsfine.com\/product\/buy-dipyanone-opioid-analgesic\/\",\"url\":\"https:\/\/chemsfine.com\/product\/buy-dipyanone-opioid-analgesic\/\",\"name\":\"Buy Dipyanone Online: High Purity Research Chemical\",\"isPartOf\":{\"@id\":\"https:\/\/chemsfine.com\/#website\"},\"primaryImageOfPage\":{\"@id\":\"https:\/\/chemsfine.com\/product\/buy-dipyanone-opioid-analgesic\/#primaryimage\"},\"image\":{\"@id\":\"https:\/\/chemsfine.com\/product\/buy-dipyanone-opioid-analgesic\/#primaryimage\"},\"thumbnailUrl\":\"https:\/\/chemsfine.com\/wp-content\/uploads\/2026\/02\/dipyanone-1-1.jpg\",\"datePublished\":\"2026-02-12T09:48:17+00:00\",\"dateModified\":\"2026-03-25T14:28:57+00:00\",\"description\":\"Explore high-purity Dipyanone for sale at Chemsfine. An opioid analgesic analogue, ideal for advanced research. Order Dipyanone online now for reliable quality.\",\"breadcrumb\":{\"@id\":\"https:\/\/chemsfine.com\/product\/buy-dipyanone-opioid-analgesic\/#breadcrumb\"},\"inLanguage\":\"fi\",\"potentialAction\":[{\"@type\":\"ReadAction\",\"target\":[\"https:\/\/chemsfine.com\/product\/buy-dipyanone-opioid-analgesic\/\"]}]},{\"@type\":\"ImageObject\",\"inLanguage\":\"fi\",\"@id\":\"https:\/\/chemsfine.com\/product\/buy-dipyanone-opioid-analgesic\/#primaryimage\",\"url\":\"https:\/\/chemsfine.com\/wp-content\/uploads\/2026\/02\/dipyanone-1-1.jpg\",\"contentUrl\":\"https:\/\/chemsfine.com\/wp-content\/uploads\/2026\/02\/dipyanone-1-1.jpg\",\"width\":600,\"height\":500},{\"@type\":\"BreadcrumbList\",\"@id\":\"https:\/\/chemsfine.com\/product\/buy-dipyanone-opioid-analgesic\/#breadcrumb\",\"itemListElement\":[{\"@type\":\"ListItem\",\"position\":1,\"name\":\"Home\",\"item\":\"https:\/\/chemsfine.com\/\"},{\"@type\":\"ListItem\",\"position\":2,\"name\":\"Shop\",\"item\":\"https:\/\/chemsfine.com\/shop\/\"},{\"@type\":\"ListItem\",\"position\":3,\"name\":\"Dipyanone \u2013 High Purity Opioid Analgesic for Research\"}]},{\"@type\":\"WebSite\",\"@id\":\"https:\/\/chemsfine.com\/#website\",\"url\":\"https:\/\/chemsfine.com\/\",\"name\":\"Chemsfine\",\"description\":\"My WordPress Blog\",\"publisher\":{\"@id\":\"https:\/\/chemsfine.com\/#organization\"},\"potentialAction\":[{\"@type\":\"SearchAction\",\"target\":{\"@type\":\"EntryPoint\",\"urlTemplate\":\"https:\/\/chemsfine.com\/?s={search_term_string}\"},\"query-input\":{\"@type\":\"PropertyValueSpecification\",\"valueRequired\":true,\"valueName\":\"search_term_string\"}}],\"inLanguage\":\"fi\"},{\"@type\":\"Organization\",\"@id\":\"https:\/\/chemsfine.com\/#organization\",\"name\":\"Chemsfine\",\"url\":\"https:\/\/chemsfine.com\/\",\"logo\":{\"@type\":\"ImageObject\",\"inLanguage\":\"fi\",\"@id\":\"https:\/\/chemsfine.com\/#\/schema\/logo\/image\/\",\"url\":\"https:\/\/chemsfine.com\/wp-content\/uploads\/2024\/09\/final-logo.png\",\"contentUrl\":\"https:\/\/chemsfine.com\/wp-content\/uploads\/2024\/09\/final-logo.png\",\"width\":340,\"height\":72,\"caption\":\"Chemsfine\"},\"image\":{\"@id\":\"https:\/\/chemsfine.com\/#\/schema\/logo\/image\/\"}}]}<\/script>\n<!-- \/ Yoast SEO plugin. -->","yoast_head_json":{"title":"Osta Dipyanone verkossa: Dipyanoni: Korkea puhtaus Tutkimuskemikaalit","description":"Tutustu Chemsfinen myyt\u00e4v\u00e4\u00e4n eritt\u00e4in puhtaaseen dipyanoniin. Opioidianalogi, joka sopii erinomaisesti kehittyneeseen tutkimukseen. Tilaa Dipyanone verkossa nyt luotettavaa laatua varten.","robots":{"index":"index","follow":"follow","max-snippet":"max-snippet:-1","max-image-preview":"max-image-preview:large","max-video-preview":"max-video-preview:-1"},"canonical":"https:\/\/chemsfine.com\/fi\/tuote\/buy-dipyanone-opioid-analgesic\/","og_locale":"fi_FI","og_type":"article","og_title":"Buy Dipyanone Online: High Purity Research Chemical","og_description":"Explore high-purity Dipyanone for sale at Chemsfine. An opioid analgesic analogue, ideal for advanced research. Order Dipyanone online now for reliable quality.","og_url":"https:\/\/chemsfine.com\/fi\/tuote\/buy-dipyanone-opioid-analgesic\/","og_site_name":"Chemsfine","article_modified_time":"2026-03-25T14:28:57+00:00","og_image":[{"width":600,"height":500,"url":"https:\/\/chemsfine.com\/wp-content\/uploads\/2026\/02\/dipyanone-1-1.jpg","type":"image\/jpeg"}],"twitter_card":"summary_large_image","twitter_misc":{"Arvioitu lukuaika":"7 minuuttia"},"schema":{"@context":"https:\/\/schema.org","@graph":[{"@type":"WebPage","@id":"https:\/\/chemsfine.com\/product\/buy-dipyanone-opioid-analgesic\/","url":"https:\/\/chemsfine.com\/product\/buy-dipyanone-opioid-analgesic\/","name":"Osta Dipyanone verkossa: Dipyanoni: Korkea puhtaus Tutkimuskemikaalit","isPartOf":{"@id":"https:\/\/chemsfine.com\/#website"},"primaryImageOfPage":{"@id":"https:\/\/chemsfine.com\/product\/buy-dipyanone-opioid-analgesic\/#primaryimage"},"image":{"@id":"https:\/\/chemsfine.com\/product\/buy-dipyanone-opioid-analgesic\/#primaryimage"},"thumbnailUrl":"https:\/\/chemsfine.com\/wp-content\/uploads\/2026\/02\/dipyanone-1-1.jpg","datePublished":"2026-02-12T09:48:17+00:00","dateModified":"2026-03-25T14:28:57+00:00","description":"Tutustu Chemsfinen myyt\u00e4v\u00e4\u00e4n eritt\u00e4in puhtaaseen dipyanoniin. Opioidianalogi, joka sopii erinomaisesti kehittyneeseen tutkimukseen. Tilaa Dipyanone verkossa nyt luotettavaa laatua varten.","breadcrumb":{"@id":"https:\/\/chemsfine.com\/product\/buy-dipyanone-opioid-analgesic\/#breadcrumb"},"inLanguage":"fi","potentialAction":[{"@type":"ReadAction","target":["https:\/\/chemsfine.com\/product\/buy-dipyanone-opioid-analgesic\/"]}]},{"@type":"ImageObject","inLanguage":"fi","@id":"https:\/\/chemsfine.com\/product\/buy-dipyanone-opioid-analgesic\/#primaryimage","url":"https:\/\/chemsfine.com\/wp-content\/uploads\/2026\/02\/dipyanone-1-1.jpg","contentUrl":"https:\/\/chemsfine.com\/wp-content\/uploads\/2026\/02\/dipyanone-1-1.jpg","width":600,"height":500},{"@type":"BreadcrumbList","@id":"https:\/\/chemsfine.com\/product\/buy-dipyanone-opioid-analgesic\/#breadcrumb","itemListElement":[{"@type":"ListItem","position":1,"name":"Home","item":"https:\/\/chemsfine.com\/"},{"@type":"ListItem","position":2,"name":"Shop","item":"https:\/\/chemsfine.com\/shop\/"},{"@type":"ListItem","position":3,"name":"Dipyanone \u2013 High Purity Opioid Analgesic for Research"}]},{"@type":"WebSite","@id":"https:\/\/chemsfine.com\/#website","url":"https:\/\/chemsfine.com\/","name":"Chemsfine","description":"Minun WordPress blogi","publisher":{"@id":"https:\/\/chemsfine.com\/#organization"},"potentialAction":[{"@type":"SearchAction","target":{"@type":"EntryPoint","urlTemplate":"https:\/\/chemsfine.com\/?s={search_term_string}"},"query-input":{"@type":"PropertyValueSpecification","valueRequired":true,"valueName":"search_term_string"}}],"inLanguage":"fi"},{"@type":"Organization","@id":"https:\/\/chemsfine.com\/#organization","name":"Chemsfine","url":"https:\/\/chemsfine.com\/","logo":{"@type":"ImageObject","inLanguage":"fi","@id":"https:\/\/chemsfine.com\/#\/schema\/logo\/image\/","url":"https:\/\/chemsfine.com\/wp-content\/uploads\/2024\/09\/final-logo.png","contentUrl":"https:\/\/chemsfine.com\/wp-content\/uploads\/2024\/09\/final-logo.png","width":340,"height":72,"caption":"Chemsfine"},"image":{"@id":"https:\/\/chemsfine.com\/#\/schema\/logo\/image\/"}}]}},"_links":{"self":[{"href":"https:\/\/chemsfine.com\/fi\/wp-json\/wp\/v2\/product\/5477","targetHints":{"allow":["GET"]}}],"collection":[{"href":"https:\/\/chemsfine.com\/fi\/wp-json\/wp\/v2\/product"}],"about":[{"href":"https:\/\/chemsfine.com\/fi\/wp-json\/wp\/v2\/types\/product"}],"replies":[{"embeddable":true,"href":"https:\/\/chemsfine.com\/fi\/wp-json\/wp\/v2\/comments?post=5477"}],"wp:featuredmedia":[{"embeddable":true,"href":"https:\/\/chemsfine.com\/fi\/wp-json\/wp\/v2\/media\/5498"}],"wp:attachment":[{"href":"https:\/\/chemsfine.com\/fi\/wp-json\/wp\/v2\/media?parent=5477"}],"wp:term":[{"taxonomy":"product_brand","embeddable":true,"href":"https:\/\/chemsfine.com\/fi\/wp-json\/wp\/v2\/product_brand?post=5477"},{"taxonomy":"product_cat","embeddable":true,"href":"https:\/\/chemsfine.com\/fi\/wp-json\/wp\/v2\/product_cat?post=5477"},{"taxonomy":"product_tag","embeddable":true,"href":"https:\/\/chemsfine.com\/fi\/wp-json\/wp\/v2\/product_tag?post=5477"}],"curies":[{"name":"wp","href":"https:\/\/api.w.org\/{rel}","templated":true}]}}