{"id":5508,"date":"2026-02-12T09:48:43","date_gmt":"2026-02-12T09:48:43","guid":{"rendered":"https:\/\/chemsfine.com\/?post_type=product&#038;p=5508"},"modified":"2026-03-25T14:18:39","modified_gmt":"2026-03-25T14:18:39","slug":"buy-4f-mar-stimulant","status":"publish","type":"product","link":"https:\/\/chemsfine.com\/fi\/product\/buy-4f-mar-stimulant\/","title":{"rendered":"Osta 4F-MAR verkossa: M-FAR: Korkealaatuinen stimulantti tutkimukseen"},"content":{"rendered":"<p>Etsitk\u00f6 <b>osta 4F-MAR myyt\u00e4v\u00e4ksi<\/b>? Chemsfine tarjoaa luotettavan l\u00e4hteen t\u00e4lle kiehtovalle tutkimuskemikaalille. 4-Fluoro-4-metyyliaminorex, joka tunnetaan my\u00f6s synonyymeill\u00e4 4F-MAR, 4F-4-MAR ja 4-FPO, on hienostunut design-stimulantti. Se on kehitetty huolellisesti aminorex-analogiksi, jonka kemiallinen rakenne on huomattavan samanlainen kuin emoyhdisteen. Tunnustettu voimakkaista vaikutuksistaan, 4F-MAR toimii voimakkaana stimulanttina, joka tuottaa merkitt\u00e4vi\u00e4 euforisia kokemuksia. N\u00e4it\u00e4 vaikutuksia verrataan usein metamfetamiiniin liittyviin vaikutuksiin, mik\u00e4 tekee siit\u00e4 kiinnostavan kohteen kehittyneelle farmakologiselle tutkimukselle. Me Chemsfine-yhti\u00f6ss\u00e4 olemme omistautuneet tarjoamaan <b>eritt\u00e4in puhdas 4F-MAR<\/b>, joka on testattu tiukasti sen varmistamiseksi, ett\u00e4 se t\u00e4ytt\u00e4\u00e4 tieteellisen tutkimuksen vaativat standardit. Sitoumuksemme takaa, ett\u00e4 jokainen n\u00e4yte auttaa tarkkojen ja toistettavien kokeellisten tulosten saavuttamisessa, mik\u00e4 tukee kriittisi\u00e4 l\u00f6yt\u00f6j\u00e4 stimulanttien tutkimuksen alalla.<\/p>\n<h2>Mik\u00e4 on 4F-MAR?<\/h2>\n<p><b>4F-MAR<\/b>, joka on lyhenne sanoista 4-Fluoro-4-metyyliaminorex, on huippuluokan design-stimulantti. Sen luokittelu aminorex-analogiksi korostaa sen rakenteellista alkuper\u00e4\u00e4 ja sen kemialliseen koostumukseen tehtyj\u00e4 laskennallisia muutoksia. N\u00e4m\u00e4 erityiset muutokset ovat keskeisi\u00e4, jotta 4F-MAR saa ainutlaatuisen farmakologisen profiilin, joka erottaa sen toisistaan s\u00e4ilytt\u00e4en samalla stimuloivan aineen perusominaisuudet. Aine toimii ensisijaisesti voimakkaana keskushermostoa stimuloivana aineena, joka aiheuttaa sek\u00e4 syv\u00e4llisi\u00e4 ett\u00e4 voimakkaita vaikutuksia. Tutkijat havaitsevat usein sen kyvyn saada aikaan huomattavaa euforiaa sek\u00e4 kohonneita energiatasoja ja lis\u00e4\u00e4ntynytt\u00e4 valppautta. Kemiallisesti 4F-MAR:lle on ominaista perusrakenne, joka on yhteinen aminoreksin kanssa, yhdiste, joka tunnetaan anorektisista ja stimuloivista ominaisuuksistaan. Fluoriryhm\u00e4n strateginen lis\u00e4\u00e4minen 4-asemaan ja metyyliaminoryhm\u00e4n lis\u00e4\u00e4minen ovat ratkaisevia rakenneosia, jotka m\u00e4\u00e4r\u00e4\u00e4v\u00e4t 4F-MAR:n erityisen aktiivisuuden. Vaikka kattavat CAS-numerot ja yksityiskohtaiset kemialliset kaavat ovat v\u00e4ltt\u00e4m\u00e4tt\u00f6mi\u00e4 virallisessa tieteellisess\u00e4 dokumentoinnissa, sen tunnetut nimet - 4-Fluoro-4-metyyliaminorex, 4F-4-MAR ja 4-FPO - ovat laajalti hyv\u00e4ksyttyj\u00e4 tutkimusyhteis\u00f6ss\u00e4. Sen vivahteikkaan kemiallisen identiteetin perusteellinen ymm\u00e4rt\u00e4minen on v\u00e4ltt\u00e4m\u00e4t\u00f6nt\u00e4 vastuullisen k\u00e4sittelyn ja kokeiden tarkan suunnittelun kannalta. Toimitamme ylpe\u00e4n\u00e4 vain <b>korkealaatuinen 4F-MAR<\/b>, N\u00e4in taataan, ett\u00e4 jokainen n\u00e4yte s\u00e4ilytt\u00e4\u00e4 aiotun rakenteellisen eheyden ja poikkeuksellisen puhtauden korvaamattoman arvokasta tutkimusty\u00f6t\u00e4si varten.<\/p>\n<p>4F-MAR:n toimintamekanismiin liittyy monimutkaisia vuorovaikutuksia aivojen eri v\u00e4litt\u00e4j\u00e4ainej\u00e4rjestelmien kanssa. Sen stimuloivat vaikutukset ovat pitk\u00e4lti samankaltaisia kuin tunnettujen psykostimulanttien, kuten metamfetamiinin, vaikutukset, erityisesti mit\u00e4 tulee sen kykyyn kohottaa mielialaa ja lis\u00e4t\u00e4 valveillaoloa. T\u00e4m\u00e4 tekee 4F-MAR:sta uskomattoman arvokkaan yhdisteen tutkijoille, jotka tutkivat stimuloivaan vaikutukseen, riippuvuuden dynamiikkaan ja psykomotoriseen stimulaatioon liittyvi\u00e4 neurokemiallisia reittej\u00e4. Vakaumattoman sitoutumisemme <a href=\"https:\/\/chemsfine.com\/fi\/\">Chemsfine<\/a> on toimia johdonmukaisena ja luotettavana l\u00e4hteen\u00e4 t\u00e4lle mielenkiintoiselle tutkimuskemikaalille, mik\u00e4 mahdollistaa uraauurtavat farmakologiset tutkimukset ja lis\u00e4\u00e4 ymm\u00e4rryst\u00e4mme n\u00e4ist\u00e4 yhdisteist\u00e4. Varmistamme, ett\u00e4 <b>tutkimusluokan 4F-MAR myyt\u00e4v\u00e4n\u00e4<\/b> t\u00e4ytt\u00e4\u00e4 korkeimmat vaatimukset.<\/p>\n<h2>Miksi ostaa 4F-MARia verkossa Chemsfinen kautta?<\/h2>\n<p>Kun on p\u00e4\u00e4tett\u00e4v\u00e4, miss\u00e4 <b>ostaa 4F-MAR verkossa<\/b>, luottamus ja horjumaton laatu ovat ensiarvoisen t\u00e4rkeit\u00e4. Chemsfine tunnetaan eritt\u00e4in luotettavana tutkimuskemikaalien toimittajana, joka toimittaa jatkuvasti tuotteita, jotka noudattavat alan tiukimpia standardeja. Kattavat ja tiukat laadunvalvontaprotokollamme pannaan huolellisesti t\u00e4yt\u00e4nt\u00f6\u00f6n sen takaamiseksi, ett\u00e4 jokainen hankkimasi gramma 4F-MAR:ia on poikkeuksellisen puhdasta ja koostumukseltaan johdonmukaista. T\u00e4m\u00e4 vankka sitoutuminen huippuosaamiseen tekee meist\u00e4 vaativien tutkijoiden ensisijaisen kumppanin kaikkialla maailmassa. Ymm\u00e4rr\u00e4mme luonnostaan, ett\u00e4 tutkimustenne tieteellinen eheys riippuu suoraan l\u00e4hdemateriaalienne luotettavuudesta, ja pyrimme ahkerasti paitsi t\u00e4ytt\u00e4m\u00e4\u00e4n my\u00f6s ylitt\u00e4m\u00e4\u00e4n n\u00e4m\u00e4 kriittiset odotukset jokaisessa tilauksessanne. N\u00e4in ollen niille, jotka etsiv\u00e4t <b>paras saatavilla oleva 4F-MAR<\/b> markkinoilla, alustamme on asiantuntevasti suunniteltu helpottamaan saumatonta, turvallista ja eritt\u00e4in tehokasta ostoprosessia. Lis\u00e4ksi omistautumisemme ulottuu l\u00e4pin\u00e4kyvien k\u00e4yt\u00e4nt\u00f6jen ja vankan asiakastuen tarjoamiseen, mik\u00e4 varmistaa, ett\u00e4 kaikki tarpeesi t\u00e4ytet\u00e4\u00e4n tehokkaasti. Voit tutustua my\u00f6s muihin tutkimuskemikaaleihin, kuten <a href=\"https:\/\/chemsfine.com\/fi\/tuote\/ostaa-5f-mdmb-pinaca-verkossa\/\">5F-MDMB-PINACA<\/a> erilaisiin kokeellisiin tarpeisiisi.<\/p>\n<h2>Sovellukset<\/h2>\n<p>Koska 4F-MARilla on erityiset ominaisuudet suunniteltuna stimulanttina, sit\u00e4 k\u00e4ytet\u00e4\u00e4n p\u00e4\u00e4asiassa erilaisissa tieteellisiss\u00e4 ja akateemisissa tutkimusymp\u00e4rist\u00f6iss\u00e4. Tutkijat, jotka haluavat tutkia uusia psykostimulantteja tai tehd\u00e4 uusien yhdisteiden vertailevia analyysej\u00e4 vakiintuneisiin vertailuarvoihin n\u00e4hden, turvautuvat usein seuraaviin apuv\u00e4lineisiin <b>tutkimusluokan 4F-MAR myyt\u00e4v\u00e4n\u00e4<\/b>. Sen ainutlaatuinen kemiallinen rakenne tekee siit\u00e4 korvaamattoman ty\u00f6kalun:<\/p>\n<ul>\n<li>Uusien psykoaktiivisten aineiden kattavien farmakologisten profiilien tutkiminen.<\/li>\n<li>Tutkitaan dopamiinin, noradrenaliinin ja serotoniinin takaisinoton eston monimutkaisia mekanismeja.<\/li>\n<li>Tarkkojen in vitro -tutkimusten suorittaminen reseptorien sitoutumisaffiniteetin ja vuorovaikutusten selvitt\u00e4miseksi.<\/li>\n<li>Analysoidaan stimuloivien yhdisteiden monimutkaisia metaboliareittej\u00e4 ja mahdollista toksikologiaa.<\/li>\n<li>Kehitet\u00e4\u00e4n kehittyneit\u00e4 analyysimenetelmi\u00e4 eri aineiden tarkkaa tunnistamista ja kvantifiointia varten.<\/li>\n<li>Vertailututkimusten tekeminen perinteisiin ja hyvin dokumentoituihin stimulantteihin, kuten metamfetamiiniin, verrattuna.<\/li>\n<li>osallistutaan neurotieteelliseen tutkimukseen euforian ja riippuvuusk\u00e4ytt\u00e4ytymisen taustalla olevien mekanismien selvitt\u00e4miseksi.<\/li>\n<\/ul>\n<p>N\u00e4m\u00e4 keskeiset sovellukset korostavat, ett\u00e4 luotettavan ja eritt\u00e4in puhtaan 4F-MAR-l\u00e4hteen varmistaminen on ensiarvoisen t\u00e4rke\u00e4\u00e4 tieteellisen luotettavuuden s\u00e4ilytt\u00e4miseksi ja tarkkojen kokeellisten tulosten saavuttamiseksi. On t\u00e4rke\u00e4\u00e4 toistaa, ett\u00e4 tuotteemme, mukaan lukien 4F-MAR, on tarkoitettu yksinomaan laboratorio- ja tutkimusk\u00e4ytt\u00f6\u00f6n, eik\u00e4 niit\u00e4 saa ehdottomasti k\u00e4ytt\u00e4\u00e4 ihmisravinnoksi.<\/p>\n<h2>Turvallisuus ja vaatimustenmukaisuus<\/h2>\n<p>4F-MAR:n, kuten mink\u00e4 tahansa voimakkaan tutkimuskemikaalin, vastuullinen k\u00e4sittely edellytt\u00e4\u00e4 kattavien turvallisuusprotokollien tiukkaa noudattamista ja s\u00e4\u00e4nn\u00f6sten noudattamista. On ehdottoman t\u00e4rke\u00e4\u00e4, ett\u00e4 kaikki tutkijat ja laboratoriohenkil\u00f6st\u00f6 k\u00e4ytt\u00e4v\u00e4t jatkuvasti asianmukaisia henkil\u00f6kohtaisia suojavarusteita (PPE), joihin kuuluvat sopivat k\u00e4sineet, sertifioidut silmiensuojaimet ja suojaavat laboratoriotakit, jotta mahdolliset altistumisriskit voidaan minimoida tehokkaasti. Kaikki 4F-MAR:ia koskeva ty\u00f6 on suoritettava yksinomaan huolellisesti valvotussa laboratorioymp\u00e4rist\u00f6ss\u00e4, mieluiten toimivan huurteenpoistolaitteen alla, optimaalisen ilmanvaihdon ja eristyksen varmistamiseksi. Lis\u00e4ksi kaikkien tutkimuskemikaaleja koskevien alueellisten ja kansallisten s\u00e4\u00e4nn\u00f6sten tiukka noudattaminen on ehdoton edellytys. Vaikka Chemsfine helpottaa maailmanlaajuisesti seuraavien tuotteiden toimittamista <b>teollisuusluokan 4F-MAR<\/b>, ostajan yksinomaisella vastuulla on varmistaa huolellisesti ja tiukasti noudattaa kaikkia sovellettavia paikallisia lakeja, tuontirajoituksia ja tullim\u00e4\u00e4r\u00e4yksi\u00e4, jotka koskevat t\u00e4llaisia aineita. Toimitamme kattavat k\u00e4ytt\u00f6turvallisuustiedotteet (SDS) 4F-MAR:lle, joissa on yksityiskohtaista tietoa turvallisista k\u00e4sittelyk\u00e4yt\u00e4nn\u00f6ist\u00e4, suositelluista varastointiolosuhteista, t\u00e4rkeist\u00e4 h\u00e4t\u00e4tilanteita koskevista menettelyist\u00e4 ja asianmukaisista h\u00e4vitt\u00e4mismenetelmist\u00e4. Lis\u00e4ksi pyydett\u00e4ess\u00e4 on helposti saatavilla analyysitodistukset (CoA), jotka sis\u00e4lt\u00e4v\u00e4t todennettuja tietoja tuote-erien puhtaudesta ja tarkasta koostumuksesta. N\u00e4m\u00e4 kriittiset asiakirjat ovat v\u00e4ltt\u00e4m\u00e4tt\u00f6mi\u00e4 esimerkillisen turvallisten laboratoriok\u00e4yt\u00e4nt\u00f6jen yll\u00e4pit\u00e4misess\u00e4 ja s\u00e4\u00e4ntelyn vankkumattoman noudattamisen varmistamisessa. Tutustu my\u00f6s <a href=\"https:\/\/chemsfine.com\/fi\/tuote\/ostaa-5-meo-dmt-verkossa-2\/\">5-MeO-DMT<\/a> laajennettuja tutkimustarpeitasi varten.<\/p>\n<h2>Miksi valita meid\u00e4t?<\/h2>\n<p>Kun valitset Chemsfinen 4F-MAR-tarpeidesi t\u00e4ytt\u00e4miseksi, solmit kumppanuuden toimittajan kanssa, joka on syv\u00e4sti sitoutunut tutkimuspyrkimystesi menestykseen. Pid\u00e4mme yll\u00e4 vertaansa vailla olevaa avoimuutta kaikissa tuotetiedoissamme ja annamme selke\u00e4\u00e4, t\u00e4sm\u00e4llist\u00e4 ja helposti ymm\u00e4rrett\u00e4v\u00e4\u00e4 tietoa jokaisesta tarjoamastamme yhdisteest\u00e4. Vankka ja huolellisesti toteutettu laadunvarmistusj\u00e4rjestelm\u00e4mme takaa kaikkien materiaalien todennetut er\u00e4kohtaiset tiedot, mik\u00e4 antaa ehdottoman luottamuksen ostamiesi materiaalien puhtauteen ja tasaiseen laatuun. T\u00e4m\u00e4n lis\u00e4ksi olemme omistautuneet esitt\u00e4m\u00e4\u00e4n eritt\u00e4in korkeatasoisia <b>kilpailukykyinen hinnoittelu 4F-MAR<\/b>, N\u00e4in huippututkimus on sek\u00e4 saatavilla ett\u00e4 kest\u00e4v\u00e4\u00e4 ilman, ett\u00e4 kemikaalin eheydest\u00e4 tai laadusta tingit\u00e4\u00e4n. Kun teet p\u00e4\u00e4t\u00f6ksen <b>tilata 4F-MAR verkossa<\/b> Chemsfinen kautta saat k\u00e4ytt\u00f6\u00f6si poikkeuksellisen tehokkaat k\u00e4sittely- ja eritt\u00e4in turvalliset toimitusmenetelm\u00e4mme. Asetamme tutkimusyhteis\u00f6n vivahteikkaat tarpeet vakaasti etusijalle ja tunnustamme, ett\u00e4 korkealaatuisten kemikaalien oikea-aikainen ja luotettava saatavuus on ratkaisevan t\u00e4rke\u00e4\u00e4. Asiakastukitiimimme on jatkuvasti valmiina auttamaan sinua kaikissa kysymyksiss\u00e4, mik\u00e4 takaa saumattoman sujuvan ja t\u00e4ysin tyydytt\u00e4v\u00e4n asiakaskokemuksen tuotteen valinnasta aina sen lopulliseen toimitukseen asti. Luota Chemsfineen tulevien tutkimuskemikaalihankintojesi osalta ja koe todella se syv\u00e4llinen ero, jonka vankkumaton omistautuminen laadulle ja esimerkillinen palvelu luonnostaan tarjoavat. Meid\u00e4n <b>palkkio 4F-MAR<\/b> on valmis tilaustasi varten.<\/p>\n<h3>4F-MAR:n kilpailukykyinen hinnoittelu<\/h3>\n<p>Tarjoamme joustavia m\u00e4\u00e4r\u00e4vaihtoehtoja erilaisiin tutkimustarpeisiin, ja ne kaikki ovat saatavilla kilpailukykyiseen hintaan:<\/p>\n<table>\n<thead>\n<tr>\n<th>Paino<\/th>\n<th>Hinta (grammaa kohti)<\/th>\n<\/tr>\n<\/thead>\n<tbody>\n<tr>\n<td><b>5g<\/b><\/td>\n<td><b>$13.50<\/b><\/td>\n<\/tr>\n<tr>\n<td><b>10g<\/b><\/td>\n<td><b>$10.00<\/b><\/td>\n<\/tr>\n<tr>\n<td><b>25g<\/b><\/td>\n<td><b>$7.00<\/b><\/td>\n<\/tr>\n<tr>\n<td><b>50g<\/b><\/td>\n<td><b>$5.50<\/b><\/td>\n<\/tr>\n<tr>\n<td><b>100g<\/b><\/td>\n<td><b>$4.00<\/b><\/td>\n<\/tr>\n<tr>\n<td><b>250g<\/b><\/td>\n<td><b>$3.20<\/b><\/td>\n<\/tr>\n<tr>\n<td><b>500g<\/b><\/td>\n<td><b>$2.80<\/b><\/td>\n<\/tr>\n<tr>\n<td><b>1000g<\/b><\/td>\n<td><b>$2.20<\/b><\/td>\n<\/tr>\n<\/tbody>\n<\/table>\n<p>N\u00e4m\u00e4 porrastetut hinnoittelurakenteet on suunniteltu huolellisesti tarjoamaan <b>paras hinta 4F-MAR<\/b> riippumatta siit\u00e4, ostatko pieni\u00e4 m\u00e4\u00e4ri\u00e4 vai irtotavarana meneill\u00e4\u00e4n olevia tutkimushankkeitasi varten. P\u00e4\u00e4tavoitteemme on varmistaa ensiluokkaisten tutkimuskemikaalien laajamittainen saatavuus ja tukea innovatiivista tieteellist\u00e4 tutkimusta maailmanlaajuisesti.<\/p>\n<h2>P\u00e4\u00e4telm\u00e4<\/h2>\n<p>Yhteenvetona voidaan todeta, ett\u00e4 4F-MAR on merkitt\u00e4v\u00e4 design-stimulantti, jota arvostetaan tutkimusyhteis\u00f6ss\u00e4 sen voimakkaiden vaikutusten ja metamfetamiinin rakenteellisten yht\u00e4l\u00e4isyyksien vuoksi. Chemsfine on ensisijainen kumppanisi, kun haluat hankkia seuraavia tuotteita <b>korkealaatuinen 4F-MAR<\/b>, tarjoamalla tuotteen, joka on esimerkki puhtaudesta, luotettavuudesta ja tieteellisest\u00e4 rehellisyydest\u00e4. Me helpotamme turvallista ja suoraviivaista prosessia, jolla <b>osta 4F-MAR myyt\u00e4v\u00e4ksi<\/b>, jonka tukena on kattava tuki ja avoimet k\u00e4yt\u00e4nn\u00f6t. Tehosta tutkimustasi luotettavalla toimittajalla, joka on sitoutunut huippuosaamiseen. Valitse Chemsfine kaikkiin tutkimuskemikaalitarpeisiisi, mukaan lukien 4F-MAR, ja koe ylivoimainen laatu ja palvelu. Hanki 4F-MAR verkossa jo t\u00e4n\u00e4\u00e4n ja edist\u00e4 tieteellist\u00e4 ymm\u00e4rryst\u00e4si luottavaisin mielin.<\/p>","protected":false},"excerpt":{"rendered":"<p><b>4F-MAR<\/b>, or 4-Fluoro-4-methylaminorex, is a potent designer stimulant and aminorex analog, known for euphoric effects akin to methamphetamine. Ideal for advanced pharmacological research, this high-purity compound is essential for studies on stimulant action and neurochemical pathways. If you need to <b>buy 4F-MAR<\/b> for your lab, find <b>top-quality 4F-MAR at Chemsfine<\/b>, your trusted source for premium research chemicals. Strictly for research use only.<\/p>","protected":false},"featured_media":5552,"comment_status":"open","ping_status":"closed","template":"","meta":{"_joinchat":[]},"product_brand":[],"product_cat":[951],"product_tag":[],"class_list":{"0":"post-5508","1":"product","2":"type-product","3":"status-publish","4":"has-post-thumbnail","6":"product_cat-stimulants","8":"first","9":"instock","10":"shipping-taxable","11":"purchasable","12":"product-type-variable"},"yoast_head":"<!-- This site is optimized with the Yoast SEO plugin v27.2 - https:\/\/yoast.com\/product\/yoast-seo-wordpress\/ -->\n<title>Buy 4F-MAR Online - Best Price Research Stimulant<\/title>\n<meta name=\"description\" content=\"Discover 4F-MAR, the premier designer stimulant. Buy high-quality 4F-MAR online at Chemsfine. Available in various weights with competitive pricing. Order now!\" \/>\n<meta name=\"robots\" content=\"index, follow, max-snippet:-1, max-image-preview:large, max-video-preview:-1\" \/>\n<link rel=\"canonical\" href=\"https:\/\/chemsfine.com\/fi\/tuote\/buy-4f-mar-stimulant\/\" \/>\n<meta property=\"og:locale\" content=\"fi_FI\" \/>\n<meta property=\"og:type\" content=\"article\" \/>\n<meta property=\"og:title\" content=\"Buy 4F-MAR Online - Best Price Research Stimulant\" \/>\n<meta property=\"og:description\" content=\"Discover 4F-MAR, the premier designer stimulant. Buy high-quality 4F-MAR online at Chemsfine. Available in various weights with competitive pricing. Order now!\" \/>\n<meta property=\"og:url\" content=\"https:\/\/chemsfine.com\/fi\/tuote\/buy-4f-mar-stimulant\/\" \/>\n<meta property=\"og:site_name\" content=\"Chemsfine\" \/>\n<meta property=\"article:modified_time\" content=\"2026-03-25T14:18:39+00:00\" \/>\n<meta property=\"og:image\" content=\"https:\/\/chemsfine.com\/wp-content\/uploads\/2026\/02\/4f-mar-1-1.jpg\" \/>\n\t<meta property=\"og:image:width\" content=\"540\" \/>\n\t<meta property=\"og:image:height\" content=\"960\" \/>\n\t<meta property=\"og:image:type\" content=\"image\/jpeg\" \/>\n<meta name=\"twitter:card\" content=\"summary_large_image\" \/>\n<meta name=\"twitter:label1\" content=\"Arvioitu lukuaika\" \/>\n\t<meta name=\"twitter:data1\" content=\"7 minuuttia\" \/>\n<script type=\"application\/ld+json\" class=\"yoast-schema-graph\">{\"@context\":\"https:\/\/schema.org\",\"@graph\":[{\"@type\":\"WebPage\",\"@id\":\"https:\/\/chemsfine.com\/product\/buy-4f-mar-stimulant\/\",\"url\":\"https:\/\/chemsfine.com\/product\/buy-4f-mar-stimulant\/\",\"name\":\"Buy 4F-MAR Online - Best Price Research Stimulant\",\"isPartOf\":{\"@id\":\"https:\/\/chemsfine.com\/#website\"},\"primaryImageOfPage\":{\"@id\":\"https:\/\/chemsfine.com\/product\/buy-4f-mar-stimulant\/#primaryimage\"},\"image\":{\"@id\":\"https:\/\/chemsfine.com\/product\/buy-4f-mar-stimulant\/#primaryimage\"},\"thumbnailUrl\":\"https:\/\/chemsfine.com\/wp-content\/uploads\/2026\/02\/4f-mar-1-1.jpg\",\"datePublished\":\"2026-02-12T09:48:43+00:00\",\"dateModified\":\"2026-03-25T14:18:39+00:00\",\"description\":\"Discover 4F-MAR, the premier designer stimulant. Buy high-quality 4F-MAR online at Chemsfine. Available in various weights with competitive pricing. Order now!\",\"breadcrumb\":{\"@id\":\"https:\/\/chemsfine.com\/product\/buy-4f-mar-stimulant\/#breadcrumb\"},\"inLanguage\":\"fi\",\"potentialAction\":[{\"@type\":\"ReadAction\",\"target\":[\"https:\/\/chemsfine.com\/product\/buy-4f-mar-stimulant\/\"]}]},{\"@type\":\"ImageObject\",\"inLanguage\":\"fi\",\"@id\":\"https:\/\/chemsfine.com\/product\/buy-4f-mar-stimulant\/#primaryimage\",\"url\":\"https:\/\/chemsfine.com\/wp-content\/uploads\/2026\/02\/4f-mar-1-1.jpg\",\"contentUrl\":\"https:\/\/chemsfine.com\/wp-content\/uploads\/2026\/02\/4f-mar-1-1.jpg\",\"width\":540,\"height\":960},{\"@type\":\"BreadcrumbList\",\"@id\":\"https:\/\/chemsfine.com\/product\/buy-4f-mar-stimulant\/#breadcrumb\",\"itemListElement\":[{\"@type\":\"ListItem\",\"position\":1,\"name\":\"Home\",\"item\":\"https:\/\/chemsfine.com\/\"},{\"@type\":\"ListItem\",\"position\":2,\"name\":\"Shop\",\"item\":\"https:\/\/chemsfine.com\/shop\/\"},{\"@type\":\"ListItem\",\"position\":3,\"name\":\"Buy 4F-MAR Online: High-Quality Stimulant for Research\"}]},{\"@type\":\"WebSite\",\"@id\":\"https:\/\/chemsfine.com\/#website\",\"url\":\"https:\/\/chemsfine.com\/\",\"name\":\"Chemsfine\",\"description\":\"My WordPress Blog\",\"publisher\":{\"@id\":\"https:\/\/chemsfine.com\/#organization\"},\"potentialAction\":[{\"@type\":\"SearchAction\",\"target\":{\"@type\":\"EntryPoint\",\"urlTemplate\":\"https:\/\/chemsfine.com\/?s={search_term_string}\"},\"query-input\":{\"@type\":\"PropertyValueSpecification\",\"valueRequired\":true,\"valueName\":\"search_term_string\"}}],\"inLanguage\":\"fi\"},{\"@type\":\"Organization\",\"@id\":\"https:\/\/chemsfine.com\/#organization\",\"name\":\"Chemsfine\",\"url\":\"https:\/\/chemsfine.com\/\",\"logo\":{\"@type\":\"ImageObject\",\"inLanguage\":\"fi\",\"@id\":\"https:\/\/chemsfine.com\/#\/schema\/logo\/image\/\",\"url\":\"https:\/\/chemsfine.com\/wp-content\/uploads\/2024\/09\/final-logo.png\",\"contentUrl\":\"https:\/\/chemsfine.com\/wp-content\/uploads\/2024\/09\/final-logo.png\",\"width\":340,\"height\":72,\"caption\":\"Chemsfine\"},\"image\":{\"@id\":\"https:\/\/chemsfine.com\/#\/schema\/logo\/image\/\"}}]}<\/script>\n<!-- \/ Yoast SEO plugin. -->","yoast_head_json":{"title":"Osta 4F-MAR verkossa - Paras hinta Tutkimus Stimulantti","description":"Tutustu 4F-MAR:iin, johtavaan design-stimulanttiin. Osta laadukasta 4F-MARia verkossa Chemsfinen kautta. Saatavana eri painoisuuksina kilpailukykyisell\u00e4 hinnoittelulla. Tilaa nyt!","robots":{"index":"index","follow":"follow","max-snippet":"max-snippet:-1","max-image-preview":"max-image-preview:large","max-video-preview":"max-video-preview:-1"},"canonical":"https:\/\/chemsfine.com\/fi\/tuote\/buy-4f-mar-stimulant\/","og_locale":"fi_FI","og_type":"article","og_title":"Buy 4F-MAR Online - Best Price Research Stimulant","og_description":"Discover 4F-MAR, the premier designer stimulant. Buy high-quality 4F-MAR online at Chemsfine. Available in various weights with competitive pricing. Order now!","og_url":"https:\/\/chemsfine.com\/fi\/tuote\/buy-4f-mar-stimulant\/","og_site_name":"Chemsfine","article_modified_time":"2026-03-25T14:18:39+00:00","og_image":[{"width":540,"height":960,"url":"https:\/\/chemsfine.com\/wp-content\/uploads\/2026\/02\/4f-mar-1-1.jpg","type":"image\/jpeg"}],"twitter_card":"summary_large_image","twitter_misc":{"Arvioitu lukuaika":"7 minuuttia"},"schema":{"@context":"https:\/\/schema.org","@graph":[{"@type":"WebPage","@id":"https:\/\/chemsfine.com\/product\/buy-4f-mar-stimulant\/","url":"https:\/\/chemsfine.com\/product\/buy-4f-mar-stimulant\/","name":"Osta 4F-MAR verkossa - Paras hinta Tutkimus Stimulantti","isPartOf":{"@id":"https:\/\/chemsfine.com\/#website"},"primaryImageOfPage":{"@id":"https:\/\/chemsfine.com\/product\/buy-4f-mar-stimulant\/#primaryimage"},"image":{"@id":"https:\/\/chemsfine.com\/product\/buy-4f-mar-stimulant\/#primaryimage"},"thumbnailUrl":"https:\/\/chemsfine.com\/wp-content\/uploads\/2026\/02\/4f-mar-1-1.jpg","datePublished":"2026-02-12T09:48:43+00:00","dateModified":"2026-03-25T14:18:39+00:00","description":"Tutustu 4F-MAR:iin, johtavaan design-stimulanttiin. Osta laadukasta 4F-MARia verkossa Chemsfinen kautta. Saatavana eri painoisuuksina kilpailukykyisell\u00e4 hinnoittelulla. Tilaa nyt!","breadcrumb":{"@id":"https:\/\/chemsfine.com\/product\/buy-4f-mar-stimulant\/#breadcrumb"},"inLanguage":"fi","potentialAction":[{"@type":"ReadAction","target":["https:\/\/chemsfine.com\/product\/buy-4f-mar-stimulant\/"]}]},{"@type":"ImageObject","inLanguage":"fi","@id":"https:\/\/chemsfine.com\/product\/buy-4f-mar-stimulant\/#primaryimage","url":"https:\/\/chemsfine.com\/wp-content\/uploads\/2026\/02\/4f-mar-1-1.jpg","contentUrl":"https:\/\/chemsfine.com\/wp-content\/uploads\/2026\/02\/4f-mar-1-1.jpg","width":540,"height":960},{"@type":"BreadcrumbList","@id":"https:\/\/chemsfine.com\/product\/buy-4f-mar-stimulant\/#breadcrumb","itemListElement":[{"@type":"ListItem","position":1,"name":"Home","item":"https:\/\/chemsfine.com\/"},{"@type":"ListItem","position":2,"name":"Shop","item":"https:\/\/chemsfine.com\/shop\/"},{"@type":"ListItem","position":3,"name":"Buy 4F-MAR Online: High-Quality Stimulant for Research"}]},{"@type":"WebSite","@id":"https:\/\/chemsfine.com\/#website","url":"https:\/\/chemsfine.com\/","name":"Chemsfine","description":"Minun WordPress blogi","publisher":{"@id":"https:\/\/chemsfine.com\/#organization"},"potentialAction":[{"@type":"SearchAction","target":{"@type":"EntryPoint","urlTemplate":"https:\/\/chemsfine.com\/?s={search_term_string}"},"query-input":{"@type":"PropertyValueSpecification","valueRequired":true,"valueName":"search_term_string"}}],"inLanguage":"fi"},{"@type":"Organization","@id":"https:\/\/chemsfine.com\/#organization","name":"Chemsfine","url":"https:\/\/chemsfine.com\/","logo":{"@type":"ImageObject","inLanguage":"fi","@id":"https:\/\/chemsfine.com\/#\/schema\/logo\/image\/","url":"https:\/\/chemsfine.com\/wp-content\/uploads\/2024\/09\/final-logo.png","contentUrl":"https:\/\/chemsfine.com\/wp-content\/uploads\/2024\/09\/final-logo.png","width":340,"height":72,"caption":"Chemsfine"},"image":{"@id":"https:\/\/chemsfine.com\/#\/schema\/logo\/image\/"}}]}},"_links":{"self":[{"href":"https:\/\/chemsfine.com\/fi\/wp-json\/wp\/v2\/product\/5508","targetHints":{"allow":["GET"]}}],"collection":[{"href":"https:\/\/chemsfine.com\/fi\/wp-json\/wp\/v2\/product"}],"about":[{"href":"https:\/\/chemsfine.com\/fi\/wp-json\/wp\/v2\/types\/product"}],"replies":[{"embeddable":true,"href":"https:\/\/chemsfine.com\/fi\/wp-json\/wp\/v2\/comments?post=5508"}],"wp:featuredmedia":[{"embeddable":true,"href":"https:\/\/chemsfine.com\/fi\/wp-json\/wp\/v2\/media\/5552"}],"wp:attachment":[{"href":"https:\/\/chemsfine.com\/fi\/wp-json\/wp\/v2\/media?parent=5508"}],"wp:term":[{"taxonomy":"product_brand","embeddable":true,"href":"https:\/\/chemsfine.com\/fi\/wp-json\/wp\/v2\/product_brand?post=5508"},{"taxonomy":"product_cat","embeddable":true,"href":"https:\/\/chemsfine.com\/fi\/wp-json\/wp\/v2\/product_cat?post=5508"},{"taxonomy":"product_tag","embeddable":true,"href":"https:\/\/chemsfine.com\/fi\/wp-json\/wp\/v2\/product_tag?post=5508"}],"curies":[{"name":"wp","href":"https:\/\/api.w.org\/{rel}","templated":true}]}}