{"id":5518,"date":"2026-02-12T09:48:44","date_gmt":"2026-02-12T09:48:44","guid":{"rendered":"https:\/\/chemsfine.com\/?post_type=product&#038;p=5518"},"modified":"2026-03-25T14:14:21","modified_gmt":"2026-03-25T14:14:21","slug":"buy-nm-2-ai","status":"publish","type":"product","link":"https:\/\/chemsfine.com\/fi\/product\/buy-nm-2-ai\/","title":{"rendered":"NM-2-AI (N-metyyli-2-aminoindaani) | Osta verkossa Chemsfineilt\u00e4"},"content":{"rendered":"<p>Kun tutkijat etsiv\u00e4t korkealaatuisia tutkimusyhdisteit\u00e4, he k\u00e4\u00e4ntyv\u00e4t johdonmukaisesti luotettavien toimittajien puoleen. Voit luottavaisin mielin <b>osta NM-2-AI myyt\u00e4v\u00e4n\u00e4<\/b> Chemsfine varmistaa, ett\u00e4 saat poikkeuksellisen puhtaan tuotteen opintojasi varten. NM-2-AI (N-metyyli-2-aminoindaani, IUPAC: 2,3-dihydro-N-metyyli-1H-inden-2-amiini, monohydrokloridi) on merkitt\u00e4v\u00e4 stimuloiva l\u00e4\u00e4ke aminoindaanien luokassa. Koska se on 2-AI:n ja MDAI:n rakenteellinen analogi, sill\u00e4 on samanlainen molekyylirakenne, mik\u00e4 tekee siit\u00e4 kiinnostavan kohteen kehittyneille laboratoriotutkimuksille. Sitoutumisemme aitojen, eritt\u00e4in puhtaiden yhdisteiden toimittamiseen tekee Chemsfinest\u00e4 ensisijaisen kohteen tutkijoille, jotka haluavat hankkia NM-2-AI:ta.<\/p>\n<h2>NM-2-AI:n ymm\u00e4rt\u00e4minen: kemiallinen identiteetti ja rakenne<\/h2>\n<p>NM-2-AI tunnetaan tieteellisesti nimell\u00e4 <i>N<\/i>-Methyl-2,3-dihydro-1<i>H<\/i>-inden-2-amiini, jonka yleisi\u00e4 synonyymej\u00e4 ovat muun muassa N-metyyli-2-aminoindaani ja N-metyyli-2-AI. Sen virallinen nimi on 2,3-dihydro-N-metyyli-1H-inden-2-amiini, monohydrokloridi. T\u00e4lle yhdisteelle on ominaista 2-aminoindaanin N-metyloitu johdannainen, jossa amfetamiinin propaaniketjun R3-p\u00e4\u00e4tehiili on yhdistetty bentseenirenkaaseen muodostaen indaanin - bisyklisen rakenteen, joka sis\u00e4lt\u00e4\u00e4 bentseenirenkaan, joka on fuusioitunut pentaanirenkaaseen. T\u00e4m\u00e4 huolellinen rakenteellinen yksityiskohta korostaa sit\u00e4 monimutkaisuutta ja tarkkuutta, jota tarvitaan synteesin valmistuksessa. <b>Huippulaatuinen NM-2-AI<\/b> tutkimustarkoituksiin.<\/p>\n<h3>NM-2-AI Tekniset tiedot yhdell\u00e4 silm\u00e4yksell\u00e4:<\/h3>\n<table>\n<thead>\n<tr>\n<th>Kiinteist\u00f6<\/th>\n<th>Yksityiskohta<\/th>\n<\/tr>\n<\/thead>\n<tbody>\n<tr>\n<td>IUPAC-nimi<\/td>\n<td><i>N<\/i>-Methyl-2,3-dihydro-1<i>H<\/i>-inden-2-amiini<\/td>\n<\/tr>\n<tr>\n<td>Synonyymit<\/td>\n<td>NM-2-AI, N-metyyli-2-aminoindaani, N-metyyli-2-aminoindaani, N-metyyli-2-AI<\/td>\n<\/tr>\n<tr>\n<td>Virallinen nimi<\/td>\n<td>2,3-dihydro-N-metyyli-1H-inden-2-amiini, monohydrokloridi<\/td>\n<\/tr>\n<tr>\n<td>Cas-numero<\/td>\n<td>24445-44-1, 10408-85-2 HCI<\/td>\n<\/tr>\n<tr>\n<td>Kaava<\/td>\n<td>C<sub>10<\/sub>H<sub>13<\/sub>N, C<sub>10<\/sub>H<sub>13<\/sub>N - HCl<\/td>\n<\/tr>\n<tr>\n<td>Molarmassa<\/td>\n<td>147,221 g-mol<sup>-1<\/sup><\/td>\n<\/tr>\n<tr>\n<td>Puhtaus<\/td>\n<td>98.0 % min.<\/td>\n<\/tr>\n<tr>\n<td>Koostumus<\/td>\n<td>Jauhe, kiinte\u00e4 aine, kiteet<\/td>\n<\/tr>\n<tr>\n<td>Ulkon\u00e4k\u00f6<\/td>\n<td>Jauhe, kiteinen kiinte\u00e4 aine<\/td>\n<\/tr>\n<\/tbody>\n<\/table>\n<h2>Farmakologinen profiili ja tutkimuskohtaiset vaikutukset<\/h2>\n<p>NM-2-AI:n vaikutukset ovat pitk\u00e4lti samankaltaisia kuin amfetamiinilla ja metamfetamiinilla havaitut vaikutukset, p\u00e4\u00e4asiassa lis\u00e4\u00e4m\u00e4ll\u00e4 aivojen v\u00e4litt\u00e4j\u00e4aineiden noradrenaliinin ja dopamiinin m\u00e4\u00e4r\u00e4\u00e4. T\u00e4m\u00e4 neurokemiallinen vaikutus johtaa stimuloiviin ja euforisoiviin vaikutuksiin, mik\u00e4 tekee NM-2-AI:sta arvokkaan yhdisteen neurofarmakologiseen tutkimukseen. Vaikka NM-2-AI:lla on yhteisi\u00e4 ominaisuuksia 2-AI:n kanssa, se erottuu verrattain pienemm\u00e4st\u00e4 voimakkuudestaan mutta pidemm\u00e4st\u00e4 vaikutuksen kestosta, mik\u00e4 tarjoaa erillisen profiilin yksityiskohtaista tutkimusta varten. On t\u00e4rke\u00e4\u00e4 muistaa, ett\u00e4 NM-2-AI:ta tunnetaan huonosti, ja sen farmakologisista ja toksikologisista ominaisuuksista on saatavilla vain v\u00e4h\u00e4n tietoa, mink\u00e4 vuoksi se on varattu yksinomaan tutkimukseen ja testaukseen erityisesti varustetuissa laboratorioissa.<\/p>\n<h2>Joustava pakkaus ja kilpailukykyinen hinnoittelu tutkimuksellesi<\/h2>\n<p>Chemsfine tarjoaa NM-2-AI:t\u00e4 eri m\u00e4\u00e4ri\u00e4 tutkimusyhteis\u00f6n moninaisiin tarpeisiin, mik\u00e4 takaa, ett\u00e4 l\u00f6yd\u00e4tte sopivan <b>paras saatavilla oleva NM-2-AI<\/b> projektin mittakaavan mukaan. Porrastettu hinnoittelurakenteemme tarjoaa yh\u00e4 enemm\u00e4n arvoa suurempien hankintojen yhteydess\u00e4, mik\u00e4 kuvastaa sitoutumistamme kilpailukykyisiin hintoihin seuraaville tuotteille. <b>laboratoriolaatu myyt\u00e4v\u00e4n\u00e4<\/b> yhdisteet.<\/p>\n<table>\n<thead>\n<tr>\n<th>Paino<\/th>\n<th>Hinta (grammaa kohti)<\/th>\n<\/tr>\n<\/thead>\n<tbody>\n<tr>\n<td>5g<\/td>\n<td>$12.50<\/td>\n<\/tr>\n<tr>\n<td>10g<\/td>\n<td>$11.00<\/td>\n<\/tr>\n<tr>\n<td>25g<\/td>\n<td>$8.00<\/td>\n<\/tr>\n<tr>\n<td>50g<\/td>\n<td>$5.50<\/td>\n<\/tr>\n<tr>\n<td>100g<\/td>\n<td>$3.40<\/td>\n<\/tr>\n<tr>\n<td>250g<\/td>\n<td>$2.90<\/td>\n<\/tr>\n<tr>\n<td>500g<\/td>\n<td>$2.60<\/td>\n<\/tr>\n<tr>\n<td>1000g<\/td>\n<td>$2.30<\/td>\n<\/tr>\n<\/tbody>\n<\/table>\n<h2>Liukoisuustiedot laboratoriok\u00e4ytt\u00f6\u00f6n<\/h2>\n<p>NM-2-AI:n liukoisuuden ymm\u00e4rt\u00e4minen on ratkaisevan t\u00e4rke\u00e4\u00e4 tarkkojen laboratoriosovellusten kannalta. Sen liukoisuus vaihtelee eri liuottimissa, mik\u00e4 antaa joustavuutta kokeelliseen suunnitteluun. Tutkijat huomaavat, ett\u00e4 se liukenee tehokkaasti:<\/p>\n<ul>\n<li class=\"undefined text-lato-bold\"><span class=\"\">DMF: 25 mg\/ml<\/span><\/li>\n<li class=\"undefined text-lato-bold\"><span class=\"\">DMSO: 20 mg\/ml<\/span><\/li>\n<li class=\"undefined text-lato-bold\"><span class=\"\">Etanoli: 3 mg\/ml<\/span><\/li>\n<li class=\"undefined text-lato-bold\"><span class=\"\">PBS (pH 7,2): 10 mg\/ml<\/span><\/li>\n<\/ul>\n<h2>Vastuullinen tutkimus ja lains\u00e4\u00e4d\u00e4nn\u00f6n noudattaminen<\/h2>\n<p>Koska NM-2-AI:n farmakologisia ja toksikologisia ominaisuuksia koskevat tiedot ovat rajalliset, sen k\u00e4ytt\u00f6 on ehdottomasti varattu tutkimukseen ja testaukseen erityisesti varustetuissa laboratorioissa. On ehdottoman t\u00e4rke\u00e4\u00e4, ett\u00e4 kaikki t\u00e4t\u00e4 yhdistett\u00e4 koskevat tutkimukset tehd\u00e4\u00e4n asianmukaisia henkil\u00f6nsuojaimia k\u00e4ytt\u00e4en ja valvotussa ymp\u00e4rist\u00f6ss\u00e4 turvallisuuden varmistamiseksi ja eettisten tutkimusk\u00e4yt\u00e4nt\u00f6jen noudattamiseksi. Lis\u00e4ksi N-metyyli-2-aminoindaaniin voi kohdistua myyntirajoituksia eri laink\u00e4ytt\u00f6alueilla, ja asiakkaita kehotetaan tarkistamaan paikalliset m\u00e4\u00e4r\u00e4ykset ennen kuin he yritt\u00e4v\u00e4t myyd\u00e4 N-metyyli-2-aminoindaania. <b>ostaa NM-2-AI<\/b>. Tutkijat ymp\u00e4ri maailmaa valitsevat Chemsfinen <a href='https:\/\/chemsfine.com\/fi\/tuote\/buy-2f-dck-online\/'>tutkimuskemikaalien ostaminen verkosta<\/a> vastuullisesti.<\/p>\n<h2>Miksi valita Chemsfine NM-2-AI-ostoksesi?<\/h2>\n<p>Kun p\u00e4\u00e4t\u00e4t <b>Tilaa NM-2-AI verkossa<\/b>, valitsemalla Chemsfinen voit taata luotettavan kumppanin. Olemme omistautuneet tarjoamaan <b>aito NM-2-AI<\/b> ja muut <a href='https:\/\/chemsfine.com\/fi\/tuote\/buy-2f-dck-online\/'>korkea puhtaus myyt\u00e4v\u00e4n\u00e4<\/a> yhdisteit\u00e4, joiden tiedot ovat avoimia ja er\u00e4t on tarkistettu. Kilpailukykyinen hinnoittelumme ja sitoutuminen laatuun takaavat aina turvallisen ostoksen. Me Chemsfine-yhti\u00f6ss\u00e4 olemme ylpeit\u00e4 siit\u00e4, ett\u00e4 tarjoamme NM-2-AI:n lis\u00e4ksi monipuolisen luettelon eritt\u00e4in puhtaita tutkimusyhdisteit\u00e4. Tutustu tarjontaamme, mukaan lukien erikoistuotteet, kuten <a href='https:\/\/chemsfine.com\/fi\/tuote\/diablo-k2-spray\/'>Diablo K2 Spray<\/a>, Kaiken takana on vankkumaton sitoutumisemme tieteelliseen rehellisyyteen ja asiakastyytyv\u00e4isyyteen. Pyrimme olemaan ensisijainen l\u00e4hteenne <b>osta nyt verkossa<\/b>.<\/p>\n<h2>Johtop\u00e4\u00e4t\u00f6kset: NM-2-AI: Tutkimusluokan NM-2-AI:n ensisijainen l\u00e4hde.<\/h2>\n<p>Tieteellisiss\u00e4 tutkimuksissa, joissa tarvitaan tarkkoja ja luotettavia yhdisteit\u00e4, NM-2-AI on ainutlaatuinen stimulantti aminoindaaniluokassa. Chemsfine on luotettava l\u00e4hde, josta saatte <b>osta NM-2-AI myyt\u00e4v\u00e4n\u00e4<\/b>, joka tarjoaa laboratoriolaatuista materiaalia, jota tukee tiukka laadunvalvonta. Kutsumme sinut tutustumaan kattavaan tuotevalikoimaamme ja kokemaan sen huippuosaamisen, joka tekee Chemsfinest\u00e4 johtavan toimittajan tutkimuskemikaalien markkinoilla.<\/p>","protected":false},"excerpt":{"rendered":"<p>Tutustu <b>NM-2-AI<\/b> (N-methyl-2-aminoindane), a high-purity stimulant drug of the aminoindane class for research purposes. This laboratory-grade powder, an analog of 2-AI and MDAI, is available for researchers to <b>ostaa NM-2-AI<\/b> at Chemsfine. Known for its stimulating effects, it&#8217;s reserved for controlled laboratory environments. Explore its unique chemical profile and acquire your research compound today.<\/p>","protected":false},"featured_media":5570,"comment_status":"open","ping_status":"closed","template":"","meta":{"_joinchat":[]},"product_brand":[],"product_cat":[951],"product_tag":[],"class_list":{"0":"post-5518","1":"product","2":"type-product","3":"status-publish","4":"has-post-thumbnail","6":"product_cat-stimulants","8":"first","9":"instock","10":"shipping-taxable","11":"purchasable","12":"product-type-variable"},"yoast_head":"<!-- This site is optimized with the Yoast SEO plugin v27.2 - https:\/\/yoast.com\/product\/yoast-seo-wordpress\/ -->\n<title>Buy NM-2-AI Online - High Purity N-methyl-2-aminoindane Available<\/title>\n<meta name=\"description\" content=\"Discover NM-2-AI (N-methyl-2-aminoindane) for your research needs. Purchase high-purity, laboratory-grade NM-2-AI powder online at Chemsfine today.\" \/>\n<meta name=\"robots\" content=\"index, follow, max-snippet:-1, max-image-preview:large, max-video-preview:-1\" \/>\n<link rel=\"canonical\" href=\"https:\/\/chemsfine.com\/fi\/tuote\/buy-nm-2-ai\/\" \/>\n<meta property=\"og:locale\" content=\"fi_FI\" \/>\n<meta property=\"og:type\" content=\"article\" \/>\n<meta property=\"og:title\" content=\"Buy NM-2-AI Online - High Purity N-methyl-2-aminoindane Available\" \/>\n<meta property=\"og:description\" content=\"Discover NM-2-AI (N-methyl-2-aminoindane) for your research needs. Purchase high-purity, laboratory-grade NM-2-AI powder online at Chemsfine today.\" \/>\n<meta property=\"og:url\" content=\"https:\/\/chemsfine.com\/fi\/tuote\/buy-nm-2-ai\/\" \/>\n<meta property=\"og:site_name\" content=\"Chemsfine\" \/>\n<meta property=\"article:modified_time\" content=\"2026-03-25T14:14:21+00:00\" \/>\n<meta property=\"og:image\" content=\"https:\/\/chemsfine.com\/wp-content\/uploads\/2026\/02\/nm-2-ai-1-1.jpg\" \/>\n\t<meta property=\"og:image:width\" content=\"600\" \/>\n\t<meta property=\"og:image:height\" content=\"450\" \/>\n\t<meta property=\"og:image:type\" content=\"image\/jpeg\" \/>\n<meta name=\"twitter:card\" content=\"summary_large_image\" \/>\n<meta name=\"twitter:label1\" content=\"Arvioitu lukuaika\" \/>\n\t<meta name=\"twitter:data1\" content=\"4 minuuttia\" \/>\n<script type=\"application\/ld+json\" class=\"yoast-schema-graph\">{\"@context\":\"https:\/\/schema.org\",\"@graph\":[{\"@type\":\"WebPage\",\"@id\":\"https:\/\/chemsfine.com\/product\/buy-nm-2-ai\/\",\"url\":\"https:\/\/chemsfine.com\/product\/buy-nm-2-ai\/\",\"name\":\"Buy NM-2-AI Online - High Purity N-methyl-2-aminoindane Available\",\"isPartOf\":{\"@id\":\"https:\/\/chemsfine.com\/#website\"},\"primaryImageOfPage\":{\"@id\":\"https:\/\/chemsfine.com\/product\/buy-nm-2-ai\/#primaryimage\"},\"image\":{\"@id\":\"https:\/\/chemsfine.com\/product\/buy-nm-2-ai\/#primaryimage\"},\"thumbnailUrl\":\"https:\/\/chemsfine.com\/wp-content\/uploads\/2026\/02\/nm-2-ai-1-1.jpg\",\"datePublished\":\"2026-02-12T09:48:44+00:00\",\"dateModified\":\"2026-03-25T14:14:21+00:00\",\"description\":\"Discover NM-2-AI (N-methyl-2-aminoindane) for your research needs. Purchase high-purity, laboratory-grade NM-2-AI powder online at Chemsfine today.\",\"breadcrumb\":{\"@id\":\"https:\/\/chemsfine.com\/product\/buy-nm-2-ai\/#breadcrumb\"},\"inLanguage\":\"fi\",\"potentialAction\":[{\"@type\":\"ReadAction\",\"target\":[\"https:\/\/chemsfine.com\/product\/buy-nm-2-ai\/\"]}]},{\"@type\":\"ImageObject\",\"inLanguage\":\"fi\",\"@id\":\"https:\/\/chemsfine.com\/product\/buy-nm-2-ai\/#primaryimage\",\"url\":\"https:\/\/chemsfine.com\/wp-content\/uploads\/2026\/02\/nm-2-ai-1-1.jpg\",\"contentUrl\":\"https:\/\/chemsfine.com\/wp-content\/uploads\/2026\/02\/nm-2-ai-1-1.jpg\",\"width\":600,\"height\":450},{\"@type\":\"BreadcrumbList\",\"@id\":\"https:\/\/chemsfine.com\/product\/buy-nm-2-ai\/#breadcrumb\",\"itemListElement\":[{\"@type\":\"ListItem\",\"position\":1,\"name\":\"Home\",\"item\":\"https:\/\/chemsfine.com\/\"},{\"@type\":\"ListItem\",\"position\":2,\"name\":\"Shop\",\"item\":\"https:\/\/chemsfine.com\/shop\/\"},{\"@type\":\"ListItem\",\"position\":3,\"name\":\"NM-2-AI (N-methyl-2-aminoindane) | Buy Online at Chemsfine\"}]},{\"@type\":\"WebSite\",\"@id\":\"https:\/\/chemsfine.com\/#website\",\"url\":\"https:\/\/chemsfine.com\/\",\"name\":\"Chemsfine\",\"description\":\"My WordPress Blog\",\"publisher\":{\"@id\":\"https:\/\/chemsfine.com\/#organization\"},\"potentialAction\":[{\"@type\":\"SearchAction\",\"target\":{\"@type\":\"EntryPoint\",\"urlTemplate\":\"https:\/\/chemsfine.com\/?s={search_term_string}\"},\"query-input\":{\"@type\":\"PropertyValueSpecification\",\"valueRequired\":true,\"valueName\":\"search_term_string\"}}],\"inLanguage\":\"fi\"},{\"@type\":\"Organization\",\"@id\":\"https:\/\/chemsfine.com\/#organization\",\"name\":\"Chemsfine\",\"url\":\"https:\/\/chemsfine.com\/\",\"logo\":{\"@type\":\"ImageObject\",\"inLanguage\":\"fi\",\"@id\":\"https:\/\/chemsfine.com\/#\/schema\/logo\/image\/\",\"url\":\"https:\/\/chemsfine.com\/wp-content\/uploads\/2024\/09\/final-logo.png\",\"contentUrl\":\"https:\/\/chemsfine.com\/wp-content\/uploads\/2024\/09\/final-logo.png\",\"width\":340,\"height\":72,\"caption\":\"Chemsfine\"},\"image\":{\"@id\":\"https:\/\/chemsfine.com\/#\/schema\/logo\/image\/\"}}]}<\/script>\n<!-- \/ Yoast SEO plugin. -->","yoast_head_json":{"title":"Osta NM-2-AI verkossa - eritt\u00e4in puhdasta N-metyyli-2-aminoindaania saatavilla","description":"L\u00f6yd\u00e4 NM-2-AI (N-metyyli-2-aminoindaani) tutkimustarpeisiisi. Osta eritt\u00e4in puhdasta, laboratoriolaatuista NM-2-AI-jauhetta verkossa Chemsfinen kautta jo t\u00e4n\u00e4\u00e4n.","robots":{"index":"index","follow":"follow","max-snippet":"max-snippet:-1","max-image-preview":"max-image-preview:large","max-video-preview":"max-video-preview:-1"},"canonical":"https:\/\/chemsfine.com\/fi\/tuote\/buy-nm-2-ai\/","og_locale":"fi_FI","og_type":"article","og_title":"Buy NM-2-AI Online - High Purity N-methyl-2-aminoindane Available","og_description":"Discover NM-2-AI (N-methyl-2-aminoindane) for your research needs. Purchase high-purity, laboratory-grade NM-2-AI powder online at Chemsfine today.","og_url":"https:\/\/chemsfine.com\/fi\/tuote\/buy-nm-2-ai\/","og_site_name":"Chemsfine","article_modified_time":"2026-03-25T14:14:21+00:00","og_image":[{"width":600,"height":450,"url":"https:\/\/chemsfine.com\/wp-content\/uploads\/2026\/02\/nm-2-ai-1-1.jpg","type":"image\/jpeg"}],"twitter_card":"summary_large_image","twitter_misc":{"Arvioitu lukuaika":"4 minuuttia"},"schema":{"@context":"https:\/\/schema.org","@graph":[{"@type":"WebPage","@id":"https:\/\/chemsfine.com\/product\/buy-nm-2-ai\/","url":"https:\/\/chemsfine.com\/product\/buy-nm-2-ai\/","name":"Osta NM-2-AI verkossa - eritt\u00e4in puhdasta N-metyyli-2-aminoindaania saatavilla","isPartOf":{"@id":"https:\/\/chemsfine.com\/#website"},"primaryImageOfPage":{"@id":"https:\/\/chemsfine.com\/product\/buy-nm-2-ai\/#primaryimage"},"image":{"@id":"https:\/\/chemsfine.com\/product\/buy-nm-2-ai\/#primaryimage"},"thumbnailUrl":"https:\/\/chemsfine.com\/wp-content\/uploads\/2026\/02\/nm-2-ai-1-1.jpg","datePublished":"2026-02-12T09:48:44+00:00","dateModified":"2026-03-25T14:14:21+00:00","description":"L\u00f6yd\u00e4 NM-2-AI (N-metyyli-2-aminoindaani) tutkimustarpeisiisi. Osta eritt\u00e4in puhdasta, laboratoriolaatuista NM-2-AI-jauhetta verkossa Chemsfinen kautta jo t\u00e4n\u00e4\u00e4n.","breadcrumb":{"@id":"https:\/\/chemsfine.com\/product\/buy-nm-2-ai\/#breadcrumb"},"inLanguage":"fi","potentialAction":[{"@type":"ReadAction","target":["https:\/\/chemsfine.com\/product\/buy-nm-2-ai\/"]}]},{"@type":"ImageObject","inLanguage":"fi","@id":"https:\/\/chemsfine.com\/product\/buy-nm-2-ai\/#primaryimage","url":"https:\/\/chemsfine.com\/wp-content\/uploads\/2026\/02\/nm-2-ai-1-1.jpg","contentUrl":"https:\/\/chemsfine.com\/wp-content\/uploads\/2026\/02\/nm-2-ai-1-1.jpg","width":600,"height":450},{"@type":"BreadcrumbList","@id":"https:\/\/chemsfine.com\/product\/buy-nm-2-ai\/#breadcrumb","itemListElement":[{"@type":"ListItem","position":1,"name":"Home","item":"https:\/\/chemsfine.com\/"},{"@type":"ListItem","position":2,"name":"Shop","item":"https:\/\/chemsfine.com\/shop\/"},{"@type":"ListItem","position":3,"name":"NM-2-AI (N-methyl-2-aminoindane) | Buy Online at Chemsfine"}]},{"@type":"WebSite","@id":"https:\/\/chemsfine.com\/#website","url":"https:\/\/chemsfine.com\/","name":"Chemsfine","description":"Minun WordPress blogi","publisher":{"@id":"https:\/\/chemsfine.com\/#organization"},"potentialAction":[{"@type":"SearchAction","target":{"@type":"EntryPoint","urlTemplate":"https:\/\/chemsfine.com\/?s={search_term_string}"},"query-input":{"@type":"PropertyValueSpecification","valueRequired":true,"valueName":"search_term_string"}}],"inLanguage":"fi"},{"@type":"Organization","@id":"https:\/\/chemsfine.com\/#organization","name":"Chemsfine","url":"https:\/\/chemsfine.com\/","logo":{"@type":"ImageObject","inLanguage":"fi","@id":"https:\/\/chemsfine.com\/#\/schema\/logo\/image\/","url":"https:\/\/chemsfine.com\/wp-content\/uploads\/2024\/09\/final-logo.png","contentUrl":"https:\/\/chemsfine.com\/wp-content\/uploads\/2024\/09\/final-logo.png","width":340,"height":72,"caption":"Chemsfine"},"image":{"@id":"https:\/\/chemsfine.com\/#\/schema\/logo\/image\/"}}]}},"_links":{"self":[{"href":"https:\/\/chemsfine.com\/fi\/wp-json\/wp\/v2\/product\/5518","targetHints":{"allow":["GET"]}}],"collection":[{"href":"https:\/\/chemsfine.com\/fi\/wp-json\/wp\/v2\/product"}],"about":[{"href":"https:\/\/chemsfine.com\/fi\/wp-json\/wp\/v2\/types\/product"}],"replies":[{"embeddable":true,"href":"https:\/\/chemsfine.com\/fi\/wp-json\/wp\/v2\/comments?post=5518"}],"wp:featuredmedia":[{"embeddable":true,"href":"https:\/\/chemsfine.com\/fi\/wp-json\/wp\/v2\/media\/5570"}],"wp:attachment":[{"href":"https:\/\/chemsfine.com\/fi\/wp-json\/wp\/v2\/media?parent=5518"}],"wp:term":[{"taxonomy":"product_brand","embeddable":true,"href":"https:\/\/chemsfine.com\/fi\/wp-json\/wp\/v2\/product_brand?post=5518"},{"taxonomy":"product_cat","embeddable":true,"href":"https:\/\/chemsfine.com\/fi\/wp-json\/wp\/v2\/product_cat?post=5518"},{"taxonomy":"product_tag","embeddable":true,"href":"https:\/\/chemsfine.com\/fi\/wp-json\/wp\/v2\/product_tag?post=5518"}],"curies":[{"name":"wp","href":"https:\/\/api.w.org\/{rel}","templated":true}]}}