{"id":5776,"date":"2026-02-12T09:51:21","date_gmt":"2026-02-12T09:51:21","guid":{"rendered":"https:\/\/chemsfine.com\/?post_type=product&#038;p=5776"},"modified":"2026-03-25T14:10:09","modified_gmt":"2026-03-25T14:10:09","slug":"ho-pce-hcl-sale","status":"publish","type":"product","link":"https:\/\/chemsfine.com\/fi\/product\/ho-pce-hcl-sale\/","title":{"rendered":"3-HO-PCE HCL: Premium Research Chemical myyt\u00e4v\u00e4n\u00e4"},"content":{"rendered":"<p>Tarkkoja tutkijoita, jotka etsiv\u00e4t eritt\u00e4in puhtaita yhdisteit\u00e4, varten voitte <b>ostaa 3-HO-PCE HCL myyt\u00e4v\u00e4n\u00e4<\/b> t\u00e4\u00e4ll\u00e4 Chemsfinen sivuilla. Olemme erikoistuneet tarjoamaan huippuluokan <b>tutkimuskemikaalit<\/b>, varmistaen, ett\u00e4 jokainen er\u00e4 t\u00e4ytt\u00e4\u00e4 tiukat laatuvaatimukset riippumattoman kolmannen osapuolen laboratoriotestien avulla. Vakaumattoman sitoumuksemme on tukea vastuullista tieteellist\u00e4 tutkimusta toimittamalla vain luotettavimpia ja aidoimpia aineita analyysi- ja tutkimustarkoituksiin. Tavoitteenamme on olla ensisijainen l\u00e4hteesi luotettavien tutkimuslaatuisten yhdisteiden hankkimiseksi kehittyneeseen laboratorioty\u00f6h\u00f6n.<\/p>\n<h2>Vastuullinen tutkimus ja turvallisuuden noudattaminen 3-HO-PCE:n kanssa<\/h2>\n<p>Me Chemsfine-yrityksess\u00e4 korostamme vastuullisen tutkimuksen tekemisen ratkaisevaa merkityst\u00e4, kun ty\u00f6skennell\u00e4\u00e4n sellaisten aineiden kanssa kuten <b>3-HO-PCE<\/b>. Ennen kuin ryhdyt tutkimaan t\u00e4t\u00e4 tai mit\u00e4 tahansa muuta kemikaalia, sinun on ehdottomasti luettava ja koulutettava itsesi perusteellisesti. Arvokkaat resurssit, kuten Psychonaut Wiki ja The Third Wave, tarjoavat kattavaa tietoa seuraavista aiheista <b>3-HO-PCE<\/b>, ja antaa tutkijoille keskeiset tiedot. \u00c4l\u00e4 koskaan tee tutkimusta kemiallisella aineella ilman, ett\u00e4 olet ensin hankkinut t\u00e4ydellisen k\u00e4sityksen sen ominaisuuksista ja mahdollisista vaikutuksista. T\u00e4m\u00e4 sitoutuminen tietoon perustuvaan k\u00e4yt\u00e4nt\u00f6\u00f6n on perustavanlaatuista kaikille tieteellisille pyrkimyksille, sill\u00e4 se takaa sek\u00e4 turvallisuuden ett\u00e4 kokeellisten tulosten eheyden.<\/p>\n<p><b>! VAROITUS:<\/b> T\u00e4m\u00e4 <b>tutkimusluokan 3-HO-PCE<\/b> tuotetta ei ole ehdottomasti tarkoitettu ihmis- tai el\u00e4inl\u00e4\u00e4kinn\u00e4lliseen k\u00e4ytt\u00f6\u00f6n. Se on tarkoitettu yksinomaan in vitro -tutkimukseen ja analyyttisiin tarkoituksiin. Kaikkien k\u00e4ytt\u00e4jien on s\u00e4ilytett\u00e4v\u00e4 valvottu ymp\u00e4rist\u00f6 ja k\u00e4ytett\u00e4v\u00e4 asianmukaisia henkil\u00f6kohtaisia suojavarusteita (PPE) k\u00e4sittelyn aikana. Tutustu ja noudata kaikkia alueellisia m\u00e4\u00e4r\u00e4yksi\u00e4, jotka koskevat seuraavia seikkoja <b>tutkimuskemikaalit<\/b>. K\u00e4ytt\u00f6turvallisuustiedotteet (SDS) ja analyysitodistukset (CoA) ovat saatavilla pyynn\u00f6st\u00e4, ja ne antavat avoimia tietoja yhdisteist\u00e4mme. Varmista kaikkien materiaalien turvallinen varastointi ja vastuullinen h\u00e4vitt\u00e4minen laboratorion turvallisuusstandardien yll\u00e4pit\u00e4miseksi.<\/p>\n<h2>Mik\u00e4 on 3-HO-PCE HCL? Tutustu huippulaatuiseen 3-HO-PCE tutkimukseen<\/h2>\n<p><b>3-Hydroksietisyklidiini<\/b>, laajalti tunnustettu <b>3-HO-PCE<\/b>, on huippuluokan synteettinen dissosiatiivinen aine, joka kuuluu aryylisykloheksyyliamiinin kemialliseen luokkaan. Kun t\u00e4t\u00e4 yhdistett\u00e4 annetaan tutkimusymp\u00e4rist\u00f6ss\u00e4, sill\u00e4 on voimakkaita, annosherkki\u00e4 dissosiatiivisia, hallusinogeenisia ja euforisia vaikutuksia. Huomattavaa on, ett\u00e4 toisin kuin l\u00e4heisesti sukua olevasta rakenteellisesta analogistaan 3-HO-PCP:st\u00e4, 3-HO-PCE:st\u00e4 ei ollut virallista dokumentaatiota tieteellisess\u00e4 kirjallisuudessa ennen kuin se otettiin k\u00e4ytt\u00f6\u00f6n l\u00e4\u00e4kkeiss\u00e4. <b>tutkimuskemikaalit<\/b> markkinoilla 2010-luvulla. T\u00e4m\u00e4n yhdisteen ymp\u00e4rill\u00e4 k\u00e4ydyt ensimm\u00e4iset tieteelliset keskustelut ovat usein keskittyneet sen mahdolliseen affiniteettiin \u03bc-opioidireseptoriin, mik\u00e4 johtuu p\u00e4\u00e4asiassa sen rakenteellisesta samankaltaisuudesta 3-HO-PCP:n kanssa, joka on osoittanut t\u00e4llaista affiniteettia eri el\u00e4inmalleissa. Se, miss\u00e4 m\u00e4\u00e4rin <b>3-HO-PCE<\/b> voisi tuottaa n\u00e4it\u00e4 opioidien oletettuja vaikutuksia biologisissa j\u00e4rjestelmiss\u00e4, on edelleen jatkuvan tieteellisen keskustelun kohteena. Jos t\u00e4llaiset vaikutukset vahvistuvat, se voisi viitata siihen, ett\u00e4 <b>3-HO-PCE<\/b> on muihin dissosiatiivisiin aineisiin verrattuna erilainen tutkimuskysymys, erityisesti toistuvan annostelun osalta. Johdonmukainen muiden luokkaan kuuluvien aineiden, kuten metoksetamiinin (MXE), fenkyklidiinin (PCP) ja 3-MeO-PCE:n kanssa, <b>3-HO-PCE<\/b> teorian mukaan se voi aiheuttaa tilan, joka tunnetaan nimell\u00e4 \u201cdissosiatiivinen anestesia\u201d. Varhaiset tutkimushavainnot osoittavat, ett\u00e4 t\u00e4m\u00e4n tilan saavuttaminen <b>3-HO-PCE<\/b> voi olla haastavampaa kuin muiden dissosiatiivien kanssa, ja sen kokonaisvaikutusprofiilia on kuvattu \u201c3-MeO-PCP:n ja 3-MeO-PCE:n puoliv\u00e4liss\u00e4\u201d. Niille, jotka haluavat <b>ostaa 3-HO-PCE HCL<\/b> kehittyneeseen tutkimukseen, Chemsfine tarjoaa vain <b>huippulaatuinen 3-HO-PCE<\/b> saatavilla markkinoilla, ja sen puhtaus ja johdonmukaisuus on testattu tiukasti.<\/p>\n<h2>3-HO-PCE:n kemiallisten ominaisuuksien ymm\u00e4rt\u00e4minen<\/h2>\n<p>Aryylisykloheksyyliamiiniluokan merkitt\u00e4v\u00e4n\u00e4 synteettisen\u00e4 dissosiatiivina, <b>3-HO-PCE<\/b>, joka tunnetaan my\u00f6s nimell\u00e4 <b>3-hydroksietisyklidiini<\/b>, jolla on tutkimuksen kannalta ratkaisevia kemiallisia ominaisuuksia. Sen molekyylirakenteelle on ominaista sykloheksaani, joka on vakaa kuusirunkoinen tyydyttynyt rengas. T\u00e4m\u00e4 keskeinen sykloheksaanirengas on kovalenttisesti sitoutunut kahteen muuhun funktionaaliseen ryhm\u00e4\u00e4n R1-asemassa. Toinen n\u00e4ist\u00e4 elint\u00e4rkeist\u00e4 ryhmist\u00e4 on etyyliketju, joka on edelleen sitoutunut sen typpiryhm\u00e4\u00e4n, mik\u00e4 vaikuttaa merkitt\u00e4v\u00e4sti sen farmakologiseen kokonaisprofiiliin. Toinen keskeinen komponentti on aromaattinen fenyylirengas, joka on huolellisesti substituoitu R3-asemassa hydroksiryhm\u00e4ll\u00e4. Rakenteellisesti, <b>3-HO-PCE<\/b> on PCE:n suora analogi, ja sill\u00e4 on rakenteellista homologiaa 3-MeO-PCE:n kanssa, mik\u00e4 korostaa sen sijoittumista t\u00e4h\u00e4n erityiseen ryhm\u00e4\u00e4n <b>tutkimuskemikaalit<\/b>. N\u00e4m\u00e4 monimutkaiset kemialliset yksityiskohdat ovat elint\u00e4rkeit\u00e4 kaikille tutkijoille, jotka pyrkiv\u00e4t - <b>ostaa 3-HO-PCE HCL<\/b> ja tehd\u00e4 tarkkoja kokeita, jotka edellytt\u00e4v\u00e4t sen molekyylirakenteen yksityiskohtaista ymm\u00e4rt\u00e4mist\u00e4.<\/p>\n<p>Tutkijat voivat usein hy\u00f6ty\u00e4 3-HO-PCE:n kemiallisten yksityiskohtien nopeasta selvitt\u00e4misest\u00e4:<\/p>\n<table>\n<thead>\n<tr>\n<th>Kiinteist\u00f6<\/th>\n<th>Kuvaus<\/th>\n<\/tr>\n<\/thead>\n<tbody>\n<tr>\n<td>Kemiallinen nimi<\/td>\n<td>3-Hydroksietisyklidiini<\/td>\n<\/tr>\n<tr>\n<td>Yleinen lyhenne<\/td>\n<td>3-HO-PCE<\/td>\n<\/tr>\n<tr>\n<td>Kemiallinen luokka<\/td>\n<td>Aryylisykloheksyyliamiini<\/td>\n<\/tr>\n<tr>\n<td>Rakenteelliset analogit<\/td>\n<td>PCE, 3-MeO-PCE<\/td>\n<\/tr>\n<tr>\n<td>T\u00e4rkein toiminnallinen ryhm\u00e4<\/td>\n<td>R3:n hydroksiryhm\u00e4<\/td>\n<\/tr>\n<\/tbody>\n<\/table>\n<h2>3-HO-PCE:n farmakologiset vaikutukset ja tutkimussovellukset<\/h2>\n<p>Vaikka virallisia tutkimuksia ihmisill\u00e4 ei ole tehty, nykyinen tieteellinen k\u00e4sitys viittaa siihen, ett\u00e4 <b>3-HO-PCE<\/b> toimii todenn\u00e4k\u00f6isesti p\u00e4\u00e4asiassa NMDA-reseptorin antagonistina. NMDA-reseptorilla (N-metyyli-D-aspartaatti-reseptori), joka on glutamaattireseptorin erikoistunut alatyyppi, on ratkaiseva rooli aivojen ja selk\u00e4ytimen hermosolujen v\u00e4listen s\u00e4hk\u00f6isten signaalien v\u00e4litt\u00e4misen s\u00e4\u00e4telyss\u00e4. Jotta n\u00e4m\u00e4 elint\u00e4rke\u00e4t hermosignaalit voisivat kulkea tehokkaasti, reseptorin on s\u00e4ilytett\u00e4v\u00e4 avoin muoto. Dissosiatiiviset aineet, kuten <b>3-HO-PCE<\/b>, vaikuttavat est\u00e4m\u00e4ll\u00e4 NMDA-reseptorien normaalia toimintaa sitoutumis- ja estovaikutustensa avulla. T\u00e4m\u00e4 tyypillisen hermoverkon toiminnan keskeytyminen johtaa havaittavien vaikutusten kaskadiin, johon kuuluvat normaalin kognitiivisen ja affektiivisen prosessoinnin h\u00e4iri\u00f6t, psykomotorisen toiminnan muutokset ja mahdollinen anestesiaa muistuttava tila. Lis\u00e4ksi tieteellisesti spekuloidaan edelleen paljon siit\u00e4, onko t\u00e4ll\u00e4 yhdisteell\u00e4 my\u00f6s \u03bc-opioidireseptorin toimintaa. T\u00e4m\u00e4 tutkimuslinja johtuu sen rakenteellisesta sukulaisuudesta 3-HO-PCP:hen, yhdisteeseen, joka on osoittanut huomattavaa affiniteettia \u03bc-opioidireseptoriagonistina kontrolloiduissa el\u00e4inmalleissa. Tutkijat, jotka tutkivat <b>3-HO-PCE<\/b> voi havaita erilaisia yleisesti raportoituja vaikutuksia, joita ovat: <a href=\"https:\/\/chemsfine.com\/fi\/tuote\/5cl-adb-a-5-chloro-adb-a-research-chemical\/\">Tuntoaistin vaimennus<\/a>, Stimulaatio ja sedaatio, kivunlievitys, painovoiman muutokset ja k\u00e4sitteellinen ajattelu. N\u00e4iden potentiaalisten vaikutusten ymm\u00e4rt\u00e4minen on avainasemassa niille, jotka pyrkiv\u00e4t <b>ostaa 3-HO-PCE HCL<\/b> yksityiskohtaisia mekanistisia tutkimuksia ja vertailevaa farmakologista tutkimusta varten.<\/p>\n<p>N\u00e4m\u00e4 ainutlaatuiset farmakologiset ominaisuudet tekev\u00e4t <b>3-HO-PCE<\/b> arvokas v\u00e4line erilaisiin neurotieteen ja farmakologian tutkimussovelluksiin. Tyypillisi\u00e4 laboratoriok\u00e4ytt\u00f6j\u00e4 ovat mm:<\/p>\n<ul>\n<li>NMDA-reseptorin antagonismimekanismien tutkiminen erilaisissa biologisissa malleissa.<\/li>\n<li>Dissosiatiivisten tilojen ja niiden fysiologisten ilmenemismuotojen tutkiminen koej\u00e4rjestelyiss\u00e4.<\/li>\n<li>Tutkitaan mahdollisia \u03bc-opioidireseptorien vuorovaikutuksia ja niiden vaikutusta hermoratoihin.<\/li>\n<li>Vertailevan analyysin tekeminen muiden aryylisykloheksyyliamiinien, kuten 3-MeO-PCE:n, kanssa rakenne-aktiivisuussuhteiden ymm\u00e4rt\u00e4miseksi.<\/li>\n<li>Farmakokineettisen ja farmakodynaamisen tutkimuksen tekeminen imeytymis-, jakautumis-, aineenvaihdunta- ja erittymisprofiilien hahmottamiseksi.<\/li>\n<li>Kehitet\u00e4\u00e4n kehittyneit\u00e4 analyysitekniikoita uusien psykoaktiivisten aineiden tunnistamiseksi ja kvantifioimiseksi.<\/li>\n<li>Kognitiivisiin ja psykomotorisiin toimintoihin kohdistuvien vaikutusten ymm\u00e4rt\u00e4minen kontrolloiduissa tutkimusymp\u00e4rist\u00f6iss\u00e4.<\/li>\n<\/ul>\n<h2>Mahdolliset haittavaikutukset tutkimusasetuksissa<\/h2>\n<p>Tutkijoiden tulisi olla tietoisia mahdollisista havainnoista, joita on raportoitu eri yhteyksiss\u00e4, ja joita voivat olla esimerkiksi: Virtsaamisvaikeudet, mania, aikav\u00e4\u00e4ristym\u00e4t, ruokahalun tukahduttaminen ja psykoosi. N\u00e4m\u00e4 mahdolliset haittavaikutukset korostavat huolellisen koesuunnittelun ja tarkan tarkkailun t\u00e4rkeytt\u00e4 kaikissa tutkimuksissa, joissa k\u00e4ytet\u00e4\u00e4n <b>3-HO-PCE<\/b>, tutkimusten eettisen ja valvotun suorittamisen varmistaminen. Yksityiskohtaiset seurantaprotokollat ovat eritt\u00e4in suositeltavia, kun ty\u00f6skennell\u00e4\u00e4n n\u00e4in voimakkaiden yhdisteiden kanssa.<\/p>\n<h2>3-HO-PCE HCL:n oikeudellinen asema<\/h2>\n<p>Oikeudellinen asema <b>3-HO-PCE<\/b> vaihtelee merkitt\u00e4v\u00e4sti eri laink\u00e4ytt\u00f6alueilla. Vaikka maailmanlaajuisesti on todettu yksitt\u00e4isi\u00e4 tapauksia, joissa se on luokiteltu laittomaksi aineeksi, n\u00e4m\u00e4 tiedot eiv\u00e4t ole tyhjent\u00e4vi\u00e4, ja ne voivat muuttua. Tutkijoita kehotetaan vahvasti suorittamaan perusteellinen henkil\u00f6kohtainen due diligence -tarkastus seuraavien aineiden nykyisest\u00e4 oikeudellisesta asemasta <b>3-HO-PCE<\/b> omalla paikkakunnallaan tai alueellaan, ennen kuin jatkavat toimintaansa <a href=\"https:\/\/chemsfine.com\/fi\/tuote\/buy-mescaline-online\/\"><b>ostaa 3-HO-PCE verkossa<\/b><\/a>. Kaikkien paikallisten, kansallisten ja kansainv\u00e4listen lakien ja m\u00e4\u00e4r\u00e4ysten noudattaminen on ostajan ja tutkijan vastuulla. Chemsfine edist\u00e4\u00e4 vastuullista ja laillista hankintaa kaikkien seuraavien tuotteiden osalta <b>tutkimuskemikaalit<\/b>.<\/p>\n<h2>Miksi valita Chemsfine tilaamaan 3-HO-PCE HCL verkossa?<\/h2>\n<p>Kun olet valmis <b>tilata 3-HO-PCE HCL verkossa<\/b>, Chemsfine erottuu luotettavana toimittajanasi. Tarjoamme saumattoman ja turvallisen hankintakokemuksen <b>3-HO-PCE<\/b> ja monenlaisia muita ensiluokkaisia dissosiatiivisia aineita, kuten 3-HO-PCP, 3-MeO-PCP ja DCK. Sitoumuksemme laatuun on horjumaton; kaikki meid\u00e4n <b>tutkimuskemikaalit<\/b> k\u00e4yv\u00e4t l\u00e4pi tiukat kolmannen osapuolen laboratoriotestit puhtauden ja aitouden takaamiseksi. Uskomme, ett\u00e4 tarjoamme <b>paras saatavilla oleva 3-HO-PCE<\/b> markkinoilla, ja sen tukena on l\u00e4pin\u00e4kyvi\u00e4 tietoja, mukaan lukien tarkistetut er\u00e4kirjanpito ja analyysitodistukset, joilla varmistetaan, ett\u00e4 saat vain korkeinta laatua tutkimuksiisi. Kaikki Chemsfinen toimittamat kemikaalit on tarkoitettu ainoastaan tutkimus- ja analyysitarkoituksiin, ei nimenomaisesti ihmisravinnoksi. Pyrimme tarjoamaan kilpailukykyisen hinnoittelun tinkim\u00e4tt\u00e4 tuotteidemme laadusta ja eheydest\u00e4. Lis\u00e4varmennusta tarvitseville tutkijoille tarjoamme mielell\u00e4mme NMR-tuloksia seuraavista tuotteista <b>3-HO-PCE<\/b> tai mink\u00e4 tahansa muun yhdisteen pyynn\u00f6st\u00e4; l\u00e4het\u00e4 meille s\u00e4hk\u00f6postia osoitteeseen requests@chemsfine.com. Valitse Chemsfine, jos haluat luotettavia, eritt\u00e4in puhtaita tutkimusyhdisteit\u00e4 ja ammattitaitoista palvelua, joka on omistautunut tieteelliseen huippuosaamiseen ja asiakastyytyv\u00e4isyyteen.<\/p>\n<h2>Johtop\u00e4\u00e4t\u00f6kset: Osta 3-HO-PCE HCL myyt\u00e4v\u00e4ksi luotettavasta l\u00e4hteest\u00e4.<\/h2>\n<p>Tarkkuuteen ja rehellisyyteen sitoutuneille laboratorioille ja tutkijoille tarjoutuu tilaisuus osallistua <b>ostaa 3-HO-PCE HCL myyt\u00e4v\u00e4n\u00e4<\/b> hyv\u00e4maineiselta toimittajalta on ensiarvoisen t\u00e4rke\u00e4\u00e4. Chemsfine t\u00e4ytt\u00e4\u00e4 t\u00e4m\u00e4n lupauksen, sill\u00e4 se tarjoaa eritt\u00e4in puhdasta, riippumattomasti kolmannen osapuolen testaamaa <b>3-HO-PCE tutkimuskemikaali<\/b>, sek\u00e4 kattava tuki ja l\u00e4pin\u00e4kyv\u00e4 dokumentaatio. Varusta tutkimuksesi korkealaatuisimmilla saatavilla olevilla yhdisteill\u00e4. Varmistamme, ett\u00e4 jokainen er\u00e4 <b>3-HO-PCE<\/b> toimitetaan aidon ja johdonmukaisen suorituskyvyn takaamana, jolloin voit keskitty\u00e4 alasi uraauurtaviin l\u00f6yt\u00f6ihin. Luota Chemsfineen kaikissa <b>tutkimuskemikaali<\/b> tarpeet.<\/p>","protected":false},"excerpt":{"rendered":"<p><b>3-HO-PCE<\/b> (3-Hydroxyeticyclidine) is a novel synthetic dissociative of the arylcyclohexylamine class, primarily acting as an NMDA receptor antagonist. For high-purity <b>3-HO-PCE research<\/b> chemical, <b>ostaa Chemsfine<\/b> for reliable laboratory analysis and advanced studies.<\/p>","protected":false},"featured_media":5811,"comment_status":"open","ping_status":"closed","template":"","meta":{"_joinchat":[]},"product_brand":[],"product_cat":[432],"product_tag":[],"class_list":{"0":"post-5776","1":"product","2":"type-product","3":"status-publish","4":"has-post-thumbnail","6":"product_cat-dissociatives","8":"first","9":"instock","10":"shipping-taxable","11":"purchasable","12":"product-type-variable"},"yoast_head":"<!-- This site is optimized with the Yoast SEO plugin v27.2 - https:\/\/yoast.com\/product\/yoast-seo-wordpress\/ -->\n<title>Buy 3-HO-PCE Research Chemical Online \u2013 Top Quality Available<\/title>\n<meta name=\"description\" content=\"Discover and buy 3-HO-PCE, a potent research chemical, online at Chemsfine. Get top-quality 3-HO-PCE for your laboratory studies today.\" \/>\n<meta name=\"robots\" content=\"index, follow, max-snippet:-1, max-image-preview:large, max-video-preview:-1\" \/>\n<link rel=\"canonical\" href=\"https:\/\/chemsfine.com\/fi\/tuote\/ho-pce-hcl-sale\/\" \/>\n<meta property=\"og:locale\" content=\"fi_FI\" \/>\n<meta property=\"og:type\" content=\"article\" \/>\n<meta property=\"og:title\" content=\"Buy 3-HO-PCE Research Chemical Online \u2013 Top Quality Available\" \/>\n<meta property=\"og:description\" content=\"Discover and buy 3-HO-PCE, a potent research chemical, online at Chemsfine. Get top-quality 3-HO-PCE for your laboratory studies today.\" \/>\n<meta property=\"og:url\" content=\"https:\/\/chemsfine.com\/fi\/tuote\/ho-pce-hcl-sale\/\" \/>\n<meta property=\"og:site_name\" content=\"Chemsfine\" \/>\n<meta property=\"article:modified_time\" content=\"2026-03-25T14:10:09+00:00\" \/>\n<meta property=\"og:image\" content=\"https:\/\/chemsfine.com\/wp-content\/uploads\/2026\/02\/3-ho-pce-hcl-1.jpg\" \/>\n\t<meta property=\"og:image:width\" content=\"1600\" \/>\n\t<meta property=\"og:image:height\" content=\"1600\" \/>\n\t<meta property=\"og:image:type\" content=\"image\/jpeg\" \/>\n<meta name=\"twitter:card\" content=\"summary_large_image\" \/>\n<meta name=\"twitter:label1\" content=\"Arvioitu lukuaika\" \/>\n\t<meta name=\"twitter:data1\" content=\"7 minuuttia\" \/>\n<script type=\"application\/ld+json\" class=\"yoast-schema-graph\">{\"@context\":\"https:\/\/schema.org\",\"@graph\":[{\"@type\":\"WebPage\",\"@id\":\"https:\/\/chemsfine.com\/product\/ho-pce-hcl-sale\/\",\"url\":\"https:\/\/chemsfine.com\/product\/ho-pce-hcl-sale\/\",\"name\":\"Buy 3-HO-PCE Research Chemical Online \u2013 Top Quality Available\",\"isPartOf\":{\"@id\":\"https:\/\/chemsfine.com\/#website\"},\"primaryImageOfPage\":{\"@id\":\"https:\/\/chemsfine.com\/product\/ho-pce-hcl-sale\/#primaryimage\"},\"image\":{\"@id\":\"https:\/\/chemsfine.com\/product\/ho-pce-hcl-sale\/#primaryimage\"},\"thumbnailUrl\":\"https:\/\/chemsfine.com\/wp-content\/uploads\/2026\/02\/3-ho-pce-hcl-1.jpg\",\"datePublished\":\"2026-02-12T09:51:21+00:00\",\"dateModified\":\"2026-03-25T14:10:09+00:00\",\"description\":\"Discover and buy 3-HO-PCE, a potent research chemical, online at Chemsfine. Get top-quality 3-HO-PCE for your laboratory studies today.\",\"breadcrumb\":{\"@id\":\"https:\/\/chemsfine.com\/product\/ho-pce-hcl-sale\/#breadcrumb\"},\"inLanguage\":\"fi\",\"potentialAction\":[{\"@type\":\"ReadAction\",\"target\":[\"https:\/\/chemsfine.com\/product\/ho-pce-hcl-sale\/\"]}]},{\"@type\":\"ImageObject\",\"inLanguage\":\"fi\",\"@id\":\"https:\/\/chemsfine.com\/product\/ho-pce-hcl-sale\/#primaryimage\",\"url\":\"https:\/\/chemsfine.com\/wp-content\/uploads\/2026\/02\/3-ho-pce-hcl-1.jpg\",\"contentUrl\":\"https:\/\/chemsfine.com\/wp-content\/uploads\/2026\/02\/3-ho-pce-hcl-1.jpg\",\"width\":1600,\"height\":1600},{\"@type\":\"BreadcrumbList\",\"@id\":\"https:\/\/chemsfine.com\/product\/ho-pce-hcl-sale\/#breadcrumb\",\"itemListElement\":[{\"@type\":\"ListItem\",\"position\":1,\"name\":\"Home\",\"item\":\"https:\/\/chemsfine.com\/\"},{\"@type\":\"ListItem\",\"position\":2,\"name\":\"Shop\",\"item\":\"https:\/\/chemsfine.com\/shop\/\"},{\"@type\":\"ListItem\",\"position\":3,\"name\":\"3-HO-PCE HCL: Premium Research Chemical for Sale\"}]},{\"@type\":\"WebSite\",\"@id\":\"https:\/\/chemsfine.com\/#website\",\"url\":\"https:\/\/chemsfine.com\/\",\"name\":\"Chemsfine\",\"description\":\"My WordPress Blog\",\"publisher\":{\"@id\":\"https:\/\/chemsfine.com\/#organization\"},\"potentialAction\":[{\"@type\":\"SearchAction\",\"target\":{\"@type\":\"EntryPoint\",\"urlTemplate\":\"https:\/\/chemsfine.com\/?s={search_term_string}\"},\"query-input\":{\"@type\":\"PropertyValueSpecification\",\"valueRequired\":true,\"valueName\":\"search_term_string\"}}],\"inLanguage\":\"fi\"},{\"@type\":\"Organization\",\"@id\":\"https:\/\/chemsfine.com\/#organization\",\"name\":\"Chemsfine\",\"url\":\"https:\/\/chemsfine.com\/\",\"logo\":{\"@type\":\"ImageObject\",\"inLanguage\":\"fi\",\"@id\":\"https:\/\/chemsfine.com\/#\/schema\/logo\/image\/\",\"url\":\"https:\/\/chemsfine.com\/wp-content\/uploads\/2024\/09\/final-logo.png\",\"contentUrl\":\"https:\/\/chemsfine.com\/wp-content\/uploads\/2024\/09\/final-logo.png\",\"width\":340,\"height\":72,\"caption\":\"Chemsfine\"},\"image\":{\"@id\":\"https:\/\/chemsfine.com\/#\/schema\/logo\/image\/\"}}]}<\/script>\n<!-- \/ Yoast SEO plugin. -->","yoast_head_json":{"title":"Osta 3-HO-PCE Tutkimus Kemialliset Online - huippulaatua saatavilla","description":"Tutustu 3-HO-PCE:hen, tehokkaaseen tutkimuskemikaaliin, ja osta sit\u00e4 verkossa Chemsfinen kautta. Hanki huippulaatuinen 3-HO-PCE laboratoriotutkimuksiisi jo t\u00e4n\u00e4\u00e4n.","robots":{"index":"index","follow":"follow","max-snippet":"max-snippet:-1","max-image-preview":"max-image-preview:large","max-video-preview":"max-video-preview:-1"},"canonical":"https:\/\/chemsfine.com\/fi\/tuote\/ho-pce-hcl-sale\/","og_locale":"fi_FI","og_type":"article","og_title":"Buy 3-HO-PCE Research Chemical Online \u2013 Top Quality Available","og_description":"Discover and buy 3-HO-PCE, a potent research chemical, online at Chemsfine. Get top-quality 3-HO-PCE for your laboratory studies today.","og_url":"https:\/\/chemsfine.com\/fi\/tuote\/ho-pce-hcl-sale\/","og_site_name":"Chemsfine","article_modified_time":"2026-03-25T14:10:09+00:00","og_image":[{"width":1600,"height":1600,"url":"https:\/\/chemsfine.com\/wp-content\/uploads\/2026\/02\/3-ho-pce-hcl-1.jpg","type":"image\/jpeg"}],"twitter_card":"summary_large_image","twitter_misc":{"Arvioitu lukuaika":"7 minuuttia"},"schema":{"@context":"https:\/\/schema.org","@graph":[{"@type":"WebPage","@id":"https:\/\/chemsfine.com\/product\/ho-pce-hcl-sale\/","url":"https:\/\/chemsfine.com\/product\/ho-pce-hcl-sale\/","name":"Osta 3-HO-PCE Tutkimus Kemialliset Online - huippulaatua saatavilla","isPartOf":{"@id":"https:\/\/chemsfine.com\/#website"},"primaryImageOfPage":{"@id":"https:\/\/chemsfine.com\/product\/ho-pce-hcl-sale\/#primaryimage"},"image":{"@id":"https:\/\/chemsfine.com\/product\/ho-pce-hcl-sale\/#primaryimage"},"thumbnailUrl":"https:\/\/chemsfine.com\/wp-content\/uploads\/2026\/02\/3-ho-pce-hcl-1.jpg","datePublished":"2026-02-12T09:51:21+00:00","dateModified":"2026-03-25T14:10:09+00:00","description":"Tutustu 3-HO-PCE:hen, tehokkaaseen tutkimuskemikaaliin, ja osta sit\u00e4 verkossa Chemsfinen kautta. Hanki huippulaatuinen 3-HO-PCE laboratoriotutkimuksiisi jo t\u00e4n\u00e4\u00e4n.","breadcrumb":{"@id":"https:\/\/chemsfine.com\/product\/ho-pce-hcl-sale\/#breadcrumb"},"inLanguage":"fi","potentialAction":[{"@type":"ReadAction","target":["https:\/\/chemsfine.com\/product\/ho-pce-hcl-sale\/"]}]},{"@type":"ImageObject","inLanguage":"fi","@id":"https:\/\/chemsfine.com\/product\/ho-pce-hcl-sale\/#primaryimage","url":"https:\/\/chemsfine.com\/wp-content\/uploads\/2026\/02\/3-ho-pce-hcl-1.jpg","contentUrl":"https:\/\/chemsfine.com\/wp-content\/uploads\/2026\/02\/3-ho-pce-hcl-1.jpg","width":1600,"height":1600},{"@type":"BreadcrumbList","@id":"https:\/\/chemsfine.com\/product\/ho-pce-hcl-sale\/#breadcrumb","itemListElement":[{"@type":"ListItem","position":1,"name":"Home","item":"https:\/\/chemsfine.com\/"},{"@type":"ListItem","position":2,"name":"Shop","item":"https:\/\/chemsfine.com\/shop\/"},{"@type":"ListItem","position":3,"name":"3-HO-PCE HCL: Premium Research Chemical for Sale"}]},{"@type":"WebSite","@id":"https:\/\/chemsfine.com\/#website","url":"https:\/\/chemsfine.com\/","name":"Chemsfine","description":"Minun WordPress blogi","publisher":{"@id":"https:\/\/chemsfine.com\/#organization"},"potentialAction":[{"@type":"SearchAction","target":{"@type":"EntryPoint","urlTemplate":"https:\/\/chemsfine.com\/?s={search_term_string}"},"query-input":{"@type":"PropertyValueSpecification","valueRequired":true,"valueName":"search_term_string"}}],"inLanguage":"fi"},{"@type":"Organization","@id":"https:\/\/chemsfine.com\/#organization","name":"Chemsfine","url":"https:\/\/chemsfine.com\/","logo":{"@type":"ImageObject","inLanguage":"fi","@id":"https:\/\/chemsfine.com\/#\/schema\/logo\/image\/","url":"https:\/\/chemsfine.com\/wp-content\/uploads\/2024\/09\/final-logo.png","contentUrl":"https:\/\/chemsfine.com\/wp-content\/uploads\/2024\/09\/final-logo.png","width":340,"height":72,"caption":"Chemsfine"},"image":{"@id":"https:\/\/chemsfine.com\/#\/schema\/logo\/image\/"}}]}},"_links":{"self":[{"href":"https:\/\/chemsfine.com\/fi\/wp-json\/wp\/v2\/product\/5776","targetHints":{"allow":["GET"]}}],"collection":[{"href":"https:\/\/chemsfine.com\/fi\/wp-json\/wp\/v2\/product"}],"about":[{"href":"https:\/\/chemsfine.com\/fi\/wp-json\/wp\/v2\/types\/product"}],"replies":[{"embeddable":true,"href":"https:\/\/chemsfine.com\/fi\/wp-json\/wp\/v2\/comments?post=5776"}],"wp:featuredmedia":[{"embeddable":true,"href":"https:\/\/chemsfine.com\/fi\/wp-json\/wp\/v2\/media\/5811"}],"wp:attachment":[{"href":"https:\/\/chemsfine.com\/fi\/wp-json\/wp\/v2\/media?parent=5776"}],"wp:term":[{"taxonomy":"product_brand","embeddable":true,"href":"https:\/\/chemsfine.com\/fi\/wp-json\/wp\/v2\/product_brand?post=5776"},{"taxonomy":"product_cat","embeddable":true,"href":"https:\/\/chemsfine.com\/fi\/wp-json\/wp\/v2\/product_cat?post=5776"},{"taxonomy":"product_tag","embeddable":true,"href":"https:\/\/chemsfine.com\/fi\/wp-json\/wp\/v2\/product_tag?post=5776"}],"curies":[{"name":"wp","href":"https:\/\/api.w.org\/{rel}","templated":true}]}}