{"id":5797,"date":"2026-02-12T09:51:47","date_gmt":"2026-02-12T09:51:47","guid":{"rendered":"https:\/\/chemsfine.com\/?post_type=product&#038;p=5797"},"modified":"2026-03-25T14:02:48","modified_gmt":"2026-03-25T14:02:48","slug":"buy-8-ball-cocaine","status":"publish","type":"product","link":"https:\/\/chemsfine.com\/fi\/product\/buy-8-ball-cocaine\/","title":{"rendered":"Osta 8 Ball kokaiinia verkossa myyt\u00e4v\u00e4n\u00e4"},"content":{"rendered":"<p>The <strong>8 pallo kokaiinia<\/strong>, joka tunnetaan my\u00f6s nimell\u00e4 Eight Ball of Cocaine. T\u00e4m\u00e4 nimetty m\u00e4\u00e4r\u00e4 on juurtunut syv\u00e4lle populaarikulttuuriin, erityisesti koska se mainitaan usein rap-musiikissa, jossa se symboloi erilaisia tarinoita. Lis\u00e4ksi termi on l\u00f6yt\u00e4nyt tiens\u00e4 sosiaalisen median foorumeille, ja sit\u00e4 k\u00e4ytet\u00e4\u00e4n usein komediallisiin tarkoituksiin, dramaattiseen tarinankerrontaan tai korostamaan tiettyj\u00e4 skenaarioita. Sen laaja tunnettuus n\u00e4iss\u00e4 erilaisissa yhteyksiss\u00e4 korostaa sen vakiintunutta l\u00e4sn\u00e4oloa sek\u00e4 laittomilla markkinoilla ett\u00e4 kulttuurisessa keskustelussa. T\u00e4m\u00e4 merkitt\u00e4v\u00e4 m\u00e4\u00e4r\u00e4 ainetta on nyt saatavilla niille, jotka haluavat <b>ostaa kokaiinia verkossa<\/b>, joka tarjoaa huomaamattoman ja luotettavan v\u00e4yl\u00e4n hankintaan.<\/p>\n<h2>Mik\u00e4 on 8 Ball Cocaine?<\/h2>\n<p>Kokaiinipallo tarkoittaa yleens\u00e4 3,5 grammaa eli kahdeksasosaa unssista kokaiinia. T\u00e4st\u00e4 t\u00e4sm\u00e4llisest\u00e4 mitasta on tullut huumekaupan vakioyksikk\u00f6, joka helpottaa eri osapuolten v\u00e4lisi\u00e4 liiketoimia ja viestint\u00e4\u00e4. Termi sai alkunsa ja sai merkitt\u00e4v\u00e4n jalansijan 1980-luvulla, jolloin huumausaineiden jakelussa ja t\u00e4yt\u00e4nt\u00f6\u00f6npanostrategioissa tapahtui huomattavia muutoksia. Sek\u00e4 laittomat jakelijat ett\u00e4 viralliset lainvalvontaviranomaiset k\u00e4ytt\u00e4v\u00e4t sit\u00e4 jatkuvasti, mik\u00e4 korostaa sen pysyv\u00e4\u00e4 asemaa rikollisessa sanastossa. Sen lis\u00e4ksi, ett\u00e4 8 Ball -k\u00e4sitett\u00e4 k\u00e4ytet\u00e4\u00e4n k\u00e4yt\u00e4nn\u00f6ss\u00e4 huumekaupassa, se on ylitt\u00e4nyt alkuper\u00e4ns\u00e4 ja siit\u00e4 on tullut voimakas symboli populaarikulttuurissa. Siihen viitataan usein rap-lyriikoissa, elokuvissa ja muissa tiedotusv\u00e4lineiss\u00e4, ja usein sen tarkoituksena on v\u00e4litt\u00e4\u00e4 rikkauteen, valtaan tai katu-uskottavuuteen liittyvi\u00e4 teemoja.<\/p>\n<p>T\u00e4m\u00e4 laaja kulttuurinen integroituminen tarkoittaa, ett\u00e4 sanonnasta on tullut tunnistettava my\u00f6s silloin, kun se ei ole suoraan tekemisiss\u00e4 sen sis\u00e4ll\u00f6n kanssa. Kun pyrit\u00e4\u00e4n hankkimaan <b>Huippulaatuinen 8 pallokokaiini<\/b>, sen historiallisen ja kulttuurisen painoarvon ymm\u00e4rt\u00e4minen on ratkaisevan t\u00e4rke\u00e4\u00e4, sill\u00e4 se ei ole vain tuote vaan tunnustettu kokonaisuus erilaisissa yhteiskunnallisissa kertomuksissa.<\/p>\n<h2>Miksi ostaa 8 Ball Cocaine Online Chemsfine?<\/h2>\n<p>Kun harkitset, miss\u00e4 <b>ostaa 8 Ball kokaiinia verkossa<\/b>, Chemsfine on ensiluokkainen kohde, jossa luottamus, laatu ja asiakastyytyv\u00e4isyys ovat etusijalla. Sitoumuksemme tarjota <b>Paras saatavilla oleva 8 pallokokaiini<\/b> on vankkumaton ja varmistaa, ett\u00e4 jokainen tuote t\u00e4ytt\u00e4\u00e4 tiukat standardit. Ymm\u00e4rr\u00e4mme t\u00e4llaisiin hankintoihin liittyv\u00e4t ainutlaatuiset n\u00e4k\u00f6kohdat, mink\u00e4 vuoksi korostamme huomaamatonta ja turvallista ostoprosessia. Chemsfine tarjoaa virtaviivaisen kokemuksen, joka on suunniteltu tehokkaaksi ja luottamukselliseksi alusta loppuun. Maineemme perustuu luotettavuuteen, joka tarjoaa mielenrauhaa asiakkaillemme. Valitsemalla Chemsfinen saat k\u00e4ytt\u00f6\u00f6si alustan, joka ei ainoastaan tarjoa korkealaatuisia tuotteita vaan tukee my\u00f6s turvallista transaktioymp\u00e4rist\u00f6\u00e4. Olemme sitoutuneet yll\u00e4pit\u00e4m\u00e4\u00e4n avoimuutta toiminnassamme ja tarjoamme yksityiskohtaisia tuotetietoja, jotka auttavat sinua tekem\u00e4\u00e4n tietoon perustuvia p\u00e4\u00e4t\u00f6ksi\u00e4. Koe se mukavuus ja varmuus, joka tulee, kun valitset luotettavan palveluntarjoajan tarpeisiisi.<\/p>\n<h2>Sovellukset<\/h2>\n<p>Termill\u00e4 \u20188 Ball of Cocaine\u2019 on erilaisia sovelluksia, jotka liittyv\u00e4t p\u00e4\u00e4asiassa erilaisiin yhteiskunnallisiin ja kulttuurisiin yhteyksiin:<\/p>\n<ul>\n<li><b>Huumekaupan standardi:<\/b> Se toimii tunnustettuna mittayksikk\u00f6n\u00e4 huumekauppiaiden v\u00e4lisiss\u00e4 liiketoimissa, mik\u00e4 helpottaa yhdenmukaista hinnoittelua ja m\u00e4\u00e4ri\u00e4.<\/li>\n<li><b>Lainvalvontamittari:<\/b> Poliisi ja muut lainvalvontaviranomaiset k\u00e4ytt\u00e4v\u00e4t sit\u00e4 dokumentointiin, todisteiden luokitteluun ja laittoman toiminnan seurantaan.<\/li>\n<li><b>Populaarikulttuurin viite:<\/b> H\u00e4n esiintyy usein rap-musiikissa, elokuvissa ja kirjallisuudessa, ja h\u00e4n osallistuu urbaaniin el\u00e4m\u00e4\u00e4n, kamppailuun ja menestykseen liittyviin tarinoihin.<\/li>\n<li><b>Sosiaalisen median kommentti:<\/b> K\u00e4ytet\u00e4\u00e4n komediallisiin tai dramatisointitarkoituksiin, korostaen sen kulttuurista l\u00e4sn\u00e4oloa, ja sit\u00e4 k\u00e4ytet\u00e4\u00e4n usein meemeiss\u00e4 tai satiirisessa sis\u00e4ll\u00f6ss\u00e4.<\/li>\n<li><b>Historiallinen konteksti:<\/b> Se kuvastaa 1980-luvun huumausainekent\u00e4n keskeist\u00e4 ajanjaksoa ja tarjoaa n\u00e4kemyst\u00e4 p\u00e4ihteiden k\u00e4yt\u00f6n ja jakelun historiallisista malleista.<\/li>\n<li><b>Symbolinen esitt\u00e4minen:<\/b> Toimii tietyn el\u00e4m\u00e4ntyylin tai aseman symbolina tietyiss\u00e4 alakulttuureissa ja vaikuttaa k\u00e4sityksiin ja kuvauksiin.<\/li>\n<\/ul>\n<p>Niille, jotka haluavat <b>ostaa 8 Ball kokaiinia myyt\u00e4v\u00e4n\u00e4<\/b>, N\u00e4iden laajojen yhteyksien ymm\u00e4rt\u00e4minen rikastuttaa n\u00e4k\u00f6kulmaa tuotteen kulttuuriseen merkitykseen.<\/p>\n<h2>Turvallisuus ja vaatimustenmukaisuus<\/h2>\n<p>Valvottavien aineiden maisemassa liikkuminen edellytt\u00e4\u00e4 tiukkaa sitoutumista turvallisuuteen ja vaatimustenmukaisuuteen, jopa keskusteluissa. Vaikka Chemsfine keskittyykin tarjoamaan tietoa verkko-ostoksia varten, kannatamme voimakkaasti vastuullista k\u00e4ytt\u00e4ytymist\u00e4 t\u00e4llaisten tuotteiden suhteen. Mink\u00e4 tahansa aineen k\u00e4sittely, erityisesti sellaisen kuin <b>Korkea puhtaus myyt\u00e4v\u00e4n\u00e4<\/b> kokaiinin k\u00e4ytt\u00f6 edellytt\u00e4\u00e4 vankkaa tietoisuutta mahdollisista riskeist\u00e4 ja oikeudellisista puitteista. Valvotun ymp\u00e4rist\u00f6n varmistaminen on ensiarvoisen t\u00e4rke\u00e4\u00e4, jotta voidaan suojautua tahattomalta altistumiselta tai v\u00e4\u00e4rink\u00e4yt\u00f6lt\u00e4. Ostajien olisi oltava t\u00e4ysin tietoisia alueellisista s\u00e4\u00e4d\u00f6ksist\u00e4 ja laeista, jotka koskevat valvottavien aineiden hankintaa, hallussapitoa ja k\u00e4ytt\u00f6\u00e4.<\/p>\n<p>Chemsfine edist\u00e4\u00e4 tietoon perustuvaa l\u00e4hestymistapaa, jossa ostajat tekev\u00e4t due diligence -tarkastuksen oikeudellisista vaikutuksista ja turvallisuusk\u00e4yt\u00e4nn\u00f6ist\u00e4 omilla laink\u00e4ytt\u00f6alueillaan. Alustamme helpottaa <b>Turvallinen osto<\/b> tuotteita ja korostaa samalla yksil\u00f6n vastuun merkityst\u00e4.<\/p>\n<h2>Miksi valita Chemsfine?<\/h2>\n<p>Kun valitset Chemsfinen hankintasi toteuttamiseen, valitset palvelun, joka perustuu luotettavuuteen, hienotunteisuuteen ja kilpailukykyiseen hinnoitteluun. Erotumme muista yrityksist\u00e4 sitoutumalla laatuun ja asiakastyytyv\u00e4isyyteen ja varmistamalla saumattoman ostoprosessin. Alla on lueteltu t\u00e4rkeimm\u00e4t syyt, miksi asiakkaat valitsevat jatkuvasti Chemsfinen:<\/p>\n<table>\n<thead>\n<tr>\n<th>Ominaisuus<\/th>\n<th>Hy\u00f6ty sinulle<\/th>\n<\/tr>\n<\/thead>\n<tbody>\n<tr>\n<td><b>L\u00e4pin\u00e4kyv\u00e4t yksityiskohdat<\/b><\/td>\n<td>Selke\u00e4t tuotetiedot tietoon perustuvia p\u00e4\u00e4t\u00f6ksi\u00e4 varten.<\/td>\n<\/tr>\n<tr>\n<td><b>Tarkistetut er\u00e4kohtaiset tietueet<\/b><\/td>\n<td>Tuotteiden yhdenmukaisuuden ja laadun varmistaminen.<\/td>\n<\/tr>\n<tr>\n<td><b>Kilpailukykyinen hinnoittelu<\/b><\/td>\n<td>P\u00e4\u00e4sy <b>Paras saatavilla oleva hinta<\/b> markkinoilla.<\/td>\n<\/tr>\n<tr>\n<td><b>Huomaamaton pakkaus<\/b><\/td>\n<td>Varmistaa yksityisyyden ja luottamuksellisuuden toimituksen aikana.<\/td>\n<\/tr>\n<tr>\n<td><b>Turvalliset tapahtumat<\/b><\/td>\n<td>Suojattu verkko-ostoymp\u00e4rist\u00f6.<\/td>\n<\/tr>\n<\/tbody>\n<\/table>\n<p>Tavoitteenamme on tarjota vertaansa vailla oleva ostokokemus, jossa korostuvat luottamus ja tehokkuus. Kun p\u00e4\u00e4t\u00e4t <b>Tilaa 8 Ball kokaiinia verkossa<\/b>, Chemsfine tarjoaa asiantuntemusta ja infrastruktuuria, jotta voit t\u00e4ytt\u00e4\u00e4 vaatimuksesi ammattimaisesti.<\/p>\n<h2>P\u00e4\u00e4telm\u00e4<\/h2>\n<p>Kokaiinin 8 Ball of Cocaine - termi, joka on 1980-luvulta l\u00e4htien syv\u00e4llisesti integroitunut sek\u00e4 kadun sanastoon ett\u00e4 kulttuurisiin kertomuksiin - on edelleen huomattava m\u00e4\u00e4r\u00e4. Sen l\u00e4sn\u00e4olo tuntuu huumekaupan operaatioissa, lainvalvontaviranomaisten ponnisteluissa ja populaarissa mediassa, kuten rap-musiikissa ja sosiaalisessa mediassa eri ilmaisumuodoissa. Niille, jotka pyrkiv\u00e4t <b>Osta 8 Ball kokaiinia myyt\u00e4v\u00e4n\u00e4<\/b>, Chemsfine tarjoaa luotettavan ja huomaamattoman verkkoalustan. Sitoutumisemme laatuun, turvalliseen ostamiseen ja ammattitaitoiseen palveluun takaa, ett\u00e4 hankintasi k\u00e4sitell\u00e4\u00e4n korkeimpien standardien mukaisesti. Annamme sinulle mahdollisuuden tehd\u00e4 tietoon perustuvia p\u00e4\u00e4t\u00f6ksi\u00e4 tarjoamalla selke\u00e4t tuotetiedot ja luotettavan prosessin. Valitse Chemsfine saumattomaan ja luottamukselliseen transaktioon, joka turvaa tarpeesi luottavaisesti.<\/p>","protected":false},"excerpt":{"rendered":"<p>The <b>8 pallon kokaiini<\/b>, joka on vakiintunut eri piirien 1980-luvulta l\u00e4htien k\u00e4ytt\u00e4m\u00e4 yksikk\u00f6, on helposti saatavilla. T\u00e4h\u00e4n m\u00e4\u00e4r\u00e4\u00e4n viitataan ensisijaisesti lainvalvonnasta populaarikulttuuriin ja sosiaaliseen mediaan, ja nyt se on ostettavissa. Tutustu huippuluokan 8 Ball Cocaine ja <b>ostaa Chemsfine<\/b> luotettavaa ja huomaamatonta hankintaa varten.<\/p>","protected":false},"featured_media":5838,"comment_status":"open","ping_status":"closed","template":"","meta":{"_joinchat":[]},"product_brand":[],"product_cat":[939],"product_tag":[],"class_list":{"0":"post-5797","1":"product","2":"type-product","3":"status-publish","4":"has-post-thumbnail","6":"product_cat-cocaine","8":"first","9":"instock","10":"shipping-taxable","11":"purchasable","12":"product-type-variable"},"yoast_head":"<!-- This site is optimized with the Yoast SEO plugin v27.2 - https:\/\/yoast.com\/product\/yoast-seo-wordpress\/ -->\n<title>Buy 8 Ball Cocaine Online: Secure Purchase &amp; Best Price<\/title>\n<meta name=\"description\" content=\"Explore high-quality 8 Ball Cocaine for sale at Chemsfine. Secure your online purchase with the best available prices. Discreet and professional service.\" \/>\n<meta name=\"robots\" content=\"index, follow, max-snippet:-1, max-image-preview:large, max-video-preview:-1\" \/>\n<link rel=\"canonical\" href=\"https:\/\/chemsfine.com\/fi\/tuote\/buy-8-ball-cocaine\/\" \/>\n<meta property=\"og:locale\" content=\"fi_FI\" \/>\n<meta property=\"og:type\" content=\"article\" \/>\n<meta property=\"og:title\" content=\"Buy 8 Ball Cocaine Online: Secure Purchase &amp; Best Price\" \/>\n<meta property=\"og:description\" content=\"Explore high-quality 8 Ball Cocaine for sale at Chemsfine. Secure your online purchase with the best available prices. Discreet and professional service.\" \/>\n<meta property=\"og:url\" content=\"https:\/\/chemsfine.com\/fi\/tuote\/buy-8-ball-cocaine\/\" \/>\n<meta property=\"og:site_name\" content=\"Chemsfine\" \/>\n<meta property=\"article:modified_time\" content=\"2026-03-25T14:02:48+00:00\" \/>\n<meta property=\"og:image\" content=\"https:\/\/chemsfine.com\/wp-content\/uploads\/2026\/02\/8-ball-of-cocaine-buy-cocaine-online-1.jpg\" \/>\n\t<meta property=\"og:image:width\" content=\"432\" \/>\n\t<meta property=\"og:image:height\" content=\"432\" \/>\n\t<meta property=\"og:image:type\" content=\"image\/jpeg\" \/>\n<meta name=\"twitter:card\" content=\"summary_large_image\" \/>\n<meta name=\"twitter:label1\" content=\"Arvioitu lukuaika\" \/>\n\t<meta name=\"twitter:data1\" content=\"5 minuuttia\" \/>\n<script type=\"application\/ld+json\" class=\"yoast-schema-graph\">{\"@context\":\"https:\/\/schema.org\",\"@graph\":[{\"@type\":\"WebPage\",\"@id\":\"https:\/\/chemsfine.com\/product\/buy-8-ball-cocaine\/\",\"url\":\"https:\/\/chemsfine.com\/product\/buy-8-ball-cocaine\/\",\"name\":\"Buy 8 Ball Cocaine Online: Secure Purchase & Best Price\",\"isPartOf\":{\"@id\":\"https:\/\/chemsfine.com\/#website\"},\"primaryImageOfPage\":{\"@id\":\"https:\/\/chemsfine.com\/product\/buy-8-ball-cocaine\/#primaryimage\"},\"image\":{\"@id\":\"https:\/\/chemsfine.com\/product\/buy-8-ball-cocaine\/#primaryimage\"},\"thumbnailUrl\":\"https:\/\/chemsfine.com\/wp-content\/uploads\/2026\/02\/8-ball-of-cocaine-buy-cocaine-online-1.jpg\",\"datePublished\":\"2026-02-12T09:51:47+00:00\",\"dateModified\":\"2026-03-25T14:02:48+00:00\",\"description\":\"Explore high-quality 8 Ball Cocaine for sale at Chemsfine. Secure your online purchase with the best available prices. Discreet and professional service.\",\"breadcrumb\":{\"@id\":\"https:\/\/chemsfine.com\/product\/buy-8-ball-cocaine\/#breadcrumb\"},\"inLanguage\":\"fi\",\"potentialAction\":[{\"@type\":\"ReadAction\",\"target\":[\"https:\/\/chemsfine.com\/product\/buy-8-ball-cocaine\/\"]}]},{\"@type\":\"ImageObject\",\"inLanguage\":\"fi\",\"@id\":\"https:\/\/chemsfine.com\/product\/buy-8-ball-cocaine\/#primaryimage\",\"url\":\"https:\/\/chemsfine.com\/wp-content\/uploads\/2026\/02\/8-ball-of-cocaine-buy-cocaine-online-1.jpg\",\"contentUrl\":\"https:\/\/chemsfine.com\/wp-content\/uploads\/2026\/02\/8-ball-of-cocaine-buy-cocaine-online-1.jpg\",\"width\":432,\"height\":432},{\"@type\":\"BreadcrumbList\",\"@id\":\"https:\/\/chemsfine.com\/product\/buy-8-ball-cocaine\/#breadcrumb\",\"itemListElement\":[{\"@type\":\"ListItem\",\"position\":1,\"name\":\"Home\",\"item\":\"https:\/\/chemsfine.com\/\"},{\"@type\":\"ListItem\",\"position\":2,\"name\":\"Shop\",\"item\":\"https:\/\/chemsfine.com\/shop\/\"},{\"@type\":\"ListItem\",\"position\":3,\"name\":\"Buy 8 Ball Cocaine Online For Sale\"}]},{\"@type\":\"WebSite\",\"@id\":\"https:\/\/chemsfine.com\/#website\",\"url\":\"https:\/\/chemsfine.com\/\",\"name\":\"Chemsfine\",\"description\":\"My WordPress Blog\",\"publisher\":{\"@id\":\"https:\/\/chemsfine.com\/#organization\"},\"potentialAction\":[{\"@type\":\"SearchAction\",\"target\":{\"@type\":\"EntryPoint\",\"urlTemplate\":\"https:\/\/chemsfine.com\/?s={search_term_string}\"},\"query-input\":{\"@type\":\"PropertyValueSpecification\",\"valueRequired\":true,\"valueName\":\"search_term_string\"}}],\"inLanguage\":\"fi\"},{\"@type\":\"Organization\",\"@id\":\"https:\/\/chemsfine.com\/#organization\",\"name\":\"Chemsfine\",\"url\":\"https:\/\/chemsfine.com\/\",\"logo\":{\"@type\":\"ImageObject\",\"inLanguage\":\"fi\",\"@id\":\"https:\/\/chemsfine.com\/#\/schema\/logo\/image\/\",\"url\":\"https:\/\/chemsfine.com\/wp-content\/uploads\/2024\/09\/final-logo.png\",\"contentUrl\":\"https:\/\/chemsfine.com\/wp-content\/uploads\/2024\/09\/final-logo.png\",\"width\":340,\"height\":72,\"caption\":\"Chemsfine\"},\"image\":{\"@id\":\"https:\/\/chemsfine.com\/#\/schema\/logo\/image\/\"}}]}<\/script>\n<!-- \/ Yoast SEO plugin. -->","yoast_head_json":{"title":"Osta 8 pallokokaiinia verkossa: Osta turvallisesti &amp; paras hinta","description":"Tutustu laadukkaaseen 8 Ball Cocaine myyt\u00e4v\u00e4n\u00e4 Chemsfine. Varmista verkko-ostoksesi parhailla saatavilla olevilla hinnoilla. Hienotunteinen ja ammattitaitoinen palvelu.","robots":{"index":"index","follow":"follow","max-snippet":"max-snippet:-1","max-image-preview":"max-image-preview:large","max-video-preview":"max-video-preview:-1"},"canonical":"https:\/\/chemsfine.com\/fi\/tuote\/buy-8-ball-cocaine\/","og_locale":"fi_FI","og_type":"article","og_title":"Buy 8 Ball Cocaine Online: Secure Purchase & Best Price","og_description":"Explore high-quality 8 Ball Cocaine for sale at Chemsfine. Secure your online purchase with the best available prices. Discreet and professional service.","og_url":"https:\/\/chemsfine.com\/fi\/tuote\/buy-8-ball-cocaine\/","og_site_name":"Chemsfine","article_modified_time":"2026-03-25T14:02:48+00:00","og_image":[{"width":432,"height":432,"url":"https:\/\/chemsfine.com\/wp-content\/uploads\/2026\/02\/8-ball-of-cocaine-buy-cocaine-online-1.jpg","type":"image\/jpeg"}],"twitter_card":"summary_large_image","twitter_misc":{"Arvioitu lukuaika":"5 minuuttia"},"schema":{"@context":"https:\/\/schema.org","@graph":[{"@type":"WebPage","@id":"https:\/\/chemsfine.com\/product\/buy-8-ball-cocaine\/","url":"https:\/\/chemsfine.com\/product\/buy-8-ball-cocaine\/","name":"Osta 8 pallokokaiinia verkossa: Osta turvallisesti &amp; paras hinta","isPartOf":{"@id":"https:\/\/chemsfine.com\/#website"},"primaryImageOfPage":{"@id":"https:\/\/chemsfine.com\/product\/buy-8-ball-cocaine\/#primaryimage"},"image":{"@id":"https:\/\/chemsfine.com\/product\/buy-8-ball-cocaine\/#primaryimage"},"thumbnailUrl":"https:\/\/chemsfine.com\/wp-content\/uploads\/2026\/02\/8-ball-of-cocaine-buy-cocaine-online-1.jpg","datePublished":"2026-02-12T09:51:47+00:00","dateModified":"2026-03-25T14:02:48+00:00","description":"Tutustu laadukkaaseen 8 Ball Cocaine myyt\u00e4v\u00e4n\u00e4 Chemsfine. Varmista verkko-ostoksesi parhailla saatavilla olevilla hinnoilla. Hienotunteinen ja ammattitaitoinen palvelu.","breadcrumb":{"@id":"https:\/\/chemsfine.com\/product\/buy-8-ball-cocaine\/#breadcrumb"},"inLanguage":"fi","potentialAction":[{"@type":"ReadAction","target":["https:\/\/chemsfine.com\/product\/buy-8-ball-cocaine\/"]}]},{"@type":"ImageObject","inLanguage":"fi","@id":"https:\/\/chemsfine.com\/product\/buy-8-ball-cocaine\/#primaryimage","url":"https:\/\/chemsfine.com\/wp-content\/uploads\/2026\/02\/8-ball-of-cocaine-buy-cocaine-online-1.jpg","contentUrl":"https:\/\/chemsfine.com\/wp-content\/uploads\/2026\/02\/8-ball-of-cocaine-buy-cocaine-online-1.jpg","width":432,"height":432},{"@type":"BreadcrumbList","@id":"https:\/\/chemsfine.com\/product\/buy-8-ball-cocaine\/#breadcrumb","itemListElement":[{"@type":"ListItem","position":1,"name":"Home","item":"https:\/\/chemsfine.com\/"},{"@type":"ListItem","position":2,"name":"Shop","item":"https:\/\/chemsfine.com\/shop\/"},{"@type":"ListItem","position":3,"name":"Buy 8 Ball Cocaine Online For Sale"}]},{"@type":"WebSite","@id":"https:\/\/chemsfine.com\/#website","url":"https:\/\/chemsfine.com\/","name":"Chemsfine","description":"Minun WordPress blogi","publisher":{"@id":"https:\/\/chemsfine.com\/#organization"},"potentialAction":[{"@type":"SearchAction","target":{"@type":"EntryPoint","urlTemplate":"https:\/\/chemsfine.com\/?s={search_term_string}"},"query-input":{"@type":"PropertyValueSpecification","valueRequired":true,"valueName":"search_term_string"}}],"inLanguage":"fi"},{"@type":"Organization","@id":"https:\/\/chemsfine.com\/#organization","name":"Chemsfine","url":"https:\/\/chemsfine.com\/","logo":{"@type":"ImageObject","inLanguage":"fi","@id":"https:\/\/chemsfine.com\/#\/schema\/logo\/image\/","url":"https:\/\/chemsfine.com\/wp-content\/uploads\/2024\/09\/final-logo.png","contentUrl":"https:\/\/chemsfine.com\/wp-content\/uploads\/2024\/09\/final-logo.png","width":340,"height":72,"caption":"Chemsfine"},"image":{"@id":"https:\/\/chemsfine.com\/#\/schema\/logo\/image\/"}}]}},"_links":{"self":[{"href":"https:\/\/chemsfine.com\/fi\/wp-json\/wp\/v2\/product\/5797","targetHints":{"allow":["GET"]}}],"collection":[{"href":"https:\/\/chemsfine.com\/fi\/wp-json\/wp\/v2\/product"}],"about":[{"href":"https:\/\/chemsfine.com\/fi\/wp-json\/wp\/v2\/types\/product"}],"replies":[{"embeddable":true,"href":"https:\/\/chemsfine.com\/fi\/wp-json\/wp\/v2\/comments?post=5797"}],"wp:featuredmedia":[{"embeddable":true,"href":"https:\/\/chemsfine.com\/fi\/wp-json\/wp\/v2\/media\/5838"}],"wp:attachment":[{"href":"https:\/\/chemsfine.com\/fi\/wp-json\/wp\/v2\/media?parent=5797"}],"wp:term":[{"taxonomy":"product_brand","embeddable":true,"href":"https:\/\/chemsfine.com\/fi\/wp-json\/wp\/v2\/product_brand?post=5797"},{"taxonomy":"product_cat","embeddable":true,"href":"https:\/\/chemsfine.com\/fi\/wp-json\/wp\/v2\/product_cat?post=5797"},{"taxonomy":"product_tag","embeddable":true,"href":"https:\/\/chemsfine.com\/fi\/wp-json\/wp\/v2\/product_tag?post=5797"}],"curies":[{"name":"wp","href":"https:\/\/api.w.org\/{rel}","templated":true}]}}