{"id":5800,"date":"2026-02-12T09:51:47","date_gmt":"2026-02-12T09:51:47","guid":{"rendered":"https:\/\/chemsfine.com\/?post_type=product&#038;p=5800"},"modified":"2026-03-25T14:02:05","modified_gmt":"2026-03-25T14:02:05","slug":"buy-mexican-cocaine-online","status":"publish","type":"product","link":"https:\/\/chemsfine.com\/fi\/product\/buy-mexican-cocaine-online\/","title":{"rendered":"Osta meksikolaista kokaiinia verkossa"},"content":{"rendered":"<p>Kun yrit\u00e4t <b>Osta meksikolaista kokaiinia myyt\u00e4v\u00e4n\u00e4<\/b>, sen luonteen ja vaikutusten ymm\u00e4rt\u00e4minen on ensiarvoisen t\u00e4rke\u00e4\u00e4. T\u00e4m\u00e4 tuote, joka tunnetaan laajalti my\u00f6s nimell\u00e4 meksikolainen kokaiini, on mahtava piriste, joka on valmistettu huolellisesti kokalehdist\u00e4. Sen ensisijainen k\u00e4ytt\u00f6tarkoitus on virkistysk\u00e4ytt\u00f6, jossa se tarjoaa erottuvan ja voimakkaan kokemuksen. Niille, jotka etsiv\u00e4t <b>Aito kokaiini<\/b> Chemsfine tarjoaa luotettavan ja huomaamattoman l\u00e4hteen, jonka laatu on taattu. T\u00e4m\u00e4 tarjonta edustaa lajissaan huippua, ja se takaa, ett\u00e4 k\u00e4ytt\u00e4j\u00e4t saavat vain ja ainoastaan <b>Korkea puhtaus myyt\u00e4v\u00e4n\u00e4<\/b> joka t\u00e4ytt\u00e4\u00e4 tiukat vaatimukset. Chemsfine on sitoutunut tarjoamaan sinulle seuraavat palvelut <b>Huippulaatuinen kokaiini<\/b>, joka tarjoaa yksityiskohtaista tietoa ja turvallisia ostovaihtoehtoja vaativille ostajille.<\/p>\n<h2>Mik\u00e4 on meksikolainen kokaiini ja sen vaikutukset?<\/h2>\n<p>Syvemm\u00e4lle, <b>Meksikolainen kokaiini<\/b> on voimakas yhdiste, joka vaikuttaa keskushermostoon ja aiheuttaa psyykkisten ja fyysisten reaktioiden kaskadin. Kuten sen yleisess\u00e4 k\u00e4yt\u00f6ss\u00e4 on yksityiskohtaisesti kuvattu, sit\u00e4 k\u00e4ytet\u00e4\u00e4n usein eri menetelmill\u00e4, kuten nuuskaamalla, hengitt\u00e4m\u00e4ll\u00e4 savuna tai liuottamalla ja ruiskuttamalla suonensis\u00e4isesti. T\u00e4h\u00e4n stimulanttiin liittyv\u00e4t psyykkiset vaikutukset voivat olla eritt\u00e4in vaikuttavia, ja niihin kuuluu usein voimakas onnellisuuden ja euforian tunne, lis\u00e4\u00e4ntynyt seksuaalinen kiihottuminen ja joissakin tapauksissa tilap\u00e4inen todellisuuskontaktin menetys tai levottomuuden tunne. N\u00e4it\u00e4 voimakkaita aivoreaktioita t\u00e4ydent\u00e4v\u00e4t tuntuvat fyysiset oireet, joihin kuuluvat tyypillisesti nopea syke, lis\u00e4\u00e4ntynyt hikoilu ja n\u00e4kyv\u00e4sti suuret pupillit. Me Chemsfine-yhti\u00f6ss\u00e4 varmistamme, ett\u00e4 jokainen er\u00e4 on <b>Paras saatavilla oleva kokaiini<\/b> noudattaa tiukkaa laadunvalvontaa, mink\u00e4 ansiosta voit ymm\u00e4rt\u00e4\u00e4 ja ennakoida saamasi tuotteen ominaisuudet.<\/p>\n<h2>Miksi ostaa meksikolaista kokaiinia verkossa Chemsfinen kautta?<\/h2>\n<p>Valitsemalla <b>Tilaa meksikolaista kokaiinia verkossa<\/b> Chemsfine-yhti\u00f6lt\u00e4 tarkoittaa, ett\u00e4 valitset luotettavuuden, harkinnanvaraisuuden ja ylivoimaisen laadun. Ymm\u00e4rr\u00e4mme saumattoman ja luotettavan tapahtuman merkityksen, mink\u00e4 vuoksi alustamme on optimoitu mukavuuttasi ja turvallisuuttasi varten. Meid\u00e4n <b>Laboratory Grade myyt\u00e4v\u00e4n\u00e4<\/b> tuotteet, mukaan lukien t\u00e4m\u00e4 ensiluokkainen stimulantti, hankitaan ja testataan huolellisesti, jotta varmistetaan vertaansa vailla oleva puhtaus ja teho. Olemme ylpeit\u00e4 siit\u00e4, ett\u00e4 tarjoamme <b>Turvallinen osto<\/b> vaihtoehtoja, jotka turvaavat yksityisyytesi selaamisesta toimitukseen. Lis\u00e4ksi, kun p\u00e4\u00e4t\u00e4t <b>Osta nyt verkossa<\/b> Chemsfinen kautta saat k\u00e4ytt\u00f6\u00f6si kattavat tuotetiedot ja reagoivan asiakastuen. Olemme sitoutuneet olemaan ensisijainen toimittajasi seuraavissa asioissa <b>Aito kokaiini<\/b>, tuottaa jatkuvasti huippuosaamista ja varmistaa asiakastyytyv\u00e4isyyden jokaisessa liiketoimessa.<\/p>\n<h2>Sovellukset ja k\u00e4ytt\u00e4j\u00e4kokemukset<\/h2>\n<p>T\u00e4h\u00e4n voimakkaaseen stimulanttiin liittyv\u00e4t sovellukset ja kokemukset ovat moninaisia, ja ne keskittyv\u00e4t p\u00e4\u00e4asiassa sen k\u00e4ytt\u00f6\u00f6n virkistysmateriaalina. Yksil\u00f6t etsiv\u00e4t t\u00e4t\u00e4 tuotetta erilaisten koettujen hy\u00f6tyjen ja tuntemusten vuoksi. Seuraavassa on joitakin keskeisi\u00e4 kokemuksia ja yleisi\u00e4 vuorovaikutustapoja:<\/p>\n<ul>\n<li>K\u00e4ytet\u00e4\u00e4n useimmiten virkistyshuumeena euforian ja lis\u00e4\u00e4ntyneen energian saavuttamiseksi.<\/li>\n<li>Nuuskitaan yleisesti, jolloin se imeytyy nopeasti nen\u00e4n limakalvojen l\u00e4pi.<\/li>\n<li>Hengitet\u00e4\u00e4n savuna, jolloin vaikutukset alkavat nopeasti.<\/li>\n<li>Voidaan liuottaa ja ruiskuttaa laskimoon v\u00e4litt\u00f6mi\u00e4 ja voimakkaita fysiologisia vasteita varten.<\/li>\n<li>Aiheuttaa voimakkaan onnellisuuden tunteen ja syv\u00e4n hyvinvoinnin.<\/li>\n<li>Saattaa lis\u00e4t\u00e4 seksuaalista kiihottumista ja herkkyytt\u00e4.<\/li>\n<li>Voi johtaa tilap\u00e4iseen todellisuuskontaktin menetykseen tai muuttuneisiin k\u00e4sityksiin.<\/li>\n<li>Joillakin k\u00e4ytt\u00e4jill\u00e4 voi esiinty\u00e4 levottomuuden tai levottomuuden tunteita.<\/li>\n<li>Fyysisi\u00e4 oireita ovat usein nopea syke ja kohonnut ruumiinl\u00e4mp\u00f6.<\/li>\n<li>Merkitt\u00e4vi\u00e4 fyysisi\u00e4 oireita ovat lis\u00e4\u00e4ntynyt hikoilu ja silminn\u00e4hden suuret pupillit.<\/li>\n<\/ul>\n<p>Tutustu laajaan valikoimaan ensiluokkaisia tuotteita, mukaan lukien voimakkaat stimulantit ja tutkimuskemikaalit. Tutustu esimerkiksi seuraavien tuotteiden ainutlaatuisiin ominaisuuksiin <a href=\"https:\/\/chemsfine.com\/fi\/tuote\/osta-4f-mph\/\"><b>4F-MPH<\/b><\/a> tai harkitse tehokasta <a href=\"https:\/\/chemsfine.com\/fi\/tuote\/buy-ak-47-k2-spray-20ml-online\/\"><b>AK-47 K2 Spray<\/b><\/a> vaihtoehtoisiin tutkimustarkoituksiin, kaikki saatavilla Chemsfinen samalla sitoutumisella laatuun.<\/p>\n<h2>Laadunvarmistus ja vastuullinen hankinta<\/h2>\n<p>Chemsfinen omistautuminen tarjoamalla <b>Huippulaatuinen kokaiini<\/b> ulottuu tiukkaan laadunvarmistusprosessiin. Uskomme l\u00e4pin\u00e4kyvyyteen ja vastuulliseen hankintaan varmistaaksemme, ett\u00e4 jokainen saamasi tuote t\u00e4ytt\u00e4\u00e4 alan korkeimmat vaatimukset. Sitoumuksemme laatuun on vankkumaton, mink\u00e4 ansiosta olemme luotettava nimi, kun etsit seuraavia tuotteita. <b>Osta kokaiinia verkossa<\/b>. Korostamme tuotteen profiilin ymm\u00e4rt\u00e4misen t\u00e4rkeytt\u00e4 tietoon perustuvan p\u00e4\u00e4t\u00f6ksenteon kannalta. Vaikka t\u00e4m\u00e4n tuotteen kuvaukseen ei yleens\u00e4 liity erityisi\u00e4 kemiallisia kaavoja, keskitymme edelleen tarjoamaan jatkuvasti puhdasta ja luotettavaa kokemusta.<\/p>\n<h3>Tuotteen tekniset tiedot ja laatustandardit<\/h3>\n<table>\n<thead>\n<tr>\n<th>Ominaisuus<\/th>\n<th>Kuvaus<\/th>\n<\/tr>\n<\/thead>\n<tbody>\n<tr>\n<td><b>Puhtausprofiili<\/b><\/td>\n<td>Korkealuokkainen, huolellisesti k\u00e4sitelty ep\u00e4puhtauksien minimoimiseksi.<\/td>\n<\/tr>\n<tr>\n<td><b>Fyysinen muoto<\/b><\/td>\n<td>Tyypillisesti hienona, valkoisena kiteisen\u00e4 jauheena.<\/td>\n<\/tr>\n<tr>\n<td><b>Pakkaus<\/b><\/td>\n<td>Huomaamaton, ilmatiiviisti suljettu ja suunniteltu turvalliseen kuljetukseen.<\/td>\n<\/tr>\n<tr>\n<td><b>Laadunvalvonta<\/b><\/td>\n<td>K\u00e4y l\u00e4pi sis\u00e4isen tarkastuksen johdonmukaisuuden ja aitouden varmistamiseksi.<\/td>\n<\/tr>\n<tr>\n<td><b>K\u00e4ytt\u00f6tarkoitus<\/b><\/td>\n<td>Kokeneiden henkil\u00f6iden virkistysk\u00e4ytt\u00f6\u00f6n.<\/td>\n<\/tr>\n<\/tbody>\n<\/table>\n<p>Kehotamme kaikkia asiakkaita suhtautumaan t\u00e4m\u00e4n voimakkaan piristeen k\u00e4ytt\u00f6\u00f6n varoen. Vaikka takaammekin tuotteemme laadun, vastuullinen k\u00e4ytt\u00f6, mukaan lukien henkil\u00f6kohtaisten rajojen ja mahdollisten yhteisvaikutusten ymm\u00e4rt\u00e4minen, on v\u00e4ltt\u00e4m\u00e4t\u00f6nt\u00e4. Yksityiskohtaiset tiedot turvallisesta k\u00e4sittelyst\u00e4 ja varastoinnista ymm\u00e4rret\u00e4\u00e4n implisiittisesti t\u00e4m\u00e4nkaltaisille tuotteille, jolloin k\u00e4ytt\u00e4j\u00e4n tietoisuus on etusijalla.<\/p>\n<h2>Miksi valita Chemsfine Premium-tuotteiden tarpeisiin?<\/h2>\n<p>Kun valitset Chemsfinen, valitset yhteisty\u00f6kumppanin, joka on sitoutunut toimittamaan <b>Paras saatavilla oleva kokaiini<\/b> vertaansa vailla olevalla palvelukokemuksella. Maineemme perustuu avoimiin tuotetietoihin, jotta tied\u00e4t tarkalleen, mit\u00e4 olet ostamassa. K\u00e4yt\u00e4mme todennettua er\u00e4kirjanpitoa yll\u00e4pit\u00e4\u00e4ksemme tasaista laatua kaikissa tuotteissamme. Lis\u00e4ksi hinnoittelustrategiamme on suunniteltu kilpailukykyiseksi, ja se tarjoaa poikkeuksellista arvoa tinkim\u00e4tt\u00e4 tuotteen eheydest\u00e4 tai palvelusta. Kun <b>Tilaa kokaiinia verkossa<\/b> meilt\u00e4, hy\u00f6dyt virtaviivaisesta prosessista, vankasta asiakastuesta ja huomaamattomasta toimituksesta. Alustamme avulla on helppo <b>Osta nyt verkossa<\/b>, joka tarjoaa <b>Turvallinen osto<\/b> ymp\u00e4rist\u00f6 kaikkiin tarpeisiisi. Koe Chemsfinen ero jo t\u00e4n\u00e4\u00e4n.<\/p>\n<h2>Johtop\u00e4\u00e4t\u00f6kset: Meksikolaista kokaiinia koskeva l\u00e4hteenne<\/h2>\n<p>Yhteenvetona voidaan todeta, ett\u00e4 niille, jotka pyrkiv\u00e4t <b>Osta meksikolaista kokaiinia myyt\u00e4v\u00e4n\u00e4<\/b>, Chemsfine on johtava verkkokohde. Olemme omistautuneet tarjoamaan tuotetta, joka t\u00e4ytt\u00e4\u00e4 jatkuvasti korkeat puhtaus- ja tehovaatimukset, ja sen tukena on sitoutuminen huomaamattomiin ja turvallisiin liiketoimiin. Keskittymisemme asiakastyytyv\u00e4isyyteen ja tuotteen eheyteen tekee meist\u00e4 ihanteellisen valinnan hankkia <b>Aito kokaiini<\/b>. Tutustu valikoimaamme ja tee <b>Turvallinen osto<\/b> luottavaisin mielin tiet\u00e4en, ett\u00e4 valitset luotettavan palveluntarjoajan markkinoilla. Tutustu Chemsfinen ylivoimaiseen laatuun ja palveluun jo t\u00e4n\u00e4\u00e4n.<\/p>","protected":false},"excerpt":{"rendered":"<p>Koe voimakkaat vaikutukset <b>Meksikolainen kokaiini<\/b>, joka on voimakas stimulantti, joka on per\u00e4isin kokan lehdist\u00e4. T\u00e4m\u00e4 tuote on tunnettu voimakkaan onnellisuuden, euforian ja kohonneiden tuntemusten aikaansaamisesta, ja sit\u00e4 etsit\u00e4\u00e4n usein virkistysk\u00e4ytt\u00f6\u00f6n. Saatavana <b>ostaa Chemsfine<\/b>, premium-valikoimamme tarjoaa <b>korkea puhtaus<\/b> ja huomaamaton ostokokemus.<\/p>","protected":false},"featured_media":5848,"comment_status":"open","ping_status":"closed","template":"","meta":{"_joinchat":[]},"product_brand":[],"product_cat":[939],"product_tag":[],"class_list":{"0":"post-5800","1":"product","2":"type-product","3":"status-publish","4":"has-post-thumbnail","6":"product_cat-cocaine","8":"first","9":"instock","10":"shipping-taxable","11":"purchasable","12":"product-type-variable"},"yoast_head":"<!-- This site is optimized with the Yoast SEO plugin v27.2 - https:\/\/yoast.com\/product\/yoast-seo-wordpress\/ -->\n<title>Buy Mexican Cocaine Online - Best Price &amp; Quality<\/title>\n<meta name=\"description\" content=\"Discover high-quality Mexican Cocaine for sale online at Chemsfine. Experience intense happiness &amp; euphoria. Order your pure product securely now.\" \/>\n<meta name=\"robots\" content=\"index, follow, max-snippet:-1, max-image-preview:large, max-video-preview:-1\" \/>\n<link rel=\"canonical\" href=\"https:\/\/chemsfine.com\/fi\/tuote\/buy-mexican-cocaine-online\/\" \/>\n<meta property=\"og:locale\" content=\"fi_FI\" \/>\n<meta property=\"og:type\" content=\"article\" \/>\n<meta property=\"og:title\" content=\"Buy Mexican Cocaine Online - Best Price &amp; Quality\" \/>\n<meta property=\"og:description\" content=\"Discover high-quality Mexican Cocaine for sale online at Chemsfine. Experience intense happiness &amp; euphoria. Order your pure product securely now.\" \/>\n<meta property=\"og:url\" content=\"https:\/\/chemsfine.com\/fi\/tuote\/buy-mexican-cocaine-online\/\" \/>\n<meta property=\"og:site_name\" content=\"Chemsfine\" \/>\n<meta property=\"article:modified_time\" content=\"2026-03-25T14:02:05+00:00\" \/>\n<meta property=\"og:image\" content=\"https:\/\/chemsfine.com\/wp-content\/uploads\/2026\/02\/mexican-cocaine-buy-cocaine-online-1.jpg\" \/>\n\t<meta property=\"og:image:width\" content=\"800\" \/>\n\t<meta property=\"og:image:height\" content=\"800\" \/>\n\t<meta property=\"og:image:type\" content=\"image\/jpeg\" \/>\n<meta name=\"twitter:card\" content=\"summary_large_image\" \/>\n<meta name=\"twitter:label1\" content=\"Arvioitu lukuaika\" \/>\n\t<meta name=\"twitter:data1\" content=\"5 minuuttia\" \/>\n<script type=\"application\/ld+json\" class=\"yoast-schema-graph\">{\"@context\":\"https:\/\/schema.org\",\"@graph\":[{\"@type\":\"WebPage\",\"@id\":\"https:\/\/chemsfine.com\/product\/buy-mexican-cocaine-online\/\",\"url\":\"https:\/\/chemsfine.com\/product\/buy-mexican-cocaine-online\/\",\"name\":\"Buy Mexican Cocaine Online - Best Price & Quality\",\"isPartOf\":{\"@id\":\"https:\/\/chemsfine.com\/#website\"},\"primaryImageOfPage\":{\"@id\":\"https:\/\/chemsfine.com\/product\/buy-mexican-cocaine-online\/#primaryimage\"},\"image\":{\"@id\":\"https:\/\/chemsfine.com\/product\/buy-mexican-cocaine-online\/#primaryimage\"},\"thumbnailUrl\":\"https:\/\/chemsfine.com\/wp-content\/uploads\/2026\/02\/mexican-cocaine-buy-cocaine-online-1.jpg\",\"datePublished\":\"2026-02-12T09:51:47+00:00\",\"dateModified\":\"2026-03-25T14:02:05+00:00\",\"description\":\"Discover high-quality Mexican Cocaine for sale online at Chemsfine. Experience intense happiness & euphoria. Order your pure product securely now.\",\"breadcrumb\":{\"@id\":\"https:\/\/chemsfine.com\/product\/buy-mexican-cocaine-online\/#breadcrumb\"},\"inLanguage\":\"fi\",\"potentialAction\":[{\"@type\":\"ReadAction\",\"target\":[\"https:\/\/chemsfine.com\/product\/buy-mexican-cocaine-online\/\"]}]},{\"@type\":\"ImageObject\",\"inLanguage\":\"fi\",\"@id\":\"https:\/\/chemsfine.com\/product\/buy-mexican-cocaine-online\/#primaryimage\",\"url\":\"https:\/\/chemsfine.com\/wp-content\/uploads\/2026\/02\/mexican-cocaine-buy-cocaine-online-1.jpg\",\"contentUrl\":\"https:\/\/chemsfine.com\/wp-content\/uploads\/2026\/02\/mexican-cocaine-buy-cocaine-online-1.jpg\",\"width\":800,\"height\":800},{\"@type\":\"BreadcrumbList\",\"@id\":\"https:\/\/chemsfine.com\/product\/buy-mexican-cocaine-online\/#breadcrumb\",\"itemListElement\":[{\"@type\":\"ListItem\",\"position\":1,\"name\":\"Home\",\"item\":\"https:\/\/chemsfine.com\/\"},{\"@type\":\"ListItem\",\"position\":2,\"name\":\"Shop\",\"item\":\"https:\/\/chemsfine.com\/shop\/\"},{\"@type\":\"ListItem\",\"position\":3,\"name\":\"Buy Mexican Cocaine Online\"}]},{\"@type\":\"WebSite\",\"@id\":\"https:\/\/chemsfine.com\/#website\",\"url\":\"https:\/\/chemsfine.com\/\",\"name\":\"Chemsfine\",\"description\":\"My WordPress Blog\",\"publisher\":{\"@id\":\"https:\/\/chemsfine.com\/#organization\"},\"potentialAction\":[{\"@type\":\"SearchAction\",\"target\":{\"@type\":\"EntryPoint\",\"urlTemplate\":\"https:\/\/chemsfine.com\/?s={search_term_string}\"},\"query-input\":{\"@type\":\"PropertyValueSpecification\",\"valueRequired\":true,\"valueName\":\"search_term_string\"}}],\"inLanguage\":\"fi\"},{\"@type\":\"Organization\",\"@id\":\"https:\/\/chemsfine.com\/#organization\",\"name\":\"Chemsfine\",\"url\":\"https:\/\/chemsfine.com\/\",\"logo\":{\"@type\":\"ImageObject\",\"inLanguage\":\"fi\",\"@id\":\"https:\/\/chemsfine.com\/#\/schema\/logo\/image\/\",\"url\":\"https:\/\/chemsfine.com\/wp-content\/uploads\/2024\/09\/final-logo.png\",\"contentUrl\":\"https:\/\/chemsfine.com\/wp-content\/uploads\/2024\/09\/final-logo.png\",\"width\":340,\"height\":72,\"caption\":\"Chemsfine\"},\"image\":{\"@id\":\"https:\/\/chemsfine.com\/#\/schema\/logo\/image\/\"}}]}<\/script>\n<!-- \/ Yoast SEO plugin. -->","yoast_head_json":{"title":"Osta meksikolaista kokaiinia verkossa - Paras hinta &amp; laatu","description":"Tutustu laadukkaaseen meksikolaiseen kokaiiniin, joka on myynniss\u00e4 verkossa Chemsfine-sivustolla. Koe voimakas onnellisuus &amp; euforia. Tilaa puhdas tuote turvallisesti nyt.","robots":{"index":"index","follow":"follow","max-snippet":"max-snippet:-1","max-image-preview":"max-image-preview:large","max-video-preview":"max-video-preview:-1"},"canonical":"https:\/\/chemsfine.com\/fi\/tuote\/buy-mexican-cocaine-online\/","og_locale":"fi_FI","og_type":"article","og_title":"Buy Mexican Cocaine Online - Best Price & Quality","og_description":"Discover high-quality Mexican Cocaine for sale online at Chemsfine. Experience intense happiness & euphoria. Order your pure product securely now.","og_url":"https:\/\/chemsfine.com\/fi\/tuote\/buy-mexican-cocaine-online\/","og_site_name":"Chemsfine","article_modified_time":"2026-03-25T14:02:05+00:00","og_image":[{"width":800,"height":800,"url":"https:\/\/chemsfine.com\/wp-content\/uploads\/2026\/02\/mexican-cocaine-buy-cocaine-online-1.jpg","type":"image\/jpeg"}],"twitter_card":"summary_large_image","twitter_misc":{"Arvioitu lukuaika":"5 minuuttia"},"schema":{"@context":"https:\/\/schema.org","@graph":[{"@type":"WebPage","@id":"https:\/\/chemsfine.com\/product\/buy-mexican-cocaine-online\/","url":"https:\/\/chemsfine.com\/product\/buy-mexican-cocaine-online\/","name":"Osta meksikolaista kokaiinia verkossa - Paras hinta &amp; laatu","isPartOf":{"@id":"https:\/\/chemsfine.com\/#website"},"primaryImageOfPage":{"@id":"https:\/\/chemsfine.com\/product\/buy-mexican-cocaine-online\/#primaryimage"},"image":{"@id":"https:\/\/chemsfine.com\/product\/buy-mexican-cocaine-online\/#primaryimage"},"thumbnailUrl":"https:\/\/chemsfine.com\/wp-content\/uploads\/2026\/02\/mexican-cocaine-buy-cocaine-online-1.jpg","datePublished":"2026-02-12T09:51:47+00:00","dateModified":"2026-03-25T14:02:05+00:00","description":"Tutustu laadukkaaseen meksikolaiseen kokaiiniin, joka on myynniss\u00e4 verkossa Chemsfine-sivustolla. Koe voimakas onnellisuus &amp; euforia. Tilaa puhdas tuote turvallisesti nyt.","breadcrumb":{"@id":"https:\/\/chemsfine.com\/product\/buy-mexican-cocaine-online\/#breadcrumb"},"inLanguage":"fi","potentialAction":[{"@type":"ReadAction","target":["https:\/\/chemsfine.com\/product\/buy-mexican-cocaine-online\/"]}]},{"@type":"ImageObject","inLanguage":"fi","@id":"https:\/\/chemsfine.com\/product\/buy-mexican-cocaine-online\/#primaryimage","url":"https:\/\/chemsfine.com\/wp-content\/uploads\/2026\/02\/mexican-cocaine-buy-cocaine-online-1.jpg","contentUrl":"https:\/\/chemsfine.com\/wp-content\/uploads\/2026\/02\/mexican-cocaine-buy-cocaine-online-1.jpg","width":800,"height":800},{"@type":"BreadcrumbList","@id":"https:\/\/chemsfine.com\/product\/buy-mexican-cocaine-online\/#breadcrumb","itemListElement":[{"@type":"ListItem","position":1,"name":"Home","item":"https:\/\/chemsfine.com\/"},{"@type":"ListItem","position":2,"name":"Shop","item":"https:\/\/chemsfine.com\/shop\/"},{"@type":"ListItem","position":3,"name":"Buy Mexican Cocaine Online"}]},{"@type":"WebSite","@id":"https:\/\/chemsfine.com\/#website","url":"https:\/\/chemsfine.com\/","name":"Chemsfine","description":"Minun WordPress blogi","publisher":{"@id":"https:\/\/chemsfine.com\/#organization"},"potentialAction":[{"@type":"SearchAction","target":{"@type":"EntryPoint","urlTemplate":"https:\/\/chemsfine.com\/?s={search_term_string}"},"query-input":{"@type":"PropertyValueSpecification","valueRequired":true,"valueName":"search_term_string"}}],"inLanguage":"fi"},{"@type":"Organization","@id":"https:\/\/chemsfine.com\/#organization","name":"Chemsfine","url":"https:\/\/chemsfine.com\/","logo":{"@type":"ImageObject","inLanguage":"fi","@id":"https:\/\/chemsfine.com\/#\/schema\/logo\/image\/","url":"https:\/\/chemsfine.com\/wp-content\/uploads\/2024\/09\/final-logo.png","contentUrl":"https:\/\/chemsfine.com\/wp-content\/uploads\/2024\/09\/final-logo.png","width":340,"height":72,"caption":"Chemsfine"},"image":{"@id":"https:\/\/chemsfine.com\/#\/schema\/logo\/image\/"}}]}},"_links":{"self":[{"href":"https:\/\/chemsfine.com\/fi\/wp-json\/wp\/v2\/product\/5800","targetHints":{"allow":["GET"]}}],"collection":[{"href":"https:\/\/chemsfine.com\/fi\/wp-json\/wp\/v2\/product"}],"about":[{"href":"https:\/\/chemsfine.com\/fi\/wp-json\/wp\/v2\/types\/product"}],"replies":[{"embeddable":true,"href":"https:\/\/chemsfine.com\/fi\/wp-json\/wp\/v2\/comments?post=5800"}],"wp:featuredmedia":[{"embeddable":true,"href":"https:\/\/chemsfine.com\/fi\/wp-json\/wp\/v2\/media\/5848"}],"wp:attachment":[{"href":"https:\/\/chemsfine.com\/fi\/wp-json\/wp\/v2\/media?parent=5800"}],"wp:term":[{"taxonomy":"product_brand","embeddable":true,"href":"https:\/\/chemsfine.com\/fi\/wp-json\/wp\/v2\/product_brand?post=5800"},{"taxonomy":"product_cat","embeddable":true,"href":"https:\/\/chemsfine.com\/fi\/wp-json\/wp\/v2\/product_cat?post=5800"},{"taxonomy":"product_tag","embeddable":true,"href":"https:\/\/chemsfine.com\/fi\/wp-json\/wp\/v2\/product_tag?post=5800"}],"curies":[{"name":"wp","href":"https:\/\/api.w.org\/{rel}","templated":true}]}}