{"id":5802,"date":"2026-02-12T09:51:47","date_gmt":"2026-02-12T09:51:47","guid":{"rendered":"https:\/\/chemsfine.com\/?post_type=product&#038;p=5802"},"modified":"2026-03-25T14:01:22","modified_gmt":"2026-03-25T14:01:22","slug":"buy-mexican-cocaine","status":"publish","type":"product","link":"https:\/\/chemsfine.com\/fi\/product\/buy-mexican-cocaine\/","title":{"rendered":"Meksikolainen kokaiini"},"content":{"rendered":"<h1 data-start=\"191\" data-end=\"238\">Osta meksikolaista kokaiinia: <strong>Voimakas voima stimulanttien markkinoilla<\/strong><\/h1>\n<p class=\"ds-markdown-paragraph\">Meksikolainen kokaiini on vaikuttava tuote, joka tunnetaan voimakkaista vaikutuksistaan ja merkitt\u00e4v\u00e4st\u00e4 l\u00e4sn\u00e4olostaan maailmanmarkkinoilla. T\u00e4m\u00e4 kokaviljelmilt\u00e4 per\u00e4isin oleva ja kehittyneiden verkostojen kautta jalostettu variantti tunnetaan voimakkaista stimuloivista ominaisuuksistaan. Se on suunniteltu k\u00e4ytt\u00e4jille, jotka etsiv\u00e4t voimakasta ja pitk\u00e4kestoista euforista kokemusta, joka tarjoaa huomattavaa energiaa, kohonnutta valppautta ja lis\u00e4\u00e4ntynytt\u00e4 itseluottamusta vaativaan sosiaaliseen tai tilannekohtaiseen k\u00e4ytt\u00f6\u00f6n.<\/p>\n<div>He alkoivat myyd\u00e4 kokaiinia eri puolilla maailmaa hyvin kohtuulliseen hintaan. Ihmiset ostivat kokaiinia laajamittaisesti sen puhtauden ja monik\u00e4ytt\u00f6isyyden vuoksi.<\/div>\n<div>Kolumbialainen kokaiini-96 pure on yksi puhtaimmista kokaiinin muodoista, joita l\u00f6ytyy koko maailmasta. Puhtautensa ansiosta sill\u00e4 on suuri potentiaali vaikuttaa ihmiskehoon. Kuten muutkin kokaiinin muodot, my\u00f6s se vaikuttaa keskushermostoon haluttujen tulosten saavuttamiseksi.<\/div>\n<div>Mutta se toimii paljon nopeammin kuin muut kokaiinin muodot. Se antaa ihmiskehon rentoutua unohtamalla el\u00e4m\u00e4n murheet. Se antaa ihmiskehon saada kunnon unta ja rentouttaa mielen.<\/div>\n<div>Meksikolaista kokaiini-96 puhdasta k\u00e4ytt\u00e4v\u00e4t my\u00f6s l\u00e4\u00e4k\u00e4rit sekoittamalla sit\u00e4 eri ainesosiin, jotka ovat hy\u00f6dyllisi\u00e4 ihmisten terveydelle. Ihmiset k\u00e4ytt\u00e4v\u00e4t t\u00e4t\u00e4 parantuakseen monista sairauksista, kuten masennuksesta, ahdistuksesta jne.<\/div>\n<div>Sit\u00e4 k\u00e4ytet\u00e4\u00e4n my\u00f6s lievitt\u00e4m\u00e4\u00e4n kaikenlaista kipua. T\u00e4m\u00e4 tarkoittaa kipua, joka voi johtua joko v\u00e4litt\u00f6mist\u00e4 onnettomuuksista tai pitk\u00e4aikaisista sairauksista johtuvasta kivusta. L\u00e4\u00e4k\u00e4rit m\u00e4\u00e4r\u00e4\u00e4v\u00e4t t\u00e4t\u00e4 l\u00e4\u00e4kett\u00e4 l\u00e4\u00e4kkeen muodossa saadakseen parannuskeinon. N\u00e4m\u00e4 ominaisuudet ovat vastuussa meksikolaisen kokaiini-96:n valtavasta k\u00e4yt\u00f6st\u00e4.<\/div>\n<div>Verkkokauppamme k\u00e4sittelee kaikenlaisia pro-huumeita, l\u00e4\u00e4kkeit\u00e4 ja l\u00e4\u00e4kkeit\u00e4. Myym\u00e4l\u00e4mme tarjoaa my\u00f6s meksikolaista Cocaine-96 puhdasta eritt\u00e4in kohtuulliseen hintaan. Lis\u00e4ksi myym\u00e4l\u00e4mme tarjoaa tuotteen nopean toimituksen. Meill\u00e4 on my\u00f6s parhaat K2-kylpysuolat verkossa.<\/div>","protected":false},"excerpt":{"rendered":"<p>Osta meksikolainen kokaiini 96% puhdas - kokaiini myyt\u00e4v\u00e4n\u00e4 silkki tie - synteettinen kokaiini myyt\u00e4v\u00e4n\u00e4 verkossa - puhdas kokaiini myyt\u00e4v\u00e4n\u00e4 verkossa - ostaa kokaiinia verkossa amsterdam.<\/p>\n<p>&nbsp;<\/p>","protected":false},"featured_media":5850,"comment_status":"open","ping_status":"closed","template":"","meta":{"_joinchat":[]},"product_brand":[],"product_cat":[939],"product_tag":[],"class_list":{"0":"post-5802","1":"product","2":"type-product","3":"status-publish","4":"has-post-thumbnail","6":"product_cat-cocaine","8":"first","9":"instock","10":"shipping-taxable","11":"purchasable","12":"product-type-variable"},"yoast_head":"<!-- This site is optimized with the Yoast SEO plugin v27.2 - https:\/\/yoast.com\/product\/yoast-seo-wordpress\/ -->\n<title>Buy Mexican Cocaine | Mexican Cocaine for Sale |<\/title>\n<meta name=\"description\" content=\"Buy Mexican Cocaine, We have a wide range of Mexican Cocaine for sale which comes from Medellin, Mexico Mexican Cocaine is a strong stimulant most frequently used as a recreational drug.\" \/>\n<meta name=\"robots\" content=\"index, follow, max-snippet:-1, max-image-preview:large, max-video-preview:-1\" \/>\n<link rel=\"canonical\" href=\"https:\/\/chemsfine.com\/fi\/tuote\/buy-mexican-cocaine\/\" \/>\n<meta property=\"og:locale\" content=\"fi_FI\" \/>\n<meta property=\"og:type\" content=\"article\" \/>\n<meta property=\"og:title\" content=\"Buy Mexican Cocaine | Mexican Cocaine for Sale |\" \/>\n<meta property=\"og:description\" content=\"Buy Mexican Cocaine, We have a wide range of Mexican Cocaine for sale which comes from Medellin, Mexico Mexican Cocaine is a strong stimulant most frequently used as a recreational drug.\" \/>\n<meta property=\"og:url\" content=\"https:\/\/chemsfine.com\/fi\/tuote\/buy-mexican-cocaine\/\" \/>\n<meta property=\"og:site_name\" content=\"Chemsfine\" \/>\n<meta property=\"article:modified_time\" content=\"2026-03-25T14:01:22+00:00\" \/>\n<meta property=\"og:image\" content=\"https:\/\/chemsfine.com\/wp-content\/uploads\/2026\/02\/volkswagen-cocaine-buy-cocaine-online-1.jpg\" \/>\n\t<meta property=\"og:image:width\" content=\"510\" \/>\n\t<meta property=\"og:image:height\" content=\"510\" \/>\n\t<meta property=\"og:image:type\" content=\"image\/jpeg\" \/>\n<meta name=\"twitter:card\" content=\"summary_large_image\" \/>\n<meta name=\"twitter:label1\" content=\"Arvioitu lukuaika\" \/>\n\t<meta name=\"twitter:data1\" content=\"2 minuuttia\" \/>\n<script type=\"application\/ld+json\" class=\"yoast-schema-graph\">{\"@context\":\"https:\/\/schema.org\",\"@graph\":[{\"@type\":\"WebPage\",\"@id\":\"https:\/\/chemsfine.com\/product\/buy-mexican-cocaine\/\",\"url\":\"https:\/\/chemsfine.com\/product\/buy-mexican-cocaine\/\",\"name\":\"Buy Mexican Cocaine | Mexican Cocaine for Sale |\",\"isPartOf\":{\"@id\":\"https:\/\/chemsfine.com\/#website\"},\"primaryImageOfPage\":{\"@id\":\"https:\/\/chemsfine.com\/product\/buy-mexican-cocaine\/#primaryimage\"},\"image\":{\"@id\":\"https:\/\/chemsfine.com\/product\/buy-mexican-cocaine\/#primaryimage\"},\"thumbnailUrl\":\"https:\/\/chemsfine.com\/wp-content\/uploads\/2026\/02\/volkswagen-cocaine-buy-cocaine-online-1.jpg\",\"datePublished\":\"2026-02-12T09:51:47+00:00\",\"dateModified\":\"2026-03-25T14:01:22+00:00\",\"description\":\"Buy Mexican Cocaine, We have a wide range of Mexican Cocaine for sale which comes from Medellin, Mexico Mexican Cocaine is a strong stimulant most frequently used as a recreational drug.\",\"breadcrumb\":{\"@id\":\"https:\/\/chemsfine.com\/product\/buy-mexican-cocaine\/#breadcrumb\"},\"inLanguage\":\"fi\",\"potentialAction\":[{\"@type\":\"ReadAction\",\"target\":[\"https:\/\/chemsfine.com\/product\/buy-mexican-cocaine\/\"]}]},{\"@type\":\"ImageObject\",\"inLanguage\":\"fi\",\"@id\":\"https:\/\/chemsfine.com\/product\/buy-mexican-cocaine\/#primaryimage\",\"url\":\"https:\/\/chemsfine.com\/wp-content\/uploads\/2026\/02\/volkswagen-cocaine-buy-cocaine-online-1.jpg\",\"contentUrl\":\"https:\/\/chemsfine.com\/wp-content\/uploads\/2026\/02\/volkswagen-cocaine-buy-cocaine-online-1.jpg\",\"width\":510,\"height\":510},{\"@type\":\"BreadcrumbList\",\"@id\":\"https:\/\/chemsfine.com\/product\/buy-mexican-cocaine\/#breadcrumb\",\"itemListElement\":[{\"@type\":\"ListItem\",\"position\":1,\"name\":\"Home\",\"item\":\"https:\/\/chemsfine.com\/\"},{\"@type\":\"ListItem\",\"position\":2,\"name\":\"Shop\",\"item\":\"https:\/\/chemsfine.com\/shop\/\"},{\"@type\":\"ListItem\",\"position\":3,\"name\":\"Mexican Cocaine\"}]},{\"@type\":\"WebSite\",\"@id\":\"https:\/\/chemsfine.com\/#website\",\"url\":\"https:\/\/chemsfine.com\/\",\"name\":\"Chemsfine\",\"description\":\"My WordPress Blog\",\"publisher\":{\"@id\":\"https:\/\/chemsfine.com\/#organization\"},\"potentialAction\":[{\"@type\":\"SearchAction\",\"target\":{\"@type\":\"EntryPoint\",\"urlTemplate\":\"https:\/\/chemsfine.com\/?s={search_term_string}\"},\"query-input\":{\"@type\":\"PropertyValueSpecification\",\"valueRequired\":true,\"valueName\":\"search_term_string\"}}],\"inLanguage\":\"fi\"},{\"@type\":\"Organization\",\"@id\":\"https:\/\/chemsfine.com\/#organization\",\"name\":\"Chemsfine\",\"url\":\"https:\/\/chemsfine.com\/\",\"logo\":{\"@type\":\"ImageObject\",\"inLanguage\":\"fi\",\"@id\":\"https:\/\/chemsfine.com\/#\/schema\/logo\/image\/\",\"url\":\"https:\/\/chemsfine.com\/wp-content\/uploads\/2024\/09\/final-logo.png\",\"contentUrl\":\"https:\/\/chemsfine.com\/wp-content\/uploads\/2024\/09\/final-logo.png\",\"width\":340,\"height\":72,\"caption\":\"Chemsfine\"},\"image\":{\"@id\":\"https:\/\/chemsfine.com\/#\/schema\/logo\/image\/\"}}]}<\/script>\n<!-- \/ Yoast SEO plugin. -->","yoast_head_json":{"title":"Osta meksikolaista kokaiinia | Meksikon kokaiinia myyt\u00e4v\u00e4n\u00e4 |","description":"Osta meksikolaista kokaiinia, Meill\u00e4 on laaja valikoima meksikolaista kokaiinia myyt\u00e4v\u00e4n\u00e4, joka tulee Medellinist\u00e4, Meksikosta Meksikolainen kokaiini on voimakas stimulantti, jota k\u00e4ytet\u00e4\u00e4n useimmiten virkistyshuumeena.","robots":{"index":"index","follow":"follow","max-snippet":"max-snippet:-1","max-image-preview":"max-image-preview:large","max-video-preview":"max-video-preview:-1"},"canonical":"https:\/\/chemsfine.com\/fi\/tuote\/buy-mexican-cocaine\/","og_locale":"fi_FI","og_type":"article","og_title":"Buy Mexican Cocaine | Mexican Cocaine for Sale |","og_description":"Buy Mexican Cocaine, We have a wide range of Mexican Cocaine for sale which comes from Medellin, Mexico Mexican Cocaine is a strong stimulant most frequently used as a recreational drug.","og_url":"https:\/\/chemsfine.com\/fi\/tuote\/buy-mexican-cocaine\/","og_site_name":"Chemsfine","article_modified_time":"2026-03-25T14:01:22+00:00","og_image":[{"width":510,"height":510,"url":"https:\/\/chemsfine.com\/wp-content\/uploads\/2026\/02\/volkswagen-cocaine-buy-cocaine-online-1.jpg","type":"image\/jpeg"}],"twitter_card":"summary_large_image","twitter_misc":{"Arvioitu lukuaika":"2 minuuttia"},"schema":{"@context":"https:\/\/schema.org","@graph":[{"@type":"WebPage","@id":"https:\/\/chemsfine.com\/product\/buy-mexican-cocaine\/","url":"https:\/\/chemsfine.com\/product\/buy-mexican-cocaine\/","name":"Osta meksikolaista kokaiinia | Meksikon kokaiinia myyt\u00e4v\u00e4n\u00e4 |","isPartOf":{"@id":"https:\/\/chemsfine.com\/#website"},"primaryImageOfPage":{"@id":"https:\/\/chemsfine.com\/product\/buy-mexican-cocaine\/#primaryimage"},"image":{"@id":"https:\/\/chemsfine.com\/product\/buy-mexican-cocaine\/#primaryimage"},"thumbnailUrl":"https:\/\/chemsfine.com\/wp-content\/uploads\/2026\/02\/volkswagen-cocaine-buy-cocaine-online-1.jpg","datePublished":"2026-02-12T09:51:47+00:00","dateModified":"2026-03-25T14:01:22+00:00","description":"Osta meksikolaista kokaiinia, Meill\u00e4 on laaja valikoima meksikolaista kokaiinia myyt\u00e4v\u00e4n\u00e4, joka tulee Medellinist\u00e4, Meksikosta Meksikolainen kokaiini on voimakas stimulantti, jota k\u00e4ytet\u00e4\u00e4n useimmiten virkistyshuumeena.","breadcrumb":{"@id":"https:\/\/chemsfine.com\/product\/buy-mexican-cocaine\/#breadcrumb"},"inLanguage":"fi","potentialAction":[{"@type":"ReadAction","target":["https:\/\/chemsfine.com\/product\/buy-mexican-cocaine\/"]}]},{"@type":"ImageObject","inLanguage":"fi","@id":"https:\/\/chemsfine.com\/product\/buy-mexican-cocaine\/#primaryimage","url":"https:\/\/chemsfine.com\/wp-content\/uploads\/2026\/02\/volkswagen-cocaine-buy-cocaine-online-1.jpg","contentUrl":"https:\/\/chemsfine.com\/wp-content\/uploads\/2026\/02\/volkswagen-cocaine-buy-cocaine-online-1.jpg","width":510,"height":510},{"@type":"BreadcrumbList","@id":"https:\/\/chemsfine.com\/product\/buy-mexican-cocaine\/#breadcrumb","itemListElement":[{"@type":"ListItem","position":1,"name":"Home","item":"https:\/\/chemsfine.com\/"},{"@type":"ListItem","position":2,"name":"Shop","item":"https:\/\/chemsfine.com\/shop\/"},{"@type":"ListItem","position":3,"name":"Mexican Cocaine"}]},{"@type":"WebSite","@id":"https:\/\/chemsfine.com\/#website","url":"https:\/\/chemsfine.com\/","name":"Chemsfine","description":"Minun WordPress blogi","publisher":{"@id":"https:\/\/chemsfine.com\/#organization"},"potentialAction":[{"@type":"SearchAction","target":{"@type":"EntryPoint","urlTemplate":"https:\/\/chemsfine.com\/?s={search_term_string}"},"query-input":{"@type":"PropertyValueSpecification","valueRequired":true,"valueName":"search_term_string"}}],"inLanguage":"fi"},{"@type":"Organization","@id":"https:\/\/chemsfine.com\/#organization","name":"Chemsfine","url":"https:\/\/chemsfine.com\/","logo":{"@type":"ImageObject","inLanguage":"fi","@id":"https:\/\/chemsfine.com\/#\/schema\/logo\/image\/","url":"https:\/\/chemsfine.com\/wp-content\/uploads\/2024\/09\/final-logo.png","contentUrl":"https:\/\/chemsfine.com\/wp-content\/uploads\/2024\/09\/final-logo.png","width":340,"height":72,"caption":"Chemsfine"},"image":{"@id":"https:\/\/chemsfine.com\/#\/schema\/logo\/image\/"}}]}},"_links":{"self":[{"href":"https:\/\/chemsfine.com\/fi\/wp-json\/wp\/v2\/product\/5802","targetHints":{"allow":["GET"]}}],"collection":[{"href":"https:\/\/chemsfine.com\/fi\/wp-json\/wp\/v2\/product"}],"about":[{"href":"https:\/\/chemsfine.com\/fi\/wp-json\/wp\/v2\/types\/product"}],"replies":[{"embeddable":true,"href":"https:\/\/chemsfine.com\/fi\/wp-json\/wp\/v2\/comments?post=5802"}],"wp:featuredmedia":[{"embeddable":true,"href":"https:\/\/chemsfine.com\/fi\/wp-json\/wp\/v2\/media\/5850"}],"wp:attachment":[{"href":"https:\/\/chemsfine.com\/fi\/wp-json\/wp\/v2\/media?parent=5802"}],"wp:term":[{"taxonomy":"product_brand","embeddable":true,"href":"https:\/\/chemsfine.com\/fi\/wp-json\/wp\/v2\/product_brand?post=5802"},{"taxonomy":"product_cat","embeddable":true,"href":"https:\/\/chemsfine.com\/fi\/wp-json\/wp\/v2\/product_cat?post=5802"},{"taxonomy":"product_tag","embeddable":true,"href":"https:\/\/chemsfine.com\/fi\/wp-json\/wp\/v2\/product_tag?post=5802"}],"curies":[{"name":"wp","href":"https:\/\/api.w.org\/{rel}","templated":true}]}}