{"id":5841,"date":"2026-02-12T09:53:07","date_gmt":"2026-02-12T09:53:07","guid":{"rendered":"https:\/\/chemsfine.com\/?post_type=product&#038;p=5841"},"modified":"2026-03-25T13:57:17","modified_gmt":"2026-03-25T13:57:17","slug":"buy-crack-cocaine-3","status":"publish","type":"product","link":"https:\/\/chemsfine.com\/fi\/product\/buy-crack-cocaine-3\/","title":{"rendered":"Puhdasta crack-kokaiinia myyt\u00e4v\u00e4n\u00e4 verkossa - korkea puhtaus taattu"},"content":{"rendered":"<h2><\/h2>\n<p>Pyrkimys <b>ostaa Pure Crack kokaiinia myyt\u00e4v\u00e4n\u00e4<\/b> taattua laatua ja puhtautta? Me chemsfine-yhti\u00f6ss\u00e4 vastaamme erityissovelluksiin tarkoitettujen aitojen aineiden kysynt\u00e4\u00e4n. Tarjontamme takaa vankan 97%-puhtausasteen, joka asettaa luotettavuuden mittapuun. Sitoudumme 100%-takuutoimitukseen ja rahat takaisin -takuuseen, mik\u00e4 takaa mielenrauhan. T\u00e4ss\u00e4 kattavassa tuoteselosteessa esitell\u00e4\u00e4n t\u00e4m\u00e4n ensiluokkaisen aineen ominaisuudet, sovellukset ja tiukat standardimme. Olemme ylpeit\u00e4 siit\u00e4, ett\u00e4 tarjoamme saumattoman ostokokemuksen, jota tukee avoimuus ja omistautuminen. Kun ostat chemsfineilt\u00e4, valitset vertaansa vailla olevan varmuuden tuotteen eheydest\u00e4 ja palvelusta.<\/p>\n<h2>Mit\u00e4 on puhdas crack-kokaiini?<\/h2>\n<p><b>Crack kokaiini<\/b> on kokaiinin vapaapohjainen muoto, joka on jalostettu pieniksi, kivim\u00e4isiksi kiteiksi. Kokaiinia (bentsoyylimetyylikykgoniini) saadaan kokakasvista ja se on alkaloidi, joka tunnetaan stimuloivista ominaisuuksistaan. Kokaiinin kemiallinen kaava on C17H21NO4, CAS-numero 50-36-2 ja moolimassa noin 303,35 g\/mol. T\u00e4m\u00e4 erityinen muoto valmistetaan liuottamalla kokaiinihydrokloridia veteen em\u00e4ksen, kuten natriumbikarbonaatin, kanssa ja kiehauttamalla se sitten. N\u00e4in syntyv\u00e4 vapaa em\u00e4s erottuu \u00f6ljym\u00e4isen\u00e4 kerroksena, joka kovettuu yleisesti crackiksi kutsutuksi aineeksi. T\u00e4m\u00e4 k\u00e4sittelymenetelm\u00e4 muuttaa sen fysikaalisia ominaisuuksia, mink\u00e4 vuoksi se soveltuu erilaisiin k\u00e4ytt\u00f6- ja tutkimusmuotoihin kuin suolamuotonsa. Niille, jotka etsiv\u00e4t <b>Huippulaatuinen puhdas crack-kokaiini<\/b>, Sen tarkan kemiallisen identiteetin ja muodostumisen ymm\u00e4rt\u00e4minen on ratkaisevan t\u00e4rke\u00e4\u00e4. Se esiintyy tyypillisesti luonnonvalkoisena tai kellert\u00e4v\u00e4n\u00e4 kiteisen\u00e4 kivilajina. Ainetta arvostetaan tietyill\u00e4 tutkimusaloilla sen erilaisten farmakologisten vaikutusten ja aineenvaihduntatapojen tutkimiseksi. Chemsfine tarjoaa t\u00e4t\u00e4 ainetta laboratoriok\u00e4ytt\u00f6\u00f6n ja varmistaa sen aidon koostumuksen ja korkean puhtauden, mik\u00e4 on v\u00e4ltt\u00e4m\u00e4t\u00f6nt\u00e4 tarkkojen ja toistettavien koetulosten kannalta.<\/p>\n<h3>T\u00e4rkeimm\u00e4t tuotetiedot:<\/h3>\n<table border=\"1\">\n<thead>\n<tr>\n<th>Kiinteist\u00f6<\/th>\n<th>Yksityiskohta<\/th>\n<\/tr>\n<\/thead>\n<tbody>\n<tr>\n<td>Tuotteen nimi<\/td>\n<td>Puhdasta crack-kokaiinia<\/td>\n<\/tr>\n<tr>\n<td>Kemiallinen kaava<\/td>\n<td>C17H21NO4<\/td>\n<\/tr>\n<tr>\n<td>CAS-numero<\/td>\n<td>50-36-2<\/td>\n<\/tr>\n<tr>\n<td>Puhtausaste<\/td>\n<td>97% (taattu)<\/td>\n<\/tr>\n<tr>\n<td>Lomake<\/td>\n<td>Kiteiset kivet<\/td>\n<\/tr>\n<\/tbody>\n<\/table>\n<h2>Miksi ostaa puhdasta crack-kokaiinia verkossa chemsfine?<\/h2>\n<p>Luotettavan toimittajan valitseminen herkille materiaaleille on ensiarvoisen t\u00e4rke\u00e4\u00e4. Me chemsfine-yhti\u00f6ss\u00e4 olemme erottuneet edukseen, koska olemme vakaasti omistautuneet laadulle, avoimuudelle ja asiakkaiden luottamukselle. Kun <b>ostaa Pure Crack Kokaiini verkossa<\/b> meilt\u00e4, saat k\u00e4ytt\u00f6\u00f6si tuotteita <a href=\"https:\/\/chemsfine.com\/fi\/tuote\/5cl-adb-a-5-chloro-adb-a-research-chemical\/\">tarkastettu poikkeuksellisen puhtauden ja johdonmukaisuuden varmistamiseksi<\/a>. Tiukat laadunvalvontatoimenpiteemme varmistavat, ett\u00e4 jokainen er\u00e4 t\u00e4ytt\u00e4\u00e4 mainostetun 97%-puhtausstandardin. Tarjoamme mit\u00e4 on yksiselitteisen <b>Paras saatavilla oleva puhdas crack-kokaiini<\/b> markkinoilla, ja sen tukena on pyynn\u00f6st\u00e4 kattavat analyysiraportit (CoA). Turvallinen ostoprosessimme ja huomaamaton pakkauksemme asettavat yksityisyytesi etusijalle. Chemsfine on sitoutunut edist\u00e4m\u00e4\u00e4n pitk\u00e4aikaisia asiakassuhteita tarjoamalla paitsi erinomaisia tuotteita my\u00f6s erinomaista asiakaspalvelua. Yksityiskohtaisista tuotetiedoista reagoivaan tukeen, chemsfine takaa ammattimaisen kokemuksen. 100%-toimitusmenestyksemme ja rahat takaisin -politiikkamme osoittavat luottamusta tarjouksiimme.<\/p>\n<h2>Sovellukset<\/h2>\n<p>Kokaiinin vapaassa olomuodossa on erityist\u00e4 merkityst\u00e4 useissa eri sovelluksissa, p\u00e4\u00e4asiassa valvotuissa tutkimus- ja analyysiymp\u00e4rist\u00f6iss\u00e4. Sen erityisten ominaisuuksien ansiosta se soveltuu monenlaisiin tutkimuksiin.<\/p>\n<ul>\n<li><b>Farmakologinen tutkimus:<\/b> K\u00e4ytet\u00e4\u00e4n in vitro- ja in vivo -tutkimuksissa, joissa tutkitaan v\u00e4litt\u00e4j\u00e4aineiden vuorovaikutuksia ja keskushermostovaikutuksia.<\/li>\n<li><b>Toksikologinen analyysi:<\/b> K\u00e4ytet\u00e4\u00e4n viitestandardina rikostoksikologian ja huumeseulontalaboratorioissa aineiden tunnistamiseen ja m\u00e4\u00e4r\u00e4lliseen m\u00e4\u00e4ritt\u00e4miseen.<\/li>\n<li><b>Aineenvaihduntatutkimukset:<\/b> Olennaista sukua olevien yhdisteiden metaboliareittien ja farmakokineettisten profiilien tutkimisessa.<\/li>\n<li><b>L\u00e4\u00e4kkeiden l\u00f6yt\u00e4minen:<\/b> Toimii perusyhdisteen\u00e4 syntetisoitaessa uusia analogeja ja johdannaisia, joilla on muuttuneet ominaisuudet.<\/li>\n<li><b>Analyyttinen kemia:<\/b> K\u00e4ytet\u00e4\u00e4n laitteiden kalibrointiin ja uusien analyysimenetelmien kehitt\u00e4miseen laittomien aineiden havaitsemiseksi.<\/li>\n<li><b>Neurotieteellinen tutkimus:<\/b> Helpottaa riippuvuusmekanismeja ja aivojen palkitsemisreittej\u00e4 koskevia tutkimuksia.<\/li>\n<li><b>Vakioreferenssimateriaali:<\/b> Puhtauden ja tehon vertailuarvo s\u00e4\u00e4nnellyiss\u00e4 testauslaitoksissa.<\/li>\n<\/ul>\n<p>N\u00e4m\u00e4 sovellukset korostavat, ett\u00e4 on tarpeen <b>Korkea puhtaus myyt\u00e4v\u00e4n\u00e4<\/b>, varmistaa kokeiden eheys ja luotettavat tulokset tieteellisiss\u00e4 tutkimuksissa.<\/p>\n<h2>Turvallisuus ja vaatimustenmukaisuus<\/h2>\n<p>Mink\u00e4 tahansa kemikaalin, erityisesti valvottavan aineen, kuten <b>Crack kokaiini<\/b>, vaatii turvallisuusprotokollien ja s\u00e4\u00e4ntelyohjeiden tiukkaa noudattamista. Korostamme asianmukaisten henkil\u00f6kohtaisten suojavarusteiden (PPE), kuten k\u00e4sineiden, suojalasien ja laboratoriotakkien, k\u00e4yt\u00f6n t\u00e4rkeytt\u00e4 altistumisriskien minimoimiseksi. Kaikki tutkimus ja k\u00e4sittely on suoritettava valvotussa laboratorioymp\u00e4rist\u00f6ss\u00e4, jossa on asianmukainen ilmanvaihto ja turvasuihkut. K\u00e4ytt\u00e4j\u00e4t ovat yksin vastuussa siit\u00e4, ett\u00e4 he ymm\u00e4rt\u00e4v\u00e4t ja noudattavat kaikkia t\u00e4m\u00e4n aineen hankintaan, hallussapitoon ja k\u00e4ytt\u00f6\u00f6n liittyvi\u00e4 alueellisia, kansallisia ja kansainv\u00e4lisi\u00e4 s\u00e4\u00e4nn\u00f6ksi\u00e4. K\u00e4ytt\u00f6turvallisuustiedotteita on saatavana pyydett\u00e4ess\u00e4, ja niiss\u00e4 on t\u00e4rke\u00e4\u00e4 tietoa vaaroista, turvallisesta k\u00e4sittelyst\u00e4, varastoinnista ja h\u00e4t\u00e4tilanteita koskevista menettelyist\u00e4. Lis\u00e4ksi toimitetaan analyysitodistukset (CoA), joissa ilmoitetaan yksityiskohtaisesti puhtaus, identiteetti ja er\u00e4kohtaiset testitulokset, mik\u00e4 takaa t\u00e4ydellisen avoimuuden ja laatustandardien noudattamisen. Turvallinen varastointi rajoitetun p\u00e4\u00e4syn alueella on pakollista luvattoman p\u00e4\u00e4syn est\u00e4miseksi. Ota aina yhteytt\u00e4 <a href=\"https:\/\/chemsfine.com\/fi\/tuote\/buy-mescaline-online\/\">asiaankuuluvat viranomaiset<\/a> ja sis\u00e4iset turvallisuusvastuuhenkil\u00f6t ennen t\u00e4m\u00e4n tuotteen hankkimista tai k\u00e4ytt\u00e4mist\u00e4, jotta varmistetaan, ett\u00e4 kaikkia oikeudellisia ja turvallisuuspuitteita noudatetaan huolellisesti.<\/p>\n<h2>Miksi valita meid\u00e4t?<\/h2>\n<p>Valitsemalla chemsfinen valitset kumppanin, joka on omistautunut tutkimus- ja analyysitarpeillesi. Tarjoamme l\u00e4pin\u00e4kyvi\u00e4 tietoja kaikista tuotteistamme ja varmistamme, ett\u00e4 olet t\u00e4ysin perill\u00e4 asioista ennen ostop\u00e4\u00e4t\u00f6st\u00e4. Sitoutumistamme laatuun vahvistavat <a href=\"https:\/\/chemsfine.com\/fi\/tuote\/5cl-adb-a-5-chloro-adb-a-research-chemical\/\">todennetut er\u00e4p\u00f6yt\u00e4kirjat<\/a>, jolloin jokaisesta aineesta voidaan tehd\u00e4 tarkastettavissa oleva j\u00e4ljitys. Pyrimme s\u00e4ilytt\u00e4m\u00e4\u00e4n kilpailukykyisen hinnoittelun tinkim\u00e4tt\u00e4 koskaan tarjoamiemme tuotteiden eheydest\u00e4 tai puhtaudesta. Osoitteeseen <b>Tilaa puhdasta crack kokaiinia verkossa<\/b> turvallisesti ja tehokkaasti, chemsfine tarjoaa virtaviivaistetun prosessin, joka on suunniteltu mukavaksi ja hienovaraiseksi. Asetamme etusijalle turvalliset transaktiot ja luotettavan maailmanlaajuisen toimituksen, mik\u00e4 takaa, ett\u00e4 tilauksesi saapuu nopeasti ja odotetulla tavalla. Asiakastukitiimimme on aina valmis auttamaan kaikissa tiedusteluissa ja tarjoaa asiantuntevaa opastusta ja tukea koko ostomatkasi ajan. Koe erona toimittaja, joka aidosti v\u00e4litt\u00e4\u00e4 tutkimuspyrkimystesi onnistumisesta ja turvallisuudesta.<\/p>\n<h2>P\u00e4\u00e4telm\u00e4<\/h2>\n<p>Yhteenvetona voidaan todeta, ett\u00e4 niille, jotka tarvitsevat eritt\u00e4in puhtaita aineita laillisiin tutkimus- ja analyysisovelluksiin, chemsfine on luotettava ja luotettava l\u00e4hde. Tiukka laadunvalvonta, sitoutuminen avoimuuteen ja omistautunut asiakaspalvelu takaavat erinomaisen ostokokemuksen. Kutsumme sinut tutustumaan tarjontaamme ja luottavaisesti <b>ostaa Pure Crack kokaiinia myyt\u00e4v\u00e4n\u00e4<\/b>, voit olla varma siit\u00e4, ett\u00e4 saat poikkeuksellisen laadukkaan tuotteen, jolla on kattavat takuut. Tyytyv\u00e4isyytesi ja tutkimuksesi onnistuminen ovat meille ensisijaisia tavoitteita. Tee yhteisty\u00f6t\u00e4 chemsfinen kanssa kaikissa erikoiskemikaalitarpeissasi ja hy\u00f6dy asiantuntemuksestamme ja vankkumattomista standardeistamme.<\/p>","protected":false},"excerpt":{"rendered":"<p>Tutustu eritt\u00e4in puhtaaseen <b>Crack kokaiini<\/b>, a free-base form of cocaine (C17H21NO4, CAS: 50-36-2). Our product offers 97% purity, ideal for rigorous pharmacological, toxicological, and analytical research applications. Ensure accurate results with a trusted standard. Confidently <b>ostaa chemsfine<\/b> for your laboratory needs, where quality and integrity are paramount.<\/p>","protected":false},"featured_media":5886,"comment_status":"open","ping_status":"closed","template":"","meta":{"_joinchat":[]},"product_brand":[],"product_cat":[961],"product_tag":[],"class_list":{"0":"post-5841","1":"product","2":"type-product","3":"status-publish","4":"has-post-thumbnail","6":"product_cat-pharmaceutical-raw-powders","8":"first","9":"instock","10":"shipping-taxable","11":"purchasable","12":"product-type-variable"},"yoast_head":"<!-- This site is optimized with the Yoast SEO plugin v27.2 - https:\/\/yoast.com\/product\/yoast-seo-wordpress\/ -->\n<title>Buy Pure Crack Cocaine Online - High Purity Available<\/title>\n<meta name=\"description\" content=\"Purchase high-purity Crack Cocaine online. Guaranteed 97% purity with 100% delivery and money-back assurance. Secure your order today!\" \/>\n<meta name=\"robots\" content=\"index, follow, max-snippet:-1, max-image-preview:large, max-video-preview:-1\" \/>\n<link rel=\"canonical\" href=\"https:\/\/chemsfine.com\/fi\/tuote\/buy-crack-cocaine-3\/\" \/>\n<meta property=\"og:locale\" content=\"fi_FI\" \/>\n<meta property=\"og:type\" content=\"article\" \/>\n<meta property=\"og:title\" content=\"Buy Pure Crack Cocaine Online - High Purity Available\" \/>\n<meta property=\"og:description\" content=\"Purchase high-purity Crack Cocaine online. Guaranteed 97% purity with 100% delivery and money-back assurance. Secure your order today!\" \/>\n<meta property=\"og:url\" content=\"https:\/\/chemsfine.com\/fi\/tuote\/buy-crack-cocaine-3\/\" \/>\n<meta property=\"og:site_name\" content=\"Chemsfine\" \/>\n<meta property=\"article:modified_time\" content=\"2026-03-25T13:57:17+00:00\" \/>\n<meta property=\"og:image\" content=\"https:\/\/chemsfine.com\/wp-content\/uploads\/2026\/02\/where-can-i-buy-pure-crack-cocaine-in-rockhampton-4.jpg\" \/>\n\t<meta property=\"og:image:width\" content=\"700\" \/>\n\t<meta property=\"og:image:height\" content=\"933\" \/>\n\t<meta property=\"og:image:type\" content=\"image\/jpeg\" \/>\n<meta name=\"twitter:card\" content=\"summary_large_image\" \/>\n<meta name=\"twitter:label1\" content=\"Arvioitu lukuaika\" \/>\n\t<meta name=\"twitter:data1\" content=\"5 minuuttia\" \/>\n<script type=\"application\/ld+json\" class=\"yoast-schema-graph\">{\"@context\":\"https:\/\/schema.org\",\"@graph\":[{\"@type\":\"WebPage\",\"@id\":\"https:\/\/chemsfine.com\/product\/buy-crack-cocaine-3\/\",\"url\":\"https:\/\/chemsfine.com\/product\/buy-crack-cocaine-3\/\",\"name\":\"Buy Pure Crack Cocaine Online - High Purity Available\",\"isPartOf\":{\"@id\":\"https:\/\/chemsfine.com\/#website\"},\"primaryImageOfPage\":{\"@id\":\"https:\/\/chemsfine.com\/product\/buy-crack-cocaine-3\/#primaryimage\"},\"image\":{\"@id\":\"https:\/\/chemsfine.com\/product\/buy-crack-cocaine-3\/#primaryimage\"},\"thumbnailUrl\":\"https:\/\/chemsfine.com\/wp-content\/uploads\/2026\/02\/where-can-i-buy-pure-crack-cocaine-in-rockhampton-4.jpg\",\"datePublished\":\"2026-02-12T09:53:07+00:00\",\"dateModified\":\"2026-03-25T13:57:17+00:00\",\"description\":\"Purchase high-purity Crack Cocaine online. Guaranteed 97% purity with 100% delivery and money-back assurance. Secure your order today!\",\"breadcrumb\":{\"@id\":\"https:\/\/chemsfine.com\/product\/buy-crack-cocaine-3\/#breadcrumb\"},\"inLanguage\":\"fi\",\"potentialAction\":[{\"@type\":\"ReadAction\",\"target\":[\"https:\/\/chemsfine.com\/product\/buy-crack-cocaine-3\/\"]}]},{\"@type\":\"ImageObject\",\"inLanguage\":\"fi\",\"@id\":\"https:\/\/chemsfine.com\/product\/buy-crack-cocaine-3\/#primaryimage\",\"url\":\"https:\/\/chemsfine.com\/wp-content\/uploads\/2026\/02\/where-can-i-buy-pure-crack-cocaine-in-rockhampton-4.jpg\",\"contentUrl\":\"https:\/\/chemsfine.com\/wp-content\/uploads\/2026\/02\/where-can-i-buy-pure-crack-cocaine-in-rockhampton-4.jpg\",\"width\":700,\"height\":933},{\"@type\":\"BreadcrumbList\",\"@id\":\"https:\/\/chemsfine.com\/product\/buy-crack-cocaine-3\/#breadcrumb\",\"itemListElement\":[{\"@type\":\"ListItem\",\"position\":1,\"name\":\"Home\",\"item\":\"https:\/\/chemsfine.com\/\"},{\"@type\":\"ListItem\",\"position\":2,\"name\":\"Shop\",\"item\":\"https:\/\/chemsfine.com\/shop\/\"},{\"@type\":\"ListItem\",\"position\":3,\"name\":\"Pure Crack Cocaine for Sale Online &#8211; High Purity Guaranteed\"}]},{\"@type\":\"WebSite\",\"@id\":\"https:\/\/chemsfine.com\/#website\",\"url\":\"https:\/\/chemsfine.com\/\",\"name\":\"Chemsfine\",\"description\":\"My WordPress Blog\",\"publisher\":{\"@id\":\"https:\/\/chemsfine.com\/#organization\"},\"potentialAction\":[{\"@type\":\"SearchAction\",\"target\":{\"@type\":\"EntryPoint\",\"urlTemplate\":\"https:\/\/chemsfine.com\/?s={search_term_string}\"},\"query-input\":{\"@type\":\"PropertyValueSpecification\",\"valueRequired\":true,\"valueName\":\"search_term_string\"}}],\"inLanguage\":\"fi\"},{\"@type\":\"Organization\",\"@id\":\"https:\/\/chemsfine.com\/#organization\",\"name\":\"Chemsfine\",\"url\":\"https:\/\/chemsfine.com\/\",\"logo\":{\"@type\":\"ImageObject\",\"inLanguage\":\"fi\",\"@id\":\"https:\/\/chemsfine.com\/#\/schema\/logo\/image\/\",\"url\":\"https:\/\/chemsfine.com\/wp-content\/uploads\/2024\/09\/final-logo.png\",\"contentUrl\":\"https:\/\/chemsfine.com\/wp-content\/uploads\/2024\/09\/final-logo.png\",\"width\":340,\"height\":72,\"caption\":\"Chemsfine\"},\"image\":{\"@id\":\"https:\/\/chemsfine.com\/#\/schema\/logo\/image\/\"}}]}<\/script>\n<!-- \/ Yoast SEO plugin. -->","yoast_head_json":{"title":"Osta puhdasta crack kokaiinia verkossa - korkea puhtaus saatavilla","description":"Osta eritt\u00e4in puhdasta crack-kokaiinia verkosta. Taattu 97%-puhtaus 100%-toimituksella ja rahat takaisin -takuulla. Varmista tilauksesi jo t\u00e4n\u00e4\u00e4n!","robots":{"index":"index","follow":"follow","max-snippet":"max-snippet:-1","max-image-preview":"max-image-preview:large","max-video-preview":"max-video-preview:-1"},"canonical":"https:\/\/chemsfine.com\/fi\/tuote\/buy-crack-cocaine-3\/","og_locale":"fi_FI","og_type":"article","og_title":"Buy Pure Crack Cocaine Online - High Purity Available","og_description":"Purchase high-purity Crack Cocaine online. Guaranteed 97% purity with 100% delivery and money-back assurance. Secure your order today!","og_url":"https:\/\/chemsfine.com\/fi\/tuote\/buy-crack-cocaine-3\/","og_site_name":"Chemsfine","article_modified_time":"2026-03-25T13:57:17+00:00","og_image":[{"width":700,"height":933,"url":"https:\/\/chemsfine.com\/wp-content\/uploads\/2026\/02\/where-can-i-buy-pure-crack-cocaine-in-rockhampton-4.jpg","type":"image\/jpeg"}],"twitter_card":"summary_large_image","twitter_misc":{"Arvioitu lukuaika":"5 minuuttia"},"schema":{"@context":"https:\/\/schema.org","@graph":[{"@type":"WebPage","@id":"https:\/\/chemsfine.com\/product\/buy-crack-cocaine-3\/","url":"https:\/\/chemsfine.com\/product\/buy-crack-cocaine-3\/","name":"Osta puhdasta crack kokaiinia verkossa - korkea puhtaus saatavilla","isPartOf":{"@id":"https:\/\/chemsfine.com\/#website"},"primaryImageOfPage":{"@id":"https:\/\/chemsfine.com\/product\/buy-crack-cocaine-3\/#primaryimage"},"image":{"@id":"https:\/\/chemsfine.com\/product\/buy-crack-cocaine-3\/#primaryimage"},"thumbnailUrl":"https:\/\/chemsfine.com\/wp-content\/uploads\/2026\/02\/where-can-i-buy-pure-crack-cocaine-in-rockhampton-4.jpg","datePublished":"2026-02-12T09:53:07+00:00","dateModified":"2026-03-25T13:57:17+00:00","description":"Osta eritt\u00e4in puhdasta crack-kokaiinia verkosta. Taattu 97%-puhtaus 100%-toimituksella ja rahat takaisin -takuulla. Varmista tilauksesi jo t\u00e4n\u00e4\u00e4n!","breadcrumb":{"@id":"https:\/\/chemsfine.com\/product\/buy-crack-cocaine-3\/#breadcrumb"},"inLanguage":"fi","potentialAction":[{"@type":"ReadAction","target":["https:\/\/chemsfine.com\/product\/buy-crack-cocaine-3\/"]}]},{"@type":"ImageObject","inLanguage":"fi","@id":"https:\/\/chemsfine.com\/product\/buy-crack-cocaine-3\/#primaryimage","url":"https:\/\/chemsfine.com\/wp-content\/uploads\/2026\/02\/where-can-i-buy-pure-crack-cocaine-in-rockhampton-4.jpg","contentUrl":"https:\/\/chemsfine.com\/wp-content\/uploads\/2026\/02\/where-can-i-buy-pure-crack-cocaine-in-rockhampton-4.jpg","width":700,"height":933},{"@type":"BreadcrumbList","@id":"https:\/\/chemsfine.com\/product\/buy-crack-cocaine-3\/#breadcrumb","itemListElement":[{"@type":"ListItem","position":1,"name":"Home","item":"https:\/\/chemsfine.com\/"},{"@type":"ListItem","position":2,"name":"Shop","item":"https:\/\/chemsfine.com\/shop\/"},{"@type":"ListItem","position":3,"name":"Pure Crack Cocaine for Sale Online &#8211; High Purity Guaranteed"}]},{"@type":"WebSite","@id":"https:\/\/chemsfine.com\/#website","url":"https:\/\/chemsfine.com\/","name":"Chemsfine","description":"Minun WordPress blogi","publisher":{"@id":"https:\/\/chemsfine.com\/#organization"},"potentialAction":[{"@type":"SearchAction","target":{"@type":"EntryPoint","urlTemplate":"https:\/\/chemsfine.com\/?s={search_term_string}"},"query-input":{"@type":"PropertyValueSpecification","valueRequired":true,"valueName":"search_term_string"}}],"inLanguage":"fi"},{"@type":"Organization","@id":"https:\/\/chemsfine.com\/#organization","name":"Chemsfine","url":"https:\/\/chemsfine.com\/","logo":{"@type":"ImageObject","inLanguage":"fi","@id":"https:\/\/chemsfine.com\/#\/schema\/logo\/image\/","url":"https:\/\/chemsfine.com\/wp-content\/uploads\/2024\/09\/final-logo.png","contentUrl":"https:\/\/chemsfine.com\/wp-content\/uploads\/2024\/09\/final-logo.png","width":340,"height":72,"caption":"Chemsfine"},"image":{"@id":"https:\/\/chemsfine.com\/#\/schema\/logo\/image\/"}}]}},"_links":{"self":[{"href":"https:\/\/chemsfine.com\/fi\/wp-json\/wp\/v2\/product\/5841","targetHints":{"allow":["GET"]}}],"collection":[{"href":"https:\/\/chemsfine.com\/fi\/wp-json\/wp\/v2\/product"}],"about":[{"href":"https:\/\/chemsfine.com\/fi\/wp-json\/wp\/v2\/types\/product"}],"replies":[{"embeddable":true,"href":"https:\/\/chemsfine.com\/fi\/wp-json\/wp\/v2\/comments?post=5841"}],"wp:featuredmedia":[{"embeddable":true,"href":"https:\/\/chemsfine.com\/fi\/wp-json\/wp\/v2\/media\/5886"}],"wp:attachment":[{"href":"https:\/\/chemsfine.com\/fi\/wp-json\/wp\/v2\/media?parent=5841"}],"wp:term":[{"taxonomy":"product_brand","embeddable":true,"href":"https:\/\/chemsfine.com\/fi\/wp-json\/wp\/v2\/product_brand?post=5841"},{"taxonomy":"product_cat","embeddable":true,"href":"https:\/\/chemsfine.com\/fi\/wp-json\/wp\/v2\/product_cat?post=5841"},{"taxonomy":"product_tag","embeddable":true,"href":"https:\/\/chemsfine.com\/fi\/wp-json\/wp\/v2\/product_tag?post=5841"}],"curies":[{"name":"wp","href":"https:\/\/api.w.org\/{rel}","templated":true}]}}