{"id":6095,"date":"2026-02-12T09:57:02","date_gmt":"2026-02-12T09:57:02","guid":{"rendered":"https:\/\/chemsfine.com\/?post_type=product&#038;p=6095"},"modified":"2026-03-25T13:42:50","modified_gmt":"2026-03-25T13:42:50","slug":"buy-pink-xtc-pills","status":"publish","type":"product","link":"https:\/\/chemsfine.com\/fi\/product\/buy-pink-xtc-pills\/","title":{"rendered":"Pink My Brand XTC 250mg+ pillereit\u00e4 - Premium MDMA saatavilla"},"content":{"rendered":"<p>Etsit\u00e4\u00e4n <b>Osta Pink My Brand XTC myyt\u00e4v\u00e4n\u00e4<\/b>? Olet l\u00f6yt\u00e4nyt parhaan mahdollisen l\u00e4hteen ensiluokkaiselle laadulle. N\u00e4m\u00e4 ovat eritt\u00e4in odotettuja <b>Vaaleanpunainen My Brand XTC<\/b> pillereit\u00e4, jotka on suunniteltu tarjoamaan poikkeuksellinen kokemus. Ne ovat kauniita kovapainettuja PINK My Brand XTC -pillereit\u00e4, jotka ylpe\u00e4n\u00e4 seuraavat kuuluisia ja tunnettuja kultaisia My Brand XTC -pillereit\u00e4. Sitoutumisemme korkeaan puhtauteen takaa, ett\u00e4 jokainen er\u00e4 t\u00e4ytt\u00e4\u00e4 tiukat standardit, mik\u00e4 antaa luottamuksen hankintasi suhteen.<\/p>\n<p>N\u00e4m\u00e4 \u201cpahikset\u201d ovat tunnettuja kuin yksi <b>parasta laatua pillereit\u00e4 laajalti saatavilla<\/b>, joka on suunniteltu huolellisesti antamaan sinulle uskomattomimman XTC-kokemuksen. Kokeneiden tuottajien valmistamat pillerit ovat kovapuristettuja, kallonmuotoisia, niiss\u00e4 on \u2018my brand\u2019 -logo takana katkoviivalla, ja mik\u00e4 t\u00e4rkeint\u00e4, ne sis\u00e4lt\u00e4v\u00e4t yli 250 mg+ MDMA:ta KAKSI. N\u00e4iss\u00e4 pillereiss\u00e4 k\u00e4ytetty MDMA on my\u00f6s tunnustettu yhdeksi parhaista saatavilla olevista MDMA-laaduista, mink\u00e4 saat kokea hankkiessasi n\u00e4it\u00e4 pillereit\u00e4. Ne on suunniteltu tarjoamaan alkuper\u00e4inen ja t\u00e4ydellinen XTC-tunne. Huomaa, ett\u00e4 vaikka n\u00e4m\u00e4 pillerit edustavat parasta laatua, ne ovat eritt\u00e4in vahvoja, joten niiden k\u00e4ytt\u00f6tarkoitusta on harkittava huolellisesti. Niille, jotka etsiv\u00e4t <b>Huippulaatuinen vaaleanpunainen XTC<\/b>, \u00e4l\u00e4 katso pidemm\u00e4lle.<\/p>\n<h2>Mik\u00e4 on Pink My Brand XTC?<\/h2>\n<p>Pink My Brand XTC tarkoittaa pohjimmiltaan MDMA:ta (3,4-metyleenidioksimetamfetamiinia) sis\u00e4lt\u00e4vi\u00e4 pillereit\u00e4. MDMA on psykoaktiivinen aine, joka kuuluu substituoitujen metyleenidioksifenetyyliamiinien ja substituoitujen amfetamiinien huumausaineluokkiin. MDMA:n kemiallinen kaava on C\u2081\u2081H\u2081\u2081\u2085NO\u2082, ja sen CAS-numero on 42542-10-9. N\u00e4m\u00e4 erityiset Pink My Brand XTC <b>MDMA-pillerit<\/b> ovat erityisen tunnettuja korkeasta annostelusta ja puhtaudesta, ja ne ovat markkinoiden laadun vertailukohtana. Niiden erottuva vaaleanpunainen v\u00e4ri, kallon muoto ja \u2018my brand\u2019 -leima tekev\u00e4t niist\u00e4 helposti tunnistettavia. Ne on suunniteltu niille, jotka arvostavat voimakasta ja johdonmukaista tuotetta. Kun keskustellaan <b>Laadukkaita MDMA pillereit\u00e4<\/b>, n\u00e4m\u00e4 tabletit tulevat jatkuvasti esiin keskusteluissa niiden huolellisten tuotantostandardien ja todennetun tehon vuoksi. N\u00e4iden erityisten tablettien lis\u00e4ksi luettelossamme on laaja valikoima eritt\u00e4in puhtaita tutkimusmateriaaleja. Voit esimerkiksi my\u00f6s tutkia ja <b><a href='https:\/\/chemsfine.com\/fi\/tuote\/ostaa-5f-mdmb-pinaca-verkossa\/'>ostaa 5F-MDMB-PINACA verkossa<\/a><\/b> erilaisiin tutkimustarpeisiisi.<\/p>\n<h2>Miksi ostaa Pink My Brand XTC:t\u00e4 verkossa chemsfineilt\u00e4?<\/h2>\n<p>Kun harkitset, miss\u00e4 <b>Tilaa Pink My Brand XTC verkossa<\/b>, <b>chemsfine<\/b> on luotettava palveluntarjoaja, joka on omistautunut tarjoamaan erinomaisia tuotteita ja vertaansa vailla olevaa asiakaskokemusta. Ymm\u00e4rr\u00e4mme luotettavuuden ja laadun merkityksen asiakkaillemme. Valikoimamme, mukaan lukien <b>Paras saatavilla oleva vaaleanpunainen XTC<\/b>, on hankittu tarkoin aitouden ja tehon varmistamiseksi. Takaamme avoimuuden tuotetiedoissamme ja tarjoamme tarvittaessa tarkistetut er\u00e4tiedot. Lis\u00e4ksi turvallinen ostoprosessimme ja huomaamaton pakkauksemme takaavat mielenrauhasi tilauksesta toimitukseen. Valitsemalla <b>chemsfine<\/b> tarkoittaa sit\u00e4, ett\u00e4 valitset kumppanin, joka on sitoutunut huippuosaamiseen ostoprosessin jokaisella osa-alueella. Olemme ylpeit\u00e4 siit\u00e4, ett\u00e4 tarjoamme tuotteita, jotka vastaavat vaativien asiakkaidemme odottamia korkeita standardeja. <b>ostaa chemsfine<\/b>.<\/p>\n<p>Maineemme perustuu johdonmukaisuuteen ja asiakastyytyv\u00e4isyyteen. Pyrimme tarjoamaan kilpailukykyisen hinnoittelun tinkim\u00e4tt\u00e4 tuotteidemme laadusta tai eheydest\u00e4. Kun p\u00e4\u00e4t\u00e4t hankkia <b>Vaaleanpunainen My Brand XTC<\/b> meilt\u00e4, valitset saumattoman kaupan, jota tukee sitoutuminen eettiseen ja vastuulliseen toimitukseen. T\u00e4m\u00e4 sitoutuminen ulottuu my\u00f6s sen varmistamiseen, ett\u00e4 tuotekuvauksemme ovat tarkkoja, jotta voit tehd\u00e4 tietoon perustuvia p\u00e4\u00e4t\u00f6ksi\u00e4 tarpeisiisi. Olemme varmoja, ett\u00e4 palvelumme ja tuotteidemme laatu t\u00e4ytt\u00e4v\u00e4t ja ylitt\u00e4v\u00e4t odotuksesi.<\/p>\n<h2>Sovellukset<\/h2>\n<p>N\u00e4m\u00e4 eritt\u00e4in puhtaat <b>Vaaleanpunainen My Brand XTC<\/b> pillereit\u00e4 etsit\u00e4\u00e4n ensisijaisesti eri tarkoituksiin, kuten:<\/p>\n<ul>\n<li><b>Kokoelma ja uutuus:<\/b> Harrastajat ovat hankkineet ne ainutlaatuisen br\u00e4ndins\u00e4 ja historiallisen merkityksens\u00e4 vuoksi kultaisen My Brand XTC:n seuraajina.<\/li>\n<li><b>Analyyttinen tutkimus:<\/b> K\u00e4ytet\u00e4\u00e4n valvotuissa laboratorioymp\u00e4rist\u00f6iss\u00e4 MDMA:n kemialliseen analyysiin ja karakterisointiin.<\/li>\n<li><b>Laadun arviointi:<\/b> Tutkijat k\u00e4ytt\u00e4v\u00e4t sit\u00e4 MDMA-valmisteiden puhtauden ja tehon arviointiin.<\/li>\n<li><b>Vertailustandardit:<\/b> Toimii vertailukohtana, jota voidaan verrata muihin samankaltaisiin aineisiin analyyttisiss\u00e4 tutkimuksissa.<\/li>\n<li><b>Historiallinen dokumentaatio:<\/b> Ker\u00e4tty dokumentoimaan erilaisten muotoilujen kehityst\u00e4 tietyill\u00e4 tutkimusaloilla.<\/li>\n<li><b>Henkil\u00f6kohtaiset kokoelmat:<\/b> Yll\u00e4pit\u00e4v\u00e4t henkil\u00f6t, jotka ovat kiinnostuneita harvinaisista tai voimakkaista aineista yksityist\u00e4 tutkimusta varten.<\/li>\n<\/ul>\n<p>On eritt\u00e4in t\u00e4rke\u00e4\u00e4, ett\u00e4 kaikissa sovelluksissa noudatetaan tiukasti paikallisia s\u00e4\u00e4nn\u00f6ksi\u00e4 ja eettisi\u00e4 ohjeita. Tarjoamme <b>Eritt\u00e4in puhdas vaaleanpunainen XTC myyt\u00e4v\u00e4n\u00e4<\/b>, joka soveltuu varovaiseen ja vastuulliseen k\u00e4sittelyyn asianmukaisissa ymp\u00e4rist\u00f6iss\u00e4. Niille, jotka laajentavat tutkimuksiaan muihin ainutlaatuisiin yhdisteisiin, tarjoamme my\u00f6s p\u00e4\u00e4syn seuraaviin aineisiin <b><a href='https:\/\/chemsfine.com\/fi\/tuote\/ostaa-5-meo-dmt-verkossa-2\/'>ostaa 5-MeO-DMT verkossa<\/a><\/b>, N\u00e4in varmistat kattavan valikoiman laboratorioosi tai kokoelmiisi.<\/p>\n<h2>Turvallisuus ja vaatimustenmukaisuus<\/h2>\n<p>MDMA:n kaltaisten aineiden k\u00e4sittely edellytt\u00e4\u00e4 turvallisuusprotokollien tiukkaa noudattamista ja s\u00e4\u00e4nn\u00f6sten noudattamista. On v\u00e4ltt\u00e4m\u00e4t\u00f6nt\u00e4 k\u00e4ytt\u00e4\u00e4 asianmukaisia henkil\u00f6kohtaisia suojavarusteita, kuten k\u00e4sineit\u00e4 ja silmiensuojaimia, valvotussa laboratorioymp\u00e4rist\u00f6ss\u00e4. K\u00e4ytt\u00e4jien on oltava t\u00e4ysin tietoisia MDMA:n ostoa, hallussapitoa ja k\u00e4ytt\u00f6\u00e4 koskevista alueellisista ja kansallisista s\u00e4\u00e4d\u00f6ksist\u00e4. K\u00e4ytt\u00f6turvallisuustiedotteita (SDS) on saatavana pyynn\u00f6st\u00e4, ja niiss\u00e4 on t\u00e4rke\u00e4\u00e4 tietoa mahdollisista vaaroista, turvallisesta k\u00e4sittelyst\u00e4 ja h\u00e4t\u00e4tilanteita koskevista menettelyist\u00e4. Analyysitodistuksia (CoA) voidaan my\u00f6s toimittaa, jotta voidaan varmistaa MDMA:n puhtaus ja koostumus. <b>MDMA-pillerit<\/b>, mik\u00e4 vahvistaa sitoutumistamme turvallisuuteen ja avoimuuteen. Edist\u00e4mme vastuullista hankintaa ja k\u00e4ytt\u00f6\u00e4 oikeudellisten puitteiden puitteissa ja varmistamme, ett\u00e4 meid\u00e4n <b>Laboratorioasteen vaaleanpunainen XTC myyt\u00e4v\u00e4n\u00e4<\/b> k\u00e4sitell\u00e4\u00e4n \u00e4\u00e4rimm\u00e4isen huolellisesti.<\/p>\n<p><b>T\u00e4rkeimm\u00e4t tuotetiedot:<\/b><\/p>\n<table>\n<thead>\n<tr>\n<th>Ominaisuus<\/th>\n<th>Yksityiskohta<\/th>\n<\/tr>\n<\/thead>\n<tbody>\n<tr>\n<td>Tuotteen nimi<\/td>\n<td>Vaaleanpunainen My Brand XTC<\/td>\n<\/tr>\n<tr>\n<td>Aktiivinen ainesosa<\/td>\n<td>MDMA (3,4-metyleenidioksimetamfetamiini)<\/td>\n<\/tr>\n<tr>\n<td>Annostus per pilleri<\/td>\n<td>250mg+ KAKSI<\/td>\n<\/tr>\n<tr>\n<td>Lomake<\/td>\n<td>Kovaksi puristetut, kallonmuotoiset pillerit<\/td>\n<\/tr>\n<tr>\n<td>V\u00e4ri<\/td>\n<td>Vaaleanpunainen<\/td>\n<\/tr>\n<tr>\n<td>Merkinn\u00e4t<\/td>\n<td>\u2018My Brand\u2019 sel\u00e4ss\u00e4 ja katkoviivalla<\/td>\n<\/tr>\n<tr>\n<td>Puhtaus<\/td>\n<td>Korkealaatuinen MDMA<\/td>\n<\/tr>\n<\/tbody>\n<\/table>\n<h2>Miksi valita meid\u00e4t?<\/h2>\n<p>Valitsemalla <b>chemsfine<\/b> teid\u00e4n <b>Aito vaaleanpunainen My Brand XTC<\/b> tarkoittaa, ett\u00e4 valitset palveluntarjoajan, joka asettaa tarpeesi etusijalle. Tarjoamme l\u00e4pin\u00e4kyvi\u00e4 tietoja kaikista tuotteistamme ja varmistamme, ett\u00e4 sinulla on kattavat tiedot ennen p\u00e4\u00e4t\u00f6ksentekoa. Saatavilla on tarkistetut er\u00e4kohtaiset tiedot, jotka vahvistavat saamiesi tuotteiden laadun ja johdonmukaisuuden. Hinnoittelumme on kilpailukykyinen, ja se on suunniteltu tarjoamaan parasta vastinetta n\u00e4in korkealaatuisille aineille. Me helpotamme <b>Turvallinen osto<\/b> prosessi, joka takaa huomaamattoman pakkauksen ja luotettavan toimituksen suoraan haluamaasi paikkaan. Kun p\u00e4\u00e4t\u00e4t <b>Osta nyt verkossa<\/b> osoitteesta <b>chemsfine<\/b>, et tee pelkk\u00e4\u00e4 kauppaa, vaan investoit laatuun ja mielenrauhaan. Lis\u00e4ksi sitoumuksemme ulottuu siihen, ett\u00e4 tarjoamme p\u00e4\u00e4syn laajaan valikoimaan ensiluokkaisia tutkimusaineita, mukaan lukien vaihtoehdot, jotka koskevat <b><a href='https:\/\/chemsfine.com\/fi\/tuote\/ostaa-5f-mdmb-pinaca-verkossa\/'>ostaa tutkimuskemikaaleja<\/a><\/b> luottavaisin mielin.<\/p>\n<h2>P\u00e4\u00e4telm\u00e4<\/h2>\n<p>Yhteenvetona voidaan todeta, ett\u00e4 <b>Pink My Brand XTC 250mg+<\/b> pillerit edustavat laadun ja tehon huippua luokassaan. Legendaarisen linjan seuraajina ne tarjoavat edelleen vertaansa vailla olevan kokemuksen, jota tukevat eritt\u00e4in puhdas MDMA ja asiantunteva valmistus. Kun olet valmis <b>Osta Pink My Brand XTC myyt\u00e4v\u00e4n\u00e4<\/b>, valitse <b>chemsfine<\/b> luotettava, turvallinen ja luotettava l\u00e4hde. Koe ero, jonka ensiluokkainen laatu ja omistautunut palvelu voivat tehd\u00e4 tutkimuksellesi tai kokoelmallesi. Varmista er\u00e4si jo t\u00e4n\u00e4\u00e4n ja liity niiden tyytyv\u00e4isten asiakkaiden joukkoon, jotka luottavat johdonmukaiseen erinomaisuuteemme.<\/p>","protected":false},"excerpt":{"rendered":"<p>Experience the exceptional quality of <b>MDMA Pills<\/b> with these potent, hard-pressed 250mg+ MDMA pills. Successors to renowned golden editions, these offer a premium experience. Available for purchase securely at <b>chemsfine<\/b>, ensuring high purity and reliable delivery for your research needs.<\/p>","protected":false},"featured_media":6142,"comment_status":"open","ping_status":"closed","template":"","meta":{"_joinchat":[]},"product_brand":[],"product_cat":[973],"product_tag":[],"class_list":{"0":"post-6095","1":"product","2":"type-product","3":"status-publish","4":"has-post-thumbnail","6":"product_cat-pills","8":"first","9":"instock","10":"shipping-taxable","11":"purchasable","12":"product-type-variable"},"yoast_head":"<!-- This site is optimized with the Yoast SEO plugin v27.2 - https:\/\/yoast.com\/product\/yoast-seo-wordpress\/ -->\n<title>Buy Pink My Brand XTC 250mg+ Online - Best Quality Available<\/title>\n<meta name=\"description\" content=\"Discover premium Pink My Brand XTC 250mg+ pills for sale. Experience top-quality MDMA, hard-pressed and potent. Buy these exceptional XTC pills online today!\" \/>\n<meta name=\"robots\" content=\"index, follow, max-snippet:-1, max-image-preview:large, max-video-preview:-1\" \/>\n<link rel=\"canonical\" href=\"https:\/\/chemsfine.com\/fi\/tuote\/buy-pink-xtc-pills\/\" \/>\n<meta property=\"og:locale\" content=\"fi_FI\" \/>\n<meta property=\"og:type\" content=\"article\" \/>\n<meta property=\"og:title\" content=\"Buy Pink My Brand XTC 250mg+ Online - Best Quality Available\" \/>\n<meta property=\"og:description\" content=\"Discover premium Pink My Brand XTC 250mg+ pills for sale. Experience top-quality MDMA, hard-pressed and potent. Buy these exceptional XTC pills online today!\" \/>\n<meta property=\"og:url\" content=\"https:\/\/chemsfine.com\/fi\/tuote\/buy-pink-xtc-pills\/\" \/>\n<meta property=\"og:site_name\" content=\"Chemsfine\" \/>\n<meta property=\"article:modified_time\" content=\"2026-03-25T13:42:50+00:00\" \/>\n<meta property=\"og:image\" content=\"https:\/\/chemsfine.com\/wp-content\/uploads\/2026\/02\/150-pink-my-brand-250-mg-xtc-1.png\" \/>\n\t<meta property=\"og:image:width\" content=\"793\" \/>\n\t<meta property=\"og:image:height\" content=\"519\" \/>\n\t<meta property=\"og:image:type\" content=\"image\/png\" \/>\n<meta name=\"twitter:card\" content=\"summary_large_image\" \/>\n<meta name=\"twitter:label1\" content=\"Arvioitu lukuaika\" \/>\n\t<meta name=\"twitter:data1\" content=\"6 minuuttia\" \/>\n<script type=\"application\/ld+json\" class=\"yoast-schema-graph\">{\"@context\":\"https:\/\/schema.org\",\"@graph\":[{\"@type\":\"WebPage\",\"@id\":\"https:\/\/chemsfine.com\/product\/buy-pink-xtc-pills\/\",\"url\":\"https:\/\/chemsfine.com\/product\/buy-pink-xtc-pills\/\",\"name\":\"Buy Pink My Brand XTC 250mg+ Online - Best Quality Available\",\"isPartOf\":{\"@id\":\"https:\/\/chemsfine.com\/#website\"},\"primaryImageOfPage\":{\"@id\":\"https:\/\/chemsfine.com\/product\/buy-pink-xtc-pills\/#primaryimage\"},\"image\":{\"@id\":\"https:\/\/chemsfine.com\/product\/buy-pink-xtc-pills\/#primaryimage\"},\"thumbnailUrl\":\"https:\/\/chemsfine.com\/wp-content\/uploads\/2026\/02\/150-pink-my-brand-250-mg-xtc-1.png\",\"datePublished\":\"2026-02-12T09:57:02+00:00\",\"dateModified\":\"2026-03-25T13:42:50+00:00\",\"description\":\"Discover premium Pink My Brand XTC 250mg+ pills for sale. Experience top-quality MDMA, hard-pressed and potent. Buy these exceptional XTC pills online today!\",\"breadcrumb\":{\"@id\":\"https:\/\/chemsfine.com\/product\/buy-pink-xtc-pills\/#breadcrumb\"},\"inLanguage\":\"fi\",\"potentialAction\":[{\"@type\":\"ReadAction\",\"target\":[\"https:\/\/chemsfine.com\/product\/buy-pink-xtc-pills\/\"]}]},{\"@type\":\"ImageObject\",\"inLanguage\":\"fi\",\"@id\":\"https:\/\/chemsfine.com\/product\/buy-pink-xtc-pills\/#primaryimage\",\"url\":\"https:\/\/chemsfine.com\/wp-content\/uploads\/2026\/02\/150-pink-my-brand-250-mg-xtc-1.png\",\"contentUrl\":\"https:\/\/chemsfine.com\/wp-content\/uploads\/2026\/02\/150-pink-my-brand-250-mg-xtc-1.png\",\"width\":793,\"height\":519},{\"@type\":\"BreadcrumbList\",\"@id\":\"https:\/\/chemsfine.com\/product\/buy-pink-xtc-pills\/#breadcrumb\",\"itemListElement\":[{\"@type\":\"ListItem\",\"position\":1,\"name\":\"Home\",\"item\":\"https:\/\/chemsfine.com\/\"},{\"@type\":\"ListItem\",\"position\":2,\"name\":\"Shop\",\"item\":\"https:\/\/chemsfine.com\/shop\/\"},{\"@type\":\"ListItem\",\"position\":3,\"name\":\"Pink My Brand XTC 250mg+ Pills &#8211; Premium MDMA Available\"}]},{\"@type\":\"WebSite\",\"@id\":\"https:\/\/chemsfine.com\/#website\",\"url\":\"https:\/\/chemsfine.com\/\",\"name\":\"Chemsfine\",\"description\":\"My WordPress Blog\",\"publisher\":{\"@id\":\"https:\/\/chemsfine.com\/#organization\"},\"potentialAction\":[{\"@type\":\"SearchAction\",\"target\":{\"@type\":\"EntryPoint\",\"urlTemplate\":\"https:\/\/chemsfine.com\/?s={search_term_string}\"},\"query-input\":{\"@type\":\"PropertyValueSpecification\",\"valueRequired\":true,\"valueName\":\"search_term_string\"}}],\"inLanguage\":\"fi\"},{\"@type\":\"Organization\",\"@id\":\"https:\/\/chemsfine.com\/#organization\",\"name\":\"Chemsfine\",\"url\":\"https:\/\/chemsfine.com\/\",\"logo\":{\"@type\":\"ImageObject\",\"inLanguage\":\"fi\",\"@id\":\"https:\/\/chemsfine.com\/#\/schema\/logo\/image\/\",\"url\":\"https:\/\/chemsfine.com\/wp-content\/uploads\/2024\/09\/final-logo.png\",\"contentUrl\":\"https:\/\/chemsfine.com\/wp-content\/uploads\/2024\/09\/final-logo.png\",\"width\":340,\"height\":72,\"caption\":\"Chemsfine\"},\"image\":{\"@id\":\"https:\/\/chemsfine.com\/#\/schema\/logo\/image\/\"}}]}<\/script>\n<!-- \/ Yoast SEO plugin. -->","yoast_head_json":{"title":"Osta Pink My Brand XTC 250mg+ verkossa - parasta saatavilla olevaa laatua","description":"Tutustu ensiluokkaiseen Pink My Brand XTC 250mg+ pillereit\u00e4 myyt\u00e4v\u00e4n\u00e4. Koe huippulaatuinen MDMA, kovapainettu ja voimakas. Osta n\u00e4m\u00e4 poikkeukselliset XTC-pillerit verkossa jo t\u00e4n\u00e4\u00e4n!","robots":{"index":"index","follow":"follow","max-snippet":"max-snippet:-1","max-image-preview":"max-image-preview:large","max-video-preview":"max-video-preview:-1"},"canonical":"https:\/\/chemsfine.com\/fi\/tuote\/buy-pink-xtc-pills\/","og_locale":"fi_FI","og_type":"article","og_title":"Buy Pink My Brand XTC 250mg+ Online - Best Quality Available","og_description":"Discover premium Pink My Brand XTC 250mg+ pills for sale. Experience top-quality MDMA, hard-pressed and potent. Buy these exceptional XTC pills online today!","og_url":"https:\/\/chemsfine.com\/fi\/tuote\/buy-pink-xtc-pills\/","og_site_name":"Chemsfine","article_modified_time":"2026-03-25T13:42:50+00:00","og_image":[{"width":793,"height":519,"url":"https:\/\/chemsfine.com\/wp-content\/uploads\/2026\/02\/150-pink-my-brand-250-mg-xtc-1.png","type":"image\/png"}],"twitter_card":"summary_large_image","twitter_misc":{"Arvioitu lukuaika":"6 minuuttia"},"schema":{"@context":"https:\/\/schema.org","@graph":[{"@type":"WebPage","@id":"https:\/\/chemsfine.com\/product\/buy-pink-xtc-pills\/","url":"https:\/\/chemsfine.com\/product\/buy-pink-xtc-pills\/","name":"Osta Pink My Brand XTC 250mg+ verkossa - parasta saatavilla olevaa laatua","isPartOf":{"@id":"https:\/\/chemsfine.com\/#website"},"primaryImageOfPage":{"@id":"https:\/\/chemsfine.com\/product\/buy-pink-xtc-pills\/#primaryimage"},"image":{"@id":"https:\/\/chemsfine.com\/product\/buy-pink-xtc-pills\/#primaryimage"},"thumbnailUrl":"https:\/\/chemsfine.com\/wp-content\/uploads\/2026\/02\/150-pink-my-brand-250-mg-xtc-1.png","datePublished":"2026-02-12T09:57:02+00:00","dateModified":"2026-03-25T13:42:50+00:00","description":"Tutustu ensiluokkaiseen Pink My Brand XTC 250mg+ pillereit\u00e4 myyt\u00e4v\u00e4n\u00e4. Koe huippulaatuinen MDMA, kovapainettu ja voimakas. Osta n\u00e4m\u00e4 poikkeukselliset XTC-pillerit verkossa jo t\u00e4n\u00e4\u00e4n!","breadcrumb":{"@id":"https:\/\/chemsfine.com\/product\/buy-pink-xtc-pills\/#breadcrumb"},"inLanguage":"fi","potentialAction":[{"@type":"ReadAction","target":["https:\/\/chemsfine.com\/product\/buy-pink-xtc-pills\/"]}]},{"@type":"ImageObject","inLanguage":"fi","@id":"https:\/\/chemsfine.com\/product\/buy-pink-xtc-pills\/#primaryimage","url":"https:\/\/chemsfine.com\/wp-content\/uploads\/2026\/02\/150-pink-my-brand-250-mg-xtc-1.png","contentUrl":"https:\/\/chemsfine.com\/wp-content\/uploads\/2026\/02\/150-pink-my-brand-250-mg-xtc-1.png","width":793,"height":519},{"@type":"BreadcrumbList","@id":"https:\/\/chemsfine.com\/product\/buy-pink-xtc-pills\/#breadcrumb","itemListElement":[{"@type":"ListItem","position":1,"name":"Home","item":"https:\/\/chemsfine.com\/"},{"@type":"ListItem","position":2,"name":"Shop","item":"https:\/\/chemsfine.com\/shop\/"},{"@type":"ListItem","position":3,"name":"Pink My Brand XTC 250mg+ Pills &#8211; Premium MDMA Available"}]},{"@type":"WebSite","@id":"https:\/\/chemsfine.com\/#website","url":"https:\/\/chemsfine.com\/","name":"Chemsfine","description":"Minun WordPress blogi","publisher":{"@id":"https:\/\/chemsfine.com\/#organization"},"potentialAction":[{"@type":"SearchAction","target":{"@type":"EntryPoint","urlTemplate":"https:\/\/chemsfine.com\/?s={search_term_string}"},"query-input":{"@type":"PropertyValueSpecification","valueRequired":true,"valueName":"search_term_string"}}],"inLanguage":"fi"},{"@type":"Organization","@id":"https:\/\/chemsfine.com\/#organization","name":"Chemsfine","url":"https:\/\/chemsfine.com\/","logo":{"@type":"ImageObject","inLanguage":"fi","@id":"https:\/\/chemsfine.com\/#\/schema\/logo\/image\/","url":"https:\/\/chemsfine.com\/wp-content\/uploads\/2024\/09\/final-logo.png","contentUrl":"https:\/\/chemsfine.com\/wp-content\/uploads\/2024\/09\/final-logo.png","width":340,"height":72,"caption":"Chemsfine"},"image":{"@id":"https:\/\/chemsfine.com\/#\/schema\/logo\/image\/"}}]}},"_links":{"self":[{"href":"https:\/\/chemsfine.com\/fi\/wp-json\/wp\/v2\/product\/6095","targetHints":{"allow":["GET"]}}],"collection":[{"href":"https:\/\/chemsfine.com\/fi\/wp-json\/wp\/v2\/product"}],"about":[{"href":"https:\/\/chemsfine.com\/fi\/wp-json\/wp\/v2\/types\/product"}],"replies":[{"embeddable":true,"href":"https:\/\/chemsfine.com\/fi\/wp-json\/wp\/v2\/comments?post=6095"}],"wp:featuredmedia":[{"embeddable":true,"href":"https:\/\/chemsfine.com\/fi\/wp-json\/wp\/v2\/media\/6142"}],"wp:attachment":[{"href":"https:\/\/chemsfine.com\/fi\/wp-json\/wp\/v2\/media?parent=6095"}],"wp:term":[{"taxonomy":"product_brand","embeddable":true,"href":"https:\/\/chemsfine.com\/fi\/wp-json\/wp\/v2\/product_brand?post=6095"},{"taxonomy":"product_cat","embeddable":true,"href":"https:\/\/chemsfine.com\/fi\/wp-json\/wp\/v2\/product_cat?post=6095"},{"taxonomy":"product_tag","embeddable":true,"href":"https:\/\/chemsfine.com\/fi\/wp-json\/wp\/v2\/product_tag?post=6095"}],"curies":[{"name":"wp","href":"https:\/\/api.w.org\/{rel}","templated":true}]}}