{"id":6108,"date":"2026-02-12T09:57:27","date_gmt":"2026-02-12T09:57:27","guid":{"rendered":"https:\/\/chemsfine.com\/?post_type=product&#038;p=6108"},"modified":"2026-03-25T13:41:11","modified_gmt":"2026-03-25T13:41:11","slug":"buy-a-pcyp-crystal","status":"publish","type":"product","link":"https:\/\/chemsfine.com\/fi\/product\/buy-a-pcyp-crystal\/","title":{"rendered":"Osta 35g A-PCYP Crystal Online - 100% Toimitustakuu Takuu"},"content":{"rendered":"<p>Tervetuloa Chemsfineen, luotettuun l\u00e4hteeseesi, joka tarjoaa <b>Osta A-PCYP Crystal myyt\u00e4v\u00e4n\u00e4<\/b> verkossa. Tarjoamme 35 g:n paketin t\u00e4t\u00e4 eritt\u00e4in puhdasta yhdistett\u00e4 100%-toimitustakuulla, joka takaa mielenrauhasi jokaisen ostoksen yhteydess\u00e4. Johtavana tutkimuskemikaalien toimittajana Chemsfine on omistautunut tarjoamaan korkealaatuisia tuotteita tieteellisiin pyrkimyksiisi. Meid\u00e4n <b>A-PCYP Kristalli<\/b> on vaikuttava 99,8%:n puhtausaste, joten se on ihanteellinen valinta tarkkojen ja luotettavien kokeellisten tulosten saamiseksi. Tutustu t\u00e4m\u00e4n uuden stimulantin yksityiskohtaisiin ominaisuuksiin ja ostohy\u00f6tyihin alla.<\/p>\n<h2>Mik\u00e4 on A-PCYP?<\/h2>\n<p>Alpha-PCYP luokitellaan uudeksi stimulantiksi ja substituoiduksi katinoniksi, joka on ainutlaatuinen yhdiste tutkimuskemikaalien joukossa. Maallikon kielell\u00e4 se on stimuloiva huume, joka muistuttaa khat-kasvia, mutta antaa kokaiinin ja metamfetamiinin kaltaisia vaikutuksen merkkej\u00e4 ja oireita. T\u00e4m\u00e4 tekee siit\u00e4 kiinnostavan kohteen tutkijoille, jotka tutkivat t\u00e4llaisten yhdisteiden vaikutuksia ja vaikutusmekanismeja. Alpha-PCYP kehitettiin viime vuonna, joten se on yksi uudemmista lis\u00e4yksist\u00e4 k\u00e4ytett\u00e4viss\u00e4 oleviin tutkimusyhdisteisiin. T\u00e4ll\u00e4 tuotteella on selke\u00e4 ulkon\u00e4k\u00f6: Valkoinen kristalli, mik\u00e4 on osoitus sen korkeasta laadusta ja huolellisesta synteesist\u00e4. T\u00e4m\u00e4 huippulaatuinen A-PCYP, jonka taattu puhtaus on 99,8%, takaa johdonmukaisuuden ja luotettavuuden tutkimuksissasi. Sen kemiallisen luokituksen ymm\u00e4rt\u00e4minen on ratkaisevan t\u00e4rke\u00e4\u00e4 farmakologian ja neurotieteen tutkijoille, sill\u00e4 se tarjoaa tietoa sen mahdollisista vuorovaikutuksista ja vaikutuksista.<\/p>\n<h2>Miksi ostaa A-PCYPi\u00e4 verkossa Chemsfinen kautta?<\/h2>\n<p>Chemsfinen valitseminen <b>A-PCYP Kristalli<\/b> tarpeet takaavat p\u00e4\u00e4syn <b>Paras saatavilla oleva A-PCYP<\/b> markkinoilla. Sitoutumisemme laadunvarmistukseen on ensiarvoisen t\u00e4rke\u00e4\u00e4, ja jokainen er\u00e4 testataan tiukasti 99,8%-puhtauden varmistamiseksi. Kun valitset <b>verkko-ostos<\/b> Chemsfine-yhti\u00f6lt\u00e4, investoit tuotteeseen, jonka takana on avoimuus ja ammattitaito. Ymm\u00e4rr\u00e4mme tutkimusmateriaalien kriittisen luonteen, mink\u00e4 vuoksi varmistamme turvallisen pakkauksen ja huomaamattoman toimituksen. Maineemme luotettavista toimituksista ja asiakastyytyv\u00e4isyydest\u00e4 tekee meist\u00e4 sek\u00e4 laitosten ett\u00e4 yksitt\u00e4isten tutkijoiden ensisijaisen valinnan. Muita voimakkaita stimulantteja tutkiville harkitse valikoimaamme, mukaan lukien <a href=\"https:\/\/chemsfine.com\/fi\/tuote\/buy-mdpt-online-for-sale\/\">korkealaatuinen MDPT myyt\u00e4v\u00e4n\u00e4<\/a>. Lis\u00e4ksi omistautunut tukitiimimme on aina valmis auttamaan kaikissa tiedusteluissa, mik\u00e4 vahvistaa lupaustamme tarjota vertaansa vailla oleva ostokokemus eritt\u00e4in puhtaille tutkimuskemikaaleille.<\/p>\n<h2>A-PCYPin sovellukset<\/h2>\n<p><b>A-PCYP Kristalli<\/b>, koska se on luokiteltu ainutlaatuiseksi uudeksi stimulantiksi ja substituoiduksi katinoniksi, on useita t\u00e4rkeit\u00e4 sovelluksia tieteellisess\u00e4 tutkimuksessa. Sen ominaisuudet tekev\u00e4t siit\u00e4 arvokkaan yhdisteen erilaisiin tutkimuksiin:<\/p>\n<ul>\n<li><b>Laboratoriotutkimus:<\/b> K\u00e4ytet\u00e4\u00e4n in vitro- ja in vivo -tutkimuksissa, joissa tutkitaan stimuloivia vaikutuksia ja neurofarmakologisia profiileja.<\/li>\n<li><b>Analyyttiset standardit:<\/b> Toimii viitemateriaalina oikeusl\u00e4\u00e4ketieteellisess\u00e4 toksikologiassa ja huumeseulontaprotokollissa.<\/li>\n<li><b>Kemiallinen synteesi:<\/b> Voidaan k\u00e4ytt\u00e4\u00e4 esiasteena tai reagenssina kehittyneiss\u00e4 orgaanisen kemian kokeissa.<\/li>\n<li><b>Farmakologiset tutkimukset:<\/b> Olennaista substituoitujen katinonien vaikutusmekanismien ja niiden vuorovaikutuksen neurotransmitterij\u00e4rjestelmien kanssa tutkimisessa.<\/li>\n<li><b>Koulutustarkoitukset:<\/b> K\u00e4ytet\u00e4\u00e4n akateemisissa ymp\u00e4rist\u00f6iss\u00e4 farmakologian ja kemiallisen analyysin periaatteiden osoittamiseen.<\/li>\n<li><b>Metabolinen tutkimus:<\/b> Auttaa ymm\u00e4rt\u00e4m\u00e4\u00e4n uusien psykoaktiivisten aineiden metaboliareittej\u00e4 ja mahdollisia metaboliitteja.<\/li>\n<\/ul>\n<p>N\u00e4m\u00e4 sovellukset korostavat t\u00e4m\u00e4n yhdisteen monipuolisuutta perustavanlaatuisena v\u00e4lineen\u00e4 tieteellisen tiedon edist\u00e4misess\u00e4. Tutkijat voivat luottavaisin mielin sis\u00e4llytt\u00e4\u00e4 t\u00e4m\u00e4n eritt\u00e4in puhtaan tuotteen koesuunnitelmiinsa.<\/p>\n<h2>Tuotteen tekniset tiedot<\/h2>\n<p>Teid\u00e4n avuksenne, yksityiskohtainen yleiskatsaus meid\u00e4n <b>A-PCYP Kristalli<\/b> tuotetiedot on esitetty alla, jotta sinulla on kaikki tarvittavat tiedot tutkimustarpeitasi varten.<\/p>\n<table>\n<thead>\n<tr>\n<th>Tekniset tiedot<\/th>\n<th>Yksityiskohta<\/th>\n<\/tr>\n<\/thead>\n<tbody>\n<tr>\n<td>Tuotteen nimi<\/td>\n<td>A-PCYP (alfa-PCYP)<\/td>\n<\/tr>\n<tr>\n<td>Ulkon\u00e4k\u00f6<\/td>\n<td>Valkoinen kristalli<\/td>\n<\/tr>\n<tr>\n<td>Puhtaus<\/td>\n<td>99.8%<\/td>\n<\/tr>\n<tr>\n<td>Luokitus<\/td>\n<td>Uusi stimulantti, substituoitu katinoni<\/td>\n<\/tr>\n<tr>\n<td>Pakkaus<\/td>\n<td>35g<\/td>\n<\/tr>\n<tr>\n<td>Takuu<\/td>\n<td>100% Toimitustakuu<\/td>\n<\/tr>\n<\/tbody>\n<\/table>\n<h2>Turvallisuus ja vaatimustenmukaisuus<\/h2>\n<p>A-PCYPi\u00e4 k\u00e4sitelt\u00e4ess\u00e4 on ensisijaisen t\u00e4rke\u00e4\u00e4 noudattaa tiukkoja turvallisuusprotokollia ja s\u00e4\u00e4nn\u00f6sten noudattamista. Koska kyseess\u00e4 on voimakas tutkimuskemikaali, sit\u00e4 saavat k\u00e4sitell\u00e4 vain koulutetut ammattilaiset valvotussa ymp\u00e4rist\u00f6ss\u00e4, kuten hyvin ilmastoidussa laboratoriossa, jossa on asianmukaiset henkil\u00f6nsuojaimet. Tutustu aina k\u00e4ytt\u00f6turvallisuustiedotteeseen (SDS) saadaksesi kattavat tiedot turvallisesta k\u00e4sittelyst\u00e4, varastoinnista ja h\u00e4t\u00e4tilanteissa noudatettavista menettelyist\u00e4. Chemsfine asettaa etusijalle asiakkaidemme turvallisuuden ja tieteellisen tutkimuksen eheyden. Vaikka varmistamme tuotteiden korkeimman laadun, tutkijoiden vastuulla on ymm\u00e4rt\u00e4\u00e4 ja noudattaa kaikkia asiaankuuluvia alueellisia s\u00e4\u00e4nn\u00f6ksi\u00e4, jotka koskevat tutkimuskemikaalien ostamista, hallussapitoa ja k\u00e4ytt\u00f6\u00e4. Samoin k\u00e4sitelt\u00e4ess\u00e4 yhdisteit\u00e4, kuten <a href=\"https:\/\/chemsfine.com\/fi\/tuote\/buy-clonazepam-klonopin-powder-online\/\">Klonatsepaami Klonopin jauhe<\/a>, turvallisuusohjeiden tarkka noudattaminen on v\u00e4ltt\u00e4m\u00e4t\u00f6nt\u00e4. Analyysitodistukset (CoA) ovat saatavilla pyynn\u00f6st\u00e4, ja ne tarjoavat avoimen validoinnin tuotteemme puhtaudesta ja koostumuksesta, mik\u00e4 on ratkaisevan t\u00e4rke\u00e4\u00e4 laboratorioluokan standardien yll\u00e4pit\u00e4miseksi ja turvallisen ostoprosessin varmistamiseksi.<\/p>\n<h2>Miksi valita Chemsfine?<\/h2>\n<p>Chemsfine erottuu edukseen tarjoamalla erinomaisen kokemuksen tutkijoille, jotka haluavat <b>Tilaa A-PCYP verkossa<\/b>. Sitoumuksemme ei rajoitu pelk\u00e4st\u00e4\u00e4n eritt\u00e4in puhtaiden kemikaalien toimittamiseen, vaan takaamme luotettavuuden, avoimuuden ja asiakaskeskeisyyden kokonaisvaltaisen paketin. Voit luottavaisin mielin <b>ostaa Chemsfine<\/b> tiet\u00e4en, ett\u00e4 jokaista yksityiskohtaa hallitaan huolellisesti, aina tarkistetuista er\u00e4kirjanpidosta turvalliseen toimitukseen. Kattava luettelomme kattaa my\u00f6s useita muita <a href=\"https:\/\/chemsfine.com\/fi\/tuote\/buy-mdpt-online-for-sale\/\">tutkimuskemikaalit verkossa<\/a>, ja varmistaa, ett\u00e4 l\u00f6yd\u00e4t kaiken opiskelussa tarvittavan. Tarjoamme eritt\u00e4in kilpailukykyisen hinnoittelun tinkim\u00e4tt\u00e4 A-PCYP:n poikkeuksellisesta laadusta. 100%-toimitustakuumme korostaa sitoutumistamme siihen, ett\u00e4 tuotteesi saapuu turvallisesti ja odotusten mukaisesti, mik\u00e4 tekee turvallisesta ostoksestasi huolettoman. Koe ero, joka syntyy yhteisty\u00f6st\u00e4 sellaisen toimittajan kanssa, joka arvostaa tutkimusmenestyst\u00e4si yht\u00e4 paljon kuin sin\u00e4.<\/p>\n<h2>P\u00e4\u00e4telm\u00e4<\/h2>\n<p>Yhteenvetona voidaan todeta, ett\u00e4 tutkijat, jotka etsiv\u00e4t luotettavaa l\u00e4hdett\u00e4 <b>Osta A-PCYP Crystal myyt\u00e4v\u00e4n\u00e4<\/b>, Chemsfine on ensisijainen valinta. Taatun 99,8%-puhtauden, 100%-toimitustakuun ja vankkumattoman sitoutumisen asiakastyytyv\u00e4isyyteen ansiosta tarjoamme vertaansa vailla olevaa palvelua tutkimuskemikaalitarpeisiisi. Sitoutumisemme laboratoriolaatuun ja eettisiin k\u00e4yt\u00e4nt\u00f6ihin takaa, ett\u00e4 saat vain parasta tieteellisiin tutkimuksiisi. Luota Chemsfineen seuraavassa turvallisessa, eritt\u00e4in puhtaan A-PCYP:n ostoksessasi ja edist\u00e4 tutkimustasi luottavaisin mielin.<\/p>","protected":false},"excerpt":{"rendered":"<p><b>A-PCYP Kristalli<\/b> is a high-purity novel stimulant and substituted cathinone, offering similar effects to cocaine and methamphetamine. Buy this premium A-PCYP Crystal at Chemsfine for research purposes.<\/p>","protected":false},"featured_media":6155,"comment_status":"open","ping_status":"closed","template":"","meta":{"_joinchat":[]},"product_brand":[],"product_cat":[974],"product_tag":[],"class_list":{"0":"post-6108","1":"product","2":"type-product","3":"status-publish","4":"has-post-thumbnail","6":"product_cat-methylone","8":"first","9":"instock","10":"shipping-taxable","11":"purchasable","12":"product-type-variable"},"yoast_head":"<!-- This site is optimized with the Yoast SEO plugin v27.2 - https:\/\/yoast.com\/product\/yoast-seo-wordpress\/ -->\n<title>Buy A-PCYP Crystal Online - Best Price &amp; Quality Available<\/title>\n<meta name=\"description\" content=\"Discover high-purity A-PCYP crystal online at Chemsfine. Get top quality with a 100% shipping warranty and best prices. Buy A-PCYP today!\" \/>\n<meta name=\"robots\" content=\"index, follow, max-snippet:-1, max-image-preview:large, max-video-preview:-1\" \/>\n<link rel=\"canonical\" href=\"https:\/\/chemsfine.com\/fi\/tuote\/buy-a-pcyp-crystal\/\" \/>\n<meta property=\"og:locale\" content=\"fi_FI\" \/>\n<meta property=\"og:type\" content=\"article\" \/>\n<meta property=\"og:title\" content=\"Buy A-PCYP Crystal Online - Best Price &amp; Quality Available\" \/>\n<meta property=\"og:description\" content=\"Discover high-purity A-PCYP crystal online at Chemsfine. Get top quality with a 100% shipping warranty and best prices. Buy A-PCYP today!\" \/>\n<meta property=\"og:url\" content=\"https:\/\/chemsfine.com\/fi\/tuote\/buy-a-pcyp-crystal\/\" \/>\n<meta property=\"og:site_name\" content=\"Chemsfine\" \/>\n<meta property=\"article:modified_time\" content=\"2026-03-25T13:41:11+00:00\" \/>\n<meta property=\"og:image\" content=\"https:\/\/chemsfine.com\/wp-content\/uploads\/2026\/02\/35g-a-pcyp-100-shipping-warranty-alpha-pcyp-alpha-pcyp-duplicate-1.png\" \/>\n\t<meta property=\"og:image:width\" content=\"595\" \/>\n\t<meta property=\"og:image:height\" content=\"598\" \/>\n\t<meta property=\"og:image:type\" content=\"image\/png\" \/>\n<meta name=\"twitter:card\" content=\"summary_large_image\" \/>\n<meta name=\"twitter:label1\" content=\"Arvioitu lukuaika\" \/>\n\t<meta name=\"twitter:data1\" content=\"5 minuuttia\" \/>\n<script type=\"application\/ld+json\" class=\"yoast-schema-graph\">{\"@context\":\"https:\/\/schema.org\",\"@graph\":[{\"@type\":\"WebPage\",\"@id\":\"https:\/\/chemsfine.com\/product\/buy-a-pcyp-crystal\/\",\"url\":\"https:\/\/chemsfine.com\/product\/buy-a-pcyp-crystal\/\",\"name\":\"Buy A-PCYP Crystal Online - Best Price &amp; Quality Available\",\"isPartOf\":{\"@id\":\"https:\/\/chemsfine.com\/#website\"},\"primaryImageOfPage\":{\"@id\":\"https:\/\/chemsfine.com\/product\/buy-a-pcyp-crystal\/#primaryimage\"},\"image\":{\"@id\":\"https:\/\/chemsfine.com\/product\/buy-a-pcyp-crystal\/#primaryimage\"},\"thumbnailUrl\":\"https:\/\/chemsfine.com\/wp-content\/uploads\/2026\/02\/35g-a-pcyp-100-shipping-warranty-alpha-pcyp-alpha-pcyp-duplicate-1.png\",\"datePublished\":\"2026-02-12T09:57:27+00:00\",\"dateModified\":\"2026-03-25T13:41:11+00:00\",\"description\":\"Discover high-purity A-PCYP crystal online at Chemsfine. Get top quality with a 100% shipping warranty and best prices. Buy A-PCYP today!\",\"breadcrumb\":{\"@id\":\"https:\/\/chemsfine.com\/product\/buy-a-pcyp-crystal\/#breadcrumb\"},\"inLanguage\":\"fi\",\"potentialAction\":[{\"@type\":\"ReadAction\",\"target\":[\"https:\/\/chemsfine.com\/product\/buy-a-pcyp-crystal\/\"]}]},{\"@type\":\"ImageObject\",\"inLanguage\":\"fi\",\"@id\":\"https:\/\/chemsfine.com\/product\/buy-a-pcyp-crystal\/#primaryimage\",\"url\":\"https:\/\/chemsfine.com\/wp-content\/uploads\/2026\/02\/35g-a-pcyp-100-shipping-warranty-alpha-pcyp-alpha-pcyp-duplicate-1.png\",\"contentUrl\":\"https:\/\/chemsfine.com\/wp-content\/uploads\/2026\/02\/35g-a-pcyp-100-shipping-warranty-alpha-pcyp-alpha-pcyp-duplicate-1.png\",\"width\":595,\"height\":598},{\"@type\":\"BreadcrumbList\",\"@id\":\"https:\/\/chemsfine.com\/product\/buy-a-pcyp-crystal\/#breadcrumb\",\"itemListElement\":[{\"@type\":\"ListItem\",\"position\":1,\"name\":\"Home\",\"item\":\"https:\/\/chemsfine.com\/\"},{\"@type\":\"ListItem\",\"position\":2,\"name\":\"Shop\",\"item\":\"https:\/\/chemsfine.com\/shop\/\"},{\"@type\":\"ListItem\",\"position\":3,\"name\":\"Buy 35g A-PCYP Crystal Online &#8211; 100% Shipping Warranty\"}]},{\"@type\":\"WebSite\",\"@id\":\"https:\/\/chemsfine.com\/#website\",\"url\":\"https:\/\/chemsfine.com\/\",\"name\":\"Chemsfine\",\"description\":\"My WordPress Blog\",\"publisher\":{\"@id\":\"https:\/\/chemsfine.com\/#organization\"},\"potentialAction\":[{\"@type\":\"SearchAction\",\"target\":{\"@type\":\"EntryPoint\",\"urlTemplate\":\"https:\/\/chemsfine.com\/?s={search_term_string}\"},\"query-input\":{\"@type\":\"PropertyValueSpecification\",\"valueRequired\":true,\"valueName\":\"search_term_string\"}}],\"inLanguage\":\"fi\"},{\"@type\":\"Organization\",\"@id\":\"https:\/\/chemsfine.com\/#organization\",\"name\":\"Chemsfine\",\"url\":\"https:\/\/chemsfine.com\/\",\"logo\":{\"@type\":\"ImageObject\",\"inLanguage\":\"fi\",\"@id\":\"https:\/\/chemsfine.com\/#\/schema\/logo\/image\/\",\"url\":\"https:\/\/chemsfine.com\/wp-content\/uploads\/2024\/09\/final-logo.png\",\"contentUrl\":\"https:\/\/chemsfine.com\/wp-content\/uploads\/2024\/09\/final-logo.png\",\"width\":340,\"height\":72,\"caption\":\"Chemsfine\"},\"image\":{\"@id\":\"https:\/\/chemsfine.com\/#\/schema\/logo\/image\/\"}}]}<\/script>\n<!-- \/ Yoast SEO plugin. -->","yoast_head_json":{"title":"Osta A-PCYP Crystal Online - Paras hinta &amp; laatu saatavilla","description":"L\u00f6yd\u00e4 eritt\u00e4in puhdasta A-PCYP-kristallia verkossa Chemsfinen verkkokaupasta. Hanki huippulaatua 100% toimitustakuulla ja parhailla hinnoilla. Osta A-PCYP t\u00e4n\u00e4\u00e4n!","robots":{"index":"index","follow":"follow","max-snippet":"max-snippet:-1","max-image-preview":"max-image-preview:large","max-video-preview":"max-video-preview:-1"},"canonical":"https:\/\/chemsfine.com\/fi\/tuote\/buy-a-pcyp-crystal\/","og_locale":"fi_FI","og_type":"article","og_title":"Buy A-PCYP Crystal Online - Best Price &amp; Quality Available","og_description":"Discover high-purity A-PCYP crystal online at Chemsfine. Get top quality with a 100% shipping warranty and best prices. Buy A-PCYP today!","og_url":"https:\/\/chemsfine.com\/fi\/tuote\/buy-a-pcyp-crystal\/","og_site_name":"Chemsfine","article_modified_time":"2026-03-25T13:41:11+00:00","og_image":[{"width":595,"height":598,"url":"https:\/\/chemsfine.com\/wp-content\/uploads\/2026\/02\/35g-a-pcyp-100-shipping-warranty-alpha-pcyp-alpha-pcyp-duplicate-1.png","type":"image\/png"}],"twitter_card":"summary_large_image","twitter_misc":{"Arvioitu lukuaika":"5 minuuttia"},"schema":{"@context":"https:\/\/schema.org","@graph":[{"@type":"WebPage","@id":"https:\/\/chemsfine.com\/product\/buy-a-pcyp-crystal\/","url":"https:\/\/chemsfine.com\/product\/buy-a-pcyp-crystal\/","name":"Osta A-PCYP Crystal Online - Paras hinta &amp; laatu saatavilla","isPartOf":{"@id":"https:\/\/chemsfine.com\/#website"},"primaryImageOfPage":{"@id":"https:\/\/chemsfine.com\/product\/buy-a-pcyp-crystal\/#primaryimage"},"image":{"@id":"https:\/\/chemsfine.com\/product\/buy-a-pcyp-crystal\/#primaryimage"},"thumbnailUrl":"https:\/\/chemsfine.com\/wp-content\/uploads\/2026\/02\/35g-a-pcyp-100-shipping-warranty-alpha-pcyp-alpha-pcyp-duplicate-1.png","datePublished":"2026-02-12T09:57:27+00:00","dateModified":"2026-03-25T13:41:11+00:00","description":"L\u00f6yd\u00e4 eritt\u00e4in puhdasta A-PCYP-kristallia verkossa Chemsfinen verkkokaupasta. Hanki huippulaatua 100% toimitustakuulla ja parhailla hinnoilla. Osta A-PCYP t\u00e4n\u00e4\u00e4n!","breadcrumb":{"@id":"https:\/\/chemsfine.com\/product\/buy-a-pcyp-crystal\/#breadcrumb"},"inLanguage":"fi","potentialAction":[{"@type":"ReadAction","target":["https:\/\/chemsfine.com\/product\/buy-a-pcyp-crystal\/"]}]},{"@type":"ImageObject","inLanguage":"fi","@id":"https:\/\/chemsfine.com\/product\/buy-a-pcyp-crystal\/#primaryimage","url":"https:\/\/chemsfine.com\/wp-content\/uploads\/2026\/02\/35g-a-pcyp-100-shipping-warranty-alpha-pcyp-alpha-pcyp-duplicate-1.png","contentUrl":"https:\/\/chemsfine.com\/wp-content\/uploads\/2026\/02\/35g-a-pcyp-100-shipping-warranty-alpha-pcyp-alpha-pcyp-duplicate-1.png","width":595,"height":598},{"@type":"BreadcrumbList","@id":"https:\/\/chemsfine.com\/product\/buy-a-pcyp-crystal\/#breadcrumb","itemListElement":[{"@type":"ListItem","position":1,"name":"Home","item":"https:\/\/chemsfine.com\/"},{"@type":"ListItem","position":2,"name":"Shop","item":"https:\/\/chemsfine.com\/shop\/"},{"@type":"ListItem","position":3,"name":"Buy 35g A-PCYP Crystal Online &#8211; 100% Shipping Warranty"}]},{"@type":"WebSite","@id":"https:\/\/chemsfine.com\/#website","url":"https:\/\/chemsfine.com\/","name":"Chemsfine","description":"Minun WordPress blogi","publisher":{"@id":"https:\/\/chemsfine.com\/#organization"},"potentialAction":[{"@type":"SearchAction","target":{"@type":"EntryPoint","urlTemplate":"https:\/\/chemsfine.com\/?s={search_term_string}"},"query-input":{"@type":"PropertyValueSpecification","valueRequired":true,"valueName":"search_term_string"}}],"inLanguage":"fi"},{"@type":"Organization","@id":"https:\/\/chemsfine.com\/#organization","name":"Chemsfine","url":"https:\/\/chemsfine.com\/","logo":{"@type":"ImageObject","inLanguage":"fi","@id":"https:\/\/chemsfine.com\/#\/schema\/logo\/image\/","url":"https:\/\/chemsfine.com\/wp-content\/uploads\/2024\/09\/final-logo.png","contentUrl":"https:\/\/chemsfine.com\/wp-content\/uploads\/2024\/09\/final-logo.png","width":340,"height":72,"caption":"Chemsfine"},"image":{"@id":"https:\/\/chemsfine.com\/#\/schema\/logo\/image\/"}}]}},"_links":{"self":[{"href":"https:\/\/chemsfine.com\/fi\/wp-json\/wp\/v2\/product\/6108","targetHints":{"allow":["GET"]}}],"collection":[{"href":"https:\/\/chemsfine.com\/fi\/wp-json\/wp\/v2\/product"}],"about":[{"href":"https:\/\/chemsfine.com\/fi\/wp-json\/wp\/v2\/types\/product"}],"replies":[{"embeddable":true,"href":"https:\/\/chemsfine.com\/fi\/wp-json\/wp\/v2\/comments?post=6108"}],"wp:featuredmedia":[{"embeddable":true,"href":"https:\/\/chemsfine.com\/fi\/wp-json\/wp\/v2\/media\/6155"}],"wp:attachment":[{"href":"https:\/\/chemsfine.com\/fi\/wp-json\/wp\/v2\/media?parent=6108"}],"wp:term":[{"taxonomy":"product_brand","embeddable":true,"href":"https:\/\/chemsfine.com\/fi\/wp-json\/wp\/v2\/product_brand?post=6108"},{"taxonomy":"product_cat","embeddable":true,"href":"https:\/\/chemsfine.com\/fi\/wp-json\/wp\/v2\/product_cat?post=6108"},{"taxonomy":"product_tag","embeddable":true,"href":"https:\/\/chemsfine.com\/fi\/wp-json\/wp\/v2\/product_tag?post=6108"}],"curies":[{"name":"wp","href":"https:\/\/api.w.org\/{rel}","templated":true}]}}