{"id":6173,"date":"2026-02-12T09:59:29","date_gmt":"2026-02-12T09:59:29","guid":{"rendered":"https:\/\/chemsfine.com\/?post_type=product&#038;p=6173"},"modified":"2026-03-25T13:37:39","modified_gmt":"2026-03-25T13:37:39","slug":"buy-3mmc-online","status":"publish","type":"product","link":"https:\/\/chemsfine.com\/fi\/product\/buy-3mmc-online\/","title":{"rendered":"Osta 3MMC myyt\u00e4v\u00e4n\u00e4 | Eritt\u00e4in puhdas tutkimuskemikaali | Chemsfine"},"content":{"rendered":"<p>Kun yrit\u00e4t <b>Osta 3MMC<\/b> pitk\u00e4lle kehitettyj\u00e4 neurokemiallisia tutkimuksia varten, luotettavan l\u00e4hteen valinta on ensiarvoisen t\u00e4rke\u00e4\u00e4. Chemsfine on ensisijainen m\u00e4\u00e4r\u00e4np\u00e4\u00e4si eritt\u00e4in puhtaalle 3MMC:lle, joka on eritt\u00e4in haluttu tutkimusstimulantti. Ymm\u00e4rr\u00e4mme tarkkuuden ja johdonmukaisuuden kriittisen tarpeen laboratorioymp\u00e4rist\u00f6iss\u00e4, mink\u00e4 vuoksi 3MMC-kiteemme testataan tiukasti vertaansa vailla olevan puhtauden varmistamiseksi. Paranna tutkimuksiasi jo t\u00e4n\u00e4\u00e4n investoimalla huippuluokan tutkimuskemikaaleihin, jotka lupaavat tarkkoja ja toistettavia tuloksia. Sitoutumisemme laatuun takaa, ett\u00e4 jokainen 3MMC-er\u00e4 t\u00e4ytt\u00e4\u00e4 nykyaikaisen tieteellisen tutkimuksen tiukat vaatimukset, mik\u00e4 antaa tutkijoille luottamuksen, jota he tarvitsevat laajentaakseen keksint\u00f6jen rajoja. Niille, jotka haluavat <b>ostaa 3MMC myyt\u00e4v\u00e4n\u00e4<\/b>, Chemsfine tarjoaa vertaansa vailla olevan yhdistelm\u00e4n laatua ja palvelua.<\/p>\n<h2>Mik\u00e4 on 3MMC?<\/h2>\n<p>3-metyylimetkatinoni, joka tunnetaan yleisesti nimell\u00e4 3MMC, on synteettinen stimuloiva aine, joka kuuluu substituoitujen katinonien luokkaan. Sen kemiallinen rakenne on l\u00e4heist\u00e4 sukua mefedronille (4-MMC) ja katinonille. Tiedeyhteis\u00f6 pit\u00e4\u00e4 3MMC:t\u00e4 arvokkaana v\u00e4lineen\u00e4 tutkittaessa v\u00e4litt\u00e4j\u00e4aineiden vuorovaikutusta, erityisesti dopamiinin ja serotoniinin takaisinottomekanismeja. Sen systemaattinen kemiallinen nimi on 2-(metyyliamino)-1-(3-metyylifenyyli)propan-1-oni, molekyylikaava on C12H17NO ja CAS-numero 1246816-62-5. T\u00e4m\u00e4 yksil\u00f6llinen tunniste on ratkaisevan t\u00e4rke\u00e4 tarkan tunnistamisen kannalta tutkimusymp\u00e4rist\u00f6iss\u00e4. Chemsfine tarjoaa <b>huippulaatua 3MMC<\/b> erityisesti tutkimustarkoituksiin, jolloin varmistetaan, ett\u00e4 saat tuotteen, jossa ei ole ep\u00e4puhtauksia ja joka vastaa tarkasti kokeellisia tarpeitasi. Sen tarkan kemiallisen identiteetin ymm\u00e4rt\u00e4minen on ratkaisevan t\u00e4rke\u00e4\u00e4 kaikessa tiukassa neurokemiallisessa tutkimuksessa, jotta reaktiot ovat ennustettavissa ja tiedonkeruu luotettavaa. Pikaviitteeksi t\u00e4ss\u00e4 on joitakin keskeisi\u00e4 fysikaalisia ominaisuuksia:<\/p>\n<table>\n<thead>\n<tr>\n<th>Kiinteist\u00f6<\/th>\n<th>Arvo<\/th>\n<\/tr>\n<\/thead>\n<tbody>\n<tr>\n<td>Kemiallinen nimi<\/td>\n<td>3-Metyylimetyylikatinoni<\/td>\n<\/tr>\n<tr>\n<td>Synonyymi<\/td>\n<td>3-Metyyli-N-metyylikatinoni<\/td>\n<\/tr>\n<tr>\n<td>Kemiallinen kaava<\/td>\n<td>C12H17NO<\/td>\n<\/tr>\n<tr>\n<td>Molekyylipaino<\/td>\n<td>191,27 g\/mol<\/td>\n<\/tr>\n<tr>\n<td>Ulkon\u00e4k\u00f6<\/td>\n<td>Kiteinen kiinte\u00e4 aine<\/td>\n<\/tr>\n<\/tbody>\n<\/table>\n<p>N\u00e4m\u00e4 ominaisuudet ovat elint\u00e4rkeit\u00e4 yksityiskohtaisia tutkimuksia tekeville tutkijoille, ja ne korostavat Chemsfinen myyt\u00e4v\u00e4n 3MMC-kemikaalin tasaista laatua. T\u00e4m\u00e4 perustieto tukee kaikkia my\u00f6hempi\u00e4 kokeellisia vaiheita, mik\u00e4 takaa validiteetin ja tarkkuuden.<\/p>\n<h2>Miksi hankkia 3MMC Online Chemsfinen kautta?<\/h2>\n<p>Kun p\u00e4\u00e4t\u00e4t <b>hankkia 3MMC verkossa<\/b>, myyj\u00e4n maine laadun ja luotettavuuden suhteen on ensiarvoisen t\u00e4rke\u00e4\u00e4. Chemsfine erottuu luotettavana toimittajana, joka tarjoaa vain parhaita <b>paras saatavilla oleva 3MMC<\/b> vaativille tutkijoille. Sitoumuksemme alkaa tarkasta hankinnasta ja jatkuu huolellisilla laboratoriotesteill\u00e4, joilla varmistetaan puhtaus ja aitous. Ymm\u00e4rr\u00e4mme, ett\u00e4 tutkimuksesi luotettavuus riippuu t\u00e4ysin materiaalien laadusta. Siksi varmistamme, ett\u00e4 jokainen toimitettu gramma 3MMC-kiteit\u00e4 t\u00e4ytt\u00e4\u00e4 tiukat analyyttiset standardit. Asetamme etusijalle avoimen tuotetiedon, jotta tutkijat voivat tehd\u00e4 tietoon perustuvia p\u00e4\u00e4t\u00f6ksi\u00e4 luottavaisin mielin. Laaja kokemuksemme tutkimuskemikaalien markkinoilta antaa meille mahdollisuuden toimittaa jatkuvasti tuotteita, jotka eiv\u00e4t ainoastaan t\u00e4yt\u00e4 alan vertailuarvoja vaan usein my\u00f6s ylitt\u00e4v\u00e4t ne. Chemsfinen valitseminen tarkoittaa, ett\u00e4 valitset kumppanin, joka on sitoutunut tukemaan tieteellisi\u00e4 pyrkimyksi\u00e4si tinkim\u00e4tt\u00f6m\u00e4ll\u00e4 laadulla ja palvelulla. T\u00e4m\u00e4 omistautuminen huippuosaamiseen tekee meist\u00e4 ensisijaisen valinnan tutkijoille, jotka haluavat hankkia 3MMC:t\u00e4 maailmanlaajuisesti. Lis\u00e4ksi virtaviivainen <b>verkko-ostos<\/b> prosessi takaa mukavuuden.<\/p>\n<h2>3MMC:n sovellukset tutkimuksessa<\/h2>\n<p>3MMC:n monipuolisuus tekee siit\u00e4 korvaamattoman arvokkaan yhdisteen eri tieteenaloilla, erityisesti neurokemiallisessa ja farmakologisessa tutkimuksessa. Sen ainutlaatuiset ominaisuudet mahdollistavat stimuloivien aineiden yksityiskohtaiset tutkimukset. Tutkijat maailmanlaajuisesti pyrkiv\u00e4t <b>ostaa 3MMC<\/b> monenlaisiin kokeellisiin sovelluksiin, joissa keskityt\u00e4\u00e4n sen monimutkaisten vuorovaikutusten ymm\u00e4rt\u00e4miseen biologisissa j\u00e4rjestelmiss\u00e4.<\/p>\n<ul>\n<li>Monoamiinin takaisinoton eston vaikutusmekanismien tutkiminen, mik\u00e4 on kriittist\u00e4 hermoratojen ymm\u00e4rt\u00e4misen kannalta.<\/li>\n<li>Substituoituihin katinoneihin liittyvien uusien yhdisteiden farmakokineettisten ja farmakodynaamisten profiilien tutkiminen.<\/li>\n<li>Neurotoksisuuden ja neuroprotektiivisten strategioiden tutkiminen stimulanteille altistuneissa malleissa.<\/li>\n<li>Analyysimenetelmien kehitt\u00e4minen aineiden tunnistamista ja kvantifiointia varten rikosteknisess\u00e4 ja kliinisess\u00e4 toksikologiassa.<\/li>\n<li>Suoritetaan in vitro-reseptorien sitoutumiskokeita, jotta ymm\u00e4rret\u00e4\u00e4n ligandien vuorovaikutusta eri v\u00e4litt\u00e4j\u00e4aineiden reseptorien kanssa.<\/li>\n<li>Synteettisten katinonien mahdollisten terapeuttisten sovellusten tai sivuvaikutusten tutkiminen tulevaa l\u00e4\u00e4kekehityst\u00e4 varten.<\/li>\n<li>K\u00e4ytet\u00e4\u00e4n ensisijaisena vertailustandardina laadunvalvonta- ja analyysilaboratorioissa tarkkojen vertailujen varmistamiseksi.<\/li>\n<li>Rakennemuutosten vaikutuksen tutkiminen stimulanttien farmakologiseen aktiivisuuteen.<\/li>\n<\/ul>\n<p>N\u00e4m\u00e4 sovellukset korostavat, ett\u00e4 on t\u00e4rke\u00e4\u00e4 hankkia eritt\u00e4in puhdasta polttoainetta. <b>3MMC myyt\u00e4v\u00e4n\u00e4<\/b> hyv\u00e4maineisilta toimittajilta, kuten Chemsfine, mik\u00e4 takaa kokeellisten tulosten p\u00e4tevyyden ja toistettavuuden. Tutkijat, jotka pyrkiv\u00e4t ymm\u00e4rt\u00e4m\u00e4\u00e4n monimutkaisia hermoratoja, pit\u00e4v\u00e4t 3MMC:t\u00e4 korvaamattomana ty\u00f6kaluna arsenaalissaan, joka helpottaa uraauurtavia l\u00f6yt\u00f6j\u00e4. Voit my\u00f6s tutustua <a href='https:\/\/chemsfine.com\/fi\/tuote\/ostaa-gammahydroksibutyraatti-ghb-verkossa\/'>GHB tutkimuskemikaalit<\/a> vaihtoehtoisia tutkimusvaihtoehtoja.<\/p>\n<h2>3MMC-tutkimuksen turvallisuus ja vaatimustenmukaisuus<\/h2>\n<p>Ty\u00f6skentely 3MMC:n kaltaisten tutkimuskemikaalien kanssa edellytt\u00e4\u00e4 turvallisuusprotokollien ja s\u00e4\u00e4ntelyohjeiden tiukkaa noudattamista. On ehdottoman t\u00e4rke\u00e4\u00e4, ett\u00e4 kaikki k\u00e4sittely ja varastointi suoritetaan valvotussa laboratorioymp\u00e4rist\u00f6ss\u00e4, jossa on asianmukaiset henkil\u00f6kohtaiset suojavarusteet (PPE), kuten k\u00e4sineet, silmiensuojaimet ja laboratoriotakki. Tutkijoiden on tunnettava perusteellisesti stimuloivien kemikaalien hankintaa, hallussapitoa ja k\u00e4ytt\u00f6\u00e4 koskevat alueelliset m\u00e4\u00e4r\u00e4ykset. Chemsfine on sitoutunut toimittamaan kaikkien tilausten mukana kattavat k\u00e4ytt\u00f6turvallisuustiedotteet (SDS), joissa esitet\u00e4\u00e4n vaarojen tunnistaminen, turvalliset k\u00e4sittelymenetelm\u00e4t ja h\u00e4t\u00e4toimenpiteet. Lis\u00e4ksi pyydett\u00e4ess\u00e4 on saatavilla analyysitodistukset (CoA), joissa esitet\u00e4\u00e4n yksityiskohtaisesti eritt\u00e4in puhtaiden 3MMC-kiteidemme puhtaus, identiteetti ja er\u00e4kohtaiset testitulokset. N\u00e4iden turvallisuusstandardien noudattaminen ei ainoastaan suojaa henkil\u00f6st\u00f6\u00e4, vaan varmistaa my\u00f6s tieteellisen etiikan ja oikeudellisten puitteiden noudattamisen, mik\u00e4 vahvistaa vastuullista tutkimusty\u00f6t\u00e4. Asianmukaisia j\u00e4tteiden h\u00e4vitt\u00e4mismenettelyj\u00e4 on my\u00f6s noudatettava tiukasti ymp\u00e4rist\u00f6n saastumisen est\u00e4miseksi ja tieteellisten k\u00e4yt\u00e4nt\u00f6jen pitk\u00e4n aikav\u00e4lin kest\u00e4vyyden varmistamiseksi. Varmistamme, ett\u00e4 <b>3MMC saatavilla<\/b> tutkimuksessa noudatetaan kaikkia tarvittavia laatutarkastuksia. Jos haluat lis\u00e4tietoja tutkimuskemikaalien turvallisuudesta, tutustu seuraaviin yleisiin ohjeisiin <a href='https:\/\/chemsfine.com\/fi\/tuote\/ostaa-gammahydroksibutyraatti-ghb-verkossa\/'>gamma-hydroksibutyraatti online ostokset<\/a>, jotka tarjoavat merkityksellisi\u00e4 turvallisuusn\u00e4k\u00f6kohtia.<\/p>\n<h2>Miksi valita Chemsfine tutkimusstimulantteihin?<\/h2>\n<p>Chemsfinen valitseminen tutkimuskemikaalitarpeisiisi tarkoittaa, ett\u00e4 valitset kumppanin, joka on omistautunut menestyksellesi. Kun <b>tilata 3MMC verkossa<\/b> meilt\u00e4, hy\u00f6dyt vankkumattomasta sitoutumisestamme laatuun ja avoimuuteen. Tarjoamme selke\u00e4t, todennettavissa olevat tiedot kaikista tuotteistamme, jotta tied\u00e4t tarkalleen, mit\u00e4 olet ostamassa. Er\u00e4kirjanpitomme on huolellisesti yll\u00e4pidetty ja saatavilla tarkastusta varten, mik\u00e4 takaa jokaisen stimuloivan kemikaalin aitouden ja puhtauden. Ymm\u00e4rr\u00e4mme akateemisen ja yksityisen tutkimuksen taloudelliset n\u00e4k\u00f6kohdat, mink\u00e4 vuoksi tarjoamme kilpailukykyist\u00e4 hinnoittelua laadusta tinkim\u00e4tt\u00e4. Kemikaalien toimittamisen lis\u00e4ksi pyrimme rakentamaan asiakkaidemme kanssa pitk\u00e4aikaisia suhteita, jotka perustuvat luottamukseen ja keskin\u00e4iseen kunnioitukseen. Huomaamattomat toimitustapamme suojaavat yksityisyytt\u00e4si, ja reagoiva asiakaspalvelutiimimme on aina valmis auttamaan kaikissa tiedusteluissa. T\u00e4m\u00e4 kokonaisvaltainen l\u00e4hestymistapa, jossa yhdistyv\u00e4t poikkeuksellinen tuotteiden laatu, yksityiskohtainen dokumentaatio ja asiakaskeskeiset toimintatavat, tekee Chemsfinest\u00e4 tutkijoiden ensisijaisen valinnan maailmanlaajuisesti. Vastaavia tutkimustarpeita varten harkitse <a href='https:\/\/chemsfine.com\/fi\/tuote\/buy-lorazepam-ativan-powder-online\/'>ostaa Lorazepam Ativan jauhe verkossa<\/a> luotettavasta varastostamme.<\/p>\n<h2>P\u00e4\u00e4telm\u00e4 3MMC:n ostamisesta<\/h2>\n<p>Yhteenvetona voidaan todeta, ett\u00e4 tutkijat, jotka pyrkiv\u00e4t <b>Osta 3MMC<\/b> Chemsfine tarjoaa vertaansa vailla olevan yhdistelm\u00e4n ultrapuhtautta, tiukkaa laadunvalvontaa ja omistautunutta asiakastukea. Laboratoriolaatuiset 3MMC-kiteemme on suunniteltu tuottamaan tarkkoja ja toistettavia tuloksia, joiden avulla voit edist\u00e4\u00e4 neurokemiallisia tutkimuksiasi ilman kompromisseja. Luota siihen, ett\u00e4 Chemsfine on luotettava tutkimusstimulanttien l\u00e4hteesi, jossa laatu ja tieteellinen rehellisyys ovat aina korkeimpia prioriteetteja. Tutustu tuotevalikoimaamme ja koe ero, jonka todellinen omistautuminen tieteelliselle huippuosaamiselle tekee laboratoriossasi. Varmista eritt\u00e4in puhdas 3MMC jo t\u00e4n\u00e4\u00e4n ja tee seuraava tieteellinen l\u00f6yt\u00f6si. Lupauksemme on toimittaa vain <b>paras 3MMC<\/b> tukemaan uraauurtavaa ty\u00f6t\u00e4nne.<\/p>","protected":false},"excerpt":{"rendered":"<p><b>Osta 3MMC<\/b> for your neurochemical research. Discover ultra-pure 3MMC crystals, lab-grade quality for precise studies. Elevate your experiments when you buy at Chemsfine, ensuring reliable and top-tier research stimulants.<\/p>","protected":false},"featured_media":6203,"comment_status":"open","ping_status":"closed","template":"","meta":{"_joinchat":[]},"product_brand":[],"product_cat":[951],"product_tag":[],"class_list":{"0":"post-6173","1":"product","2":"type-product","3":"status-publish","4":"has-post-thumbnail","6":"product_cat-stimulants","8":"first","9":"instock","10":"shipping-taxable","11":"purchasable","12":"product-type-variable"},"yoast_head":"<!-- This site is optimized with the Yoast SEO plugin v27.2 - https:\/\/yoast.com\/product\/yoast-seo-wordpress\/ -->\n<title>Buy 3MMC Online | High-Purity Research Chemical For Sale<\/title>\n<meta name=\"description\" content=\"Purchase ultra-pure 3MMC crystals for research. Lab-grade stimulants available online for precise studies. Discreet worldwide shipping. Buy now at Chemsfine!\" \/>\n<meta name=\"robots\" content=\"index, follow, max-snippet:-1, max-image-preview:large, max-video-preview:-1\" \/>\n<link rel=\"canonical\" href=\"https:\/\/chemsfine.com\/fi\/tuote\/buy-3mmc-online\/\" \/>\n<meta property=\"og:locale\" content=\"fi_FI\" \/>\n<meta property=\"og:type\" content=\"article\" \/>\n<meta property=\"og:title\" content=\"Buy 3MMC Online | High-Purity Research Chemical For Sale\" \/>\n<meta property=\"og:description\" content=\"Purchase ultra-pure 3MMC crystals for research. Lab-grade stimulants available online for precise studies. Discreet worldwide shipping. Buy now at Chemsfine!\" \/>\n<meta property=\"og:url\" content=\"https:\/\/chemsfine.com\/fi\/tuote\/buy-3mmc-online\/\" \/>\n<meta property=\"og:site_name\" content=\"Chemsfine\" \/>\n<meta property=\"article:modified_time\" content=\"2026-03-25T13:37:39+00:00\" \/>\n<meta property=\"og:image\" content=\"https:\/\/chemsfine.com\/wp-content\/uploads\/2026\/02\/3mmc-for-sale-ultra-pure-research-stimulant-chemical-research-stimulants-1.jpg\" \/>\n\t<meta property=\"og:image:width\" content=\"600\" \/>\n\t<meta property=\"og:image:height\" content=\"601\" \/>\n\t<meta property=\"og:image:type\" content=\"image\/jpeg\" \/>\n<meta name=\"twitter:card\" content=\"summary_large_image\" \/>\n<meta name=\"twitter:label1\" content=\"Arvioitu lukuaika\" \/>\n\t<meta name=\"twitter:data1\" content=\"6 minuuttia\" \/>\n<script type=\"application\/ld+json\" class=\"yoast-schema-graph\">{\"@context\":\"https:\/\/schema.org\",\"@graph\":[{\"@type\":\"WebPage\",\"@id\":\"https:\/\/chemsfine.com\/product\/buy-3mmc-online\/\",\"url\":\"https:\/\/chemsfine.com\/product\/buy-3mmc-online\/\",\"name\":\"Buy 3MMC Online | High-Purity Research Chemical For Sale\",\"isPartOf\":{\"@id\":\"https:\/\/chemsfine.com\/#website\"},\"primaryImageOfPage\":{\"@id\":\"https:\/\/chemsfine.com\/product\/buy-3mmc-online\/#primaryimage\"},\"image\":{\"@id\":\"https:\/\/chemsfine.com\/product\/buy-3mmc-online\/#primaryimage\"},\"thumbnailUrl\":\"https:\/\/chemsfine.com\/wp-content\/uploads\/2026\/02\/3mmc-for-sale-ultra-pure-research-stimulant-chemical-research-stimulants-1.jpg\",\"datePublished\":\"2026-02-12T09:59:29+00:00\",\"dateModified\":\"2026-03-25T13:37:39+00:00\",\"description\":\"Purchase ultra-pure 3MMC crystals for research. Lab-grade stimulants available online for precise studies. Discreet worldwide shipping. Buy now at Chemsfine!\",\"breadcrumb\":{\"@id\":\"https:\/\/chemsfine.com\/product\/buy-3mmc-online\/#breadcrumb\"},\"inLanguage\":\"fi\",\"potentialAction\":[{\"@type\":\"ReadAction\",\"target\":[\"https:\/\/chemsfine.com\/product\/buy-3mmc-online\/\"]}]},{\"@type\":\"ImageObject\",\"inLanguage\":\"fi\",\"@id\":\"https:\/\/chemsfine.com\/product\/buy-3mmc-online\/#primaryimage\",\"url\":\"https:\/\/chemsfine.com\/wp-content\/uploads\/2026\/02\/3mmc-for-sale-ultra-pure-research-stimulant-chemical-research-stimulants-1.jpg\",\"contentUrl\":\"https:\/\/chemsfine.com\/wp-content\/uploads\/2026\/02\/3mmc-for-sale-ultra-pure-research-stimulant-chemical-research-stimulants-1.jpg\",\"width\":600,\"height\":601},{\"@type\":\"BreadcrumbList\",\"@id\":\"https:\/\/chemsfine.com\/product\/buy-3mmc-online\/#breadcrumb\",\"itemListElement\":[{\"@type\":\"ListItem\",\"position\":1,\"name\":\"Home\",\"item\":\"https:\/\/chemsfine.com\/\"},{\"@type\":\"ListItem\",\"position\":2,\"name\":\"Shop\",\"item\":\"https:\/\/chemsfine.com\/shop\/\"},{\"@type\":\"ListItem\",\"position\":3,\"name\":\"Buy 3MMC For Sale | Ultra-Pure Research Chemical | Chemsfine\"}]},{\"@type\":\"WebSite\",\"@id\":\"https:\/\/chemsfine.com\/#website\",\"url\":\"https:\/\/chemsfine.com\/\",\"name\":\"Chemsfine\",\"description\":\"My WordPress Blog\",\"publisher\":{\"@id\":\"https:\/\/chemsfine.com\/#organization\"},\"potentialAction\":[{\"@type\":\"SearchAction\",\"target\":{\"@type\":\"EntryPoint\",\"urlTemplate\":\"https:\/\/chemsfine.com\/?s={search_term_string}\"},\"query-input\":{\"@type\":\"PropertyValueSpecification\",\"valueRequired\":true,\"valueName\":\"search_term_string\"}}],\"inLanguage\":\"fi\"},{\"@type\":\"Organization\",\"@id\":\"https:\/\/chemsfine.com\/#organization\",\"name\":\"Chemsfine\",\"url\":\"https:\/\/chemsfine.com\/\",\"logo\":{\"@type\":\"ImageObject\",\"inLanguage\":\"fi\",\"@id\":\"https:\/\/chemsfine.com\/#\/schema\/logo\/image\/\",\"url\":\"https:\/\/chemsfine.com\/wp-content\/uploads\/2024\/09\/final-logo.png\",\"contentUrl\":\"https:\/\/chemsfine.com\/wp-content\/uploads\/2024\/09\/final-logo.png\",\"width\":340,\"height\":72,\"caption\":\"Chemsfine\"},\"image\":{\"@id\":\"https:\/\/chemsfine.com\/#\/schema\/logo\/image\/\"}}]}<\/script>\n<!-- \/ Yoast SEO plugin. -->","yoast_head_json":{"title":"Osta 3MMC Online | Eritt\u00e4in puhdas tutkimus kemikaali myyt\u00e4v\u00e4n\u00e4","description":"Ostetaan eritt\u00e4in puhtaita 3MMC-kiteit\u00e4 tutkimusta varten. Laboratoriolaatuiset stimulantit saatavilla verkossa tarkkoihin tutkimuksiin. Hienovarainen maailmanlaajuinen toimitus. Osta nyt Chemsfinen kautta!","robots":{"index":"index","follow":"follow","max-snippet":"max-snippet:-1","max-image-preview":"max-image-preview:large","max-video-preview":"max-video-preview:-1"},"canonical":"https:\/\/chemsfine.com\/fi\/tuote\/buy-3mmc-online\/","og_locale":"fi_FI","og_type":"article","og_title":"Buy 3MMC Online | High-Purity Research Chemical For Sale","og_description":"Purchase ultra-pure 3MMC crystals for research. Lab-grade stimulants available online for precise studies. Discreet worldwide shipping. Buy now at Chemsfine!","og_url":"https:\/\/chemsfine.com\/fi\/tuote\/buy-3mmc-online\/","og_site_name":"Chemsfine","article_modified_time":"2026-03-25T13:37:39+00:00","og_image":[{"width":600,"height":601,"url":"https:\/\/chemsfine.com\/wp-content\/uploads\/2026\/02\/3mmc-for-sale-ultra-pure-research-stimulant-chemical-research-stimulants-1.jpg","type":"image\/jpeg"}],"twitter_card":"summary_large_image","twitter_misc":{"Arvioitu lukuaika":"6 minuuttia"},"schema":{"@context":"https:\/\/schema.org","@graph":[{"@type":"WebPage","@id":"https:\/\/chemsfine.com\/product\/buy-3mmc-online\/","url":"https:\/\/chemsfine.com\/product\/buy-3mmc-online\/","name":"Osta 3MMC Online | Eritt\u00e4in puhdas tutkimus kemikaali myyt\u00e4v\u00e4n\u00e4","isPartOf":{"@id":"https:\/\/chemsfine.com\/#website"},"primaryImageOfPage":{"@id":"https:\/\/chemsfine.com\/product\/buy-3mmc-online\/#primaryimage"},"image":{"@id":"https:\/\/chemsfine.com\/product\/buy-3mmc-online\/#primaryimage"},"thumbnailUrl":"https:\/\/chemsfine.com\/wp-content\/uploads\/2026\/02\/3mmc-for-sale-ultra-pure-research-stimulant-chemical-research-stimulants-1.jpg","datePublished":"2026-02-12T09:59:29+00:00","dateModified":"2026-03-25T13:37:39+00:00","description":"Ostetaan eritt\u00e4in puhtaita 3MMC-kiteit\u00e4 tutkimusta varten. Laboratoriolaatuiset stimulantit saatavilla verkossa tarkkoihin tutkimuksiin. Hienovarainen maailmanlaajuinen toimitus. Osta nyt Chemsfinen kautta!","breadcrumb":{"@id":"https:\/\/chemsfine.com\/product\/buy-3mmc-online\/#breadcrumb"},"inLanguage":"fi","potentialAction":[{"@type":"ReadAction","target":["https:\/\/chemsfine.com\/product\/buy-3mmc-online\/"]}]},{"@type":"ImageObject","inLanguage":"fi","@id":"https:\/\/chemsfine.com\/product\/buy-3mmc-online\/#primaryimage","url":"https:\/\/chemsfine.com\/wp-content\/uploads\/2026\/02\/3mmc-for-sale-ultra-pure-research-stimulant-chemical-research-stimulants-1.jpg","contentUrl":"https:\/\/chemsfine.com\/wp-content\/uploads\/2026\/02\/3mmc-for-sale-ultra-pure-research-stimulant-chemical-research-stimulants-1.jpg","width":600,"height":601},{"@type":"BreadcrumbList","@id":"https:\/\/chemsfine.com\/product\/buy-3mmc-online\/#breadcrumb","itemListElement":[{"@type":"ListItem","position":1,"name":"Home","item":"https:\/\/chemsfine.com\/"},{"@type":"ListItem","position":2,"name":"Shop","item":"https:\/\/chemsfine.com\/shop\/"},{"@type":"ListItem","position":3,"name":"Buy 3MMC For Sale | Ultra-Pure Research Chemical | Chemsfine"}]},{"@type":"WebSite","@id":"https:\/\/chemsfine.com\/#website","url":"https:\/\/chemsfine.com\/","name":"Chemsfine","description":"Minun WordPress blogi","publisher":{"@id":"https:\/\/chemsfine.com\/#organization"},"potentialAction":[{"@type":"SearchAction","target":{"@type":"EntryPoint","urlTemplate":"https:\/\/chemsfine.com\/?s={search_term_string}"},"query-input":{"@type":"PropertyValueSpecification","valueRequired":true,"valueName":"search_term_string"}}],"inLanguage":"fi"},{"@type":"Organization","@id":"https:\/\/chemsfine.com\/#organization","name":"Chemsfine","url":"https:\/\/chemsfine.com\/","logo":{"@type":"ImageObject","inLanguage":"fi","@id":"https:\/\/chemsfine.com\/#\/schema\/logo\/image\/","url":"https:\/\/chemsfine.com\/wp-content\/uploads\/2024\/09\/final-logo.png","contentUrl":"https:\/\/chemsfine.com\/wp-content\/uploads\/2024\/09\/final-logo.png","width":340,"height":72,"caption":"Chemsfine"},"image":{"@id":"https:\/\/chemsfine.com\/#\/schema\/logo\/image\/"}}]}},"_links":{"self":[{"href":"https:\/\/chemsfine.com\/fi\/wp-json\/wp\/v2\/product\/6173","targetHints":{"allow":["GET"]}}],"collection":[{"href":"https:\/\/chemsfine.com\/fi\/wp-json\/wp\/v2\/product"}],"about":[{"href":"https:\/\/chemsfine.com\/fi\/wp-json\/wp\/v2\/types\/product"}],"replies":[{"embeddable":true,"href":"https:\/\/chemsfine.com\/fi\/wp-json\/wp\/v2\/comments?post=6173"}],"wp:featuredmedia":[{"embeddable":true,"href":"https:\/\/chemsfine.com\/fi\/wp-json\/wp\/v2\/media\/6203"}],"wp:attachment":[{"href":"https:\/\/chemsfine.com\/fi\/wp-json\/wp\/v2\/media?parent=6173"}],"wp:term":[{"taxonomy":"product_brand","embeddable":true,"href":"https:\/\/chemsfine.com\/fi\/wp-json\/wp\/v2\/product_brand?post=6173"},{"taxonomy":"product_cat","embeddable":true,"href":"https:\/\/chemsfine.com\/fi\/wp-json\/wp\/v2\/product_cat?post=6173"},{"taxonomy":"product_tag","embeddable":true,"href":"https:\/\/chemsfine.com\/fi\/wp-json\/wp\/v2\/product_tag?post=6173"}],"curies":[{"name":"wp","href":"https:\/\/api.w.org\/{rel}","templated":true}]}}