{"id":6175,"date":"2026-02-12T09:59:29","date_gmt":"2026-02-12T09:59:29","guid":{"rendered":"https:\/\/chemsfine.com\/?post_type=product&#038;p=6175"},"modified":"2026-03-25T13:36:13","modified_gmt":"2026-03-25T13:36:13","slug":"buy-cmc-powder-2","status":"publish","type":"product","link":"https:\/\/chemsfine.com\/fi\/product\/buy-cmc-powder-2\/","title":{"rendered":"Osta puhdasta 3-CMC-jauhetta verkossa kehittyneeseen tutkimukseen"},"content":{"rendered":"<p>Hanki palkkio 3-CMC-jauhe Research Stimulantsissa. Laboratoriossa testattu puhtaus, tasainen laatu ja luotettava toimitus kehittyneisiin tutkimussovelluksiin. Kun etsit <b>ostaa 3-CMC-jauhetta myyt\u00e4v\u00e4ksi<\/b>, On ensiarvoisen t\u00e4rke\u00e4\u00e4, ett\u00e4 tutkimustulosten onnistumisen kannalta varmistetaan tuote, joka takaa sek\u00e4 korkean puhtauden ett\u00e4 eettisen hankinnan. Chemsfine ymm\u00e4rt\u00e4\u00e4 tutkijoiden kriittiset tarpeet ja tarjoaa korkealaatuista 3-CMC-jauhetta. Sitoumuksemme ulottuu perusteellisesti laboratoriossa testatun puhtauden tarjoamiseen, mik\u00e4 takaa tasaisen laadun jokaisessa er\u00e4ss\u00e4. Helpotamme luotettavaa ja huomaamatonta toimitusta edistyksellisi\u00e4 tutkimussovelluksia varten, mik\u00e4 tekee hankintaprosessistasi saumattoman ja luotettavan. Niille, jotka ovat omistautuneet tarkalle tieteelliselle tutkimukselle, valitsemalla <b>ostaa 3-CMC-jauhetta verkossa<\/b> Chemsfinen kaltaiselta hyv\u00e4maineiselta toimittajalta tarkoittaa panostusta tarkkuuteen ja luotettavuuteen. Varmistamme, ett\u00e4 jokainen gramma <b>tutkimusluokan 3-CMC-jauhe myyt\u00e4v\u00e4n\u00e4<\/b> t\u00e4ytt\u00e4\u00e4 tiukat laatuvaatimukset ja tukee analyyttisi\u00e4 pyrkimyksi\u00e4si luotettavasti.<\/p>\n<h2>Mik\u00e4 on 3-CMC-jauhe?<\/h2>\n<p>3-CMC, joka tunnetaan kemiallisesti nimell\u00e4 3-kloorimetkatinoni, on tutkimuskemikaali, joka kuuluu substituoitujen katinonien luokkaan. Sille on ominaista sen molekyylikaava <code>C<sub>10<\/sub>H<sub>12<\/sub>ClNO<\/code> ja sen moolimassa on noin 197,66 g\/mol. T\u00e4t\u00e4 yhdistett\u00e4 tutkitaan laajasti eri tieteenaloilla sen ainutlaatuisten ominaisuuksien ja mahdollisten vuorovaikutusten vuoksi valvotuissa laboratorio-olosuhteissa. Koska se on eritt\u00e4in puhdas aine, se toimii arvokkaana v\u00e4lineen\u00e4 monimutkaisten biokemiallisten reittien ja rakenne-aktiivisuussuhteiden ymm\u00e4rt\u00e4misess\u00e4. Tutkijat kaikkialla maailmassa luottavat t\u00e4llaisten yhdisteiden tasaiseen laatuun, jotta saadaan toistettavia ja tarkkoja tuloksia. Sitoumuksemme on tarjota vain <b>huippulaatuinen 3-CMC-jauhe<\/b>, varmistaen, ett\u00e4 kokeet tehd\u00e4\u00e4n korkeatasoisimmilla saatavilla olevilla materiaaleilla.<\/p>\n<h3>T\u00e4rkeimm\u00e4t tuotetiedot<\/h3>\n<table>\n<thead>\n<tr>\n<th>Kiinteist\u00f6<\/th>\n<th>Kuvaus<\/th>\n<\/tr>\n<\/thead>\n<tbody>\n<tr>\n<td>Tuotteen nimi<\/td>\n<td>3-CMC jauhe<\/td>\n<\/tr>\n<tr>\n<td>Kemiallinen nimi<\/td>\n<td>3-kloorimetokatinoni<\/td>\n<\/tr>\n<tr>\n<td>Molekyylikaava<\/td>\n<td>C<sub>10<\/sub>H<sub>12<\/sub>ClNO<\/td>\n<\/tr>\n<tr>\n<td>Molarmassa<\/td>\n<td>197,66 g\/mol<\/td>\n<\/tr>\n<tr>\n<td>Puhtaus<\/td>\n<td>Laboratoriossa testattu korkea puhtaus<\/td>\n<\/tr>\n<tr>\n<td>Luokka<\/td>\n<td>Tutkimusaste<\/td>\n<\/tr>\n<\/tbody>\n<\/table>\n<p>3-CMC:n tarkan kemiallisen identiteetin ymm\u00e4rt\u00e4minen on ratkaisevan t\u00e4rke\u00e4\u00e4, jotta sit\u00e4 voidaan k\u00e4sitell\u00e4 turvallisesti ja tehokkaasti tutkimusymp\u00e4rist\u00f6ss\u00e4 ja ohjata huolellista koesuunnittelua ja tietojen tulkintaa. Kun <b>ostaa 3-CMC-jauhetta<\/b>, hankit aineen, jolla on tarkoin m\u00e4\u00e4ritelty kemiallinen profiili, joka on v\u00e4ltt\u00e4m\u00e4t\u00f6n tiukkoja tieteellisi\u00e4 tutkimuksia varten. N\u00e4in varmistetaan, ett\u00e4 jokainen 3-CMC-jauhe-er\u00e4 on johdonmukainen ja luotettava.<\/p>\n<h2>Miksi ostaa 3-CMC-jauhetta verkossa Chemsfinen kautta?<\/h2>\n<p>Valitsemalla, miss\u00e4 <b>ostaa 3-CMC-jauhetta verkossa<\/b> on p\u00e4\u00e4t\u00f6s, joka vaikuttaa tutkimuksesi eheyteen. Chemsfine asettaa avoimuuden, laadunvarmistuksen ja asiakastyytyv\u00e4isyyden etusijalle. Olemme ylpeit\u00e4 siit\u00e4, ett\u00e4 tarjoamme <b>paras saatavilla oleva 3-CMC-jauhe<\/b>, jonka riippumattomat kolmannen osapuolen laboratoriot ovat testanneet huolellisesti sen puhtauden ja aitouden varmistamiseksi. Tiukat laadunvalvontaprotokollamme on suunniteltu poistamaan ep\u00e4puhtaudet ja varmistamaan, ett\u00e4 saat tuotteen, joka soveltuu t\u00e4ydellisesti vaativiin tieteellisiin sovelluksiin. Siksi, kun valitset <b>tilata 3-CMC jauhe verkossa<\/b> Chemsfinen kanssa valitset kumppanin, joka on sitoutunut huippuosaamiseen. Lis\u00e4ksi turvallinen ostoalustamme takaa turvallisen liiketoimen ja tarjoaa mielenrauhaa valinnasta toimitukseen. Ymm\u00e4rr\u00e4mme, miten t\u00e4rke\u00e4\u00e4 on hienotunteisuus ja luotettava palvelu tutkimuskemikaalisektorilla. Muiden eritt\u00e4in puhtaiden yhdisteiden osalta voit my\u00f6s harkita seuraavia vaihtoehtoja <a href=\"https:\/\/chemsfine.com\/fi\/tuote\/ostaa-korkea-puhtaus-pihp-verkossa-tutkimus-stimulantteja-myytavana\/\">eritt\u00e4in puhdas a-PiHP verkossa<\/a> tai tutustu <a href=\"https:\/\/chemsfine.com\/fi\/tuote\/ostaa-lsd-verkossa\/\">LSD:n tutkimuskemikaalit<\/a>. Asiantunteva tukitiimimme on aina valmis auttamaan kaikissa kysymyksiss\u00e4 ja varmistamaan sujuvan ja ammattimaisen kokemuksen. Varmistamme, ett\u00e4 jokainen liiketoimi <b>aito 3-CMC-jauhe<\/b> k\u00e4sitell\u00e4\u00e4n \u00e4\u00e4rimm\u00e4isen huolellisesti ja ammattitaitoisesti, mik\u00e4 vahvistaa mainettamme luotettavana toimittajana.<\/p>\n<h2>3-CMC-jauheen sovellukset<\/h2>\n<p>3-CMC-jauhetta k\u00e4ytet\u00e4\u00e4n monissa kehittyneiss\u00e4 tutkimussovelluksissa, p\u00e4\u00e4asiassa valvotuissa laboratorioymp\u00e4rist\u00f6iss\u00e4. Sen ainutlaatuinen kemiallinen rakenne tekee siit\u00e4 kiehtovan kohteen erilaisille tieteellisille tutkimuksille. Ensisijaisia sovelluksia ovat mm:<\/p>\n<ul>\n<li>Farmakologiset tutkimukset, joissa keskityt\u00e4\u00e4n reseptorien vuorovaikutuksiin ja fysiologisiin vasteisiin.<\/li>\n<li>Toksikologiset arvioinnit turvallisuusprofiilien ja aineenvaihduntatapojen m\u00e4\u00e4ritt\u00e4miseksi.<\/li>\n<li>Analyyttisen kemian tutkimus uusien havaitsemismenetelmien ja standardien kehitt\u00e4miseksi.<\/li>\n<li>Neurokemialliset tutkimukset, joissa tutkitaan sen vaikutuksia v\u00e4litt\u00e4j\u00e4ainej\u00e4rjestelmiin.<\/li>\n<li>Materiaalitiede tutkii sen fysikaalisia ja kemiallisia ominaisuuksia.<\/li>\n<li>Uusien synteettisten reittien kehitt\u00e4minen ja nykyisten menetelmien optimointi.<\/li>\n<li>Koulutuksellinen ja akateeminen tutkimus kemiallisten periaatteiden opettamiseksi ja havainnollistamiseksi.<\/li>\n<li>Rikostekniset sovellukset uusien yhdisteiden tunnistamiseen ja karakterisointiin.<\/li>\n<\/ul>\n<p>N\u00e4m\u00e4 erilaiset sovellukset korostavat <b>eritt\u00e4in puhdas 3-CMC-jauhe myyt\u00e4v\u00e4n\u00e4<\/b> monipuolisena tutkimusv\u00e4lineen\u00e4. Tutkijat etsiv\u00e4t jatkuvasti t\u00e4t\u00e4 3-CMC-jauheen muotoa varmistaakseen kokeellisten tietojensa p\u00e4tevyyden ja luotettavuuden n\u00e4ill\u00e4 kriittisill\u00e4 aloilla. T\u00e4m\u00e4n yhdisteen laaja k\u00e4ytt\u00f6ala korostaa jatkuvaa tarvetta saada johdonmukaisia ja luotettavia toimituksia Chemsfinen kaltaisista luotettavista l\u00e4hteist\u00e4.<\/p>\n<h2>3-CMC-jauheen turvallisuus ja vaatimustenmukaisuus<\/h2>\n<p>3-CMC-jauheen k\u00e4sittely edellytt\u00e4\u00e4 turvallisuusprotokollien ja viranomaisohjeiden tiukkaa noudattamista. Tutkijoiden on k\u00e4ytett\u00e4v\u00e4 asianmukaisia henkil\u00f6kohtaisia suojavarusteita (PPE), kuten laboratoriotakkeja, suojalaseja ja k\u00e4sineit\u00e4, altistumisen minimoimiseksi. Kaikki kokeet, joissa k\u00e4ytet\u00e4\u00e4n 3-CMC-jauhetta, on suoritettava valvotussa ymp\u00e4rist\u00f6ss\u00e4, kuten hyvin ilmastoidussa huurrehuoneessa, hengitt\u00e4misen est\u00e4miseksi ja laboratorioilman laadun yll\u00e4pit\u00e4miseksi. On ehdottoman t\u00e4rke\u00e4\u00e4 tutustua kaikkiin sovellettaviin s\u00e4\u00e4nn\u00f6ksiin, jotka koskevat tutkimuskemikaalien k\u00e4sittely\u00e4, varastointia ja h\u00e4vitt\u00e4mist\u00e4, ja noudattaa niit\u00e4. Chemsfine toimittaa jokaisen ostoksen mukana kattavat k\u00e4ytt\u00f6turvallisuustiedotteet (SDS), joissa annetaan yksityiskohtaisesti t\u00e4rkeit\u00e4 tietoja kemikaalien ominaisuuksista, vaaroista ja turvallisista k\u00e4sittelymenetelmist\u00e4. Lis\u00e4ksi analyysitodistukset (CoA) ovat helposti saatavilla, ja ne vahvistavat kemikaaliemme puhtauden ja identiteetin. <b>laboratoriolaatuinen 3-CMC-jauhe myyt\u00e4v\u00e4n\u00e4<\/b>. T\u00e4m\u00e4 sitoutuminen turvallisuuteen ja vaatimustenmukaisuuteen varmistaa, ett\u00e4 tutkijat voivat tehd\u00e4 tutkimuksensa vastuullisesti ja eettisesti minimoiden riskit ja maksimoiden samalla kokeiden eheyden. Korostamme, ett\u00e4 3-CMC-jauhe on tarkoitettu yksinomaan tutkimustarkoituksiin eik\u00e4 ihmisravinnoksi.<\/p>\n<h2>Miksi valita Chemsfine 3-CMC-tarpeisiin?<\/h2>\n<p>Kun p\u00e4\u00e4t\u00e4t <b>tilata 3-CMC jauhe verkossa<\/b>, Chemsfinen valitseminen tarjoaa vertaansa vailla olevan yhdistelm\u00e4n laatua, luotettavuutta ja omistautunutta tukea. Erotumme muista tarjoamalla l\u00e4pin\u00e4kyvi\u00e4 tietoja kaikista tuotteistamme ja varmistamme, ett\u00e4 olet t\u00e4ysin perill\u00e4 asioista ennen ostoksen tekemist\u00e4. Jokaisen 3-CMC-jauhe-er\u00e4n mukana tulee todennettu er\u00e4kirjanpito, joka tarjoaa todennettavissa olevan j\u00e4ljen sen tuotannosta ja testauksesta. T\u00e4m\u00e4 sitoutuminen todennettavissa olevaan laatuun tarkoittaa, ett\u00e4 voit luottaa siihen, ett\u00e4 <b>ostaa 3-CMC-jauhetta verkossa<\/b> l\u00e4hteest\u00e4, joka asettaa tutkimuksesi onnistumisen etusijalle. Tiukan laadunvalvontamme lis\u00e4ksi tarjoamme kilpailukykyisen hinnoittelun, jonka ansiosta ensiluokkaiset tutkimuskemikaalit ovat saatavilla puhtaudesta tinkim\u00e4tt\u00e4. Maineemme luotettavana toimittajana perustuu poikkeuksellisen hyv\u00e4n palvelun ja korkealaatuisten tuotteiden jatkuvaan toimittamiseen. Kannustamme tutkijoita kokeilemaan, miten erilaista on hankkia seuraavia tuotteita. <b>eritt\u00e4in puhdas 3-CMC-jauhe myyt\u00e4v\u00e4n\u00e4<\/b> toimittajalta, joka todella panostaa tieteelliseen kehitykseen. Valitse Chemsfine, jos haluat turvallisen ostoksen ja kumppanuuden, joka edist\u00e4\u00e4 tutkimustasi.<\/p>\n<h2>P\u00e4\u00e4telm\u00e4<\/h2>\n<p>Yhteenvetona voidaan todeta, ett\u00e4 tutkijat, jotka pyrkiv\u00e4t <b>ostaa 3-CMC-jauhetta myyt\u00e4v\u00e4ksi<\/b>, Chemsfine tarjoaa vertaansa vailla olevan yhdistelm\u00e4n tuotteen puhtautta, laadunvarmistusta ja omistautunutta asiakaspalvelua. Sitoumuksemme tarjota laboratoriotestattuja, korkealaatuisia tutkimuskemikaaleja takaa, ett\u00e4 tieteelliset pyrkimyksesi saavat tukea luotettavista ja johdonmukaisista materiaaleista. Kun p\u00e4\u00e4t\u00e4t <b>osta nyt verkossa<\/b>, luota siihen, ett\u00e4 Chemsfine toimittaa poikkeuksellisen hyv\u00e4\u00e4 laatua suoraan laboratorioosi. Olemme luotettava kumppanisi edistyksellisess\u00e4 kemiallisessa tutkimuksessa ja tarjoamme turvallisen ostokokemuksen kaikkiin stimuloivien aineiden tutkimustarpeisiisi. Tutustu laajaan luetteloon ja lis\u00e4\u00e4 tutkimuspotentiaaliasi jo t\u00e4n\u00e4\u00e4n. Olemme varmoja, ett\u00e4 l\u00f6yd\u00e4t <b>tutkimusluokan 3-CMC-jauhe myyt\u00e4v\u00e4n\u00e4<\/b> on korkeinta tasoa.<\/p>","protected":false},"excerpt":{"rendered":"<p>Hanki <b>3-CMC jauhe<\/b> for advanced research at Chemsfine. Lab-tested purity and consistent quality for scientific applications. Buy now.<\/p>","protected":false},"featured_media":6205,"comment_status":"open","ping_status":"closed","template":"","meta":{"_joinchat":[]},"product_brand":[],"product_cat":[951],"product_tag":[],"class_list":{"0":"post-6175","1":"product","2":"type-product","3":"status-publish","4":"has-post-thumbnail","6":"product_cat-stimulants","8":"first","9":"instock","10":"shipping-taxable","11":"purchasable","12":"product-type-variable"},"yoast_head":"<!-- This site is optimized with the Yoast SEO plugin v27.2 - https:\/\/yoast.com\/product\/yoast-seo-wordpress\/ -->\n<title>Buy 3-CMC Powder Online - Best Prices &amp; High Purity<\/title>\n<meta name=\"description\" content=\"Discover premium 3-CMC Powder for research. Securely buy online at Chemsfine for lab-tested purity and reliable delivery. Order now!\" \/>\n<meta name=\"robots\" content=\"index, follow, max-snippet:-1, max-image-preview:large, max-video-preview:-1\" \/>\n<link rel=\"canonical\" href=\"https:\/\/chemsfine.com\/fi\/tuote\/buy-cmc-powder-2\/\" \/>\n<meta property=\"og:locale\" content=\"fi_FI\" \/>\n<meta property=\"og:type\" content=\"article\" \/>\n<meta property=\"og:title\" content=\"Buy 3-CMC Powder Online - Best Prices &amp; High Purity\" \/>\n<meta property=\"og:description\" content=\"Discover premium 3-CMC Powder for research. Securely buy online at Chemsfine for lab-tested purity and reliable delivery. Order now!\" \/>\n<meta property=\"og:url\" content=\"https:\/\/chemsfine.com\/fi\/tuote\/buy-cmc-powder-2\/\" \/>\n<meta property=\"og:site_name\" content=\"Chemsfine\" \/>\n<meta property=\"article:modified_time\" content=\"2026-03-25T13:36:13+00:00\" \/>\n<meta property=\"og:image\" content=\"https:\/\/chemsfine.com\/wp-content\/uploads\/2026\/02\/buy-pure-3-cmc-powder-online-research-stimulants-1.jpeg\" \/>\n\t<meta property=\"og:image:width\" content=\"600\" \/>\n\t<meta property=\"og:image:height\" content=\"557\" \/>\n\t<meta property=\"og:image:type\" content=\"image\/jpeg\" \/>\n<meta name=\"twitter:card\" content=\"summary_large_image\" \/>\n<meta name=\"twitter:label1\" content=\"Arvioitu lukuaika\" \/>\n\t<meta name=\"twitter:data1\" content=\"6 minuuttia\" \/>\n<script type=\"application\/ld+json\" class=\"yoast-schema-graph\">{\"@context\":\"https:\/\/schema.org\",\"@graph\":[{\"@type\":\"WebPage\",\"@id\":\"https:\/\/chemsfine.com\/product\/buy-cmc-powder-2\/\",\"url\":\"https:\/\/chemsfine.com\/product\/buy-cmc-powder-2\/\",\"name\":\"Buy 3-CMC Powder Online - Best Prices &amp; High Purity\",\"isPartOf\":{\"@id\":\"https:\/\/chemsfine.com\/#website\"},\"primaryImageOfPage\":{\"@id\":\"https:\/\/chemsfine.com\/product\/buy-cmc-powder-2\/#primaryimage\"},\"image\":{\"@id\":\"https:\/\/chemsfine.com\/product\/buy-cmc-powder-2\/#primaryimage\"},\"thumbnailUrl\":\"https:\/\/chemsfine.com\/wp-content\/uploads\/2026\/02\/buy-pure-3-cmc-powder-online-research-stimulants-1.jpeg\",\"datePublished\":\"2026-02-12T09:59:29+00:00\",\"dateModified\":\"2026-03-25T13:36:13+00:00\",\"description\":\"Discover premium 3-CMC Powder for research. Securely buy online at Chemsfine for lab-tested purity and reliable delivery. Order now!\",\"breadcrumb\":{\"@id\":\"https:\/\/chemsfine.com\/product\/buy-cmc-powder-2\/#breadcrumb\"},\"inLanguage\":\"fi\",\"potentialAction\":[{\"@type\":\"ReadAction\",\"target\":[\"https:\/\/chemsfine.com\/product\/buy-cmc-powder-2\/\"]}]},{\"@type\":\"ImageObject\",\"inLanguage\":\"fi\",\"@id\":\"https:\/\/chemsfine.com\/product\/buy-cmc-powder-2\/#primaryimage\",\"url\":\"https:\/\/chemsfine.com\/wp-content\/uploads\/2026\/02\/buy-pure-3-cmc-powder-online-research-stimulants-1.jpeg\",\"contentUrl\":\"https:\/\/chemsfine.com\/wp-content\/uploads\/2026\/02\/buy-pure-3-cmc-powder-online-research-stimulants-1.jpeg\",\"width\":600,\"height\":557},{\"@type\":\"BreadcrumbList\",\"@id\":\"https:\/\/chemsfine.com\/product\/buy-cmc-powder-2\/#breadcrumb\",\"itemListElement\":[{\"@type\":\"ListItem\",\"position\":1,\"name\":\"Home\",\"item\":\"https:\/\/chemsfine.com\/\"},{\"@type\":\"ListItem\",\"position\":2,\"name\":\"Shop\",\"item\":\"https:\/\/chemsfine.com\/shop\/\"},{\"@type\":\"ListItem\",\"position\":3,\"name\":\"Buy Pure 3-CMC Powder Online for Advanced Research\"}]},{\"@type\":\"WebSite\",\"@id\":\"https:\/\/chemsfine.com\/#website\",\"url\":\"https:\/\/chemsfine.com\/\",\"name\":\"Chemsfine\",\"description\":\"My WordPress Blog\",\"publisher\":{\"@id\":\"https:\/\/chemsfine.com\/#organization\"},\"potentialAction\":[{\"@type\":\"SearchAction\",\"target\":{\"@type\":\"EntryPoint\",\"urlTemplate\":\"https:\/\/chemsfine.com\/?s={search_term_string}\"},\"query-input\":{\"@type\":\"PropertyValueSpecification\",\"valueRequired\":true,\"valueName\":\"search_term_string\"}}],\"inLanguage\":\"fi\"},{\"@type\":\"Organization\",\"@id\":\"https:\/\/chemsfine.com\/#organization\",\"name\":\"Chemsfine\",\"url\":\"https:\/\/chemsfine.com\/\",\"logo\":{\"@type\":\"ImageObject\",\"inLanguage\":\"fi\",\"@id\":\"https:\/\/chemsfine.com\/#\/schema\/logo\/image\/\",\"url\":\"https:\/\/chemsfine.com\/wp-content\/uploads\/2024\/09\/final-logo.png\",\"contentUrl\":\"https:\/\/chemsfine.com\/wp-content\/uploads\/2024\/09\/final-logo.png\",\"width\":340,\"height\":72,\"caption\":\"Chemsfine\"},\"image\":{\"@id\":\"https:\/\/chemsfine.com\/#\/schema\/logo\/image\/\"}}]}<\/script>\n<!-- \/ Yoast SEO plugin. -->","yoast_head_json":{"title":"Osta 3-CMC-jauhe verkossa - parhaat hinnat ja korkea puhtausaste","description":"Tutustu korkealaatuiseen 3-CMC-jauheeseen tutkimusta varten. Osta turvallisesti verkossa Chemsfinen laboratoriossa testattua puhtautta ja luotettavaa toimitusta varten. Tilaa nyt!","robots":{"index":"index","follow":"follow","max-snippet":"max-snippet:-1","max-image-preview":"max-image-preview:large","max-video-preview":"max-video-preview:-1"},"canonical":"https:\/\/chemsfine.com\/fi\/tuote\/buy-cmc-powder-2\/","og_locale":"fi_FI","og_type":"article","og_title":"Buy 3-CMC Powder Online - Best Prices &amp; High Purity","og_description":"Discover premium 3-CMC Powder for research. Securely buy online at Chemsfine for lab-tested purity and reliable delivery. Order now!","og_url":"https:\/\/chemsfine.com\/fi\/tuote\/buy-cmc-powder-2\/","og_site_name":"Chemsfine","article_modified_time":"2026-03-25T13:36:13+00:00","og_image":[{"width":600,"height":557,"url":"https:\/\/chemsfine.com\/wp-content\/uploads\/2026\/02\/buy-pure-3-cmc-powder-online-research-stimulants-1.jpeg","type":"image\/jpeg"}],"twitter_card":"summary_large_image","twitter_misc":{"Arvioitu lukuaika":"6 minuuttia"},"schema":{"@context":"https:\/\/schema.org","@graph":[{"@type":"WebPage","@id":"https:\/\/chemsfine.com\/product\/buy-cmc-powder-2\/","url":"https:\/\/chemsfine.com\/product\/buy-cmc-powder-2\/","name":"Osta 3-CMC-jauhe verkossa - parhaat hinnat ja korkea puhtausaste","isPartOf":{"@id":"https:\/\/chemsfine.com\/#website"},"primaryImageOfPage":{"@id":"https:\/\/chemsfine.com\/product\/buy-cmc-powder-2\/#primaryimage"},"image":{"@id":"https:\/\/chemsfine.com\/product\/buy-cmc-powder-2\/#primaryimage"},"thumbnailUrl":"https:\/\/chemsfine.com\/wp-content\/uploads\/2026\/02\/buy-pure-3-cmc-powder-online-research-stimulants-1.jpeg","datePublished":"2026-02-12T09:59:29+00:00","dateModified":"2026-03-25T13:36:13+00:00","description":"Tutustu korkealaatuiseen 3-CMC-jauheeseen tutkimusta varten. Osta turvallisesti verkossa Chemsfinen laboratoriossa testattua puhtautta ja luotettavaa toimitusta varten. Tilaa nyt!","breadcrumb":{"@id":"https:\/\/chemsfine.com\/product\/buy-cmc-powder-2\/#breadcrumb"},"inLanguage":"fi","potentialAction":[{"@type":"ReadAction","target":["https:\/\/chemsfine.com\/product\/buy-cmc-powder-2\/"]}]},{"@type":"ImageObject","inLanguage":"fi","@id":"https:\/\/chemsfine.com\/product\/buy-cmc-powder-2\/#primaryimage","url":"https:\/\/chemsfine.com\/wp-content\/uploads\/2026\/02\/buy-pure-3-cmc-powder-online-research-stimulants-1.jpeg","contentUrl":"https:\/\/chemsfine.com\/wp-content\/uploads\/2026\/02\/buy-pure-3-cmc-powder-online-research-stimulants-1.jpeg","width":600,"height":557},{"@type":"BreadcrumbList","@id":"https:\/\/chemsfine.com\/product\/buy-cmc-powder-2\/#breadcrumb","itemListElement":[{"@type":"ListItem","position":1,"name":"Home","item":"https:\/\/chemsfine.com\/"},{"@type":"ListItem","position":2,"name":"Shop","item":"https:\/\/chemsfine.com\/shop\/"},{"@type":"ListItem","position":3,"name":"Buy Pure 3-CMC Powder Online for Advanced Research"}]},{"@type":"WebSite","@id":"https:\/\/chemsfine.com\/#website","url":"https:\/\/chemsfine.com\/","name":"Chemsfine","description":"Minun WordPress blogi","publisher":{"@id":"https:\/\/chemsfine.com\/#organization"},"potentialAction":[{"@type":"SearchAction","target":{"@type":"EntryPoint","urlTemplate":"https:\/\/chemsfine.com\/?s={search_term_string}"},"query-input":{"@type":"PropertyValueSpecification","valueRequired":true,"valueName":"search_term_string"}}],"inLanguage":"fi"},{"@type":"Organization","@id":"https:\/\/chemsfine.com\/#organization","name":"Chemsfine","url":"https:\/\/chemsfine.com\/","logo":{"@type":"ImageObject","inLanguage":"fi","@id":"https:\/\/chemsfine.com\/#\/schema\/logo\/image\/","url":"https:\/\/chemsfine.com\/wp-content\/uploads\/2024\/09\/final-logo.png","contentUrl":"https:\/\/chemsfine.com\/wp-content\/uploads\/2024\/09\/final-logo.png","width":340,"height":72,"caption":"Chemsfine"},"image":{"@id":"https:\/\/chemsfine.com\/#\/schema\/logo\/image\/"}}]}},"_links":{"self":[{"href":"https:\/\/chemsfine.com\/fi\/wp-json\/wp\/v2\/product\/6175","targetHints":{"allow":["GET"]}}],"collection":[{"href":"https:\/\/chemsfine.com\/fi\/wp-json\/wp\/v2\/product"}],"about":[{"href":"https:\/\/chemsfine.com\/fi\/wp-json\/wp\/v2\/types\/product"}],"replies":[{"embeddable":true,"href":"https:\/\/chemsfine.com\/fi\/wp-json\/wp\/v2\/comments?post=6175"}],"wp:featuredmedia":[{"embeddable":true,"href":"https:\/\/chemsfine.com\/fi\/wp-json\/wp\/v2\/media\/6205"}],"wp:attachment":[{"href":"https:\/\/chemsfine.com\/fi\/wp-json\/wp\/v2\/media?parent=6175"}],"wp:term":[{"taxonomy":"product_brand","embeddable":true,"href":"https:\/\/chemsfine.com\/fi\/wp-json\/wp\/v2\/product_brand?post=6175"},{"taxonomy":"product_cat","embeddable":true,"href":"https:\/\/chemsfine.com\/fi\/wp-json\/wp\/v2\/product_cat?post=6175"},{"taxonomy":"product_tag","embeddable":true,"href":"https:\/\/chemsfine.com\/fi\/wp-json\/wp\/v2\/product_tag?post=6175"}],"curies":[{"name":"wp","href":"https:\/\/api.w.org\/{rel}","templated":true}]}}