{"id":6183,"date":"2026-02-12T09:59:30","date_gmt":"2026-02-12T09:59:30","guid":{"rendered":"https:\/\/chemsfine.com\/?post_type=product&#038;p=6183"},"modified":"2026-03-25T13:32:12","modified_gmt":"2026-03-25T13:32:12","slug":"buy-php-synthetic-cathinone","status":"publish","type":"product","link":"https:\/\/chemsfine.com\/fi\/product\/buy-php-synthetic-cathinone\/","title":{"rendered":"Osta PHP Online | Korkeapuhdas synteettinen katinoni tutkimusta varten"},"content":{"rendered":"<p>Tervetuloa Chemsfineen, joka on t\u00e4rkein tutkimuskemikaalien l\u00e4hde. Osoitteeseen <b>osta A PHP myyt\u00e4v\u00e4n\u00e4<\/b>, olet saapunut. Tarjoamme <b>eritt\u00e4in puhtaat A PHP-pelletit<\/b>, joka on suunniteltu huolellisesti kehittynytt\u00e4 tieteellist\u00e4 tutkimusta varten. Johtavana toimittajana <b>tutkimusluokka myyt\u00e4v\u00e4n\u00e4<\/b> Chemsfine varmistaa, ett\u00e4 synteettinen katinoni t\u00e4ytt\u00e4\u00e4 tiukat laatuvaatimukset. Laboratoriossa testatut tuotteemme takaavat tutkimusten eheyden. Koe <b>turvallinen ostos<\/b> valitsemalla Chemsfine tutkimuksen stimuloiviin tarpeisiin.<\/p>\n<h2>Mik\u00e4 on PHP?<\/h2>\n<p>Alfa-pyrrolidinoheksiofenoni eli A PHP on synteettinen katinonijohdannainen, voimakas tutkimusstimulantti. Sen ainutlaatuisia ominaisuuksia tutkitaan tutkimuksissa. Tarkkoja tuloksia etsiv\u00e4t tutkijat etsiv\u00e4t johdonmukaisesti <b>huippulaatua A PHP<\/b>. Chemsfinen A PHP-pelletit syntetisoidaan mahdollisimman puhtaiksi, ja ne ovat ihanteellisia analyyttisiin tutkimuksiin, reseptorien sitoutumistesteihin ja kromatografiaan. Sen ominaisuuksien ymm\u00e4rt\u00e4minen on ensiarvoisen t\u00e4rke\u00e4\u00e4 eettisten kokeiden ja stimulanttiominaisuuksien syvemm\u00e4n ymm\u00e4rt\u00e4misen kannalta.<\/p>\n<h2>Miksi ostaa PHP-ohjelmia Chemsfinen verkkokaupasta?<\/h2>\n<p>Kun p\u00e4\u00e4t\u00e4t <b>ostaa A PHP verkossa<\/b>, rehellisyys ja luotettavuus ovat ensiarvoisen t\u00e4rkeit\u00e4. Chemsfine on luotettava yhteisty\u00f6kumppani tutkimuskemikaalien alalla. Vankka laadunvarmistuksemme tarjoaa <b>laboratoriossa testattu synteettinen katinoni<\/b> korkeimman tason tieteellist\u00e4 tutkimusta varten. Varastomme takaa <b>paras saatavilla oleva A PHP<\/b>. Me priorisoimme <b>turvallinen pakkaus<\/b> ja tarjota nopeasti, <b>nopea toimitus<\/b> tutkimuksen aikataulujen helpottamiseksi. Maineemme, joka perustuu <b>luotettu laatu<\/b>, tekee Chemsfinest\u00e4 ensisijaisen valinnan. Luottavaisesti <b>ostaa Chemsfine<\/b>, jotka saavat aitoja, eritt\u00e4in puhtaita yhdisteit\u00e4. Tavoitteenamme on olla m\u00e4\u00e4r\u00e4np\u00e4\u00e4si <b>Tilaa A PHP verkossa<\/b> t\u00e4ysin rauhallisin mielin.<\/p>\n<h2>Sovellukset<\/h2>\n<p>A PHP-pelletit soveltuvat monipuolisesti tieteellisiin ja analyyttisiin sovelluksiin. Tutkijat hy\u00f6dynt\u00e4v\u00e4t t\u00e4t\u00e4 <b>eritt\u00e4in puhdas myyt\u00e4v\u00e4n\u00e4<\/b> yhdiste s\u00e4\u00e4nnellyiss\u00e4 laboratorioymp\u00e4rist\u00f6iss\u00e4:<\/p>\n<ul>\n<li><b>Farmakologinen tutkimus:<\/b> Reseptorien vuorovaikutusten tutkiminen.<\/li>\n<li><b>Analyyttinen kemia:<\/b> Vertailustandardi spektroskopiassa ja kromatografiassa.<\/li>\n<li><b>Aineenvaihduntatutkimukset:<\/b> Metabolisten reittien tutkiminen.<\/li>\n<li><b>Oikeusl\u00e4\u00e4ketiede:<\/b> Kontrollin\u00e4yte toksikologista seulontaa varten.<\/li>\n<li><b>Neurotieteellinen tutkimus:<\/b> Stimulanttien vaikutuksen tutkiminen v\u00e4litt\u00e4j\u00e4ainej\u00e4rjestelmiin.<\/li>\n<\/ul>\n<p>N\u00e4m\u00e4 sovellukset osoittavat, ett\u00e4 t\u00e4m\u00e4 sovellus on eritt\u00e4in k\u00e4ytt\u00f6kelpoinen. <b>laboratoriolaatu myyt\u00e4v\u00e4n\u00e4<\/b> yhdiste. Tutustu sukuaineisiin liittyviin yhdisteisiin tutustumalla <a href='https:\/\/chemsfine.com\/fi\/tuote\/bouket-ethanol-33-cannabis-strain\/' target='_blank'>ainutlaatuinen tutkimusaineisto<\/a>.<\/p>\n<h2>Turvallisuus ja vaatimustenmukaisuus<\/h2>\n<p>Ty\u00f6skentely mink\u00e4 tahansa <b>tutkimusstimulantti<\/b> edellytt\u00e4\u00e4 turvallisuusprotokollien ja s\u00e4\u00e4ntelyohjeiden tiukkaa noudattamista. A PHP-pellettej\u00e4 olisi aina k\u00e4sitelt\u00e4v\u00e4 valvotussa ymp\u00e4rist\u00f6ss\u00e4, jossa koulutetut ammattilaiset k\u00e4sittelev\u00e4t niit\u00e4. Suosittelemme asianmukaisia henkil\u00f6kohtaisia suojavarusteita (PPE), mukaan lukien k\u00e4sineet ja silmiensuojaimet. Tutustu k\u00e4ytt\u00f6turvallisuustiedotteeseen (SDS) kattavaa k\u00e4sittely\u00e4 ja varastointia varten. Saatavilla on analyysitodistukset (CoA), jotka vahvistavat puhtauden ja koostumuksen. Synteettisi\u00e4 katinoneja ja tutkimuskemikaaleja koskevien s\u00e4\u00e4nn\u00f6sten noudattaminen on ensiarvoisen t\u00e4rke\u00e4\u00e4. Lis\u00e4tietoja muista yhdisteist\u00e4 on osoitteessa <a href='https:\/\/chemsfine.com\/fi\/tuote\/puhdasta-heroiinia\/' target='_blank'>erityiset tutkimusaineet<\/a>. Varmista, ett\u00e4 laboratoriok\u00e4yt\u00e4nt\u00f6si t\u00e4ytt\u00e4v\u00e4t kaikki tarvittavat standardit.<\/p>\n<p>Seuraavassa on yhteenveto A PHP-pellettiemme tyypillisist\u00e4 tuotespesifikaatioista:<\/p>\n<table>\n<thead>\n<tr>\n<th>Ominaisuus<\/th>\n<th>Tekniset tiedot<\/th>\n<\/tr>\n<\/thead>\n<tbody>\n<tr>\n<td>Tuotteen nimi<\/td>\n<td>A PHP Pelletit<\/td>\n<\/tr>\n<tr>\n<td>Lomake<\/td>\n<td>Pelletit<\/td>\n<\/tr>\n<tr>\n<td>Puhtaus<\/td>\n<td>\u226598% (<b>Korkea puhtaus myyt\u00e4v\u00e4n\u00e4<\/b>)<\/td>\n<\/tr>\n<tr>\n<td>Luokka<\/td>\n<td><b>Tutkimusluokka myyt\u00e4v\u00e4n\u00e4<\/b><\/td>\n<\/tr>\n<tr>\n<td>Hakemus<\/td>\n<td>Kehittynyt tieteellinen tutkimus<\/td>\n<\/tr>\n<\/tbody>\n<\/table>\n<h2>Miksi valita meid\u00e4t?<\/h2>\n<p>Chemsfinen valitseminen tarkoittaa vertaansa vailla olevaa avoimuutta, todennettua laatua ja kilpailukykyist\u00e4 hinnoittelua. Tarjoamme tutkijoille t\u00e4ydelliset tiedot, mukaan lukien er\u00e4kirjanpito ja analyysitulokset. Sitoumuksemme takaa, ett\u00e4 kun <b>Tilaa A PHP verkossa<\/b>, saat johdonmukaista huippuosaamista. Tarjoamme houkuttelevia hintoja <b>aito A PHP<\/b>, tinkim\u00e4tt\u00e4 puhtaudesta ja luotettavuudesta. Tukitiimimme auttaa tiedusteluissa ja tekee ostokokemuksestasi saumattoman. Todella <b>turvallinen ostos<\/b> osoitteessa <b>eritt\u00e4in puhdas A PHP<\/b>, Chemsfine on luotettava l\u00e4hteesi, joka tarjoaa huippuluokan tutkimuskemikaaleja ja poikkeuksellista palvelua.<\/p>\n<h2>P\u00e4\u00e4telm\u00e4<\/h2>\n<p>Yhteenvetona voidaan todeta, ett\u00e4 niille, jotka pyrkiv\u00e4t <b>osta A PHP myyt\u00e4v\u00e4n\u00e4<\/b>, Chemsfine tarjoaa vertaansa vailla olevan yhdistelm\u00e4n laatua, luotettavuutta ja palvelua. Meid\u00e4n <b>laboratoriossa testattu synteettinen katinoni<\/b> pelletit ovat ihanteellinen valinta kehittynytt\u00e4 tutkimusta tekeville tiedemiehille. Olemme omistautuneet tukemaan l\u00f6yt\u00f6j\u00e4si tuotteilla, jotka t\u00e4ytt\u00e4v\u00e4t alan korkeimmat standardit. \u00c4l\u00e4 tingi tutkimuksen eheydest\u00e4; valitse Chemsfine varten <b>turvallinen ostos<\/b> ja <b>luotettu laatu<\/b>. Ota seuraava askel, <b>osta nyt verkossa<\/b> toimittajalta, johon voit luottaa.<\/p>","protected":false},"excerpt":{"rendered":"<p>Tutustu <b>A PHP pellets<\/b>, a <b>high-purity synthetic cathinone<\/b> available for advanced scientific research. As a <b>tutkimusluokka myyt\u00e4v\u00e4n\u00e4<\/b> compound, these lab-tested pellets offer unparalleled quality for your studies. You can confidently <b>ostaa Chemsfine<\/b>, ensuring a <b>turvallinen ostos<\/b> of this potent research stimulant. Ideal for analytical chemistry and pharmacological investigations.<\/p>","protected":false},"featured_media":6227,"comment_status":"open","ping_status":"closed","template":"","meta":{"_joinchat":[]},"product_brand":[],"product_cat":[951],"product_tag":[],"class_list":{"0":"post-6183","1":"product","2":"type-product","3":"status-publish","4":"has-post-thumbnail","6":"product_cat-stimulants","8":"first","9":"instock","10":"shipping-taxable","11":"purchasable","12":"product-type-variable"},"yoast_head":"<!-- This site is optimized with the Yoast SEO plugin v27.2 - https:\/\/yoast.com\/product\/yoast-seo-wordpress\/ -->\n<title>Buy A PHP Pellets Online - High-Purity Research Cathinone<\/title>\n<meta name=\"description\" content=\"Discover high-purity A PHP pellets for advanced scientific research. Buy online at Chemsfine for lab-tested synthetic cathinones. Best price available!\" \/>\n<meta name=\"robots\" content=\"index, follow, max-snippet:-1, max-image-preview:large, max-video-preview:-1\" \/>\n<link rel=\"canonical\" href=\"https:\/\/chemsfine.com\/fi\/tuote\/buy-php-synthetic-cathinone\/\" \/>\n<meta property=\"og:locale\" content=\"fi_FI\" \/>\n<meta property=\"og:type\" content=\"article\" \/>\n<meta property=\"og:title\" content=\"Buy A PHP Pellets Online - High-Purity Research Cathinone\" \/>\n<meta property=\"og:description\" content=\"Discover high-purity A PHP pellets for advanced scientific research. Buy online at Chemsfine for lab-tested synthetic cathinones. Best price available!\" \/>\n<meta property=\"og:url\" content=\"https:\/\/chemsfine.com\/fi\/tuote\/buy-php-synthetic-cathinone\/\" \/>\n<meta property=\"og:site_name\" content=\"Chemsfine\" \/>\n<meta property=\"article:modified_time\" content=\"2026-03-25T13:32:12+00:00\" \/>\n<meta property=\"og:image\" content=\"https:\/\/chemsfine.com\/wp-content\/uploads\/2026\/02\/buy-a-php-online-high-purity-synthetic-cathinone-for-sale-research-2.png\" \/>\n\t<meta property=\"og:image:width\" content=\"1321\" \/>\n\t<meta property=\"og:image:height\" content=\"990\" \/>\n\t<meta property=\"og:image:type\" content=\"image\/png\" \/>\n<meta name=\"twitter:card\" content=\"summary_large_image\" \/>\n<meta name=\"twitter:label1\" content=\"Arvioitu lukuaika\" \/>\n\t<meta name=\"twitter:data1\" content=\"3 minuuttia\" \/>\n<script type=\"application\/ld+json\" class=\"yoast-schema-graph\">{\"@context\":\"https:\/\/schema.org\",\"@graph\":[{\"@type\":\"WebPage\",\"@id\":\"https:\/\/chemsfine.com\/product\/buy-php-synthetic-cathinone\/\",\"url\":\"https:\/\/chemsfine.com\/product\/buy-php-synthetic-cathinone\/\",\"name\":\"Buy A PHP Pellets Online - High-Purity Research Cathinone\",\"isPartOf\":{\"@id\":\"https:\/\/chemsfine.com\/#website\"},\"primaryImageOfPage\":{\"@id\":\"https:\/\/chemsfine.com\/product\/buy-php-synthetic-cathinone\/#primaryimage\"},\"image\":{\"@id\":\"https:\/\/chemsfine.com\/product\/buy-php-synthetic-cathinone\/#primaryimage\"},\"thumbnailUrl\":\"https:\/\/chemsfine.com\/wp-content\/uploads\/2026\/02\/buy-a-php-online-high-purity-synthetic-cathinone-for-sale-research-2.png\",\"datePublished\":\"2026-02-12T09:59:30+00:00\",\"dateModified\":\"2026-03-25T13:32:12+00:00\",\"description\":\"Discover high-purity A PHP pellets for advanced scientific research. Buy online at Chemsfine for lab-tested synthetic cathinones. Best price available!\",\"breadcrumb\":{\"@id\":\"https:\/\/chemsfine.com\/product\/buy-php-synthetic-cathinone\/#breadcrumb\"},\"inLanguage\":\"fi\",\"potentialAction\":[{\"@type\":\"ReadAction\",\"target\":[\"https:\/\/chemsfine.com\/product\/buy-php-synthetic-cathinone\/\"]}]},{\"@type\":\"ImageObject\",\"inLanguage\":\"fi\",\"@id\":\"https:\/\/chemsfine.com\/product\/buy-php-synthetic-cathinone\/#primaryimage\",\"url\":\"https:\/\/chemsfine.com\/wp-content\/uploads\/2026\/02\/buy-a-php-online-high-purity-synthetic-cathinone-for-sale-research-2.png\",\"contentUrl\":\"https:\/\/chemsfine.com\/wp-content\/uploads\/2026\/02\/buy-a-php-online-high-purity-synthetic-cathinone-for-sale-research-2.png\",\"width\":1321,\"height\":990},{\"@type\":\"BreadcrumbList\",\"@id\":\"https:\/\/chemsfine.com\/product\/buy-php-synthetic-cathinone\/#breadcrumb\",\"itemListElement\":[{\"@type\":\"ListItem\",\"position\":1,\"name\":\"Home\",\"item\":\"https:\/\/chemsfine.com\/\"},{\"@type\":\"ListItem\",\"position\":2,\"name\":\"Shop\",\"item\":\"https:\/\/chemsfine.com\/shop\/\"},{\"@type\":\"ListItem\",\"position\":3,\"name\":\"Buy A PHP Online | High-Purity Synthetic Cathinone for Research\"}]},{\"@type\":\"WebSite\",\"@id\":\"https:\/\/chemsfine.com\/#website\",\"url\":\"https:\/\/chemsfine.com\/\",\"name\":\"Chemsfine\",\"description\":\"My WordPress Blog\",\"publisher\":{\"@id\":\"https:\/\/chemsfine.com\/#organization\"},\"potentialAction\":[{\"@type\":\"SearchAction\",\"target\":{\"@type\":\"EntryPoint\",\"urlTemplate\":\"https:\/\/chemsfine.com\/?s={search_term_string}\"},\"query-input\":{\"@type\":\"PropertyValueSpecification\",\"valueRequired\":true,\"valueName\":\"search_term_string\"}}],\"inLanguage\":\"fi\"},{\"@type\":\"Organization\",\"@id\":\"https:\/\/chemsfine.com\/#organization\",\"name\":\"Chemsfine\",\"url\":\"https:\/\/chemsfine.com\/\",\"logo\":{\"@type\":\"ImageObject\",\"inLanguage\":\"fi\",\"@id\":\"https:\/\/chemsfine.com\/#\/schema\/logo\/image\/\",\"url\":\"https:\/\/chemsfine.com\/wp-content\/uploads\/2024\/09\/final-logo.png\",\"contentUrl\":\"https:\/\/chemsfine.com\/wp-content\/uploads\/2024\/09\/final-logo.png\",\"width\":340,\"height\":72,\"caption\":\"Chemsfine\"},\"image\":{\"@id\":\"https:\/\/chemsfine.com\/#\/schema\/logo\/image\/\"}}]}<\/script>\n<!-- \/ Yoast SEO plugin. -->","yoast_head_json":{"title":"Osta A PHP Pellets Online - Korkeapuhdas tutkimus Cathinone","description":"L\u00f6yd\u00e4 eritt\u00e4in puhtaat A PHP-pelletit kehittyneeseen tieteelliseen tutkimukseen. Osta verkossa Chemsfinen laboratoriossa testattuja synteettisi\u00e4 katinoneja. Paras saatavilla oleva hinta!","robots":{"index":"index","follow":"follow","max-snippet":"max-snippet:-1","max-image-preview":"max-image-preview:large","max-video-preview":"max-video-preview:-1"},"canonical":"https:\/\/chemsfine.com\/fi\/tuote\/buy-php-synthetic-cathinone\/","og_locale":"fi_FI","og_type":"article","og_title":"Buy A PHP Pellets Online - High-Purity Research Cathinone","og_description":"Discover high-purity A PHP pellets for advanced scientific research. Buy online at Chemsfine for lab-tested synthetic cathinones. Best price available!","og_url":"https:\/\/chemsfine.com\/fi\/tuote\/buy-php-synthetic-cathinone\/","og_site_name":"Chemsfine","article_modified_time":"2026-03-25T13:32:12+00:00","og_image":[{"width":1321,"height":990,"url":"https:\/\/chemsfine.com\/wp-content\/uploads\/2026\/02\/buy-a-php-online-high-purity-synthetic-cathinone-for-sale-research-2.png","type":"image\/png"}],"twitter_card":"summary_large_image","twitter_misc":{"Arvioitu lukuaika":"3 minuuttia"},"schema":{"@context":"https:\/\/schema.org","@graph":[{"@type":"WebPage","@id":"https:\/\/chemsfine.com\/product\/buy-php-synthetic-cathinone\/","url":"https:\/\/chemsfine.com\/product\/buy-php-synthetic-cathinone\/","name":"Osta A PHP Pellets Online - Korkeapuhdas tutkimus Cathinone","isPartOf":{"@id":"https:\/\/chemsfine.com\/#website"},"primaryImageOfPage":{"@id":"https:\/\/chemsfine.com\/product\/buy-php-synthetic-cathinone\/#primaryimage"},"image":{"@id":"https:\/\/chemsfine.com\/product\/buy-php-synthetic-cathinone\/#primaryimage"},"thumbnailUrl":"https:\/\/chemsfine.com\/wp-content\/uploads\/2026\/02\/buy-a-php-online-high-purity-synthetic-cathinone-for-sale-research-2.png","datePublished":"2026-02-12T09:59:30+00:00","dateModified":"2026-03-25T13:32:12+00:00","description":"L\u00f6yd\u00e4 eritt\u00e4in puhtaat A PHP-pelletit kehittyneeseen tieteelliseen tutkimukseen. Osta verkossa Chemsfinen laboratoriossa testattuja synteettisi\u00e4 katinoneja. Paras saatavilla oleva hinta!","breadcrumb":{"@id":"https:\/\/chemsfine.com\/product\/buy-php-synthetic-cathinone\/#breadcrumb"},"inLanguage":"fi","potentialAction":[{"@type":"ReadAction","target":["https:\/\/chemsfine.com\/product\/buy-php-synthetic-cathinone\/"]}]},{"@type":"ImageObject","inLanguage":"fi","@id":"https:\/\/chemsfine.com\/product\/buy-php-synthetic-cathinone\/#primaryimage","url":"https:\/\/chemsfine.com\/wp-content\/uploads\/2026\/02\/buy-a-php-online-high-purity-synthetic-cathinone-for-sale-research-2.png","contentUrl":"https:\/\/chemsfine.com\/wp-content\/uploads\/2026\/02\/buy-a-php-online-high-purity-synthetic-cathinone-for-sale-research-2.png","width":1321,"height":990},{"@type":"BreadcrumbList","@id":"https:\/\/chemsfine.com\/product\/buy-php-synthetic-cathinone\/#breadcrumb","itemListElement":[{"@type":"ListItem","position":1,"name":"Home","item":"https:\/\/chemsfine.com\/"},{"@type":"ListItem","position":2,"name":"Shop","item":"https:\/\/chemsfine.com\/shop\/"},{"@type":"ListItem","position":3,"name":"Buy A PHP Online | High-Purity Synthetic Cathinone for Research"}]},{"@type":"WebSite","@id":"https:\/\/chemsfine.com\/#website","url":"https:\/\/chemsfine.com\/","name":"Chemsfine","description":"Minun WordPress blogi","publisher":{"@id":"https:\/\/chemsfine.com\/#organization"},"potentialAction":[{"@type":"SearchAction","target":{"@type":"EntryPoint","urlTemplate":"https:\/\/chemsfine.com\/?s={search_term_string}"},"query-input":{"@type":"PropertyValueSpecification","valueRequired":true,"valueName":"search_term_string"}}],"inLanguage":"fi"},{"@type":"Organization","@id":"https:\/\/chemsfine.com\/#organization","name":"Chemsfine","url":"https:\/\/chemsfine.com\/","logo":{"@type":"ImageObject","inLanguage":"fi","@id":"https:\/\/chemsfine.com\/#\/schema\/logo\/image\/","url":"https:\/\/chemsfine.com\/wp-content\/uploads\/2024\/09\/final-logo.png","contentUrl":"https:\/\/chemsfine.com\/wp-content\/uploads\/2024\/09\/final-logo.png","width":340,"height":72,"caption":"Chemsfine"},"image":{"@id":"https:\/\/chemsfine.com\/#\/schema\/logo\/image\/"}}]}},"_links":{"self":[{"href":"https:\/\/chemsfine.com\/fi\/wp-json\/wp\/v2\/product\/6183","targetHints":{"allow":["GET"]}}],"collection":[{"href":"https:\/\/chemsfine.com\/fi\/wp-json\/wp\/v2\/product"}],"about":[{"href":"https:\/\/chemsfine.com\/fi\/wp-json\/wp\/v2\/types\/product"}],"replies":[{"embeddable":true,"href":"https:\/\/chemsfine.com\/fi\/wp-json\/wp\/v2\/comments?post=6183"}],"wp:featuredmedia":[{"embeddable":true,"href":"https:\/\/chemsfine.com\/fi\/wp-json\/wp\/v2\/media\/6227"}],"wp:attachment":[{"href":"https:\/\/chemsfine.com\/fi\/wp-json\/wp\/v2\/media?parent=6183"}],"wp:term":[{"taxonomy":"product_brand","embeddable":true,"href":"https:\/\/chemsfine.com\/fi\/wp-json\/wp\/v2\/product_brand?post=6183"},{"taxonomy":"product_cat","embeddable":true,"href":"https:\/\/chemsfine.com\/fi\/wp-json\/wp\/v2\/product_cat?post=6183"},{"taxonomy":"product_tag","embeddable":true,"href":"https:\/\/chemsfine.com\/fi\/wp-json\/wp\/v2\/product_tag?post=6183"}],"curies":[{"name":"wp","href":"https:\/\/api.w.org\/{rel}","templated":true}]}}