{"id":6185,"date":"2026-02-12T09:59:31","date_gmt":"2026-02-12T09:59:31","guid":{"rendered":"https:\/\/chemsfine.com\/?post_type=product&#038;p=6185"},"modified":"2026-03-25T13:31:34","modified_gmt":"2026-03-25T13:31:34","slug":"buy-mdpv-crystals","status":"publish","type":"product","link":"https:\/\/chemsfine.com\/fi\/product\/buy-mdpv-crystals\/","title":{"rendered":"MDPV-kiteet myyt\u00e4v\u00e4n\u00e4 | Premium Research Chemicals"},"content":{"rendered":"<p>Kun yrit\u00e4t <b>ostaa MDPV kiteet myyt\u00e4v\u00e4n\u00e4<\/b>, \u00e4l\u00e4 katso kauemmas kuin chemsfine. Olemme ensisijainen m\u00e4\u00e4r\u00e4np\u00e4\u00e4 laadukkaille tutkimuskemikaaleille, jotka tarjoavat vertaansa vailla olevaa puhtautta ja tehoa kaikkiin tieteellisiin ponnisteluihisi. Tutustu premium MDPV-kiteisiin, jotka on erityisesti muotoiltu tutkimustarkoituksiin chemsfineill\u00e4. Sitoutumisemme huippuosaamiseen varmistaa, ett\u00e4 jokainen er\u00e4 k\u00e4y l\u00e4pi tiukat laatutarkastukset, mik\u00e4 takaa luotettavat ja innovatiiviset tutkimusratkaisut. Ymm\u00e4rr\u00e4mme johdonmukaisten ja tarkkojen tulosten ratkaisevan t\u00e4rkeyden laboratorioasetuksissa, mink\u00e4 vuoksi tuotteemme valmistetaan huolellisesti t\u00e4ytt\u00e4m\u00e4\u00e4n alan korkeimmat standardit. Chemsfinen avulla voit jatkaa tutkimuksiasi luottavaisin mielin tiet\u00e4en, ett\u00e4 olet varmistanut aidon ja ylivoimaisen tutkimuskemikaalin. Luota siihen, ett\u00e4 olemme omistautuneet tarjoamaan poikkeuksellisia tuotteita ja palvelua ja varmistamaan, ett\u00e4 tutkimustasi tuetaan parhailla saatavilla olevilla resursseilla.<\/p>\n<h2>Mit\u00e4 ovat MDPV-kiteet?<\/h2>\n<p>Metyleenidioksipyrovaleroni, joka tunnetaan yleisesti nimell\u00e4 MDPV, on katinoniluokkaan kuuluva stimuloiva yhdiste. Se toimii noradrenaliinin ja dopamiinin takaisinoton est\u00e4j\u00e4n\u00e4 (NDRI), joka vaikuttaa erilaisiin neurologisiin reitteihin, jotka ovat ratkaisevia kehittyneelle tieteelliselle tutkimukselle. Chemsfine tarjoaa <b>Huippulaatuiset MDPV-kiteet<\/b>, jotka on syntetisoitu huolellisesti ja tarkistettu niiden rakenteellisen eheyden ja kemiallisen johdonmukaisuuden osalta. Tutkijat luottavat maailmanlaajuisesti MDPV:hen erilaisissa in vitro -tutkimuksissa, joissa keskityt\u00e4\u00e4n reseptorien sitoutumiseen, v\u00e4litt\u00e4j\u00e4aineiden dynamiikkaan ja farmakologisiin profiileihin. Sen tarkan vaikutusmekanismin ymm\u00e4rt\u00e4minen on elint\u00e4rke\u00e4\u00e4 neurokemiaan ja siihen liittyviin aloihin perehtyneille tutkijoille. MDPV-kiteemme valmistetaan tiukoissa laboratorio-olosuhteissa, jolloin varmistetaan, ett\u00e4 jokainen n\u00e4yte s\u00e4ilytt\u00e4\u00e4 korkeimman mahdollisen puhtauden, mik\u00e4 on kriittist\u00e4 tarkkojen ja toistettavien kokeellisten tulosten kannalta. T\u00e4m\u00e4 omistautuminen laadulle asettaa chemsfinen luotetuksi toimittajaksi vaativille tutkijoille, jotka etsiv\u00e4t luotettavia tutkimusmateriaaleja.<\/p>\n<h3>Tuotteen tekniset tiedot<\/h3>\n<p>Osoittaaksemme sitoutumisemme laatuun, t\u00e4ss\u00e4 on lyhyt katsaus MDPV-kiteidemme tyypillisiin spesifikaatioihin:<\/p>\n<table>\n<thead>\n<tr>\n<th>Kiinteist\u00f6<\/th>\n<th>Tekniset tiedot<\/th>\n<\/tr>\n<\/thead>\n<tbody>\n<tr>\n<td>Tuotteen nimi<\/td>\n<td>MDPV-kiteet<\/td>\n<\/tr>\n<tr>\n<td>Puhtaus<\/td>\n<td>\u226598% (tyypillisesti suurempi)<\/td>\n<\/tr>\n<tr>\n<td>Ulkon\u00e4k\u00f6<\/td>\n<td>Kiteinen kiinte\u00e4 aine<\/td>\n<\/tr>\n<tr>\n<td>Tutkimusaste<\/td>\n<td>Kyll\u00e4<\/td>\n<\/tr>\n<tr>\n<td>Varastointi<\/td>\n<td>Viile\u00e4, kuiva paikka<\/td>\n<\/tr>\n<\/tbody>\n<\/table>\n<p>N\u00e4ill\u00e4 eritelmill\u00e4 varmistetaan, ett\u00e4 tutkijat saavat laboratorioty\u00f6h\u00f6ns\u00e4 johdonmukaisen ja suorituskykyisen tuotteen.<\/p>\n<h2>Miksi ostaa MDPV-kiteit\u00e4 verkossa chemsfineilt\u00e4?<\/h2>\n<p>Chemsfinen valitseminen tutkimuskemikaalitarpeisiin tarjoaa selvi\u00e4 etuja. Panemme etusijalle luottamuksen, l\u00e4pin\u00e4kyvyyden ja ylivertaisen tuotelaadun ja varmistamme, ett\u00e4 jokainen ostos vastaa korkeimpia odotuksiasi. Lis\u00e4ksi turvallinen verkkoalustamme yksinkertaistaa hankintaprosessia, joten voit hankkia tarvitsemasi materiaalit k\u00e4tev\u00e4sti tinkim\u00e4tt\u00e4 eheydest\u00e4. Olemme ylpeit\u00e4 voidessamme tarjota <b>Parhaat saatavilla olevat MDPV-kiteet<\/b> markkinoilla, ja sit\u00e4 tukevat kattavat analyysitodistukset (CoA) jokaisesta er\u00e4st\u00e4. Sitoumuksemme ei rajoitu pelk\u00e4st\u00e4\u00e4n tuotteiden toimittamiseen, vaan pyrimme edist\u00e4m\u00e4\u00e4n pitk\u00e4aikaisia kumppanuuksia tutkimuslaitosten ja yksitt\u00e4isten tutkijoiden kanssa takaamalla tasaisen laadun ja eettisesti kest\u00e4v\u00e4t hankinnat. Kun siis p\u00e4\u00e4t\u00e4t ostaa MDPV-kiteit\u00e4 verkossa chemsfinen kautta, investoit luotettaviin tietoihin ja toistettavissa oleviin tutkimustuloksiin. Lis\u00e4ksi omistautunut asiakastukitiimimme on aina valmis auttamaan kaikissa tiedusteluissa ja varmistamaan sujuvan ja tyydytt\u00e4v\u00e4n kokemuksen valinnasta toimitukseen. Ymm\u00e4rr\u00e4mme, ett\u00e4 tutkimuksesi vaatii tarkkuutta, ja palvelumme on suunniteltu tukemaan juuri t\u00e4t\u00e4 periaatetta.<\/p>\n<h2>MDPV-kiteiden sovellukset<\/h2>\n<p>MDPV-kiteit\u00e4 k\u00e4ytet\u00e4\u00e4n eri tieteenaloilla niiden erilaisten ominaisuuksien vuoksi. Niiden k\u00e4ytt\u00f6 rajoittuu tiukasti tutkimukseen, jolloin tutkijat voivat tutkia monimutkaisia biokemiallisia reittej\u00e4 ja farmakologisia vaikutuksia. Seuraavassa on joitakin keskeisi\u00e4 tutkimussovelluksia:<\/p>\n<ul>\n<li>Dopamiinin ja noradrenaliinin takaisinottomekanismien tutkiminen.<\/li>\n<li>Farmakologiset profilointitutkimukset valvotuissa laboratorioymp\u00e4rist\u00f6iss\u00e4.<\/li>\n<li>Neurokemiallinen tutkimus, jossa tutkitaan stimuloivia ominaisuuksia ja vaikutuksia.<\/li>\n<li>Analyyttinen vertailustandardi rikosteknisille ja toksikologisille laboratorioille.<\/li>\n<li>In vitro -m\u00e4\u00e4ritykset, joissa keskityt\u00e4\u00e4n reseptorien sitoutumiskinetiikkaan ja ligandien vuorovaikutukseen.<\/li>\n<li>Katinonijohdannaisten aineenvaihduntateit\u00e4 koskevat tutkimukset.<\/li>\n<li>Kehittyneiden analyysitekniikoiden kehitt\u00e4minen yhdisteiden havaitsemiseksi.<\/li>\n<\/ul>\n<p>N\u00e4m\u00e4 sovellukset korostavat eritt\u00e4in puhtaan MDPV:n merkityst\u00e4 tarkkojen ja merkityksellisten tieteellisten l\u00f6yd\u00f6sten kannalta. Laajemman valikoiman <b><a href=\"https:\/\/chemsfine.com\/fi\/tuote\/northern-lights-indica-strain-30-85-thc\/\">tutkimuskemikaalit<\/a><\/b> ja innovatiivisia ratkaisuja, tutustu chemsfinen laajaan valikoimaan, joka takaa, ett\u00e4 laboratoriosi on varustettu parhaalla mahdollisella tavalla.<\/p>\n<h2>Turvallisuus ja vaatimustenmukaisuus<\/h2>\n<p>MDPV-kiteiden k\u00e4sittely edellytt\u00e4\u00e4 turvallisuusprotokollien ja s\u00e4\u00e4ntelyohjeiden tiukkaa noudattamista turvallisen tutkimusymp\u00e4rist\u00f6n varmistamiseksi. Tutkijoiden on aina k\u00e4ytett\u00e4v\u00e4 asianmukaisia henkil\u00f6kohtaisia suojavarusteita (PPE), kuten k\u00e4sineit\u00e4, silmiensuojaimia ja laboratoriotakkeja, suoran altistumisen minimoimiseksi. On ehdottoman t\u00e4rke\u00e4\u00e4, ett\u00e4 kaikki MDPV:n kanssa teht\u00e4v\u00e4 ty\u00f6 tehd\u00e4\u00e4n valvotussa laboratorioymp\u00e4rist\u00f6ss\u00e4, jossa on riitt\u00e4v\u00e4 ilmanvaihto ja turvatoimet. Lis\u00e4ksi tutkimuskemikaaleja koskevien alueellisten s\u00e4\u00e4d\u00f6sten ymm\u00e4rt\u00e4minen ja noudattaminen on ensiarvoisen t\u00e4rke\u00e4\u00e4, sill\u00e4 lait voivat vaihdella huomattavasti. chemsfine tarjoaa kaikkien tuotteidemme k\u00e4ytt\u00f6turvallisuustiedotteet (SDS), jotka tarjoavat kattavat tiedot turvallisesta k\u00e4sittelyst\u00e4, varastoinnista ja h\u00e4t\u00e4tilanteissa noudatettavista menettelyist\u00e4. Lis\u00e4ksi analyysitodistukset (CoA) ovat helposti saatavilla ja vahvistavat MDPV-kiteidemme puhtauden ja kemiallisen identiteetin. T\u00e4m\u00e4 sitoutuminen l\u00e4pin\u00e4kyvyyteen ja turvallisuuteen takaa, ett\u00e4 tutkijat ovat hyvin informoituja ja varustettuja k\u00e4sittelem\u00e4\u00e4n tuotteitamme vastuullisesti. Aseta turvallisuus aina etusijalle ja tutustu kaikkiin asiaankuuluviin asiakirjoihin ennen tutkimustoiminnan aloittamista. Jos haluat lis\u00e4tietoja tutkimuskemikaalien turvallisesta k\u00e4sittelyst\u00e4, saatat l\u00f6yt\u00e4\u00e4 arvokasta tietoa seuraavanlaisista aiheeseen liittyvist\u00e4 tuotteistamme <a href=\"https:\/\/chemsfine.com\/fi\/tuote\/northern-lights-indica-strain-30-85-thc\/\">Northern Lights Indica-kanta<\/a> laajemmassa laboratorioturvallisuusk\u00e4yt\u00e4nt\u00f6jen yhteydess\u00e4 tai jopa harkita parhaita k\u00e4yt\u00e4nt\u00f6j\u00e4 tiettyjen laboratoriolaitteiden hankkimisen yhteydess\u00e4, esimerkiksi <a href=\"https:\/\/chemsfine.com\/fi\/tuote\/buy-xlr-11-connectors-online\/\">XLR-11-liittimet<\/a> joilla on usein omat turvallisuusohjeensa.<\/p>\n<h2>Miksi valita chemsfine?<\/h2>\n<p>Kun p\u00e4\u00e4t\u00e4t <b>ostaa MDPV kiteet verkossa<\/b>, chemsfine on ensisijainen toimittaja useista pakottavista syist\u00e4. Keskeinen filosofiamme keskittyy avoimuuden, todennettavan laadun ja poikkeuksellisen arvon tuottamiseen asiakkaillemme. Annamme yksityiskohtaiset tiedot jokaisesta tuotteesta, jotta voit luottaa t\u00e4ysin ostoosi. Jokaisen MDPV-kiteidemme er\u00e4n mukana toimitetaan todennetut er\u00e4kirjat ja analyysitodistukset, joissa on yksityiskohtaisesti eritelty puhtaus ja koostumus, jotka vastaavat tiukkoja alan standardeja. T\u00e4m\u00e4 vankkumaton sitoutuminen laadunvarmistukseen tarkoittaa, ett\u00e4 saat tuotteen, joka toimii tutkimuksessasi johdonmukaisesti odotetulla tavalla. Lis\u00e4ksi chemsfine tarjoaa eritt\u00e4in kilpailukykyisen hinnoittelun tinkim\u00e4tt\u00e4 koskaan tutkimuskemikaaliemme eheydest\u00e4 tai puhtaudesta, mik\u00e4 tekee ensiluokkaisista materiaaleista laajemman tiedeyhteis\u00f6n saataville. Tehostettu tilausprosessimme ja turvalliset toimitusvaihtoehtomme varmistavat, ett\u00e4 tutkimusmateriaalisi saapuvat perille turvallisesti ja nopeasti. Luota siihen, ett\u00e4 chemsfine on luotettava kumppanisi tieteellisess\u00e4 tutkimuksessa, jossa laatu kohtaa edullisuuden ja palvelun.<\/p>\n<h2>P\u00e4\u00e4telm\u00e4<\/h2>\n<p>Yhteenvetona voidaan todeta, ett\u00e4 tutkijat, jotka etsiv\u00e4t korkeinta laatua ja puhtautta, voivat tehd\u00e4 seuraavat toimet <b>ostaa MDPV kiteet myyt\u00e4v\u00e4n\u00e4<\/b> chemsfine on p\u00e4\u00e4t\u00f6s, joka takaa huippuosaamisen. Sitoutumisemme tiukkaan laadunvalvontaan, kattaviin tuotetietoihin ja erinomaiseen asiakaspalveluun erottaa meid\u00e4t tutkimuskemikaalien markkinoilta. Kutsumme sinut kokemaan chemsfinen eron - sitoumuksen tukea uraauurtavaa tiedett\u00e4 ensiluokkaisilla materiaaleilla. Varmista, ett\u00e4 seuraava tutkimushankkeesi hy\u00f6tyy luotettavuudesta ja tarkkuudesta, jonka vain MDPV-kiteemme voivat tarjota. Tee yhteisty\u00f6t\u00e4 chemsfinen kanssa jo t\u00e4n\u00e4\u00e4n ja paranna tutkimuskapasiteettisi luottamuksella ja vertaansa vailla olevalla laadulla.<\/p>","protected":false},"excerpt":{"rendered":"<p>Tutustu premium MDPV-kiteisiin osoitteessa <b>chemsfine<\/b>, luotettava l\u00e4hde <b>ostaa MDPV<\/b> tieteellist\u00e4 tutkimusta varten. Korkeapuhtaat yhdisteemme takaavat luotettavat ja johdonmukaiset tulokset laboratoriotutkimuksissa, mik\u00e4 tekee meist\u00e4 johtavan laadukkaiden tutkimuskemikaalien toimittajan.<\/p>","protected":false},"featured_media":6229,"comment_status":"open","ping_status":"closed","template":"","meta":{"_joinchat":[]},"product_brand":[],"product_cat":[951],"product_tag":[],"class_list":{"0":"post-6185","1":"product","2":"type-product","3":"status-publish","4":"has-post-thumbnail","6":"product_cat-stimulants","8":"first","9":"instock","10":"shipping-taxable","11":"purchasable","12":"product-type-variable"},"yoast_head":"<!-- This site is optimized with the Yoast SEO plugin v27.2 - https:\/\/yoast.com\/product\/yoast-seo-wordpress\/ -->\n<title>Buy MDPV Crystals Online: Best Price &amp; High Purity Available<\/title>\n<meta name=\"description\" content=\"Discover premium MDPV crystals for sale at chemsfine. Buy high-quality research chemicals online. Ensure purity and potency for your studies. Shop now!\" \/>\n<meta name=\"robots\" content=\"index, follow, max-snippet:-1, max-image-preview:large, max-video-preview:-1\" \/>\n<link rel=\"canonical\" href=\"https:\/\/chemsfine.com\/fi\/tuote\/buy-mdpv-crystals\/\" \/>\n<meta property=\"og:locale\" content=\"fi_FI\" \/>\n<meta property=\"og:type\" content=\"article\" \/>\n<meta property=\"og:title\" content=\"Buy MDPV Crystals Online: Best Price &amp; High Purity Available\" \/>\n<meta property=\"og:description\" content=\"Discover premium MDPV crystals for sale at chemsfine. Buy high-quality research chemicals online. Ensure purity and potency for your studies. Shop now!\" \/>\n<meta property=\"og:url\" content=\"https:\/\/chemsfine.com\/fi\/tuote\/buy-mdpv-crystals\/\" \/>\n<meta property=\"og:site_name\" content=\"Chemsfine\" \/>\n<meta property=\"article:modified_time\" content=\"2026-03-25T13:31:34+00:00\" \/>\n<meta property=\"og:image\" content=\"https:\/\/chemsfine.com\/wp-content\/uploads\/2026\/02\/mdpv-crystals-for-sale-high-quality-research-chemicals-2.webp\" \/>\n\t<meta property=\"og:image:width\" content=\"640\" \/>\n\t<meta property=\"og:image:height\" content=\"502\" \/>\n\t<meta property=\"og:image:type\" content=\"image\/webp\" \/>\n<meta name=\"twitter:card\" content=\"summary_large_image\" \/>\n<meta name=\"twitter:label1\" content=\"Arvioitu lukuaika\" \/>\n\t<meta name=\"twitter:data1\" content=\"5 minuuttia\" \/>\n<script type=\"application\/ld+json\" class=\"yoast-schema-graph\">{\"@context\":\"https:\/\/schema.org\",\"@graph\":[{\"@type\":\"WebPage\",\"@id\":\"https:\/\/chemsfine.com\/product\/buy-mdpv-crystals\/\",\"url\":\"https:\/\/chemsfine.com\/product\/buy-mdpv-crystals\/\",\"name\":\"Buy MDPV Crystals Online: Best Price &amp; High Purity Available\",\"isPartOf\":{\"@id\":\"https:\/\/chemsfine.com\/#website\"},\"primaryImageOfPage\":{\"@id\":\"https:\/\/chemsfine.com\/product\/buy-mdpv-crystals\/#primaryimage\"},\"image\":{\"@id\":\"https:\/\/chemsfine.com\/product\/buy-mdpv-crystals\/#primaryimage\"},\"thumbnailUrl\":\"https:\/\/chemsfine.com\/wp-content\/uploads\/2026\/02\/mdpv-crystals-for-sale-high-quality-research-chemicals-2.webp\",\"datePublished\":\"2026-02-12T09:59:31+00:00\",\"dateModified\":\"2026-03-25T13:31:34+00:00\",\"description\":\"Discover premium MDPV crystals for sale at chemsfine. Buy high-quality research chemicals online. Ensure purity and potency for your studies. Shop now!\",\"breadcrumb\":{\"@id\":\"https:\/\/chemsfine.com\/product\/buy-mdpv-crystals\/#breadcrumb\"},\"inLanguage\":\"fi\",\"potentialAction\":[{\"@type\":\"ReadAction\",\"target\":[\"https:\/\/chemsfine.com\/product\/buy-mdpv-crystals\/\"]}]},{\"@type\":\"ImageObject\",\"inLanguage\":\"fi\",\"@id\":\"https:\/\/chemsfine.com\/product\/buy-mdpv-crystals\/#primaryimage\",\"url\":\"https:\/\/chemsfine.com\/wp-content\/uploads\/2026\/02\/mdpv-crystals-for-sale-high-quality-research-chemicals-2.webp\",\"contentUrl\":\"https:\/\/chemsfine.com\/wp-content\/uploads\/2026\/02\/mdpv-crystals-for-sale-high-quality-research-chemicals-2.webp\",\"width\":640,\"height\":502},{\"@type\":\"BreadcrumbList\",\"@id\":\"https:\/\/chemsfine.com\/product\/buy-mdpv-crystals\/#breadcrumb\",\"itemListElement\":[{\"@type\":\"ListItem\",\"position\":1,\"name\":\"Home\",\"item\":\"https:\/\/chemsfine.com\/\"},{\"@type\":\"ListItem\",\"position\":2,\"name\":\"Shop\",\"item\":\"https:\/\/chemsfine.com\/shop\/\"},{\"@type\":\"ListItem\",\"position\":3,\"name\":\"MDPV Crystals for Sale | Premium Research Chemicals\"}]},{\"@type\":\"WebSite\",\"@id\":\"https:\/\/chemsfine.com\/#website\",\"url\":\"https:\/\/chemsfine.com\/\",\"name\":\"Chemsfine\",\"description\":\"My WordPress Blog\",\"publisher\":{\"@id\":\"https:\/\/chemsfine.com\/#organization\"},\"potentialAction\":[{\"@type\":\"SearchAction\",\"target\":{\"@type\":\"EntryPoint\",\"urlTemplate\":\"https:\/\/chemsfine.com\/?s={search_term_string}\"},\"query-input\":{\"@type\":\"PropertyValueSpecification\",\"valueRequired\":true,\"valueName\":\"search_term_string\"}}],\"inLanguage\":\"fi\"},{\"@type\":\"Organization\",\"@id\":\"https:\/\/chemsfine.com\/#organization\",\"name\":\"Chemsfine\",\"url\":\"https:\/\/chemsfine.com\/\",\"logo\":{\"@type\":\"ImageObject\",\"inLanguage\":\"fi\",\"@id\":\"https:\/\/chemsfine.com\/#\/schema\/logo\/image\/\",\"url\":\"https:\/\/chemsfine.com\/wp-content\/uploads\/2024\/09\/final-logo.png\",\"contentUrl\":\"https:\/\/chemsfine.com\/wp-content\/uploads\/2024\/09\/final-logo.png\",\"width\":340,\"height\":72,\"caption\":\"Chemsfine\"},\"image\":{\"@id\":\"https:\/\/chemsfine.com\/#\/schema\/logo\/image\/\"}}]}<\/script>\n<!-- \/ Yoast SEO plugin. -->","yoast_head_json":{"title":"Osta MDPV-kiteit\u00e4 verkossa: MDPVD: Paras hinta &amp; korkea puhtaus saatavilla","description":"Tutustu premium MDPV-kiteisiin myyt\u00e4v\u00e4n\u00e4 chemsfine-sivustolla. Osta korkealaatuisia tutkimuskemikaaleja verkossa. Varmista puhtaus ja teho tutkimuksiasi varten. Osta nyt!","robots":{"index":"index","follow":"follow","max-snippet":"max-snippet:-1","max-image-preview":"max-image-preview:large","max-video-preview":"max-video-preview:-1"},"canonical":"https:\/\/chemsfine.com\/fi\/tuote\/buy-mdpv-crystals\/","og_locale":"fi_FI","og_type":"article","og_title":"Buy MDPV Crystals Online: Best Price &amp; High Purity Available","og_description":"Discover premium MDPV crystals for sale at chemsfine. Buy high-quality research chemicals online. Ensure purity and potency for your studies. Shop now!","og_url":"https:\/\/chemsfine.com\/fi\/tuote\/buy-mdpv-crystals\/","og_site_name":"Chemsfine","article_modified_time":"2026-03-25T13:31:34+00:00","og_image":[{"width":640,"height":502,"url":"https:\/\/chemsfine.com\/wp-content\/uploads\/2026\/02\/mdpv-crystals-for-sale-high-quality-research-chemicals-2.webp","type":"image\/webp"}],"twitter_card":"summary_large_image","twitter_misc":{"Arvioitu lukuaika":"5 minuuttia"},"schema":{"@context":"https:\/\/schema.org","@graph":[{"@type":"WebPage","@id":"https:\/\/chemsfine.com\/product\/buy-mdpv-crystals\/","url":"https:\/\/chemsfine.com\/product\/buy-mdpv-crystals\/","name":"Osta MDPV-kiteit\u00e4 verkossa: MDPVD: Paras hinta &amp; korkea puhtaus saatavilla","isPartOf":{"@id":"https:\/\/chemsfine.com\/#website"},"primaryImageOfPage":{"@id":"https:\/\/chemsfine.com\/product\/buy-mdpv-crystals\/#primaryimage"},"image":{"@id":"https:\/\/chemsfine.com\/product\/buy-mdpv-crystals\/#primaryimage"},"thumbnailUrl":"https:\/\/chemsfine.com\/wp-content\/uploads\/2026\/02\/mdpv-crystals-for-sale-high-quality-research-chemicals-2.webp","datePublished":"2026-02-12T09:59:31+00:00","dateModified":"2026-03-25T13:31:34+00:00","description":"Tutustu premium MDPV-kiteisiin myyt\u00e4v\u00e4n\u00e4 chemsfine-sivustolla. Osta korkealaatuisia tutkimuskemikaaleja verkossa. Varmista puhtaus ja teho tutkimuksiasi varten. Osta nyt!","breadcrumb":{"@id":"https:\/\/chemsfine.com\/product\/buy-mdpv-crystals\/#breadcrumb"},"inLanguage":"fi","potentialAction":[{"@type":"ReadAction","target":["https:\/\/chemsfine.com\/product\/buy-mdpv-crystals\/"]}]},{"@type":"ImageObject","inLanguage":"fi","@id":"https:\/\/chemsfine.com\/product\/buy-mdpv-crystals\/#primaryimage","url":"https:\/\/chemsfine.com\/wp-content\/uploads\/2026\/02\/mdpv-crystals-for-sale-high-quality-research-chemicals-2.webp","contentUrl":"https:\/\/chemsfine.com\/wp-content\/uploads\/2026\/02\/mdpv-crystals-for-sale-high-quality-research-chemicals-2.webp","width":640,"height":502},{"@type":"BreadcrumbList","@id":"https:\/\/chemsfine.com\/product\/buy-mdpv-crystals\/#breadcrumb","itemListElement":[{"@type":"ListItem","position":1,"name":"Home","item":"https:\/\/chemsfine.com\/"},{"@type":"ListItem","position":2,"name":"Shop","item":"https:\/\/chemsfine.com\/shop\/"},{"@type":"ListItem","position":3,"name":"MDPV Crystals for Sale | Premium Research Chemicals"}]},{"@type":"WebSite","@id":"https:\/\/chemsfine.com\/#website","url":"https:\/\/chemsfine.com\/","name":"Chemsfine","description":"Minun WordPress blogi","publisher":{"@id":"https:\/\/chemsfine.com\/#organization"},"potentialAction":[{"@type":"SearchAction","target":{"@type":"EntryPoint","urlTemplate":"https:\/\/chemsfine.com\/?s={search_term_string}"},"query-input":{"@type":"PropertyValueSpecification","valueRequired":true,"valueName":"search_term_string"}}],"inLanguage":"fi"},{"@type":"Organization","@id":"https:\/\/chemsfine.com\/#organization","name":"Chemsfine","url":"https:\/\/chemsfine.com\/","logo":{"@type":"ImageObject","inLanguage":"fi","@id":"https:\/\/chemsfine.com\/#\/schema\/logo\/image\/","url":"https:\/\/chemsfine.com\/wp-content\/uploads\/2024\/09\/final-logo.png","contentUrl":"https:\/\/chemsfine.com\/wp-content\/uploads\/2024\/09\/final-logo.png","width":340,"height":72,"caption":"Chemsfine"},"image":{"@id":"https:\/\/chemsfine.com\/#\/schema\/logo\/image\/"}}]}},"_links":{"self":[{"href":"https:\/\/chemsfine.com\/fi\/wp-json\/wp\/v2\/product\/6185","targetHints":{"allow":["GET"]}}],"collection":[{"href":"https:\/\/chemsfine.com\/fi\/wp-json\/wp\/v2\/product"}],"about":[{"href":"https:\/\/chemsfine.com\/fi\/wp-json\/wp\/v2\/types\/product"}],"replies":[{"embeddable":true,"href":"https:\/\/chemsfine.com\/fi\/wp-json\/wp\/v2\/comments?post=6185"}],"wp:featuredmedia":[{"embeddable":true,"href":"https:\/\/chemsfine.com\/fi\/wp-json\/wp\/v2\/media\/6229"}],"wp:attachment":[{"href":"https:\/\/chemsfine.com\/fi\/wp-json\/wp\/v2\/media?parent=6185"}],"wp:term":[{"taxonomy":"product_brand","embeddable":true,"href":"https:\/\/chemsfine.com\/fi\/wp-json\/wp\/v2\/product_brand?post=6185"},{"taxonomy":"product_cat","embeddable":true,"href":"https:\/\/chemsfine.com\/fi\/wp-json\/wp\/v2\/product_cat?post=6185"},{"taxonomy":"product_tag","embeddable":true,"href":"https:\/\/chemsfine.com\/fi\/wp-json\/wp\/v2\/product_tag?post=6185"}],"curies":[{"name":"wp","href":"https:\/\/api.w.org\/{rel}","templated":true}]}}