{"id":6189,"date":"2026-02-12T09:59:31","date_gmt":"2026-02-12T09:59:31","guid":{"rendered":"https:\/\/chemsfine.com\/?post_type=product&#038;p=6189"},"modified":"2026-03-25T13:30:12","modified_gmt":"2026-03-25T13:30:12","slug":"buy-pentedrone-crystals-online","status":"publish","type":"product","link":"https:\/\/chemsfine.com\/fi\/product\/buy-pentedrone-crystals-online\/","title":{"rendered":"Osta Top Grade Pentedrone Crystals Online | Tutkimus Stimulantit"},"content":{"rendered":"<p>Kun yrit\u00e4t <b>ostaa Pentedrone-kiteit\u00e4 myyt\u00e4v\u00e4n\u00e4<\/b>, \u00e4l\u00e4 katso kauemmas kuin chemsfine, luotettava l\u00e4hde ensiluokkaisille tutkimusstimulanteille. Ymm\u00e4rr\u00e4mme korkealaatuisten, luotettavien yhdisteiden kriittisen kysynn\u00e4n tieteellisess\u00e4 tutkimuksessa. Me chemsfineill\u00e4 tuemme innovatiivisia projektejasi huolellisesti valmistetuilla tutkimuskemikaaleilla. Avaa uraauurtava tutkimuspotentiaali poikkeuksellisten Pentedron-kiteidemme avulla. Sitoutumisemme huippuosaamiseen tarkoittaa, ett\u00e4 jokainen er\u00e4 eritt\u00e4in puhtaita, huolellisesti testattuja Pentedrone-kiteit\u00e4 takaa vertaansa vailla olevan luotettavuuden ja tehokkuuden tieteellisiss\u00e4 pyrkimyksiss\u00e4nne. Koe ero, jonka todellinen laatu tekee, kun valitset seuraavat tuotteet <b>ostaa Pentedrone kiteet verkossa<\/b> hyv\u00e4maineiselta toimittajalta.<\/p>\n<h2>Mik\u00e4 on Pentedrone?<\/h2>\n<p>Pentedroni, synteettinen stimulantti, kuuluu substituoitujen katinonien luokkaan, joka tunnetaan tieteellisess\u00e4 tutkimuksessa kiehtovista ominaisuuksistaan. Kemiallisesti se tunnistetaan (RS)-1-fenyyli-2-(metyyliamino)pentan-1-one:ksi, jonka kaava on C<sub>12<\/sub>H<sub>17<\/sub>NO ja CAS-numero 879685-96-8. T\u00e4m\u00e4 kiteinen yhdiste, jonka moolimassa on 191,27 g\/mol, on suunniteltu erityisesti tiukkaan laboratorioanalyysiin ja teoreettiseen tutkimukseen. Tutkijat tutkivat pentedronia sen ainutlaatuisen molekyylirakenteen ja sen tarjoamien mahdollisten neurokemiallisia reittej\u00e4 koskevien n\u00e4kemysten vuoksi. Kun hankitaan yhdisteit\u00e4 n\u00e4in arkaluonteiseen ty\u00f6h\u00f6n, valitaan <b>Huippulaatuiset Pentedrone-kiteet<\/b> on ensiarvoisen t\u00e4rke\u00e4\u00e4 varmistaa kokeellisten tulosten eheys ja toistettavuus. chemsfine tarjoaa vain parasta laatua, mik\u00e4 takaa, ett\u00e4 tutkimuksesi rakentuu puhtauden ja johdonmukaisuuden vankalle perustalle.<\/p>\n<h2>Miksi ostaa Pentedrone verkossa chemsfine?<\/h2>\n<p>Valitsemalla chemsfinen toimittajaksi seuraavien tuotteiden osalta <b>Pentedrone-kiteet verkossa<\/b> tarjoaa varmuuden vertaansa vailla olevasta laadusta ja sitoutumisesta tieteelliseen rehellisyyteen. Tiukat laadunvalvontaprotokollamme ovat vertaansa vailla synteesist\u00e4 lopulliseen pakkaamiseen. Jokaiselle er\u00e4lle tehd\u00e4\u00e4n kattavat laboratoriotestit, joissa tarkistetaan puhtausasteet ja vahvistetaan sen tarkka kemiallinen koostumus. T\u00e4m\u00e4 huolellinen l\u00e4hestymistapa takaa, ett\u00e4 saat korkeinta laatua olevan tutkimuskemikaalin. Olemme ylpeit\u00e4 siit\u00e4, ett\u00e4 tarjoamme <b>parhaat saatavilla olevat Pentedrone-kiteet<\/b>, varmistaen, ett\u00e4 kriittiset tutkimussovelluksesi saavat tukea luotettavista yhdisteist\u00e4. Lis\u00e4ksi turvallinen tilausprosessimme ja huomaamaton toimituksemme varmistavat, ett\u00e4 hankintakokemuksesi on sujuva ja luottamuksellinen. Jos haluat l\u00e4pin\u00e4kyvi\u00e4 tietoja ja todennettavissa olevia er\u00e4tallenteita, chemsfine on ehdoton valintasi.<\/p>\n<h2>Pentedronikiteiden sovellukset tutkimuksessa<\/h2>\n<p>Pentedronikiteit\u00e4, jotka on tunnustettu eritt\u00e4in puhtaaksi tutkimusluokan materiaaliksi, k\u00e4ytet\u00e4\u00e4n laajalti erilaisissa valvotuissa laboratorioasetuksissa tieteellisiss\u00e4 tutkimuksissa. Niiden ainutlaatuinen farmakologinen profiili tekee niist\u00e4 kiinnostuksen kohteita aloilla, joilla tutkitaan uusia psykoaktiivisia aineita ja niiden vaikutuksia biologisiin j\u00e4rjestelmiin. Tutkijat k\u00e4ytt\u00e4v\u00e4t Pentedronea yleens\u00e4 seuraaviin tarkoituksiin:<\/p>\n<ul>\n<li>Tutkitaan reseptorien sitoutumisaffiniteetteja in vitro -testeiss\u00e4.<\/li>\n<li>Tutkitaan aineenvaihduntateit\u00e4 ja farmakokineettisi\u00e4 profiileja.<\/li>\n<li>Tutkitaan neurokemiallisia vuorovaikutuksia kontrolloiduissa kokeellisissa malleissa.<\/li>\n<li>Syntetisoida ja luonnehtia sukua olevia analogeja vertailevaa tutkimusta varten.<\/li>\n<li>Tehd\u00e4\u00e4n analyyttisi\u00e4 toksikologisia tutkimuksia havaitsemismenetelmien kehitt\u00e4miseksi.<\/li>\n<li>Tutkitaan substituoitujen katinonien rakenne-aktiivisuussuhteita.<\/li>\n<li>Kehitet\u00e4\u00e4n uusia menetelmi\u00e4 kemiallista analysointia ja tunnistamista varten.<\/li>\n<li>Toimivat vertailumateriaalina rikosteknisiss\u00e4 ja toksikologisissa laboratorioissa.<\/li>\n<\/ul>\n<p>N\u00e4m\u00e4 sovellukset korostavat, ett\u00e4 on t\u00e4rke\u00e4\u00e4 hankkia <b>tutkimusluokan Pentedrone myyt\u00e4v\u00e4n\u00e4<\/b> joka t\u00e4ytt\u00e4\u00e4 tiukat puhtausvaatimukset. Tutustu my\u00f6s muihin tutkimusmateriaaleihimme, kuten <a href=\"https:\/\/chemsfine.com\/fi\/tuote\/bouket-ethanol-33-cannabis-strain\/\">kehittyneet kasviuutteet erityistutkimusta varten<\/a> tarpeita, mik\u00e4 laajentaa tieteellist\u00e4 ty\u00f6kalupakkiasi entisest\u00e4\u00e4n.<\/p>\n<h2>Pentedronen k\u00e4sittelyn turvallisuus ja vaatimustenmukaisuus<\/h2>\n<p>Pentedronen kristallien kanssa ty\u00f6skennelt\u00e4ess\u00e4 tiukkojen turvallisuusprotokollien ja s\u00e4\u00e4ntelyohjeiden noudattaminen on ensiarvoisen t\u00e4rke\u00e4\u00e4. T\u00e4m\u00e4 yhdiste on tarkoitettu tiukasti p\u00e4teviin tutkimustarkoituksiin, eik\u00e4 se ole tarkoitettu ihmisravinnoksi. Tutkijoiden on aina k\u00e4ytett\u00e4v\u00e4 asianmukaisia henkil\u00f6kohtaisia suojavarusteita (PPE), kuten laboratoriotakkeja, k\u00e4sineit\u00e4 ja silmiensuojaimia, altistumisriskien minimoimiseksi. Kaiken k\u00e4sittelyn on tapahduttava hyvin ilmastoidussa ja valvotussa laboratorioymp\u00e4rist\u00f6ss\u00e4, mieluiten huurrehuoneen alla. On t\u00e4rke\u00e4\u00e4 tutustua k\u00e4ytt\u00f6turvallisuustiedotteeseen (SDS), josta l\u00f6ytyy kattavat tiedot vaarojen tunnistamisesta, ensiaputoimenpiteist\u00e4 ja turvallisista varastointik\u00e4yt\u00e4nn\u00f6ist\u00e4. chemsfine toimittaa kaikkien tuotteiden mukana analyysitodistukset (Certificate of Analysis, CoA), jotka vahvistavat Pentedrone-er\u00e4n puhtauden ja identiteetin. Tutkijoiden vastuulla on ymm\u00e4rt\u00e4\u00e4 ja noudattaa kaikkia Pentedronen kaltaisten tutkimuskemikaalien ostoon, varastointiin ja k\u00e4ytt\u00f6\u00f6n liittyvi\u00e4 paikallisia, kansallisia ja kansainv\u00e4lisi\u00e4 s\u00e4\u00e4nn\u00f6ksi\u00e4. Varmista vastuullinen toiminta kaikissa tieteellisiss\u00e4 tutkimuksissasi.<\/p>\n<h2>Tuotteen tekniset tiedot: Pentedrone-kiteet<\/h2>\n<p>Jotta ostoksesi olisi t\u00e4ysin l\u00e4pin\u00e4kyv\u00e4 ja luotettava, t\u00e4ss\u00e4 ovat eritt\u00e4in puhtaiden Pentedrone-kiteidemme yksityiskohtaiset tekniset tiedot:<\/p>\n<table>\n<thead>\n<tr>\n<th>Kiinteist\u00f6<\/th>\n<th>Tekniset tiedot<\/th>\n<\/tr>\n<\/thead>\n<tbody>\n<tr>\n<td>Tuotteen nimi<\/td>\n<td>Pentedrone-kiteet<\/td>\n<\/tr>\n<tr>\n<td>CAS-numero<\/td>\n<td>879685-96-8<\/td>\n<\/tr>\n<tr>\n<td>Kemiallinen kaava<\/td>\n<td>C<sub>12<\/sub>H<sub>17<\/sub>EI<\/td>\n<\/tr>\n<tr>\n<td>Puhtaus<\/td>\n<td>&gt;99%<\/td>\n<\/tr>\n<tr>\n<td>Ulkon\u00e4k\u00f6<\/td>\n<td>Kiteinen kiinte\u00e4 aine<\/td>\n<\/tr>\n<tr>\n<td>K\u00e4ytt\u00f6tarkoitus<\/td>\n<td>Ainoastaan tutkimustarkoituksiin<\/td>\n<\/tr>\n<\/tbody>\n<\/table>\n<h2>Miksi valita chemsfine tutkimuskemikaalitarpeisiisi?<\/h2>\n<p>Chemsfinen sitoutuminen ei rajoitu pelk\u00e4st\u00e4\u00e4n korkealaatuisten tutkimuskemikaalien toimittamiseen, vaan haluamme olla luotettava kumppanisi tieteellisess\u00e4 keksinn\u00f6ss\u00e4. Kun valitset <b>tilata Pentedrone kiteet verkossa<\/b> meilt\u00e4, hy\u00f6dyt vankkumattomasta omistautumisestamme huippuosaamiseen. Tarjoamme avoimia tietoja tuotteistamme, mukaan lukien kattavat analyysitodistukset ja todennetut er\u00e4kohtaiset tiedot, jotka takaavat t\u00e4ydellisen j\u00e4ljitett\u00e4vyyden ja varmuuden. Kilpailukykyinen hinnoittelumme on suunniteltu siten, ett\u00e4 huippuluokan tutkimusmateriaalit ovat saatavilla laadusta tinkim\u00e4tt\u00e4. Ymm\u00e4rr\u00e4mme tutkimusyhteis\u00f6n vivahteikkaat vaatimukset ja olemme sitoutuneet tukemaan ty\u00f6t\u00e4nne rehellisesti ja tehokkaasti. Tutustu monipuoliseen yhdisteluetteloomme, joka sis\u00e4lt\u00e4\u00e4 aineita kehittyneeseen tutkimukseen, kuten <a href=\"https:\/\/chemsfine.com\/fi\/tuote\/puhdasta-heroiinia\/\">muut erikoistuneet tutkimuskemikaalit<\/a>, jotka kaikki ovat tiukkojen standardiemme tukemia. Valitse chemsfine, jos haluat saumattoman ja luotettavan hankintakokemuksen.<\/p>\n<h2>P\u00e4\u00e4telm\u00e4<\/h2>\n<p>Yhteenvetona voidaan todeta, ett\u00e4 tinkim\u00e4t\u00f6nt\u00e4 laatua ja luotettavuutta etsiville tutkijoille chemsfine on ensisijainen kohde. <b>ostaa Pentedrone-kiteit\u00e4 myyt\u00e4v\u00e4n\u00e4<\/b>. Korkeapuhdas, huolellisesti testattu Pentedrone varmistaa, ett\u00e4 tieteelliset pyrkimyksesi saavat tukea luotettavimmista saatavilla olevista yhdisteist\u00e4. Edist\u00e4mme uraauurtavia l\u00f6yt\u00f6j\u00e4 tarjoamalla poikkeuksellisia tuotteita, joiden taustalla on l\u00e4pin\u00e4kyv\u00e4\u00e4 tietoa ja erinomaista asiakaspalvelua. Tee seuraavasta tutkimushankkeestasi menestys tekem\u00e4ll\u00e4 yhteisty\u00f6t\u00e4 chemsfinen kanssa, jossa laatu ja tieteellinen edistys kohtaavat. Varmista huippulaadukkaiden Pentedrone-kiteiden toimitus jo t\u00e4n\u00e4\u00e4n ja vapauta tutkimustesi t\u00e4ysi potentiaali.<\/p>","protected":false},"excerpt":{"rendered":"<p>Tutustu <b>Pentedrone-kiteet<\/b>, high-purity research stimulants. Meticulously tested for reliability and effectiveness, these crystals unlock groundbreaking scientific potential. You can buy them at chemsfine for your advanced research needs, ensuring quality and precision.<\/p>","protected":false},"featured_media":6233,"comment_status":"open","ping_status":"closed","template":"","meta":{"_joinchat":[]},"product_brand":[],"product_cat":[951],"product_tag":[],"class_list":{"0":"post-6189","1":"product","2":"type-product","3":"status-publish","4":"has-post-thumbnail","6":"product_cat-stimulants","8":"first","9":"instock","10":"shipping-taxable","11":"purchasable","12":"product-type-variable"},"yoast_head":"<!-- This site is optimized with the Yoast SEO plugin v27.2 - https:\/\/yoast.com\/product\/yoast-seo-wordpress\/ -->\n<title>Buy Pentedrone Crystals Online | Best Price &amp; High Purity<\/title>\n<meta name=\"description\" content=\"Buy Pentedrone crystals online at chemsfine for high-purity research. Unlock groundbreaking potential with meticulously tested stimulants, available now at the best prices.\" \/>\n<meta name=\"robots\" content=\"index, follow, max-snippet:-1, max-image-preview:large, max-video-preview:-1\" \/>\n<link rel=\"canonical\" href=\"https:\/\/chemsfine.com\/fi\/tuote\/buy-pentedrone-crystals-online\/\" \/>\n<meta property=\"og:locale\" content=\"fi_FI\" \/>\n<meta property=\"og:type\" content=\"article\" \/>\n<meta property=\"og:title\" content=\"Buy Pentedrone Crystals Online | Best Price &amp; High Purity\" \/>\n<meta property=\"og:description\" content=\"Buy Pentedrone crystals online at chemsfine for high-purity research. Unlock groundbreaking potential with meticulously tested stimulants, available now at the best prices.\" \/>\n<meta property=\"og:url\" content=\"https:\/\/chemsfine.com\/fi\/tuote\/buy-pentedrone-crystals-online\/\" \/>\n<meta property=\"og:site_name\" content=\"Chemsfine\" \/>\n<meta property=\"article:modified_time\" content=\"2026-03-25T13:30:12+00:00\" \/>\n<meta property=\"og:image\" content=\"https:\/\/chemsfine.com\/wp-content\/uploads\/2026\/02\/buy-top-grade-pentedrone-crystals-online-research-stimulants-2.jpg\" \/>\n\t<meta property=\"og:image:width\" content=\"600\" \/>\n\t<meta property=\"og:image:height\" content=\"600\" \/>\n\t<meta property=\"og:image:type\" content=\"image\/jpeg\" \/>\n<meta name=\"twitter:card\" content=\"summary_large_image\" \/>\n<meta name=\"twitter:label1\" content=\"Arvioitu lukuaika\" \/>\n\t<meta name=\"twitter:data1\" content=\"5 minuuttia\" \/>\n<script type=\"application\/ld+json\" class=\"yoast-schema-graph\">{\"@context\":\"https:\/\/schema.org\",\"@graph\":[{\"@type\":\"WebPage\",\"@id\":\"https:\/\/chemsfine.com\/product\/buy-pentedrone-crystals-online\/\",\"url\":\"https:\/\/chemsfine.com\/product\/buy-pentedrone-crystals-online\/\",\"name\":\"Buy Pentedrone Crystals Online | Best Price &amp; High Purity\",\"isPartOf\":{\"@id\":\"https:\/\/chemsfine.com\/#website\"},\"primaryImageOfPage\":{\"@id\":\"https:\/\/chemsfine.com\/product\/buy-pentedrone-crystals-online\/#primaryimage\"},\"image\":{\"@id\":\"https:\/\/chemsfine.com\/product\/buy-pentedrone-crystals-online\/#primaryimage\"},\"thumbnailUrl\":\"https:\/\/chemsfine.com\/wp-content\/uploads\/2026\/02\/buy-top-grade-pentedrone-crystals-online-research-stimulants-2.jpg\",\"datePublished\":\"2026-02-12T09:59:31+00:00\",\"dateModified\":\"2026-03-25T13:30:12+00:00\",\"description\":\"Buy Pentedrone crystals online at chemsfine for high-purity research. Unlock groundbreaking potential with meticulously tested stimulants, available now at the best prices.\",\"breadcrumb\":{\"@id\":\"https:\/\/chemsfine.com\/product\/buy-pentedrone-crystals-online\/#breadcrumb\"},\"inLanguage\":\"fi\",\"potentialAction\":[{\"@type\":\"ReadAction\",\"target\":[\"https:\/\/chemsfine.com\/product\/buy-pentedrone-crystals-online\/\"]}]},{\"@type\":\"ImageObject\",\"inLanguage\":\"fi\",\"@id\":\"https:\/\/chemsfine.com\/product\/buy-pentedrone-crystals-online\/#primaryimage\",\"url\":\"https:\/\/chemsfine.com\/wp-content\/uploads\/2026\/02\/buy-top-grade-pentedrone-crystals-online-research-stimulants-2.jpg\",\"contentUrl\":\"https:\/\/chemsfine.com\/wp-content\/uploads\/2026\/02\/buy-top-grade-pentedrone-crystals-online-research-stimulants-2.jpg\",\"width\":600,\"height\":600},{\"@type\":\"BreadcrumbList\",\"@id\":\"https:\/\/chemsfine.com\/product\/buy-pentedrone-crystals-online\/#breadcrumb\",\"itemListElement\":[{\"@type\":\"ListItem\",\"position\":1,\"name\":\"Home\",\"item\":\"https:\/\/chemsfine.com\/\"},{\"@type\":\"ListItem\",\"position\":2,\"name\":\"Shop\",\"item\":\"https:\/\/chemsfine.com\/shop\/\"},{\"@type\":\"ListItem\",\"position\":3,\"name\":\"Buy Top Grade Pentedrone Crystals Online | Research Stimulants\"}]},{\"@type\":\"WebSite\",\"@id\":\"https:\/\/chemsfine.com\/#website\",\"url\":\"https:\/\/chemsfine.com\/\",\"name\":\"Chemsfine\",\"description\":\"My WordPress Blog\",\"publisher\":{\"@id\":\"https:\/\/chemsfine.com\/#organization\"},\"potentialAction\":[{\"@type\":\"SearchAction\",\"target\":{\"@type\":\"EntryPoint\",\"urlTemplate\":\"https:\/\/chemsfine.com\/?s={search_term_string}\"},\"query-input\":{\"@type\":\"PropertyValueSpecification\",\"valueRequired\":true,\"valueName\":\"search_term_string\"}}],\"inLanguage\":\"fi\"},{\"@type\":\"Organization\",\"@id\":\"https:\/\/chemsfine.com\/#organization\",\"name\":\"Chemsfine\",\"url\":\"https:\/\/chemsfine.com\/\",\"logo\":{\"@type\":\"ImageObject\",\"inLanguage\":\"fi\",\"@id\":\"https:\/\/chemsfine.com\/#\/schema\/logo\/image\/\",\"url\":\"https:\/\/chemsfine.com\/wp-content\/uploads\/2024\/09\/final-logo.png\",\"contentUrl\":\"https:\/\/chemsfine.com\/wp-content\/uploads\/2024\/09\/final-logo.png\",\"width\":340,\"height\":72,\"caption\":\"Chemsfine\"},\"image\":{\"@id\":\"https:\/\/chemsfine.com\/#\/schema\/logo\/image\/\"}}]}<\/script>\n<!-- \/ Yoast SEO plugin. -->","yoast_head_json":{"title":"Osta Pentedrone Crystals Online | Paras hinta &amp; korkea puhtausaste","description":"Osta Pentedrone-kiteit\u00e4 verkossa chemsfine-verkkokaupasta eritt\u00e4in puhdasta tutkimusta varten. Avaa uraauurtava potentiaali huolellisesti testatuilla stimulanteilla, jotka ovat nyt saatavilla parhaaseen hintaan.","robots":{"index":"index","follow":"follow","max-snippet":"max-snippet:-1","max-image-preview":"max-image-preview:large","max-video-preview":"max-video-preview:-1"},"canonical":"https:\/\/chemsfine.com\/fi\/tuote\/buy-pentedrone-crystals-online\/","og_locale":"fi_FI","og_type":"article","og_title":"Buy Pentedrone Crystals Online | Best Price &amp; High Purity","og_description":"Buy Pentedrone crystals online at chemsfine for high-purity research. Unlock groundbreaking potential with meticulously tested stimulants, available now at the best prices.","og_url":"https:\/\/chemsfine.com\/fi\/tuote\/buy-pentedrone-crystals-online\/","og_site_name":"Chemsfine","article_modified_time":"2026-03-25T13:30:12+00:00","og_image":[{"width":600,"height":600,"url":"https:\/\/chemsfine.com\/wp-content\/uploads\/2026\/02\/buy-top-grade-pentedrone-crystals-online-research-stimulants-2.jpg","type":"image\/jpeg"}],"twitter_card":"summary_large_image","twitter_misc":{"Arvioitu lukuaika":"5 minuuttia"},"schema":{"@context":"https:\/\/schema.org","@graph":[{"@type":"WebPage","@id":"https:\/\/chemsfine.com\/product\/buy-pentedrone-crystals-online\/","url":"https:\/\/chemsfine.com\/product\/buy-pentedrone-crystals-online\/","name":"Osta Pentedrone Crystals Online | Paras hinta &amp; korkea puhtausaste","isPartOf":{"@id":"https:\/\/chemsfine.com\/#website"},"primaryImageOfPage":{"@id":"https:\/\/chemsfine.com\/product\/buy-pentedrone-crystals-online\/#primaryimage"},"image":{"@id":"https:\/\/chemsfine.com\/product\/buy-pentedrone-crystals-online\/#primaryimage"},"thumbnailUrl":"https:\/\/chemsfine.com\/wp-content\/uploads\/2026\/02\/buy-top-grade-pentedrone-crystals-online-research-stimulants-2.jpg","datePublished":"2026-02-12T09:59:31+00:00","dateModified":"2026-03-25T13:30:12+00:00","description":"Osta Pentedrone-kiteit\u00e4 verkossa chemsfine-verkkokaupasta eritt\u00e4in puhdasta tutkimusta varten. Avaa uraauurtava potentiaali huolellisesti testatuilla stimulanteilla, jotka ovat nyt saatavilla parhaaseen hintaan.","breadcrumb":{"@id":"https:\/\/chemsfine.com\/product\/buy-pentedrone-crystals-online\/#breadcrumb"},"inLanguage":"fi","potentialAction":[{"@type":"ReadAction","target":["https:\/\/chemsfine.com\/product\/buy-pentedrone-crystals-online\/"]}]},{"@type":"ImageObject","inLanguage":"fi","@id":"https:\/\/chemsfine.com\/product\/buy-pentedrone-crystals-online\/#primaryimage","url":"https:\/\/chemsfine.com\/wp-content\/uploads\/2026\/02\/buy-top-grade-pentedrone-crystals-online-research-stimulants-2.jpg","contentUrl":"https:\/\/chemsfine.com\/wp-content\/uploads\/2026\/02\/buy-top-grade-pentedrone-crystals-online-research-stimulants-2.jpg","width":600,"height":600},{"@type":"BreadcrumbList","@id":"https:\/\/chemsfine.com\/product\/buy-pentedrone-crystals-online\/#breadcrumb","itemListElement":[{"@type":"ListItem","position":1,"name":"Home","item":"https:\/\/chemsfine.com\/"},{"@type":"ListItem","position":2,"name":"Shop","item":"https:\/\/chemsfine.com\/shop\/"},{"@type":"ListItem","position":3,"name":"Buy Top Grade Pentedrone Crystals Online | Research Stimulants"}]},{"@type":"WebSite","@id":"https:\/\/chemsfine.com\/#website","url":"https:\/\/chemsfine.com\/","name":"Chemsfine","description":"Minun WordPress blogi","publisher":{"@id":"https:\/\/chemsfine.com\/#organization"},"potentialAction":[{"@type":"SearchAction","target":{"@type":"EntryPoint","urlTemplate":"https:\/\/chemsfine.com\/?s={search_term_string}"},"query-input":{"@type":"PropertyValueSpecification","valueRequired":true,"valueName":"search_term_string"}}],"inLanguage":"fi"},{"@type":"Organization","@id":"https:\/\/chemsfine.com\/#organization","name":"Chemsfine","url":"https:\/\/chemsfine.com\/","logo":{"@type":"ImageObject","inLanguage":"fi","@id":"https:\/\/chemsfine.com\/#\/schema\/logo\/image\/","url":"https:\/\/chemsfine.com\/wp-content\/uploads\/2024\/09\/final-logo.png","contentUrl":"https:\/\/chemsfine.com\/wp-content\/uploads\/2024\/09\/final-logo.png","width":340,"height":72,"caption":"Chemsfine"},"image":{"@id":"https:\/\/chemsfine.com\/#\/schema\/logo\/image\/"}}]}},"_links":{"self":[{"href":"https:\/\/chemsfine.com\/fi\/wp-json\/wp\/v2\/product\/6189","targetHints":{"allow":["GET"]}}],"collection":[{"href":"https:\/\/chemsfine.com\/fi\/wp-json\/wp\/v2\/product"}],"about":[{"href":"https:\/\/chemsfine.com\/fi\/wp-json\/wp\/v2\/types\/product"}],"replies":[{"embeddable":true,"href":"https:\/\/chemsfine.com\/fi\/wp-json\/wp\/v2\/comments?post=6189"}],"wp:featuredmedia":[{"embeddable":true,"href":"https:\/\/chemsfine.com\/fi\/wp-json\/wp\/v2\/media\/6233"}],"wp:attachment":[{"href":"https:\/\/chemsfine.com\/fi\/wp-json\/wp\/v2\/media?parent=6189"}],"wp:term":[{"taxonomy":"product_brand","embeddable":true,"href":"https:\/\/chemsfine.com\/fi\/wp-json\/wp\/v2\/product_brand?post=6189"},{"taxonomy":"product_cat","embeddable":true,"href":"https:\/\/chemsfine.com\/fi\/wp-json\/wp\/v2\/product_cat?post=6189"},{"taxonomy":"product_tag","embeddable":true,"href":"https:\/\/chemsfine.com\/fi\/wp-json\/wp\/v2\/product_tag?post=6189"}],"curies":[{"name":"wp","href":"https:\/\/api.w.org\/{rel}","templated":true}]}}