{"id":6190,"date":"2026-02-12T09:59:31","date_gmt":"2026-02-12T09:59:31","guid":{"rendered":"https:\/\/chemsfine.com\/?post_type=product&#038;p=6190"},"modified":"2026-03-25T13:29:44","modified_gmt":"2026-03-25T13:29:44","slug":"buy-bath-salts-cathinones","status":"publish","type":"product","link":"https:\/\/chemsfine.com\/fi\/product\/buy-bath-salts-cathinones\/","title":{"rendered":"Osta laadukkaita kylpysuoloja verkossa | Potentiaaliset synteettiset katinonit | Tutkimus Stimulantit"},"content":{"rendered":"<p>Tervetuloa chemsfineen, luotettuun l\u00e4hteeseesi, jossa voitte <b>Osta synteettisi\u00e4 Cathinones myyt\u00e4v\u00e4n\u00e4<\/b>, erityisesti eritt\u00e4in puhdas <b>kylpysuolat jauhe<\/b>. Olemme erikoistuneet tarjoamaan kehittyneit\u00e4 <b>tutkimuskemikaalit<\/b>, joka sis\u00e4lt\u00e4\u00e4 voimakkaan sekoituksen synteettisi\u00e4 katinoneja, joihin kuuluu tunnettuja analogeja, kuten MDPV, mefedroni ja metyloni. Sitoutumisemme laatuun takaa, ett\u00e4 jokainen er\u00e4 on \u226598%-puhdas, mik\u00e4 vahvistetaan kattavalla analyysitodistuksella (CoA). N\u00e4m\u00e4 <b>tutkimusluokka myyt\u00e4v\u00e4n\u00e4<\/b> yhdisteet valmistetaan huolellisesti vaativimpiin tieteellisiin tutkimuksiin, jotka koskevat kehittynytt\u00e4 neurofarmakologiaa, monoamiinin kuljettajamekanismeja ja erilaisia stimulanttitutkimuksia. Alustamme takaa p\u00e4\u00e4syn huipputason tutkimusmateriaaleihin, jotka ovat v\u00e4ltt\u00e4m\u00e4tt\u00f6mi\u00e4 uraauurtaville keksinn\u00f6ille.<\/p>\n<h2>Mit\u00e4 ovat synteettiset katinonit?<\/h2>\n<p>Synteettiset katinonit, jotka tunnetaan usein puhekieless\u00e4 nimell\u00e4 <b>kylpysuolat jauhe<\/b> edustavat tutkimuskontekstissa psykoaktiivisten aineiden luokkaa, joka on kemiallisesti samanlainen kuin khat-kasvissa luonnossa esiintyv\u00e4 katinoni. N\u00e4it\u00e4 yhdisteit\u00e4 k\u00e4ytet\u00e4\u00e4n laajasti <b>tutkimuskemikaalit<\/b> tutkia niiden ainutlaatuista vuorovaikutusta biologisissa j\u00e4rjestelmiss\u00e4. Valikoimaamme kuuluu suosittuja variantteja, kuten MDPV:t\u00e4, mefedronia ja metyleenianalogeja, jotka kaikki on suunniteltu korkean spesifisyyden ja tehon saavuttamiseksi laboratorio-olosuhteissa. Tutkijat k\u00e4ytt\u00e4v\u00e4t n\u00e4it\u00e4 materiaaleja usein monoamiinin kuljettajien monimutkaisten reittien selvitt\u00e4miseen ja stimulanttien mekanismien laajempien vaikutusten ymm\u00e4rt\u00e4miseen. Niille, jotka etsiv\u00e4t <b>Korkealaatuiset synteettiset katinonit<\/b> hankkeisiinsa, niiden tarkan kemiallisen luonteen ja vaikutusten ymm\u00e4rt\u00e4minen on ensiarvoisen t\u00e4rke\u00e4\u00e4.<\/p>\n<h3>Tutkimusluokan synteettisten katinonien t\u00e4rkeimm\u00e4t tekniset tiedot<\/h3>\n<table>\n<thead>\n<tr>\n<th>Attribuutti<\/th>\n<th>Yksityiskohta<\/th>\n<\/tr>\n<\/thead>\n<tbody>\n<tr>\n<td>Tuotteen muoto<\/td>\n<td>Hieno jauhe<\/td>\n<\/tr>\n<tr>\n<td>Puhtausaste<\/td>\n<td>\u226598%<\/td>\n<\/tr>\n<tr>\n<td>Kemiallinen luokka<\/td>\n<td>Synteettiset katinonit<\/td>\n<\/tr>\n<tr>\n<td>Ensisijaiset analogit<\/td>\n<td>MDPV, mefedroni, metyloni<\/td>\n<\/tr>\n<tr>\n<td>Laadunvarmistus<\/td>\n<td>Analyysitodistus (CoA) toimitetaan<\/td>\n<\/tr>\n<tr>\n<td>K\u00e4ytt\u00f6tarkoitus<\/td>\n<td>Laboratoriotutkimus ja tieteelliset tutkimukset<\/td>\n<\/tr>\n<\/tbody>\n<\/table>\n<h2>Miksi ostaa synteettisi\u00e4 katinoneja verkossa chemsfine?<\/h2>\n<p>Kun valitset <b>ostaa synteettisi\u00e4 katinoneja verkossa<\/b> chemsfinen kanssa valitset vertaansa vailla olevan luotettavuuden ja hienovaraisuuden. Olemme ylpeit\u00e4 siit\u00e4, ett\u00e4 tarjoamme <b>Parhaat saatavilla olevat synteettiset katinonit<\/b>, N\u00e4in varmistetaan, ett\u00e4 jokainen ostos tukee tiukkaa ja luotettavaa tutkimusta. Tieteellist\u00e4 rehellisyytt\u00e4 koskeva sitoumuksemme tarkoittaa, ett\u00e4 tarjoamme vain <b>eritt\u00e4in puhtaat tutkimuskemikaalit<\/b> jotka t\u00e4ytt\u00e4v\u00e4t tiukan laadunvalvonnan. Ymm\u00e4rr\u00e4mme laboratoriomateriaalien johdonmukaisuuden kriittisen tarpeen, mink\u00e4 vuoksi kaikkiin tuotteisiimme liittyy yksityiskohtainen CoA, joka vahvistaa niiden \u226598%-puhtauden. Lis\u00e4ksi huomaamaton maailmanlaajuinen toimituksemme takaa, ett\u00e4 tilauksesi saapuvat turvallisesti ja luottamuksellisesti, mik\u00e4 suojaa tutkimustoimitusketjusi eheytt\u00e4. Luota chemsfineen seuraavan er\u00e4n osalta <b>voimakkaat tutkimuskemikaalit<\/b>.<\/p>\n<h2>Tutkimusasteen synteettisten katinonien sovellukset<\/h2>\n<p>Synteettisten katinonien monipuolisuus tekee niist\u00e4 korvaamattomia ty\u00f6kaluja eri tieteenaloilla. Tutkijat k\u00e4ytt\u00e4v\u00e4t rutiininomaisesti n\u00e4it\u00e4 <b>laboratoriolaatu myyt\u00e4v\u00e4n\u00e4<\/b> yhdisteit\u00e4 moniin edistyneisiin tutkimuksiin. Seuraavassa on joitakin ensisijaisia sovelluksia:<\/p>\n<ul>\n<li>Kehittyneiden neurofarmakologisten reaktioiden ja reittien tutkiminen.<\/li>\n<li>Monoamiinikuljettajien kinetiikan ja inhibitioprofiilien karakterisointi.<\/li>\n<li>Tarkkojen stimulanttien vaikutusmekanismien analysointi biologisissa malleissa.<\/li>\n<li>Uusien terapeuttisten aineiden kehitt\u00e4minen keskushermoston h\u00e4iri\u00f6ihin.<\/li>\n<li>Uusien psykoaktiivisten aineiden farmakokineettiset ja farmakodynaamiset arvioinnit.<\/li>\n<li>Reseptorien sitoutumisaffiniteettien ja signaalinsiirtoketjujen tutkiminen.<\/li>\n<\/ul>\n<p>Aiheeseen liittyvien tutkimusyhdisteiden osalta saatat olla kiinnostunut my\u00f6s tarjoamistamme tuotteista kuten <b><a href=\"https:\/\/chemsfine.com\/fi\/tuote\/jack-herer-sativa-strain-buy-online\/\">Jack Herer Sativa-kanta<\/a><\/b> tai muu <b><a href=\"https:\/\/chemsfine.com\/fi\/tuote\/buy-ur-144-online\/\">tutkimuskemikaalit, kuten UR-144<\/a><\/b>, jotka t\u00e4ydent\u00e4v\u00e4t neurobiologian ja farmakologian tutkimuksia.<\/p>\n<h2>Tutkimuskemikaalien turvallisuus ja vaatimustenmukaisuus<\/h2>\n<p>Vastuullinen k\u00e4sittely ja turvallisuusprotokollien noudattaminen ovat ensiarvoisen t\u00e4rkeit\u00e4 ty\u00f6skennelt\u00e4ess\u00e4 seuraavien aineiden kanssa <b>voimakkaat tutkimuskemikaalit<\/b> kuten synteettiset katinonit. On t\u00e4rke\u00e4\u00e4 toimia valvotussa laboratorioymp\u00e4rist\u00f6ss\u00e4 ja k\u00e4ytt\u00e4\u00e4 asianmukaisia henkil\u00f6kohtaisia suojavarusteita, kuten k\u00e4sineit\u00e4, laboratoriotakkeja ja silmiensuojaimia. Tutkijoiden on oltava t\u00e4ysin tietoisia kaikista alueellisista ja institutionaalisista s\u00e4\u00e4nn\u00f6ksist\u00e4, jotka koskevat t\u00e4llaisten yhdisteiden varastointia, k\u00e4ytt\u00f6\u00e4 ja h\u00e4vitt\u00e4mist\u00e4, ja noudatettava niit\u00e4. Suosittelemme, ett\u00e4 tutustutte k\u00e4ytt\u00f6turvallisuustiedotteeseen (SDS), josta saatte yksityiskohtaista tietoa turvallisista k\u00e4sittelyk\u00e4yt\u00e4nn\u00f6ist\u00e4, mahdollisista vaaroista ja h\u00e4t\u00e4tilannemenettelyist\u00e4. Analyysitodistuksen (Certificate of Analysis, CoA) saatavuus auttaa lis\u00e4ksi ymm\u00e4rt\u00e4m\u00e4\u00e4n aineiden tarkan koostumuksen ja puhtauden, mik\u00e4 takaa tarkan riskinarvioinnin ja koesuunnittelun kaikissa tapauksissa. <b>eritt\u00e4in puhdasta kylpysuolaa jauheena<\/b>.<\/p>\n<h2>Miksi valita chemsfine tutkimustarpeisiisi?<\/h2>\n<p>Chemsfinen valitseminen tarkoittaa kumppanuutta huippuosaamiseen ja avoimuuteen sitoutuneen toimittajan kanssa. Tarjoamme yksityiskohtaiset ja todennetut er\u00e4kohtaiset tiedot kaikista tuotteistamme, joten voit luottaa t\u00e4ysin tuotteen laatuun. <b>tutkimusaste<\/b> materiaalit. N\u00e4iden tuotteiden kilpailukykyinen hinnoittelu <b>myyt\u00e4v\u00e4t tutkimuskemikaalit<\/b> tekee huippututkimuksesta helpommin saatavilla olevaa puhtaudesta tai luotettavuudesta tinkim\u00e4tt\u00e4. Tehostamme prosessia, jotta voit helposti <b>Tilaa synteettiset katinonit verkossa<\/b>, jonka taustalla on maine rehellisyydest\u00e4 ja asiakastuesta. Sitoumuksemme ulottuu kattavien tietojen tarjoamiseen jokaisesta yhdisteest\u00e4, mik\u00e4 auttaa tutkijoita tekem\u00e4\u00e4n perusteltuja p\u00e4\u00e4t\u00f6ksi\u00e4 projekteissaan. Koe ero, jonka omistautunut laatu ja palvelu tuovat tieteellisiin pyrkimyksiisi chemsfinen kanssa.<\/p>\n<h2>P\u00e4\u00e4telm\u00e4<\/h2>\n<p>Yhteenvetona voidaan todeta, ett\u00e4 tutkijat, jotka pyrkiv\u00e4t <b>Osta synteettisi\u00e4 Cathinones myyt\u00e4v\u00e4n\u00e4<\/b>, chemsfine on johtava toimittaja, joka tarjoaa <b>eritt\u00e4in puhdasta kylpysuolaa jauheena<\/b>. Valikoimamme voimakkaita synteettisi\u00e4 katinoneja, mukaan lukien MDPV, mefedroni ja metyloni-analogit, on testattu tiukasti \u226598%-puhtauden varmistamiseksi, ja mukana on kiistaton CoA. N\u00e4m\u00e4 monipuoliset <b>tutkimuskemikaalit<\/b> ovat v\u00e4ltt\u00e4m\u00e4tt\u00f6mi\u00e4 neurofarmakologian, monoamiinin kuljettajien ja stimulanttien mekanismitutkimuksissa. Me helpotamme turvallista ja huomaamatonta hankintaa, mik\u00e4 antaa tutkimuksellesi luotettavat ja korkealaatuiset aineet. Paranna tieteellist\u00e4 tutkimustasi valitsemalla chemsfine luotetuksi kumppaniksesi, joka tarjoaa ensiluokkaisia <b>tutkimusstimulantit<\/b>.<\/p>","protected":false},"excerpt":{"rendered":"<p>Tutustu eritt\u00e4in puhtaaseen <b>synteettiset katinonit<\/b> blend, including MDPV and mephedrone analogs, for advanced neuropharmacology studies. Potent research chemicals \u226598% pure with COA. You can <b>buy synthetic cathinones<\/b> at chemsfine for precise scientific research.<\/p>","protected":false},"featured_media":6234,"comment_status":"open","ping_status":"closed","template":"","meta":{"_joinchat":[]},"product_brand":[],"product_cat":[951],"product_tag":[],"class_list":{"0":"post-6190","1":"product","2":"type-product","3":"status-publish","4":"has-post-thumbnail","6":"product_cat-stimulants","8":"first","9":"instock","10":"shipping-taxable","11":"purchasable","12":"product-type-variable"},"yoast_head":"<!-- This site is optimized with the Yoast SEO plugin v27.2 - https:\/\/yoast.com\/product\/yoast-seo-wordpress\/ -->\n<title>High-Purity Bath Salts For Sale Online | Research Grade<\/title>\n<meta name=\"description\" content=\"Discover high-purity synthetic cathinones for research. Buy potent bath salts online at chemsfine, \u226598% pure with COA. Advanced neuropharmacology studies. Order now!\" \/>\n<meta name=\"robots\" content=\"index, follow, max-snippet:-1, max-image-preview:large, max-video-preview:-1\" \/>\n<link rel=\"canonical\" href=\"https:\/\/chemsfine.com\/fi\/tuote\/buy-bath-salts-cathinones\/\" \/>\n<meta property=\"og:locale\" content=\"fi_FI\" \/>\n<meta property=\"og:type\" content=\"article\" \/>\n<meta property=\"og:title\" content=\"High-Purity Bath Salts For Sale Online | Research Grade\" \/>\n<meta property=\"og:description\" content=\"Discover high-purity synthetic cathinones for research. Buy potent bath salts online at chemsfine, \u226598% pure with COA. Advanced neuropharmacology studies. Order now!\" \/>\n<meta property=\"og:url\" content=\"https:\/\/chemsfine.com\/fi\/tuote\/buy-bath-salts-cathinones\/\" \/>\n<meta property=\"og:site_name\" content=\"Chemsfine\" \/>\n<meta property=\"article:modified_time\" content=\"2026-03-25T13:29:44+00:00\" \/>\n<meta property=\"og:image\" content=\"https:\/\/chemsfine.com\/wp-content\/uploads\/2026\/02\/buy-quality-bath-salts-online-potent-synthetic-cathinones-research-3.jpg\" \/>\n\t<meta property=\"og:image:width\" content=\"1024\" \/>\n\t<meta property=\"og:image:height\" content=\"965\" \/>\n\t<meta property=\"og:image:type\" content=\"image\/jpeg\" \/>\n<meta name=\"twitter:card\" content=\"summary_large_image\" \/>\n<meta name=\"twitter:label1\" content=\"Arvioitu lukuaika\" \/>\n\t<meta name=\"twitter:data1\" content=\"4 minuuttia\" \/>\n<script type=\"application\/ld+json\" class=\"yoast-schema-graph\">{\"@context\":\"https:\/\/schema.org\",\"@graph\":[{\"@type\":\"WebPage\",\"@id\":\"https:\/\/chemsfine.com\/product\/buy-bath-salts-cathinones\/\",\"url\":\"https:\/\/chemsfine.com\/product\/buy-bath-salts-cathinones\/\",\"name\":\"High-Purity Bath Salts For Sale Online | Research Grade\",\"isPartOf\":{\"@id\":\"https:\/\/chemsfine.com\/#website\"},\"primaryImageOfPage\":{\"@id\":\"https:\/\/chemsfine.com\/product\/buy-bath-salts-cathinones\/#primaryimage\"},\"image\":{\"@id\":\"https:\/\/chemsfine.com\/product\/buy-bath-salts-cathinones\/#primaryimage\"},\"thumbnailUrl\":\"https:\/\/chemsfine.com\/wp-content\/uploads\/2026\/02\/buy-quality-bath-salts-online-potent-synthetic-cathinones-research-3.jpg\",\"datePublished\":\"2026-02-12T09:59:31+00:00\",\"dateModified\":\"2026-03-25T13:29:44+00:00\",\"description\":\"Discover high-purity synthetic cathinones for research. Buy potent bath salts online at chemsfine, \u226598% pure with COA. Advanced neuropharmacology studies. Order now!\",\"breadcrumb\":{\"@id\":\"https:\/\/chemsfine.com\/product\/buy-bath-salts-cathinones\/#breadcrumb\"},\"inLanguage\":\"fi\",\"potentialAction\":[{\"@type\":\"ReadAction\",\"target\":[\"https:\/\/chemsfine.com\/product\/buy-bath-salts-cathinones\/\"]}]},{\"@type\":\"ImageObject\",\"inLanguage\":\"fi\",\"@id\":\"https:\/\/chemsfine.com\/product\/buy-bath-salts-cathinones\/#primaryimage\",\"url\":\"https:\/\/chemsfine.com\/wp-content\/uploads\/2026\/02\/buy-quality-bath-salts-online-potent-synthetic-cathinones-research-3.jpg\",\"contentUrl\":\"https:\/\/chemsfine.com\/wp-content\/uploads\/2026\/02\/buy-quality-bath-salts-online-potent-synthetic-cathinones-research-3.jpg\",\"width\":1024,\"height\":965},{\"@type\":\"BreadcrumbList\",\"@id\":\"https:\/\/chemsfine.com\/product\/buy-bath-salts-cathinones\/#breadcrumb\",\"itemListElement\":[{\"@type\":\"ListItem\",\"position\":1,\"name\":\"Home\",\"item\":\"https:\/\/chemsfine.com\/\"},{\"@type\":\"ListItem\",\"position\":2,\"name\":\"Shop\",\"item\":\"https:\/\/chemsfine.com\/shop\/\"},{\"@type\":\"ListItem\",\"position\":3,\"name\":\"Buy quality bath salts online | Potent synthetic cathinones | Research Stimulants\"}]},{\"@type\":\"WebSite\",\"@id\":\"https:\/\/chemsfine.com\/#website\",\"url\":\"https:\/\/chemsfine.com\/\",\"name\":\"Chemsfine\",\"description\":\"My WordPress Blog\",\"publisher\":{\"@id\":\"https:\/\/chemsfine.com\/#organization\"},\"potentialAction\":[{\"@type\":\"SearchAction\",\"target\":{\"@type\":\"EntryPoint\",\"urlTemplate\":\"https:\/\/chemsfine.com\/?s={search_term_string}\"},\"query-input\":{\"@type\":\"PropertyValueSpecification\",\"valueRequired\":true,\"valueName\":\"search_term_string\"}}],\"inLanguage\":\"fi\"},{\"@type\":\"Organization\",\"@id\":\"https:\/\/chemsfine.com\/#organization\",\"name\":\"Chemsfine\",\"url\":\"https:\/\/chemsfine.com\/\",\"logo\":{\"@type\":\"ImageObject\",\"inLanguage\":\"fi\",\"@id\":\"https:\/\/chemsfine.com\/#\/schema\/logo\/image\/\",\"url\":\"https:\/\/chemsfine.com\/wp-content\/uploads\/2024\/09\/final-logo.png\",\"contentUrl\":\"https:\/\/chemsfine.com\/wp-content\/uploads\/2024\/09\/final-logo.png\",\"width\":340,\"height\":72,\"caption\":\"Chemsfine\"},\"image\":{\"@id\":\"https:\/\/chemsfine.com\/#\/schema\/logo\/image\/\"}}]}<\/script>\n<!-- \/ Yoast SEO plugin. -->","yoast_head_json":{"title":"Puhtaat kylpysuolat myyt\u00e4v\u00e4n\u00e4 verkossa | Research Grade","description":"L\u00f6yd\u00e4 eritt\u00e4in puhtaat synteettiset katinonit tutkimusta varten. Osta voimakkaita kylpysuoloja verkossa chemsfine, \u226598% puhdas COA. Edistyneet neurofarmakologiset tutkimukset. Tilaa nyt!","robots":{"index":"index","follow":"follow","max-snippet":"max-snippet:-1","max-image-preview":"max-image-preview:large","max-video-preview":"max-video-preview:-1"},"canonical":"https:\/\/chemsfine.com\/fi\/tuote\/buy-bath-salts-cathinones\/","og_locale":"fi_FI","og_type":"article","og_title":"High-Purity Bath Salts For Sale Online | Research Grade","og_description":"Discover high-purity synthetic cathinones for research. Buy potent bath salts online at chemsfine, \u226598% pure with COA. Advanced neuropharmacology studies. Order now!","og_url":"https:\/\/chemsfine.com\/fi\/tuote\/buy-bath-salts-cathinones\/","og_site_name":"Chemsfine","article_modified_time":"2026-03-25T13:29:44+00:00","og_image":[{"width":1024,"height":965,"url":"https:\/\/chemsfine.com\/wp-content\/uploads\/2026\/02\/buy-quality-bath-salts-online-potent-synthetic-cathinones-research-3.jpg","type":"image\/jpeg"}],"twitter_card":"summary_large_image","twitter_misc":{"Arvioitu lukuaika":"4 minuuttia"},"schema":{"@context":"https:\/\/schema.org","@graph":[{"@type":"WebPage","@id":"https:\/\/chemsfine.com\/product\/buy-bath-salts-cathinones\/","url":"https:\/\/chemsfine.com\/product\/buy-bath-salts-cathinones\/","name":"Puhtaat kylpysuolat myyt\u00e4v\u00e4n\u00e4 verkossa | Research Grade","isPartOf":{"@id":"https:\/\/chemsfine.com\/#website"},"primaryImageOfPage":{"@id":"https:\/\/chemsfine.com\/product\/buy-bath-salts-cathinones\/#primaryimage"},"image":{"@id":"https:\/\/chemsfine.com\/product\/buy-bath-salts-cathinones\/#primaryimage"},"thumbnailUrl":"https:\/\/chemsfine.com\/wp-content\/uploads\/2026\/02\/buy-quality-bath-salts-online-potent-synthetic-cathinones-research-3.jpg","datePublished":"2026-02-12T09:59:31+00:00","dateModified":"2026-03-25T13:29:44+00:00","description":"L\u00f6yd\u00e4 eritt\u00e4in puhtaat synteettiset katinonit tutkimusta varten. Osta voimakkaita kylpysuoloja verkossa chemsfine, \u226598% puhdas COA. Edistyneet neurofarmakologiset tutkimukset. Tilaa nyt!","breadcrumb":{"@id":"https:\/\/chemsfine.com\/product\/buy-bath-salts-cathinones\/#breadcrumb"},"inLanguage":"fi","potentialAction":[{"@type":"ReadAction","target":["https:\/\/chemsfine.com\/product\/buy-bath-salts-cathinones\/"]}]},{"@type":"ImageObject","inLanguage":"fi","@id":"https:\/\/chemsfine.com\/product\/buy-bath-salts-cathinones\/#primaryimage","url":"https:\/\/chemsfine.com\/wp-content\/uploads\/2026\/02\/buy-quality-bath-salts-online-potent-synthetic-cathinones-research-3.jpg","contentUrl":"https:\/\/chemsfine.com\/wp-content\/uploads\/2026\/02\/buy-quality-bath-salts-online-potent-synthetic-cathinones-research-3.jpg","width":1024,"height":965},{"@type":"BreadcrumbList","@id":"https:\/\/chemsfine.com\/product\/buy-bath-salts-cathinones\/#breadcrumb","itemListElement":[{"@type":"ListItem","position":1,"name":"Home","item":"https:\/\/chemsfine.com\/"},{"@type":"ListItem","position":2,"name":"Shop","item":"https:\/\/chemsfine.com\/shop\/"},{"@type":"ListItem","position":3,"name":"Buy quality bath salts online | Potent synthetic cathinones | Research Stimulants"}]},{"@type":"WebSite","@id":"https:\/\/chemsfine.com\/#website","url":"https:\/\/chemsfine.com\/","name":"Chemsfine","description":"Minun WordPress blogi","publisher":{"@id":"https:\/\/chemsfine.com\/#organization"},"potentialAction":[{"@type":"SearchAction","target":{"@type":"EntryPoint","urlTemplate":"https:\/\/chemsfine.com\/?s={search_term_string}"},"query-input":{"@type":"PropertyValueSpecification","valueRequired":true,"valueName":"search_term_string"}}],"inLanguage":"fi"},{"@type":"Organization","@id":"https:\/\/chemsfine.com\/#organization","name":"Chemsfine","url":"https:\/\/chemsfine.com\/","logo":{"@type":"ImageObject","inLanguage":"fi","@id":"https:\/\/chemsfine.com\/#\/schema\/logo\/image\/","url":"https:\/\/chemsfine.com\/wp-content\/uploads\/2024\/09\/final-logo.png","contentUrl":"https:\/\/chemsfine.com\/wp-content\/uploads\/2024\/09\/final-logo.png","width":340,"height":72,"caption":"Chemsfine"},"image":{"@id":"https:\/\/chemsfine.com\/#\/schema\/logo\/image\/"}}]}},"_links":{"self":[{"href":"https:\/\/chemsfine.com\/fi\/wp-json\/wp\/v2\/product\/6190","targetHints":{"allow":["GET"]}}],"collection":[{"href":"https:\/\/chemsfine.com\/fi\/wp-json\/wp\/v2\/product"}],"about":[{"href":"https:\/\/chemsfine.com\/fi\/wp-json\/wp\/v2\/types\/product"}],"replies":[{"embeddable":true,"href":"https:\/\/chemsfine.com\/fi\/wp-json\/wp\/v2\/comments?post=6190"}],"wp:featuredmedia":[{"embeddable":true,"href":"https:\/\/chemsfine.com\/fi\/wp-json\/wp\/v2\/media\/6234"}],"wp:attachment":[{"href":"https:\/\/chemsfine.com\/fi\/wp-json\/wp\/v2\/media?parent=6190"}],"wp:term":[{"taxonomy":"product_brand","embeddable":true,"href":"https:\/\/chemsfine.com\/fi\/wp-json\/wp\/v2\/product_brand?post=6190"},{"taxonomy":"product_cat","embeddable":true,"href":"https:\/\/chemsfine.com\/fi\/wp-json\/wp\/v2\/product_cat?post=6190"},{"taxonomy":"product_tag","embeddable":true,"href":"https:\/\/chemsfine.com\/fi\/wp-json\/wp\/v2\/product_tag?post=6190"}],"curies":[{"name":"wp","href":"https:\/\/api.w.org\/{rel}","templated":true}]}}