{"id":6196,"date":"2026-02-12T09:59:32","date_gmt":"2026-02-12T09:59:32","guid":{"rendered":"https:\/\/chemsfine.com\/?post_type=product&#038;p=6196"},"modified":"2026-03-25T13:28:46","modified_gmt":"2026-03-25T13:28:46","slug":"buy-pentedrone-pellets-online","status":"publish","type":"product","link":"https:\/\/chemsfine.com\/fi\/product\/buy-pentedrone-pellets-online\/","title":{"rendered":"Pentedrone Pellets myyt\u00e4v\u00e4n\u00e4 verkossa | High Grade Research Chemicals"},"content":{"rendered":"<p>Kun etsit huippuluokan yhdisteit\u00e4 tieteellisiin ponnisteluihisi, luotettavien, eritt\u00e4in puhtaiden tutkimusmateriaalien saatavuus on ensiarvoisen t\u00e4rke\u00e4\u00e4. Chemsfinen kautta voit <b>osta Pentedrone pelletit myyt\u00e4v\u00e4n\u00e4<\/b>, joka on huolellisesti suunniteltu tukemaan vaativimpia laboratoriosovelluksiasi. Sitoutumisemme huippuosaamiseen takaa, ett\u00e4 jokainen n\u00e4iden tutkimusstimulanttien er\u00e4 t\u00e4ytt\u00e4\u00e4 tiukat laatustandardit, jolloin voit luottaa koetuloksiin.<\/p>\n<p>Avaa uraauurtava tutkimuspotentiaali Pentedrone-pelleteill\u00e4 Research Stimulantsilta. Eritt\u00e4in puhtaat, huolellisesti testatut kiteet takaavat luotettavuuden ja tehokkuuden tieteellisiss\u00e4 pyrkimyksiss\u00e4nne. N\u00e4m\u00e4 huippulaatuiset tutkimuskemikaalit on suunniteltu erityisesti in vitro -analyyseihin ja tieteelliseen jatkotutkimukseen, mik\u00e4 tekee niist\u00e4 korvaamattoman hy\u00f6dyn kaikille vakavasti otettaville tutkimuslaboratorioille.<\/p>\n<h2>Mik\u00e4 on Pentedrone?<\/h2>\n<p>Pentedroni, joka tunnetaan kemiallisesti nimell\u00e4 \u03b1-metyyliaminovalerofenoni, on synteettinen stimulantti, joka kuuluu katinoniluokkaan. Sille on ominaista sen molekyylikaava, C<sub>12<\/sub>H<sub>17<\/sub>NO, ja siihen usein liitetty CAS-numero on 87949-83-5. T\u00e4t\u00e4 yhdistett\u00e4 arvostetaan tiedeyhteis\u00f6ss\u00e4 ensisijaisesti tutkimuskemikaalina, jonka avulla voidaan tutkia sen ainutlaatuisia ominaisuuksia ja vaikutuksia valvotuissa laboratorio-olosuhteissa. Korkealuokkaisena kemikaalina Pentedronella on ratkaiseva rooli erilaisten fysiologisten ja farmakologisten mekanismien ymm\u00e4rt\u00e4misess\u00e4. Tutkijat etsiv\u00e4t usein <b>huippulaatuiset Pentedrone-pelletit<\/b> kokeita varten niiden tarkan annostelun ja helppok\u00e4ytt\u00f6isyyden vuoksi.<\/p>\n<p>Pentedronin rakenne tarjoaa ainutlaatuista tietoa sukua olevien yhdisteiden rakenne-aktiivisuussuhteista, mik\u00e4 tekee siit\u00e4 kemiallisten ja biologisten tutkimusten keskipisteen. Sen erityisten ominaisuuksien ansiosta se soveltuu monenlaisiin analyysitarkoituksiin ja edist\u00e4\u00e4 merkitt\u00e4v\u00e4sti neurotieteen ja farmakologian laajenevaa tietopohjaa. Huolellisesti valmistetut pelletit takaavat tasaisen puhtauden, mik\u00e4 on ratkaisevan t\u00e4rke\u00e4\u00e4 toistettavien ja tarkkojen tutkimustulosten saamiseksi.<\/p>\n<h2>Miksi ostaa Pentedrone-pellettej\u00e4 verkossa chemsfinen kautta?<\/h2>\n<p>Valitsemalla chemsfinen tutkimuskemikaalien toimittajaksi varmistat, ett\u00e4 saat tuotteita, jotka vastaavat korkeimpia laatuvaatimuksia ja tieteellist\u00e4 luotettavuutta. Ymm\u00e4rr\u00e4mme tutkimuksen kriittisen luonteen ja tarkkuuden tarpeen jokaisessa yhdisteess\u00e4. Kun etsit <b>parhaat saatavilla olevat Pentedrone-pelletit<\/b>, chemsfine erottuu luotettavana l\u00e4hteen\u00e4. Tiukat testausk\u00e4yt\u00e4nt\u00f6mme takaavat poikkeuksellisen puhtauden, mink\u00e4 ansiosta Pentedrone-pelletit soveltuvat erinomaisesti herkkiin tutkimussovelluksiin.<\/p>\n<p>Olemme ylpeit\u00e4 l\u00e4pin\u00e4kyvist\u00e4 prosesseistamme ja omistautuneesta asiakastuestamme, jotka takaavat saumattoman kokemuksen valinnasta toimitukseen. Maineemme perustuu johdonmukaisten, laboratoriolaatuisten kemikaalien tarjoamiseen, joiden avulla tutkijat voivat ylitt\u00e4\u00e4 keksint\u00f6jen rajat. Chemsfinen kanssa et osta vain kemikaalia, vaan investoit kumppaniin, joka on sitoutunut tieteelliseen menestykseesi. Koe ero, jonka todellinen laatu tekee, kun ostat tutkimusmateriaalisi luotettavalta myyj\u00e4lt\u00e4.<\/p>\n<h2>Pentedronen sovellukset<\/h2>\n<p>Pentedronin sovellukset tutkimuskemikaalina ovat moninaisia, ja ne keskittyv\u00e4t p\u00e4\u00e4asiassa analyyttisiin ja tieteellisiin tutkimuksiin valvotussa laboratorioymp\u00e4rist\u00f6ss\u00e4. Sen ainutlaatuinen farmakologinen profiili tekee siit\u00e4 arvokkaan:<\/p>\n<ul>\n<li>In vitro -farmakologiset tutkimukset, joissa tutkitaan reseptorien vuorovaikutusta.<\/li>\n<li>Neurokemiallinen tutkimus, jossa tutkitaan v\u00e4litt\u00e4j\u00e4aineiden takaisinottomekanismeja.<\/li>\n<li>K\u00e4ytt\u00f6 analyyttisen\u00e4 vertailustandardina rikosteknisess\u00e4 ja toksikologisessa seulonnassa.<\/li>\n<li>Metaboliareittien ja entsyymien kinetiikan tutkiminen solumalleissa.<\/li>\n<li>Tutkitaan stimuloivien yhdisteiden mahdollisia vaikutuksia biologisiin j\u00e4rjestelmiin.<\/li>\n<li>Kemiallinen synteesi ja rakenteen selvitt\u00e4miskokeet.<\/li>\n<li>Kehittyneiden analyysimenetelmien kehitt\u00e4minen uusien psykoaktiivisten aineiden tunnistamiseksi.<\/li>\n<\/ul>\n<p>N\u00e4m\u00e4 sovellukset korostavat, miten t\u00e4rke\u00e4\u00e4 on saada korkealaatuista, puhdasta pentedronia luotettavan ja eettisen tieteellisen tutkimuksen kannalta.<\/p>\n<h2>Turvallisuus ja vaatimustenmukaisuus<\/h2>\n<p>Pentedronen ja muiden tutkimuskemikaalien k\u00e4sittely edellytt\u00e4\u00e4 turvallisuusprotokollien ja viranomaisohjeiden tiukkaa noudattamista. Tutkijoiden on toimittava valvotussa laboratorioymp\u00e4rist\u00f6ss\u00e4 ja k\u00e4ytett\u00e4v\u00e4 asianmukaisia henkil\u00f6kohtaisia suojavarusteita, kuten k\u00e4sineit\u00e4, silmiensuojaimia ja laboratoriotakkeja. Riitt\u00e4v\u00e4 ilmanvaihto ja huuruhuoneet ovat v\u00e4ltt\u00e4m\u00e4tt\u00f6mi\u00e4 altistumisriskien minimoimiseksi. Me chemsfine-yrityksess\u00e4 korostamme k\u00e4ytt\u00f6turvallisuustiedotteiden (SDS) ja analyysitodistusten (CoA) merkityst\u00e4 kaikkien tuotteidemme osalta. N\u00e4iss\u00e4 asiakirjoissa annetaan ratkaisevaa tietoa kemiallisista ominaisuuksista, turvallisista k\u00e4sittelymenetelmist\u00e4, varastointisuosituksista ja puhtausm\u00e4\u00e4rittelyist\u00e4. <b>korkealaatuiset kemikaalit<\/b>.<\/p>\n<p>Olemme sitoutuneet tarjoamaan tuotteita, jotka t\u00e4ytt\u00e4v\u00e4t kansainv\u00e4liset laatu- ja turvallisuusstandardit. Tutkijat ovat vastuussa siit\u00e4, ett\u00e4 he ymm\u00e4rt\u00e4v\u00e4t ja noudattavat kaikkia sovellettavia s\u00e4\u00e4nn\u00f6ksi\u00e4, jotka koskevat tutkimuskemikaalien hankintaa, varastointia ja k\u00e4ytt\u00f6\u00e4 heid\u00e4n omalla alueellaan. Sitoutumisemme vaatimustenmukaisuuteen takaa, ett\u00e4 saat vain tarkistettuja, korkealaatuisia Pentedrone-pellettej\u00e4, jotka soveltuvat vastuulliseen tieteelliseen tutkimukseen.<\/p>\n<h2>Tuotteen tekniset tiedot<\/h2>\n<p>Yksityiskohtaiset tuotespesifikaatiot ovat vaativille tutkijoille ratkaisevan t\u00e4rkeit\u00e4. Pentedrone-pelletit valmistetaan huolellisesti t\u00e4ytt\u00e4m\u00e4\u00e4n korkeimmat vaatimukset. Alla on yhteenveto t\u00e4rkeimmist\u00e4 ominaisuuksista:<\/p>\n<table border=\"1\">\n<thead>\n<tr>\n<th>Tekniset tiedot<\/th>\n<th>Yksityiskohta<\/th>\n<\/tr>\n<\/thead>\n<tbody>\n<tr>\n<td>Tuotteen nimi<\/td>\n<td>Pentedrone-pelletit<\/td>\n<\/tr>\n<tr>\n<td>Kemiallinen kaava<\/td>\n<td>C<sub>12<\/sub>H<sub>17<\/sub>EI<\/td>\n<\/tr>\n<tr>\n<td>Yleinen CAS-numero<\/td>\n<td>87949-83-5<\/td>\n<\/tr>\n<tr>\n<td>Puhtaus<\/td>\n<td>Tyypillisesti &gt;98%<\/td>\n<\/tr>\n<tr>\n<td>Lomake<\/td>\n<td>Pelletit<\/td>\n<\/tr>\n<tr>\n<td>K\u00e4ytt\u00f6tarkoitus<\/td>\n<td>Tutkimuskemikaali (in vitro)<\/td>\n<\/tr>\n<\/tbody>\n<\/table>\n<h2>Miksi valita chemsfine tutkimustarpeisiisi?<\/h2>\n<p>Kun valitset chemsfinen, valitset kumppanin, joka on sitoutunut tukemaan tieteellist\u00e4 matkaasi poikkeuksellisella laadulla ja palvelulla. Sitoumuksemme ulottuu pelkk\u00e4\u00e4 kemikaalien toimittamista pidemm\u00e4lle; pyrimme edist\u00e4m\u00e4\u00e4n ymp\u00e4rist\u00f6\u00e4, jossa uraauurtava tutkimus voi kukoistaa. Tarjoamme l\u00e4pin\u00e4kyvi\u00e4 tuotetietoja ja annamme kattavat tiedot jokaisesta yhdisteest\u00e4, mukaan lukien yksityiskohtaiset er\u00e4kohtaiset tiedot ja kattavat analyysitodistukset pyydett\u00e4ess\u00e4. Kilpailukykyinen hintarakenteemme takaa, ett\u00e4 eritt\u00e4in puhtaiden tutkimuskemikaalien saatavuus on edullista laadusta tinkim\u00e4tt\u00e4.<\/p>\n<p>Koe aitojen tutkimusyhdisteiden ostamisen helppous turvallisesti, kun olet <b>Tilaa Pentedrone pelletit verkossa<\/b> alustamme kautta. Tarjoamme my\u00f6s monipuolisen valikoiman muita tutkimuskemikaaleja, kuten <a href=\"https:\/\/chemsfine.com\/fi\/tuote\/buy-2-mmc-2-methylmethcathinone-online\/\">2-MMC<\/a> ja <a href=\"https:\/\/chemsfine.com\/fi\/tuote\/buy-2-fa-powder\/\">2-FA-jauhe<\/a>, joita kaikkia yll\u00e4pidet\u00e4\u00e4n samojen tiukkojen standardien mukaisesti. Sujuvalla tilausprosessillamme ja huomaamattomalla pakkauksellamme varmistamme, ett\u00e4 tutkimusaineistosi saapuvat turvallisesti ja nopeasti perille, valmiina k\u00e4ytett\u00e4v\u00e4ksi v\u00e4litt\u00f6m\u00e4sti laboratoriossasi. Luota siihen, ett\u00e4 chemsfine on luotettava l\u00e4hde kaikille kehittyneille kemikaalitarpeillesi.<\/p>\n<h2>P\u00e4\u00e4telm\u00e4<\/h2>\n<p>Yhteenvetona voidaan todeta, ett\u00e4 chemsfinen Pentedrone-pelletit edustavat tutkimuskemikaalien laadun huippua, sill\u00e4 ne tarjoavat vertaansa vailla olevaa puhtautta ja luotettavuutta monenlaisiin tieteellisiin sovelluksiin. Yksityiskohtaisista farmakologisista tutkimuksista analyyttisiin vertailutarkoituksiin n\u00e4m\u00e4 pelletit ovat olennainen v\u00e4line tieteellisen ymm\u00e4rryksen edist\u00e4misess\u00e4. Kutsumme sinut tutkimaan n\u00e4iden korkealaatuisten kemikaalien mahdollisuuksia tutkimuksessasi. Ota seuraava askel tieteellisiss\u00e4 pyrkimyksiss\u00e4nne ja <b>osta Pentedrone pelletit myyt\u00e4v\u00e4n\u00e4<\/b> verkossa chemsfine-verkkokaupasta jo t\u00e4n\u00e4\u00e4n, jolloin voit varmistaa, ett\u00e4 tutkimustasi tuetaan parhailla saatavilla olevilla korkealaatuisilla yhdisteill\u00e4.<\/p>","protected":false},"excerpt":{"rendered":"<p>Tutustu <b>Pentedrone pellets<\/b> for advanced scientific studies. These high-purity research chemicals are meticulously tested to ensure reliability and effectiveness. <b>Buy Pentedrone pellets<\/b> for your laboratory needs at chemsfine, your trusted source for top-grade research compounds.<\/p>","protected":false},"featured_media":6253,"comment_status":"open","ping_status":"closed","template":"","meta":{"_joinchat":[]},"product_brand":[],"product_cat":[951],"product_tag":[],"class_list":{"0":"post-6196","1":"product","2":"type-product","3":"status-publish","4":"has-post-thumbnail","6":"product_cat-stimulants","8":"first","9":"instock","10":"shipping-taxable","11":"purchasable","12":"product-type-variable"},"yoast_head":"<!-- This site is optimized with the Yoast SEO plugin v27.2 - https:\/\/yoast.com\/product\/yoast-seo-wordpress\/ -->\n<title>Buy Pentedrone Pellets Online | High Quality Research Chemicals<\/title>\n<meta name=\"description\" content=\"Discover high-purity Pentedrone pellets for sale at chemsfine. Unlock research potential with top-grade chemicals. Buy Pentedrone online today!\" \/>\n<meta name=\"robots\" content=\"index, follow, max-snippet:-1, max-image-preview:large, max-video-preview:-1\" \/>\n<link rel=\"canonical\" href=\"https:\/\/chemsfine.com\/fi\/tuote\/buy-pentedrone-pellets-online\/\" \/>\n<meta property=\"og:locale\" content=\"fi_FI\" \/>\n<meta property=\"og:type\" content=\"article\" \/>\n<meta property=\"og:title\" content=\"Buy Pentedrone Pellets Online | High Quality Research Chemicals\" \/>\n<meta property=\"og:description\" content=\"Discover high-purity Pentedrone pellets for sale at chemsfine. Unlock research potential with top-grade chemicals. Buy Pentedrone online today!\" \/>\n<meta property=\"og:url\" content=\"https:\/\/chemsfine.com\/fi\/tuote\/buy-pentedrone-pellets-online\/\" \/>\n<meta property=\"og:site_name\" content=\"Chemsfine\" \/>\n<meta property=\"article:modified_time\" content=\"2026-03-25T13:28:46+00:00\" \/>\n<meta property=\"og:image\" content=\"https:\/\/chemsfine.com\/wp-content\/uploads\/2026\/02\/pentedrone-pellets-for-sale-online-high-grade-chemicals-research-stimulants-2.jpg\" \/>\n\t<meta property=\"og:image:width\" content=\"225\" \/>\n\t<meta property=\"og:image:height\" content=\"225\" \/>\n\t<meta property=\"og:image:type\" content=\"image\/jpeg\" \/>\n<meta name=\"twitter:card\" content=\"summary_large_image\" \/>\n<meta name=\"twitter:label1\" content=\"Arvioitu lukuaika\" \/>\n\t<meta name=\"twitter:data1\" content=\"5 minuuttia\" \/>\n<script type=\"application\/ld+json\" class=\"yoast-schema-graph\">{\"@context\":\"https:\/\/schema.org\",\"@graph\":[{\"@type\":\"WebPage\",\"@id\":\"https:\/\/chemsfine.com\/product\/buy-pentedrone-pellets-online\/\",\"url\":\"https:\/\/chemsfine.com\/product\/buy-pentedrone-pellets-online\/\",\"name\":\"Buy Pentedrone Pellets Online | High Quality Research Chemicals\",\"isPartOf\":{\"@id\":\"https:\/\/chemsfine.com\/#website\"},\"primaryImageOfPage\":{\"@id\":\"https:\/\/chemsfine.com\/product\/buy-pentedrone-pellets-online\/#primaryimage\"},\"image\":{\"@id\":\"https:\/\/chemsfine.com\/product\/buy-pentedrone-pellets-online\/#primaryimage\"},\"thumbnailUrl\":\"https:\/\/chemsfine.com\/wp-content\/uploads\/2026\/02\/pentedrone-pellets-for-sale-online-high-grade-chemicals-research-stimulants-2.jpg\",\"datePublished\":\"2026-02-12T09:59:32+00:00\",\"dateModified\":\"2026-03-25T13:28:46+00:00\",\"description\":\"Discover high-purity Pentedrone pellets for sale at chemsfine. Unlock research potential with top-grade chemicals. Buy Pentedrone online today!\",\"breadcrumb\":{\"@id\":\"https:\/\/chemsfine.com\/product\/buy-pentedrone-pellets-online\/#breadcrumb\"},\"inLanguage\":\"fi\",\"potentialAction\":[{\"@type\":\"ReadAction\",\"target\":[\"https:\/\/chemsfine.com\/product\/buy-pentedrone-pellets-online\/\"]}]},{\"@type\":\"ImageObject\",\"inLanguage\":\"fi\",\"@id\":\"https:\/\/chemsfine.com\/product\/buy-pentedrone-pellets-online\/#primaryimage\",\"url\":\"https:\/\/chemsfine.com\/wp-content\/uploads\/2026\/02\/pentedrone-pellets-for-sale-online-high-grade-chemicals-research-stimulants-2.jpg\",\"contentUrl\":\"https:\/\/chemsfine.com\/wp-content\/uploads\/2026\/02\/pentedrone-pellets-for-sale-online-high-grade-chemicals-research-stimulants-2.jpg\",\"width\":225,\"height\":225},{\"@type\":\"BreadcrumbList\",\"@id\":\"https:\/\/chemsfine.com\/product\/buy-pentedrone-pellets-online\/#breadcrumb\",\"itemListElement\":[{\"@type\":\"ListItem\",\"position\":1,\"name\":\"Home\",\"item\":\"https:\/\/chemsfine.com\/\"},{\"@type\":\"ListItem\",\"position\":2,\"name\":\"Shop\",\"item\":\"https:\/\/chemsfine.com\/shop\/\"},{\"@type\":\"ListItem\",\"position\":3,\"name\":\"Pentedrone Pellets For Sale Online | High Grade Research Chemicals\"}]},{\"@type\":\"WebSite\",\"@id\":\"https:\/\/chemsfine.com\/#website\",\"url\":\"https:\/\/chemsfine.com\/\",\"name\":\"Chemsfine\",\"description\":\"My WordPress Blog\",\"publisher\":{\"@id\":\"https:\/\/chemsfine.com\/#organization\"},\"potentialAction\":[{\"@type\":\"SearchAction\",\"target\":{\"@type\":\"EntryPoint\",\"urlTemplate\":\"https:\/\/chemsfine.com\/?s={search_term_string}\"},\"query-input\":{\"@type\":\"PropertyValueSpecification\",\"valueRequired\":true,\"valueName\":\"search_term_string\"}}],\"inLanguage\":\"fi\"},{\"@type\":\"Organization\",\"@id\":\"https:\/\/chemsfine.com\/#organization\",\"name\":\"Chemsfine\",\"url\":\"https:\/\/chemsfine.com\/\",\"logo\":{\"@type\":\"ImageObject\",\"inLanguage\":\"fi\",\"@id\":\"https:\/\/chemsfine.com\/#\/schema\/logo\/image\/\",\"url\":\"https:\/\/chemsfine.com\/wp-content\/uploads\/2024\/09\/final-logo.png\",\"contentUrl\":\"https:\/\/chemsfine.com\/wp-content\/uploads\/2024\/09\/final-logo.png\",\"width\":340,\"height\":72,\"caption\":\"Chemsfine\"},\"image\":{\"@id\":\"https:\/\/chemsfine.com\/#\/schema\/logo\/image\/\"}}]}<\/script>\n<!-- \/ Yoast SEO plugin. -->","yoast_head_json":{"title":"Osta Pentedrone Pellets Online | Laadukkaita Research Chemicals","description":"L\u00f6yd\u00e4 eritt\u00e4in puhtaat Pentedrone-pelletit myyntiin chemsfinen valikoimasta. Avaa tutkimuspotentiaali huippuluokan kemikaaleilla. Osta Pentedronea verkossa jo t\u00e4n\u00e4\u00e4n!","robots":{"index":"index","follow":"follow","max-snippet":"max-snippet:-1","max-image-preview":"max-image-preview:large","max-video-preview":"max-video-preview:-1"},"canonical":"https:\/\/chemsfine.com\/fi\/tuote\/buy-pentedrone-pellets-online\/","og_locale":"fi_FI","og_type":"article","og_title":"Buy Pentedrone Pellets Online | High Quality Research Chemicals","og_description":"Discover high-purity Pentedrone pellets for sale at chemsfine. Unlock research potential with top-grade chemicals. Buy Pentedrone online today!","og_url":"https:\/\/chemsfine.com\/fi\/tuote\/buy-pentedrone-pellets-online\/","og_site_name":"Chemsfine","article_modified_time":"2026-03-25T13:28:46+00:00","og_image":[{"width":225,"height":225,"url":"https:\/\/chemsfine.com\/wp-content\/uploads\/2026\/02\/pentedrone-pellets-for-sale-online-high-grade-chemicals-research-stimulants-2.jpg","type":"image\/jpeg"}],"twitter_card":"summary_large_image","twitter_misc":{"Arvioitu lukuaika":"5 minuuttia"},"schema":{"@context":"https:\/\/schema.org","@graph":[{"@type":"WebPage","@id":"https:\/\/chemsfine.com\/product\/buy-pentedrone-pellets-online\/","url":"https:\/\/chemsfine.com\/product\/buy-pentedrone-pellets-online\/","name":"Osta Pentedrone Pellets Online | Laadukkaita Research Chemicals","isPartOf":{"@id":"https:\/\/chemsfine.com\/#website"},"primaryImageOfPage":{"@id":"https:\/\/chemsfine.com\/product\/buy-pentedrone-pellets-online\/#primaryimage"},"image":{"@id":"https:\/\/chemsfine.com\/product\/buy-pentedrone-pellets-online\/#primaryimage"},"thumbnailUrl":"https:\/\/chemsfine.com\/wp-content\/uploads\/2026\/02\/pentedrone-pellets-for-sale-online-high-grade-chemicals-research-stimulants-2.jpg","datePublished":"2026-02-12T09:59:32+00:00","dateModified":"2026-03-25T13:28:46+00:00","description":"L\u00f6yd\u00e4 eritt\u00e4in puhtaat Pentedrone-pelletit myyntiin chemsfinen valikoimasta. Avaa tutkimuspotentiaali huippuluokan kemikaaleilla. Osta Pentedronea verkossa jo t\u00e4n\u00e4\u00e4n!","breadcrumb":{"@id":"https:\/\/chemsfine.com\/product\/buy-pentedrone-pellets-online\/#breadcrumb"},"inLanguage":"fi","potentialAction":[{"@type":"ReadAction","target":["https:\/\/chemsfine.com\/product\/buy-pentedrone-pellets-online\/"]}]},{"@type":"ImageObject","inLanguage":"fi","@id":"https:\/\/chemsfine.com\/product\/buy-pentedrone-pellets-online\/#primaryimage","url":"https:\/\/chemsfine.com\/wp-content\/uploads\/2026\/02\/pentedrone-pellets-for-sale-online-high-grade-chemicals-research-stimulants-2.jpg","contentUrl":"https:\/\/chemsfine.com\/wp-content\/uploads\/2026\/02\/pentedrone-pellets-for-sale-online-high-grade-chemicals-research-stimulants-2.jpg","width":225,"height":225},{"@type":"BreadcrumbList","@id":"https:\/\/chemsfine.com\/product\/buy-pentedrone-pellets-online\/#breadcrumb","itemListElement":[{"@type":"ListItem","position":1,"name":"Home","item":"https:\/\/chemsfine.com\/"},{"@type":"ListItem","position":2,"name":"Shop","item":"https:\/\/chemsfine.com\/shop\/"},{"@type":"ListItem","position":3,"name":"Pentedrone Pellets For Sale Online | High Grade Research Chemicals"}]},{"@type":"WebSite","@id":"https:\/\/chemsfine.com\/#website","url":"https:\/\/chemsfine.com\/","name":"Chemsfine","description":"Minun WordPress blogi","publisher":{"@id":"https:\/\/chemsfine.com\/#organization"},"potentialAction":[{"@type":"SearchAction","target":{"@type":"EntryPoint","urlTemplate":"https:\/\/chemsfine.com\/?s={search_term_string}"},"query-input":{"@type":"PropertyValueSpecification","valueRequired":true,"valueName":"search_term_string"}}],"inLanguage":"fi"},{"@type":"Organization","@id":"https:\/\/chemsfine.com\/#organization","name":"Chemsfine","url":"https:\/\/chemsfine.com\/","logo":{"@type":"ImageObject","inLanguage":"fi","@id":"https:\/\/chemsfine.com\/#\/schema\/logo\/image\/","url":"https:\/\/chemsfine.com\/wp-content\/uploads\/2024\/09\/final-logo.png","contentUrl":"https:\/\/chemsfine.com\/wp-content\/uploads\/2024\/09\/final-logo.png","width":340,"height":72,"caption":"Chemsfine"},"image":{"@id":"https:\/\/chemsfine.com\/#\/schema\/logo\/image\/"}}]}},"_links":{"self":[{"href":"https:\/\/chemsfine.com\/fi\/wp-json\/wp\/v2\/product\/6196","targetHints":{"allow":["GET"]}}],"collection":[{"href":"https:\/\/chemsfine.com\/fi\/wp-json\/wp\/v2\/product"}],"about":[{"href":"https:\/\/chemsfine.com\/fi\/wp-json\/wp\/v2\/types\/product"}],"replies":[{"embeddable":true,"href":"https:\/\/chemsfine.com\/fi\/wp-json\/wp\/v2\/comments?post=6196"}],"wp:featuredmedia":[{"embeddable":true,"href":"https:\/\/chemsfine.com\/fi\/wp-json\/wp\/v2\/media\/6253"}],"wp:attachment":[{"href":"https:\/\/chemsfine.com\/fi\/wp-json\/wp\/v2\/media?parent=6196"}],"wp:term":[{"taxonomy":"product_brand","embeddable":true,"href":"https:\/\/chemsfine.com\/fi\/wp-json\/wp\/v2\/product_brand?post=6196"},{"taxonomy":"product_cat","embeddable":true,"href":"https:\/\/chemsfine.com\/fi\/wp-json\/wp\/v2\/product_cat?post=6196"},{"taxonomy":"product_tag","embeddable":true,"href":"https:\/\/chemsfine.com\/fi\/wp-json\/wp\/v2\/product_tag?post=6196"}],"curies":[{"name":"wp","href":"https:\/\/api.w.org\/{rel}","templated":true}]}}