{"id":6431,"date":"2026-02-12T10:05:06","date_gmt":"2026-02-12T10:05:06","guid":{"rendered":"https:\/\/chemsfine.com\/?post_type=product&#038;p=6431"},"modified":"2026-03-25T13:08:04","modified_gmt":"2026-03-25T13:08:04","slug":"buy-fluoroamphetamine-powder","status":"publish","type":"product","link":"https:\/\/chemsfine.com\/fi\/product\/buy-fluoroamphetamine-powder\/","title":{"rendered":"4-Fluoroamfetamiinijauhe - Osta eritt\u00e4in puhdasta 4-FA:ta verkossa."},"content":{"rendered":"<p>Etsit\u00e4\u00e4n <b>ostaa 4-Fluoroamfetamiinia myyt\u00e4v\u00e4ksi<\/b>? Olet saapunut eritt\u00e4in puhtaan 4-FA-jauheen ensisijaiseen m\u00e4\u00e4r\u00e4np\u00e4\u00e4h\u00e4n. Varmistamme, ett\u00e4 tuotteemme t\u00e4ytt\u00e4\u00e4 tiukat laatuvaatimukset, joten se on ihanteellinen valinta vaativiin tutkimussovelluksiin. Osta 4-FA-jauhe 1 oz Pure Online halvalla.<br \/>4-FA (4-fluoramfetamiini) on amfetamiinin kaltainen aine, joka on juuri tullut markkinoille kohtalaisen lyhyeksi ajaksi. Vuosina 2007-2009 sit\u00e4 myytiin l\u00e4hinn\u00e4 speedin\u00e4 tai MDMA:na. T\u00e4m\u00e4 johtui siit\u00e4, ett\u00e4 tuolloin n\u00e4iden asiantuntijoiden raaka-aineista oli puutetta, joten 4-FA:ta k\u00e4ytettiin leikkausaineena. Vuodesta 2010 l\u00e4htien myyj\u00e4t ovat kuitenkin v\u00e4hitellen myyneet 4-FA:ta 4-FA:na, mik\u00e4 tarkoittaa my\u00f6s sit\u00e4, ett\u00e4 ostajat pit\u00e4v\u00e4t sit\u00e4 \u201cvalintanaineena\u201d. Me chemsfineill\u00e4 helpotamme turvallista ostamista tutkijoille maailmanlaajuisesti.<\/p>\n<h2>Mik\u00e4 on 4-Fluoroamfetamiini?<\/h2>\n<p>4-Fluoriamfetamiinin (4-FA) kemiallisen identiteetin ja luokittelun ymm\u00e4rt\u00e4minen on ratkaisevan t\u00e4rke\u00e4\u00e4 kaikille tarkkan\u00e4k\u00f6isille tutkijoille. 4-FA:n eri nimi\u00e4 ovat 4-FMP, 4-Fluor, 4-Flava, 4-F tai Flux. Se on aine, joka kuuluu uusiin psykoaktiivisiin aineisiin (NPS). N\u00e4m\u00e4 ovat aineita, jotka ovat viime aikoina olleet saatavilla ja jotka on kehitetty vaihtoehdoksi tavallisille laittomille aineille. NPS:t tunnetaan my\u00f6s nimell\u00e4 tutkimuskemikaalit tai design-huumeet. Muuttamalla jotakin pient\u00e4 asiaa nykyisess\u00e4 yhdisterakenteessa aineen nimi muuttuu, joten se ei miss\u00e4\u00e4n vaiheessa kuulu voimassa olevan lains\u00e4\u00e4d\u00e4nn\u00f6n piiriin, mink\u00e4 vuoksi sit\u00e4 voidaan pit\u00e4\u00e4 laittomana joillakin laink\u00e4ytt\u00f6alueilla. T\u00e4m\u00e4 vaikeuttaa tuotannon, myynnin ja omistuksen est\u00e4mist\u00e4. Kun haet <b>huippulaatuinen 4-Fluoroamfetamiini<\/b>, sen aseman tunnustaminen tutkimuskemikaalina on avainasemassa. Niille, jotka tutkivat sukulaisyhdisteit\u00e4, kannattaa my\u00f6s tarkastella seuraavien yhdisteiden ominaisuuksia <a href=\"https:\/\/chemsfine.com\/fi\/tuote\/buy-dmt-crystals-online\/\">DMT-kiteet ostettavissa<\/a> laajasta luettelostamme.<\/p>\n<h2>Miksi ostaa 4-Fluoroamfetamiinia verkossa chemsfineilt\u00e4?<\/h2>\n<p>Hyv\u00e4maineisen toimittajan valitseminen tutkimuskemikaaleille on ensiarvoisen t\u00e4rke\u00e4\u00e4. Me chemsfine-yhti\u00f6ss\u00e4 olemme omistautuneet tarjoamaan <b>paras saatavilla oleva 4-Fluoroamfetamiini<\/b> verkossa, mik\u00e4 takaa sek\u00e4 korkean puhtauden ett\u00e4 huomaamattoman toimituksen. Sitoutumisemme laatuun tarkoittaa, ett\u00e4 jokainen er\u00e4 testataan tiukasti sen koostumuksen ja eheyden varmistamiseksi. Ymm\u00e4rr\u00e4mme asiakkaidemme erityistarpeet ja tarjoamme saumattoman ja turvallisen ostokokemuksen. Kun p\u00e4\u00e4t\u00e4t <b>osta 4-FA<\/b> meilt\u00e4, valitset kumppanin, joka on sitoutunut huippuosaamiseen ja avoimuuteen. Turvallinen verkkoalustamme helpottaa navigointia ja varmistaa, ett\u00e4 liiketoimesi k\u00e4sitell\u00e4\u00e4n \u00e4\u00e4rimm\u00e4isen luottamuksellisesti, mik\u00e4 tekee meist\u00e4 luotettavan l\u00e4hteen tutkimusluokan aineistoille.<\/p>\n<h2>4-Fluoriamfetamiinin sovellukset<\/h2>\n<p>Tunnustettuna tutkimuskemikaalina 4-Fluoriamfetamiinilla (4-FA) on erilaisia sovelluksia valvotuissa tieteellisiss\u00e4 ymp\u00e4rist\u00f6iss\u00e4. Sen ainutlaatuinen farmakologinen profiili tekee siit\u00e4 arvokkaan amfetamiinin kaltaisiin yhdisteisiin liittyviss\u00e4 erityistutkimuksissa.<\/p>\n<ul>\n<li>Tutkimustarkoituksiin valvotuissa laboratorioymp\u00e4rist\u00f6iss\u00e4.<\/li>\n<li>Amfetamiinin kaltaisten yhdisteiden ja niiden farmakologian tutkiminen.<\/li>\n<li>Analyyttinen vertailumateriaali rikosteknisi\u00e4 ja toksikologisia laboratorioita varten.<\/li>\n<li>Uusia psykoaktiivisia aineita koskeva tutkimus.<\/li>\n<li>Tutkimus stimuloivista ja entaktogeenisist\u00e4 vaikutuksista biologisiin j\u00e4rjestelmiin.<\/li>\n<li>Uusien muuntohuumeiden havaitsemismenetelmien kehitt\u00e4minen.<\/li>\n<\/ul>\n<p>N\u00e4m\u00e4 sovellukset korostavat, kuinka t\u00e4rke\u00e4\u00e4 on hankkia eritt\u00e4in puhdasta, laboratoriolaatuista 4-FA:ta tarkkojen ja luotettavien kokeellisten tulosten saamiseksi. Myyt\u00e4v\u00e4n\u00e4 oleva 4-FA soveltuu n\u00e4ihin tarkkoihin vaatimuksiin.<\/p>\n<h2>4-FA:n lomakkeet ja hallinto<\/h2>\n<p>4-FA:ta esiintyy tavallisimmin jauheena tai pillerein\u00e4. Pillerirakenteessa 4-FA otetaan suun kautta. Asiakkaat laittavat jauheen koteloon tai liikkuvaan paperiin (pommi) tai joissakin tapauksissa ne hajotetaan juomassa. 4-FA-pillereiden, 4-FA-jauheiden tai 4-FA:ta sis\u00e4lt\u00e4vien koteloiden v\u00e4lill\u00e4 ei ole mit\u00e4\u00e4n eroa.<br \/>S\u00e4ili\u00f6t valmistetaan tyls\u00e4st\u00e4 tai makeasta aineesta, ja ne voivat olla yksinkertaisia tai eris\u00e4vyisi\u00e4. Kotelo voidaan lastata monenlaisilla aineilla. 4-FA:ta, mutta lis\u00e4ksi erilaisia aineita, esimerkiksi amfetamiinia (spiidi\u00e4), MDMA:ta, kofeiinia tai ei yht\u00e4\u00e4n mit\u00e4\u00e4n. Jotkut innokkaat kaupan tuotteet ovat niin ik\u00e4\u00e4n koteloissa. Kotelot ovat p\u00e4\u00e4s\u00e4\u00e4nt\u00f6isesti s\u00e4kiss\u00e4 ja pakkauksessa on silloin kerrottu mit\u00e4 siin\u00e4 on. Jos asiakkaat t\u00e4ytt\u00e4v\u00e4t s\u00e4ili\u00f6n itse, he voivat k\u00e4ytt\u00e4\u00e4 mg-asteikkoa tarkan annoksen m\u00e4\u00e4ritt\u00e4miseen. Monipuolisesta tutkimusaineistosta kiinnostuneille tarjoamme my\u00f6s seuraavia tuotteita. <a href=\"https:\/\/chemsfine.com\/fi\/tuote\/ostaa-mdpv-methylenedioxypyrovaleronea\/\">MDVP Methylenedioxypyrovalerone myyt\u00e4v\u00e4n\u00e4<\/a>, joka tarjoaa laajan valikoiman vaihtoehtoja laboratoriotarpeisiisi.<\/p>\n<h2>4-Fluoroamfetamiinin vaikutukset ja kesto<\/h2>\n<p>Fysiologiset ja psykologiset vaikutukset, joita havaitaan 4-FA:n antamisen j\u00e4lkeen, riippuvat suuresti annoksesta. Erityisominaisuuksien selvitt\u00e4miseksi 4-FA voidaan testata erikoistuneessa palvelussa. Kun 4-FA:ta on nautittu suun kautta, vaikutukset alkavat yleens\u00e4 noin 20 minuutista yhteen tuntiin. 4-FA:n ensisijaiset vaikutukset h\u00e4vi\u00e4v\u00e4t yleens\u00e4 4-8 tunnin kuluttua, vaikka jotkut henkil\u00f6t raportoivat, ett\u00e4 j\u00e4\u00e4nn\u00f6svaikutukset voivat jatkua jopa yli 12 tuntia.<\/p>\n<p>Raportoituja vaikutuksia ovat muun muassa:<\/p>\n<ul>\n<li><b>Tulinen, selke\u00e4, hyv\u00e4kuntoinen ja valpas...<\/b> tunne.<\/li>\n<li>Kokemus <b>kevyt euforia, joka johtaa onnelliseen ja valoisaan mielialaan.<\/b>.<\/li>\n<li>A <b>vahva tunne yhteenkuuluvuudesta<\/b> ja sosiaalinen yhteys.<\/li>\n<li>An <b>intensiivinen kokemus kosketuksesta ja musiikista<\/b>, parantaa aistihavaintoja.<\/li>\n<li>A <b>voimakas tarve kosketukseen, puhumiseen ja l\u00e4heisyyteen.<\/b>, edist\u00e4\u00e4 sosiaalisuutta.<\/li>\n<\/ul>\n<h2>4-fluoriamfetamiinitutkimuksen turvallisuus ja vaatimustenmukaisuus<\/h2>\n<p>Kaikkien tutkimuskemikaalien, my\u00f6s 4-Fluoroamfetamiinin, k\u00e4sittely edellytt\u00e4\u00e4 turvallisuusprotokollien tiukkaa noudattamista ja asiaankuuluvien s\u00e4\u00e4nn\u00f6sten noudattamista. Altistumisen minimoimiseksi on v\u00e4ltt\u00e4m\u00e4t\u00f6nt\u00e4 k\u00e4ytt\u00e4\u00e4 asianmukaisia henkil\u00f6kohtaisia suojavarusteita, kuten k\u00e4sineit\u00e4, silmiensuojaimia ja laboratoriotakkeja. Kaikki 4-FA:ta sis\u00e4lt\u00e4v\u00e4t tutkimustoimet olisi suoritettava valvotussa ymp\u00e4rist\u00f6ss\u00e4, mieluiten hyvin ilmastoidussa laboratorioymp\u00e4rist\u00f6ss\u00e4, jotta estet\u00e4\u00e4n tahaton hengitt\u00e4minen tai kontaminaatio. Tutkijoiden on oltava tietoisia kaikista laitoksen ohjeista, jotka koskevat t\u00e4llaisten aineiden hankintaa, varastointia ja k\u00e4ytt\u00f6\u00e4, ja noudatettava niit\u00e4. K\u00e4ytt\u00f6turvallisuustiedotteissa (SDS) annetaan ratkaisevaa tietoa vaaroista, k\u00e4sittelyst\u00e4 ja h\u00e4t\u00e4tilanteissa noudatettavista menettelytavoista, kun taas analyysitodistuksissa (CoA) vahvistetaan tuotteen puhtaus ja identiteetti. N\u00e4iden asiakirjojen saatavuuden ja ymm\u00e4rrett\u00e4vyyden varmistaminen on olennaisen t\u00e4rke\u00e4\u00e4 vastuullisen tutkimuksen ja turvallisen laboratorioymp\u00e4rist\u00f6n yll\u00e4pit\u00e4misen kannalta.<\/p>\n<h2>4-Fluoroamfetamiinin t\u00e4rkeimm\u00e4t tuotetiedot<\/h2>\n<table>\n<thead>\n<tr>\n<th>Ominaisuus<\/th>\n<th>Yksityiskohta<\/th>\n<\/tr>\n<\/thead>\n<tbody>\n<tr>\n<td>Tuotteen nimi<\/td>\n<td>4-Fluoriamfetamiini (4-FA)<\/td>\n<\/tr>\n<tr>\n<td>Yleiset muodot<\/td>\n<td>Jauhe, pillerit<\/td>\n<\/tr>\n<tr>\n<td>Puhtaus<\/td>\n<td>Eritt\u00e4in puhdas tutkimusluokka<\/td>\n<\/tr>\n<tr>\n<td>Luokitus<\/td>\n<td>Uusi psykoaktiivinen aine (NPS)<\/td>\n<\/tr>\n<tr>\n<td>Ensisijainen k\u00e4ytt\u00f6<\/td>\n<td>Tutkimus, analyyttinen viite<\/td>\n<\/tr>\n<tr>\n<td>Vaikutusten alkaminen<\/td>\n<td>20 minuutista 1 tuntiin (suun kautta)<\/td>\n<\/tr>\n<tr>\n<td>Vaikutusten kesto<\/td>\n<td>4-8 tuntia (jopa 12+ j\u00e4\u00e4m\u00e4\u00e4).<\/td>\n<\/tr>\n<\/tbody>\n<\/table>\n<h2>Miksi valita chemsfine 4-Fluoroamfetamiinin ostoon?<\/h2>\n<p>Kun p\u00e4\u00e4t\u00e4t <b>tilata 4-Fluoroamfetamiinia verkossa<\/b>, valitsemalla chemsfinen valitset avoimuuden, todennetun laadun ja kilpailukykyisen hinnoittelun. Olemme ylpeit\u00e4 siit\u00e4, ett\u00e4 tarjoamme yksityiskohtaisia tuotetietoja ja varmistamme, ett\u00e4 tutkijoilla on kaikki tarvittavat tiedot ennen ostoksen tekemist\u00e4. Er\u00e4tietojamme yll\u00e4pidet\u00e4\u00e4n ja tarkistetaan huolellisesti, mik\u00e4 takaa jokaisen tuotteen aitouden ja korkean puhtauden. Tarjoamme saumattoman ostokokemuksen, jonka ansiosta on helppo <b>osta 4-FA<\/b> luottavaisin mielin. Sitoumuksemme ulottuu asiakastyytyv\u00e4isyyteen, ja tarjoamme nopeaa tukea kaikkiin ostoasi koskeviin kysymyksiin. Koe ero, kun <b>ostaa chemsfine<\/b> - jossa laatu kohtaa luotettavuuden kaikissa tutkimuskemikaalitarpeissasi.<\/p>\n<h2>P\u00e4\u00e4telm\u00e4<\/h2>\n<p>Niille, jotka haluavat <b>ostaa 4-Fluoroamfetamiinia myyt\u00e4v\u00e4ksi<\/b>, chemsfine tarjoaa ensiluokkaisen, eritt\u00e4in puhtaan tuotteen, jonka takana on tiukka laadunvalvonta. Olipa kyse akateemisesta tutkimuksesta, analyyttisest\u00e4 testauksesta tai muista laillisista sovelluksista, 4-FA-jauheemme tarjoaa vaaditun luotettavuuden ja johdonmukaisuuden. Olemme omistautuneet tarjoamaan vertaansa vailla olevan ostokokemuksen ja varmistamaan, ett\u00e4 jokainen asiakas saa vain parasta saatavilla olevaa tutkimuslaatuista materiaalia. Tutustu valikoimaamme ja tee turvallinen ostos jo t\u00e4n\u00e4\u00e4n luottaen siihen, ett\u00e4 hankit laboratoriokemikaalien luotettavalta toimittajalta.<\/p>","protected":false},"excerpt":{"rendered":"<p><b>Buy 4-FA<\/b> powder at chemsfine. This amphetamine-like research chemical, also known as 4-fluoramphetamine, is available for online purchase. Known for its distinct effects and versatile forms, our high-purity 4-FA is ideal for research.<\/p>","protected":false},"featured_media":6459,"comment_status":"open","ping_status":"closed","template":"","meta":{"_joinchat":[]},"product_brand":[],"product_cat":[936],"product_tag":[],"class_list":{"0":"post-6431","1":"product","2":"type-product","3":"status-publish","4":"has-post-thumbnail","6":"product_cat-research-chemicals","8":"first","9":"instock","10":"shipping-taxable","11":"purchasable","12":"product-type-variable"},"yoast_head":"<!-- This site is optimized with the Yoast SEO plugin v27.2 - https:\/\/yoast.com\/product\/yoast-seo-wordpress\/ -->\n<title>Buy 4-FA Online: Best Quality 4-Fluoroamphetamine Available<\/title>\n<meta name=\"description\" content=\"Purchase high-purity 4-Fluoroamphetamine (4-FA) powder online at chemsfine. Top-quality research chemical available for secure purchase.\" \/>\n<meta name=\"robots\" content=\"index, follow, max-snippet:-1, max-image-preview:large, max-video-preview:-1\" \/>\n<link rel=\"canonical\" href=\"https:\/\/chemsfine.com\/fi\/tuote\/buy-fluoroamphetamine-powder\/\" \/>\n<meta property=\"og:locale\" content=\"fi_FI\" \/>\n<meta property=\"og:type\" content=\"article\" \/>\n<meta property=\"og:title\" content=\"Buy 4-FA Online: Best Quality 4-Fluoroamphetamine Available\" \/>\n<meta property=\"og:description\" content=\"Purchase high-purity 4-Fluoroamphetamine (4-FA) powder online at chemsfine. Top-quality research chemical available for secure purchase.\" \/>\n<meta property=\"og:url\" content=\"https:\/\/chemsfine.com\/fi\/tuote\/buy-fluoroamphetamine-powder\/\" \/>\n<meta property=\"og:site_name\" content=\"Chemsfine\" \/>\n<meta property=\"article:modified_time\" content=\"2026-03-25T13:08:04+00:00\" \/>\n<meta property=\"og:image\" content=\"https:\/\/chemsfine.com\/wp-content\/uploads\/2026\/02\/4-fluoroamphetamine-2.jpg\" \/>\n\t<meta property=\"og:image:width\" content=\"300\" \/>\n\t<meta property=\"og:image:height\" content=\"400\" \/>\n\t<meta property=\"og:image:type\" content=\"image\/jpeg\" \/>\n<meta name=\"twitter:card\" content=\"summary_large_image\" \/>\n<meta name=\"twitter:label1\" content=\"Arvioitu lukuaika\" \/>\n\t<meta name=\"twitter:data1\" content=\"6 minuuttia\" \/>\n<script type=\"application\/ld+json\" class=\"yoast-schema-graph\">{\"@context\":\"https:\/\/schema.org\",\"@graph\":[{\"@type\":\"WebPage\",\"@id\":\"https:\/\/chemsfine.com\/product\/buy-fluoroamphetamine-powder\/\",\"url\":\"https:\/\/chemsfine.com\/product\/buy-fluoroamphetamine-powder\/\",\"name\":\"Buy 4-FA Online: Best Quality 4-Fluoroamphetamine Available\",\"isPartOf\":{\"@id\":\"https:\/\/chemsfine.com\/#website\"},\"primaryImageOfPage\":{\"@id\":\"https:\/\/chemsfine.com\/product\/buy-fluoroamphetamine-powder\/#primaryimage\"},\"image\":{\"@id\":\"https:\/\/chemsfine.com\/product\/buy-fluoroamphetamine-powder\/#primaryimage\"},\"thumbnailUrl\":\"https:\/\/chemsfine.com\/wp-content\/uploads\/2026\/02\/4-fluoroamphetamine-2.jpg\",\"datePublished\":\"2026-02-12T10:05:06+00:00\",\"dateModified\":\"2026-03-25T13:08:04+00:00\",\"description\":\"Purchase high-purity 4-Fluoroamphetamine (4-FA) powder online at chemsfine. Top-quality research chemical available for secure purchase.\",\"breadcrumb\":{\"@id\":\"https:\/\/chemsfine.com\/product\/buy-fluoroamphetamine-powder\/#breadcrumb\"},\"inLanguage\":\"fi\",\"potentialAction\":[{\"@type\":\"ReadAction\",\"target\":[\"https:\/\/chemsfine.com\/product\/buy-fluoroamphetamine-powder\/\"]}]},{\"@type\":\"ImageObject\",\"inLanguage\":\"fi\",\"@id\":\"https:\/\/chemsfine.com\/product\/buy-fluoroamphetamine-powder\/#primaryimage\",\"url\":\"https:\/\/chemsfine.com\/wp-content\/uploads\/2026\/02\/4-fluoroamphetamine-2.jpg\",\"contentUrl\":\"https:\/\/chemsfine.com\/wp-content\/uploads\/2026\/02\/4-fluoroamphetamine-2.jpg\",\"width\":300,\"height\":400},{\"@type\":\"BreadcrumbList\",\"@id\":\"https:\/\/chemsfine.com\/product\/buy-fluoroamphetamine-powder\/#breadcrumb\",\"itemListElement\":[{\"@type\":\"ListItem\",\"position\":1,\"name\":\"Home\",\"item\":\"https:\/\/chemsfine.com\/\"},{\"@type\":\"ListItem\",\"position\":2,\"name\":\"Shop\",\"item\":\"https:\/\/chemsfine.com\/shop\/\"},{\"@type\":\"ListItem\",\"position\":3,\"name\":\"4-Fluoroamphetamine Powder &#8211; Buy High Purity 4-FA Online\"}]},{\"@type\":\"WebSite\",\"@id\":\"https:\/\/chemsfine.com\/#website\",\"url\":\"https:\/\/chemsfine.com\/\",\"name\":\"Chemsfine\",\"description\":\"My WordPress Blog\",\"publisher\":{\"@id\":\"https:\/\/chemsfine.com\/#organization\"},\"potentialAction\":[{\"@type\":\"SearchAction\",\"target\":{\"@type\":\"EntryPoint\",\"urlTemplate\":\"https:\/\/chemsfine.com\/?s={search_term_string}\"},\"query-input\":{\"@type\":\"PropertyValueSpecification\",\"valueRequired\":true,\"valueName\":\"search_term_string\"}}],\"inLanguage\":\"fi\"},{\"@type\":\"Organization\",\"@id\":\"https:\/\/chemsfine.com\/#organization\",\"name\":\"Chemsfine\",\"url\":\"https:\/\/chemsfine.com\/\",\"logo\":{\"@type\":\"ImageObject\",\"inLanguage\":\"fi\",\"@id\":\"https:\/\/chemsfine.com\/#\/schema\/logo\/image\/\",\"url\":\"https:\/\/chemsfine.com\/wp-content\/uploads\/2024\/09\/final-logo.png\",\"contentUrl\":\"https:\/\/chemsfine.com\/wp-content\/uploads\/2024\/09\/final-logo.png\",\"width\":340,\"height\":72,\"caption\":\"Chemsfine\"},\"image\":{\"@id\":\"https:\/\/chemsfine.com\/#\/schema\/logo\/image\/\"}}]}<\/script>\n<!-- \/ Yoast SEO plugin. -->","yoast_head_json":{"title":"Osta 4-FA verkossa: FA: Paras laatu 4-Fluoroamfetamiini saatavilla","description":"Osta eritt\u00e4in puhdasta 4-fluoriamfetamiinia (4-FA) jauhe verkossa chemsfine. Laadukas tutkimuskemikaali saatavilla turvalliseen ostoon.","robots":{"index":"index","follow":"follow","max-snippet":"max-snippet:-1","max-image-preview":"max-image-preview:large","max-video-preview":"max-video-preview:-1"},"canonical":"https:\/\/chemsfine.com\/fi\/tuote\/buy-fluoroamphetamine-powder\/","og_locale":"fi_FI","og_type":"article","og_title":"Buy 4-FA Online: Best Quality 4-Fluoroamphetamine Available","og_description":"Purchase high-purity 4-Fluoroamphetamine (4-FA) powder online at chemsfine. Top-quality research chemical available for secure purchase.","og_url":"https:\/\/chemsfine.com\/fi\/tuote\/buy-fluoroamphetamine-powder\/","og_site_name":"Chemsfine","article_modified_time":"2026-03-25T13:08:04+00:00","og_image":[{"width":300,"height":400,"url":"https:\/\/chemsfine.com\/wp-content\/uploads\/2026\/02\/4-fluoroamphetamine-2.jpg","type":"image\/jpeg"}],"twitter_card":"summary_large_image","twitter_misc":{"Arvioitu lukuaika":"6 minuuttia"},"schema":{"@context":"https:\/\/schema.org","@graph":[{"@type":"WebPage","@id":"https:\/\/chemsfine.com\/product\/buy-fluoroamphetamine-powder\/","url":"https:\/\/chemsfine.com\/product\/buy-fluoroamphetamine-powder\/","name":"Osta 4-FA verkossa: FA: Paras laatu 4-Fluoroamfetamiini saatavilla","isPartOf":{"@id":"https:\/\/chemsfine.com\/#website"},"primaryImageOfPage":{"@id":"https:\/\/chemsfine.com\/product\/buy-fluoroamphetamine-powder\/#primaryimage"},"image":{"@id":"https:\/\/chemsfine.com\/product\/buy-fluoroamphetamine-powder\/#primaryimage"},"thumbnailUrl":"https:\/\/chemsfine.com\/wp-content\/uploads\/2026\/02\/4-fluoroamphetamine-2.jpg","datePublished":"2026-02-12T10:05:06+00:00","dateModified":"2026-03-25T13:08:04+00:00","description":"Osta eritt\u00e4in puhdasta 4-fluoriamfetamiinia (4-FA) jauhe verkossa chemsfine. Laadukas tutkimuskemikaali saatavilla turvalliseen ostoon.","breadcrumb":{"@id":"https:\/\/chemsfine.com\/product\/buy-fluoroamphetamine-powder\/#breadcrumb"},"inLanguage":"fi","potentialAction":[{"@type":"ReadAction","target":["https:\/\/chemsfine.com\/product\/buy-fluoroamphetamine-powder\/"]}]},{"@type":"ImageObject","inLanguage":"fi","@id":"https:\/\/chemsfine.com\/product\/buy-fluoroamphetamine-powder\/#primaryimage","url":"https:\/\/chemsfine.com\/wp-content\/uploads\/2026\/02\/4-fluoroamphetamine-2.jpg","contentUrl":"https:\/\/chemsfine.com\/wp-content\/uploads\/2026\/02\/4-fluoroamphetamine-2.jpg","width":300,"height":400},{"@type":"BreadcrumbList","@id":"https:\/\/chemsfine.com\/product\/buy-fluoroamphetamine-powder\/#breadcrumb","itemListElement":[{"@type":"ListItem","position":1,"name":"Home","item":"https:\/\/chemsfine.com\/"},{"@type":"ListItem","position":2,"name":"Shop","item":"https:\/\/chemsfine.com\/shop\/"},{"@type":"ListItem","position":3,"name":"4-Fluoroamphetamine Powder &#8211; Buy High Purity 4-FA Online"}]},{"@type":"WebSite","@id":"https:\/\/chemsfine.com\/#website","url":"https:\/\/chemsfine.com\/","name":"Chemsfine","description":"Minun WordPress blogi","publisher":{"@id":"https:\/\/chemsfine.com\/#organization"},"potentialAction":[{"@type":"SearchAction","target":{"@type":"EntryPoint","urlTemplate":"https:\/\/chemsfine.com\/?s={search_term_string}"},"query-input":{"@type":"PropertyValueSpecification","valueRequired":true,"valueName":"search_term_string"}}],"inLanguage":"fi"},{"@type":"Organization","@id":"https:\/\/chemsfine.com\/#organization","name":"Chemsfine","url":"https:\/\/chemsfine.com\/","logo":{"@type":"ImageObject","inLanguage":"fi","@id":"https:\/\/chemsfine.com\/#\/schema\/logo\/image\/","url":"https:\/\/chemsfine.com\/wp-content\/uploads\/2024\/09\/final-logo.png","contentUrl":"https:\/\/chemsfine.com\/wp-content\/uploads\/2024\/09\/final-logo.png","width":340,"height":72,"caption":"Chemsfine"},"image":{"@id":"https:\/\/chemsfine.com\/#\/schema\/logo\/image\/"}}]}},"_links":{"self":[{"href":"https:\/\/chemsfine.com\/fi\/wp-json\/wp\/v2\/product\/6431","targetHints":{"allow":["GET"]}}],"collection":[{"href":"https:\/\/chemsfine.com\/fi\/wp-json\/wp\/v2\/product"}],"about":[{"href":"https:\/\/chemsfine.com\/fi\/wp-json\/wp\/v2\/types\/product"}],"replies":[{"embeddable":true,"href":"https:\/\/chemsfine.com\/fi\/wp-json\/wp\/v2\/comments?post=6431"}],"wp:featuredmedia":[{"embeddable":true,"href":"https:\/\/chemsfine.com\/fi\/wp-json\/wp\/v2\/media\/6459"}],"wp:attachment":[{"href":"https:\/\/chemsfine.com\/fi\/wp-json\/wp\/v2\/media?parent=6431"}],"wp:term":[{"taxonomy":"product_brand","embeddable":true,"href":"https:\/\/chemsfine.com\/fi\/wp-json\/wp\/v2\/product_brand?post=6431"},{"taxonomy":"product_cat","embeddable":true,"href":"https:\/\/chemsfine.com\/fi\/wp-json\/wp\/v2\/product_cat?post=6431"},{"taxonomy":"product_tag","embeddable":true,"href":"https:\/\/chemsfine.com\/fi\/wp-json\/wp\/v2\/product_tag?post=6431"}],"curies":[{"name":"wp","href":"https:\/\/api.w.org\/{rel}","templated":true}]}}