{"id":6446,"date":"2026-02-12T10:05:08","date_gmt":"2026-02-12T10:05:08","guid":{"rendered":"https:\/\/chemsfine.com\/?post_type=product&#038;p=6446"},"modified":"2026-03-25T13:01:02","modified_gmt":"2026-03-25T13:01:02","slug":"buy-jwh-chemicals","status":"publish","type":"product","link":"https:\/\/chemsfine.com\/fi\/product\/buy-jwh-chemicals\/","title":{"rendered":"JWH-073 - Tilaa turvallisesti korkealaatuisia tutkimuskemikaaleja verkosta"},"content":{"rendered":"<p>Tervetuloa Chemsfineen, luotettuun l\u00e4hteeseesi, joka tarjoaa <b>ostaa JWH-073 myyt\u00e4v\u00e4n\u00e4<\/b>. Olemme erikoistuneet tarjoamaan korkealaatuisia tutkimuskemikaaleja akateemisille ja tieteellisille hankkeille maailmanlaajuisesti. Sitoutumisemme huippuosaamiseen takaa, ett\u00e4 kun <b>turvallisesti tilata JWH-073 verkossa<\/b>, saat vain korkeinta laatua <b>korkealaatuiset tuotteet toimitetaan huomaamattomasti<\/b>. JWH-073 on eritt\u00e4in haluttu tutkimusyhdiste, joka on olennainen osa farmakologian ja neurobiologian syvent\u00e4vi\u00e4 tutkimuksia. Me Chemsfine-yhti\u00f6ss\u00e4 ymm\u00e4rr\u00e4mme luotettavien ja puhtaiden aineiden kriittisen tarpeen, mink\u00e4 vuoksi jokainen JWH-073-er\u00e4mme k\u00e4y l\u00e4pi tiukan laadunvalvonnan. Tutkijat ymp\u00e4ri maailmaa luottavat tasaiseen laatuun ja turvallisiin toimitusprosesseihimme, mink\u00e4 vuoksi olemme ensisijainen toimittaja heid\u00e4n t\u00e4rkeiden kemiallisten tarpeidensa tyydytt\u00e4miseksi. Laajan varastomme ja virtaviivaistetun tilausprosessimme ansiosta voit hankkia tarvitsemasi erityiset yhdisteet juuri silloin, kun niit\u00e4 tarvitset, ja s\u00e4ilytt\u00e4\u00e4 arvokkaiden tutkimushankkeidesi eheyden ja edistymisen.<\/p>\n<h2>Mik\u00e4 on JWH-073?<\/h2>\n<p>JWH-073 on synteettinen kannabinoidi ja analgeettinen kemikaali, joka kuuluu naftoylindoliperheeseen. Se tunnetaan kemiallisesti nimell\u00e4 (1-butyyli-1H-indoli-3-yyli)(naftaleeni-1-yyli)metanoni. T\u00e4m\u00e4 yhdiste on rakenteellisesti sukua JWH-018:lle, mutta sill\u00e4 on erilaiset farmakologiset profiilit, mik\u00e4 tekee siit\u00e4 arvokkaan kohteen kannabinoidireseptoritutkimuksen vertailututkimuksille. Sen molekyylikaava on C<sub>24<\/sub>H<sub>23<\/sub>NO ja moolimassan ollessa 357,45 g\/mol, JWH-073 toimitetaan kiteisen\u00e4 jauheena, mik\u00e4 on osoitus sen korkeasta puhtaudesta ja vakaudesta. Kun etsit <b>huippulaatua JWH-073<\/b> laboratoriossasi, sen tarkan kemiallisen identiteetin ja ominaisuuksien ymm\u00e4rt\u00e4minen on ensiarvoisen t\u00e4rke\u00e4\u00e4. Tutkijat k\u00e4ytt\u00e4v\u00e4t JWH-073:a tutkiakseen kannabinoidireseptorien sitoutumisaffiniteetteja, aineenvaihduntateit\u00e4 ja mahdollisia in vitro- ja in vivo -vaikutuksia. Sen tarkoin m\u00e4\u00e4ritelty kemiallinen rakenne mahdollistaa kontrolloidut koej\u00e4rjestelyt, jotka tuottavat johdonmukaisia ja toistettavia tuloksia erilaisissa tieteellisiss\u00e4 sovelluksissa. Tutkimuksesi eheys riippuu suuresti l\u00e4ht\u00f6aineiden puhtaudesta ja tarkasta tunnistamisesta, ja Chemsfine takaa t\u00e4m\u00e4n tarkkuuden jokaisen JWH-073-toimituksen yhteydess\u00e4.<\/p>\n<p><b>JWH-073:n t\u00e4rkeimm\u00e4t tekniset tiedot:<\/b><\/p>\n<table border=\"1\">\n<thead>\n<tr>\n<th>Kiinteist\u00f6<\/th>\n<th>Arvo<\/th>\n<\/tr>\n<\/thead>\n<tbody>\n<tr>\n<td>Kemiallinen nimi<\/td>\n<td>(1-butyyli-1H-indoli-3-yyli)(naftaleeni-1-yyli)metanoni<\/td>\n<\/tr>\n<tr>\n<td>Molekyylikaava<\/td>\n<td>C<sub>24<\/sub>H<sub>23<\/sub>EI<\/td>\n<\/tr>\n<tr>\n<td>Molarmassa<\/td>\n<td>357,45 g\/mol<\/td>\n<\/tr>\n<tr>\n<td>Ulkon\u00e4k\u00f6<\/td>\n<td>Kiteinen jauhe<\/td>\n<\/tr>\n<tr>\n<td>CAS-numero<\/td>\n<td>885148-26-7<\/td>\n<\/tr>\n<tr>\n<td>Puhtaus<\/td>\n<td>&gt;98% (tyypillisesti)<\/td>\n<\/tr>\n<\/tbody>\n<\/table>\n<h2>Miksi ostaa JWH-073 Online Chemsfineilt\u00e4?<\/h2>\n<p>Chemsfinen valitseminen tutkimuskemikaalien toimittajaksi tarkoittaa luotettavuuden, laadun ja ammattitaitoisen palvelun asettamista etusijalle. Olemme sitoutuneet tarjoamaan <b>paras JWH-073 saatavilla<\/b> markkinoilla, ja sit\u00e4 tukevat tiukat laadunvarmistusprotokollat. Sitoumuksemme ei rajoitu pelk\u00e4st\u00e4\u00e4n kemikaalien toimittamiseen, vaan haluamme olla kumppanisi tieteellisess\u00e4 edistymisess\u00e4. Jokaiselle JWH-073-er\u00e4lle tehd\u00e4\u00e4n kattavat riippumattomat kolmannen osapuolen testit, joilla varmistetaan sen puhtaus, identiteetti ja pitoisuus. T\u00e4m\u00e4 huolellinen prosessi varmistaa, ett\u00e4 tuotteemme t\u00e4ytt\u00e4v\u00e4t vaativien laboratoriotutkimusten edellytt\u00e4m\u00e4t tiukat standardit. Siksi, kun valitset <b>ostaa JWH-073<\/b> Chemsfinen tuotteella investoit tuotteeseen, joka takaa johdonmukaiset ja tarkat koetulokset. Lis\u00e4ksi ymm\u00e4rr\u00e4mme tutkimusyhdisteiden k\u00e4sittelyn arkaluonteisuuden, mink\u00e4 vuoksi tarjoamme huomaamattoman ja turvallisen toimituksen maailmanlaajuisesti. Pakkauksemme on suunniteltu suojaamaan tuotteen eheytt\u00e4 ja s\u00e4ilytt\u00e4m\u00e4\u00e4n ostoksesi yksityisyys. Niille, jotka etsiv\u00e4t monipuolista valikoimaa tutkimusyhdisteit\u00e4, voit my\u00f6s harkita vaihtoehtojemme tutkimista, jotka koskevat <a href=\"https:\/\/chemsfine.com\/fi\/tuote\/buy-methamphetamine-online\/\">ostaa metamfetamiinia verkossa<\/a> tai <a href=\"https:\/\/chemsfine.com\/fi\/tuote\/buy-alpha-php-powder-online\/\">ostaa Alpha-PHP-jauhetta verkossa<\/a>. Chemsfine-yhti\u00f6ss\u00e4 avoimuus on avainasemassa, ja toimitamme analyysitodistukset (CoA) jokaisen tilauksen yhteydess\u00e4, mik\u00e4 antaa sinulle t\u00e4ydellisen luottamuksen JWH-073-materiaalin eritelmiin.<\/p>\n<h2>JWH-073:n sovellukset<\/h2>\n<p>JWH-073 on t\u00e4rke\u00e4 yhdiste erilaisissa tieteellisiss\u00e4 ja akateemisissa tutkimussovelluksissa. Sen ainutlaatuiset farmakologiset ominaisuudet tekev\u00e4t siit\u00e4 korvaamattoman ty\u00f6kalun endokannabinoidij\u00e4rjestelm\u00e4n monimutkaisuuden tutkimiseen. Tutkijat k\u00e4ytt\u00e4v\u00e4t JWH-073:a ensisijaisesti seuraaviin tarkoituksiin:<\/p>\n<ul>\n<li><b>Farmakologinen tutkimus:<\/b> Tutkitaan sen sitoutumisaffiniteettia ja tehoa kannabinoidireseptoreissa (CB1 ja CB2).<\/li>\n<li><b>Metaboliset tutkimukset:<\/b> Sen biotransformaatiopolkujen ja metaboliittien ymm\u00e4rt\u00e4minen eri biologisissa j\u00e4rjestelmiss\u00e4.<\/li>\n<li><b>Analyyttinen kemia:<\/b> Toimii viitestandardina oikeusl\u00e4\u00e4ketieteellisess\u00e4 toksikologiassa ja analyysimenetelmien kehitt\u00e4misess\u00e4.<\/li>\n<li><b>Neurotieteellinen tutkimus:<\/b> Tutkitaan sen mahdollisia vaikutuksia hermosolujen aktiivisuuteen ja signalointikaskadeihin.<\/li>\n<li><b>L\u00e4\u00e4kkeiden l\u00f6yt\u00e4minen:<\/b> Kannabinoidireseptoreihin kohdistuvien uusien terapeuttisten aineiden kehitt\u00e4misen tukeminen.<\/li>\n<li><b>In vitro- ja in vivo -kokeet:<\/b> Kontrolloidun aineen tarjoaminen kokeellisia malleja varten fysiologisten vasteiden tutkimiseksi.<\/li>\n<\/ul>\n<p>JWH-073:n monipuolisuus tutkimuskemikaalina korostaa sen merkityst\u00e4 kannabinoidien ja niiden biologisten vuorovaikutusten ymm\u00e4rt\u00e4misen edist\u00e4misess\u00e4. Laboratoriot, jotka tarvitsevat t\u00e4sm\u00e4llisi\u00e4 ja luotettavia yhdisteit\u00e4 n\u00e4ihin monimutkaisiin tutkimuksiin, valitsevat jatkuvasti Chemsfine\u00e4 <b>laboratoriolaatu JWH-073<\/b>.<\/p>\n<h2>Turvallisuus ja vaatimustenmukaisuus<\/h2>\n<p>JWH-073:n ja vastaavien tutkimuskemikaalien k\u00e4sittely edellytt\u00e4\u00e4 turvallisuusprotokollien ja s\u00e4\u00e4nn\u00f6sten noudattamista. Tutkijoita kehotetaan k\u00e4ytt\u00e4m\u00e4\u00e4n asianmukaisia henkil\u00f6kohtaisia suojavarusteita, kuten laboratoriotakkeja, k\u00e4sineit\u00e4 ja silmiensuojaimia, altistumisriskien minimoimiseksi. Kaikki kokeet, joissa k\u00e4ytet\u00e4\u00e4n JWH-073:aa, on suoritettava hyvin ilmastoidussa tilassa tai huurteen alla, jotta estet\u00e4\u00e4n ilmassa olevien hiukkasten hengitt\u00e4minen. Lis\u00e4ksi valvottu laboratorioymp\u00e4rist\u00f6 on v\u00e4ltt\u00e4m\u00e4t\u00f6n yhdisteen vakauden ja eheyden sek\u00e4 henkil\u00f6st\u00f6n turvallisuuden varmistamiseksi. Kaikkien k\u00e4ytt\u00e4jien on ehdottomasti oltava tietoisia synteettisten kannabinoidien, kuten JWH-073:n, ostoa, varastointia ja k\u00e4ytt\u00f6\u00e4 koskevista alueellisista m\u00e4\u00e4r\u00e4yksist\u00e4 ja noudatettava niit\u00e4. Chemsfine suosittelee vahvasti tutustumaan kunkin tuotteen mukana toimitettavaan k\u00e4ytt\u00f6turvallisuustiedotteeseen (SDS), joka sis\u00e4lt\u00e4\u00e4 elint\u00e4rke\u00e4\u00e4 tietoa turvallisesta k\u00e4sittelyst\u00e4, varastoinnista, h\u00e4t\u00e4toimenpiteist\u00e4 ja h\u00e4vitt\u00e4misohjeista. Saatavilla on my\u00f6s analyysitodistuksia (CoA), joissa esitet\u00e4\u00e4n yksityiskohtaisesti JWH-073:n puhtaus ja koostumus ja varmistetaan, ett\u00e4 sinulla on kaikki tarvittavat asiakirjat tutkimusta ja vaatimustenmukaisuutta varten.<\/p>\n<h2>Miksi valita Chemsfine JWH-073-tarpeisiisi?<\/h2>\n<p>Chemsfinen maine perustuu vertaansa vailla olevaan laatuun, poikkeukselliseen palveluun ja vankkumattomaan tukeen tiedeyhteis\u00f6lle. Kun p\u00e4\u00e4t\u00e4t valita <b>Tilaa JWH-073 verkossa<\/b> meilt\u00e4, hy\u00f6dyt monista eduista, jotka on suunniteltu tekem\u00e4\u00e4n hankintaprosessistasi saumattoman ja luotettavan. Olemme ylpeit\u00e4 l\u00e4pin\u00e4kyvist\u00e4 yksityiskohdista ja tarjoamme t\u00e4ydelliset tuotespesifikaatiot ja kattavan dokumentaation jokaisesta hankinnasta. Tarkistetut er\u00e4kirjanpitomme takaavat tasaisen laadun ja j\u00e4ljitett\u00e4vyyden, mik\u00e4 on v\u00e4ltt\u00e4m\u00e4t\u00f6nt\u00e4 tiukkojen tieteellisten tutkimusten kannalta. Lis\u00e4ksi pyrimme tarjoamaan kilpailukykyisen hinnoittelun tinkim\u00e4tt\u00e4 tutkimuskemikaaliemme puhtaudesta tai tehokkuudesta, mik\u00e4 takaa, ett\u00e4 huippututkimus on edelleen saatavilla. Chemsfinen valitseminen tarkoittaa yhteisty\u00f6t\u00e4 sellaisen toimittajan kanssa, joka arvostaa tutkimustasi yht\u00e4 paljon kuin sin\u00e4kin, ja tarjoaa seuraavat palvelut <b>eritt\u00e4in puhdas JWH-073<\/b> joka t\u00e4ytt\u00e4\u00e4 vaativimmatkin laboratoriostandardit. Asiakastukitiimimme on aina valmis auttamaan kaikissa tiedusteluissa ja varmistamaan sujuvan ja tyydytt\u00e4v\u00e4n kokemuksen tilauksen tekemisest\u00e4 huomaamattomaan toimitukseen.<\/p>\n<h2>P\u00e4\u00e4telm\u00e4<\/h2>\n<p>Yhteenvetona voidaan todeta, ett\u00e4 JWH-073 on keskeinen tutkimuskemikaali kannabinoidij\u00e4rjestelm\u00e4\u00e4 ja siihen liittyvi\u00e4 farmakologisia mekanismeja koskevissa tutkimuksissa. Chemsfinen toimittama korkea puhtaus ja tasainen laatu tekev\u00e4t siit\u00e4 v\u00e4ltt\u00e4m\u00e4tt\u00f6m\u00e4n ty\u00f6kalun tutkijoille, jotka pyrkiv\u00e4t tarkkoihin ja toistettaviin tuloksiin. Luotettavaa l\u00e4hdett\u00e4 etsiville Chemsfine on ensisijainen m\u00e4\u00e4r\u00e4np\u00e4\u00e4, josta saatte <b>ostaa JWH-073 myyt\u00e4v\u00e4n\u00e4<\/b>. Olemme sitoutuneet tukemaan tieteellist\u00e4 edistyst\u00e4 tarjoamalla poikkeuksellisia tutkimuskemikaaleja, joita tuetaan tiukalla laadunvalvonnalla ja turvallisilla, huomaamattomilla toimituspalveluilla. Tutustu kattavaan tuotevalikoimaamme ja koe luottamus siihen, ett\u00e4 hankit keskeiset yhdisteet alan johtavalta ja luotettavalta yritykselt\u00e4. <b>Osta nyt verkossa<\/b> ja tehosta tutkimustasi Chemsfinen avulla.<\/p>","protected":false},"excerpt":{"rendered":"<p><b>JWH-073<\/b> is a high-purity synthetic cannabinoid primarily used for academic and scientific research. Known for its distinct chemical properties, this laboratory-grade compound is essential for various pharmacological studies. You can confidently <b>ostaa JWH-073<\/b> at Chemsfine, ensuring authenticity and quality for your research needs. Our products are rigorously tested to meet stringent industry standards.<\/p>","protected":false},"featured_media":6491,"comment_status":"open","ping_status":"closed","template":"","meta":{"_joinchat":[]},"product_brand":[],"product_cat":[936],"product_tag":[],"class_list":{"0":"post-6446","1":"product","2":"type-product","3":"status-publish","4":"has-post-thumbnail","6":"product_cat-research-chemicals","8":"first","9":"instock","10":"shipping-taxable","11":"purchasable","12":"product-type-variable"},"yoast_head":"<!-- This site is optimized with the Yoast SEO plugin v27.2 - https:\/\/yoast.com\/product\/yoast-seo-wordpress\/ -->\n<title>Buy JWH-073 Online - Premium Quality Research Chemical<\/title>\n<meta name=\"description\" content=\"Securely order JWH-073 online from Chemsfine. Get top-quality JWH-073 for research applications. Discreet delivery and competitive pricing. Buy now!\" \/>\n<meta name=\"robots\" content=\"index, follow, max-snippet:-1, max-image-preview:large, max-video-preview:-1\" \/>\n<link rel=\"canonical\" href=\"https:\/\/chemsfine.com\/fi\/tuote\/buy-jwh-chemicals\/\" \/>\n<meta property=\"og:locale\" content=\"fi_FI\" \/>\n<meta property=\"og:type\" content=\"article\" \/>\n<meta property=\"og:title\" content=\"Buy JWH-073 Online - Premium Quality Research Chemical\" \/>\n<meta property=\"og:description\" content=\"Securely order JWH-073 online from Chemsfine. Get top-quality JWH-073 for research applications. Discreet delivery and competitive pricing. Buy now!\" \/>\n<meta property=\"og:url\" content=\"https:\/\/chemsfine.com\/fi\/tuote\/buy-jwh-chemicals\/\" \/>\n<meta property=\"og:site_name\" content=\"Chemsfine\" \/>\n<meta property=\"article:modified_time\" content=\"2026-03-25T13:01:02+00:00\" \/>\n<meta property=\"og:image\" content=\"https:\/\/chemsfine.com\/wp-content\/uploads\/2026\/02\/jwh-073-2.jpg\" \/>\n\t<meta property=\"og:image:width\" content=\"259\" \/>\n\t<meta property=\"og:image:height\" content=\"194\" \/>\n\t<meta property=\"og:image:type\" content=\"image\/jpeg\" \/>\n<meta name=\"twitter:card\" content=\"summary_large_image\" \/>\n<meta name=\"twitter:label1\" content=\"Arvioitu lukuaika\" \/>\n\t<meta name=\"twitter:data1\" content=\"6 minuuttia\" \/>\n<script type=\"application\/ld+json\" class=\"yoast-schema-graph\">{\"@context\":\"https:\/\/schema.org\",\"@graph\":[{\"@type\":\"WebPage\",\"@id\":\"https:\/\/chemsfine.com\/product\/buy-jwh-chemicals\/\",\"url\":\"https:\/\/chemsfine.com\/product\/buy-jwh-chemicals\/\",\"name\":\"Buy JWH-073 Online - Premium Quality Research Chemical\",\"isPartOf\":{\"@id\":\"https:\/\/chemsfine.com\/#website\"},\"primaryImageOfPage\":{\"@id\":\"https:\/\/chemsfine.com\/product\/buy-jwh-chemicals\/#primaryimage\"},\"image\":{\"@id\":\"https:\/\/chemsfine.com\/product\/buy-jwh-chemicals\/#primaryimage\"},\"thumbnailUrl\":\"https:\/\/chemsfine.com\/wp-content\/uploads\/2026\/02\/jwh-073-2.jpg\",\"datePublished\":\"2026-02-12T10:05:08+00:00\",\"dateModified\":\"2026-03-25T13:01:02+00:00\",\"description\":\"Securely order JWH-073 online from Chemsfine. Get top-quality JWH-073 for research applications. Discreet delivery and competitive pricing. Buy now!\",\"breadcrumb\":{\"@id\":\"https:\/\/chemsfine.com\/product\/buy-jwh-chemicals\/#breadcrumb\"},\"inLanguage\":\"fi\",\"potentialAction\":[{\"@type\":\"ReadAction\",\"target\":[\"https:\/\/chemsfine.com\/product\/buy-jwh-chemicals\/\"]}]},{\"@type\":\"ImageObject\",\"inLanguage\":\"fi\",\"@id\":\"https:\/\/chemsfine.com\/product\/buy-jwh-chemicals\/#primaryimage\",\"url\":\"https:\/\/chemsfine.com\/wp-content\/uploads\/2026\/02\/jwh-073-2.jpg\",\"contentUrl\":\"https:\/\/chemsfine.com\/wp-content\/uploads\/2026\/02\/jwh-073-2.jpg\",\"width\":259,\"height\":194},{\"@type\":\"BreadcrumbList\",\"@id\":\"https:\/\/chemsfine.com\/product\/buy-jwh-chemicals\/#breadcrumb\",\"itemListElement\":[{\"@type\":\"ListItem\",\"position\":1,\"name\":\"Home\",\"item\":\"https:\/\/chemsfine.com\/\"},{\"@type\":\"ListItem\",\"position\":2,\"name\":\"Shop\",\"item\":\"https:\/\/chemsfine.com\/shop\/\"},{\"@type\":\"ListItem\",\"position\":3,\"name\":\"JWH-073 &#8211; Securely Order Premium Quality Research Chemicals Online\"}]},{\"@type\":\"WebSite\",\"@id\":\"https:\/\/chemsfine.com\/#website\",\"url\":\"https:\/\/chemsfine.com\/\",\"name\":\"Chemsfine\",\"description\":\"My WordPress Blog\",\"publisher\":{\"@id\":\"https:\/\/chemsfine.com\/#organization\"},\"potentialAction\":[{\"@type\":\"SearchAction\",\"target\":{\"@type\":\"EntryPoint\",\"urlTemplate\":\"https:\/\/chemsfine.com\/?s={search_term_string}\"},\"query-input\":{\"@type\":\"PropertyValueSpecification\",\"valueRequired\":true,\"valueName\":\"search_term_string\"}}],\"inLanguage\":\"fi\"},{\"@type\":\"Organization\",\"@id\":\"https:\/\/chemsfine.com\/#organization\",\"name\":\"Chemsfine\",\"url\":\"https:\/\/chemsfine.com\/\",\"logo\":{\"@type\":\"ImageObject\",\"inLanguage\":\"fi\",\"@id\":\"https:\/\/chemsfine.com\/#\/schema\/logo\/image\/\",\"url\":\"https:\/\/chemsfine.com\/wp-content\/uploads\/2024\/09\/final-logo.png\",\"contentUrl\":\"https:\/\/chemsfine.com\/wp-content\/uploads\/2024\/09\/final-logo.png\",\"width\":340,\"height\":72,\"caption\":\"Chemsfine\"},\"image\":{\"@id\":\"https:\/\/chemsfine.com\/#\/schema\/logo\/image\/\"}}]}<\/script>\n<!-- \/ Yoast SEO plugin. -->","yoast_head_json":{"title":"Osta JWH-073 Online - Premium Quality Research Chemical","description":"Tilaa JWH-073 turvallisesti verkossa Chemsfineilt\u00e4. Hanki huippulaatuinen JWH-073 tutkimussovelluksiin. Huomaamaton toimitus ja kilpailukykyinen hinnoittelu. Osta nyt!","robots":{"index":"index","follow":"follow","max-snippet":"max-snippet:-1","max-image-preview":"max-image-preview:large","max-video-preview":"max-video-preview:-1"},"canonical":"https:\/\/chemsfine.com\/fi\/tuote\/buy-jwh-chemicals\/","og_locale":"fi_FI","og_type":"article","og_title":"Buy JWH-073 Online - Premium Quality Research Chemical","og_description":"Securely order JWH-073 online from Chemsfine. Get top-quality JWH-073 for research applications. Discreet delivery and competitive pricing. Buy now!","og_url":"https:\/\/chemsfine.com\/fi\/tuote\/buy-jwh-chemicals\/","og_site_name":"Chemsfine","article_modified_time":"2026-03-25T13:01:02+00:00","og_image":[{"width":259,"height":194,"url":"https:\/\/chemsfine.com\/wp-content\/uploads\/2026\/02\/jwh-073-2.jpg","type":"image\/jpeg"}],"twitter_card":"summary_large_image","twitter_misc":{"Arvioitu lukuaika":"6 minuuttia"},"schema":{"@context":"https:\/\/schema.org","@graph":[{"@type":"WebPage","@id":"https:\/\/chemsfine.com\/product\/buy-jwh-chemicals\/","url":"https:\/\/chemsfine.com\/product\/buy-jwh-chemicals\/","name":"Osta JWH-073 Online - Premium Quality Research Chemical","isPartOf":{"@id":"https:\/\/chemsfine.com\/#website"},"primaryImageOfPage":{"@id":"https:\/\/chemsfine.com\/product\/buy-jwh-chemicals\/#primaryimage"},"image":{"@id":"https:\/\/chemsfine.com\/product\/buy-jwh-chemicals\/#primaryimage"},"thumbnailUrl":"https:\/\/chemsfine.com\/wp-content\/uploads\/2026\/02\/jwh-073-2.jpg","datePublished":"2026-02-12T10:05:08+00:00","dateModified":"2026-03-25T13:01:02+00:00","description":"Tilaa JWH-073 turvallisesti verkossa Chemsfineilt\u00e4. Hanki huippulaatuinen JWH-073 tutkimussovelluksiin. Huomaamaton toimitus ja kilpailukykyinen hinnoittelu. Osta nyt!","breadcrumb":{"@id":"https:\/\/chemsfine.com\/product\/buy-jwh-chemicals\/#breadcrumb"},"inLanguage":"fi","potentialAction":[{"@type":"ReadAction","target":["https:\/\/chemsfine.com\/product\/buy-jwh-chemicals\/"]}]},{"@type":"ImageObject","inLanguage":"fi","@id":"https:\/\/chemsfine.com\/product\/buy-jwh-chemicals\/#primaryimage","url":"https:\/\/chemsfine.com\/wp-content\/uploads\/2026\/02\/jwh-073-2.jpg","contentUrl":"https:\/\/chemsfine.com\/wp-content\/uploads\/2026\/02\/jwh-073-2.jpg","width":259,"height":194},{"@type":"BreadcrumbList","@id":"https:\/\/chemsfine.com\/product\/buy-jwh-chemicals\/#breadcrumb","itemListElement":[{"@type":"ListItem","position":1,"name":"Home","item":"https:\/\/chemsfine.com\/"},{"@type":"ListItem","position":2,"name":"Shop","item":"https:\/\/chemsfine.com\/shop\/"},{"@type":"ListItem","position":3,"name":"JWH-073 &#8211; Securely Order Premium Quality Research Chemicals Online"}]},{"@type":"WebSite","@id":"https:\/\/chemsfine.com\/#website","url":"https:\/\/chemsfine.com\/","name":"Chemsfine","description":"Minun WordPress blogi","publisher":{"@id":"https:\/\/chemsfine.com\/#organization"},"potentialAction":[{"@type":"SearchAction","target":{"@type":"EntryPoint","urlTemplate":"https:\/\/chemsfine.com\/?s={search_term_string}"},"query-input":{"@type":"PropertyValueSpecification","valueRequired":true,"valueName":"search_term_string"}}],"inLanguage":"fi"},{"@type":"Organization","@id":"https:\/\/chemsfine.com\/#organization","name":"Chemsfine","url":"https:\/\/chemsfine.com\/","logo":{"@type":"ImageObject","inLanguage":"fi","@id":"https:\/\/chemsfine.com\/#\/schema\/logo\/image\/","url":"https:\/\/chemsfine.com\/wp-content\/uploads\/2024\/09\/final-logo.png","contentUrl":"https:\/\/chemsfine.com\/wp-content\/uploads\/2024\/09\/final-logo.png","width":340,"height":72,"caption":"Chemsfine"},"image":{"@id":"https:\/\/chemsfine.com\/#\/schema\/logo\/image\/"}}]}},"_links":{"self":[{"href":"https:\/\/chemsfine.com\/fi\/wp-json\/wp\/v2\/product\/6446","targetHints":{"allow":["GET"]}}],"collection":[{"href":"https:\/\/chemsfine.com\/fi\/wp-json\/wp\/v2\/product"}],"about":[{"href":"https:\/\/chemsfine.com\/fi\/wp-json\/wp\/v2\/types\/product"}],"replies":[{"embeddable":true,"href":"https:\/\/chemsfine.com\/fi\/wp-json\/wp\/v2\/comments?post=6446"}],"wp:featuredmedia":[{"embeddable":true,"href":"https:\/\/chemsfine.com\/fi\/wp-json\/wp\/v2\/media\/6491"}],"wp:attachment":[{"href":"https:\/\/chemsfine.com\/fi\/wp-json\/wp\/v2\/media?parent=6446"}],"wp:term":[{"taxonomy":"product_brand","embeddable":true,"href":"https:\/\/chemsfine.com\/fi\/wp-json\/wp\/v2\/product_brand?post=6446"},{"taxonomy":"product_cat","embeddable":true,"href":"https:\/\/chemsfine.com\/fi\/wp-json\/wp\/v2\/product_cat?post=6446"},{"taxonomy":"product_tag","embeddable":true,"href":"https:\/\/chemsfine.com\/fi\/wp-json\/wp\/v2\/product_tag?post=6446"}],"curies":[{"name":"wp","href":"https:\/\/api.w.org\/{rel}","templated":true}]}}