{"id":6468,"date":"2026-02-12T10:05:34","date_gmt":"2026-02-12T10:05:34","guid":{"rendered":"https:\/\/chemsfine.com\/?post_type=product&#038;p=6468"},"modified":"2026-03-25T12:53:21","modified_gmt":"2026-03-25T12:53:21","slug":"tranquility-bath-salts-relaxation","status":"publish","type":"product","link":"https:\/\/chemsfine.com\/fi\/product\/tranquility-bath-salts-relaxation\/","title":{"rendered":"Tiivistetty Tranquility-kylpysuola 500mg perimm\u00e4iseen rentoutumiseen"},"content":{"rendered":"<p><b>Koe seesteisyys: Tilaa keskittynyt rauhallisuus Kylpysuolat Online<\/b><\/p>\n<p>Tutustu todella ylelliseen pakopaikkaan aisteillesi premium-luokan tuotteissamme <b>Tiivistetty Rauhan kylpysuola 500mg<\/b>. Tee tavallisista kylpyrutiineistasi poikkeuksellinen, rentouttava kylpyl\u00e4kokemus, jossa p\u00e4iv\u00e4n huolet sulavat aidosti pois rauhoittavien tuoksujen ja lohduttavan veden alle. Me t\u00e4\u00e4ll\u00e4 Chemsfine-yhti\u00f6ss\u00e4 ymm\u00e4rr\u00e4mme aidon rentoutumisen halun ja tarjoamme parhaan mahdollisen <b>Rauhallisuuden kylpysuolat<\/b> saatavilla. Seuraavissa osioissa perehdymme huomattaviin etuihin, annamme selkeit\u00e4 k\u00e4ytt\u00f6ohjeita ja tuomme esiin pakottavia syit\u00e4, miksi sinun tulisi k\u00e4ytt\u00e4\u00e4 <b>ostaa Concentrated Tranquility Bath Salts verkossa<\/b> meilt\u00e4. Valmistaudu sukeltamaan nuorentumisen ja rentoutumisen keitaaseen, jollaista et ole ennen kokenut. Voit <b>ostaa Concentrated Tranquility Bath Salts myyt\u00e4v\u00e4n\u00e4<\/b> t\u00e4\u00e4lt\u00e4, mik\u00e4 takaa turvallisen ostoksen ja korkealaatuisen tuotteen, joka toimitetaan suoraan kotiisi.<\/p>\n<h2>Tiivistetyn Tranquility-kylpysuolan hy\u00f6tyjen paljastaminen<\/h2>\n<h3>Aromaterapeuttinen autuus: Aistimellinen matka<\/h3>\n<p>Uppoudu puhtaaseen autuuteen, kun ihanat, luonnolliset tuoksut levi\u00e4v\u00e4t ilmaan, kun sekoitat n\u00e4m\u00e4 ensiluokkaiset, luonnolliset tuoksut... <b>kylpysuolat<\/b> kylpyveteen. Aromaterapia on tunnettu syv\u00e4llisest\u00e4 kyvyst\u00e4\u00e4n lievitt\u00e4\u00e4 tehokkaasti j\u00e4nnityst\u00e4, parantaa tunnetasapainoa ja luoda jatkuvasti todella rauhallinen ilmapiiri. Jokaisesta kylvyst\u00e4 tulee aistimellinen matka, joka auttaa sinua rentoutumaan syv\u00e4llisesti.<\/p>\n<h3>Mielen ja lihasten rentoutuminen: Syv\u00e4\u00e4n rentoutumiseen<\/h3>\n<p>Tehokkaalla ja asiantuntevasti koostetulla hy\u00f6dyllisten mineraalien yhdistelm\u00e4ll\u00e4 t\u00e4ydennettyn\u00e4 meid\u00e4n <b>Tiivistetty Rauhan kylpysuola 500mg<\/b> auttavat merkitt\u00e4v\u00e4sti syv\u00e4\u00e4n lihasrentoutumiseen ja edist\u00e4v\u00e4t yleist\u00e4 henkist\u00e4 rentoutumista. Kun nautit mukavasti kylpyammeessasi, rentoudu ja anna n\u00e4iden poikkeuksellisten <b>rentoutumissuolat<\/b> tekem\u00e4\u00e4n taikojaan ja rauhoittamaan sek\u00e4 kehoasi ett\u00e4 mielt\u00e4si palauttavilla ominaisuuksillaan. T\u00e4m\u00e4 on todella <b>Parhaat saatavilla olevat tiivistetyt Tranquility-kylpysuolat<\/b> markkinoilla.<\/p>\n<h3>Detoxification edist\u00e4\u00e4 s\u00e4teilev\u00e4\u00e4 ihoa: Puhdistava kokemus<\/h3>\n<p>Uppoudu t\u00e4ysin puhdistavien ominaisuuksien meid\u00e4n <b>Tiivistetty Rauhan Kylpysuola<\/b>. N\u00e4iden suolojen sis\u00e4lt\u00e4m\u00e4 runsas luonnollisten mineraalien sekoitus auttaa aktiivisesti poistamaan ep\u00e4puhtaudet ja lian iholtasi, jolloin tunnet olosi ihanan puhdistetuksi, virkistyneeksi ja n\u00e4kyv\u00e4sti nuorekkaaksi jokaisen ylellisen kylvyn j\u00e4lkeen. Se on luonnollinen tapa saavuttaa s\u00e4teilev\u00e4, terveen n\u00e4k\u00f6inen iho.<\/p>\n<h3>Parempi unen laatu: Y\u00f6unet: Polku levollisiin \u00f6ihin<\/h3>\n<p>Syv\u00e4lliset rauhoittavat vaikutukset meid\u00e4n <b>Rauhallisuuden kylpysuolat<\/b> ulottuvat paljon pidemm\u00e4lle kuin siihen hetkeen, kun astut ulos kylpyammeesta. Kylvyn aikana vapautuvat rauhoittavat ja rentouttavat tuoksut edist\u00e4v\u00e4t tehokkaasti rauhallisempaa ja h\u00e4iri\u00f6tt\u00f6m\u00e4mp\u00e4\u00e4 y\u00f6unta ja muuttavat iltas\u00e4ngyn nukkumaanmenorutiinisi puhtaaksi, rauhalliseksi keidakkeeksi. Koe, miten todella rentoutunut mieli ja keho voivat vaikuttaa unijaksoosi.<\/p>\n<h3>Tiivistetyn Tranquility-kylpysuolan t\u00e4rkeimm\u00e4t edut<\/h3>\n<table>\n<thead>\n<tr>\n<th>Etuusluokka<\/th>\n<th>Yksityiskohtaiset vaikutukset<\/th>\n<\/tr>\n<\/thead>\n<tbody>\n<tr>\n<td><b>Aromaterapeuttinen autuus<\/b><\/td>\n<td>Kohottavat luonnolliset tuoksut lievitt\u00e4v\u00e4t j\u00e4nnityst\u00e4, parantavat tunnetasapainoa ja luovat rauhallisen ilmapiirin syv\u00e4lle rentoutumiseen.<\/td>\n<\/tr>\n<tr>\n<td><b>Mielen ja lihasten rentoutuminen<\/b><\/td>\n<td>Voimakas mineraalisekoitus auttaa aktiivisesti syv\u00e4lliseen lihasten rentoutumiseen ja kokonaisvaltaiseen henkiseen rauhoittumiseen stressaavan p\u00e4iv\u00e4n j\u00e4lkeen.<\/td>\n<\/tr>\n<tr>\n<td><b>Ihon puhdistaminen<\/b><\/td>\n<td>Puhdistavat ominaisuudet poistavat ep\u00e4puhtaudet ja lian hell\u00e4varaisesti, mik\u00e4 edist\u00e4\u00e4 elvytetty\u00e4 ja n\u00e4kyv\u00e4sti s\u00e4teilev\u00e4\u00e4 ihoa jokaisella k\u00e4ytt\u00f6kerralla.<\/td>\n<\/tr>\n<tr>\n<td><b>Parempi unen laatu<\/b><\/td>\n<td>Rauhoittavat tuoksut luovat ihanteellisen ymp\u00e4rist\u00f6n rauhalliselle y\u00f6unelle ja tekev\u00e4t nukkumaanmenosta todella rauhallisen rituaalin.<\/td>\n<\/tr>\n<\/tbody>\n<\/table>\n<p><\/p>\n<h2>Ohjeet tiivistetyn Tranquility-kylpysuolan k\u00e4yt\u00f6st\u00e4<\/h2>\n<h3>Kylvyn valmistelu: Seesteisyys: Aseta n\u00e4ytt\u00e4m\u00f6 seesteisyyteen<\/h3>\n<p>Aloita t\u00e4ytt\u00e4m\u00e4ll\u00e4 kylpyamme miellytt\u00e4v\u00e4n l\u00e4mpim\u00e4ll\u00e4 vedell\u00e4. Varmista, ett\u00e4 vedenpinnan taso on riitt\u00e4v\u00e4, jotta voit upottaa itsesi kokonaan, mik\u00e4 luo t\u00e4ydellisen pohjan rentouttavalle kylvyllesi premium-luokan kylpyammeellamme. <b>kylpysuolat<\/b>.<\/p>\n<h3>Rauhallisuuden kylpysuolojen lis\u00e4\u00e4minen: Integrointi: Vaivaton integrointi<\/h3>\n<p>Kaada hitaasti ja harkitusti reilusti ruokaa. <b>Tiivistetty Rauhan kylpysuola 500mg<\/b> juoksevaan kylpyveteen. Sekoita vett\u00e4 varovasti k\u00e4sin tai hanan virtauksen avulla, kunnes suolat ovat liuenneet kokonaan ja tasaisesti, jolloin niiden t\u00e4ysi terapeuttinen potentiaali vapautuu.<\/p>\n<h3>Tunnelman s\u00e4\u00e4t\u00e4minen: Cultivate Your Sanctuary<\/h3>\n<p>Jos haluat todella maksimoida kokemuksesi, himmenn\u00e4 valaistusta, soita rauhoittavaa ja rauhoittavaa musiikkia ja luo tietoisesti rentouttava ilmapiiri. T\u00e4m\u00e4 ymp\u00e4rist\u00f6n tarkoituksellinen mukauttaminen parantaa merkitt\u00e4v\u00e4sti rauhallista ja rauhallista tunnetta, johon olet aikeissa uppoutua. Harkitse kynttil\u00e4n lis\u00e4\u00e4mist\u00e4 lis\u00e4l\u00e4mp\u00f6\u00e4 tuomaan.<\/p>\n<h3>Hemmottele ja rentoudu: antaudu hetkelle<\/h3>\n<p>Laskeudu varovasti ammeeseen ja anna uskomattoman rentouttavien tuoksujen vallata sinut. <b>Rauhallisuuden kylpysuolat<\/b> t\u00e4ysin ymp\u00e4r\u00f6im\u00e4\u00e4n ja ymp\u00e4r\u00f6im\u00e4\u00e4n sinut. Sulje silm\u00e4si, hengit\u00e4 useita syvi\u00e4, rauhoittavia henk\u00e4yksi\u00e4 ja vapauta itsesi tietoisesti p\u00e4iv\u00e4n stressist\u00e4 ja vaatimuksista. Anna terapeuttisten ominaisuuksien ottaa valtaansa.<\/p>\n<h3>Optimaalinen rentoutumisaika: maksimoi hy\u00f6dyt<\/h3>\n<p>Optimaalisen tuloksen ja maksimaalisen hy\u00f6dyn saat, kun annat itsesi liota ja rentoutua 20-30 minuutin ajan. T\u00e4m\u00e4 antaa runsaasti aikaa terapeuttisen kylvyn tehokkaille mineraaleille ja rauhoittaville aromaattisille aineille. <b>kylpysuolat<\/b> tehd\u00e4 taikojaan, rentouttaa syv\u00e4sti sek\u00e4 kehosi ett\u00e4 mielesi ja varmistaa syv\u00e4llisen nuorentumisen.<\/p>\n<h3>Puhdista ja kosteuta: Kylvyn j\u00e4lkeinen hoito<\/h3>\n<p>Syv\u00e4sti rentouttavan kylvyn j\u00e4lkeen huuhtele vartalosi huolellisesti puhtaalla, raikkaalla vedell\u00e4 ja taputtele iho hell\u00e4varaisesti kuivaksi pehme\u00e4ll\u00e4 pyyhkeell\u00e4. Jos haluat sitoa kosteuden ja ravita ihoasi, levit\u00e4 sen j\u00e4lkeen laadukas, kosteuttava kosteusvoide. T\u00e4m\u00e4 viimeistelee itsehoitorituaalisi, ja ihosi tuntuu pehme\u00e4lt\u00e4 ja kimmoisalta.<\/p>\n<h2>Syit\u00e4 tilata Concentrated Tranquility Bath Salts Online Chemsfineilt\u00e4<\/h2>\n<h3>Saavutettavuus k\u00e4den ulottuvilla: Saumaton verkko-ostosten tekeminen<\/h3>\n<p>Kun valitset <b>Tilaa Concentrated Tranquility Kylpysuolat verkossa<\/b> Chemsfinen kautta saat t\u00e4m\u00e4n ylellisen tuotteen suoraan kotiovellesi, mik\u00e4 on ainutlaatuisen k\u00e4tev\u00e4\u00e4. V\u00e4lt\u00e4 kaupassa ostosten tekemisen vaiva ja tuo rentouttava kylpyl\u00e4kokemus vaivattomasti suoraan oman kotisi mukavuuteen. Koskaan ei ole ollut helpompaa turvata n\u00e4in korkealaatuisia rentoutumistuotteita.<\/p>\n<h3>Korkean laadunvarmistus: Ensiluokkaiset ainesosat, poikkeukselliset tulokset<\/h3>\n<p>Meid\u00e4n <b>Rauhallisuuden kylpysuolat<\/b> valmistetaan huolellisesti ja \u00e4\u00e4rimm\u00e4isen huolellisesti k\u00e4ytt\u00e4en vain ensiluokkaisia ainesosia, jotta taataan paras mahdollinen laatu. Jokainen yksitt\u00e4inen purkki on osoitus Chemsfinen vankkumattomasta omistautumisesta sille, ett\u00e4 se tarjoaa arvostetuille asiakkaillemme aitoja ja korkealaatuisia tuotteita. T\u00e4m\u00e4n vuoksi olemme tunnettuja siit\u00e4, ett\u00e4 tarjoamme <b>Parhaat saatavilla olevat tiivistetyt Tranquility-kylpysuolat<\/b>.<\/p>\n<h3>Ammattimainen muotoilu: Designed for Your Well-Being<\/h3>\n<p>N\u00e4m\u00e4 <b>Tiivistetty Rauhan kylpysuola 500mg<\/b> ei ole vain sekoitettu, vaan ne on muotoiltu asiantuntevasti ja ammattimaisesti. Ne tarjoavat harmonisen ja synergistisen sekoituksen syv\u00e4\u00e4 rentoutumista, syv\u00e4llisi\u00e4 aromaterapeuttisia hy\u00f6tyj\u00e4 ja olennaisia ihoa ravitsevia ominaisuuksia. N\u00e4iden ylivoimaisten <b>kylpysuolat<\/b> on suunniteltu huolellisesti siten, ett\u00e4 kokonaisvaltainen terveytesi ja hyvinvointisi on ensisijainen painopiste, mik\u00e4 takaa vertaansa vailla olevan kokemuksen.<\/p>\n<h3>Saatavana monia kokoja: R\u00e4\u00e4t\u00e4l\u00f6ity tarpeidesi mukaan<\/h3>\n<p>Chemsfine tarjoaa joustavuutta valita erikokoisten purkkien joukosta, jotka on r\u00e4\u00e4t\u00e4l\u00f6ity t\u00e4ydellisesti vastaamaan yksil\u00f6llisi\u00e4 mieltymyksi\u00e4si ja tarpeitasi. Etsitp\u00e4 sitten yksitt\u00e4ist\u00e4 hemmottelevaa herkkua itsellesi tai tarvitset isomman sarjan useita taivaallisia kylpyj\u00e4 varten, monipuolinen kokovalikoimamme vastaa helposti vaatimuksiisi. N\u00e4in varmistamme, ett\u00e4 l\u00f6yd\u00e4t aina ihanteellisen m\u00e4\u00e4r\u00e4n, kun valitset <b>ostaa Concentrated Tranquility Bath Salts verkossa<\/b>.<\/p>\n<h3>Tutustu koko Premium-tuotteiden valikoimaan<\/h3>\n<p>Kun olet t\u00e4\u00e4ll\u00e4 <b>Tilaa Concentrated Tranquility Kylpysuolat verkossa<\/b>, kutsumme sinut tutustumaan Chemsfinen laajaan luetteloon korkealaatuisista tuotteista. Sitoutumisemme huippuosaamiseen ulottuu kaikkiin tuotteisiimme, etsitp\u00e4 sitten rentoutumisapuv\u00e4lineit\u00e4 tai erikoisvalmisteita. Saatat esimerkiksi olla kiinnostunut korkeapuhtaista tutkimusmateriaaleistamme, kuten seuraavista <a href=\"https:\/\/chemsfine.com\/fi\/tuote\/ostaa-mxipr-verkossa-myytavana\/\">MXiPR verkossa<\/a> tai <a href=\"https:\/\/chemsfine.com\/fi\/tuote\/buy-alprazolam-xanax-powder-online\/\">Alprazolam Xanax jauhe<\/a>, kaikki saatavilla k\u00e4tev\u00e4sti verkosta ostettavaksi. Varmistamme turvallisen tapahtuman ja huomaamattoman toimituksen kaikille asiakkaillemme, jotka etsiv\u00e4t luotettavia l\u00e4hteit\u00e4.<\/p>\n<h3>Lahja seesteisyydelle: Jaa rauha<\/h3>\n<p>Levit\u00e4 rentoutumisen ja hyvinvoinnin korvaamatonta lahjaa antamalla hienojakoinen <b>kylpysuolat<\/b> rakkaille perheenj\u00e4senillesi, yst\u00e4villesi tai kollegoillesi. Kauniisti muotoillut purkit ovat t\u00e4ydellinen ja huomaavainen lahja, ihanteellinen lahja, joka todella edist\u00e4\u00e4 itsehoitoa, sis\u00e4ist\u00e4 rauhaa ja hetken rauhaa kenen tahansa kiireisess\u00e4 el\u00e4m\u00e4ss\u00e4. Se on huomaavainen tapa kannustaa itsehoitoon.<\/p>\n<h2>Lopuksi: Lis\u00e4\u00e4 hyvinvointia jokaisella ylellisell\u00e4 liotuksella: Lis\u00e4\u00e4 hyvinvointia jokaisella ylellisell\u00e4 liotuksella<\/h2>\n<p>Meid\u00e4n <b>Tiivistetty Rauhan Kylpysuola<\/b> todella m\u00e4\u00e4rittelev\u00e4t uudelleen ja nostavat itsehoidon k\u00e4sitteen, muuttavat tavallisen kylpyhuoneen vaivattomasti seesteiseksi pyh\u00e4k\u00f6ksi ja vertaansa vailla olevaksi rauhalliseksi henkil\u00f6kohtaiseksi paikaksi. Antaudu ihastuttaville, luonnollisille tuoksuille, kun rentoudut syv\u00e4sti ja annat huolien ja p\u00e4ivitt\u00e4isen stressin sulaa hell\u00e4sti pois lohduttavaan kylpyveteen. Perimm\u00e4inen polku nuorentumiseen, syv\u00e4\u00e4n rentoutumiseen ja sis\u00e4iseen rauhaan on vain hiiren klikkauksen p\u00e4\u00e4ss\u00e4. \u00c4l\u00e4 viivyttele; <b>ostaa Concentrated Tranquility Bath Salts verkossa<\/b> t\u00e4n\u00e4\u00e4n Chemsfine, luotettava l\u00e4hde ensiluokkaisille rentoutumistuotteille. Tutustu t\u00e4ydelliseen tarjontaamme ja koe Chemsfinen ero vierailemalla meid\u00e4n <a href=\"https:\/\/chemsfine.com\/fi\/products\/\">tuotesivu<\/a> lis\u00e4\u00e4 laadukkaita vaihtoehtoja.<\/p>","protected":false},"excerpt":{"rendered":"<p>Indulge in a luxurious escape with our &lt;b&gt;Tiivistetty Rauhan kylpysuola 500mg&lt;\/b&gt;. Designed to melt away worries, these premium &lt;b&gt;Rauhallisuuden kylpysuolat&lt;\/b&gt; offer aromatherapeutic bliss and muscle relaxation. Enhance your self-care routine and &lt;b&gt;ostaa Chemsfine&lt;\/b&gt; for a serene, spa-like experience. Order now for ultimate rejuvenation.<\/p>","protected":false},"featured_media":6522,"comment_status":"open","ping_status":"closed","template":"","meta":{"_joinchat":[]},"product_brand":[],"product_cat":[936],"product_tag":[],"class_list":{"0":"post-6468","1":"product","2":"type-product","3":"status-publish","4":"has-post-thumbnail","6":"product_cat-research-chemicals","8":"first","9":"instock","10":"shipping-taxable","11":"purchasable","12":"product-type-variable"},"yoast_head":"<!-- This site is optimized with the Yoast SEO plugin v27.2 - https:\/\/yoast.com\/product\/yoast-seo-wordpress\/ -->\n<title>Buy Concentrated Tranquility Bath Salts Online \u2013 Best Price<\/title>\n<meta name=\"description\" content=\"Experience ultimate serenity with Concentrated Tranquility Bath Salts 500mg. Buy online for spa-like relaxation and enhanced well-being.\" \/>\n<meta name=\"robots\" content=\"index, follow, max-snippet:-1, max-image-preview:large, max-video-preview:-1\" \/>\n<link rel=\"canonical\" href=\"https:\/\/chemsfine.com\/fi\/tuote\/tranquility-bath-salts-relaxation\/\" \/>\n<meta property=\"og:locale\" content=\"fi_FI\" \/>\n<meta property=\"og:type\" content=\"article\" \/>\n<meta property=\"og:title\" content=\"Buy Concentrated Tranquility Bath Salts Online \u2013 Best Price\" \/>\n<meta property=\"og:description\" content=\"Experience ultimate serenity with Concentrated Tranquility Bath Salts 500mg. Buy online for spa-like relaxation and enhanced well-being.\" \/>\n<meta property=\"og:url\" content=\"https:\/\/chemsfine.com\/fi\/tuote\/tranquility-bath-salts-relaxation\/\" \/>\n<meta property=\"og:site_name\" content=\"Chemsfine\" \/>\n<meta property=\"article:modified_time\" content=\"2026-03-25T12:53:21+00:00\" \/>\n<meta property=\"og:image\" content=\"https:\/\/chemsfine.com\/wp-content\/uploads\/2026\/02\/concentrated-tranquility-bath-salts-500mg-1.jpg\" \/>\n\t<meta property=\"og:image:width\" content=\"236\" \/>\n\t<meta property=\"og:image:height\" content=\"225\" \/>\n\t<meta property=\"og:image:type\" content=\"image\/jpeg\" \/>\n<meta name=\"twitter:card\" content=\"summary_large_image\" \/>\n<meta name=\"twitter:label1\" content=\"Arvioitu lukuaika\" \/>\n\t<meta name=\"twitter:data1\" content=\"7 minuuttia\" \/>\n<script type=\"application\/ld+json\" class=\"yoast-schema-graph\">{\"@context\":\"https:\/\/schema.org\",\"@graph\":[{\"@type\":\"WebPage\",\"@id\":\"https:\/\/chemsfine.com\/product\/tranquility-bath-salts-relaxation\/\",\"url\":\"https:\/\/chemsfine.com\/product\/tranquility-bath-salts-relaxation\/\",\"name\":\"Buy Concentrated Tranquility Bath Salts Online \u2013 Best Price\",\"isPartOf\":{\"@id\":\"https:\/\/chemsfine.com\/#website\"},\"primaryImageOfPage\":{\"@id\":\"https:\/\/chemsfine.com\/product\/tranquility-bath-salts-relaxation\/#primaryimage\"},\"image\":{\"@id\":\"https:\/\/chemsfine.com\/product\/tranquility-bath-salts-relaxation\/#primaryimage\"},\"thumbnailUrl\":\"https:\/\/chemsfine.com\/wp-content\/uploads\/2026\/02\/concentrated-tranquility-bath-salts-500mg-1.jpg\",\"datePublished\":\"2026-02-12T10:05:34+00:00\",\"dateModified\":\"2026-03-25T12:53:21+00:00\",\"description\":\"Experience ultimate serenity with Concentrated Tranquility Bath Salts 500mg. Buy online for spa-like relaxation and enhanced well-being.\",\"breadcrumb\":{\"@id\":\"https:\/\/chemsfine.com\/product\/tranquility-bath-salts-relaxation\/#breadcrumb\"},\"inLanguage\":\"fi\",\"potentialAction\":[{\"@type\":\"ReadAction\",\"target\":[\"https:\/\/chemsfine.com\/product\/tranquility-bath-salts-relaxation\/\"]}]},{\"@type\":\"ImageObject\",\"inLanguage\":\"fi\",\"@id\":\"https:\/\/chemsfine.com\/product\/tranquility-bath-salts-relaxation\/#primaryimage\",\"url\":\"https:\/\/chemsfine.com\/wp-content\/uploads\/2026\/02\/concentrated-tranquility-bath-salts-500mg-1.jpg\",\"contentUrl\":\"https:\/\/chemsfine.com\/wp-content\/uploads\/2026\/02\/concentrated-tranquility-bath-salts-500mg-1.jpg\",\"width\":236,\"height\":225},{\"@type\":\"BreadcrumbList\",\"@id\":\"https:\/\/chemsfine.com\/product\/tranquility-bath-salts-relaxation\/#breadcrumb\",\"itemListElement\":[{\"@type\":\"ListItem\",\"position\":1,\"name\":\"Home\",\"item\":\"https:\/\/chemsfine.com\/\"},{\"@type\":\"ListItem\",\"position\":2,\"name\":\"Shop\",\"item\":\"https:\/\/chemsfine.com\/shop\/\"},{\"@type\":\"ListItem\",\"position\":3,\"name\":\"Concentrated Tranquility Bath Salts 500mg for Ultimate Relaxation\"}]},{\"@type\":\"WebSite\",\"@id\":\"https:\/\/chemsfine.com\/#website\",\"url\":\"https:\/\/chemsfine.com\/\",\"name\":\"Chemsfine\",\"description\":\"My WordPress Blog\",\"publisher\":{\"@id\":\"https:\/\/chemsfine.com\/#organization\"},\"potentialAction\":[{\"@type\":\"SearchAction\",\"target\":{\"@type\":\"EntryPoint\",\"urlTemplate\":\"https:\/\/chemsfine.com\/?s={search_term_string}\"},\"query-input\":{\"@type\":\"PropertyValueSpecification\",\"valueRequired\":true,\"valueName\":\"search_term_string\"}}],\"inLanguage\":\"fi\"},{\"@type\":\"Organization\",\"@id\":\"https:\/\/chemsfine.com\/#organization\",\"name\":\"Chemsfine\",\"url\":\"https:\/\/chemsfine.com\/\",\"logo\":{\"@type\":\"ImageObject\",\"inLanguage\":\"fi\",\"@id\":\"https:\/\/chemsfine.com\/#\/schema\/logo\/image\/\",\"url\":\"https:\/\/chemsfine.com\/wp-content\/uploads\/2024\/09\/final-logo.png\",\"contentUrl\":\"https:\/\/chemsfine.com\/wp-content\/uploads\/2024\/09\/final-logo.png\",\"width\":340,\"height\":72,\"caption\":\"Chemsfine\"},\"image\":{\"@id\":\"https:\/\/chemsfine.com\/#\/schema\/logo\/image\/\"}}]}<\/script>\n<!-- \/ Yoast SEO plugin. -->","yoast_head_json":{"title":"Osta Concentrated Tranquility Bath Salts verkossa - Paras hinta","description":"Koe \u00e4\u00e4rimm\u00e4inen tyyneys Concentrated Tranquility -kylpysuolalla 500 mg. Osta verkosta kylpyl\u00e4maiseen rentoutumiseen ja lis\u00e4\u00e4ntyneeseen hyvinvointiin.","robots":{"index":"index","follow":"follow","max-snippet":"max-snippet:-1","max-image-preview":"max-image-preview:large","max-video-preview":"max-video-preview:-1"},"canonical":"https:\/\/chemsfine.com\/fi\/tuote\/tranquility-bath-salts-relaxation\/","og_locale":"fi_FI","og_type":"article","og_title":"Buy Concentrated Tranquility Bath Salts Online \u2013 Best Price","og_description":"Experience ultimate serenity with Concentrated Tranquility Bath Salts 500mg. Buy online for spa-like relaxation and enhanced well-being.","og_url":"https:\/\/chemsfine.com\/fi\/tuote\/tranquility-bath-salts-relaxation\/","og_site_name":"Chemsfine","article_modified_time":"2026-03-25T12:53:21+00:00","og_image":[{"width":236,"height":225,"url":"https:\/\/chemsfine.com\/wp-content\/uploads\/2026\/02\/concentrated-tranquility-bath-salts-500mg-1.jpg","type":"image\/jpeg"}],"twitter_card":"summary_large_image","twitter_misc":{"Arvioitu lukuaika":"7 minuuttia"},"schema":{"@context":"https:\/\/schema.org","@graph":[{"@type":"WebPage","@id":"https:\/\/chemsfine.com\/product\/tranquility-bath-salts-relaxation\/","url":"https:\/\/chemsfine.com\/product\/tranquility-bath-salts-relaxation\/","name":"Osta Concentrated Tranquility Bath Salts verkossa - Paras hinta","isPartOf":{"@id":"https:\/\/chemsfine.com\/#website"},"primaryImageOfPage":{"@id":"https:\/\/chemsfine.com\/product\/tranquility-bath-salts-relaxation\/#primaryimage"},"image":{"@id":"https:\/\/chemsfine.com\/product\/tranquility-bath-salts-relaxation\/#primaryimage"},"thumbnailUrl":"https:\/\/chemsfine.com\/wp-content\/uploads\/2026\/02\/concentrated-tranquility-bath-salts-500mg-1.jpg","datePublished":"2026-02-12T10:05:34+00:00","dateModified":"2026-03-25T12:53:21+00:00","description":"Koe \u00e4\u00e4rimm\u00e4inen tyyneys Concentrated Tranquility -kylpysuolalla 500 mg. Osta verkosta kylpyl\u00e4maiseen rentoutumiseen ja lis\u00e4\u00e4ntyneeseen hyvinvointiin.","breadcrumb":{"@id":"https:\/\/chemsfine.com\/product\/tranquility-bath-salts-relaxation\/#breadcrumb"},"inLanguage":"fi","potentialAction":[{"@type":"ReadAction","target":["https:\/\/chemsfine.com\/product\/tranquility-bath-salts-relaxation\/"]}]},{"@type":"ImageObject","inLanguage":"fi","@id":"https:\/\/chemsfine.com\/product\/tranquility-bath-salts-relaxation\/#primaryimage","url":"https:\/\/chemsfine.com\/wp-content\/uploads\/2026\/02\/concentrated-tranquility-bath-salts-500mg-1.jpg","contentUrl":"https:\/\/chemsfine.com\/wp-content\/uploads\/2026\/02\/concentrated-tranquility-bath-salts-500mg-1.jpg","width":236,"height":225},{"@type":"BreadcrumbList","@id":"https:\/\/chemsfine.com\/product\/tranquility-bath-salts-relaxation\/#breadcrumb","itemListElement":[{"@type":"ListItem","position":1,"name":"Home","item":"https:\/\/chemsfine.com\/"},{"@type":"ListItem","position":2,"name":"Shop","item":"https:\/\/chemsfine.com\/shop\/"},{"@type":"ListItem","position":3,"name":"Concentrated Tranquility Bath Salts 500mg for Ultimate Relaxation"}]},{"@type":"WebSite","@id":"https:\/\/chemsfine.com\/#website","url":"https:\/\/chemsfine.com\/","name":"Chemsfine","description":"Minun WordPress blogi","publisher":{"@id":"https:\/\/chemsfine.com\/#organization"},"potentialAction":[{"@type":"SearchAction","target":{"@type":"EntryPoint","urlTemplate":"https:\/\/chemsfine.com\/?s={search_term_string}"},"query-input":{"@type":"PropertyValueSpecification","valueRequired":true,"valueName":"search_term_string"}}],"inLanguage":"fi"},{"@type":"Organization","@id":"https:\/\/chemsfine.com\/#organization","name":"Chemsfine","url":"https:\/\/chemsfine.com\/","logo":{"@type":"ImageObject","inLanguage":"fi","@id":"https:\/\/chemsfine.com\/#\/schema\/logo\/image\/","url":"https:\/\/chemsfine.com\/wp-content\/uploads\/2024\/09\/final-logo.png","contentUrl":"https:\/\/chemsfine.com\/wp-content\/uploads\/2024\/09\/final-logo.png","width":340,"height":72,"caption":"Chemsfine"},"image":{"@id":"https:\/\/chemsfine.com\/#\/schema\/logo\/image\/"}}]}},"_links":{"self":[{"href":"https:\/\/chemsfine.com\/fi\/wp-json\/wp\/v2\/product\/6468","targetHints":{"allow":["GET"]}}],"collection":[{"href":"https:\/\/chemsfine.com\/fi\/wp-json\/wp\/v2\/product"}],"about":[{"href":"https:\/\/chemsfine.com\/fi\/wp-json\/wp\/v2\/types\/product"}],"replies":[{"embeddable":true,"href":"https:\/\/chemsfine.com\/fi\/wp-json\/wp\/v2\/comments?post=6468"}],"wp:featuredmedia":[{"embeddable":true,"href":"https:\/\/chemsfine.com\/fi\/wp-json\/wp\/v2\/media\/6522"}],"wp:attachment":[{"href":"https:\/\/chemsfine.com\/fi\/wp-json\/wp\/v2\/media?parent=6468"}],"wp:term":[{"taxonomy":"product_brand","embeddable":true,"href":"https:\/\/chemsfine.com\/fi\/wp-json\/wp\/v2\/product_brand?post=6468"},{"taxonomy":"product_cat","embeddable":true,"href":"https:\/\/chemsfine.com\/fi\/wp-json\/wp\/v2\/product_cat?post=6468"},{"taxonomy":"product_tag","embeddable":true,"href":"https:\/\/chemsfine.com\/fi\/wp-json\/wp\/v2\/product_tag?post=6468"}],"curies":[{"name":"wp","href":"https:\/\/api.w.org\/{rel}","templated":true}]}}