{"id":6483,"date":"2026-02-12T10:05:58","date_gmt":"2026-02-12T10:05:58","guid":{"rendered":"https:\/\/chemsfine.com\/?post_type=product&#038;p=6483"},"modified":"2026-03-25T12:51:34","modified_gmt":"2026-03-25T12:51:34","slug":"buy-jwh-250-chemical","status":"publish","type":"product","link":"https:\/\/chemsfine.com\/fi\/product\/buy-jwh-250-chemical\/","title":{"rendered":"JWH-250: JWH-250: Premium Quality Research Chemical myyt\u00e4v\u00e4n\u00e4"},"content":{"rendered":"<p>Etsitk\u00f6 <b>ostaa JWH-250 myyt\u00e4v\u00e4ksi<\/b> hyv\u00e4maineisesta l\u00e4hteest\u00e4? \u00c4l\u00e4 etsi kauempaa. Me chemsfine-yhti\u00f6ss\u00e4 ymm\u00e4rr\u00e4mme puhtauden ja luotettavuuden ratkaisevan t\u00e4rkeyden tieteellisess\u00e4 tutkimuksessa. Olemme omistautuneet tarjoamaan tutkijoille ja laboratorioille ensiluokkaisia tutkimuskemikaaleja, joilla varmistamme, ett\u00e4 kokeesi tuottavat tarkkoja ja johdonmukaisia tuloksia. Tutustu parhaaseen paikkaan ostaa JWH-250 verkossa - Ensiluokkainen laatu taattu. Sitoutumisemme huippuosaamiseen tarkoittaa, ett\u00e4 saat vain korkeinta laatua olevaa JWH-250:t\u00e4, jonka puhtaus on testattu huolellisesti ja joka ylitt\u00e4\u00e4 tyypillisesti 99%.<\/p>\n<h2>Mik\u00e4 on JWH-250?<\/h2>\n<p>JWH-250 on merkitt\u00e4v\u00e4 synteettinen kannabinoidi, indolipohjainen yhdiste, joka tunnetaan agonistisesta aktiivisuudestaan kannabinoidireseptoreissa. Sen t\u00e4ydellinen kemiallinen nimi on 1-pentyyli-3-(2-metyylifenyyliasetyyli)indoli. T\u00e4m\u00e4 yhdiste on saanut merkitt\u00e4v\u00e4\u00e4 huomiota tiedeyhteis\u00f6ss\u00e4, koska sill\u00e4 on merkityst\u00e4 endokannabinoidij\u00e4rjestelm\u00e4n monimutkaisten mekanismien tutkimisessa. Tutkijat, jotka etsiv\u00e4t <b>huippulaatua JWH-250<\/b> pit\u00e4v\u00e4t sit\u00e4 korvaamattomana sen hyvin dokumentoitujen ominaisuuksien vuoksi.<\/p>\n<p>Neurotieteen ja farmakologian keskeisen\u00e4 v\u00e4lineen\u00e4 JWH-250 tarjoaa kontrolloidun keinon tutkia reseptorien sitoutumista, signaalinsiirtoratoja ja erilaisia fysiologisia vaikutuksia in vitro- ja in vivo -malleissa. Se on tarkasti suunniteltu molekyyli, joka on elint\u00e4rke\u00e4 neurologisten toimintojen ja mahdollisten terapeuttisten kohteiden ymm\u00e4rt\u00e4misen edist\u00e4miseksi. Sen johdonmukainen molekyylirakenne, jota edustaa kemiallinen kaava C\u2082\u2082H\u2082\u2082\u2085NO ja CAS-numero 864445-43-2, takaa toistettavat tulokset tiukoissa tieteellisiss\u00e4 sovelluksissa.<\/p>\n<p>Niille, jotka tarvitsevat yksityiskohtaisia eritelmi\u00e4 t\u00e4st\u00e4 <b>laboratoriolaatu JWH-250<\/b>, T\u00e4ss\u00e4 on yhteenveto:<\/p>\n<table>\n<thead>\n<tr>\n<th>Kiinteist\u00f6<\/th>\n<th>Arvo<\/th>\n<\/tr>\n<\/thead>\n<tbody>\n<tr>\n<td>Kemiallinen nimi<\/td>\n<td>1-pentyyli-3-(2-metyylifenyyliasetyyli)indoli<\/td>\n<\/tr>\n<tr>\n<td>CAS-numero<\/td>\n<td>864445-43-2<\/td>\n<\/tr>\n<tr>\n<td>Kemiallinen kaava<\/td>\n<td>C\u2082\u2082H\u2082\u2082\u2085NO<\/td>\n<\/tr>\n<tr>\n<td>Molarmassa<\/td>\n<td>319,44 g\/mol<\/td>\n<\/tr>\n<tr>\n<td>Puhtaus (v\u00e4himm\u00e4ispitoisuus)<\/td>\n<td>\u226599%<\/td>\n<\/tr>\n<tr>\n<td>Ulkon\u00e4k\u00f6<\/td>\n<td>Kiteinen jauhe<\/td>\n<\/tr>\n<tr>\n<td>Ensisijainen tutkimusk\u00e4ytt\u00f6<\/td>\n<td>Kannabinoidireseptoriagonistitutkimukset<\/td>\n<\/tr>\n<\/tbody>\n<\/table>\n<h2>Miksi ostaa JWH-250 verkossa chemsfineilt\u00e4?<\/h2>\n<p>Chemsfinen valitseminen tutkimuskemikaalitarpeisiin tarkoittaa, ett\u00e4 valitset vertaansa vailla olevan luottamuksen ja laadun. Tied\u00e4mme, ett\u00e4 tutkimuksesi luotettavuus riippuu materiaalien puhtaudesta. Siksi jokainen JWH-250-er\u00e4 k\u00e4y l\u00e4pi tiukan laadunvalvonnan ja analyyttisen testauksen sen identiteetin ja puhtauden varmistamiseksi. Pid\u00e4mme kiinni lupauksestamme toimittaa <b>paras saatavilla oleva JWH-250<\/b> markkinoilla, mik\u00e4 takaa mielenrauhan jokaiselle tutkijalle.<\/p>\n<p>Verkkoalustamme tarjoaa saumattoman ja turvallisen ostokokemuksen, jonka avulla voitte <b>ostaa JWH-250 verkossa<\/b> luottavaisin mielin. Asetamme etusijalle harkinnanvaraisuuden ja tehokkaan maailmanlaajuisen logistiikan, mik\u00e4 tekee t\u00e4rkeiden tutkimusyhdisteiden hankinnasta sek\u00e4 k\u00e4tev\u00e4\u00e4 ett\u00e4 luotettavaa. Lis\u00e4ksi chemsfine on sitoutunut l\u00e4pin\u00e4kyviin k\u00e4yt\u00e4nt\u00f6ihin ja tarjoaa kattavat tuotetiedot ja tukevat asiakirjat tutkimustarpeidesi t\u00e4ytt\u00e4miseksi. Tutustu korkealaatuisten tutkimuskemikaalien valikoimaamme, johon kuuluu yhdisteit\u00e4, kuten <a href=\"https:\/\/chemsfine.com\/fi\/tuote\/buy-3-mmc-online\/\">3-MMC tutkimushankkeita varten<\/a>, JWH-250:n rinnalla.<\/p>\n<h2>Sovellukset<\/h2>\n<p>JWH-250 on tarkoitettu yksinomaan tieteelliseen tutkimukseen ja laboratoriosovelluksiin. Sen k\u00e4ytt\u00f6tarkoituksiin kuuluvat muun muassa seuraavat:<\/p>\n<ul>\n<li>Kannabinoidireseptorien (CB1 ja CB2) sitoutumis- ja aktivoitumisprofiilien tutkiminen.<\/li>\n<li>Synteettisten kannabinoidien farmakologisten vaikutusten tutkiminen eri biologisissa j\u00e4rjestelmiss\u00e4.<\/li>\n<li>Uusien analyysimenetelmien kehitt\u00e4minen synteettisten kannabinoidiyhdisteiden havaitsemiseksi.<\/li>\n<li>Endokannabinoidij\u00e4rjestelm\u00e4\u00e4n liittyvien mahdollisten terapeuttisten kohteiden tutkiminen.<\/li>\n<li>K\u00e4ytt\u00f6 vertailustandardina toksikologiassa ja rikosteknisiss\u00e4 analyyseiss\u00e4.<\/li>\n<li>Indolijohdannaisten rakenne-aktiivisuussuhteiden tutkiminen l\u00e4\u00e4kekemiassa.<\/li>\n<\/ul>\n<h2>Turvallisuus ja vaatimustenmukaisuus<\/h2>\n<p>JWH-250:n k\u00e4sittely edellytt\u00e4\u00e4 turvallisuusprotokollien ja viranomaisohjeiden tiukkaa noudattamista. Tutkijoiden on k\u00e4ytett\u00e4v\u00e4 asianmukaisia henkil\u00f6kohtaisia suojavarusteita, kuten laboratoriotakkeja, k\u00e4sineit\u00e4 ja silmiensuojaimia, ty\u00f6skennelless\u00e4\u00e4n t\u00e4m\u00e4n yhdisteen kanssa. Kaikki kokeet, joissa k\u00e4ytet\u00e4\u00e4n JWH-250:t\u00e4, on suoritettava valvotussa laboratorioymp\u00e4rist\u00f6ss\u00e4, mieluiten huurujen alla, altistumisriskien minimoimiseksi. On ehdottoman t\u00e4rke\u00e4\u00e4 olla tietoinen kaikista sovellettavista paikallisista, kansallisista ja kansainv\u00e4lisist\u00e4 s\u00e4\u00e4nn\u00f6ist\u00e4, jotka koskevat tutkimuskemikaalien hallussapitoa, k\u00e4sittely\u00e4 ja k\u00e4ytt\u00f6\u00e4, ja noudattaa niit\u00e4. Tarjoamme kattavat k\u00e4ytt\u00f6turvallisuustiedotteet (SDS) ja analyysitodistukset (CoA) kaikille tuotteillemme, my\u00f6s JWH-250:lle, jotta tutkijat voivat suorittaa tutkimuksensa turvallisesti ja t\u00e4ysin vaatimusten mukaisesti.<\/p>\n<p>Kehotamme kaikkia asiakkaitamme tutustumaan JWH-250:n oikeudelliseen asemaan omassa maassaan ennen ostamista. Vastuulliset tutkimusk\u00e4yt\u00e4nn\u00f6t ovat ensiarvoisen t\u00e4rkeit\u00e4, ja chemsfine on sitoutunut tukemaan turvallista ja s\u00e4\u00e4nt\u00f6jenmukaista tiedeyhteis\u00f6\u00e4. Tutustu muihin vastaaviin tutkimusyhdisteisiin, kuten <a href=\"https:\/\/chemsfine.com\/fi\/tuote\/buy-jwh-018-online\/\">JWH-018 kattavia tutkimuksia varten<\/a>, ja asettaa aina etusijalle turvallisuuden ja vaatimustenmukaisuuden.<\/p>\n<h2>Miksi valita meid\u00e4t?<\/h2>\n<p>Kun valitset chemsfinen, valitset kumppanin, joka on sitoutunut korkeimpiin laatu-, avoimuus- ja asiakastyytyv\u00e4isyysvaatimuksiin. Tarjoamme avoimia tietoja kaikista tuotteistamme, jotta sinulla on t\u00e4ydelliset tiedot ennen ostoksen tekemist\u00e4. Sitoumuksemme ulottuu my\u00f6s todennettuihin er\u00e4kirjanpitoon, joka tarjoaa t\u00e4yden j\u00e4ljitett\u00e4vyyden ja puhtausvarmuuden jokaiselle hankkimallesi grammalle JWH-250:t\u00e4. Uskomme tutkijoiden valtuuttamiseen luotettavien ty\u00f6kalujen avulla, ja siihen kuuluu kilpailukykyinen hinnoittelu laadusta tinkim\u00e4tt\u00e4.<\/p>\n<p>chemsfinen avulla voit luottavaisin mielin - <b>tilata JWH-250 verkossa<\/b>, tiet\u00e4en, ett\u00e4 saat ylivoimaisen tuotteen, jonka takana on tiukka testaus ja omistautunut asiakastuki. Tehostettu tilausprosessimme ja turvalliset toimitusmekanismit on suunniteltu vastaamaan nykyaikaisen tutkimuksen vaativiin aikatauluihin. Koe mukavuus ja luotettavuus, joka erottaa chemsfinen ensiluokkaisten tutkimuskemikaalien luotettavana toimittajana.<\/p>\n<h2>P\u00e4\u00e4telm\u00e4<\/h2>\n<p>Tarkkojen ja toistettavissa olevien tieteellisten tulosten saamiseksi tutkimuskemikaalien laatu on ehdoton edellytys. chemsfine on ensisijainen m\u00e4\u00e4r\u00e4np\u00e4\u00e4, josta saat <b>ostaa JWH-250 myyt\u00e4v\u00e4ksi<\/b>, joka tarjoaa vertaansa vailla olevaa puhtautta ja omistautunutta palvelua. Kutsumme sinut kokemaan chemsfine-eron - jossa laatu kohtaa luotettavuuden ja mahdollistaa uraauurtavat l\u00f6yd\u00f6t. Varmista toimituksesi eritt\u00e4in puhdasta JWH-250:t\u00e4 jo t\u00e4n\u00e4\u00e4n ja edist\u00e4 tutkimustasi luottavaisin mielin.<\/p>","protected":false},"excerpt":{"rendered":"<p>Tutustu <b>JWH-250<\/b>, a high-purity synthetic cannabinoid (C\u2082\u2082H\u2082\u2085NO, CAS: 864445-43-2) for scientific research. This laboratory-grade chemical is essential for studies on cannabinoid receptor systems. <b>Buy JWH-250<\/b> at chemsfine for guaranteed premium quality and reliable results in your experiments.<\/p>","protected":false},"featured_media":6539,"comment_status":"open","ping_status":"closed","template":"","meta":{"_joinchat":[]},"product_brand":[],"product_cat":[936],"product_tag":[],"class_list":{"0":"post-6483","1":"product","2":"type-product","3":"status-publish","4":"has-post-thumbnail","6":"product_cat-research-chemicals","8":"first","9":"instock","10":"shipping-taxable","11":"purchasable","12":"product-type-variable"},"yoast_head":"<!-- This site is optimized with the Yoast SEO plugin v27.2 - https:\/\/yoast.com\/product\/yoast-seo-wordpress\/ -->\n<title>Buy JWH-250 Online - Premium Quality Available | chemsfine<\/title>\n<meta name=\"description\" content=\"Discover where to buy JWH-250 online with premium quality. chemsfine offers top-grade JWH-250 for sale at the best prices. Secure your order today!\" \/>\n<meta name=\"robots\" content=\"index, follow, max-snippet:-1, max-image-preview:large, max-video-preview:-1\" \/>\n<link rel=\"canonical\" href=\"https:\/\/chemsfine.com\/fi\/tuote\/buy-jwh-250-chemical\/\" \/>\n<meta property=\"og:locale\" content=\"fi_FI\" \/>\n<meta property=\"og:type\" content=\"article\" \/>\n<meta property=\"og:title\" content=\"Buy JWH-250 Online - Premium Quality Available | chemsfine\" \/>\n<meta property=\"og:description\" content=\"Discover where to buy JWH-250 online with premium quality. chemsfine offers top-grade JWH-250 for sale at the best prices. Secure your order today!\" \/>\n<meta property=\"og:url\" content=\"https:\/\/chemsfine.com\/fi\/tuote\/buy-jwh-250-chemical\/\" \/>\n<meta property=\"og:site_name\" content=\"Chemsfine\" \/>\n<meta property=\"article:modified_time\" content=\"2026-03-25T12:51:34+00:00\" \/>\n<meta property=\"og:image\" content=\"https:\/\/chemsfine.com\/wp-content\/uploads\/2026\/02\/jwh-250-1.jpg\" \/>\n\t<meta property=\"og:image:width\" content=\"1200\" \/>\n\t<meta property=\"og:image:height\" content=\"1200\" \/>\n\t<meta property=\"og:image:type\" content=\"image\/jpeg\" \/>\n<meta name=\"twitter:card\" content=\"summary_large_image\" \/>\n<meta name=\"twitter:label1\" content=\"Arvioitu lukuaika\" \/>\n\t<meta name=\"twitter:data1\" content=\"4 minuuttia\" \/>\n<script type=\"application\/ld+json\" class=\"yoast-schema-graph\">{\"@context\":\"https:\/\/schema.org\",\"@graph\":[{\"@type\":\"WebPage\",\"@id\":\"https:\/\/chemsfine.com\/product\/buy-jwh-250-chemical\/\",\"url\":\"https:\/\/chemsfine.com\/product\/buy-jwh-250-chemical\/\",\"name\":\"Buy JWH-250 Online - Premium Quality Available | chemsfine\",\"isPartOf\":{\"@id\":\"https:\/\/chemsfine.com\/#website\"},\"primaryImageOfPage\":{\"@id\":\"https:\/\/chemsfine.com\/product\/buy-jwh-250-chemical\/#primaryimage\"},\"image\":{\"@id\":\"https:\/\/chemsfine.com\/product\/buy-jwh-250-chemical\/#primaryimage\"},\"thumbnailUrl\":\"https:\/\/chemsfine.com\/wp-content\/uploads\/2026\/02\/jwh-250-1.jpg\",\"datePublished\":\"2026-02-12T10:05:58+00:00\",\"dateModified\":\"2026-03-25T12:51:34+00:00\",\"description\":\"Discover where to buy JWH-250 online with premium quality. chemsfine offers top-grade JWH-250 for sale at the best prices. Secure your order today!\",\"breadcrumb\":{\"@id\":\"https:\/\/chemsfine.com\/product\/buy-jwh-250-chemical\/#breadcrumb\"},\"inLanguage\":\"fi\",\"potentialAction\":[{\"@type\":\"ReadAction\",\"target\":[\"https:\/\/chemsfine.com\/product\/buy-jwh-250-chemical\/\"]}]},{\"@type\":\"ImageObject\",\"inLanguage\":\"fi\",\"@id\":\"https:\/\/chemsfine.com\/product\/buy-jwh-250-chemical\/#primaryimage\",\"url\":\"https:\/\/chemsfine.com\/wp-content\/uploads\/2026\/02\/jwh-250-1.jpg\",\"contentUrl\":\"https:\/\/chemsfine.com\/wp-content\/uploads\/2026\/02\/jwh-250-1.jpg\",\"width\":1200,\"height\":1200},{\"@type\":\"BreadcrumbList\",\"@id\":\"https:\/\/chemsfine.com\/product\/buy-jwh-250-chemical\/#breadcrumb\",\"itemListElement\":[{\"@type\":\"ListItem\",\"position\":1,\"name\":\"Home\",\"item\":\"https:\/\/chemsfine.com\/\"},{\"@type\":\"ListItem\",\"position\":2,\"name\":\"Shop\",\"item\":\"https:\/\/chemsfine.com\/shop\/\"},{\"@type\":\"ListItem\",\"position\":3,\"name\":\"JWH-250: Premium Quality Research Chemical for Sale\"}]},{\"@type\":\"WebSite\",\"@id\":\"https:\/\/chemsfine.com\/#website\",\"url\":\"https:\/\/chemsfine.com\/\",\"name\":\"Chemsfine\",\"description\":\"My WordPress Blog\",\"publisher\":{\"@id\":\"https:\/\/chemsfine.com\/#organization\"},\"potentialAction\":[{\"@type\":\"SearchAction\",\"target\":{\"@type\":\"EntryPoint\",\"urlTemplate\":\"https:\/\/chemsfine.com\/?s={search_term_string}\"},\"query-input\":{\"@type\":\"PropertyValueSpecification\",\"valueRequired\":true,\"valueName\":\"search_term_string\"}}],\"inLanguage\":\"fi\"},{\"@type\":\"Organization\",\"@id\":\"https:\/\/chemsfine.com\/#organization\",\"name\":\"Chemsfine\",\"url\":\"https:\/\/chemsfine.com\/\",\"logo\":{\"@type\":\"ImageObject\",\"inLanguage\":\"fi\",\"@id\":\"https:\/\/chemsfine.com\/#\/schema\/logo\/image\/\",\"url\":\"https:\/\/chemsfine.com\/wp-content\/uploads\/2024\/09\/final-logo.png\",\"contentUrl\":\"https:\/\/chemsfine.com\/wp-content\/uploads\/2024\/09\/final-logo.png\",\"width\":340,\"height\":72,\"caption\":\"Chemsfine\"},\"image\":{\"@id\":\"https:\/\/chemsfine.com\/#\/schema\/logo\/image\/\"}}]}<\/script>\n<!-- \/ Yoast SEO plugin. -->","yoast_head_json":{"title":"Osta JWH-250 verkossa - Premium laatu saatavilla | chemsfine","description":"Tutustu siihen, mist\u00e4 voit ostaa JWH-250:t\u00e4 verkossa korkealaatuisena. chemsfine tarjoaa huippulaatuista JWH-250:t\u00e4 myyntiin parhaaseen hintaan. Varmista tilauksesi jo t\u00e4n\u00e4\u00e4n!","robots":{"index":"index","follow":"follow","max-snippet":"max-snippet:-1","max-image-preview":"max-image-preview:large","max-video-preview":"max-video-preview:-1"},"canonical":"https:\/\/chemsfine.com\/fi\/tuote\/buy-jwh-250-chemical\/","og_locale":"fi_FI","og_type":"article","og_title":"Buy JWH-250 Online - Premium Quality Available | chemsfine","og_description":"Discover where to buy JWH-250 online with premium quality. chemsfine offers top-grade JWH-250 for sale at the best prices. Secure your order today!","og_url":"https:\/\/chemsfine.com\/fi\/tuote\/buy-jwh-250-chemical\/","og_site_name":"Chemsfine","article_modified_time":"2026-03-25T12:51:34+00:00","og_image":[{"width":1200,"height":1200,"url":"https:\/\/chemsfine.com\/wp-content\/uploads\/2026\/02\/jwh-250-1.jpg","type":"image\/jpeg"}],"twitter_card":"summary_large_image","twitter_misc":{"Arvioitu lukuaika":"4 minuuttia"},"schema":{"@context":"https:\/\/schema.org","@graph":[{"@type":"WebPage","@id":"https:\/\/chemsfine.com\/product\/buy-jwh-250-chemical\/","url":"https:\/\/chemsfine.com\/product\/buy-jwh-250-chemical\/","name":"Osta JWH-250 verkossa - Premium laatu saatavilla | chemsfine","isPartOf":{"@id":"https:\/\/chemsfine.com\/#website"},"primaryImageOfPage":{"@id":"https:\/\/chemsfine.com\/product\/buy-jwh-250-chemical\/#primaryimage"},"image":{"@id":"https:\/\/chemsfine.com\/product\/buy-jwh-250-chemical\/#primaryimage"},"thumbnailUrl":"https:\/\/chemsfine.com\/wp-content\/uploads\/2026\/02\/jwh-250-1.jpg","datePublished":"2026-02-12T10:05:58+00:00","dateModified":"2026-03-25T12:51:34+00:00","description":"Tutustu siihen, mist\u00e4 voit ostaa JWH-250:t\u00e4 verkossa korkealaatuisena. chemsfine tarjoaa huippulaatuista JWH-250:t\u00e4 myyntiin parhaaseen hintaan. Varmista tilauksesi jo t\u00e4n\u00e4\u00e4n!","breadcrumb":{"@id":"https:\/\/chemsfine.com\/product\/buy-jwh-250-chemical\/#breadcrumb"},"inLanguage":"fi","potentialAction":[{"@type":"ReadAction","target":["https:\/\/chemsfine.com\/product\/buy-jwh-250-chemical\/"]}]},{"@type":"ImageObject","inLanguage":"fi","@id":"https:\/\/chemsfine.com\/product\/buy-jwh-250-chemical\/#primaryimage","url":"https:\/\/chemsfine.com\/wp-content\/uploads\/2026\/02\/jwh-250-1.jpg","contentUrl":"https:\/\/chemsfine.com\/wp-content\/uploads\/2026\/02\/jwh-250-1.jpg","width":1200,"height":1200},{"@type":"BreadcrumbList","@id":"https:\/\/chemsfine.com\/product\/buy-jwh-250-chemical\/#breadcrumb","itemListElement":[{"@type":"ListItem","position":1,"name":"Home","item":"https:\/\/chemsfine.com\/"},{"@type":"ListItem","position":2,"name":"Shop","item":"https:\/\/chemsfine.com\/shop\/"},{"@type":"ListItem","position":3,"name":"JWH-250: Premium Quality Research Chemical for Sale"}]},{"@type":"WebSite","@id":"https:\/\/chemsfine.com\/#website","url":"https:\/\/chemsfine.com\/","name":"Chemsfine","description":"Minun WordPress blogi","publisher":{"@id":"https:\/\/chemsfine.com\/#organization"},"potentialAction":[{"@type":"SearchAction","target":{"@type":"EntryPoint","urlTemplate":"https:\/\/chemsfine.com\/?s={search_term_string}"},"query-input":{"@type":"PropertyValueSpecification","valueRequired":true,"valueName":"search_term_string"}}],"inLanguage":"fi"},{"@type":"Organization","@id":"https:\/\/chemsfine.com\/#organization","name":"Chemsfine","url":"https:\/\/chemsfine.com\/","logo":{"@type":"ImageObject","inLanguage":"fi","@id":"https:\/\/chemsfine.com\/#\/schema\/logo\/image\/","url":"https:\/\/chemsfine.com\/wp-content\/uploads\/2024\/09\/final-logo.png","contentUrl":"https:\/\/chemsfine.com\/wp-content\/uploads\/2024\/09\/final-logo.png","width":340,"height":72,"caption":"Chemsfine"},"image":{"@id":"https:\/\/chemsfine.com\/#\/schema\/logo\/image\/"}}]}},"_links":{"self":[{"href":"https:\/\/chemsfine.com\/fi\/wp-json\/wp\/v2\/product\/6483","targetHints":{"allow":["GET"]}}],"collection":[{"href":"https:\/\/chemsfine.com\/fi\/wp-json\/wp\/v2\/product"}],"about":[{"href":"https:\/\/chemsfine.com\/fi\/wp-json\/wp\/v2\/types\/product"}],"replies":[{"embeddable":true,"href":"https:\/\/chemsfine.com\/fi\/wp-json\/wp\/v2\/comments?post=6483"}],"wp:featuredmedia":[{"embeddable":true,"href":"https:\/\/chemsfine.com\/fi\/wp-json\/wp\/v2\/media\/6539"}],"wp:attachment":[{"href":"https:\/\/chemsfine.com\/fi\/wp-json\/wp\/v2\/media?parent=6483"}],"wp:term":[{"taxonomy":"product_brand","embeddable":true,"href":"https:\/\/chemsfine.com\/fi\/wp-json\/wp\/v2\/product_brand?post=6483"},{"taxonomy":"product_cat","embeddable":true,"href":"https:\/\/chemsfine.com\/fi\/wp-json\/wp\/v2\/product_cat?post=6483"},{"taxonomy":"product_tag","embeddable":true,"href":"https:\/\/chemsfine.com\/fi\/wp-json\/wp\/v2\/product_tag?post=6483"}],"curies":[{"name":"wp","href":"https:\/\/api.w.org\/{rel}","templated":true}]}}