{"id":6703,"date":"2026-02-12T10:11:23","date_gmt":"2026-02-12T10:11:23","guid":{"rendered":"https:\/\/chemsfine.com\/?post_type=product&#038;p=6703"},"modified":"2026-03-25T12:28:53","modified_gmt":"2026-03-25T12:28:53","slug":"buy-funky-monkey-shatter","status":"publish","type":"product","link":"https:\/\/chemsfine.com\/fi\/product\/buy-funky-monkey-shatter\/","title":{"rendered":"Funky Monkey Shatter | Premium Indica Hybrid Concentrate | Chemsfine"},"content":{"rendered":"<p>Poikkeuksellista laatua ja ainutlaatuista kokemusta etsiville tuntijoille, <b>Osta Funky Monkey Shatter myyt\u00e4v\u00e4n\u00e4<\/b> yksinomaan Chemsfinen kautta. T\u00e4m\u00e4 ensiluokkainen Indica-dominantti hybriditiiviste tarjoaa vertaansa vailla olevan yhdistelm\u00e4n vaikutuksia ja makuja, mik\u00e4 tekee siit\u00e4 erinomaisen valinnan. T\u00e4m\u00e4 poikkeuksellinen tuote on valmistettu tunnettujen Grape Ape- ja Mendo Purps -kantojen hienostuneella risteytyksell\u00e4, ja se tarjoaa ikimuistoisen aistimatkan. Sitoumuksemme tarjota <b>Premium-luokan konsentraatit myyt\u00e4v\u00e4n\u00e4<\/b> varmistaa, ett\u00e4 jokainen er\u00e4 t\u00e4ytt\u00e4\u00e4 korkeimmat teho- ja laatuvaatimukset. Chemsfine on saatavilla verkossa, ja se on luotettava l\u00e4hde kiehtoville tiivisteille, sill\u00e4 se tarjoaa k\u00e4tev\u00e4n ja turvallisen tavan hankkia haluamasi tuotteet.<\/p>\n<h2>Funky Monkey Shatterin paljastaminen: Potentti sukujuuret ja profiili<\/h2>\n<p>Funky Monkey Shatter tarjoaa l\u00e4hes t\u00e4ydellisen tasapainon, joka nojaa vahvasti indica-juuriinsa 75% indica- ja 25% sativa-koostumuksella. T\u00e4m\u00e4 tarkka geneettinen sekoitus, joka on per\u00e4isin sen kuuluisista vanhemmista Grape Ape ja Mendo Purps, johtaa erityiseen profiiliin. Huomaat heti tuoksun, joka muistuttaa syv\u00e4sti makeaa viiniryp\u00e4leit\u00e4, jotka kietoutuvat virkist\u00e4viin minttuisiin vivahteisiin. Visuaalisesti t\u00e4m\u00e4 tiiviste on usein valloittavan ruskean s\u00e4vyinen, mik\u00e4 on osoitus sen rikkaasta kannabinoidi- ja terpeeniprofiilista. Makuel\u00e4mys on yht\u00e4 ihastuttava, tarjoten kevyesti makeita, marjaisia s\u00e4vyj\u00e4, jotka viipyv\u00e4t miellytt\u00e4v\u00e4sti suussa. T\u00e4m\u00e4 tekee siit\u00e4 uskomattoman maistuvan vaihtoehdon sek\u00e4 kokeneille k\u00e4ytt\u00e4jille ett\u00e4 uusille tulokkaille, mik\u00e4 takaa nautinnollisen istunnon ilman, ett\u00e4 aistit hukkuvat liian nopeasti. Chemsfine tarjoaa ylpe\u00e4n\u00e4 t\u00e4t\u00e4 <b>Huippulaatua Shatter<\/b>, N\u00e4in varmistamme, ett\u00e4 saat tuotteen, joka pit\u00e4\u00e4 lupauksensa aromin, maun ja vaikutuksen suhteen.<\/p>\n<h2>Miksi ostaa Funky Monkey Shatteria verkossa Chemsfinen kautta? Verraton laatu ja mukavuus<\/h2>\n<p>Kun valitset Chemsfinen, valitset luotettavuuden ja harkinnanvaraisuuden, kun p\u00e4\u00e4t\u00e4t tehd\u00e4 seuraavat p\u00e4\u00e4t\u00f6kset <b>Osta Funky Monkey Shatter verkossa<\/b>. Ymm\u00e4rr\u00e4mme luottamuksen merkityksen kannabiksen online-markkinoilla, mink\u00e4 vuoksi jokainen tiiviste, mukaan lukien t\u00e4m\u00e4 hybridisirpale, testataan laboratoriossa tiukasti tehon ja puhtauden osalta. T\u00e4m\u00e4 sitoutuminen takaa, ett\u00e4 saat parhaan mahdollisen tuotteen, jossa ei ole ep\u00e4puhtauksia ja joka on tarkasti annosteltu. K\u00e4ytt\u00e4j\u00e4yst\u00e4v\u00e4llisen online-apteekkimme ansiosta tiivisteiden selaaminen, valitseminen ja ostaminen on uskomattoman helppoa kotisi mukavuudesta k\u00e4sin. Takaamme huomaamattoman ja turvallisen postimyyntimarihuanan ja suojaamme yksityisyytesi tilauksen tekemisest\u00e4 toimitukseen asti. Chemsfinen avulla voit olla varma siit\u00e4, ett\u00e4 l\u00f6yd\u00e4t varmasti <b>Paras saatavilla oleva shatter<\/b>, kilpailukykyisen hinnoittelun ja poikkeuksellisen asiakaspalvelun ansiosta. Koe helppous <b>Turvallinen osto<\/b> ja mukavuus <b>Osta nyt verkossa<\/b>, N\u00e4in varmistat, ettet koskaan j\u00e4\u00e4 paitsi suosikkitiivisteist\u00e4si.<\/p>\n<h2>Koe t\u00e4m\u00e4n Premium-konsentraatin vaikutukset ja sovellukset.<\/h2>\n<p>Huolimatta indica-dominanssistaan, t\u00e4t\u00e4 shatteria juhlitaan sen ainutlaatuisen tasapainoisista vaikutuksista, jotka tarjoavat todellisen win-win skenaarion. K\u00e4ytt\u00e4j\u00e4t raportoivat energisoivan euforian ensimm\u00e4isest\u00e4 aallosta, joka sopii t\u00e4ydellisesti mielialan kohottamiseen ja luovuuden sytytt\u00e4miseen, joten se sopii erinomaisesti sosiaalisiin kokoontumisiin tai luoviin harrastuksiin. Samanaikaisesti se on erinomainen tarjoamaan syv\u00e4llist\u00e4 helpotusta fyysiseen kipuun, lievitt\u00e4m\u00e4ll\u00e4 ep\u00e4mukavuutta aiheuttamatta raskasta rauhoittumista. T\u00e4m\u00e4 kaksoisvaikutus tekee siit\u00e4 monipuolisen konsentraatin erilaisiin k\u00e4ytt\u00f6tarkoituksiin. Hy\u00f6tyj\u00e4 ovat mm:<\/p>\n<ul>\n<li><b>Voimakas kivunlievitys:<\/b> V\u00e4hent\u00e4\u00e4 tehokkaasti kroonista kipua, lihass\u00e4rky\u00e4 ja tulehdusta.<\/li>\n<li><b>Mielialan parantaminen:<\/b> Kohottaa mielialaa ja edist\u00e4\u00e4 hyvinvointia.<\/li>\n<li><b>Sosiaalinen rentoutuminen:<\/b> Ihanteellinen jaettavaksi yst\u00e4vien kanssa, mik\u00e4 edist\u00e4\u00e4 rentoa mutta sitoutunutta ilmapiiri\u00e4.<\/li>\n<li><b>Luovuuden stimulointi:<\/b> Parantaa keskittymist\u00e4 ja mielikuvitusta.<\/li>\n<li><b>Stressin v\u00e4hent\u00e4minen:<\/b> Auttaa rauhoittamaan mielt\u00e4 ja lievitt\u00e4m\u00e4\u00e4n p\u00e4ivitt\u00e4isi\u00e4 stressitekij\u00f6it\u00e4 ilman liiallista uneliaisuutta.<\/li>\n<\/ul>\n<p>Sen ihastuttava makuprofiili, jossa on makeita, marjaisia s\u00e4vyj\u00e4, parantaa kokemusta entisest\u00e4\u00e4n ja tekee siit\u00e4 todella nautinnollisen nauttia. Hallittavissa oleva pilve\u00e4 takaa sen, ett\u00e4 se \u201cei taatusti hukuta ket\u00e4\u00e4n liian nopeasti\u201d, mik\u00e4 mahdollistaa miellytt\u00e4v\u00e4n ja hallitun istunnon t\u00e4m\u00e4n poikkeuksellisen tuotteen kanssa.<\/p>\n<h2>Laadunvarmistus ja vastuullinen kulutus Chemsfinen kanssa<\/h2>\n<p>Turvallisuutesi ja tyytyv\u00e4isyytesi ovat Chemsfine-yhti\u00f6ss\u00e4 etusijalla. Ensiluokkainen shatterimme k\u00e4y l\u00e4pi tiukat laboratoriotestausprosessit, joilla varmistetaan sen teho, kannabinoidiprofiili ja vapaus haitallisista torjunta-aineista, raskasmetalleista ja liuotinj\u00e4\u00e4mist\u00e4. T\u00e4m\u00e4 tiukka testaus takaa laadukkaan ja puhtaan tuotteen joka kerta. Kannatamme vastuullista kulutusta: aloita aina pienell\u00e4 annoksella, varsinkin jos olet uusi konsentraattien tai t\u00e4m\u00e4n kannan parissa. S\u00e4ilyt\u00e4 tuote viile\u00e4ss\u00e4 ja pime\u00e4ss\u00e4 paikassa, jotta sen eheys s\u00e4ilyy. Sitoutumisemme l\u00e4pin\u00e4kyviin tuotetietoihin antaa mahdollisuuden tehd\u00e4 tietoon perustuvia p\u00e4\u00e4t\u00f6ksi\u00e4, mik\u00e4 takaa turvallisen ja hy\u00f6dyllisen kokemuksen meid\u00e4n <b>Premium Grade myyt\u00e4v\u00e4n\u00e4<\/b> tiivisteet. Niille, jotka ovat kiinnostuneita tutkimaan muutakin kuin kannabista, Chemsfine tarjoaa my\u00f6s muita ensiluokkaisia tuotteita, mukaan lukien erikoistuneita yhdisteit\u00e4, kuten <a href='https:\/\/chemsfine.com\/fi\/tuote\/buy-mescaline-online\/'>Meskaliini<\/a>.<\/p>\n<h2>Miksi valita Chemsfine Premium-konsentraatin tarpeisiisi?<\/h2>\n<p>Kun etsit <b>Tilaa Shatter verkossa<\/b>, Chemsfine erottuu ensisijaisena matkakohteena. Maineemme perustuu avoimuuteen, tuotteiden eheyteen ja vertaansa vailla olevaan asiakaspalveluun. Tarjoamme yksityiskohtaista tietoa jokaisesta tuotteesta, mukaan lukien sen alkuper\u00e4, vaikutukset ja laboratoriotestien tulokset. Tarkistetut er\u00e4kohtaiset tietueemme korostavat entisest\u00e4\u00e4n omistautumistamme laadulle ja johdonmukaisuudelle. Olemme ylpeit\u00e4 siit\u00e4, ett\u00e4 tarjoamme kilpailukykyisen hinnoittelun kaikille ensiluokkaisille tiivisteillemme, mik\u00e4 takaa poikkeuksellisen hyv\u00e4n vastineen sijoituksellesi. T\u00e4m\u00e4n ainutlaatuisen hybridin lis\u00e4ksi olemme sitoutuneet olemaan keskitetty palveluntarjoajasi kaikille tiivisteiden tarpeillesi. Tutustu laajaan valikoimaamme, joka sis\u00e4lt\u00e4\u00e4 muita huippuluokan tuotteita, kuten seuraavat tuotteet <a href='https:\/\/chemsfine.com\/fi\/tuote\/5cl-adb-a-5-chloro-adb-a-research-chemical\/'>5CL-ADB-A tutkimuskemikaali<\/a>, joka palvelee monipuolista asiakaskuntaa keskittyen puhtauteen ja luotettavuuteen.<\/p>\n<h2>Johtop\u00e4\u00e4t\u00f6kset: Funky Monkey Shatterin perimm\u00e4inen l\u00e4hde: Ultimate Source for Premium Funky Monkey Shatter<\/h2>\n<p>Yhteenvetona voidaan todeta, ett\u00e4 jos etsit voimakasta, maukasta ja ainutlaatuisen tasapainoista tiivistett\u00e4, \u00e4l\u00e4 etsi enemp\u00e4\u00e4 kuin Funky Monkey Shatteria. Sen hieno sekoitus energisoivaa piristyst\u00e4 ja fyysist\u00e4 helpotusta yhdistettyn\u00e4 ihastuttaviin viiniryp\u00e4le- ja minttunuoteisiin tekee siit\u00e4 jokaisen harrastajan must-have. Chemsfine on lopullinen ja luotettava kumppanisi t\u00e4m\u00e4n poikkeuksellisen tuotteen hankinnassa. Takaamme saumattoman ostokokemuksen aina valikoimamme selaamisesta tilauksesi huomaamattomaan toimitukseen. Hy\u00f6dy kilpailukykyisest\u00e4 hinnoittelustamme ja varmuudesta laboratoriossa testattuun laatuun. \u00c4l\u00e4 missaa tilaisuutta kokea parasta. <b>Osta Funky Monkey Shatter myyt\u00e4v\u00e4n\u00e4<\/b> Chemsfinen valikoimasta jo t\u00e4n\u00e4\u00e4n ja kohota konsentraattikokoelmaasi. Tutustu koko premium-tarjonnan valikoimaan <a href='https:\/\/chemsfine.com\/fi\/'>saatavana Chemsfine-verkkokaupasta<\/a> ja koe laadun ja palvelun ero.<\/p>","protected":false},"excerpt":{"rendered":"<p><b>Funky Monkey Shatter<\/b> is a premium Indica-dominant hybrid concentrate (75% Indica, 25% Sativa) known for its sweet, berry, and mint aroma. Lab-tested for potency, it delivers an energizing high with physical pain relief. Buy Funky Monkey Shatter at Chemsfine for top quality.<\/p>","protected":false},"featured_media":6744,"comment_status":"open","ping_status":"closed","template":"","meta":{"_joinchat":[]},"product_brand":[],"product_cat":[979],"product_tag":[],"class_list":{"0":"post-6703","1":"product","2":"type-product","3":"status-publish","4":"has-post-thumbnail","6":"product_cat-shatter","8":"first","9":"instock","10":"shipping-taxable","11":"purchasable","12":"product-type-variable"},"yoast_head":"<!-- This site is optimized with the Yoast SEO plugin v27.2 - https:\/\/yoast.com\/product\/yoast-seo-wordpress\/ -->\n<title>Buy Funky Monkey Shatter Online | Best Price &amp; Quality Available<\/title>\n<meta name=\"description\" content=\"Discover Funky Monkey Shatter online at Chemsfine. Experience premium Indica-dominant hybrid effects with sweet, berry &amp; mint notes. Lab-tested quality. Buy now!\" \/>\n<meta name=\"robots\" content=\"index, follow, max-snippet:-1, max-image-preview:large, max-video-preview:-1\" \/>\n<link rel=\"canonical\" href=\"https:\/\/chemsfine.com\/fi\/tuote\/buy-funky-monkey-shatter\/\" \/>\n<meta property=\"og:locale\" content=\"fi_FI\" \/>\n<meta property=\"og:type\" content=\"article\" \/>\n<meta property=\"og:title\" content=\"Buy Funky Monkey Shatter Online | Best Price &amp; Quality Available\" \/>\n<meta property=\"og:description\" content=\"Discover Funky Monkey Shatter online at Chemsfine. Experience premium Indica-dominant hybrid effects with sweet, berry &amp; mint notes. Lab-tested quality. Buy now!\" \/>\n<meta property=\"og:url\" content=\"https:\/\/chemsfine.com\/fi\/tuote\/buy-funky-monkey-shatter\/\" \/>\n<meta property=\"og:site_name\" content=\"Chemsfine\" \/>\n<meta property=\"article:modified_time\" content=\"2026-03-25T12:28:53+00:00\" \/>\n<meta property=\"og:image\" content=\"https:\/\/chemsfine.com\/wp-content\/uploads\/2026\/02\/funky-monkey-shatter-bulk-buddy-online-dispensary-canada-1.jpg\" \/>\n\t<meta property=\"og:image:width\" content=\"1024\" \/>\n\t<meta property=\"og:image:height\" content=\"1024\" \/>\n\t<meta property=\"og:image:type\" content=\"image\/jpeg\" \/>\n<meta name=\"twitter:card\" content=\"summary_large_image\" \/>\n<meta name=\"twitter:label1\" content=\"Arvioitu lukuaika\" \/>\n\t<meta name=\"twitter:data1\" content=\"5 minuuttia\" \/>\n<script type=\"application\/ld+json\" class=\"yoast-schema-graph\">{\"@context\":\"https:\/\/schema.org\",\"@graph\":[{\"@type\":\"WebPage\",\"@id\":\"https:\/\/chemsfine.com\/product\/buy-funky-monkey-shatter\/\",\"url\":\"https:\/\/chemsfine.com\/product\/buy-funky-monkey-shatter\/\",\"name\":\"Buy Funky Monkey Shatter Online | Best Price &amp; Quality Available\",\"isPartOf\":{\"@id\":\"https:\/\/chemsfine.com\/#website\"},\"primaryImageOfPage\":{\"@id\":\"https:\/\/chemsfine.com\/product\/buy-funky-monkey-shatter\/#primaryimage\"},\"image\":{\"@id\":\"https:\/\/chemsfine.com\/product\/buy-funky-monkey-shatter\/#primaryimage\"},\"thumbnailUrl\":\"https:\/\/chemsfine.com\/wp-content\/uploads\/2026\/02\/funky-monkey-shatter-bulk-buddy-online-dispensary-canada-1.jpg\",\"datePublished\":\"2026-02-12T10:11:23+00:00\",\"dateModified\":\"2026-03-25T12:28:53+00:00\",\"description\":\"Discover Funky Monkey Shatter online at Chemsfine. Experience premium Indica-dominant hybrid effects with sweet, berry &amp; mint notes. Lab-tested quality. Buy now!\",\"breadcrumb\":{\"@id\":\"https:\/\/chemsfine.com\/product\/buy-funky-monkey-shatter\/#breadcrumb\"},\"inLanguage\":\"fi\",\"potentialAction\":[{\"@type\":\"ReadAction\",\"target\":[\"https:\/\/chemsfine.com\/product\/buy-funky-monkey-shatter\/\"]}]},{\"@type\":\"ImageObject\",\"inLanguage\":\"fi\",\"@id\":\"https:\/\/chemsfine.com\/product\/buy-funky-monkey-shatter\/#primaryimage\",\"url\":\"https:\/\/chemsfine.com\/wp-content\/uploads\/2026\/02\/funky-monkey-shatter-bulk-buddy-online-dispensary-canada-1.jpg\",\"contentUrl\":\"https:\/\/chemsfine.com\/wp-content\/uploads\/2026\/02\/funky-monkey-shatter-bulk-buddy-online-dispensary-canada-1.jpg\",\"width\":1024,\"height\":1024},{\"@type\":\"BreadcrumbList\",\"@id\":\"https:\/\/chemsfine.com\/product\/buy-funky-monkey-shatter\/#breadcrumb\",\"itemListElement\":[{\"@type\":\"ListItem\",\"position\":1,\"name\":\"Home\",\"item\":\"https:\/\/chemsfine.com\/\"},{\"@type\":\"ListItem\",\"position\":2,\"name\":\"Shop\",\"item\":\"https:\/\/chemsfine.com\/shop\/\"},{\"@type\":\"ListItem\",\"position\":3,\"name\":\"Funky Monkey Shatter | Premium Indica Hybrid Concentrate | Chemsfine\"}]},{\"@type\":\"WebSite\",\"@id\":\"https:\/\/chemsfine.com\/#website\",\"url\":\"https:\/\/chemsfine.com\/\",\"name\":\"Chemsfine\",\"description\":\"My WordPress Blog\",\"publisher\":{\"@id\":\"https:\/\/chemsfine.com\/#organization\"},\"potentialAction\":[{\"@type\":\"SearchAction\",\"target\":{\"@type\":\"EntryPoint\",\"urlTemplate\":\"https:\/\/chemsfine.com\/?s={search_term_string}\"},\"query-input\":{\"@type\":\"PropertyValueSpecification\",\"valueRequired\":true,\"valueName\":\"search_term_string\"}}],\"inLanguage\":\"fi\"},{\"@type\":\"Organization\",\"@id\":\"https:\/\/chemsfine.com\/#organization\",\"name\":\"Chemsfine\",\"url\":\"https:\/\/chemsfine.com\/\",\"logo\":{\"@type\":\"ImageObject\",\"inLanguage\":\"fi\",\"@id\":\"https:\/\/chemsfine.com\/#\/schema\/logo\/image\/\",\"url\":\"https:\/\/chemsfine.com\/wp-content\/uploads\/2024\/09\/final-logo.png\",\"contentUrl\":\"https:\/\/chemsfine.com\/wp-content\/uploads\/2024\/09\/final-logo.png\",\"width\":340,\"height\":72,\"caption\":\"Chemsfine\"},\"image\":{\"@id\":\"https:\/\/chemsfine.com\/#\/schema\/logo\/image\/\"}}]}<\/script>\n<!-- \/ Yoast SEO plugin. -->","yoast_head_json":{"title":"Osta Funky Monkey Shatter verkossa | Paras hinta &amp; laatu saatavilla","description":"L\u00f6yd\u00e4 Funky Monkey Shatter verkossa Chemsfine. Koe ensiluokkaiset Indica-dominantti hybridivaikutukset makeilla, marjaisilla ja minttuisilla s\u00e4vyill\u00e4. Laboratoriossa testattu laatu. Osta nyt!","robots":{"index":"index","follow":"follow","max-snippet":"max-snippet:-1","max-image-preview":"max-image-preview:large","max-video-preview":"max-video-preview:-1"},"canonical":"https:\/\/chemsfine.com\/fi\/tuote\/buy-funky-monkey-shatter\/","og_locale":"fi_FI","og_type":"article","og_title":"Buy Funky Monkey Shatter Online | Best Price &amp; Quality Available","og_description":"Discover Funky Monkey Shatter online at Chemsfine. Experience premium Indica-dominant hybrid effects with sweet, berry &amp; mint notes. Lab-tested quality. Buy now!","og_url":"https:\/\/chemsfine.com\/fi\/tuote\/buy-funky-monkey-shatter\/","og_site_name":"Chemsfine","article_modified_time":"2026-03-25T12:28:53+00:00","og_image":[{"width":1024,"height":1024,"url":"https:\/\/chemsfine.com\/wp-content\/uploads\/2026\/02\/funky-monkey-shatter-bulk-buddy-online-dispensary-canada-1.jpg","type":"image\/jpeg"}],"twitter_card":"summary_large_image","twitter_misc":{"Arvioitu lukuaika":"5 minuuttia"},"schema":{"@context":"https:\/\/schema.org","@graph":[{"@type":"WebPage","@id":"https:\/\/chemsfine.com\/product\/buy-funky-monkey-shatter\/","url":"https:\/\/chemsfine.com\/product\/buy-funky-monkey-shatter\/","name":"Osta Funky Monkey Shatter verkossa | Paras hinta &amp; laatu saatavilla","isPartOf":{"@id":"https:\/\/chemsfine.com\/#website"},"primaryImageOfPage":{"@id":"https:\/\/chemsfine.com\/product\/buy-funky-monkey-shatter\/#primaryimage"},"image":{"@id":"https:\/\/chemsfine.com\/product\/buy-funky-monkey-shatter\/#primaryimage"},"thumbnailUrl":"https:\/\/chemsfine.com\/wp-content\/uploads\/2026\/02\/funky-monkey-shatter-bulk-buddy-online-dispensary-canada-1.jpg","datePublished":"2026-02-12T10:11:23+00:00","dateModified":"2026-03-25T12:28:53+00:00","description":"L\u00f6yd\u00e4 Funky Monkey Shatter verkossa Chemsfine. Koe ensiluokkaiset Indica-dominantti hybridivaikutukset makeilla, marjaisilla ja minttuisilla s\u00e4vyill\u00e4. Laboratoriossa testattu laatu. Osta nyt!","breadcrumb":{"@id":"https:\/\/chemsfine.com\/product\/buy-funky-monkey-shatter\/#breadcrumb"},"inLanguage":"fi","potentialAction":[{"@type":"ReadAction","target":["https:\/\/chemsfine.com\/product\/buy-funky-monkey-shatter\/"]}]},{"@type":"ImageObject","inLanguage":"fi","@id":"https:\/\/chemsfine.com\/product\/buy-funky-monkey-shatter\/#primaryimage","url":"https:\/\/chemsfine.com\/wp-content\/uploads\/2026\/02\/funky-monkey-shatter-bulk-buddy-online-dispensary-canada-1.jpg","contentUrl":"https:\/\/chemsfine.com\/wp-content\/uploads\/2026\/02\/funky-monkey-shatter-bulk-buddy-online-dispensary-canada-1.jpg","width":1024,"height":1024},{"@type":"BreadcrumbList","@id":"https:\/\/chemsfine.com\/product\/buy-funky-monkey-shatter\/#breadcrumb","itemListElement":[{"@type":"ListItem","position":1,"name":"Home","item":"https:\/\/chemsfine.com\/"},{"@type":"ListItem","position":2,"name":"Shop","item":"https:\/\/chemsfine.com\/shop\/"},{"@type":"ListItem","position":3,"name":"Funky Monkey Shatter | Premium Indica Hybrid Concentrate | Chemsfine"}]},{"@type":"WebSite","@id":"https:\/\/chemsfine.com\/#website","url":"https:\/\/chemsfine.com\/","name":"Chemsfine","description":"Minun WordPress blogi","publisher":{"@id":"https:\/\/chemsfine.com\/#organization"},"potentialAction":[{"@type":"SearchAction","target":{"@type":"EntryPoint","urlTemplate":"https:\/\/chemsfine.com\/?s={search_term_string}"},"query-input":{"@type":"PropertyValueSpecification","valueRequired":true,"valueName":"search_term_string"}}],"inLanguage":"fi"},{"@type":"Organization","@id":"https:\/\/chemsfine.com\/#organization","name":"Chemsfine","url":"https:\/\/chemsfine.com\/","logo":{"@type":"ImageObject","inLanguage":"fi","@id":"https:\/\/chemsfine.com\/#\/schema\/logo\/image\/","url":"https:\/\/chemsfine.com\/wp-content\/uploads\/2024\/09\/final-logo.png","contentUrl":"https:\/\/chemsfine.com\/wp-content\/uploads\/2024\/09\/final-logo.png","width":340,"height":72,"caption":"Chemsfine"},"image":{"@id":"https:\/\/chemsfine.com\/#\/schema\/logo\/image\/"}}]}},"_links":{"self":[{"href":"https:\/\/chemsfine.com\/fi\/wp-json\/wp\/v2\/product\/6703","targetHints":{"allow":["GET"]}}],"collection":[{"href":"https:\/\/chemsfine.com\/fi\/wp-json\/wp\/v2\/product"}],"about":[{"href":"https:\/\/chemsfine.com\/fi\/wp-json\/wp\/v2\/types\/product"}],"replies":[{"embeddable":true,"href":"https:\/\/chemsfine.com\/fi\/wp-json\/wp\/v2\/comments?post=6703"}],"wp:featuredmedia":[{"embeddable":true,"href":"https:\/\/chemsfine.com\/fi\/wp-json\/wp\/v2\/media\/6744"}],"wp:attachment":[{"href":"https:\/\/chemsfine.com\/fi\/wp-json\/wp\/v2\/media?parent=6703"}],"wp:term":[{"taxonomy":"product_brand","embeddable":true,"href":"https:\/\/chemsfine.com\/fi\/wp-json\/wp\/v2\/product_brand?post=6703"},{"taxonomy":"product_cat","embeddable":true,"href":"https:\/\/chemsfine.com\/fi\/wp-json\/wp\/v2\/product_cat?post=6703"},{"taxonomy":"product_tag","embeddable":true,"href":"https:\/\/chemsfine.com\/fi\/wp-json\/wp\/v2\/product_tag?post=6703"}],"curies":[{"name":"wp","href":"https:\/\/api.w.org\/{rel}","templated":true}]}}