{"id":6728,"date":"2026-02-12T10:12:12","date_gmt":"2026-02-12T10:12:12","guid":{"rendered":"https:\/\/chemsfine.com\/?post_type=product&#038;p=6728"},"modified":"2026-03-25T12:24:18","modified_gmt":"2026-03-25T12:24:18","slug":"pink-muerte-shatter-concentrate","status":"publish","type":"product","link":"https:\/\/chemsfine.com\/fi\/product\/pink-muerte-shatter-concentrate\/","title":{"rendered":"Pink Muerte Shatter | Premium Indica hybridi tiiviste"},"content":{"rendered":"<h1>Osta Pink Muerte Indica Dominant Hybrid Shatter Weed Strain yksinomaan Chemsfinen kuratoidussa nettidispensasverkkokaupassa Kanadassa.<\/h1>\n<p>Tervetuloa Chemsfineen, luotettuun l\u00e4hteeseesi, joka tarjoaa <b>ostaa Pink Muerte Shatter myyt\u00e4v\u00e4n\u00e4<\/b>, todella poikkeuksellinen indica-dominantti hybridikonsentraatti. T\u00e4m\u00e4 ensiluokkainen shatter lupaa vertaansa vailla olevan kokemuksen, jossa yhdistyv\u00e4t syv\u00e4 rentoutuminen ja euforinen kohotus. Me Chemsfine-yhti\u00f6ss\u00e4 varmistamme, ett\u00e4 jokainen er\u00e4 t\u00e4t\u00e4 huippulaatuista Pink Muerte Shatteria t\u00e4ytt\u00e4\u00e4 tiukat standardit ja tarjoaa puhtautta ja tehoa, jota odotat johtavalta online-dispensasliikkeelt\u00e4.<\/p>\n<h2>Pink Muerte Shatterin ymm\u00e4rt\u00e4minen: Saterte: Perint\u00f6 ja voimakkuus<\/h2>\n<p>T\u00e4m\u00e4n raskaan <b>Pink Muerte Shatter<\/b> on jokseenkin ep\u00e4varma, mutta se tunnustetaan yleisesti legendaarisen OG Kushin l\u00e4hisukulaiseksi, mahdollisesti jopa j\u00e4lkel\u00e4iseksi. OG Kush on yksi kannabishistorian kuuluisimmista lajikkeista, ja Pink Muerte Shatter jatkaa ylpe\u00e4n\u00e4 t\u00e4t\u00e4 arvostettua perint\u00f6\u00e4. Se on erityisesti suunniteltu tuottamaan voimakas kehon huuma, joka on osoittautunut eritt\u00e4in tehokkaaksi erilaisissa l\u00e4\u00e4ketieteellisiss\u00e4 hoidoissa. Kuluttajat raportoivat vaikutuksista, jotka ovat syv\u00e4sti rauhoittavia ja voimakkaasti euforisia, johtavat syv\u00e4\u00e4n onnellisuuden tunteeseen ja tunnetusti voimakkaaseen ahmimiseen.<\/p>\n<p>T\u00e4m\u00e4 monipuolinen tiiviste toimii erinomaisena v\u00e4lineen\u00e4 monenlaisten sairauksien, kuten ahdistuksen, masennuksen, tulehduksen, ruokahaluttomuuden, migreenin ja muiden heikent\u00e4vien p\u00e4\u00e4ns\u00e4rkyjen, mielialah\u00e4iri\u00f6iden, kroonisen kivun ja jatkuvan unettomuuden hoitoon. T\u00e4m\u00e4n lajikkeen sativa\/indica-suhde, vaikka sen tarkka todentaminen onkin haastavaa, n\u00e4ytt\u00e4\u00e4 kallistuvan vahvasti indican suuntaan, tiett\u00e4v\u00e4sti jopa 10:90. T\u00e4m\u00e4 merkitt\u00e4v\u00e4 indica-valtaisuus takaa voimakkaat fyysiset vaikutukset, mik\u00e4 tekee siit\u00e4 ensisijaisen valinnan kehon syv\u00e4\u00e4n rentoutumiseen ja terapeuttiseen helpotukseen.<\/p>\n<p>Vaikka kattavia THC-testej\u00e4 on julkisesti saatavilla vain v\u00e4h\u00e4n, saatavilla olevat rajalliset tiedot viittaavat jatkuvasti huomattavan korkeaan tehoon, joka usein ylitt\u00e4\u00e4 80%:n. Sit\u00e4 vastoin CBD-pitoisuudet ovat tiett\u00e4v\u00e4sti paljon alhaisempia, tyypillisesti alle 1%. N\u00e4in ollen t\u00e4t\u00e4 shatteria ei pidet\u00e4 ihanteellisena vaihtoehtona sellaisten tilojen hoitoon, jotka reagoivat erityisesti korkeampiin CBD-pitoisuuksiin, kuten tiettyihin epileptisiin h\u00e4iri\u00f6ihin. T\u00e4m\u00e4n voimakkaan shatterin maku- ja aromiprofiili on selv\u00e4sti houkutteleva, ja se tarjoaa n\u00e4kyvi\u00e4 tuoreita m\u00e4nnyn, maanl\u00e4heisen puun ja herkkien kukkien s\u00e4vyj\u00e4, jotka luovat k\u00e4ytt\u00e4jille todella aistillisen kokemuksen. Koe aito <a href='https:\/\/chemsfine.com\/fi\/tuote\/back-home-cannabis-co-white-widow-flower-buy-online\/'>Valkoinen leski Kukka<\/a> ja muita premium-kantoja, jotka ovat saatavilla Chemsfinen kautta.<\/p>\n<h2>Miksi ostaa Pink Muerte Shatter Online Chemsfine?<\/h2>\n<p>Kun p\u00e4\u00e4t\u00e4t <b>tilata Pink Muerte Shatter verkossa<\/b>, Chemsfinen valitseminen takaa turvallisen ja tyydytt\u00e4v\u00e4n kokemuksen. Olemme ylpeit\u00e4 siit\u00e4, ett\u00e4 tarjoamme <b>paras saatavilla oleva Pink Muerte Shatter<\/b> Kanadan markkinoilla, ja sen takana on tiukat laboratoriotestit, joilla vahvistetaan teho ja puhtaus. Sitoutumisemme laatuun takaa, ett\u00e4 jokainen tuote, my\u00f6s t\u00e4m\u00e4 poikkeuksellinen shatter, noudattaa alan korkeimpia standardeja. Chemsfine tarjoaa johtavana online-apteekkina huomaamattomia ja turvallisia marihuanan postimyyntipalveluita, jotka suojaavat yksityisyytt\u00e4si ja varmistavat, ett\u00e4 tuotteesi saapuvat turvallisesti.<\/p>\n<p>Lis\u00e4ksi omistautumisemme ulottuu laadukkaiden tuotteiden tarjoamisen ulkopuolelle. Tarjoamme poikkeuksellista asiakastukea ja helppok\u00e4ytt\u00f6isen verkkoalustan, joka tekee ostomatkastasi saumattoman. Voit ostaa nyt verkosta luottavaisin mielin tiet\u00e4en, ett\u00e4 saat aidon tuotteen kilpailukykyiseen hintaan, ja usein voit s\u00e4\u00e4st\u00e4\u00e4 jopa 45%:n alennusta. Tutustu monipuoliseen valikoimaamme kannabiskonsentraatteja ja jopa erikoistuneita <a href='https:\/\/chemsfine.com\/fi\/tuote\/buy-a-pihp-online\/'>tutkimuskemikaaleja myyt\u00e4v\u00e4n\u00e4 verkossa<\/a>.<\/p>\n<h2>Terapeuttiset sovellukset ja syv\u00e4lliset vaikutukset<\/h2>\n<p>Pink Muerte Shatterin vahvat fyysiset vaikutukset tekev\u00e4t siit\u00e4 korvaamattoman arvokkaan liittolaisen l\u00e4\u00e4kkeiden k\u00e4ytt\u00e4jille. Sen indica-dominantti profiili johtaa syv\u00e4\u00e4n rauhallisuuden ja hyvinvoinnin tunteeseen. Voimakkaat euforiset tuntemukset voivat kohottaa mielialaa merkitt\u00e4v\u00e4sti ja tarjota tilap\u00e4ist\u00e4 helpotusta p\u00e4ivitt\u00e4isen stressin ja henkisen v\u00e4symyksen aiheuttamiin rasituksiin. Kroonisen kivun kanssa kamppaileville sen voimakkaat analgeettiset ominaisuudet tarjoavat huomattavaa lohtua. Syv\u00e4sti rentouttavat ominaisuudet tekev\u00e4t siit\u00e4 my\u00f6s suositun valinnan unettomuuden torjuntaan, mik\u00e4 auttaa k\u00e4ytt\u00e4ji\u00e4 saavuttamaan levollisen unen. Raportoitu \u201cmunchies\u201d-vaikutus on my\u00f6s hy\u00f6dyllinen henkil\u00f6ille, jotka k\u00e4rsiv\u00e4t ruokahaluttomuudesta tai pahoinvoinnista.<\/p>\n<ul>\n<li><b>Ahdistuksen lievitt\u00e4minen:<\/b> Edist\u00e4\u00e4 syv\u00e4\u00e4 rentoutumista ja lievitt\u00e4\u00e4 ahdistuneita ajatuksia.<\/li>\n<li><b>Masennuksen hallinta:<\/b> Aiheuttaa euforiaa ja onnellisuutta, auttaa nostamaan mielialaa.<\/li>\n<li><b>Tulehduksen v\u00e4hent\u00e4minen:<\/b> Voimakas kehon korkea voi lievitt\u00e4\u00e4 tulehduksellista ep\u00e4mukavuutta.<\/li>\n<li><b>Ruokahalun stimulointi:<\/b> Aiheuttaa tunnetusti voimakkaan ahmimishalun.<\/li>\n<li><b>Migreeni ja p\u00e4\u00e4ns\u00e4rky:<\/b> Tehokas erilaisia p\u00e4\u00e4ns\u00e4rkyj\u00e4 vastaan.<\/li>\n<li><b>Kroonisen kivun hoito:<\/b> Antaa merkitt\u00e4v\u00e4\u00e4 lohtua jatkuvasta kivusta.<\/li>\n<li><b>Unettomuuden tuki:<\/b> Syv\u00e4sti rentouttavat vaikutukset edist\u00e4v\u00e4t levollista unta.<\/li>\n<\/ul>\n<h2>Laadunvarmistus ja turvallinen osto<\/h2>\n<p>Chemsfine-yhti\u00f6ss\u00e4 tyytyv\u00e4isyytesi ja turvallisuutesi ovat ensisijaisia tavoitteitamme. Hankimme Pink Muerte Shatterimme hyv\u00e4maineisilta tuottajilta ja suoritamme perusteellisia laboratoriotestej\u00e4 varmistaaksemme sen tehon ja varmistaaksemme, ettei siin\u00e4 ole ep\u00e4puhtauksia. T\u00e4m\u00e4 sitoutuminen l\u00e4pin\u00e4kyvyyteen varmistaa, ett\u00e4 kun <b>ostaa Pink Muerte Shatter<\/b> meilt\u00e4, saat ensiluokkaisen, laboratoriossa testatun tuotteen. Ymm\u00e4rr\u00e4mme turvallisen ostoprosessin merkityksen, ja salatut j\u00e4rjestelm\u00e4mme suojaavat henkil\u00f6- ja maksutietojasi.<\/p>\n<p><b>Vastuuvapauslauseke (28. elokuuta 2026):<\/b> Huomaa, ett\u00e4 l\u00e4mpim\u00e4mm\u00e4n s\u00e4\u00e4n l\u00e4hestyess\u00e4 kannabistuotteet, kuten shatterit, purukumit, suklaat ja leivonnaiset, saattavat sulaa kuljetuksen aikana. Tuotteiden eheyden s\u00e4ilytt\u00e4miseksi suosittelemme, ett\u00e4 tuotteet s\u00e4ilytet\u00e4\u00e4n v\u00e4liaikaisesti j\u00e4\u00e4kaapissa heti vastaanoton j\u00e4lkeen. Chemsfine ei ole vastuussa tuotteista, jotka saattavat sulaa kuljetuksen aikana s\u00e4\u00e4olosuhteiden vuoksi.<\/p>\n<h2>Alueellinen suosio ja laajempi saatavuus<\/h2>\n<p>Pink Muerte Shatter on saavuttanut merkitt\u00e4v\u00e4\u00e4 suosiota erityisesti Tyynenmeren luoteisosan ja Kanadan laillisilla kannabismarkkinoilla. Sen ainutlaatuinen vaikutussekoitus ja erottuva ulkon\u00e4k\u00f6 ovat tehneet siit\u00e4 halutun tiivisteen sek\u00e4 tuntijoiden ett\u00e4 l\u00e4\u00e4kek\u00e4ytt\u00e4jien keskuudessa. Chemsfine tarjoaa ylpe\u00e4n\u00e4 t\u00e4t\u00e4 poikkeuksellista shatteria asiakkaille kaikkialla Kanadassa, mik\u00e4 takaa ensiluokkaisten kannabistuotteiden saatavuuden sijainnista riippumatta. Tutustu koko valikoimaan <a href='https:\/\/chemsfine.com\/fi\/tuote\/premium-cannabis-concentrates\/'>ensiluokkaiset kannabiskonsentraatit<\/a> viel\u00e4kin enemm\u00e4n laatuvaihtoehtoja.<\/p>\n<h2>Johtop\u00e4\u00e4t\u00f6kset: Chemsfine: Koe Premium Shatter<\/h2>\n<p>Niille, jotka etsiv\u00e4t voimakasta ja terapeuttista indica-painotteista kokemusta, <b>ostaa Pink Muerte Shatter myyt\u00e4v\u00e4n\u00e4<\/b> Chemsfine. Voimakkaiden vaikutustensa, ainutlaatuisen makuprofiilinsa ja laboratoriossa testatun laatunsa ansiosta se erottuu edukseen huippuluokan kannabiskonsentraattina. Olemme omistautuneet tarjoamaan parhaita shatter-tarjouksia, varmistaen huomaamattoman, turvallisen ja varman marihuanan postimyyntikokemuksen. Valitse Chemsfine seuraavaan ostokseesi ja huomaa, miten laatu ja luotettavuus tekev\u00e4t eron. Tilaa shatteri t\u00e4n\u00e4\u00e4n ja hy\u00f6dynn\u00e4 poikkeukselliset s\u00e4\u00e4st\u00f6t.<\/p>","protected":false},"excerpt":{"rendered":"<p><b>Pink Muerte Shatter<\/b> offers a potent Indica-dominant hybrid experience, delivering intense euphoria and profound physical relaxation. Lab-tested for high potency, this premium concentrate is ideal for pain, anxiety, and insomnia relief. Buy this exceptional shatter at Chemsfine for a secure and discreet online purchase.<\/p>","protected":false},"featured_media":6771,"comment_status":"open","ping_status":"closed","template":"","meta":{"_joinchat":[]},"product_brand":[],"product_cat":[979],"product_tag":[],"class_list":{"0":"post-6728","1":"product","2":"type-product","3":"status-publish","4":"has-post-thumbnail","6":"product_cat-shatter","8":"first","9":"instock","10":"shipping-taxable","11":"purchasable","12":"product-type-variable"},"yoast_head":"<!-- This site is optimized with the Yoast SEO plugin v27.2 - https:\/\/yoast.com\/product\/yoast-seo-wordpress\/ -->\n<title>Buy Pink Muerte Shatter Online | Premium Indica Hybrid<\/title>\n<meta name=\"description\" content=\"Discover Pink Muerte Shatter, a potent Indica-dominant hybrid. Find intense euphoria, calm, and pain relief. Buy premium, lab-tested shatter online at Chemsfine.\" \/>\n<meta name=\"robots\" content=\"index, follow, max-snippet:-1, max-image-preview:large, max-video-preview:-1\" \/>\n<link rel=\"canonical\" href=\"https:\/\/chemsfine.com\/fi\/tuote\/pink-muerte-shatter-concentrate\/\" \/>\n<meta property=\"og:locale\" content=\"fi_FI\" \/>\n<meta property=\"og:type\" content=\"article\" \/>\n<meta property=\"og:title\" content=\"Buy Pink Muerte Shatter Online | Premium Indica Hybrid\" \/>\n<meta property=\"og:description\" content=\"Discover Pink Muerte Shatter, a potent Indica-dominant hybrid. Find intense euphoria, calm, and pain relief. Buy premium, lab-tested shatter online at Chemsfine.\" \/>\n<meta property=\"og:url\" content=\"https:\/\/chemsfine.com\/fi\/tuote\/pink-muerte-shatter-concentrate\/\" \/>\n<meta property=\"og:site_name\" content=\"Chemsfine\" \/>\n<meta property=\"article:modified_time\" content=\"2026-03-25T12:24:18+00:00\" \/>\n<meta property=\"og:image\" content=\"https:\/\/chemsfine.com\/wp-content\/uploads\/2026\/02\/pink-muerte-shatter-online-dispensary-canada-bulk-buddy-1.jpg\" \/>\n\t<meta property=\"og:image:width\" content=\"1024\" \/>\n\t<meta property=\"og:image:height\" content=\"1024\" \/>\n\t<meta property=\"og:image:type\" content=\"image\/jpeg\" \/>\n<meta name=\"twitter:card\" content=\"summary_large_image\" \/>\n<meta name=\"twitter:label1\" content=\"Arvioitu lukuaika\" \/>\n\t<meta name=\"twitter:data1\" content=\"5 minuuttia\" \/>\n<script type=\"application\/ld+json\" class=\"yoast-schema-graph\">{\"@context\":\"https:\/\/schema.org\",\"@graph\":[{\"@type\":\"WebPage\",\"@id\":\"https:\/\/chemsfine.com\/product\/pink-muerte-shatter-concentrate\/\",\"url\":\"https:\/\/chemsfine.com\/product\/pink-muerte-shatter-concentrate\/\",\"name\":\"Buy Pink Muerte Shatter Online | Premium Indica Hybrid\",\"isPartOf\":{\"@id\":\"https:\/\/chemsfine.com\/#website\"},\"primaryImageOfPage\":{\"@id\":\"https:\/\/chemsfine.com\/product\/pink-muerte-shatter-concentrate\/#primaryimage\"},\"image\":{\"@id\":\"https:\/\/chemsfine.com\/product\/pink-muerte-shatter-concentrate\/#primaryimage\"},\"thumbnailUrl\":\"https:\/\/chemsfine.com\/wp-content\/uploads\/2026\/02\/pink-muerte-shatter-online-dispensary-canada-bulk-buddy-1.jpg\",\"datePublished\":\"2026-02-12T10:12:12+00:00\",\"dateModified\":\"2026-03-25T12:24:18+00:00\",\"description\":\"Discover Pink Muerte Shatter, a potent Indica-dominant hybrid. Find intense euphoria, calm, and pain relief. Buy premium, lab-tested shatter online at Chemsfine.\",\"breadcrumb\":{\"@id\":\"https:\/\/chemsfine.com\/product\/pink-muerte-shatter-concentrate\/#breadcrumb\"},\"inLanguage\":\"fi\",\"potentialAction\":[{\"@type\":\"ReadAction\",\"target\":[\"https:\/\/chemsfine.com\/product\/pink-muerte-shatter-concentrate\/\"]}]},{\"@type\":\"ImageObject\",\"inLanguage\":\"fi\",\"@id\":\"https:\/\/chemsfine.com\/product\/pink-muerte-shatter-concentrate\/#primaryimage\",\"url\":\"https:\/\/chemsfine.com\/wp-content\/uploads\/2026\/02\/pink-muerte-shatter-online-dispensary-canada-bulk-buddy-1.jpg\",\"contentUrl\":\"https:\/\/chemsfine.com\/wp-content\/uploads\/2026\/02\/pink-muerte-shatter-online-dispensary-canada-bulk-buddy-1.jpg\",\"width\":1024,\"height\":1024},{\"@type\":\"BreadcrumbList\",\"@id\":\"https:\/\/chemsfine.com\/product\/pink-muerte-shatter-concentrate\/#breadcrumb\",\"itemListElement\":[{\"@type\":\"ListItem\",\"position\":1,\"name\":\"Home\",\"item\":\"https:\/\/chemsfine.com\/\"},{\"@type\":\"ListItem\",\"position\":2,\"name\":\"Shop\",\"item\":\"https:\/\/chemsfine.com\/shop\/\"},{\"@type\":\"ListItem\",\"position\":3,\"name\":\"Pink Muerte Shatter | Premium Indica Hybrid Concentrate\"}]},{\"@type\":\"WebSite\",\"@id\":\"https:\/\/chemsfine.com\/#website\",\"url\":\"https:\/\/chemsfine.com\/\",\"name\":\"Chemsfine\",\"description\":\"My WordPress Blog\",\"publisher\":{\"@id\":\"https:\/\/chemsfine.com\/#organization\"},\"potentialAction\":[{\"@type\":\"SearchAction\",\"target\":{\"@type\":\"EntryPoint\",\"urlTemplate\":\"https:\/\/chemsfine.com\/?s={search_term_string}\"},\"query-input\":{\"@type\":\"PropertyValueSpecification\",\"valueRequired\":true,\"valueName\":\"search_term_string\"}}],\"inLanguage\":\"fi\"},{\"@type\":\"Organization\",\"@id\":\"https:\/\/chemsfine.com\/#organization\",\"name\":\"Chemsfine\",\"url\":\"https:\/\/chemsfine.com\/\",\"logo\":{\"@type\":\"ImageObject\",\"inLanguage\":\"fi\",\"@id\":\"https:\/\/chemsfine.com\/#\/schema\/logo\/image\/\",\"url\":\"https:\/\/chemsfine.com\/wp-content\/uploads\/2024\/09\/final-logo.png\",\"contentUrl\":\"https:\/\/chemsfine.com\/wp-content\/uploads\/2024\/09\/final-logo.png\",\"width\":340,\"height\":72,\"caption\":\"Chemsfine\"},\"image\":{\"@id\":\"https:\/\/chemsfine.com\/#\/schema\/logo\/image\/\"}}]}<\/script>\n<!-- \/ Yoast SEO plugin. -->","yoast_head_json":{"title":"Osta Pink Muerte Shatter verkossa | Premium Indica Hybrid","description":"Tutustu Pink Muerte Shatteriin, joka on voimakas indica-dominantti hybridi. L\u00f6yd\u00e4 voimakas euforia, rauhallisuus ja kivunlievitys. Osta ensiluokkaista, laboratoriossa testattua shatteria verkossa Chemsfinest\u00e4.","robots":{"index":"index","follow":"follow","max-snippet":"max-snippet:-1","max-image-preview":"max-image-preview:large","max-video-preview":"max-video-preview:-1"},"canonical":"https:\/\/chemsfine.com\/fi\/tuote\/pink-muerte-shatter-concentrate\/","og_locale":"fi_FI","og_type":"article","og_title":"Buy Pink Muerte Shatter Online | Premium Indica Hybrid","og_description":"Discover Pink Muerte Shatter, a potent Indica-dominant hybrid. Find intense euphoria, calm, and pain relief. Buy premium, lab-tested shatter online at Chemsfine.","og_url":"https:\/\/chemsfine.com\/fi\/tuote\/pink-muerte-shatter-concentrate\/","og_site_name":"Chemsfine","article_modified_time":"2026-03-25T12:24:18+00:00","og_image":[{"width":1024,"height":1024,"url":"https:\/\/chemsfine.com\/wp-content\/uploads\/2026\/02\/pink-muerte-shatter-online-dispensary-canada-bulk-buddy-1.jpg","type":"image\/jpeg"}],"twitter_card":"summary_large_image","twitter_misc":{"Arvioitu lukuaika":"5 minuuttia"},"schema":{"@context":"https:\/\/schema.org","@graph":[{"@type":"WebPage","@id":"https:\/\/chemsfine.com\/product\/pink-muerte-shatter-concentrate\/","url":"https:\/\/chemsfine.com\/product\/pink-muerte-shatter-concentrate\/","name":"Osta Pink Muerte Shatter verkossa | Premium Indica Hybrid","isPartOf":{"@id":"https:\/\/chemsfine.com\/#website"},"primaryImageOfPage":{"@id":"https:\/\/chemsfine.com\/product\/pink-muerte-shatter-concentrate\/#primaryimage"},"image":{"@id":"https:\/\/chemsfine.com\/product\/pink-muerte-shatter-concentrate\/#primaryimage"},"thumbnailUrl":"https:\/\/chemsfine.com\/wp-content\/uploads\/2026\/02\/pink-muerte-shatter-online-dispensary-canada-bulk-buddy-1.jpg","datePublished":"2026-02-12T10:12:12+00:00","dateModified":"2026-03-25T12:24:18+00:00","description":"Tutustu Pink Muerte Shatteriin, joka on voimakas indica-dominantti hybridi. L\u00f6yd\u00e4 voimakas euforia, rauhallisuus ja kivunlievitys. Osta ensiluokkaista, laboratoriossa testattua shatteria verkossa Chemsfinest\u00e4.","breadcrumb":{"@id":"https:\/\/chemsfine.com\/product\/pink-muerte-shatter-concentrate\/#breadcrumb"},"inLanguage":"fi","potentialAction":[{"@type":"ReadAction","target":["https:\/\/chemsfine.com\/product\/pink-muerte-shatter-concentrate\/"]}]},{"@type":"ImageObject","inLanguage":"fi","@id":"https:\/\/chemsfine.com\/product\/pink-muerte-shatter-concentrate\/#primaryimage","url":"https:\/\/chemsfine.com\/wp-content\/uploads\/2026\/02\/pink-muerte-shatter-online-dispensary-canada-bulk-buddy-1.jpg","contentUrl":"https:\/\/chemsfine.com\/wp-content\/uploads\/2026\/02\/pink-muerte-shatter-online-dispensary-canada-bulk-buddy-1.jpg","width":1024,"height":1024},{"@type":"BreadcrumbList","@id":"https:\/\/chemsfine.com\/product\/pink-muerte-shatter-concentrate\/#breadcrumb","itemListElement":[{"@type":"ListItem","position":1,"name":"Home","item":"https:\/\/chemsfine.com\/"},{"@type":"ListItem","position":2,"name":"Shop","item":"https:\/\/chemsfine.com\/shop\/"},{"@type":"ListItem","position":3,"name":"Pink Muerte Shatter | Premium Indica Hybrid Concentrate"}]},{"@type":"WebSite","@id":"https:\/\/chemsfine.com\/#website","url":"https:\/\/chemsfine.com\/","name":"Chemsfine","description":"Minun WordPress blogi","publisher":{"@id":"https:\/\/chemsfine.com\/#organization"},"potentialAction":[{"@type":"SearchAction","target":{"@type":"EntryPoint","urlTemplate":"https:\/\/chemsfine.com\/?s={search_term_string}"},"query-input":{"@type":"PropertyValueSpecification","valueRequired":true,"valueName":"search_term_string"}}],"inLanguage":"fi"},{"@type":"Organization","@id":"https:\/\/chemsfine.com\/#organization","name":"Chemsfine","url":"https:\/\/chemsfine.com\/","logo":{"@type":"ImageObject","inLanguage":"fi","@id":"https:\/\/chemsfine.com\/#\/schema\/logo\/image\/","url":"https:\/\/chemsfine.com\/wp-content\/uploads\/2024\/09\/final-logo.png","contentUrl":"https:\/\/chemsfine.com\/wp-content\/uploads\/2024\/09\/final-logo.png","width":340,"height":72,"caption":"Chemsfine"},"image":{"@id":"https:\/\/chemsfine.com\/#\/schema\/logo\/image\/"}}]}},"_links":{"self":[{"href":"https:\/\/chemsfine.com\/fi\/wp-json\/wp\/v2\/product\/6728","targetHints":{"allow":["GET"]}}],"collection":[{"href":"https:\/\/chemsfine.com\/fi\/wp-json\/wp\/v2\/product"}],"about":[{"href":"https:\/\/chemsfine.com\/fi\/wp-json\/wp\/v2\/types\/product"}],"replies":[{"embeddable":true,"href":"https:\/\/chemsfine.com\/fi\/wp-json\/wp\/v2\/comments?post=6728"}],"wp:featuredmedia":[{"embeddable":true,"href":"https:\/\/chemsfine.com\/fi\/wp-json\/wp\/v2\/media\/6771"}],"wp:attachment":[{"href":"https:\/\/chemsfine.com\/fi\/wp-json\/wp\/v2\/media?parent=6728"}],"wp:term":[{"taxonomy":"product_brand","embeddable":true,"href":"https:\/\/chemsfine.com\/fi\/wp-json\/wp\/v2\/product_brand?post=6728"},{"taxonomy":"product_cat","embeddable":true,"href":"https:\/\/chemsfine.com\/fi\/wp-json\/wp\/v2\/product_cat?post=6728"},{"taxonomy":"product_tag","embeddable":true,"href":"https:\/\/chemsfine.com\/fi\/wp-json\/wp\/v2\/product_tag?post=6728"}],"curies":[{"name":"wp","href":"https:\/\/api.w.org\/{rel}","templated":true}]}}