{"id":8119,"date":"2026-02-12T18:20:34","date_gmt":"2026-02-12T18:20:34","guid":{"rendered":"https:\/\/chemsfine.com\/?post_type=product&#038;p=8119"},"modified":"2026-03-25T12:21:34","modified_gmt":"2026-03-25T12:21:34","slug":"buy-gelato-41-online","status":"publish","type":"product","link":"https:\/\/chemsfine.com\/fi\/product\/buy-gelato-41-online\/","title":{"rendered":"Osta Gelato 41 verkossa | Top Quality Gelato 41 myyt\u00e4v\u00e4n\u00e4"},"content":{"rendered":"<p>Etsitk\u00f6 <b>Osta Gelato 41 myyt\u00e4v\u00e4n\u00e4<\/b> luotettavasta l\u00e4hteest\u00e4? Olet l\u00f6yt\u00e4nyt parhaan kohteen. Gelato 41 on vakiinnuttanut asemansa yhten\u00e4 merkitt\u00e4vimmist\u00e4 koskaan kehitetyist\u00e4 kalifornialaiskannoista, joka on muuttanut nykyaikaisen kannabisgenetiikan maisemaa. Me chemsfine-yhti\u00f6ss\u00e4 tarjoamme p\u00e4\u00e4syn t\u00e4h\u00e4n legendaariseen lajikkeeseen ja varmistamme, ett\u00e4 saat vain seuraavaa <b>Laadukas gelato 41<\/b>. Olitpa ker\u00e4ilij\u00e4 tai tuntija, varastomme edustaa tehon ja makuprofiilin huippua.<\/p>\n<h2>Mik\u00e4 on Gelato 41?<\/h2>\n<p><b>Gelato 41<\/b> on kahden kuuluisan kalifornialaisen klassikon kuuluisa hybridiristeytys: Sunset Sherbet ja Thin Mint Cookies. T\u00e4m\u00e4 kanta, jonka Sherbinskit ensin jalostivat ja jalostivat, saavutti nopeasti mainetta ja muutti pysyv\u00e4sti k\u00e4sityst\u00e4 siit\u00e4, milt\u00e4 modernin marihuanan pit\u00e4isi maistua ja tuntua. Se toimii perustana monille nykyaikaisille hybridiristeytyksille, joita markkinoilla nyky\u00e4\u00e4n on. Vaikka muut siemenyhti\u00f6t tarjoavat nyt omia lajikkeitaan t\u00e4st\u00e4 vallankumouksellisesta lajikkeesta, on vaikea kuvitella nykyaikaista jalostusta ilman Gelato 41:n vaikutusta.<\/p>\n<p>Cannabis Gelato -linja on merkitt\u00e4v\u00e4, koska se on synnytt\u00e4nyt lukuisia poikkeuksellisia ja harvinaisia fenotyyppej\u00e4. Sherbinskille Thin Mint Cookiesin ja Sunset Sherbetin yhdistelm\u00e4 oli kuin kultaa. Vaikka Gelato-kannoista 33 (joka tunnetaan my\u00f6s nimell\u00e4 Larry Bird Kush), 44, 45, 47 ja 49 on tullut suosittuja omina lajikkeinaan, Gelaton fenotyyppi 41 erottuu niist\u00e4 kaikista vahvimpana. Se on saavuttanut legendaarisen aseman, koska sill\u00e4 on ollut suuri vaikutus kannabismarkkinoihin. Jos olet kiinnostunut muista ensiluokkaisista uutteista, voit my\u00f6s harkita meid\u00e4n <a href=\"https:\/\/chemsfine.com\/fi\/tuote\/pineapple-hash-for-sale-buy-premium-hash-online\/\">premium hasis<\/a> vaihtoehtoja kokoelmasi laajentamiseksi.<\/p>\n<p><b>Grown Up Sherbet:<\/b> Sunset Sherbet, toinen Sherbinskien luoma lajike, on Pink Pantiesin ja Girl Scout Cookiesin risteym\u00e4. H\u00e4n antoi Gelato 41:lle sen indica-dominantin genetiikan ja voimakkaan fyysisen huuman. Lis\u00e4ksi h\u00e4n siirsi monet niist\u00e4 mausteisista ja makeista marjaisista s\u00e4vyist\u00e4, joista Gelato 41 on kuuluisa.<\/p>\n<p><b>Ohuet minttukeksit:<\/b> Erityinen SGR:n fenotyyppi, joka asettaa markkinastandardin, on Thin Mint Cookies. T\u00e4m\u00e4 kantalajike antoi Gelato 41:lle periytyv\u00e4t vahvan psykedeelisen tehon, minttuiset s\u00e4vyt aromissa ja terapeuttiset ominaisuudet.<\/p>\n<h2>Miksi ostaa Gelato 41 verkossa chemsfine?<\/h2>\n<p>Ymm\u00e4rr\u00e4mme, ett\u00e4 l\u00f6yt\u00e4\u00e4 <b>Paras gelato 41 Saatavilla<\/b> voi olla haastavaa, koska markkinoilla on paljon heikkolaatuisia j\u00e4ljitelmi\u00e4. Siksi ostamalla chemsfinen kautta varmistat, ett\u00e4 saat aitoa genetiikkaa. Asetamme etusijalle laadunvalvonnan ja asianmukaisen varastoinnin, jotta voimme s\u00e4ilytt\u00e4\u00e4 tuotteidemme eheyden.<\/p>\n<p>Lis\u00e4ksi alustamme on suunniteltu saumatonta k\u00e4ytt\u00e4j\u00e4kokemusta varten. Kun p\u00e4\u00e4t\u00e4t <b>Tilaa Gelato 41 verkossa<\/b> meilt\u00e4, hy\u00f6dyt turvallisesta, salatusta ostoymp\u00e4rist\u00f6st\u00e4. Palvelemme asiakkaita, jotka vaativat huippuosaamista ja johdonmukaisuutta. Toisin kuin muut myyj\u00e4t, me tarkistamme varastomme varmistaaksemme, ett\u00e4 se t\u00e4ytt\u00e4\u00e4 Gelato-tuoteperheelt\u00e4 odotetut korkeat standardit.<\/p>\n<h2>Sovellukset<\/h2>\n<p>Gelato 41 -kanta on monipuolinen ja haluttu eri tarkoituksiin. Alla on lueteltu t\u00e4m\u00e4n lajikkeen yleisi\u00e4 k\u00e4ytt\u00f6kohteita <b>Korkea puhtaus myyt\u00e4v\u00e4n\u00e4<\/b> tuote:<\/p>\n<ul>\n<li><b>Geneettinen s\u00e4ilytt\u00e4minen:<\/b> Ihanteellinen ker\u00e4ilij\u00f6ille, jotka haluavat s\u00e4ilytt\u00e4\u00e4 Sunset Sherbet x Thin Mint -ev\u00e4steiden aidon sukupuun.<\/li>\n<li><b>Aromaattinen tutkimus:<\/b> K\u00e4ytet\u00e4\u00e4n ainutlaatuisen terpeeniprofiilin tutkimiseen, jossa on makean marjaisia ja minttuisia s\u00e4vyj\u00e4.<\/li>\n<li><b>Terapeuttinen kehitys:<\/b> Tutkitaan sen voimakkaiden fyysisten rentoutumisominaisuuksien vuoksi, jotka ovat periytyneet sen indica-valtaisuudesta.<\/li>\n<li><b>Hybridikasvatus:<\/b> Toimii vankkana perustana uusien modernien hybridien luomiselle.<\/li>\n<li><b>Vertaileva analyysi:<\/b> Olennaista vertailtaessa muihin fenotyyppeihin, kuten Gelato 33 tai 45.<\/li>\n<li><b>Kokoelma:<\/b> Jokaisen vakavasti otettavan geneettisen kirjaston peruslis\u00e4ys.<\/li>\n<\/ul>\n<p>Tutustuessasi kuvastoomme, saatat my\u00f6s olla kiinnostunut seuraavista <a href=\"https:\/\/chemsfine.com\/fi\/tuote\/ostaa-5fur-144-xlr-11-tutkimuskemikaali-verkossa\/\">tutkimuskemikaali<\/a> laboratoriotason vaatimusten mukainen inventaario.<\/p>\n<h2>Turvallisuus ja vaatimustenmukaisuus<\/h2>\n<p>Turvallisuus on ensiarvoisen t\u00e4rke\u00e4\u00e4, kun k\u00e4sitell\u00e4\u00e4n korkealaatuisia tuotteita. Varmistamme, ett\u00e4 varastomme varastoidaan valvotussa ymp\u00e4rist\u00f6ss\u00e4 hajoamisen est\u00e4miseksi. Kun <b>Osta nyt verkossa<\/b>, voit olla varma, ett\u00e4 alueellisia s\u00e4\u00e4nn\u00f6ksi\u00e4 noudatetaan. Suosittelemme, ett\u00e4 kaikki k\u00e4ytt\u00e4j\u00e4t k\u00e4sittelev\u00e4t tuotteita asianmukaisella varovaisuudella ja noudattavat hallussapitoa ja k\u00e4ytt\u00f6\u00e4 koskevia paikallisia lakeja.<\/p>\n<p>Tarjoamme avoimia tietoja tuotteidemme alkuper\u00e4st\u00e4 ja luonteesta. N\u00e4in varmistamme, ett\u00e4 olet t\u00e4ysin tietoinen ennen kuin teet ostoksesi. <b>Turvallinen osto<\/b>.<\/p>\n<h2>Miksi valita meid\u00e4t?<\/h2>\n<p>Chemsfinen valitseminen tarkoittaa luotettavuuden valitsemista. Tarjoamme <b>Aito Gelato 41<\/b> tukenaan ylivoimainen asiakastuki. Siksi asiakkaat suosivat meit\u00e4:<\/p>\n<ul>\n<li><b>Nopea toimitus:<\/b> Tilauksesi toimitetaan sinulle nopeasti ja huomaamattomasti.<\/li>\n<li><b>Laadunvarmistus:<\/b> Jokainen er\u00e4 tarkastetaan, jotta varmistetaan, ett\u00e4 se t\u00e4ytt\u00e4\u00e4 tiukat standardimme.<\/li>\n<li><b>Kilpailukykyinen hinnoittelu:<\/b> Tarjoamme parhaan arvon aidolle genetiikalle.<\/li>\n<li><b>Huomaamaton pakkaus:<\/b> Yksityisyytesi on etusijalla.<\/li>\n<\/ul>\n<p>\u00c4l\u00e4 tyydy huonompiin fenotyyppeihin. <b>Tilaa Gelato 41 verkossa<\/b> t\u00e4n\u00e4\u00e4n ja koe ero, jonka aito genetiikka tekee.<\/p>\n<h2>P\u00e4\u00e4telm\u00e4<\/h2>\n<p>Gelato 41 on edelleen yksi nykyaikaisen kannabiksen vaikutusvaltaisimmista kannoista. Sen ainutlaatuinen yhdistelm\u00e4 tehoa, makua ja indica-dominanssia tekee siit\u00e4 v\u00e4ltt\u00e4m\u00e4tt\u00f6m\u00e4n. Olitpa sitten lis\u00e4\u00e4m\u00e4ss\u00e4 kokoelmaa tai etsim\u00e4ss\u00e4 Gelato-sarjan parasta fenotyyppi\u00e4, chemsfine on luotettava kumppanisi. <b>Osta Gelato 41 myyt\u00e4v\u00e4n\u00e4<\/b> nyt ja varmista t\u00e4m\u00e4n legendaarisen klassikon saatavuus.<\/p>","protected":false},"excerpt":{"rendered":"<p><b>Gelato 41<\/b> is a legendary hybrid cross of Sunset Sherbet and Thin Mint Cookies, known for its potent physical high and sweet berry notes. As the strongest phenotype in the Gelato line, it sets the standard for modern cannabis genetics. <b>Buy at chemsfine<\/b> to ensure you receive authentic, top-tier quality. Perfect for collectors and connoisseurs seeking the <b>Paras gelato 41 Saatavilla<\/b>.<\/p>","protected":false},"featured_media":8149,"comment_status":"open","ping_status":"closed","template":"","meta":{"_joinchat":[]},"product_brand":[],"product_cat":[944],"product_tag":[],"class_list":{"0":"post-8119","1":"product","2":"type-product","3":"status-publish","4":"has-post-thumbnail","6":"product_cat-marijuana-cannabis","8":"first","9":"instock","10":"shipping-taxable","11":"purchasable","12":"product-type-variable"},"yoast_head":"<!-- This site is optimized with the Yoast SEO plugin v27.2 - https:\/\/yoast.com\/product\/yoast-seo-wordpress\/ -->\n<title>Buy Gelato 41 Online | Top Quality Gelato 41 For Sale<\/title>\n<meta name=\"description\" content=\"Looking to buy Gelato 41 online? Order Gelato 41 for sale at chemsfine. We offer the best Gelato 41 available with secure shipping. Shop now!\" \/>\n<meta name=\"robots\" content=\"index, follow, max-snippet:-1, max-image-preview:large, max-video-preview:-1\" \/>\n<link rel=\"canonical\" href=\"https:\/\/chemsfine.com\/fi\/tuote\/buy-gelato-41-online\/\" \/>\n<meta property=\"og:locale\" content=\"fi_FI\" \/>\n<meta property=\"og:type\" content=\"article\" \/>\n<meta property=\"og:title\" content=\"Buy Gelato 41 Online | Top Quality Gelato 41 For Sale\" \/>\n<meta property=\"og:description\" content=\"Looking to buy Gelato 41 online? Order Gelato 41 for sale at chemsfine. We offer the best Gelato 41 available with secure shipping. Shop now!\" \/>\n<meta property=\"og:url\" content=\"https:\/\/chemsfine.com\/fi\/tuote\/buy-gelato-41-online\/\" \/>\n<meta property=\"og:site_name\" content=\"Chemsfine\" \/>\n<meta property=\"article:modified_time\" content=\"2026-03-25T12:21:34+00:00\" \/>\n<meta property=\"og:image\" content=\"https:\/\/chemsfine.com\/wp-content\/uploads\/2026\/02\/gelato-41.jpg\" \/>\n\t<meta property=\"og:image:width\" content=\"960\" \/>\n\t<meta property=\"og:image:height\" content=\"1280\" \/>\n\t<meta property=\"og:image:type\" content=\"image\/jpeg\" \/>\n<meta name=\"twitter:card\" content=\"summary_large_image\" \/>\n<meta name=\"twitter:label1\" content=\"Arvioitu lukuaika\" \/>\n\t<meta name=\"twitter:data1\" content=\"2 minuuttia\" \/>\n<script type=\"application\/ld+json\" class=\"yoast-schema-graph\">{\"@context\":\"https:\/\/schema.org\",\"@graph\":[{\"@type\":\"WebPage\",\"@id\":\"https:\/\/chemsfine.com\/product\/buy-gelato-41-online\/\",\"url\":\"https:\/\/chemsfine.com\/product\/buy-gelato-41-online\/\",\"name\":\"Buy Gelato 41 Online | Top Quality Gelato 41 For Sale\",\"isPartOf\":{\"@id\":\"https:\/\/chemsfine.com\/#website\"},\"primaryImageOfPage\":{\"@id\":\"https:\/\/chemsfine.com\/product\/buy-gelato-41-online\/#primaryimage\"},\"image\":{\"@id\":\"https:\/\/chemsfine.com\/product\/buy-gelato-41-online\/#primaryimage\"},\"thumbnailUrl\":\"https:\/\/chemsfine.com\/wp-content\/uploads\/2026\/02\/gelato-41.jpg\",\"datePublished\":\"2026-02-12T18:20:34+00:00\",\"dateModified\":\"2026-03-25T12:21:34+00:00\",\"description\":\"Looking to buy Gelato 41 online? Order Gelato 41 for sale at chemsfine. We offer the best Gelato 41 available with secure shipping. Shop now!\",\"breadcrumb\":{\"@id\":\"https:\/\/chemsfine.com\/product\/buy-gelato-41-online\/#breadcrumb\"},\"inLanguage\":\"fi\",\"potentialAction\":[{\"@type\":\"ReadAction\",\"target\":[\"https:\/\/chemsfine.com\/product\/buy-gelato-41-online\/\"]}]},{\"@type\":\"ImageObject\",\"inLanguage\":\"fi\",\"@id\":\"https:\/\/chemsfine.com\/product\/buy-gelato-41-online\/#primaryimage\",\"url\":\"https:\/\/chemsfine.com\/wp-content\/uploads\/2026\/02\/gelato-41.jpg\",\"contentUrl\":\"https:\/\/chemsfine.com\/wp-content\/uploads\/2026\/02\/gelato-41.jpg\",\"width\":960,\"height\":1280},{\"@type\":\"BreadcrumbList\",\"@id\":\"https:\/\/chemsfine.com\/product\/buy-gelato-41-online\/#breadcrumb\",\"itemListElement\":[{\"@type\":\"ListItem\",\"position\":1,\"name\":\"Home\",\"item\":\"https:\/\/chemsfine.com\/\"},{\"@type\":\"ListItem\",\"position\":2,\"name\":\"Shop\",\"item\":\"https:\/\/chemsfine.com\/shop\/\"},{\"@type\":\"ListItem\",\"position\":3,\"name\":\"Buy Gelato 41 Online | Top Quality Gelato 41 For Sale\"}]},{\"@type\":\"WebSite\",\"@id\":\"https:\/\/chemsfine.com\/#website\",\"url\":\"https:\/\/chemsfine.com\/\",\"name\":\"Chemsfine\",\"description\":\"My WordPress Blog\",\"publisher\":{\"@id\":\"https:\/\/chemsfine.com\/#organization\"},\"potentialAction\":[{\"@type\":\"SearchAction\",\"target\":{\"@type\":\"EntryPoint\",\"urlTemplate\":\"https:\/\/chemsfine.com\/?s={search_term_string}\"},\"query-input\":{\"@type\":\"PropertyValueSpecification\",\"valueRequired\":true,\"valueName\":\"search_term_string\"}}],\"inLanguage\":\"fi\"},{\"@type\":\"Organization\",\"@id\":\"https:\/\/chemsfine.com\/#organization\",\"name\":\"Chemsfine\",\"url\":\"https:\/\/chemsfine.com\/\",\"logo\":{\"@type\":\"ImageObject\",\"inLanguage\":\"fi\",\"@id\":\"https:\/\/chemsfine.com\/#\/schema\/logo\/image\/\",\"url\":\"https:\/\/chemsfine.com\/wp-content\/uploads\/2024\/09\/final-logo.png\",\"contentUrl\":\"https:\/\/chemsfine.com\/wp-content\/uploads\/2024\/09\/final-logo.png\",\"width\":340,\"height\":72,\"caption\":\"Chemsfine\"},\"image\":{\"@id\":\"https:\/\/chemsfine.com\/#\/schema\/logo\/image\/\"}}]}<\/script>\n<!-- \/ Yoast SEO plugin. -->","yoast_head_json":{"title":"Osta Gelato 41 verkossa | Top Quality Gelato 41 myyt\u00e4v\u00e4n\u00e4","description":"Haluatko ostaa Gelato 41 verkossa? Tilaa Gelato 41 myyt\u00e4v\u00e4ksi chemsfine. Tarjoamme parhaat Gelato 41 saatavilla turvallinen toimitus. Osta nyt!","robots":{"index":"index","follow":"follow","max-snippet":"max-snippet:-1","max-image-preview":"max-image-preview:large","max-video-preview":"max-video-preview:-1"},"canonical":"https:\/\/chemsfine.com\/fi\/tuote\/buy-gelato-41-online\/","og_locale":"fi_FI","og_type":"article","og_title":"Buy Gelato 41 Online | Top Quality Gelato 41 For Sale","og_description":"Looking to buy Gelato 41 online? Order Gelato 41 for sale at chemsfine. We offer the best Gelato 41 available with secure shipping. Shop now!","og_url":"https:\/\/chemsfine.com\/fi\/tuote\/buy-gelato-41-online\/","og_site_name":"Chemsfine","article_modified_time":"2026-03-25T12:21:34+00:00","og_image":[{"width":960,"height":1280,"url":"https:\/\/chemsfine.com\/wp-content\/uploads\/2026\/02\/gelato-41.jpg","type":"image\/jpeg"}],"twitter_card":"summary_large_image","twitter_misc":{"Arvioitu lukuaika":"2 minuuttia"},"schema":{"@context":"https:\/\/schema.org","@graph":[{"@type":"WebPage","@id":"https:\/\/chemsfine.com\/product\/buy-gelato-41-online\/","url":"https:\/\/chemsfine.com\/product\/buy-gelato-41-online\/","name":"Osta Gelato 41 verkossa | Top Quality Gelato 41 myyt\u00e4v\u00e4n\u00e4","isPartOf":{"@id":"https:\/\/chemsfine.com\/#website"},"primaryImageOfPage":{"@id":"https:\/\/chemsfine.com\/product\/buy-gelato-41-online\/#primaryimage"},"image":{"@id":"https:\/\/chemsfine.com\/product\/buy-gelato-41-online\/#primaryimage"},"thumbnailUrl":"https:\/\/chemsfine.com\/wp-content\/uploads\/2026\/02\/gelato-41.jpg","datePublished":"2026-02-12T18:20:34+00:00","dateModified":"2026-03-25T12:21:34+00:00","description":"Haluatko ostaa Gelato 41 verkossa? Tilaa Gelato 41 myyt\u00e4v\u00e4ksi chemsfine. Tarjoamme parhaat Gelato 41 saatavilla turvallinen toimitus. Osta nyt!","breadcrumb":{"@id":"https:\/\/chemsfine.com\/product\/buy-gelato-41-online\/#breadcrumb"},"inLanguage":"fi","potentialAction":[{"@type":"ReadAction","target":["https:\/\/chemsfine.com\/product\/buy-gelato-41-online\/"]}]},{"@type":"ImageObject","inLanguage":"fi","@id":"https:\/\/chemsfine.com\/product\/buy-gelato-41-online\/#primaryimage","url":"https:\/\/chemsfine.com\/wp-content\/uploads\/2026\/02\/gelato-41.jpg","contentUrl":"https:\/\/chemsfine.com\/wp-content\/uploads\/2026\/02\/gelato-41.jpg","width":960,"height":1280},{"@type":"BreadcrumbList","@id":"https:\/\/chemsfine.com\/product\/buy-gelato-41-online\/#breadcrumb","itemListElement":[{"@type":"ListItem","position":1,"name":"Home","item":"https:\/\/chemsfine.com\/"},{"@type":"ListItem","position":2,"name":"Shop","item":"https:\/\/chemsfine.com\/shop\/"},{"@type":"ListItem","position":3,"name":"Buy Gelato 41 Online | Top Quality Gelato 41 For Sale"}]},{"@type":"WebSite","@id":"https:\/\/chemsfine.com\/#website","url":"https:\/\/chemsfine.com\/","name":"Chemsfine","description":"Minun WordPress blogi","publisher":{"@id":"https:\/\/chemsfine.com\/#organization"},"potentialAction":[{"@type":"SearchAction","target":{"@type":"EntryPoint","urlTemplate":"https:\/\/chemsfine.com\/?s={search_term_string}"},"query-input":{"@type":"PropertyValueSpecification","valueRequired":true,"valueName":"search_term_string"}}],"inLanguage":"fi"},{"@type":"Organization","@id":"https:\/\/chemsfine.com\/#organization","name":"Chemsfine","url":"https:\/\/chemsfine.com\/","logo":{"@type":"ImageObject","inLanguage":"fi","@id":"https:\/\/chemsfine.com\/#\/schema\/logo\/image\/","url":"https:\/\/chemsfine.com\/wp-content\/uploads\/2024\/09\/final-logo.png","contentUrl":"https:\/\/chemsfine.com\/wp-content\/uploads\/2024\/09\/final-logo.png","width":340,"height":72,"caption":"Chemsfine"},"image":{"@id":"https:\/\/chemsfine.com\/#\/schema\/logo\/image\/"}}]}},"_links":{"self":[{"href":"https:\/\/chemsfine.com\/fi\/wp-json\/wp\/v2\/product\/8119","targetHints":{"allow":["GET"]}}],"collection":[{"href":"https:\/\/chemsfine.com\/fi\/wp-json\/wp\/v2\/product"}],"about":[{"href":"https:\/\/chemsfine.com\/fi\/wp-json\/wp\/v2\/types\/product"}],"replies":[{"embeddable":true,"href":"https:\/\/chemsfine.com\/fi\/wp-json\/wp\/v2\/comments?post=8119"}],"wp:featuredmedia":[{"embeddable":true,"href":"https:\/\/chemsfine.com\/fi\/wp-json\/wp\/v2\/media\/8149"}],"wp:attachment":[{"href":"https:\/\/chemsfine.com\/fi\/wp-json\/wp\/v2\/media?parent=8119"}],"wp:term":[{"taxonomy":"product_brand","embeddable":true,"href":"https:\/\/chemsfine.com\/fi\/wp-json\/wp\/v2\/product_brand?post=8119"},{"taxonomy":"product_cat","embeddable":true,"href":"https:\/\/chemsfine.com\/fi\/wp-json\/wp\/v2\/product_cat?post=8119"},{"taxonomy":"product_tag","embeddable":true,"href":"https:\/\/chemsfine.com\/fi\/wp-json\/wp\/v2\/product_tag?post=8119"}],"curies":[{"name":"wp","href":"https:\/\/api.w.org\/{rel}","templated":true}]}}