{"id":8272,"date":"2026-02-12T18:22:45","date_gmt":"2026-02-12T18:22:45","guid":{"rendered":"https:\/\/chemsfine.com\/?post_type=product&#038;p=8272"},"modified":"2026-03-25T12:14:26","modified_gmt":"2026-03-25T12:14:26","slug":"buy-ed-db-crystals","status":"publish","type":"product","link":"https:\/\/chemsfine.com\/fi\/product\/buy-ed-db-crystals\/","title":{"rendered":"Osta ED-DB-kiteet verkossa - eritt\u00e4in puhdas Eutylone myyt\u00e4v\u00e4n\u00e4"},"content":{"rendered":"<p>Luotettavan tutkimuskemikaalil\u00e4hteen l\u00f6yt\u00e4minen voi olla usein haastavaa nykyp\u00e4iv\u00e4n markkinoilla. Me Chemsfinen kanssa teemme tutkijoiden kannalta yksinkertaiseksi, turvalliseksi ja tehokkaaksi seuraavat asiat <b>Osta ED-DB-kiteit\u00e4 myyt\u00e4v\u00e4n\u00e4<\/b>. Korkealuokkaisten tutkimuskemikaalien rekister\u00f6ityn\u00e4 ja lisensoituna toimittajana sitoudumme toimittamaan vain ensiluokkaisia tuotteita. Noudatamme tiukasti kansainv\u00e4lisi\u00e4 lakeja ja m\u00e4\u00e4r\u00e4yksi\u00e4 sujuvan hankintaprosessin varmistamiseksi. Teht\u00e4v\u00e4mme tukee tutkijoita, laboratorioita ja tutkimuslaitoksia tarjoamalla turvallisen p\u00e4\u00e4syn autenttisiin materiaaleihin laillista tutkimusta varten. Voit k\u00e4tev\u00e4sti <b>Tilaa ED-DB-kiteet verkossa<\/b> suojatulta alustaltamme, mik\u00e4 takaa, ett\u00e4 laboratoriosi saa korkeatasoisimmat reagenssit.<\/p>\n<h2>Mit\u00e4 ovat ED-DB (Eutylone) -kiteet?<\/h2>\n<p>ED-DB, joka tunnetaan yleisesti nimell\u00e4 Eutylone, on tutkimuskemikaali, jota k\u00e4ytet\u00e4\u00e4n erilaisissa analyyttisiss\u00e4 ja rikosteknisiss\u00e4 sovelluksissa. Tutkijoiden on t\u00e4rke\u00e4\u00e4 saada k\u00e4ytt\u00f6\u00f6ns\u00e4 <b>Huippulaadukkaat ED-DB-kiteet<\/b> varmistaakseen tietojensa oikeellisuuden ja tarkkuuden. Chemsfine tarjoaa kiteet, jotka on testattu tiukoilla testausprotokollilla. Ymm\u00e4rr\u00e4mme, ett\u00e4 valvotussa ymp\u00e4rist\u00f6ss\u00e4 puhtaus on ensiarvoisen t\u00e4rke\u00e4\u00e4.<\/p>\n<table style=\"width: 100%; border-collapse: collapse; margin-bottom: 20px;\" border=\"1\" cellspacing=\"0\" cellpadding=\"10\">\n<tbody>\n<tr>\n<td style=\"font-weight: bold;\">Tuotteen nimi<\/td>\n<td>ED-DB (Eutylone) -kiteet<\/td>\n<\/tr>\n<tr>\n<td style=\"font-weight: bold;\">Lomake<\/td>\n<td>Kiteinen kiinte\u00e4 aine<\/td>\n<\/tr>\n<tr>\n<td style=\"font-weight: bold;\">Puhtaus<\/td>\n<td>Eritt\u00e4in puhdas (laboratoriossa testattu)<\/td>\n<\/tr>\n<tr>\n<td style=\"font-weight: bold;\">K\u00e4ytt\u00f6<\/td>\n<td>Ainoastaan laboratoriotutkimus<\/td>\n<\/tr>\n<tr>\n<td style=\"font-weight: bold;\">Saatavuus<\/td>\n<td>Varastossa<\/td>\n<\/tr>\n<\/tbody>\n<\/table>\n<h2>Miksi ostaa ED-DB-kiteit\u00e4 verkossa Chemsfineiss\u00e4?<\/h2>\n<p>Noudatamme tiukasti viranomaisstandardeja, mik\u00e4 antaa sinulle mielenrauhaa, kun p\u00e4\u00e4t\u00e4t valita <a href=\"https:\/\/chemsfine.com\/fi\/tuote\/dr-who-shatter-premium-indica-hybrid-shatter-online\/\">ensiluokkaiset tutkimusmateriaalit<\/a> kansainv\u00e4lisesti. Sitoutumisemme s\u00e4\u00e4nt\u00f6jen noudattamiseen takaa, ett\u00e4 jokainen liiketoimi on laillinen ja avoin. Lis\u00e4ksi laadunvalvonta on meille ensisijainen prioriteetti. Kaikki ED-DB (Eutylone) -kiteet testataan laboratoriossa ja varmistetaan niiden puhtaus ennen kuin ne l\u00e4htev\u00e4t laitoksestamme. T\u00e4m\u00e4 omistautuminen varmistaa, ett\u00e4 saat <b>Parhaat saatavilla olevat ED-DB-kiteet<\/b> markkinoilla.<\/p>\n<p>Lis\u00e4ksi logistiikkaverkostomme hoitaa maailmanlaajuiset toimitukset tehokkaasti. Chemsfine takaa nopean ja huomaamattoman toimituksen, sijaitsitpa sitten Euroopassa, Pohjois-Amerikassa, Aasiassa tai muualla. K\u00e4yt\u00e4mme salattuja tapahtumia ja luottamuksellisia l\u00e4hetysmenetelmi\u00e4, mik\u00e4 tarkoittaa, ett\u00e4 tilauksesi pysyy turvallisena ja yksityisen\u00e4 koko prosessin ajan. Asiakaspalvelutiimimme tarjoaa ammattitaitoista apua tutkijoille kaikkialla maailmassa ja varmistaa saumattoman kokemuksen.<\/p>\n<h2>Sovellukset (vain tutkimusk\u00e4ytt\u00f6\u00f6n)<\/h2>\n<p>N\u00e4m\u00e4 kiteet on tarkoitettu yksinomaan tieteelliseen tutkimukseen. Yleisi\u00e4 k\u00e4ytt\u00f6kohteita ovat mm:<\/p>\n<ul>\n<li>Rikostekninen kemiallinen analyysi ja vertailustandardien testaus.<\/li>\n<li>Massaspektrometria ja ydinmagneettisen resonanssin spektroskopia.<\/li>\n<li>Reagenssitestaus valvotuissa laboratorioymp\u00e4rist\u00f6iss\u00e4.<\/li>\n<li>Toksikologinen tutkimus ja farmakologiset tutkimukset.<\/li>\n<li>Vertailu muihin <a href=\"https:\/\/chemsfine.com\/fi\/tuote\/concentrated-candy-land-bath-salts-500mg\/\">tiivistetyt kemialliset n\u00e4ytteet<\/a> rakenneanalyysia varten.<\/li>\n<\/ul>\n<h2>Turvallisuus ja vaatimustenmukaisuus<\/h2>\n<p>Chemsfine toimittaa ED-DB (Eutylone) -kiteit\u00e4 ainoastaan tutkimus- ja laboratoriok\u00e4ytt\u00f6\u00f6n. N\u00e4m\u00e4 tuotteet eiv\u00e4t ole ihmisravinnoksi. P\u00e4tevien ammattilaisten on k\u00e4sitelt\u00e4v\u00e4 niit\u00e4 valvotuissa ymp\u00e4rist\u00f6iss\u00e4 k\u00e4ytt\u00e4en asianmukaisia henkil\u00f6kohtaisia suojavarusteita (PPE). Toimitamme pyynn\u00f6st\u00e4 k\u00e4ytt\u00f6turvallisuustiedotteet (SDS), jotta laboratoriosi noudattaa kaikkia turvallisuusprotokollia.<\/p>\n<h2>Miksi valita meid\u00e4t?<\/h2>\n<p>Palvelemme asiakkaitamme maailmanlaajuisesti, ja maineemme perustuu luottamukseen, s\u00e4\u00e4nt\u00f6jen noudattamiseen ja huippuosaamiseen. Luotettavan maailmanlaajuisen kattavuuden takaavasta logistiikasta l\u00e4pin\u00e4kyviin todentamisprosesseihimme, ja tutkijat valitsevat meid\u00e4t jatkuvasti. Kun olet valmis <b>Tilaa ED-DB-kiteet verkossa<\/b>, Seuraa yksinkertaista opastustamme:<\/p>\n<ul>\n<li><b>Vieraile Chemsfinen sivuilla:<\/b> L\u00f6yd\u00e4 tuotesivu helposti.<\/li>\n<li><b>Valitse m\u00e4\u00e4r\u00e4:<\/b> Valitse tutkimustarpeisiisi sopiva m\u00e4\u00e4r\u00e4.<\/li>\n<li><b>Turvallinen kassa:<\/b> Jatka salatun maksuportaalimme kautta.<\/li>\n<li><b>Maailmanlaajuinen toimitus:<\/b> Anna tarkat tiedot nopeaa ja turvallista l\u00e4hetyst\u00e4 varten.<\/li>\n<\/ul>\n<p>Yhdist\u00e4mme ensiluokkaisen laadun, maailmanlaajuisen toimituksen ja lains\u00e4\u00e4d\u00e4nn\u00f6n noudattamisen, jotta tutkimuksesi olisi saumatonta. Vastaanota pakettisi huomaamattomasti sijainnistasi riippumatta.<\/p>\n<h2>P\u00e4\u00e4telm\u00e4<\/h2>\n<p>Jos haluat tilata ED-DB (Eutylone) -kiteit\u00e4 verkossa luotettavalta, vaatimustenmukaiselta ja ammattimaiselta toimittajalta, Chemsfine on paras valinta. Me takaamme <b>Turvallinen osto<\/b> ja aitoja tuotteita. K\u00e4y Chemsfine t\u00e4n\u00e4\u00e4n ja tee tilaus seuraavista tuotteista <b>ED-DB-kiteet myyt\u00e4v\u00e4n\u00e4<\/b> t\u00e4ydell\u00e4 luottamuksella.<\/p>","protected":false},"excerpt":{"rendered":"<p>Secure high-purity material for your analytical requirements. <b>ED-DB Crystals<\/b> are available for legitimate laboratory applications, offering verified quality for precise data collection. When you <b>ostaa Chemsfine<\/b>, you ensure access to lab-tested reagents handled with strict professional compliance. These crystals are designed exclusively for scientific research and forensic analysis in controlled environments.<\/p>","protected":false},"featured_media":8575,"comment_status":"open","ping_status":"closed","template":"","meta":{"_joinchat":[]},"product_brand":[],"product_cat":[938],"product_tag":[],"class_list":{"0":"post-8272","1":"product","2":"type-product","3":"status-publish","4":"has-post-thumbnail","6":"product_cat-cathinone","8":"first","9":"instock","10":"shipping-taxable","11":"purchasable","12":"product-type-variable"},"yoast_head":"<!-- This site is optimized with the Yoast SEO plugin v27.2 - https:\/\/yoast.com\/product\/yoast-seo-wordpress\/ -->\n<title>Buy ED-DB Crystals Online \u2013 High Purity Eutylone For Sale<\/title>\n<meta name=\"description\" content=\"Looking for high-quality research chemicals? Order ED-DB Crystals online at Chemsfine. We offer lab-tested Eutylone with secure global delivery. Buy now.\" \/>\n<meta name=\"robots\" content=\"index, follow, max-snippet:-1, max-image-preview:large, max-video-preview:-1\" \/>\n<link rel=\"canonical\" href=\"https:\/\/chemsfine.com\/fi\/tuote\/buy-ed-db-crystals\/\" \/>\n<meta property=\"og:locale\" content=\"fi_FI\" \/>\n<meta property=\"og:type\" content=\"article\" \/>\n<meta property=\"og:title\" content=\"Buy ED-DB Crystals Online \u2013 High Purity Eutylone For Sale\" \/>\n<meta property=\"og:description\" content=\"Looking for high-quality research chemicals? Order ED-DB Crystals online at Chemsfine. We offer lab-tested Eutylone with secure global delivery. Buy now.\" \/>\n<meta property=\"og:url\" content=\"https:\/\/chemsfine.com\/fi\/tuote\/buy-ed-db-crystals\/\" \/>\n<meta property=\"og:site_name\" content=\"Chemsfine\" \/>\n<meta property=\"article:modified_time\" content=\"2026-03-25T12:14:26+00:00\" \/>\n<meta property=\"og:image\" content=\"https:\/\/chemsfine.com\/wp-content\/uploads\/2026\/02\/eutylone-500x500-1.webp\" \/>\n\t<meta property=\"og:image:width\" content=\"500\" \/>\n\t<meta property=\"og:image:height\" content=\"375\" \/>\n\t<meta property=\"og:image:type\" content=\"image\/webp\" \/>\n<meta name=\"twitter:card\" content=\"summary_large_image\" \/>\n<meta name=\"twitter:label1\" content=\"Arvioitu lukuaika\" \/>\n\t<meta name=\"twitter:data1\" content=\"3 minuuttia\" \/>\n<script type=\"application\/ld+json\" class=\"yoast-schema-graph\">{\"@context\":\"https:\/\/schema.org\",\"@graph\":[{\"@type\":\"WebPage\",\"@id\":\"https:\/\/chemsfine.com\/product\/buy-ed-db-crystals\/\",\"url\":\"https:\/\/chemsfine.com\/product\/buy-ed-db-crystals\/\",\"name\":\"Buy ED-DB Crystals Online \u2013 High Purity Eutylone For Sale\",\"isPartOf\":{\"@id\":\"https:\/\/chemsfine.com\/#website\"},\"primaryImageOfPage\":{\"@id\":\"https:\/\/chemsfine.com\/product\/buy-ed-db-crystals\/#primaryimage\"},\"image\":{\"@id\":\"https:\/\/chemsfine.com\/product\/buy-ed-db-crystals\/#primaryimage\"},\"thumbnailUrl\":\"https:\/\/chemsfine.com\/wp-content\/uploads\/2026\/02\/eutylone-500x500-1.webp\",\"datePublished\":\"2026-02-12T18:22:45+00:00\",\"dateModified\":\"2026-03-25T12:14:26+00:00\",\"description\":\"Looking for high-quality research chemicals? Order ED-DB Crystals online at Chemsfine. We offer lab-tested Eutylone with secure global delivery. Buy now.\",\"breadcrumb\":{\"@id\":\"https:\/\/chemsfine.com\/product\/buy-ed-db-crystals\/#breadcrumb\"},\"inLanguage\":\"fi\",\"potentialAction\":[{\"@type\":\"ReadAction\",\"target\":[\"https:\/\/chemsfine.com\/product\/buy-ed-db-crystals\/\"]}]},{\"@type\":\"ImageObject\",\"inLanguage\":\"fi\",\"@id\":\"https:\/\/chemsfine.com\/product\/buy-ed-db-crystals\/#primaryimage\",\"url\":\"https:\/\/chemsfine.com\/wp-content\/uploads\/2026\/02\/eutylone-500x500-1.webp\",\"contentUrl\":\"https:\/\/chemsfine.com\/wp-content\/uploads\/2026\/02\/eutylone-500x500-1.webp\",\"width\":500,\"height\":375,\"caption\":\"Buy ED-DB Crystals Online \u2013 High Purity Eutylone For Sale\"},{\"@type\":\"BreadcrumbList\",\"@id\":\"https:\/\/chemsfine.com\/product\/buy-ed-db-crystals\/#breadcrumb\",\"itemListElement\":[{\"@type\":\"ListItem\",\"position\":1,\"name\":\"Home\",\"item\":\"https:\/\/chemsfine.com\/\"},{\"@type\":\"ListItem\",\"position\":2,\"name\":\"Shop\",\"item\":\"https:\/\/chemsfine.com\/shop\/\"},{\"@type\":\"ListItem\",\"position\":3,\"name\":\"Buy ED-DB Crystals Online \u2013 High Purity Eutylone For Sale\"}]},{\"@type\":\"WebSite\",\"@id\":\"https:\/\/chemsfine.com\/#website\",\"url\":\"https:\/\/chemsfine.com\/\",\"name\":\"Chemsfine\",\"description\":\"My WordPress Blog\",\"publisher\":{\"@id\":\"https:\/\/chemsfine.com\/#organization\"},\"potentialAction\":[{\"@type\":\"SearchAction\",\"target\":{\"@type\":\"EntryPoint\",\"urlTemplate\":\"https:\/\/chemsfine.com\/?s={search_term_string}\"},\"query-input\":{\"@type\":\"PropertyValueSpecification\",\"valueRequired\":true,\"valueName\":\"search_term_string\"}}],\"inLanguage\":\"fi\"},{\"@type\":\"Organization\",\"@id\":\"https:\/\/chemsfine.com\/#organization\",\"name\":\"Chemsfine\",\"url\":\"https:\/\/chemsfine.com\/\",\"logo\":{\"@type\":\"ImageObject\",\"inLanguage\":\"fi\",\"@id\":\"https:\/\/chemsfine.com\/#\/schema\/logo\/image\/\",\"url\":\"https:\/\/chemsfine.com\/wp-content\/uploads\/2024\/09\/final-logo.png\",\"contentUrl\":\"https:\/\/chemsfine.com\/wp-content\/uploads\/2024\/09\/final-logo.png\",\"width\":340,\"height\":72,\"caption\":\"Chemsfine\"},\"image\":{\"@id\":\"https:\/\/chemsfine.com\/#\/schema\/logo\/image\/\"}}]}<\/script>\n<!-- \/ Yoast SEO plugin. -->","yoast_head_json":{"title":"Osta ED-DB-kiteet verkossa - eritt\u00e4in puhdas Eutylone myyt\u00e4v\u00e4n\u00e4","description":"Etsitk\u00f6 korkealaatuisia tutkimuskemikaaleja? Tilaa ED-DB-kiteit\u00e4 verkossa Chemsfinen kautta. Tarjoamme laboratoriossa testattua Eutylonea turvallisella maailmanlaajuisella toimituksella. Osta nyt.","robots":{"index":"index","follow":"follow","max-snippet":"max-snippet:-1","max-image-preview":"max-image-preview:large","max-video-preview":"max-video-preview:-1"},"canonical":"https:\/\/chemsfine.com\/fi\/tuote\/buy-ed-db-crystals\/","og_locale":"fi_FI","og_type":"article","og_title":"Buy ED-DB Crystals Online \u2013 High Purity Eutylone For Sale","og_description":"Looking for high-quality research chemicals? Order ED-DB Crystals online at Chemsfine. We offer lab-tested Eutylone with secure global delivery. Buy now.","og_url":"https:\/\/chemsfine.com\/fi\/tuote\/buy-ed-db-crystals\/","og_site_name":"Chemsfine","article_modified_time":"2026-03-25T12:14:26+00:00","og_image":[{"width":500,"height":375,"url":"https:\/\/chemsfine.com\/wp-content\/uploads\/2026\/02\/eutylone-500x500-1.webp","type":"image\/webp"}],"twitter_card":"summary_large_image","twitter_misc":{"Arvioitu lukuaika":"3 minuuttia"},"schema":{"@context":"https:\/\/schema.org","@graph":[{"@type":"WebPage","@id":"https:\/\/chemsfine.com\/product\/buy-ed-db-crystals\/","url":"https:\/\/chemsfine.com\/product\/buy-ed-db-crystals\/","name":"Osta ED-DB-kiteet verkossa - eritt\u00e4in puhdas Eutylone myyt\u00e4v\u00e4n\u00e4","isPartOf":{"@id":"https:\/\/chemsfine.com\/#website"},"primaryImageOfPage":{"@id":"https:\/\/chemsfine.com\/product\/buy-ed-db-crystals\/#primaryimage"},"image":{"@id":"https:\/\/chemsfine.com\/product\/buy-ed-db-crystals\/#primaryimage"},"thumbnailUrl":"https:\/\/chemsfine.com\/wp-content\/uploads\/2026\/02\/eutylone-500x500-1.webp","datePublished":"2026-02-12T18:22:45+00:00","dateModified":"2026-03-25T12:14:26+00:00","description":"Etsitk\u00f6 korkealaatuisia tutkimuskemikaaleja? Tilaa ED-DB-kiteit\u00e4 verkossa Chemsfinen kautta. Tarjoamme laboratoriossa testattua Eutylonea turvallisella maailmanlaajuisella toimituksella. Osta nyt.","breadcrumb":{"@id":"https:\/\/chemsfine.com\/product\/buy-ed-db-crystals\/#breadcrumb"},"inLanguage":"fi","potentialAction":[{"@type":"ReadAction","target":["https:\/\/chemsfine.com\/product\/buy-ed-db-crystals\/"]}]},{"@type":"ImageObject","inLanguage":"fi","@id":"https:\/\/chemsfine.com\/product\/buy-ed-db-crystals\/#primaryimage","url":"https:\/\/chemsfine.com\/wp-content\/uploads\/2026\/02\/eutylone-500x500-1.webp","contentUrl":"https:\/\/chemsfine.com\/wp-content\/uploads\/2026\/02\/eutylone-500x500-1.webp","width":500,"height":375,"caption":"Buy ED-DB Crystals Online \u2013 High Purity Eutylone For Sale"},{"@type":"BreadcrumbList","@id":"https:\/\/chemsfine.com\/product\/buy-ed-db-crystals\/#breadcrumb","itemListElement":[{"@type":"ListItem","position":1,"name":"Home","item":"https:\/\/chemsfine.com\/"},{"@type":"ListItem","position":2,"name":"Shop","item":"https:\/\/chemsfine.com\/shop\/"},{"@type":"ListItem","position":3,"name":"Buy ED-DB Crystals Online \u2013 High Purity Eutylone For Sale"}]},{"@type":"WebSite","@id":"https:\/\/chemsfine.com\/#website","url":"https:\/\/chemsfine.com\/","name":"Chemsfine","description":"Minun WordPress blogi","publisher":{"@id":"https:\/\/chemsfine.com\/#organization"},"potentialAction":[{"@type":"SearchAction","target":{"@type":"EntryPoint","urlTemplate":"https:\/\/chemsfine.com\/?s={search_term_string}"},"query-input":{"@type":"PropertyValueSpecification","valueRequired":true,"valueName":"search_term_string"}}],"inLanguage":"fi"},{"@type":"Organization","@id":"https:\/\/chemsfine.com\/#organization","name":"Chemsfine","url":"https:\/\/chemsfine.com\/","logo":{"@type":"ImageObject","inLanguage":"fi","@id":"https:\/\/chemsfine.com\/#\/schema\/logo\/image\/","url":"https:\/\/chemsfine.com\/wp-content\/uploads\/2024\/09\/final-logo.png","contentUrl":"https:\/\/chemsfine.com\/wp-content\/uploads\/2024\/09\/final-logo.png","width":340,"height":72,"caption":"Chemsfine"},"image":{"@id":"https:\/\/chemsfine.com\/#\/schema\/logo\/image\/"}}]}},"_links":{"self":[{"href":"https:\/\/chemsfine.com\/fi\/wp-json\/wp\/v2\/product\/8272","targetHints":{"allow":["GET"]}}],"collection":[{"href":"https:\/\/chemsfine.com\/fi\/wp-json\/wp\/v2\/product"}],"about":[{"href":"https:\/\/chemsfine.com\/fi\/wp-json\/wp\/v2\/types\/product"}],"replies":[{"embeddable":true,"href":"https:\/\/chemsfine.com\/fi\/wp-json\/wp\/v2\/comments?post=8272"}],"wp:featuredmedia":[{"embeddable":true,"href":"https:\/\/chemsfine.com\/fi\/wp-json\/wp\/v2\/media\/8575"}],"wp:attachment":[{"href":"https:\/\/chemsfine.com\/fi\/wp-json\/wp\/v2\/media?parent=8272"}],"wp:term":[{"taxonomy":"product_brand","embeddable":true,"href":"https:\/\/chemsfine.com\/fi\/wp-json\/wp\/v2\/product_brand?post=8272"},{"taxonomy":"product_cat","embeddable":true,"href":"https:\/\/chemsfine.com\/fi\/wp-json\/wp\/v2\/product_cat?post=8272"},{"taxonomy":"product_tag","embeddable":true,"href":"https:\/\/chemsfine.com\/fi\/wp-json\/wp\/v2\/product_tag?post=8272"}],"curies":[{"name":"wp","href":"https:\/\/api.w.org\/{rel}","templated":true}]}}