{"id":8499,"date":"2026-02-13T20:09:43","date_gmt":"2026-02-13T20:09:43","guid":{"rendered":"https:\/\/chemsfine.com\/?post_type=product&#038;p=8499"},"modified":"2026-03-25T11:59:49","modified_gmt":"2026-03-25T11:59:49","slug":"alaskan-thunder-fuck-budder","status":"publish","type":"product","link":"https:\/\/chemsfine.com\/fi\/product\/alaskan-thunder-fuck-budder\/","title":{"rendered":"Osta Alaskan Thunder Fuck Budder - Premium kannabiskonsentraatti"},"content":{"rendered":"<p>Astu vertaansa vailla olevaan kannabiksen laadun maailmaan, kun sinulla on mahdollisuus saada <b>Osta Alaskan Thunder Fuck Budder myyt\u00e4v\u00e4n\u00e4<\/b> Chemsfine. Tunnettu voimakkaista vaikutuksistaan ja poikkeuksellisesta puhtaudestaan, t\u00e4m\u00e4 ensiluokkainen tiiviste tarjoaa kokemuksen, jollaista ei ole miss\u00e4\u00e4n muualla. Alaskan Thunder Fuck Budder on tarkoin valmistettu huipputuotetta etsiville tuntijoille ja harrastajille, jotta se tarjoaa ylev\u00e4n matkan. Tutustu t\u00e4m\u00e4n kuuluisan sativa-valtaisen kannan erityispiirteisiin, jotka ovat nyt saatavilla eritt\u00e4in tiivistetyss\u00e4 budder-muodossa, mik\u00e4 takaa maksimaalisen vaikutuksen ja maun.<\/p>\n<h2>Mik\u00e4 on Alaskan Thunder Fuck Budder?<\/h2>\n<p>Alaskan Thunder Fuck, joka tunnetaan usein hell\u00e4sti nimell\u00e4 ATF, on legendaarinen sativa-vetoinen hybridilajike, jonka juuret juontavat juurensa Alaskaan. Sit\u00e4 juhlitaan sen virkist\u00e4v\u00e4st\u00e4 aivokorkeudesta ja syv\u00e4llisist\u00e4 euforisista vaikutuksista, mik\u00e4 tekee siit\u00e4 inspiraatiota ja kohotusta etsivien suosikkilajikkeen. Lajikkeella on tyypillisesti monimutkainen aromiprofiili, jota kuvataan usein m\u00e4nnyn, sitruunan, mentolin ja skunkin kirpe\u00e4ksi sekoitukseksi, joka tarjoaa ainutlaatuisen raikkaan ja virkist\u00e4v\u00e4n kokemuksen.<\/p>\n<p>Meid\u00e4n <b>Huippulaatuinen Alaskan Thunder Fuck Budder<\/b> ottaa n\u00e4m\u00e4 arvostetut ominaisuudet ja tiivist\u00e4\u00e4 ne tehokkaaksi, voimaiseksi aineeksi. Budder on kannabiskonsentraatti, joka erottuu pehme\u00e4st\u00e4, notkeasta ja vahamaisesta koostumuksesta, joka saavutetaan erityisell\u00e4 vatkaamisprosessilla uuton aikana. Menetelm\u00e4 sitoo terpeenej\u00e4 ja kannabinoideja, ja tuloksena on tuote, joka ei ole ainoastaan uskomattoman voimakas - usein jopa 70-90%:n THC-pitoisuudella - vaan jossa on my\u00f6s huomattavan paljon alkuper\u00e4isen lajikkeen aromaattisia ja makuvivahteita. Se edustaa kannabiskonsentraattien k\u00e4sity\u00f6taidon huippua ja tarjoaa puhtaan, voimakkaan ja v\u00e4litt\u00f6m\u00e4n vaikutuksen.<\/p>\n<h2>Miksi ostaa Alaskan Thunder Fuck Budderia verkossa Chemsfinen kautta?<\/h2>\n<p>Kun p\u00e4\u00e4t\u00e4t ostaa kannabispitoisuutesi Chemsfinen kautta, valitset luotettavuuden, laadun ja poikkeuksellisen asiakaskokemuksen. Olemme sitoutuneet hankkimaan ja tarjoamaan vain markkinoiden parhaita kannabistuotteita. Alaskan Thunder Fuck Budderillemme tehd\u00e4\u00e4n tiukat laatutarkastukset sen puhtauden, tehon ja turvallisuuden varmistamiseksi, mik\u00e4 takaa, ett\u00e4 saat juuri sen, mit\u00e4 odotat: ensiluokkaisen, saastuttamattoman tuotteen. Kun etsit <b>Paras saatavilla oleva Alaskan Thunder Fuck Budder<\/b>, etsi huolella kuratoitua valikoimaamme.<\/p>\n<p>Lis\u00e4ksi Chemsfine-verkkokaupasta ostaminen tarjoaa vertaansa vailla olevaa mukavuutta ja harkintaa. Ymm\u00e4rr\u00e4mme saumattoman ostokokemuksen merkityksen aina laajan luettelon selaamisesta tilauksen vastaanottamiseen. Suojattu alustamme varmistaa, ett\u00e4 tietosi ovat suojattuja, ja omistautunut asiakastukitiimimme on aina valmis auttamaan kaikissa tiedusteluissa. Koe, kuinka helppoa on hankkia ylivoimaisia kannabiskonsentraatteja laadusta tai yksityisyydest\u00e4 tinkim\u00e4tt\u00e4.<\/p>\n<h2>Sovellukset (k\u00e4ytt\u00f6tarkoitukset)<\/h2>\n<p>Alaskan Thunder Fuck Budder on ensisijaisesti suunniteltu nautittavaksi tuputtamalla tai h\u00f6yryst\u00e4m\u00e4ll\u00e4, mik\u00e4 mahdollistaa sen sis\u00e4lt\u00e4mien kannabinoidien ja terpeenien nopean ja tehokkaan vapautumisen. N\u00e4m\u00e4 menetelm\u00e4t tarjoavat puhtaan ja voimakkaan kokemuksen, joka sopii k\u00e4ytt\u00e4jille, jotka arvostavat korkealaatuisten tiivisteiden v\u00e4lit\u00f6nt\u00e4 vaikutusta ja t\u00e4ytt\u00e4 makuprofiilia. ATF:n virkist\u00e4v\u00e4 luonne tekee sen budderista erityisen sopivan:<\/p>\n<ul>\n<li>Luovien ja taiteellisten pyrkimysten edist\u00e4minen.<\/li>\n<li>Edist\u00e4\u00e4 keskittymist\u00e4 ja henkist\u00e4 selkeytt\u00e4 p\u00e4iv\u00e4saikaan.<\/li>\n<li>Kohottaa mielialaa ja edist\u00e4\u00e4 euforian tunnetta.<\/li>\n<li>Tarjoaa voimakasta helpotusta niille, jotka etsiv\u00e4t voimakkaita vaikutuksia.<\/li>\n<li>Alaskan Thunder Fuck -kannan t\u00e4ysi, v\u00e4\u00e4rent\u00e4m\u00e4t\u00f6n maku.<\/li>\n<li>Seurustelua ja vilkkaita keskusteluja.<\/li>\n<\/ul>\n<p>Sen monipuolisuus mahdollistaa r\u00e4\u00e4t\u00e4l\u00f6idyn kokemuksen, riippuen haluamastasi menetelm\u00e4st\u00e4 ja halutusta intensiteetist\u00e4. Aloita aina pienell\u00e4 m\u00e4\u00e4r\u00e4ll\u00e4 yksil\u00f6llisen sietokyvyn arvioimiseksi, varsinkin kun kyseess\u00e4 on n\u00e4in voimakas tiiviste.<\/p>\n<h2>Turvallisuus ja vaatimustenmukaisuus<\/h2>\n<p>Kannabiskonsentraattien, erityisesti Alaskan Thunder Fuck Budderin kaltaisten korkeapotentiaalisten tuotteiden, vastuullinen k\u00e4ytt\u00f6 on ensiarvoisen t\u00e4rke\u00e4\u00e4. Kuluttajien tulisi aina asettaa turvallisuutensa etusijalle ja noudattaa paikallisia s\u00e4\u00e4nn\u00f6ksi\u00e4 kannabiksen ostamisesta, hallussapidosta ja kulutuksesta. Suosittelemme vahvasti, ett\u00e4 kaikki k\u00e4ytt\u00e4j\u00e4t ovat t\u00e4ysi-ik\u00e4isi\u00e4 ja ymm\u00e4rt\u00e4v\u00e4t t\u00e4llaisten voimakkaiden tuotteiden vaikutukset ennen k\u00e4ytt\u00f6\u00e4. On ratkaisevan t\u00e4rke\u00e4\u00e4 kuluttaa turvallisessa ja valvotussa ymp\u00e4rist\u00f6ss\u00e4. Vaikka erityiset k\u00e4ytt\u00f6turvallisuustiedotteet (SDS) ja analyysitodistukset (CoA) saattavat vaihdella tuotekohtaisesti, Chemsfine on sitoutunut soveltuvin osin avoimuuteen ja varmistaa, ett\u00e4 tuotteemme t\u00e4ytt\u00e4v\u00e4t korkeat standardit. S\u00e4ilyt\u00e4 tiivisteet aina turvallisesti, poissa lasten ja lemmikkiel\u00e4inten ulottuvilta, ja keskustele terveydenhuollon ammattilaisen kanssa, jos sinulla on ennakkotiloja tai huolenaiheita.<\/p>\n<h2>Miksi valita Chemsfine?<\/h2>\n<p>Chemsfinen sitoutuminen ei rajoitu pelk\u00e4st\u00e4\u00e4n tuotteiden myyntiin, vaan pyrimme rakentamaan luottamukseen ja tyytyv\u00e4isyyteen perustuvia kest\u00e4vi\u00e4 suhteita. Kun <b>Tilaa Alaskan Thunder Fuck Budder verkossa<\/b> meilt\u00e4, valitset kumppanin, joka on omistautunut huippuosaamiselle. Tarjoamme l\u00e4pin\u00e4kyvi\u00e4 tuotetietoja, jotka antavat sinulle kaikki tarvittavat tiedot tietoon perustuvan p\u00e4\u00e4t\u00f6ksen tekemist\u00e4 varten. Er\u00e4mme tarkistetaan huolellisesti tasaisen laadun ja tehon varmistamiseksi, mik\u00e4 vahvistaa lupaustamme toimittaa vain parasta.<\/p>\n<p>Olemme ylpeit\u00e4 siit\u00e4, ett\u00e4 tarjoamme kilpailukykyist\u00e4 hinnoittelua tinkim\u00e4tt\u00e4 koskaan tiivisteidemme eheydest\u00e4 tai laadusta. Virtaviivainen tilausprosessimme ja huomaamattomat toimitustapamme on suunniteltu mielenrauhasi vuoksi. Jos haluat vertaansa vailla olevan valikoiman ensiluokkaisia kannabiskonsentraatteja ja asiakaspalvelukokemuksen, joka on ylitse muiden, Chemsfine on lopullinen m\u00e4\u00e4r\u00e4np\u00e4\u00e4si. Varmistamme, ett\u00e4 jokainen vuorovaikutus selaamisesta toimitukseen on sujuvaa, turvallista ja tyydytt\u00e4v\u00e4\u00e4.<\/p>\n<h2>P\u00e4\u00e4telm\u00e4<\/h2>\n<p>Nauti Alaskan Thunder Fuck Budderin ylivoimaisesta laadusta ja innostavista vaikutuksista. T\u00e4m\u00e4 poikkeuksellinen tiiviste tarjoaa ATF-kannan rakastetut ominaisuudet eritt\u00e4in voimakkaassa ja nautinnollisessa muodossa. Etsitp\u00e4 sitten inspiraatiota, euforiaa tai syv\u00e4\u00e4 rentoutumista, ensiluokkainen budderimme on suunniteltu ylitt\u00e4m\u00e4\u00e4n odotukset. \u00c4l\u00e4 missaa tilaisuutta kokea t\u00e4t\u00e4 huipputuotetta. Tee \u00e4lyk\u00e4s valinta laadun ja mukavuuden puolesta; <b>Osta Alaskan Thunder Fuck Budder myyt\u00e4v\u00e4n\u00e4<\/b> t\u00e4n\u00e4\u00e4n Chemsfinen kautta ja nosta kannabiskokemuksesi uusiin korkeuksiin.<\/p>\n<h3>Tuotteen tekniset tiedot Taulukko<\/h3>\n<table border=\"1\">\n<thead>\n<tr>\n<th>Attribuutti<\/th>\n<th>Yksityiskohta<\/th>\n<\/tr>\n<\/thead>\n<tbody>\n<tr>\n<td>Tuotteen nimi<\/td>\n<td>Alaskan Thunder Fuck Budder<\/td>\n<\/tr>\n<tr>\n<td>Tiivisteen tyyppi<\/td>\n<td>Budder<\/td>\n<\/tr>\n<tr>\n<td>Kantaprofiili<\/td>\n<td>Sativa-dominantti hybridi (Alaskan Thunder Fuck)<\/td>\n<\/tr>\n<tr>\n<td>Tekstuuri<\/td>\n<td>Pehme\u00e4, kermainen, vahamainen<\/td>\n<\/tr>\n<tr>\n<td>Tehoalue (THC)<\/td>\n<td>70-90% (noin)<\/td>\n<\/tr>\n<tr>\n<td>Aromiprofiili<\/td>\n<td>M\u00e4nty, sitruuna, mentoli, haisun\u00e4\u00e4t\u00e4, diesel\u00f6ljy.<\/td>\n<\/tr>\n<tr>\n<td>Ensisijainen k\u00e4ytt\u00f6<\/td>\n<td>Dabbing, Vaping<\/td>\n<\/tr>\n<tr>\n<td>Ihanteellinen<\/td>\n<td>Kohottava, euforinen, luova vaikutus<\/td>\n<\/tr>\n<\/tbody>\n<\/table>","protected":false},"excerpt":{"rendered":"<p>Experience the potent euphoria of <b>ATF Budder<\/b>, a premium sativa-dominant cannabis concentrate available at Chemsfine. This top-shelf budder boasts a creamy, waxy texture and delivers the invigorating pine and lemon notes of the legendary Alaskan Thunder Fuck strain. Ideal for dabbing or vaping, it offers a high-THC experience, perfect for elevating mood and sparking creativity. Discover why discerning users choose to <b>buy ATF Budder<\/b> for an unparalleled cannabis journey.<\/p>","protected":false},"featured_media":8529,"comment_status":"open","ping_status":"closed","template":"","meta":{"_joinchat":[]},"product_brand":[],"product_cat":[945],"product_tag":[],"class_list":{"0":"post-8499","1":"product","2":"type-product","3":"status-publish","4":"has-post-thumbnail","6":"product_cat-marijuana-wax","8":"first","9":"instock","10":"shipping-taxable","11":"purchasable","12":"product-type-variable"},"yoast_head":"<!-- This site is optimized with the Yoast SEO plugin v27.2 - https:\/\/yoast.com\/product\/yoast-seo-wordpress\/ -->\n<title>Buy Alaskan Thunder Fuck Budder Online - Best Price at Chemsfine<\/title>\n<meta name=\"description\" content=\"Discover premium Alaskan Thunder Fuck Budder. Experience top-shelf quality and potent effects. Buy this sought-after cannabis concentrate online at Chemsfine for the best value.\" \/>\n<meta name=\"robots\" content=\"index, follow, max-snippet:-1, max-image-preview:large, max-video-preview:-1\" \/>\n<link rel=\"canonical\" href=\"https:\/\/chemsfine.com\/fi\/tuote\/alaskan-thunder-fuck-budder\/\" \/>\n<meta property=\"og:locale\" content=\"fi_FI\" \/>\n<meta property=\"og:type\" content=\"article\" \/>\n<meta property=\"og:title\" content=\"Buy Alaskan Thunder Fuck Budder Online - Best Price at Chemsfine\" \/>\n<meta property=\"og:description\" content=\"Discover premium Alaskan Thunder Fuck Budder. Experience top-shelf quality and potent effects. Buy this sought-after cannabis concentrate online at Chemsfine for the best value.\" \/>\n<meta property=\"og:url\" content=\"https:\/\/chemsfine.com\/fi\/tuote\/alaskan-thunder-fuck-budder\/\" \/>\n<meta property=\"og:site_name\" content=\"Chemsfine\" \/>\n<meta property=\"article:modified_time\" content=\"2026-03-25T11:59:49+00:00\" \/>\n<meta property=\"og:image\" content=\"https:\/\/chemsfine.com\/wp-content\/uploads\/2026\/02\/pic.11.webp\" \/>\n\t<meta property=\"og:image:width\" content=\"500\" \/>\n\t<meta property=\"og:image:height\" content=\"500\" \/>\n\t<meta property=\"og:image:type\" content=\"image\/webp\" \/>\n<meta name=\"twitter:card\" content=\"summary_large_image\" \/>\n<meta name=\"twitter:label1\" content=\"Arvioitu lukuaika\" \/>\n\t<meta name=\"twitter:data1\" content=\"5 minuuttia\" \/>\n<script type=\"application\/ld+json\" class=\"yoast-schema-graph\">{\"@context\":\"https:\/\/schema.org\",\"@graph\":[{\"@type\":\"WebPage\",\"@id\":\"https:\/\/chemsfine.com\/product\/alaskan-thunder-fuck-budder\/\",\"url\":\"https:\/\/chemsfine.com\/product\/alaskan-thunder-fuck-budder\/\",\"name\":\"Buy Alaskan Thunder Fuck Budder Online - Best Price at Chemsfine\",\"isPartOf\":{\"@id\":\"https:\/\/chemsfine.com\/#website\"},\"primaryImageOfPage\":{\"@id\":\"https:\/\/chemsfine.com\/product\/alaskan-thunder-fuck-budder\/#primaryimage\"},\"image\":{\"@id\":\"https:\/\/chemsfine.com\/product\/alaskan-thunder-fuck-budder\/#primaryimage\"},\"thumbnailUrl\":\"https:\/\/chemsfine.com\/wp-content\/uploads\/2026\/02\/pic.11.webp\",\"datePublished\":\"2026-02-13T20:09:43+00:00\",\"dateModified\":\"2026-03-25T11:59:49+00:00\",\"description\":\"Discover premium Alaskan Thunder Fuck Budder. Experience top-shelf quality and potent effects. Buy this sought-after cannabis concentrate online at Chemsfine for the best value.\",\"breadcrumb\":{\"@id\":\"https:\/\/chemsfine.com\/product\/alaskan-thunder-fuck-budder\/#breadcrumb\"},\"inLanguage\":\"fi\",\"potentialAction\":[{\"@type\":\"ReadAction\",\"target\":[\"https:\/\/chemsfine.com\/product\/alaskan-thunder-fuck-budder\/\"]}]},{\"@type\":\"ImageObject\",\"inLanguage\":\"fi\",\"@id\":\"https:\/\/chemsfine.com\/product\/alaskan-thunder-fuck-budder\/#primaryimage\",\"url\":\"https:\/\/chemsfine.com\/wp-content\/uploads\/2026\/02\/pic.11.webp\",\"contentUrl\":\"https:\/\/chemsfine.com\/wp-content\/uploads\/2026\/02\/pic.11.webp\",\"width\":500,\"height\":500},{\"@type\":\"BreadcrumbList\",\"@id\":\"https:\/\/chemsfine.com\/product\/alaskan-thunder-fuck-budder\/#breadcrumb\",\"itemListElement\":[{\"@type\":\"ListItem\",\"position\":1,\"name\":\"Home\",\"item\":\"https:\/\/chemsfine.com\/\"},{\"@type\":\"ListItem\",\"position\":2,\"name\":\"Shop\",\"item\":\"https:\/\/chemsfine.com\/shop\/\"},{\"@type\":\"ListItem\",\"position\":3,\"name\":\"Buy Alaskan Thunder Fuck Budder \u2013 Premium Cannabis Concentrate\"}]},{\"@type\":\"WebSite\",\"@id\":\"https:\/\/chemsfine.com\/#website\",\"url\":\"https:\/\/chemsfine.com\/\",\"name\":\"Chemsfine\",\"description\":\"My WordPress Blog\",\"publisher\":{\"@id\":\"https:\/\/chemsfine.com\/#organization\"},\"potentialAction\":[{\"@type\":\"SearchAction\",\"target\":{\"@type\":\"EntryPoint\",\"urlTemplate\":\"https:\/\/chemsfine.com\/?s={search_term_string}\"},\"query-input\":{\"@type\":\"PropertyValueSpecification\",\"valueRequired\":true,\"valueName\":\"search_term_string\"}}],\"inLanguage\":\"fi\"},{\"@type\":\"Organization\",\"@id\":\"https:\/\/chemsfine.com\/#organization\",\"name\":\"Chemsfine\",\"url\":\"https:\/\/chemsfine.com\/\",\"logo\":{\"@type\":\"ImageObject\",\"inLanguage\":\"fi\",\"@id\":\"https:\/\/chemsfine.com\/#\/schema\/logo\/image\/\",\"url\":\"https:\/\/chemsfine.com\/wp-content\/uploads\/2024\/09\/final-logo.png\",\"contentUrl\":\"https:\/\/chemsfine.com\/wp-content\/uploads\/2024\/09\/final-logo.png\",\"width\":340,\"height\":72,\"caption\":\"Chemsfine\"},\"image\":{\"@id\":\"https:\/\/chemsfine.com\/#\/schema\/logo\/image\/\"}}]}<\/script>\n<!-- \/ Yoast SEO plugin. -->","yoast_head_json":{"title":"Osta Alaskan Thunder Fuck Budder Online - Paras hinta Chemsfine:lla","description":"Tutustu premium Alaskan Thunder Fuck Budder. Koe huippulaatu ja voimakkaat vaikutukset. Osta t\u00e4m\u00e4 haluttu kannabiskonsentraatti netist\u00e4 Chemsfinen kautta parhaaseen hintaan.","robots":{"index":"index","follow":"follow","max-snippet":"max-snippet:-1","max-image-preview":"max-image-preview:large","max-video-preview":"max-video-preview:-1"},"canonical":"https:\/\/chemsfine.com\/fi\/tuote\/alaskan-thunder-fuck-budder\/","og_locale":"fi_FI","og_type":"article","og_title":"Buy Alaskan Thunder Fuck Budder Online - Best Price at Chemsfine","og_description":"Discover premium Alaskan Thunder Fuck Budder. Experience top-shelf quality and potent effects. Buy this sought-after cannabis concentrate online at Chemsfine for the best value.","og_url":"https:\/\/chemsfine.com\/fi\/tuote\/alaskan-thunder-fuck-budder\/","og_site_name":"Chemsfine","article_modified_time":"2026-03-25T11:59:49+00:00","og_image":[{"width":500,"height":500,"url":"https:\/\/chemsfine.com\/wp-content\/uploads\/2026\/02\/pic.11.webp","type":"image\/webp"}],"twitter_card":"summary_large_image","twitter_misc":{"Arvioitu lukuaika":"5 minuuttia"},"schema":{"@context":"https:\/\/schema.org","@graph":[{"@type":"WebPage","@id":"https:\/\/chemsfine.com\/product\/alaskan-thunder-fuck-budder\/","url":"https:\/\/chemsfine.com\/product\/alaskan-thunder-fuck-budder\/","name":"Osta Alaskan Thunder Fuck Budder Online - Paras hinta Chemsfine:lla","isPartOf":{"@id":"https:\/\/chemsfine.com\/#website"},"primaryImageOfPage":{"@id":"https:\/\/chemsfine.com\/product\/alaskan-thunder-fuck-budder\/#primaryimage"},"image":{"@id":"https:\/\/chemsfine.com\/product\/alaskan-thunder-fuck-budder\/#primaryimage"},"thumbnailUrl":"https:\/\/chemsfine.com\/wp-content\/uploads\/2026\/02\/pic.11.webp","datePublished":"2026-02-13T20:09:43+00:00","dateModified":"2026-03-25T11:59:49+00:00","description":"Tutustu premium Alaskan Thunder Fuck Budder. Koe huippulaatu ja voimakkaat vaikutukset. Osta t\u00e4m\u00e4 haluttu kannabiskonsentraatti netist\u00e4 Chemsfinen kautta parhaaseen hintaan.","breadcrumb":{"@id":"https:\/\/chemsfine.com\/product\/alaskan-thunder-fuck-budder\/#breadcrumb"},"inLanguage":"fi","potentialAction":[{"@type":"ReadAction","target":["https:\/\/chemsfine.com\/product\/alaskan-thunder-fuck-budder\/"]}]},{"@type":"ImageObject","inLanguage":"fi","@id":"https:\/\/chemsfine.com\/product\/alaskan-thunder-fuck-budder\/#primaryimage","url":"https:\/\/chemsfine.com\/wp-content\/uploads\/2026\/02\/pic.11.webp","contentUrl":"https:\/\/chemsfine.com\/wp-content\/uploads\/2026\/02\/pic.11.webp","width":500,"height":500},{"@type":"BreadcrumbList","@id":"https:\/\/chemsfine.com\/product\/alaskan-thunder-fuck-budder\/#breadcrumb","itemListElement":[{"@type":"ListItem","position":1,"name":"Home","item":"https:\/\/chemsfine.com\/"},{"@type":"ListItem","position":2,"name":"Shop","item":"https:\/\/chemsfine.com\/shop\/"},{"@type":"ListItem","position":3,"name":"Buy Alaskan Thunder Fuck Budder \u2013 Premium Cannabis Concentrate"}]},{"@type":"WebSite","@id":"https:\/\/chemsfine.com\/#website","url":"https:\/\/chemsfine.com\/","name":"Chemsfine","description":"Minun WordPress blogi","publisher":{"@id":"https:\/\/chemsfine.com\/#organization"},"potentialAction":[{"@type":"SearchAction","target":{"@type":"EntryPoint","urlTemplate":"https:\/\/chemsfine.com\/?s={search_term_string}"},"query-input":{"@type":"PropertyValueSpecification","valueRequired":true,"valueName":"search_term_string"}}],"inLanguage":"fi"},{"@type":"Organization","@id":"https:\/\/chemsfine.com\/#organization","name":"Chemsfine","url":"https:\/\/chemsfine.com\/","logo":{"@type":"ImageObject","inLanguage":"fi","@id":"https:\/\/chemsfine.com\/#\/schema\/logo\/image\/","url":"https:\/\/chemsfine.com\/wp-content\/uploads\/2024\/09\/final-logo.png","contentUrl":"https:\/\/chemsfine.com\/wp-content\/uploads\/2024\/09\/final-logo.png","width":340,"height":72,"caption":"Chemsfine"},"image":{"@id":"https:\/\/chemsfine.com\/#\/schema\/logo\/image\/"}}]}},"_links":{"self":[{"href":"https:\/\/chemsfine.com\/fi\/wp-json\/wp\/v2\/product\/8499","targetHints":{"allow":["GET"]}}],"collection":[{"href":"https:\/\/chemsfine.com\/fi\/wp-json\/wp\/v2\/product"}],"about":[{"href":"https:\/\/chemsfine.com\/fi\/wp-json\/wp\/v2\/types\/product"}],"replies":[{"embeddable":true,"href":"https:\/\/chemsfine.com\/fi\/wp-json\/wp\/v2\/comments?post=8499"}],"wp:featuredmedia":[{"embeddable":true,"href":"https:\/\/chemsfine.com\/fi\/wp-json\/wp\/v2\/media\/8529"}],"wp:attachment":[{"href":"https:\/\/chemsfine.com\/fi\/wp-json\/wp\/v2\/media?parent=8499"}],"wp:term":[{"taxonomy":"product_brand","embeddable":true,"href":"https:\/\/chemsfine.com\/fi\/wp-json\/wp\/v2\/product_brand?post=8499"},{"taxonomy":"product_cat","embeddable":true,"href":"https:\/\/chemsfine.com\/fi\/wp-json\/wp\/v2\/product_cat?post=8499"},{"taxonomy":"product_tag","embeddable":true,"href":"https:\/\/chemsfine.com\/fi\/wp-json\/wp\/v2\/product_tag?post=8499"}],"curies":[{"name":"wp","href":"https:\/\/api.w.org\/{rel}","templated":true}]}}