{"id":8503,"date":"2026-02-13T20:09:44","date_gmt":"2026-02-13T20:09:44","guid":{"rendered":"https:\/\/chemsfine.com\/?post_type=product&#038;p=8503"},"modified":"2026-03-25T11:57:53","modified_gmt":"2026-03-25T11:57:53","slug":"buy-peruvian-cocaine","status":"publish","type":"product","link":"https:\/\/chemsfine.com\/fi\/product\/buy-peruvian-cocaine\/","title":{"rendered":"Perulainen kokaiini 92% Pure - Osta verkossa t\u00e4n\u00e4\u00e4n"},"content":{"rendered":"<p>Osta <b>Perulainen kokaiini<\/b> 92% Pure myyt\u00e4v\u00e4n\u00e4 ja avaa poikkeuksellinen arvo. Chemsfinen kautta voit hankkia t\u00e4m\u00e4n ensiluokkaisen tuotteen h\u00e4mm\u00e4stytt\u00e4viin tukkuhintoihin, mik\u00e4 takaa kustannustehokkaan ratkaisun. Olemme omistautuneet olemaan paras l\u00e4hde ostaa puhdasta kokaiinia ja tarjoamme saumattoman ostokokemuksen verkossa. Tutustu huippuluokan tuotteemme vertaansa vailla olevaan laatuun, joka on tunnettu 92%-puhtaudestaan ja joka on helposti saatavilla v\u00e4litt\u00f6m\u00e4sti hankittavaksi.<\/p>\n<h2>Mit\u00e4 on perulainen kokaiini 92% Pure?<\/h2>\n<p>T\u00e4m\u00e4 tuote, kokaiini 92% Pure, on eritt\u00e4in haluttu tuote, joka tunnetaan vaikuttavasta 92%-puhtaudestaan. Kun haluat ostaa puhdasta perulaista kokaiinia, haluat johdonmukaisuutta ja korkeaa laatua. Valikoimamme edustaa saatavilla olevaa huippulaatua, joka on hankittu huolellisesti, jotta sen ylivoimaiset ominaisuudet s\u00e4ilyisiv\u00e4t. T\u00e4m\u00e4 huippuluokiteltu myyt\u00e4v\u00e4 aine t\u00e4ytt\u00e4\u00e4 jatkuvasti odotukset, mik\u00e4 vahvistaa sen luotettavuuden ja erinomaisuuden mainetta toimittajien keskuudessa.<\/p>\n<h2>Miksi ostaa perulaista kokaiinia 92% Pure Online Chemsfineilt\u00e4?<\/h2>\n<p>Valitsemalla ostaa kokaiini 92% Pure verkossa Chemsfine tarkoittaa, ett\u00e4 valitset palvelun, joka asettaa arvon etusijalle. Tarjoamme <b>Paras perulainen kokaiini 92% Pure saatavilla<\/b>, t\u00e4ydennettyn\u00e4 tukkukaupan ostajille tarjottavilla eduilla. Nauti ilmaisesta toimituksesta ja erityisalennuksista tukkutilauksista. T\u00e4m\u00e4 yhdistelm\u00e4 tekee meist\u00e4 ensiluokkaisen kohteen. Alustamme tarjoaa turvallisen ja tehokkaan tavan ostaa t\u00e4m\u00e4 puhdas tuote verkossa ja varmistaa turvallisen toimituksen. Luotettavina toimittajina teemme hankinnastasi suoraviivaista ja luotettavaa.<\/p>\n<h2>Perulaisen kokaiinin saatavuus ja tilaaminen<\/h2>\n<p>Niille, jotka ihmettelev\u00e4t <b>mist\u00e4 ostaa perulaista kokaiinia<\/b> 92% Pure, verkkokauppamme toimii kattavana keskuksena. Tarjoamme 92% Pure -tuotteen myyntiin, varmistaen, ett\u00e4 voit edelleen saada t\u00e4m\u00e4n tuotteen. Huolehdimme niist\u00e4, jotka tarvitsevat ostaa t\u00e4m\u00e4n aineen verkossa, yksinkertaistamalla prosessia valinnasta toimitukseen. Oppiminen miten tilata <b>Perulainen kokaiini<\/b> 92% Pure on helppoa intuitiivisella alustallamme, joka opastaa sinua joka vaiheessa. Luotettavina toimittajina takaamme tasaisen toimituksen.<\/p>\n<table>\n<thead>\n<tr>\n<th>Ominaisuus<\/th>\n<th>Advantage<\/th>\n<\/tr>\n<\/thead>\n<tbody>\n<tr>\n<td>Tuotteen puhtaus<\/td>\n<td>Taattu 92% puhdas.<\/td>\n<\/tr>\n<tr>\n<td>Tukkuhinnoittelu<\/td>\n<td>P\u00e4\u00e4set k\u00e4siksi h\u00e4mm\u00e4stytt\u00e4viin tukkuhintoihin.<\/td>\n<\/tr>\n<tr>\n<td>Toimitus &amp; alennukset<\/td>\n<td>Ilmainen toimitus tukku, erikoisalennukset.<\/td>\n<\/tr>\n<tr>\n<td>Kokemuksen tilaaminen<\/td>\n<td>Yksinkertainen, intuitiivinen online-tilausprosessi.<\/td>\n<\/tr>\n<tr>\n<td>Luottamus toimitukseen<\/td>\n<td>Sitoutuminen turvalliseen ja huomaamattomaan toimitukseen.<\/td>\n<\/tr>\n<\/tbody>\n<\/table>\n<h2>Laillisuuden ja turvallisen hankinnan ymm\u00e4rt\u00e4minen<\/h2>\n<p>Kun harkitset kokaiinin 92% Pure ostamista verkosta, paikallisten s\u00e4\u00e4nn\u00f6sten ymm\u00e4rt\u00e4minen on t\u00e4rke\u00e4\u00e4. Kysymys \u2018Onko t\u00e4m\u00e4 92% Pure -tuote laillinen?\u2019 riippuu laink\u00e4ytt\u00f6alueestasi; ostajien on oltava tietoisia paikallisista laeista. Keskitymme edelleen helpottamaan turvallista toimitusprosessia tilauksillesi. Varmistamme, ett\u00e4 kun ostat t\u00e4m\u00e4n eritt\u00e4in puhtaan tuotteen, liiketoimet ja toimitus hoidetaan \u00e4\u00e4rimm\u00e4isen hienovaraisesti. Mahdollistamme sinulle kokaiinin 92% Pure ostamisen painottaen vastuullista ostamista ja yksitt\u00e4isten alueellisten ohjeiden noudattamista.<\/p>\n<h2>Miksi valita meid\u00e4t luotettavaksi toimittajaksi?<\/h2>\n<p>Ensisijaisena m\u00e4\u00e4r\u00e4np\u00e4\u00e4n\u00e4 olemme luotettavia toimittajia kokaiinille 92% Pure. Voit <b>Tilaa perulaista kokaiinia<\/b> 92% Pure Verkkokaupasta luottavaisin mielin, kun k\u00e4yt\u00e4t huippuluokan tuotetta. Sitoumuksemme sis\u00e4lt\u00e4\u00e4 h\u00e4mm\u00e4stytt\u00e4v\u00e4t tukkuhinnat ja tehokkaan tilausprosessin. Varmistamme, ett\u00e4 voit silti saada t\u00e4m\u00e4n puhtaan aineen luotettavien palveluidemme kautta. Soita meille nyt ostaaksesi huippuluokiteltua puhdasta tuotetta myyntiin ja kokea palvelua, joka on suunniteltu luotettavuuteen ja tyytyv\u00e4isyyteen. Olemme paras kokaiinikauppa t\u00e4m\u00e4n eritt\u00e4in puhtaan tuotteen ostamiseen keskittyen turvalliseen toimitusketjuun.<\/p>\n<h2>Johtop\u00e4\u00e4t\u00f6kset: Turvaa perulainen kokaiinisi t\u00e4n\u00e4\u00e4n<\/h2>\n<p>Lopuksi, jos haluat <b>Osta perulaista kokaiinia<\/b> 92% Pure for Sale, alustamme tarjoaa kattavan ratkaisun. H\u00e4mm\u00e4stytt\u00e4vill\u00e4 tukkuhinnoilla, ilmaisella toimituksella tukkutilauksissa ja painottamalla turvallista toimitusta, olemme johtava valinta. Voit silti saada t\u00e4m\u00e4n puhtaan tuotteen tehokkaan online-j\u00e4rjestelm\u00e4mme kautta. Tutustu tarjontaamme ja koe k\u00e4tev\u00e4sti ostamalla huippuluokan, 92% puhdasta kokaiinia verkossa. Ota meihin yhteytt\u00e4 jo t\u00e4n\u00e4\u00e4n varmistaaksesi tilauksesi.<\/p>","protected":false},"excerpt":{"rendered":"<p>Tutustu myynniss\u00e4 olevaan eritt\u00e4in puhtaaseen kokaiiniin 92% Pure. Niille, jotka etsiv\u00e4t <b>ostaa perulaista kokaiinia<\/b>, alustamme tarjoaa luotettavan l\u00e4hteen. Hanki huippuluokan kokaiini 92% Pure helposti, kun ostat Chemsfinen kautta, varmistaen, ett\u00e4 saat poikkeuksellisen laadukkaan ja johdonmukaisen tuotteen.<\/p>","protected":false},"featured_media":8596,"comment_status":"open","ping_status":"closed","template":"","meta":{"_joinchat":[]},"product_brand":[],"product_cat":[939],"product_tag":[],"class_list":{"0":"post-8503","1":"product","2":"type-product","3":"status-publish","4":"has-post-thumbnail","6":"product_cat-cocaine","8":"first","9":"instock","10":"shipping-taxable","11":"purchasable","12":"product-type-variable"},"yoast_head":"<!-- This site is optimized with the Yoast SEO plugin v27.2 - https:\/\/yoast.com\/product\/yoast-seo-wordpress\/ -->\n<title>Buy Peruvian Cocaine 92% Pure Online - Best Price Available<\/title>\n<meta name=\"description\" content=\"Discover where to buy Peruvian Cocaine 92% Pure online. Get amazing wholesale prices, free shipping, and special discounts. Order top-rated pure Peruvian cocaine now for safe delivery.\" \/>\n<meta name=\"robots\" content=\"index, follow, max-snippet:-1, max-image-preview:large, max-video-preview:-1\" \/>\n<link rel=\"canonical\" href=\"https:\/\/chemsfine.com\/fi\/tuote\/buy-peruvian-cocaine\/\" \/>\n<meta property=\"og:locale\" content=\"fi_FI\" \/>\n<meta property=\"og:type\" content=\"article\" \/>\n<meta property=\"og:title\" content=\"Buy Peruvian Cocaine 92% Pure Online - Best Price Available\" \/>\n<meta property=\"og:description\" content=\"Discover where to buy Peruvian Cocaine 92% Pure online. Get amazing wholesale prices, free shipping, and special discounts. Order top-rated pure Peruvian cocaine now for safe delivery.\" \/>\n<meta property=\"og:url\" content=\"https:\/\/chemsfine.com\/fi\/tuote\/buy-peruvian-cocaine\/\" \/>\n<meta property=\"og:site_name\" content=\"Chemsfine\" \/>\n<meta property=\"article:modified_time\" content=\"2026-03-25T11:57:53+00:00\" \/>\n<meta property=\"og:image\" content=\"https:\/\/chemsfine.com\/wp-content\/uploads\/2026\/02\/cocaine.webp\" \/>\n\t<meta property=\"og:image:width\" content=\"1000\" \/>\n\t<meta property=\"og:image:height\" content=\"667\" \/>\n\t<meta property=\"og:image:type\" content=\"image\/webp\" \/>\n<meta name=\"twitter:card\" content=\"summary_large_image\" \/>\n<meta name=\"twitter:label1\" content=\"Arvioitu lukuaika\" \/>\n\t<meta name=\"twitter:data1\" content=\"3 minuuttia\" \/>\n<script type=\"application\/ld+json\" class=\"yoast-schema-graph\">{\"@context\":\"https:\/\/schema.org\",\"@graph\":[{\"@type\":\"WebPage\",\"@id\":\"https:\/\/chemsfine.com\/product\/buy-peruvian-cocaine\/\",\"url\":\"https:\/\/chemsfine.com\/product\/buy-peruvian-cocaine\/\",\"name\":\"Buy Peruvian Cocaine 92% Pure Online - Best Price Available\",\"isPartOf\":{\"@id\":\"https:\/\/chemsfine.com\/#website\"},\"primaryImageOfPage\":{\"@id\":\"https:\/\/chemsfine.com\/product\/buy-peruvian-cocaine\/#primaryimage\"},\"image\":{\"@id\":\"https:\/\/chemsfine.com\/product\/buy-peruvian-cocaine\/#primaryimage\"},\"thumbnailUrl\":\"https:\/\/chemsfine.com\/wp-content\/uploads\/2026\/02\/cocaine.webp\",\"datePublished\":\"2026-02-13T20:09:44+00:00\",\"dateModified\":\"2026-03-25T11:57:53+00:00\",\"description\":\"Discover where to buy Peruvian Cocaine 92% Pure online. Get amazing wholesale prices, free shipping, and special discounts. Order top-rated pure Peruvian cocaine now for safe delivery.\",\"breadcrumb\":{\"@id\":\"https:\/\/chemsfine.com\/product\/buy-peruvian-cocaine\/#breadcrumb\"},\"inLanguage\":\"fi\",\"potentialAction\":[{\"@type\":\"ReadAction\",\"target\":[\"https:\/\/chemsfine.com\/product\/buy-peruvian-cocaine\/\"]}]},{\"@type\":\"ImageObject\",\"inLanguage\":\"fi\",\"@id\":\"https:\/\/chemsfine.com\/product\/buy-peruvian-cocaine\/#primaryimage\",\"url\":\"https:\/\/chemsfine.com\/wp-content\/uploads\/2026\/02\/cocaine.webp\",\"contentUrl\":\"https:\/\/chemsfine.com\/wp-content\/uploads\/2026\/02\/cocaine.webp\",\"width\":1000,\"height\":667},{\"@type\":\"BreadcrumbList\",\"@id\":\"https:\/\/chemsfine.com\/product\/buy-peruvian-cocaine\/#breadcrumb\",\"itemListElement\":[{\"@type\":\"ListItem\",\"position\":1,\"name\":\"Home\",\"item\":\"https:\/\/chemsfine.com\/\"},{\"@type\":\"ListItem\",\"position\":2,\"name\":\"Shop\",\"item\":\"https:\/\/chemsfine.com\/shop\/\"},{\"@type\":\"ListItem\",\"position\":3,\"name\":\"Peruvian Cocaine 92% Pure &#8211; Buy Online Today\"}]},{\"@type\":\"WebSite\",\"@id\":\"https:\/\/chemsfine.com\/#website\",\"url\":\"https:\/\/chemsfine.com\/\",\"name\":\"Chemsfine\",\"description\":\"My WordPress Blog\",\"publisher\":{\"@id\":\"https:\/\/chemsfine.com\/#organization\"},\"potentialAction\":[{\"@type\":\"SearchAction\",\"target\":{\"@type\":\"EntryPoint\",\"urlTemplate\":\"https:\/\/chemsfine.com\/?s={search_term_string}\"},\"query-input\":{\"@type\":\"PropertyValueSpecification\",\"valueRequired\":true,\"valueName\":\"search_term_string\"}}],\"inLanguage\":\"fi\"},{\"@type\":\"Organization\",\"@id\":\"https:\/\/chemsfine.com\/#organization\",\"name\":\"Chemsfine\",\"url\":\"https:\/\/chemsfine.com\/\",\"logo\":{\"@type\":\"ImageObject\",\"inLanguage\":\"fi\",\"@id\":\"https:\/\/chemsfine.com\/#\/schema\/logo\/image\/\",\"url\":\"https:\/\/chemsfine.com\/wp-content\/uploads\/2024\/09\/final-logo.png\",\"contentUrl\":\"https:\/\/chemsfine.com\/wp-content\/uploads\/2024\/09\/final-logo.png\",\"width\":340,\"height\":72,\"caption\":\"Chemsfine\"},\"image\":{\"@id\":\"https:\/\/chemsfine.com\/#\/schema\/logo\/image\/\"}}]}<\/script>\n<!-- \/ Yoast SEO plugin. -->","yoast_head_json":{"title":"Osta perulainen kokaiini 92% Pure Online - Paras saatavilla oleva hinta","description":"Tutustu, mist\u00e4 ostaa Peruvian Cocaine 92% Pure verkossa. Saat h\u00e4mm\u00e4stytt\u00e4v\u00e4t tukkuhinnat, ilmaisen toimituksen ja erikoisalennukset. Tilaa huippuluokiteltu puhdas perulainen kokaiini nyt turvalliseen toimitukseen.","robots":{"index":"index","follow":"follow","max-snippet":"max-snippet:-1","max-image-preview":"max-image-preview:large","max-video-preview":"max-video-preview:-1"},"canonical":"https:\/\/chemsfine.com\/fi\/tuote\/buy-peruvian-cocaine\/","og_locale":"fi_FI","og_type":"article","og_title":"Buy Peruvian Cocaine 92% Pure Online - Best Price Available","og_description":"Discover where to buy Peruvian Cocaine 92% Pure online. Get amazing wholesale prices, free shipping, and special discounts. Order top-rated pure Peruvian cocaine now for safe delivery.","og_url":"https:\/\/chemsfine.com\/fi\/tuote\/buy-peruvian-cocaine\/","og_site_name":"Chemsfine","article_modified_time":"2026-03-25T11:57:53+00:00","og_image":[{"width":1000,"height":667,"url":"https:\/\/chemsfine.com\/wp-content\/uploads\/2026\/02\/cocaine.webp","type":"image\/webp"}],"twitter_card":"summary_large_image","twitter_misc":{"Arvioitu lukuaika":"3 minuuttia"},"schema":{"@context":"https:\/\/schema.org","@graph":[{"@type":"WebPage","@id":"https:\/\/chemsfine.com\/product\/buy-peruvian-cocaine\/","url":"https:\/\/chemsfine.com\/product\/buy-peruvian-cocaine\/","name":"Osta perulainen kokaiini 92% Pure Online - Paras saatavilla oleva hinta","isPartOf":{"@id":"https:\/\/chemsfine.com\/#website"},"primaryImageOfPage":{"@id":"https:\/\/chemsfine.com\/product\/buy-peruvian-cocaine\/#primaryimage"},"image":{"@id":"https:\/\/chemsfine.com\/product\/buy-peruvian-cocaine\/#primaryimage"},"thumbnailUrl":"https:\/\/chemsfine.com\/wp-content\/uploads\/2026\/02\/cocaine.webp","datePublished":"2026-02-13T20:09:44+00:00","dateModified":"2026-03-25T11:57:53+00:00","description":"Tutustu, mist\u00e4 ostaa Peruvian Cocaine 92% Pure verkossa. Saat h\u00e4mm\u00e4stytt\u00e4v\u00e4t tukkuhinnat, ilmaisen toimituksen ja erikoisalennukset. Tilaa huippuluokiteltu puhdas perulainen kokaiini nyt turvalliseen toimitukseen.","breadcrumb":{"@id":"https:\/\/chemsfine.com\/product\/buy-peruvian-cocaine\/#breadcrumb"},"inLanguage":"fi","potentialAction":[{"@type":"ReadAction","target":["https:\/\/chemsfine.com\/product\/buy-peruvian-cocaine\/"]}]},{"@type":"ImageObject","inLanguage":"fi","@id":"https:\/\/chemsfine.com\/product\/buy-peruvian-cocaine\/#primaryimage","url":"https:\/\/chemsfine.com\/wp-content\/uploads\/2026\/02\/cocaine.webp","contentUrl":"https:\/\/chemsfine.com\/wp-content\/uploads\/2026\/02\/cocaine.webp","width":1000,"height":667},{"@type":"BreadcrumbList","@id":"https:\/\/chemsfine.com\/product\/buy-peruvian-cocaine\/#breadcrumb","itemListElement":[{"@type":"ListItem","position":1,"name":"Home","item":"https:\/\/chemsfine.com\/"},{"@type":"ListItem","position":2,"name":"Shop","item":"https:\/\/chemsfine.com\/shop\/"},{"@type":"ListItem","position":3,"name":"Peruvian Cocaine 92% Pure &#8211; Buy Online Today"}]},{"@type":"WebSite","@id":"https:\/\/chemsfine.com\/#website","url":"https:\/\/chemsfine.com\/","name":"Chemsfine","description":"Minun WordPress blogi","publisher":{"@id":"https:\/\/chemsfine.com\/#organization"},"potentialAction":[{"@type":"SearchAction","target":{"@type":"EntryPoint","urlTemplate":"https:\/\/chemsfine.com\/?s={search_term_string}"},"query-input":{"@type":"PropertyValueSpecification","valueRequired":true,"valueName":"search_term_string"}}],"inLanguage":"fi"},{"@type":"Organization","@id":"https:\/\/chemsfine.com\/#organization","name":"Chemsfine","url":"https:\/\/chemsfine.com\/","logo":{"@type":"ImageObject","inLanguage":"fi","@id":"https:\/\/chemsfine.com\/#\/schema\/logo\/image\/","url":"https:\/\/chemsfine.com\/wp-content\/uploads\/2024\/09\/final-logo.png","contentUrl":"https:\/\/chemsfine.com\/wp-content\/uploads\/2024\/09\/final-logo.png","width":340,"height":72,"caption":"Chemsfine"},"image":{"@id":"https:\/\/chemsfine.com\/#\/schema\/logo\/image\/"}}]}},"_links":{"self":[{"href":"https:\/\/chemsfine.com\/fi\/wp-json\/wp\/v2\/product\/8503","targetHints":{"allow":["GET"]}}],"collection":[{"href":"https:\/\/chemsfine.com\/fi\/wp-json\/wp\/v2\/product"}],"about":[{"href":"https:\/\/chemsfine.com\/fi\/wp-json\/wp\/v2\/types\/product"}],"replies":[{"embeddable":true,"href":"https:\/\/chemsfine.com\/fi\/wp-json\/wp\/v2\/comments?post=8503"}],"wp:featuredmedia":[{"embeddable":true,"href":"https:\/\/chemsfine.com\/fi\/wp-json\/wp\/v2\/media\/8596"}],"wp:attachment":[{"href":"https:\/\/chemsfine.com\/fi\/wp-json\/wp\/v2\/media?parent=8503"}],"wp:term":[{"taxonomy":"product_brand","embeddable":true,"href":"https:\/\/chemsfine.com\/fi\/wp-json\/wp\/v2\/product_brand?post=8503"},{"taxonomy":"product_cat","embeddable":true,"href":"https:\/\/chemsfine.com\/fi\/wp-json\/wp\/v2\/product_cat?post=8503"},{"taxonomy":"product_tag","embeddable":true,"href":"https:\/\/chemsfine.com\/fi\/wp-json\/wp\/v2\/product_tag?post=8503"}],"curies":[{"name":"wp","href":"https:\/\/api.w.org\/{rel}","templated":true}]}}