{"id":1297,"date":"2024-10-06T19:29:19","date_gmt":"2024-10-06T19:29:19","guid":{"rendered":"https:\/\/chemsfine.com\/?page_id=1297"},"modified":"2024-10-06T19:30:35","modified_gmt":"2024-10-06T19:30:35","slug":"comment-acheter-des-medicaments-en-ligne","status":"publish","type":"page","link":"https:\/\/chemsfine.com\/fr\/how-to-buy-drugs-online\/","title":{"rendered":"Comment acheter des m\u00e9dicaments en ligne"},"content":{"rendered":"<div class=\"col-md-8\">\n<article id=\"entry-30\" class=\"entry post-30 page type-page status-publish hentry\">\n<div class=\"entry-content group\">\n<p>Comment acheter des drogues en ligne - Coca\u00efne, LSD, Weed, XTC, MDMA, H\u00e9ro\u00efne, Crystal Meth de dutchanonstore est un tutoriel simple o\u00f9 vous pouvez apprendre comment acheter toutes les drogues imaginables en ligne. Ce tutoriel devrait couvrir tout ce dont vous avez besoin pour commencer tout en \u00e9tant court et simple<a href=\"https:\/\/chemsfine.com\/fr\/\">.<\/a><\/p>\n<\/div>\n<\/article>\n<\/div>\n<h2>VPN<\/h2>\n<p>Avant de commencer \u00e0 acheter des m\u00e9dicaments en ligne, vous devez t\u00e9l\u00e9charger un logiciel VPN.<\/p>\n<p>Le VPN (Virtual Private Network) est utilis\u00e9 pour usurper votre localisation et crypter votre trafic internet sur tous les appareils. Il peut \u00eatre t\u00e9l\u00e9charg\u00e9 sur votre t\u00e9l\u00e9phone portable ou sur un ordinateur de bureau\/portable. La plupart des VPN sont simples \u00e0 installer et \u00e0 utiliser. Il suffit de suivre les instructions fournies par le fournisseur de VPN de votre choix.<\/p>\n<h2>Tor<\/h2>\n<p>La prochaine chose que vous devriez toujours utiliser (elle peut \u00e9galement \u00eatre utilis\u00e9e pour les sites web ordinaires) est le logiciel Tor Browser (The Onion Router). Tor est un logiciel qui vous permet de naviguer sur l'internet de mani\u00e8re anonyme en acheminant votre connexion \u00e0 travers un r\u00e9seau de serveurs Tor avant de vous amener \u00e0 votre destination (site web).<\/p>\n<h2>Comment acheter des drogues en ligne - Coca\u00efne, LSD, Weed, XTC, MDMA, H\u00e9ro\u00efne et Crystal Meth de dutchanonstore<\/h2>\n<p>Une fois que cela est fait, vous \u00eates pr\u00eat \u00e0 commencer \u00e0 acheter avec nous. Si vous lisez ceci, c'est que vous \u00eates d\u00e9j\u00e0 sur la page de notre boutique, choisissez le produit que vous voulez et lisez notre page d'accueil.<a href=\"https:\/\/chemsman.com\/\"> Page de commande<\/a>.<\/p>\n<p>Pour acheter chez nous, vous devez utiliser des bitcoins pour les paiements. Un guide complet et d\u00e9taill\u00e9 sur la fa\u00e7on d'acheter des bitcoins de mani\u00e8re anonyme et sans pi\u00e8ce d'identit\u00e9 est disponible. <a href=\"https:\/\/rckopen.com\/\">ici<\/a><\/p>","protected":false},"excerpt":{"rendered":"<p>How to Buy Drugs Online \u2013 Cocaine, LSD, Weed, XTC, MDMA, Heroin, Crystal Meth from&hellip;<\/p>","protected":false},"author":1,"featured_media":0,"parent":0,"menu_order":0,"comment_status":"closed","ping_status":"closed","template":"","meta":{"_joinchat":[],"footnotes":""},"class_list":["post-1297","page","type-page","status-publish","hentry"],"yoast_head":"<!-- This site is optimized with the Yoast SEO plugin v27.2 - https:\/\/yoast.com\/product\/yoast-seo-wordpress\/ -->\n<title>Drugs - Chemsfine<\/title>\n<meta name=\"description\" content=\"Drugs, Providing accurate, impartial information on more than 24000 prescription drugs and OTC medications.\" \/>\n<meta name=\"robots\" content=\"index, follow, max-snippet:-1, max-image-preview:large, max-video-preview:-1\" \/>\n<link rel=\"canonical\" href=\"https:\/\/chemsfine.com\/fr\/comment-acheter-des-medicaments-en-ligne\/\" \/>\n<meta property=\"og:locale\" content=\"fr_FR\" \/>\n<meta property=\"og:type\" content=\"article\" \/>\n<meta property=\"og:title\" content=\"Drugs - Chemsfine\" \/>\n<meta property=\"og:description\" content=\"Drugs, Providing accurate, impartial information on more than 24000 prescription drugs and OTC medications.\" \/>\n<meta property=\"og:url\" content=\"https:\/\/chemsfine.com\/fr\/comment-acheter-des-medicaments-en-ligne\/\" \/>\n<meta property=\"og:site_name\" content=\"Chemsfine\" \/>\n<meta property=\"article:modified_time\" content=\"2024-10-06T19:30:35+00:00\" \/>\n<meta name=\"twitter:card\" content=\"summary_large_image\" \/>\n<meta name=\"twitter:label1\" content=\"Dur\u00e9e de lecture estim\u00e9e\" \/>\n\t<meta name=\"twitter:data1\" content=\"2 minutes\" \/>\n<script type=\"application\/ld+json\" class=\"yoast-schema-graph\">{\"@context\":\"https:\/\/schema.org\",\"@graph\":[{\"@type\":\"WebPage\",\"@id\":\"https:\/\/chemsfine.com\/how-to-buy-drugs-online\/\",\"url\":\"https:\/\/chemsfine.com\/how-to-buy-drugs-online\/\",\"name\":\"Drugs - Chemsfine\",\"isPartOf\":{\"@id\":\"https:\/\/chemsfine.com\/#website\"},\"datePublished\":\"2024-10-06T19:29:19+00:00\",\"dateModified\":\"2024-10-06T19:30:35+00:00\",\"description\":\"Drugs, Providing accurate, impartial information on more than 24000 prescription drugs and OTC medications.\",\"breadcrumb\":{\"@id\":\"https:\/\/chemsfine.com\/how-to-buy-drugs-online\/#breadcrumb\"},\"inLanguage\":\"fr-FR\",\"potentialAction\":[{\"@type\":\"ReadAction\",\"target\":[\"https:\/\/chemsfine.com\/how-to-buy-drugs-online\/\"]}]},{\"@type\":\"BreadcrumbList\",\"@id\":\"https:\/\/chemsfine.com\/how-to-buy-drugs-online\/#breadcrumb\",\"itemListElement\":[{\"@type\":\"ListItem\",\"position\":1,\"name\":\"Home\",\"item\":\"https:\/\/chemsfine.com\/\"},{\"@type\":\"ListItem\",\"position\":2,\"name\":\"How to Buy Drugs Online\"}]},{\"@type\":\"WebSite\",\"@id\":\"https:\/\/chemsfine.com\/#website\",\"url\":\"https:\/\/chemsfine.com\/\",\"name\":\"Chemsfine\",\"description\":\"My WordPress Blog\",\"publisher\":{\"@id\":\"https:\/\/chemsfine.com\/#organization\"},\"potentialAction\":[{\"@type\":\"SearchAction\",\"target\":{\"@type\":\"EntryPoint\",\"urlTemplate\":\"https:\/\/chemsfine.com\/?s={search_term_string}\"},\"query-input\":{\"@type\":\"PropertyValueSpecification\",\"valueRequired\":true,\"valueName\":\"search_term_string\"}}],\"inLanguage\":\"fr-FR\"},{\"@type\":\"Organization\",\"@id\":\"https:\/\/chemsfine.com\/#organization\",\"name\":\"Chemsfine\",\"url\":\"https:\/\/chemsfine.com\/\",\"logo\":{\"@type\":\"ImageObject\",\"inLanguage\":\"fr-FR\",\"@id\":\"https:\/\/chemsfine.com\/#\/schema\/logo\/image\/\",\"url\":\"https:\/\/chemsfine.com\/wp-content\/uploads\/2024\/09\/final-logo.png\",\"contentUrl\":\"https:\/\/chemsfine.com\/wp-content\/uploads\/2024\/09\/final-logo.png\",\"width\":340,\"height\":72,\"caption\":\"Chemsfine\"},\"image\":{\"@id\":\"https:\/\/chemsfine.com\/#\/schema\/logo\/image\/\"}}]}<\/script>\n<!-- \/ Yoast SEO plugin. -->","yoast_head_json":{"title":"M\u00e9dicaments - Chemsfine","description":"M\u00e9dicaments, fournissant des informations pr\u00e9cises et impartiales sur plus de 24 000 m\u00e9dicaments sur ordonnance et en vente libre.","robots":{"index":"index","follow":"follow","max-snippet":"max-snippet:-1","max-image-preview":"max-image-preview:large","max-video-preview":"max-video-preview:-1"},"canonical":"https:\/\/chemsfine.com\/fr\/comment-acheter-des-medicaments-en-ligne\/","og_locale":"fr_FR","og_type":"article","og_title":"Drugs - Chemsfine","og_description":"Drugs, Providing accurate, impartial information on more than 24000 prescription drugs and OTC medications.","og_url":"https:\/\/chemsfine.com\/fr\/comment-acheter-des-medicaments-en-ligne\/","og_site_name":"Chemsfine","article_modified_time":"2024-10-06T19:30:35+00:00","twitter_card":"summary_large_image","twitter_misc":{"Dur\u00e9e de lecture estim\u00e9e":"2 minutes"},"schema":{"@context":"https:\/\/schema.org","@graph":[{"@type":"WebPage","@id":"https:\/\/chemsfine.com\/how-to-buy-drugs-online\/","url":"https:\/\/chemsfine.com\/how-to-buy-drugs-online\/","name":"M\u00e9dicaments - Chemsfine","isPartOf":{"@id":"https:\/\/chemsfine.com\/#website"},"datePublished":"2024-10-06T19:29:19+00:00","dateModified":"2024-10-06T19:30:35+00:00","description":"M\u00e9dicaments, fournissant des informations pr\u00e9cises et impartiales sur plus de 24 000 m\u00e9dicaments sur ordonnance et en vente libre.","breadcrumb":{"@id":"https:\/\/chemsfine.com\/how-to-buy-drugs-online\/#breadcrumb"},"inLanguage":"fr-FR","potentialAction":[{"@type":"ReadAction","target":["https:\/\/chemsfine.com\/how-to-buy-drugs-online\/"]}]},{"@type":"BreadcrumbList","@id":"https:\/\/chemsfine.com\/how-to-buy-drugs-online\/#breadcrumb","itemListElement":[{"@type":"ListItem","position":1,"name":"Home","item":"https:\/\/chemsfine.com\/"},{"@type":"ListItem","position":2,"name":"How to Buy Drugs Online"}]},{"@type":"WebSite","@id":"https:\/\/chemsfine.com\/#website","url":"https:\/\/chemsfine.com\/","name":"Chemsfine","description":"Mon blog WordPress","publisher":{"@id":"https:\/\/chemsfine.com\/#organization"},"potentialAction":[{"@type":"SearchAction","target":{"@type":"EntryPoint","urlTemplate":"https:\/\/chemsfine.com\/?s={search_term_string}"},"query-input":{"@type":"PropertyValueSpecification","valueRequired":true,"valueName":"search_term_string"}}],"inLanguage":"fr-FR"},{"@type":"Organization","@id":"https:\/\/chemsfine.com\/#organization","name":"Chemsfine","url":"https:\/\/chemsfine.com\/","logo":{"@type":"ImageObject","inLanguage":"fr-FR","@id":"https:\/\/chemsfine.com\/#\/schema\/logo\/image\/","url":"https:\/\/chemsfine.com\/wp-content\/uploads\/2024\/09\/final-logo.png","contentUrl":"https:\/\/chemsfine.com\/wp-content\/uploads\/2024\/09\/final-logo.png","width":340,"height":72,"caption":"Chemsfine"},"image":{"@id":"https:\/\/chemsfine.com\/#\/schema\/logo\/image\/"}}]}},"rttpg_featured_image_url":null,"rttpg_author":{"display_name":"chemsflog18","author_link":"https:\/\/chemsfine.com\/fr\/author\/chemsflog18\/"},"rttpg_comment":0,"rttpg_category":null,"rttpg_excerpt":"How to Buy Drugs Online \u2013 Cocaine, LSD, Weed, XTC, MDMA, Heroin, Crystal Meth from&hellip;","_links":{"self":[{"href":"https:\/\/chemsfine.com\/fr\/wp-json\/wp\/v2\/pages\/1297","targetHints":{"allow":["GET"]}}],"collection":[{"href":"https:\/\/chemsfine.com\/fr\/wp-json\/wp\/v2\/pages"}],"about":[{"href":"https:\/\/chemsfine.com\/fr\/wp-json\/wp\/v2\/types\/page"}],"author":[{"embeddable":true,"href":"https:\/\/chemsfine.com\/fr\/wp-json\/wp\/v2\/users\/1"}],"replies":[{"embeddable":true,"href":"https:\/\/chemsfine.com\/fr\/wp-json\/wp\/v2\/comments?post=1297"}],"version-history":[{"count":0,"href":"https:\/\/chemsfine.com\/fr\/wp-json\/wp\/v2\/pages\/1297\/revisions"}],"wp:attachment":[{"href":"https:\/\/chemsfine.com\/fr\/wp-json\/wp\/v2\/media?parent=1297"}],"curies":[{"name":"wp","href":"https:\/\/api.w.org\/{rel}","templated":true}]}}