{"id":1302,"date":"2024-10-07T05:50:02","date_gmt":"2024-10-07T05:50:02","guid":{"rendered":"https:\/\/chemsfine.com\/?page_id=1302"},"modified":"2024-10-07T05:54:57","modified_gmt":"2024-10-07T05:54:57","slug":"a-propos-de-nous","status":"publish","type":"page","link":"https:\/\/chemsfine.com\/fr\/about-us\/","title":{"rendered":"A propos de nous"},"content":{"rendered":"<div class=\"col-md-8\">\n<article id=\"entry-30\" class=\"entry post-30 page type-page status-publish hentry\">\n<div class=\"entry-content group\">\n<p style=\"text-align: justify;\">Bonjour, je m'appelle <strong>Jean<\/strong>, Je suis sp\u00e9cialis\u00e9e dans la r\u00e9daction de contenus informatifs et promotionnels sur un large \u00e9ventail de sujets, et plus particuli\u00e8rement dans les domaines suivants <strong>produits chimiques de recherche<\/strong>, <strong>poudres pharmaceutiques<\/strong>, et d'autres domaines de niche dans les industries chimiques et scientifiques. Au fil des ans, j'ai consacr\u00e9 mon temps et mon expertise \u00e0 aider les particuliers et les entreprises \u00e0 comprendre les complexit\u00e9s de ces substances, tout en leur fournissant des informations fiables et actualis\u00e9es auxquelles ils peuvent se fier.<\/p>\n<p style=\"text-align: justify;\">Forte d'une solide exp\u00e9rience en recherche scientifique et en r\u00e9daction, mon objectif est de combler le foss\u00e9 entre les sujets hautement techniques et le consommateur de tous les jours. Je travaille en \u00e9troite collaboration avec des experts dans divers domaines afin de m'assurer que mon contenu est pr\u00e9cis, bien document\u00e9 et facile \u00e0 comprendre pour les lecteurs de tous niveaux. Que vous soyez un professionnel chevronn\u00e9 de l'industrie pharmaceutique ou chimique ou que vous commenciez \u00e0 explorer ces domaines, mon contenu est adapt\u00e9 pour vous fournir les informations et les connaissances dont vous avez besoin.<\/p>\n<p style=\"text-align: justify;\">En plus d'\u00e9crire sur <strong>produits chimiques de recherche<\/strong> et <strong>poudres pharmaceutiques<\/strong>, J'explore \u00e9galement des domaines connexes tels que les produits de sant\u00e9 et de bien-\u00eatre, les compos\u00e9s chimiques utilis\u00e9s dans la recherche scientifique et les tendances de l'industrie qui ont un impact sur ces march\u00e9s. Ma passion est de fournir des informations claires et concises qui aident les gens \u00e0 prendre des d\u00e9cisions \u00e9clair\u00e9es, qu'ils effectuent des recherches, qu'ils recherchent de nouveaux fournisseurs ou qu'ils souhaitent en savoir plus sur les substances qu'ils utilisent.<\/p>\n<p style=\"text-align: justify;\">Mes \u00e9crits visent non seulement \u00e0 informer, mais aussi \u00e0 promouvoir une utilisation et une compr\u00e9hension responsables de ces produits. Je pense qu'en offrant un contenu factuel de haute qualit\u00e9, je peux contribuer \u00e0 une communaut\u00e9 de consommateurs et de professionnels plus s\u00fbre et mieux inform\u00e9e. Qu'il s'agisse de revues de produits ou d'articles approfondis sur les derniers d\u00e9veloppements de la recherche chimique, mon travail vise \u00e0 couvrir tous les aspects de cette industrie en constante \u00e9volution.<\/p>\n<p style=\"text-align: justify;\">Au-del\u00e0 du contenu technique, je cr\u00e9e \u00e9galement des supports promotionnels attrayants pour les entreprises op\u00e9rant dans le secteur de l'\u00e9nergie. <strong>recherche chimique<\/strong> et <strong>poudre pharmaceutique<\/strong> des secteurs d'activit\u00e9. Il s'agit notamment de r\u00e9diger des descriptions de produits convaincantes, d'\u00e9laborer des strat\u00e9gies de marketing et de r\u00e9diger des contenus optimis\u00e9s pour le r\u00e9f\u00e9rencement qui aident les entreprises \u00e0 entrer en contact avec leur public cible. Mon objectif est d'aider les entreprises \u00e0 r\u00e9ussir en leur fournissant les outils et le contenu dont elles ont besoin pour d\u00e9velopper leur marque et s'imposer comme des acteurs de confiance sur le march\u00e9.<\/p>\n<p style=\"text-align: justify;\">Lorsque je ne suis pas en train de r\u00e9diger ou de mener des recherches, j'aime me tenir au courant des derni\u00e8res nouvelles et tendances du secteur. J'apprends constamment et j'affine mes comp\u00e9tences pour m'assurer que le contenu que je cr\u00e9e est non seulement exact, mais aussi pertinent pour le march\u00e9 actuel, qui \u00e9volue rapidement. Mon travail est le reflet de mon engagement en faveur de l'excellence et de ma passion pour les sujets que je traite.<\/p>\n<p style=\"text-align: justify;\">Je vous remercie de votre visite sur mon site et j'esp\u00e8re que vous trouverez les informations que je fournis \u00e0 la fois utiles et pertinentes. Si vous avez des questions ou si vous souhaitez discuter de sujets sp\u00e9cifiques plus en d\u00e9tail, n'h\u00e9sitez pas \u00e0 me contacter. Je suis toujours heureux d'entrer en contact avec des lecteurs, des chercheurs et des entreprises qui partagent mon int\u00e9r\u00eat pour les sujets suivants <strong>produits chimiques de recherche<\/strong>, <strong>poudres pharmaceutiques<\/strong>, et la communaut\u00e9 scientifique au sens large.<\/p>\n<\/div>\n<\/article>\n<\/div>","protected":false},"excerpt":{"rendered":"<p>Hello, my name is John, and I specialize in writing informative and promotional content on&hellip;<\/p>","protected":false},"author":1,"featured_media":0,"parent":0,"menu_order":0,"comment_status":"closed","ping_status":"closed","template":"","meta":{"_joinchat":[],"footnotes":""},"class_list":["post-1302","page","type-page","status-publish","hentry"],"yoast_head":"<!-- This site is optimized with the Yoast SEO plugin v27.2 - https:\/\/yoast.com\/product\/yoast-seo-wordpress\/ -->\n<title>Drugs - Chemsfine<\/title>\n<meta name=\"description\" content=\"Drugs, Providing accurate, impartial information on more than 24000 prescription drugs and OTC medications.\" \/>\n<meta name=\"robots\" content=\"index, follow, max-snippet:-1, max-image-preview:large, max-video-preview:-1\" \/>\n<link rel=\"canonical\" href=\"https:\/\/chemsfine.com\/fr\/a-propos-de-nous\/\" \/>\n<meta property=\"og:locale\" content=\"fr_FR\" \/>\n<meta property=\"og:type\" content=\"article\" \/>\n<meta property=\"og:title\" content=\"Drugs - Chemsfine\" \/>\n<meta property=\"og:description\" content=\"Drugs, Providing accurate, impartial information on more than 24000 prescription drugs and OTC medications.\" \/>\n<meta property=\"og:url\" content=\"https:\/\/chemsfine.com\/fr\/a-propos-de-nous\/\" \/>\n<meta property=\"og:site_name\" content=\"Chemsfine\" \/>\n<meta property=\"article:modified_time\" content=\"2024-10-07T05:54:57+00:00\" \/>\n<meta name=\"twitter:card\" content=\"summary_large_image\" \/>\n<meta name=\"twitter:label1\" content=\"Dur\u00e9e de lecture estim\u00e9e\" \/>\n\t<meta name=\"twitter:data1\" content=\"3 minutes\" \/>\n<script type=\"application\/ld+json\" class=\"yoast-schema-graph\">{\"@context\":\"https:\/\/schema.org\",\"@graph\":[{\"@type\":\"WebPage\",\"@id\":\"https:\/\/chemsfine.com\/about-us\/\",\"url\":\"https:\/\/chemsfine.com\/about-us\/\",\"name\":\"Drugs - Chemsfine\",\"isPartOf\":{\"@id\":\"https:\/\/chemsfine.com\/#website\"},\"datePublished\":\"2024-10-07T05:50:02+00:00\",\"dateModified\":\"2024-10-07T05:54:57+00:00\",\"description\":\"Drugs, Providing accurate, impartial information on more than 24000 prescription drugs and OTC medications.\",\"breadcrumb\":{\"@id\":\"https:\/\/chemsfine.com\/about-us\/#breadcrumb\"},\"inLanguage\":\"fr-FR\",\"potentialAction\":[{\"@type\":\"ReadAction\",\"target\":[\"https:\/\/chemsfine.com\/about-us\/\"]}]},{\"@type\":\"BreadcrumbList\",\"@id\":\"https:\/\/chemsfine.com\/about-us\/#breadcrumb\",\"itemListElement\":[{\"@type\":\"ListItem\",\"position\":1,\"name\":\"Home\",\"item\":\"https:\/\/chemsfine.com\/\"},{\"@type\":\"ListItem\",\"position\":2,\"name\":\"About us\"}]},{\"@type\":\"WebSite\",\"@id\":\"https:\/\/chemsfine.com\/#website\",\"url\":\"https:\/\/chemsfine.com\/\",\"name\":\"Chemsfine\",\"description\":\"My WordPress Blog\",\"publisher\":{\"@id\":\"https:\/\/chemsfine.com\/#organization\"},\"potentialAction\":[{\"@type\":\"SearchAction\",\"target\":{\"@type\":\"EntryPoint\",\"urlTemplate\":\"https:\/\/chemsfine.com\/?s={search_term_string}\"},\"query-input\":{\"@type\":\"PropertyValueSpecification\",\"valueRequired\":true,\"valueName\":\"search_term_string\"}}],\"inLanguage\":\"fr-FR\"},{\"@type\":\"Organization\",\"@id\":\"https:\/\/chemsfine.com\/#organization\",\"name\":\"Chemsfine\",\"url\":\"https:\/\/chemsfine.com\/\",\"logo\":{\"@type\":\"ImageObject\",\"inLanguage\":\"fr-FR\",\"@id\":\"https:\/\/chemsfine.com\/#\/schema\/logo\/image\/\",\"url\":\"https:\/\/chemsfine.com\/wp-content\/uploads\/2024\/09\/final-logo.png\",\"contentUrl\":\"https:\/\/chemsfine.com\/wp-content\/uploads\/2024\/09\/final-logo.png\",\"width\":340,\"height\":72,\"caption\":\"Chemsfine\"},\"image\":{\"@id\":\"https:\/\/chemsfine.com\/#\/schema\/logo\/image\/\"}}]}<\/script>\n<!-- \/ Yoast SEO plugin. -->","yoast_head_json":{"title":"M\u00e9dicaments - Chemsfine","description":"M\u00e9dicaments, fournissant des informations pr\u00e9cises et impartiales sur plus de 24 000 m\u00e9dicaments sur ordonnance et en vente libre.","robots":{"index":"index","follow":"follow","max-snippet":"max-snippet:-1","max-image-preview":"max-image-preview:large","max-video-preview":"max-video-preview:-1"},"canonical":"https:\/\/chemsfine.com\/fr\/a-propos-de-nous\/","og_locale":"fr_FR","og_type":"article","og_title":"Drugs - Chemsfine","og_description":"Drugs, Providing accurate, impartial information on more than 24000 prescription drugs and OTC medications.","og_url":"https:\/\/chemsfine.com\/fr\/a-propos-de-nous\/","og_site_name":"Chemsfine","article_modified_time":"2024-10-07T05:54:57+00:00","twitter_card":"summary_large_image","twitter_misc":{"Dur\u00e9e de lecture estim\u00e9e":"3 minutes"},"schema":{"@context":"https:\/\/schema.org","@graph":[{"@type":"WebPage","@id":"https:\/\/chemsfine.com\/about-us\/","url":"https:\/\/chemsfine.com\/about-us\/","name":"M\u00e9dicaments - Chemsfine","isPartOf":{"@id":"https:\/\/chemsfine.com\/#website"},"datePublished":"2024-10-07T05:50:02+00:00","dateModified":"2024-10-07T05:54:57+00:00","description":"M\u00e9dicaments, fournissant des informations pr\u00e9cises et impartiales sur plus de 24 000 m\u00e9dicaments sur ordonnance et en vente libre.","breadcrumb":{"@id":"https:\/\/chemsfine.com\/about-us\/#breadcrumb"},"inLanguage":"fr-FR","potentialAction":[{"@type":"ReadAction","target":["https:\/\/chemsfine.com\/about-us\/"]}]},{"@type":"BreadcrumbList","@id":"https:\/\/chemsfine.com\/about-us\/#breadcrumb","itemListElement":[{"@type":"ListItem","position":1,"name":"Home","item":"https:\/\/chemsfine.com\/"},{"@type":"ListItem","position":2,"name":"About us"}]},{"@type":"WebSite","@id":"https:\/\/chemsfine.com\/#website","url":"https:\/\/chemsfine.com\/","name":"Chemsfine","description":"Mon blog WordPress","publisher":{"@id":"https:\/\/chemsfine.com\/#organization"},"potentialAction":[{"@type":"SearchAction","target":{"@type":"EntryPoint","urlTemplate":"https:\/\/chemsfine.com\/?s={search_term_string}"},"query-input":{"@type":"PropertyValueSpecification","valueRequired":true,"valueName":"search_term_string"}}],"inLanguage":"fr-FR"},{"@type":"Organization","@id":"https:\/\/chemsfine.com\/#organization","name":"Chemsfine","url":"https:\/\/chemsfine.com\/","logo":{"@type":"ImageObject","inLanguage":"fr-FR","@id":"https:\/\/chemsfine.com\/#\/schema\/logo\/image\/","url":"https:\/\/chemsfine.com\/wp-content\/uploads\/2024\/09\/final-logo.png","contentUrl":"https:\/\/chemsfine.com\/wp-content\/uploads\/2024\/09\/final-logo.png","width":340,"height":72,"caption":"Chemsfine"},"image":{"@id":"https:\/\/chemsfine.com\/#\/schema\/logo\/image\/"}}]}},"rttpg_featured_image_url":null,"rttpg_author":{"display_name":"chemsflog18","author_link":"https:\/\/chemsfine.com\/fr\/author\/chemsflog18\/"},"rttpg_comment":0,"rttpg_category":null,"rttpg_excerpt":"Hello, my name is John, and I specialize in writing informative and promotional content on&hellip;","_links":{"self":[{"href":"https:\/\/chemsfine.com\/fr\/wp-json\/wp\/v2\/pages\/1302","targetHints":{"allow":["GET"]}}],"collection":[{"href":"https:\/\/chemsfine.com\/fr\/wp-json\/wp\/v2\/pages"}],"about":[{"href":"https:\/\/chemsfine.com\/fr\/wp-json\/wp\/v2\/types\/page"}],"author":[{"embeddable":true,"href":"https:\/\/chemsfine.com\/fr\/wp-json\/wp\/v2\/users\/1"}],"replies":[{"embeddable":true,"href":"https:\/\/chemsfine.com\/fr\/wp-json\/wp\/v2\/comments?post=1302"}],"version-history":[{"count":0,"href":"https:\/\/chemsfine.com\/fr\/wp-json\/wp\/v2\/pages\/1302\/revisions"}],"wp:attachment":[{"href":"https:\/\/chemsfine.com\/fr\/wp-json\/wp\/v2\/media?parent=1302"}],"curies":[{"name":"wp","href":"https:\/\/api.w.org\/{rel}","templated":true}]}}