{"id":1675,"date":"2025-06-17T08:50:35","date_gmt":"2025-06-17T08:50:35","guid":{"rendered":"https:\/\/chemsfine.com\/?post_type=product&#038;p=1675"},"modified":"2026-03-25T15:32:24","modified_gmt":"2026-03-25T15:32:24","slug":"buy-4-mmc-online","status":"publish","type":"product","link":"https:\/\/chemsfine.com\/fr\/product\/buy-4-mmc-online\/","title":{"rendered":"Buy 4-MMC Online | High-Purity 4-Methylmethcathinone For Sale"},"content":{"rendered":"<h2><b>Buy 4-MMC Online | Premium Research-Grade 4-Methylmethcathinone<\/b><\/h2>\n<h3><b>Qu'est-ce que le 4-MMC ?<\/b><\/h3>\n<p>La 4-MMC, commun\u00e9ment appel\u00e9e <b>4-M\u00e9thylm\u00e9thcathinone<\/b> ou <b>m\u00e9ph\u00e9drone<\/b>, est une personnalit\u00e9 de premier plan. <b>cathinone synth\u00e9tique<\/b> qui est devenue une pierre angulaire dans les <b>la recherche pharmacologique, chimique et m\u00e9dico-l\u00e9gale<\/b>. Structurellement apparent\u00e9e \u00e0 d'autres cathinones, la 4-MMC est un compos\u00e9 largement utilis\u00e9 dans des laboratoires contr\u00f4l\u00e9s pour l'\u00e9tude approfondie de ses propri\u00e9t\u00e9s stimulantes et de ses interactions complexes avec les transporteurs de monoamines. La 4-MMC de qualit\u00e9 sup\u00e9rieure que nous fournissons est pr\u00e9sent\u00e9e sous forme de <b>poudre cristalline fine<\/b> avec <b>haute puret\u00e9 v\u00e9rifi\u00e9e<\/b>, Ce compos\u00e9 a \u00e9t\u00e9 con\u00e7u pour \u00eatre utilis\u00e9 dans des applications analytiques, ce qui permet d'obtenir des r\u00e9sultats fiables et coh\u00e9rents. Il est essentiel de noter que ce compos\u00e9 est strictement destin\u00e9 \u00e0 \u00eatre utilis\u00e9 dans le cadre d'un projet de recherche. <b>\u00e0 des fins de recherche uniquement<\/b> et est sans \u00e9quivoque <b>non destin\u00e9 \u00e0 la consommation humaine<\/b>.<\/p>\n<h3><b>S\u00e9curisez votre approvisionnement en 4-MMC de qualit\u00e9 recherche<\/b><\/h3>\n<p>Lorsque vos recherches exigent une source fiable, Chemsfine est le partenaire id\u00e9al. <b>Meilleur endroit pour acheter du 4-MMC en ligne<\/b>. Nous sommes fiers de fournir des <b>4-MMC \u00e0 vendre<\/b> qui r\u00e9pond aux normes les plus \u00e9lev\u00e9es en mati\u00e8re de <b>test\u00e9 en laboratoire, puret\u00e9 de niveau recherche<\/b>, Nous vous proposons des produits de qualit\u00e9, livr\u00e9s discr\u00e8tement \u00e0 votre laboratoire, partout dans le monde. Que votre projet n\u00e9cessite de petites quantit\u00e9s pour des tests initiaux ou des commandes en gros pour des \u00e9tudes approfondies, notre plateforme s\u00e9curis\u00e9e vous garantit <b>des transactions s\u00fbres<\/b>, Les produits sont livr\u00e9s dans les d\u00e9lais les plus brefs, avec des options de paiement souples et une rapidit\u00e9 et une fiabilit\u00e9 de livraison impressionnantes. Lorsque vous \u00eates pr\u00eat \u00e0 <b>commander le 4-MMC en ligne aujourd'hui<\/b>, choisir un <b>un fournisseur de recherche de confiance<\/b> et recevoir <b>qualit\u00e9 sup\u00e9rieure<\/b> compos\u00e9s essentiels pour vos besoins analytiques et exp\u00e9rimentaux.<\/p>\n<h3><b>Pourquoi acheter le 4-MMC en ligne chez nous ?<\/b><\/h3>\n<p>Pour les chercheurs qui ont besoin de se procurer <b>4-MMC \u00e0 vendre<\/b>, Dans ce contexte, l'assurance de la qualit\u00e9 et de la discr\u00e9tion op\u00e9rationnelle est absolument essentielle. Notre engagement en faveur de l'excellence est ce qui fait de nous le <b>Meilleur endroit pour acheter du 4-MMC en ligne<\/b> pour les professionnels du monde entier. Voici ce qui distingue notre service :<\/p>\n<ul>\n<li><b>Puret\u00e9 test\u00e9e par un laboratoire ind\u00e9pendant (\u2265 98%) :<\/b> Chaque lot est rigoureusement test\u00e9 pour confirmer son identit\u00e9 et sa puret\u00e9, et des certificats d'analyse sont disponibles.<\/li>\n<li><b>Exp\u00e9dition globale rapide et discr\u00e8te avec suivi :<\/b> Nous donnons la priorit\u00e9 \u00e0 la protection de votre vie priv\u00e9e gr\u00e2ce \u00e0 un emballage discret et nous assurons le suivi de chaque envoi.<\/li>\n<li><b>Options de paiement s\u00e9curis\u00e9es, y compris Crypto :<\/b> Notre syst\u00e8me de paiement polyvalent comprend des m\u00e9thodes traditionnelles s\u00e9curis\u00e9es et des options de crypto-monnaie anonymes.<\/li>\n<li><b>Remises en masse et prix comp\u00e9titifs :<\/b> Nous proposons une tarification modulable pour soutenir les projets de recherche de toute taille, ce qui vous permet d'obtenir le meilleur rapport qualit\u00e9-prix.<\/li>\n<li><b>Une \u00e9quipe de soutien professionnelle et ax\u00e9e sur la recherche :<\/b> Notre \u00e9quipe comp\u00e9tente est \u00e0 votre disposition pour r\u00e9pondre \u00e0 vos questions et vous aider dans votre processus d'achat.<\/li>\n<\/ul>\n<p>Vous pouvez en toute confiance <b>acheter le 4-MMC en ligne<\/b> avec nous, en sachant que votre recherche critique est soutenue par un mat\u00e9riel de premi\u00e8re qualit\u00e9 et d'origine fiable.<\/p>\n<h3><b>Origine et profil chimique<\/b><\/h3>\n<p>Synth\u00e9tis\u00e9 \u00e0 l'origine pour des <b>objectifs de la recherche<\/b>, La 4-MMC est un membre important d'un groupe plus large de cathinones substitu\u00e9es \u00e9tudi\u00e9es pour leur activit\u00e9 pharmacologique distincte sur les syst\u00e8mes de neurotransmetteurs. La compr\u00e9hension de son profil chimique est essentielle pour tout chercheur.<\/p>\n<ul>\n<li><b>Nom chimique :<\/b> 4-M\u00e9thylm\u00e9thcathinone<\/li>\n<li><b>Classe chimique :<\/b> Cathinone synth\u00e9tique<\/li>\n<li><b>Formule mol\u00e9culaire :<\/b> C11H15NO<\/li>\n<li><b>Nom IUPAC :<\/b> 2-(M\u00e9thylamino)-1-(4-m\u00e9thylph\u00e9nyl)propan-1-one<\/li>\n<li><b>Masse molaire :<\/b> 177,24 g\/mol<\/li>\n<li><b>Apparence :<\/b> Poudre cristalline fine<\/li>\n<li><b>La puret\u00e9 :<\/b> \u2265 98% (v\u00e9rifi\u00e9 par des laboratoires ind\u00e9pendants)<\/li>\n<\/ul>\n<h3><b>Utilisations de la 4-MMC<\/b><\/h3>\n<p>En tant que mat\u00e9riau de r\u00e9f\u00e9rence, le 4-MMC joue un r\u00f4le essentiel dans les domaines suivants <b>chimie analytique et recherche pharmacologique<\/b>. Les chercheurs et les scientifiques utilisent ce compos\u00e9 sp\u00e9cifique pour \u00e9tudier <b>interactions entre les transporteurs de monoamine<\/b>, Les r\u00e9sultats de l'\u00e9tude sont pr\u00e9sent\u00e9s dans le tableau ci-dessous, qui permet de d\u00e9terminer l'affinit\u00e9 des r\u00e9cepteurs et de cartographier le r\u00e9seau de distribution d'\u00e9lectricit\u00e9. <b>les relations structure-activit\u00e9 (SAR)<\/b> de nouveaux compos\u00e9s stimulants. Ses propri\u00e9t\u00e9s constantes en font un outil pr\u00e9cieux pour les exp\u00e9riences reproductibles.<\/p>\n<h4><b>Applications communes de recherche :<\/b><\/h4>\n<ul>\n<li>Norme analytique et recherche m\u00e9dico-l\u00e9gale<\/li>\n<li>\u00c9tudes pharmacologiques de liaison et d'affinit\u00e9 avec les r\u00e9cepteurs<\/li>\n<li>Test et analyse de la relation structure-activit\u00e9 (SAR)<\/li>\n<li>\u00c9tudes in vitro sur les interactions entre les compos\u00e9s stimulants<\/li>\n<li>Exp\u00e9rimentation chimique contr\u00f4l\u00e9e en laboratoire<\/li>\n<\/ul>\n<p><b>Important :<\/b> Cet authentique <b>Le 4-MMC est strictement r\u00e9serv\u00e9 \u00e0 la recherche.<\/b> Il est <b>N'est PAS destin\u00e9 \u00e0 la consommation humaine ou v\u00e9t\u00e9rinaire.<\/b><\/p>\n<h3><b>Avantages de l'achat de 4-MMC en ligne<\/b><\/h3>\n<p>Achats <b>4-MMC en ligne<\/b> par l'interm\u00e9diaire d'un fournisseur sp\u00e9cialis\u00e9 comme Chemsfine offre de nombreux avantages distincts au chercheur moderne :<\/p>\n<ul>\n<li><b>Une plus grande disponibilit\u00e9 de mat\u00e9riaux de haute puret\u00e9 :<\/b> D\u00e9passer les limites de l'approvisionnement local et acc\u00e9der \u00e0 un approvisionnement constant en produits chimiques de qualit\u00e9 sup\u00e9rieure.<\/li>\n<li><b>Acc\u00e8s \u00e0 des produits chimiques de recherche v\u00e9rifi\u00e9s et test\u00e9s en laboratoire :<\/b> \u00c9liminez l'incertitude gr\u00e2ce \u00e0 des produits \u00e9tay\u00e9s par des rapports d'analyse ind\u00e9pendants.<\/li>\n<li><b>Exp\u00e9dition globale en toute discr\u00e9tion :<\/b> Recevez vos documents en toute s\u00e9curit\u00e9 et en toute confidentialit\u00e9, quel que soit l'endroit o\u00f9 vous vous trouvez.<\/li>\n<li><b>Options de paiement s\u00e9curis\u00e9es et priv\u00e9es :<\/b> Prot\u00e9gez les d\u00e9tails de vos transactions gr\u00e2ce \u00e0 des solutions de paiement modernes et crypt\u00e9es.<\/li>\n<li><b>Des partenariats de confiance avec des fournisseurs professionnels :<\/b> Construire une cha\u00eene d'approvisionnement fiable avec un fournisseur d\u00e9di\u00e9 \u00e0 la communaut\u00e9 des chercheurs.<\/li>\n<\/ul>\n<p>Si votre objectif est de <b>acheter 4-MMC pas cher en ligne<\/b> <b>sans jamais faire de compromis sur la qualit\u00e9<\/b>, Notre service constitue la solution id\u00e9ale pour les chercheurs s\u00e9rieux qui exigent ce qu'il y a de mieux.<\/p>\n<h3><b>Choisir le bon fournisseur<\/b><\/h3>\n<h4><b>Comment choisir un fournisseur fiable<\/b><\/h4>\n<p>Avant de vous <b>commander 4-MMC en ligne<\/b>, Il est donc imp\u00e9ratif de s'assurer que vous choisissez une <b>fournisseur r\u00e9put\u00e9<\/b>. Utilisez cette liste de contr\u00f4le pour v\u00e9rifier la cr\u00e9dibilit\u00e9 du vendeur :<\/p>\n<ul>\n<li><b>Produits test\u00e9s en laboratoire :<\/b> Ne s'approvisionner qu'aupr\u00e8s de vendeurs qui fournissent des <b>Certificats d'analyse (COA)<\/b> ou des rapports de laboratoire de tiers ind\u00e9pendants.<\/li>\n<li><b>Politique d'exp\u00e9dition fiable :<\/b> Un fournisseur professionnel doit garantir <b>un emballage discret<\/b> et offrent un suivi des envois pour garantir la confidentialit\u00e9 et la tranquillit\u00e9 d'esprit sur le plan logistique.<\/li>\n<li><b>M\u00e9thodes de paiement s\u00fbres :<\/b> Hi\u00e9rarchiser les offres des fournisseurs <b>des options s\u00fbres comme les crypto-monnaies<\/b>, les virements bancaires ou d'autres passerelles de paiement crypt\u00e9es.<\/li>\n<li><b>R\u00e9putation positive :<\/b> Avant de vous engager dans un achat, v\u00e9rifiez toujours les avis de clients v\u00e9rifiables, les t\u00e9moignages de l'industrie et les commentaires positifs en ligne.<\/li>\n<\/ul>\n<h3><b>Recommandation finale<\/b><\/h3>\n<p>Pour les chercheurs, les chimistes et les scientifiques qui exigent <b>qualit\u00e9 v\u00e9rifi\u00e9e, service s\u00e9curis\u00e9 et livraison discr\u00e8te<\/b>, <b>commander 4-MMC en ligne aupr\u00e8s de fournisseurs de confiance<\/b> reste le choix le plus s\u00fbr et le plus intelligent. En choisissant une source r\u00e9put\u00e9e, vous pouvez soutenir efficacement vos projets scientifiques avec <b>des mat\u00e9riaux fiables et de qualit\u00e9 sup\u00e9rieure<\/b> par des professionnels de l'industrie. Faites avancer vos recherches en toute confiance en achetant du 4-MMC aupr\u00e8s d'un partenaire de confiance.<\/p>","protected":false},"excerpt":{"rendered":"<p>Achetez de la 4-MMC en ligne pour vos besoins de recherche. Chemsfine propose de la 4-M\u00e9thylm\u00e9thcathinone de qualit\u00e9 sup\u00e9rieure et de grande puret\u00e9 (\u226598%) sous forme de poudre cristalline fine, id\u00e9ale pour les applications pharmacologiques et m\u00e9dico-l\u00e9gales. Ce produit est strictement r\u00e9serv\u00e9 \u00e0 un usage en laboratoire.<\/p>","protected":false},"featured_media":1911,"comment_status":"closed","ping_status":"closed","template":"","meta":{"_joinchat":[]},"product_brand":[],"product_cat":[435],"product_tag":[],"class_list":{"0":"post-1675","1":"product","2":"type-product","3":"status-publish","4":"has-post-thumbnail","6":"product_cat-synthetic-cathinones","8":"first","9":"instock","10":"shipping-taxable","11":"purchasable","12":"product-type-variable"},"yoast_head":"<!-- This site is optimized with the Yoast SEO plugin v27.2 - https:\/\/yoast.com\/product\/yoast-seo-wordpress\/ -->\n<title>Buy 4-MMC Online | Best Price Research-Grade 4-MMC for Sale<\/title>\n<meta name=\"description\" content=\"Order 4-MMC online from a trusted supplier. We offer lab-tested, high-purity (\u226598%) 4-Methylmethcathinone for sale with discreet, fast global shipping.\" \/>\n<meta name=\"robots\" content=\"index, follow, max-snippet:-1, max-image-preview:large, max-video-preview:-1\" \/>\n<link rel=\"canonical\" href=\"https:\/\/chemsfine.com\/fr\/product\/buy-4-mmc-online\/\" \/>\n<meta property=\"og:locale\" content=\"fr_FR\" \/>\n<meta property=\"og:type\" content=\"article\" \/>\n<meta property=\"og:title\" content=\"Buy 4-MMC Online | Best Price Research-Grade 4-MMC for Sale\" \/>\n<meta property=\"og:description\" content=\"Order 4-MMC online from a trusted supplier. We offer lab-tested, high-purity (\u226598%) 4-Methylmethcathinone for sale with discreet, fast global shipping.\" \/>\n<meta property=\"og:url\" content=\"https:\/\/chemsfine.com\/fr\/product\/buy-4-mmc-online\/\" \/>\n<meta property=\"og:site_name\" content=\"Chemsfine\" \/>\n<meta property=\"article:modified_time\" content=\"2026-03-25T15:32:24+00:00\" \/>\n<meta property=\"og:image\" content=\"https:\/\/chemsfine.com\/wp-content\/uploads\/2025\/06\/4-MMC.jpg\" \/>\n\t<meta property=\"og:image:width\" content=\"600\" \/>\n\t<meta property=\"og:image:height\" content=\"600\" \/>\n\t<meta property=\"og:image:type\" content=\"image\/jpeg\" \/>\n<meta name=\"twitter:card\" content=\"summary_large_image\" \/>\n<meta name=\"twitter:label1\" content=\"Dur\u00e9e de lecture estim\u00e9e\" \/>\n\t<meta name=\"twitter:data1\" content=\"3 minutes\" \/>\n<script type=\"application\/ld+json\" class=\"yoast-schema-graph\">{\"@context\":\"https:\/\/schema.org\",\"@graph\":[{\"@type\":\"WebPage\",\"@id\":\"https:\/\/chemsfine.com\/product\/buy-4-mmc-online\/\",\"url\":\"https:\/\/chemsfine.com\/product\/buy-4-mmc-online\/\",\"name\":\"Buy 4-MMC Online | Best Price Research-Grade 4-MMC for Sale\",\"isPartOf\":{\"@id\":\"https:\/\/chemsfine.com\/#website\"},\"primaryImageOfPage\":{\"@id\":\"https:\/\/chemsfine.com\/product\/buy-4-mmc-online\/#primaryimage\"},\"image\":{\"@id\":\"https:\/\/chemsfine.com\/product\/buy-4-mmc-online\/#primaryimage\"},\"thumbnailUrl\":\"https:\/\/chemsfine.com\/wp-content\/uploads\/2025\/06\/4-MMC.jpg\",\"datePublished\":\"2025-06-17T08:50:35+00:00\",\"dateModified\":\"2026-03-25T15:32:24+00:00\",\"description\":\"Order 4-MMC online from a trusted supplier. We offer lab-tested, high-purity (\u226598%) 4-Methylmethcathinone for sale with discreet, fast global shipping.\",\"breadcrumb\":{\"@id\":\"https:\/\/chemsfine.com\/product\/buy-4-mmc-online\/#breadcrumb\"},\"inLanguage\":\"fr-FR\",\"potentialAction\":[{\"@type\":\"ReadAction\",\"target\":[\"https:\/\/chemsfine.com\/product\/buy-4-mmc-online\/\"]}]},{\"@type\":\"ImageObject\",\"inLanguage\":\"fr-FR\",\"@id\":\"https:\/\/chemsfine.com\/product\/buy-4-mmc-online\/#primaryimage\",\"url\":\"https:\/\/chemsfine.com\/wp-content\/uploads\/2025\/06\/4-MMC.jpg\",\"contentUrl\":\"https:\/\/chemsfine.com\/wp-content\/uploads\/2025\/06\/4-MMC.jpg\",\"width\":600,\"height\":600,\"caption\":\"4-MMC\"},{\"@type\":\"BreadcrumbList\",\"@id\":\"https:\/\/chemsfine.com\/product\/buy-4-mmc-online\/#breadcrumb\",\"itemListElement\":[{\"@type\":\"ListItem\",\"position\":1,\"name\":\"Home\",\"item\":\"https:\/\/chemsfine.com\/\"},{\"@type\":\"ListItem\",\"position\":2,\"name\":\"Shop\",\"item\":\"https:\/\/chemsfine.com\/shop\/\"},{\"@type\":\"ListItem\",\"position\":3,\"name\":\"Buy 4-MMC Online | High-Purity 4-Methylmethcathinone For Sale\"}]},{\"@type\":\"WebSite\",\"@id\":\"https:\/\/chemsfine.com\/#website\",\"url\":\"https:\/\/chemsfine.com\/\",\"name\":\"Chemsfine\",\"description\":\"My WordPress Blog\",\"publisher\":{\"@id\":\"https:\/\/chemsfine.com\/#organization\"},\"potentialAction\":[{\"@type\":\"SearchAction\",\"target\":{\"@type\":\"EntryPoint\",\"urlTemplate\":\"https:\/\/chemsfine.com\/?s={search_term_string}\"},\"query-input\":{\"@type\":\"PropertyValueSpecification\",\"valueRequired\":true,\"valueName\":\"search_term_string\"}}],\"inLanguage\":\"fr-FR\"},{\"@type\":\"Organization\",\"@id\":\"https:\/\/chemsfine.com\/#organization\",\"name\":\"Chemsfine\",\"url\":\"https:\/\/chemsfine.com\/\",\"logo\":{\"@type\":\"ImageObject\",\"inLanguage\":\"fr-FR\",\"@id\":\"https:\/\/chemsfine.com\/#\/schema\/logo\/image\/\",\"url\":\"https:\/\/chemsfine.com\/wp-content\/uploads\/2024\/09\/final-logo.png\",\"contentUrl\":\"https:\/\/chemsfine.com\/wp-content\/uploads\/2024\/09\/final-logo.png\",\"width\":340,\"height\":72,\"caption\":\"Chemsfine\"},\"image\":{\"@id\":\"https:\/\/chemsfine.com\/#\/schema\/logo\/image\/\"}}]}<\/script>\n<!-- \/ Yoast SEO plugin. -->","yoast_head_json":{"title":"Buy 4-MMC Online | Best Price Research-Grade 4-MMC for Sale","description":"Commandez 4-MMC en ligne aupr\u00e8s d'un fournisseur de confiance. Nous proposons \u00e0 la vente de la 4-M\u00e9thylm\u00e9thcathinone de haute puret\u00e9 (\u226598%), test\u00e9e en laboratoire, avec une livraison discr\u00e8te et rapide \u00e0 l'\u00e9chelle mondiale.","robots":{"index":"index","follow":"follow","max-snippet":"max-snippet:-1","max-image-preview":"max-image-preview:large","max-video-preview":"max-video-preview:-1"},"canonical":"https:\/\/chemsfine.com\/fr\/product\/buy-4-mmc-online\/","og_locale":"fr_FR","og_type":"article","og_title":"Buy 4-MMC Online | Best Price Research-Grade 4-MMC for Sale","og_description":"Order 4-MMC online from a trusted supplier. We offer lab-tested, high-purity (\u226598%) 4-Methylmethcathinone for sale with discreet, fast global shipping.","og_url":"https:\/\/chemsfine.com\/fr\/product\/buy-4-mmc-online\/","og_site_name":"Chemsfine","article_modified_time":"2026-03-25T15:32:24+00:00","og_image":[{"width":600,"height":600,"url":"https:\/\/chemsfine.com\/wp-content\/uploads\/2025\/06\/4-MMC.jpg","type":"image\/jpeg"}],"twitter_card":"summary_large_image","twitter_misc":{"Dur\u00e9e de lecture estim\u00e9e":"3 minutes"},"schema":{"@context":"https:\/\/schema.org","@graph":[{"@type":"WebPage","@id":"https:\/\/chemsfine.com\/product\/buy-4-mmc-online\/","url":"https:\/\/chemsfine.com\/product\/buy-4-mmc-online\/","name":"Buy 4-MMC Online | Best Price Research-Grade 4-MMC for Sale","isPartOf":{"@id":"https:\/\/chemsfine.com\/#website"},"primaryImageOfPage":{"@id":"https:\/\/chemsfine.com\/product\/buy-4-mmc-online\/#primaryimage"},"image":{"@id":"https:\/\/chemsfine.com\/product\/buy-4-mmc-online\/#primaryimage"},"thumbnailUrl":"https:\/\/chemsfine.com\/wp-content\/uploads\/2025\/06\/4-MMC.jpg","datePublished":"2025-06-17T08:50:35+00:00","dateModified":"2026-03-25T15:32:24+00:00","description":"Commandez 4-MMC en ligne aupr\u00e8s d'un fournisseur de confiance. Nous proposons \u00e0 la vente de la 4-M\u00e9thylm\u00e9thcathinone de haute puret\u00e9 (\u226598%), test\u00e9e en laboratoire, avec une livraison discr\u00e8te et rapide \u00e0 l'\u00e9chelle mondiale.","breadcrumb":{"@id":"https:\/\/chemsfine.com\/product\/buy-4-mmc-online\/#breadcrumb"},"inLanguage":"fr-FR","potentialAction":[{"@type":"ReadAction","target":["https:\/\/chemsfine.com\/product\/buy-4-mmc-online\/"]}]},{"@type":"ImageObject","inLanguage":"fr-FR","@id":"https:\/\/chemsfine.com\/product\/buy-4-mmc-online\/#primaryimage","url":"https:\/\/chemsfine.com\/wp-content\/uploads\/2025\/06\/4-MMC.jpg","contentUrl":"https:\/\/chemsfine.com\/wp-content\/uploads\/2025\/06\/4-MMC.jpg","width":600,"height":600,"caption":"4-MMC"},{"@type":"BreadcrumbList","@id":"https:\/\/chemsfine.com\/product\/buy-4-mmc-online\/#breadcrumb","itemListElement":[{"@type":"ListItem","position":1,"name":"Home","item":"https:\/\/chemsfine.com\/"},{"@type":"ListItem","position":2,"name":"Shop","item":"https:\/\/chemsfine.com\/shop\/"},{"@type":"ListItem","position":3,"name":"Buy 4-MMC Online | High-Purity 4-Methylmethcathinone For Sale"}]},{"@type":"WebSite","@id":"https:\/\/chemsfine.com\/#website","url":"https:\/\/chemsfine.com\/","name":"Chemsfine","description":"Mon blog WordPress","publisher":{"@id":"https:\/\/chemsfine.com\/#organization"},"potentialAction":[{"@type":"SearchAction","target":{"@type":"EntryPoint","urlTemplate":"https:\/\/chemsfine.com\/?s={search_term_string}"},"query-input":{"@type":"PropertyValueSpecification","valueRequired":true,"valueName":"search_term_string"}}],"inLanguage":"fr-FR"},{"@type":"Organization","@id":"https:\/\/chemsfine.com\/#organization","name":"Chemsfine","url":"https:\/\/chemsfine.com\/","logo":{"@type":"ImageObject","inLanguage":"fr-FR","@id":"https:\/\/chemsfine.com\/#\/schema\/logo\/image\/","url":"https:\/\/chemsfine.com\/wp-content\/uploads\/2024\/09\/final-logo.png","contentUrl":"https:\/\/chemsfine.com\/wp-content\/uploads\/2024\/09\/final-logo.png","width":340,"height":72,"caption":"Chemsfine"},"image":{"@id":"https:\/\/chemsfine.com\/#\/schema\/logo\/image\/"}}]}},"_links":{"self":[{"href":"https:\/\/chemsfine.com\/fr\/wp-json\/wp\/v2\/product\/1675","targetHints":{"allow":["GET"]}}],"collection":[{"href":"https:\/\/chemsfine.com\/fr\/wp-json\/wp\/v2\/product"}],"about":[{"href":"https:\/\/chemsfine.com\/fr\/wp-json\/wp\/v2\/types\/product"}],"replies":[{"embeddable":true,"href":"https:\/\/chemsfine.com\/fr\/wp-json\/wp\/v2\/comments?post=1675"}],"wp:featuredmedia":[{"embeddable":true,"href":"https:\/\/chemsfine.com\/fr\/wp-json\/wp\/v2\/media\/1911"}],"wp:attachment":[{"href":"https:\/\/chemsfine.com\/fr\/wp-json\/wp\/v2\/media?parent=1675"}],"wp:term":[{"taxonomy":"product_brand","embeddable":true,"href":"https:\/\/chemsfine.com\/fr\/wp-json\/wp\/v2\/product_brand?post=1675"},{"taxonomy":"product_cat","embeddable":true,"href":"https:\/\/chemsfine.com\/fr\/wp-json\/wp\/v2\/product_cat?post=1675"},{"taxonomy":"product_tag","embeddable":true,"href":"https:\/\/chemsfine.com\/fr\/wp-json\/wp\/v2\/product_tag?post=1675"}],"curies":[{"name":"wp","href":"https:\/\/api.w.org\/{rel}","templated":true}]}}